{"id":338356,"date":"2022-06-10T16:55:00","date_gmt":"2022-06-10T23:55:00","guid":{"rendered":"https:\/\/www.santamonica.com\/?page_id=338356"},"modified":"2026-03-19T15:25:36","modified_gmt":"2026-03-19T22:25:36","slug":"premio-al-espiritu","status":"publish","type":"page","link":"https:\/\/www.santamonica.com\/es\/spirit-award\/","title":{"rendered":"Premio Thelma Parks al Esp\u00edritu Tur\u00edstico"},"content":{"rendered":"<section class=\"sun-title sm-block --theme6 --2col sm-block\">\n            <h2 class=\"sun-title__headline\">\u00a1Nomina al ganador del Premio Thelma Parks al Esp\u00edritu Tur\u00edstico de este a\u00f1o!<\/h2>    \n            <div class=\"sun-title__body  --2col wysiwyg\">\n                    <div class=\"column-1\">\n                <h5>Descripci\u00f3n:<\/h5>\n<p>\u00bfAlguien te ha alegrado el d\u00eda? La din\u00e1mica industria tur\u00edstica y hotelera de Santa M\u00f3nica genera m\u00e1s de $1 mil millones al a\u00f1o, gracias a las personas dedicadas que la convierten en un destino de clase mundial. Para honrar el servicio excepcional, Santa Monica Travel &amp; Tourism (SMTT) cre\u00f3 el <strong data-start=\"273\" data-end=\"310\">Premio Thelma Parks al Esp\u00edritu Tur\u00edstico<\/strong>, que lleva el nombre de una querida empleada de SMTT que trabaj\u00f3 durante 23 a\u00f1os y que fue un ejemplo de dedicaci\u00f3n y hospitalidad antes de su fallecimiento en 2011.<\/p>\n<p class=\"\" data-start=\"430\" data-end=\"752\">Este premio anual, que se entrega cada mes de mayo en la Cumbre de Viajes y Turismo de Santa M\u00f3nica en colaboraci\u00f3n con la C\u00e1mara de Comercio de Santa M\u00f3nica, reconoce a aquellos que van m\u00e1s all\u00e1 en la industria. Las nominaciones est\u00e1n abiertas a empresas, residentes y visitantes, y los ganadores son seleccionados por un panel de compa\u00f1eros y l\u00edderes de la industria.<\/p>\n<h5 data-start=\"430\" data-end=\"752\">Fecha l\u00edmite para presentar candidaturas:<\/h5>\n<p data-start=\"430\" data-end=\"752\">1 de junio de 2026<\/p>\n                                <a href=\"https:\/\/www.santamonica.com\/es\/soy-santa-monica\/formulario-de-nominacion-al-premio-spirit\/\" class=\"sun-title__cta-col1 button --primary-teal-button\" >Nomina aqu\u00ed<\/a>                            <\/div>\n            <div class=\"column-2\">\n                <h5>Reglas de nominaci\u00f3n:<\/h5>\n<ul>\n<li>La empresa debe estar al d\u00eda con sus obligaciones con la ciudad de Santa M\u00f3nica y SMTT.<\/li>\n<li>Tenga todos los permisos y licencias requeridos por la ley.<\/li>\n<li>Todas las participaciones enviadas pasan a ser propiedad de SMTT, y al enviar una participaci\u00f3n, usted concede irrevocablemente a SMTT el derecho a editar, reproducir, publicar, difundir y mostrar el ensayo y cualquier material relacionado que haya enviado. Al enviar una participaci\u00f3n, usted declara adem\u00e1s que dicha participaci\u00f3n no infringe ning\u00fan derecho de autor, derecho de publicidad o derecho de privacidad, y se compromete a defender e indemnizar a SMTT por cualquier reclamaci\u00f3n que se presente en su contra.<\/li>\n<li>Los candidatos deben ser graduados del taller \u00abI Am Santa Monica\u00bb.<\/li>\n<li>Todos los finalistas\/ganadores seleccionados dispondr\u00e1n de asientos para asistir a la Cumbre de Turismo y Viajes de Santa M\u00f3nica, que se celebra cada mes de mayo, y deber\u00e1n aceptar que se utilicen su nombre e imagen en promociones.<\/li>\n<li>Se entregar\u00e1 el Premio Thelma Parks al Esp\u00edritu Tur\u00edstico a un (1) ganador, cuyo nombre se dar\u00e1 a conocer en la Cumbre de Viajes y Turismo que se celebra cada mes de mayo.<\/li>\n<li>Las nominaciones deben enviarse utilizando el siguiente formulario.<\/li>\n<\/ul>\n                            <\/div>\n            <\/div>\n    <\/section>\n\n\n\n<div class=\"wp-block-columns is-layout-flex wp-container-core-columns-is-layout-28f84493 wp-block-columns-is-layout-flex base-block\">\n<div class=\"wp-block-column is-layout-flow wp-block-column-is-layout-flow base-block\">\n<h2 class=\"wp-block-heading base-block\">Entre los ganadores anteriores se encuentran:<\/h2>\n\n\n\n<ul class=\"wp-block-list base-block\">\n<li class=\"base-block\">El chef Vittorio Lucariello, chef ejecutivo de Shutters on the Beach<\/li>\n\n\n\n<li class=\"base-block\">Ram\u00f3n Jim\u00e9nez-Bravo, supervisor de recepci\u00f3n del Shore Hotel<\/li>\n\n\n\n<li class=\"base-block\">Modesta Melchor, Hotel y Bungalows Fairmont Miramar<\/li>\n\n\n\n<li class=\"base-block\">Darius Smiley, Hyatt Centric Delfina Santa M\u00f3nica<\/li>\n\n\n\n<li class=\"base-block\">Manju Raman, playa de Huntley Santa M\u00f3nica<\/li>\n\n\n\n<li class=\"base-block\">Barbara Moss, Hotel Fairmont Miramar &amp; Bungalows<\/li>\n\n\n\n<li class=\"base-block\">Kat Wells, Circuito Santa M\u00f3nica<\/li>\n\n\n\n<li class=\"base-block\">Melanie Lawson, Hilton Santa Monica Hotel &amp; Suites<\/li>\n\n\n\n<li class=\"base-block\">Derek Davis, embajador del centro de Santa M\u00f3nica<\/li>\n\n\n\n<li class=\"base-block\">Jessica Mahone, gerente de recepci\u00f3n en Sandbourne Santa M\u00f3nica<\/li>\n\n\n\n<li class=\"base-block\">Mickey Barnes, mesero en The Lobster<\/li>\n\n\n\n<li class=\"base-block\">Elizabeth Wilsonhoyles, directora de Servicios al Hu\u00e9sped en Huntley Santa Monica Beach<\/li>\n<\/ul>\n<\/div>\n<\/div>\n\n\n\n<section class=\"image-section-break sm-block\">\n    <div class=\"image-section-break__image-wrapper\">\n                    <picture>\n                    <source\n                        media=\"(min-width: 768px)\"\n                        srcset=\"https:\/\/www.santamonica.com\/wp-content\/uploads\/2022\/07\/Santa-Monica-The-Bungalow-Employee-1656x574-1.png\"\n                    >\n                    <img decoding=\"async\" src=\"https:\/\/www.santamonica.com\/wp-content\/uploads\/2022\/07\/Santa-Monica-The-Bungalow-Employee-650x866-1.png\" class=\"image-section-break__image\" alt=\"Empleado detr\u00e1s de la barra en The Bungalow, en Santa M\u00f3nica.\" title=\"\">\n            <\/picture>\n                \n\n            <div class=\"img-lctn-tag --no-link image-section-break__image-caption --right\">El Bungalow<\/div>\n        <\/div>\n    <div class=\"image-section-break__text-content\">\n        <div class=\"image-section-break__first-content --theme3\">\n                                        <h2 class=\"image-section-break__title\">\u00bfAlguien te ha alegrado el d\u00eda?<\/h2>\n                                        <div class=\"image-section-break__body-copy wysiwyg\"><p>Santa M\u00f3nica es un lugar vibrante y atractivo para vivir y trabajar. Gran parte de su \u00e9xito se debe a las personas que est\u00e1n detr\u00e1s de los mil millones de d\u00f3lares que se generan anualmente gracias a los ingresos y los impuestos del turismo y la hosteler\u00eda.<\/p>\n<p>Santa Monica Travel &amp; Tourism (SMTT) tuvo la suerte de contar con una empleada excepcional durante 23 a\u00f1os, Thelma Parks, quien falleci\u00f3 en enero de 2011. En su honor, creamos el \u201cPremio Thelma Parks al Esp\u00edritu Tur\u00edstico\u201d para reconocer el servicio sobresaliente en la industria.<\/p>\n<\/div>\n                                <\/div>\n        <div class=\"image-section-break__second-content\">\n                            <div class=\"image-section-break__body-copy wysiwyg\"><p>El premio desempe\u00f1a un papel fundamental a la hora de fomentar y recompensar la excelencia, la innovaci\u00f3n y el compromiso en el sector tur\u00edstico y hotelero. Las empresas, residencias y visitantes pueden nominar a otros, que ser\u00e1n evaluados y seleccionados por un comit\u00e9 formado por profesionales del sector, expertos y l\u00edderes.<\/p>\n<p>Los ganadores ser\u00e1n seleccionados y homenajeados anualmente, en colaboraci\u00f3n con la C\u00e1mara de Comercio de Santa M\u00f3nica. El Premio Thelma Parks al Esp\u00edritu Tur\u00edstico se entrega cada mes de mayo durante la Cumbre Anual de Viajes y Turismo de Santa M\u00f3nica.<\/p>\n<\/div>\n                                <\/div>\n    <\/div>\n<\/section>\n\n\n\n<section class=\"image-section-break sm-block\">\n    <div class=\"image-section-break__image-wrapper\">\n                    <picture>\n                    <source\n                        media=\"(min-width: 768px)\"\n                        srcset=\"https:\/\/www.santamonica.com\/wp-content\/uploads\/2022\/07\/Santa-Monica-Pier-Aerial-1656x574-1.png\"\n                    >\n                    <img decoding=\"async\" src=\"https:\/\/www.santamonica.com\/wp-content\/uploads\/2022\/07\/Santa-Monica-Pier-Aerial-650x866-1.png\" class=\"image-section-break__image\" alt=\"Vista a\u00e9rea del muelle de Santa M\u00f3nica y Pacific Park.\" title=\"\">\n            <\/picture>\n                \n\n            <div class=\"img-lctn-tag --no-link image-section-break__image-caption --right\">Muelle de Santa M\u00f3nica<\/div>\n        <\/div>\n    <div class=\"image-section-break__text-content\">\n        <div class=\"image-section-break__first-content --theme3\">\n                                        <h2 class=\"image-section-break__title\">C\u00f3mo participar: <\/h2>\n                                        <div class=\"image-section-break__body-copy wysiwyg\"><h4><span style=\"font-weight: 400;\">REGLAS PARA LAS NOMINACIONES:<\/span><\/h4>\n<ul>\n<li style=\"font-weight: 400;\" aria-level=\"1\"><span style=\"font-weight: 400;\">La empresa debe estar al d\u00eda con sus obligaciones con la ciudad de Santa M\u00f3nica y SMTT.<\/span><\/li>\n<li style=\"font-weight: 400;\" aria-level=\"1\"><span style=\"font-weight: 400;\">Tenga todos los permisos y licencias requeridos por la ley.<\/span><\/li>\n<li style=\"font-weight: 400;\" aria-level=\"1\"><span style=\"font-weight: 400;\">Todas las participaciones enviadas pasan a ser propiedad de SMTT, y al enviar una participaci\u00f3n, usted concede irrevocablemente a SMTT el derecho a editar, reproducir, publicar, difundir y mostrar el ensayo y cualquier material relacionado que haya enviado. Al enviar una participaci\u00f3n, usted declara adem\u00e1s que dicha participaci\u00f3n no infringe ning\u00fan derecho de autor, derecho de publicidad o derecho de privacidad, y se compromete a defender e indemnizar a SMTT por cualquier reclamaci\u00f3n que se presente en su contra.<\/span><\/li>\n<\/ul>\n<\/div>\n                                <\/div>\n        <div class=\"image-section-break__second-content\">\n                            <div class=\"image-section-break__body-copy wysiwyg\"><ul>\n<li style=\"font-weight: 400;\" aria-level=\"1\"><span style=\"font-weight: 400;\">Los candidatos deben ser graduados de la <\/span><a href=\"https:\/\/www.santamonica.com\/es\/soy-santa-monica\/\"><span style=\"font-weight: 400;\"><strong>Soy Santa M\u00f3nica<\/strong><\/span><\/a>\u00a0<span style=\"font-weight: 400;\">taller.<\/span><\/li>\n<li style=\"font-weight: 400;\" aria-level=\"1\"><span style=\"font-weight: 400;\">Todos los finalistas\/ganadores seleccionados dispondr\u00e1n de asientos para asistir a la Cumbre de Turismo y Viajes de Santa M\u00f3nica, que se celebra cada mes de mayo, y deber\u00e1n aceptar que se utilicen su nombre e imagen en promociones.<\/span><\/li>\n<li style=\"font-weight: 400;\" aria-level=\"1\"><span style=\"font-weight: 400;\">Se entregar\u00e1 el Premio Thelma Parks al Esp\u00edritu Tur\u00edstico a un (1) ganador, cuyo nombre se dar\u00e1 a conocer en la Cumbre de Viajes y Turismo que se celebra cada mes de mayo.<\/span><\/li>\n<li style=\"font-weight: 400;\" aria-level=\"1\"><span style=\"font-weight: 400;\">Las nominaciones deben enviarse utilizando <strong><a href=\"https:\/\/www.santamonica.com\/es\/soy-santa-monica\/formulario-de-nominacion-al-premio-spirit\/\">este formulario<\/a><\/strong>.<\/span><\/li>\n<\/ul>\n<p><span style=\"font-weight: 400;\">\u00a1Gracias por ayudarnos a homenajear a los empleados que crean experiencias inolvidables para nuestros visitantes en Santa M\u00f3nica! Si tiene alguna pregunta sobre el Premio Thelma Parks al Esp\u00edritu Tur\u00edstico, p\u00f3ngase en contacto con <\/span><a href=\"mailto:clientservices@santamonica.com\"><span style=\"font-weight: 400;\"><strong>clientservices@santamonica.com<\/strong><\/span><\/a><span style=\"font-weight: 400;\"> o llame al 310-319-6263.<\/span><\/p>\n<\/div>\n                                <\/div>\n    <\/div>\n<\/section>","protected":false},"excerpt":{"rendered":"<p>Entre los ganadores anteriores se encuentran:<\/p>","protected":false},"author":1421,"featured_media":348388,"parent":0,"menu_order":0,"comment_status":"closed","ping_status":"closed","template":"template-editorial.php","meta":{"_acf_changed":false,"inline_featured_image":false,"footnotes":""},"silos":[],"class_list":["post-338356","page","type-page","status-publish","has-post-thumbnail","hentry"],"acf":[],"_links":{"self":[{"href":"https:\/\/www.santamonica.com\/es\/wp-json\/wp\/v2\/pages\/338356","targetHints":{"allow":["GET"]}}],"collection":[{"href":"https:\/\/www.santamonica.com\/es\/wp-json\/wp\/v2\/pages"}],"about":[{"href":"https:\/\/www.santamonica.com\/es\/wp-json\/wp\/v2\/types\/page"}],"author":[{"embeddable":true,"href":"https:\/\/www.santamonica.com\/es\/wp-json\/wp\/v2\/users\/1421"}],"replies":[{"embeddable":true,"href":"https:\/\/www.santamonica.com\/es\/wp-json\/wp\/v2\/comments?post=338356"}],"version-history":[{"count":83,"href":"https:\/\/www.santamonica.com\/es\/wp-json\/wp\/v2\/pages\/338356\/revisions"}],"predecessor-version":[{"id":791546,"href":"https:\/\/www.santamonica.com\/es\/wp-json\/wp\/v2\/pages\/338356\/revisions\/791546"}],"wp:featuredmedia":[{"embeddable":true,"href":"https:\/\/www.santamonica.com\/es\/wp-json\/wp\/v2\/media\/348388"}],"wp:attachment":[{"href":"https:\/\/www.santamonica.com\/es\/wp-json\/wp\/v2\/media?parent=338356"}],"wp:term":[{"taxonomy":"silos","embeddable":true,"href":"https:\/\/www.santamonica.com\/es\/wp-json\/wp\/v2\/silos?post=338356"}],"curies":[{"name":"wp","href":"https:\/\/api.w.org\/{rel}","templated":true}]}}