{"id":337201,"date":"2022-06-06T16:02:43","date_gmt":"2022-06-06T23:02:43","guid":{"rendered":"https:\/\/www.santamonica.com\/?page_id=337201"},"modified":"2025-12-09T08:29:27","modified_gmt":"2025-12-09T16:29:27","slug":"por-que-comprar-en-santa-monica","status":"publish","type":"page","link":"https:\/\/www.santamonica.com\/es\/shopping\/why-shop-in-santa-monica\/","title":{"rendered":"\u00bfPor qu\u00e9 comprar en Santa M\u00f3nica?"},"content":{"rendered":"<section class=\"stakeholder-feed sm-block js-stk-root sm-block\">\n    <div class=\"stakeholder-feed__top\">\n        <div class=\"stakeholder-feed__intro\">\n                            <h2 class=\"stakeholder-feed__headline\">Encuentre el regalo perfecto<\/h2>                                        <div class=\"stakeholder-feed__intro-body wysiwyg\">\n                    <p>Comience en el centro de la ciudad en <a href=\"https:\/\/www.santamonica.com\/es\/ir-de-compras\/santa-monica-place\/\">Santa Monica Place<\/a>. Esta lujosa zona comercial alberga tiendas emblem\u00e1ticas de renombre mundial como <a href=\"https:\/\/www.santamonica.com\/es\/ir-de-compras\/louis-vuitton\/\">Louis Vuitton<\/a>, <a href=\"https:\/\/www.santamonica.com\/es\/ir-de-compras\/nike\/\">Nike<\/a> y <a href=\"https:\/\/www.santamonica.com\/es\/ir-de-compras\/tiffany-co\/\">Tiffany &amp; Co.<\/a>. Adem\u00e1s, con el servicio de entrega en el mismo d\u00eda de Santa Monica Place, puedes comprar todo lo que quieras.<em>sin<\/em> preocuparte por c\u00f3mo transportarlo hasta tu hotel.<\/p>\n                <\/div>\n                    <\/div>\n        <div class=\"stakeholder-feed__nav-section\">\n                            <h3 class=\"stakeholder-feed__feed-title\">Ver todas las tiendas<\/h3>                                        <a href=\"https:\/\/www.santamonica.com\/es\/ir-de-compras\/\" class=\"stakeholder-feed__feed-cta button --primary-teal-button\" >Ver todos<\/a>            \n                        <div class=\"stakeholder-feed__pagination xxx--desktop-hide\">\n                <div class=\"swiper-button-prev stakeholder-feed__pagination-prev\"><\/div>\n                <div class=\"swiper-button-next stakeholder-feed__pagination-next\"><\/div>\n            <\/div>\n        <\/div>\n    <\/div>\n    <div class=\"stakeholder-feed__bottom\">\n        <div class=\"stakeholder-feed__feed-list-wrapper swiper js-stk-swiper\">\n            <ul class=\"stakeholder-feed__feed-list swiper-wrapper js-stk-wrapper\">\n                    <li class=\"swiper-slide stakeholder-card --theme3\">\n        <a class=\"stakeholder-card__link\" href=\"https:\/\/www.santamonica.com\/es\/shopping\/herschel-supply\/\">\n            <div class=\"stakeholder-card__image\">\n                <img decoding=\"async\" src=\"https:\/\/assets.simpleviewinc.com\/simpleview\/image\/upload\/crm\/santamonica\/Herschel-Backpack_FA6C947A-E05D-6C4D-35CB049E7FA505B1-fa6c90d8e8c5b2b_fa6c9ed8-bd49-4250-05a4ab9b9bbaf834.png\" alt=\"Suministros Herschel\" title=\"\">\n            <\/div>\n            <div class=\"stakeholder-card__stk-info\">\n                <div class=\"stakeholder-card__stk-name\">Suministros Herschel<\/div>\n                <div class=\"stakeholder-card__stk-cat\">Compras<\/div>\n            <\/div>\n        <\/a>\n    <\/li>\n        <li class=\"swiper-slide stakeholder-card --theme3\">\n        <a class=\"stakeholder-card__link\" href=\"https:\/\/www.santamonica.com\/es\/shopping\/specialized-santa-monica\/\">\n            <div class=\"stakeholder-card__image\">\n                <img decoding=\"async\" src=\"https:\/\/assets.simpleviewinc.com\/simpleview\/image\/upload\/crm\/santamonica\/Specialized-Interior_C5820440-9FE2-0678-075D474DA7D8B56C-c581feb4aa70810_c5820cc6-0894-02ff-9c409eb66ee4245a.png\" alt=\"Santa M\u00f3nica especializada\" title=\"\">\n            <\/div>\n            <div class=\"stakeholder-card__stk-info\">\n                <div class=\"stakeholder-card__stk-name\">Santa M\u00f3nica especializada<\/div>\n                <div class=\"stakeholder-card__stk-cat\">Cosas que hacer<\/div>\n            <\/div>\n        <\/a>\n    <\/li>\n        <li class=\"swiper-slide stakeholder-card --theme3\">\n        <a class=\"stakeholder-card__link\" href=\"https:\/\/www.santamonica.com\/es\/shopping\/banter-by-piercing-pagoda\/\">\n            <div class=\"stakeholder-card__image\">\n                <img decoding=\"async\" src=\"https:\/\/www.santamonica.com\/wp-content\/uploads\/2024\/05\/placeholder_style-400x400.jpg\" alt=\"Bromas de Piercing Pagoda\" title=\"\">\n            <\/div>\n            <div class=\"stakeholder-card__stk-info\">\n                <div class=\"stakeholder-card__stk-name\">Bromas de Piercing Pagoda<\/div>\n                <div class=\"stakeholder-card__stk-cat\">Compras<\/div>\n            <\/div>\n        <\/a>\n    <\/li>\n        <li class=\"swiper-slide stakeholder-card --theme3\">\n        <a class=\"stakeholder-card__link\" href=\"https:\/\/www.santamonica.com\/es\/t3-micro-inc\/\">\n            <div class=\"stakeholder-card__image\">\n                <img decoding=\"async\" src=\"https:\/\/assets.simpleviewinc.com\/simpleview\/image\/upload\/crm\/santamonica\/T3-Micro-Hair-Dryer_ED5483A1-FF3F-7CBB-D552009376E6E5A2-ed54801ee99fd09_ed54918e-0d07-2ee2-6a1b2d5d57dcdf46.png\" alt=\"T3 Micro, S.A.\" title=\"\">\n            <\/div>\n            <div class=\"stakeholder-card__stk-info\">\n                <div class=\"stakeholder-card__stk-name\">T3 Micro, S.A.<\/div>\n                <div class=\"stakeholder-card__stk-cat\">Compras<\/div>\n            <\/div>\n        <\/a>\n    <\/li>\n                <\/ul>\n        <\/div>\n    <\/div>\n<\/section>\n\n\n\n<div class=\"wp-block-columns is-layout-flex wp-container-core-columns-is-layout-28f84493 wp-block-columns-is-layout-flex base-block\">\n<div class=\"wp-block-column is-layout-flow wp-block-column-is-layout-flow base-block\">\n<h4 class=\"wp-block-heading base-block\">Estilos \u00fanicos<\/h4>\n\n\n\n<p class=\"base-block\">Encuentra regalos geniales y vestidos bonitos en la <a href=\"https:\/\/www.santamonica.com\/es\/ir-de-compras\/tienda-de-juguetes\/\">Tienda Brat<\/a>, adem\u00e1s de ropa y accesorios con un toque internacional en <a href=\"https:\/\/www.santamonica.com\/es\/ir-de-compras\/boutique-de-katmandu\/\">Boutique Katmand\u00fa<\/a>.<\/p>\n<\/div>\n\n\n\n<div class=\"wp-block-column is-layout-flow wp-block-column-is-layout-flow base-block\">\n<h4 class=\"wp-block-heading base-block\">Productos ecol\u00f3gicos<\/h4>\n\n\n\n<p class=\"base-block\">Al sur de Pico Boulevard, cerca de la playa, Main Street alberga varias tiendas independientes y ecol\u00f3gicas, posiblemente inspiradas en la cultura al aire libre de Santa M\u00f3nica.<\/p>\n<\/div>\n\n\n\n<div class=\"wp-block-column is-layout-flow wp-block-column-is-layout-flow base-block\">\n<h4 class=\"wp-block-heading base-block\">Medios vintage<\/h4>\n\n\n\n<p class=\"base-block\">\u00bfTe encantan los medios vintage? Los amantes de los libros y los fan\u00e1ticos del vinilo no deben perderse <a href=\"https:\/\/www.santamonica.com\/es\/ir-de-compras\/libros-de-la-ciudad-de-los-angeles\/\">Libros de Angel City<\/a> para una selecci\u00f3n ecl\u00e9ctica y curada de discos de vinilo y libros usados.<\/p>\n<\/div>\n<\/div>\n\n\n\n<section class=\"image-section-break sm-block\">\n    <div class=\"image-section-break__image-wrapper\">\n                    <picture>\n                    <source\n                        media=\"(min-width: 768px)\"\n                        srcset=\"https:\/\/www.santamonica.com\/wp-content\/uploads\/2022\/07\/Promenade1656x574.jpg\"\n                    >\n                    <img decoding=\"async\" src=\"https:\/\/www.santamonica.com\/wp-content\/uploads\/2022\/07\/Promenade650x866.jpg\" class=\"image-section-break__image\" alt=\"Gente paseando por el paseo mar\u00edtimo durante el d\u00eda; Paseo mar\u00edtimo de la Tercera Calle.\" title=\"\">\n            <\/picture>\n                \n\n    <\/div>\n    <div class=\"image-section-break__text-content\">\n        <div class=\"image-section-break__first-content --theme3\">\n                            <div class=\"image-section-break__eyebrow-text\">Lugares famosos para ir de compras<\/div>\n                                        <h2 class=\"image-section-break__title\">Tiendas conocidas<\/h2>\n                                        <div class=\"image-section-break__body-copy wysiwyg\"><p>A solo una cuadra al norte de Santa Monica Place, en el coraz\u00f3n del centro de Santa M\u00f3nica, se encuentra <a href=\"https:\/\/www.santamonica.com\/es\/vivir-santa-monica\/barrios\/centro-de-santa-monica-paseo-maritimo-de-la-calle-3\/\">Paseo de la calle Tercera<\/a>\u00a0que va desde Wilshire hasta Broadway. Se cerr\u00f3 al tr\u00e1fico en 1965, creando un para\u00edso comercial para los peatones. Aunque en su mayor parte est\u00e1 repleta de tiendas de ropa m\u00e1s convencionales, como <a href=\"https:\/\/www.santamonica.com\/es\/ir-de-compras\/gap-babygap-gapkids\/\">Brecha<\/a>, <a href=\"https:\/\/www.santamonica.com\/es\/ir-de-compras\/antropologia\/\">Antropolog\u00eda<\/a>, <a href=\"https:\/\/www.santamonica.com\/es\/ir-de-compras\/zapatos-adidas\/\">Adidas<\/a> y <a href=\"https:\/\/www.santamonica.com\/es\/ir-de-compras\/sephora\/\">Sephora<\/a>, conserva un ambiente claramente sure\u00f1o californiano.<\/p>\n<\/div>\n                                <\/div>\n        <div class=\"image-section-break__second-content\">\n                            <div class=\"image-section-break__body-copy wysiwyg\"><p>Mientras te relajas en un banco rodeado de palmeras y hermosas flores, puedes disfrutar del talento de varios artistas callejeros que se re\u00fanen en este tramo de tres cuadras. Si te desv\u00edas del paseo mar\u00edtimo hacia la Segunda o la Cuarta Calle, encontrar\u00e1s tiendas m\u00e1s peque\u00f1as y independientes en Santa M\u00f3nica donde podr\u00e1s comprar regalos \u00fanicos.<\/p>\n<p>Visita el <a href=\"https:\/\/www.santamonica.com\/es\/ir-de-compras\/furgonetas\/\">Furgonetas<\/a> tienda frente a Santa Monica Place, uno de los primeros puntos de venta de la empresa, para ver las \u00faltimas ediciones de los emblem\u00e1ticos zapatos n\u00e1uticos de la marca, que se hicieron populares entre los skaters del sur de California a finales de la d\u00e9cada de 1960.<\/p>\n<\/div>\n                                <\/div>\n    <\/div>\n<\/section>\n\n\n\n<section class=\"two-images container-max sm-block  sm-block\">\n    <div class=\"two-images__container\">\n\n        <div class=\"two-images__column\">\n            <div class=\"two-images__content\">\n                <div class=\"two-images__content-header-container\">\n                                            <h2 class=\"two-images__content-header\">Solo en Santa M\u00f3nica<\/h2>                                    <\/div>\n                                    <div class=\"two-images__content-body wysiwyg\">\n                        <p>Desde Lincoln hasta la calle 17, Montana Avenue est\u00e1 repleta de tiendas de lujo y boutiques de ropa femenina de Santa M\u00f3nica, con marcas que normalmente solo se encuentran en tiendas m\u00e1s grandes.<\/p>\n<p>Etiquetas como <a href=\"https:\/\/www.santamonica.com\/es\/ir-de-compras\/esplendido\/\">Espl\u00e9ndido<\/a>, <a href=\"https:\/\/www.santamonica.com\/es\/ir-de-compras\/jill-roberts\/\">Jill Roberts<\/a> y <a href=\"https:\/\/www.santamonica.com\/es\/ir-de-compras\/margaret-oleary\/\">Margaret O\u2019Leary<\/a> tienen sus propios espacios dedicados aqu\u00ed, que ofrecen selecciones m\u00e1s amplias y variadas.<\/p>\n<p>Aseg\u00farate de dejar tiempo para visitar tiendas t\u00edpicas de California, como <a href=\"https:\/\/www.santamonica.com\/es\/ir-de-compras\/diseno-de-joyeria-con-acentos\/\">Dise\u00f1o de joyer\u00eda con acentos<\/a>, una boutique de accesorios dedicada a los dise\u00f1adores locales.<\/p>\n                    <\/div>\n                                            <\/div>\n        <\/div>\n\n        <div class=\"two-images__column\">\n                            <div class=\"two-images__image-container\">\n                    <img decoding=\"async\" width=\"425\" height=\"505\" src=\"https:\/\/www.santamonica.com\/wp-content\/uploads\/2022\/06\/only-in-santa-monica-shopping.jpg\" class=\"two-images__image\" alt=\"solo en las tiendas de Santa M\u00f3nica\" loading=\"lazy\" srcset=\"https:\/\/www.santamonica.com\/wp-content\/uploads\/2022\/06\/only-in-santa-monica-shopping.jpg 425w, https:\/\/www.santamonica.com\/wp-content\/uploads\/2022\/06\/only-in-santa-monica-shopping-252x300.jpg 252w, https:\/\/www.santamonica.com\/wp-content\/uploads\/2022\/06\/only-in-santa-monica-shopping-126x150.jpg 126w\" sizes=\"auto, (max-width: 425px) 100vw, 425px\" title=\"\">                    \n\n            <div class=\"img-lctn-tag --no-link two-images__image-caption --right\">Dise\u00f1o de joyer\u00eda con acentos<\/div>\n                    <\/div>\n                    <\/div>\n\n        <div class=\"two-images__column\">\n                            <div class=\"two-images__image-container\">\n                    <img decoding=\"async\" width=\"600\" height=\"464\" src=\"https:\/\/www.santamonica.com\/wp-content\/uploads\/2022\/07\/Shop600x464.jpg\" class=\"two-images__image\" alt=\"Cajero sonriendo y entregando la bolsa al cliente; sombreros colocados en la pared detr\u00e1s.\" loading=\"lazy\" srcset=\"https:\/\/www.santamonica.com\/wp-content\/uploads\/2022\/07\/Shop600x464.jpg 600w, https:\/\/www.santamonica.com\/wp-content\/uploads\/2022\/07\/Shop600x464-300x232.jpg 300w, https:\/\/www.santamonica.com\/wp-content\/uploads\/2022\/07\/Shop600x464-194x150.jpg 194w\" sizes=\"auto, (max-width: 600px) 100vw, 600px\" title=\"\">                    \n\n            <div class=\"img-lctn-tag --no-link two-images__image-caption --right\">Textura: Una tienda de su\u00e9teres<\/div>\n                    <\/div>\n                    <\/div>\n\n    <\/div>\n<\/section>\n\n\n<section class=\"blog-feed --theme8 sm-block\">\n    <div class=\"blog-feed__content\">\n        <div class=\"blog-feed__intro\">\n                            <div class=\"blog-feed__eyebrow eyebrow\">Blogs<\/div>                                        <h2 class=\"blog-feed__headline\">Compra, no tires <\/h2>                                        <div class=\"blog-feed__body\"><p>Con una amplia red de transporte p\u00fablico y numerosas ciclov\u00edas exclusivas, es incre\u00edblemente f\u00e1cil moverse por Santa M\u00f3nica y hacer compras.<\/p>\n<\/div>\n                                        <a class=\"blog-feed__cta\" href=\"https:\/\/www.santamonica.com\/es\/entradas-de-blog\/\">Ver todos los blogs<\/a>\n                    <\/div>\n\n        <ul class=\"blog-feed__list\">\n                                                <li class=\"blog-feed__item\">\n                        <a href=\"https:\/\/www.santamonica.com\/es\/trip-planner\/santa-monica-travel-hacks\/\" class=\"blog-feed__item-link\">\n                            <div class=\"blog-feed__image-ratio\">\n                                <img decoding=\"async\" class=\"blog-feed__image\" src=\"https:\/\/www.santamonica.com\/wp-content\/uploads\/2021\/05\/Santa-Monica-Travel-Hacks-Featured-400x400.jpg\" alt=\"Consejos de viaje para unas vacaciones incre\u00edbles en Santa M\u00f3nica\" title=\"\">\n                            <\/div>\n                            <div class=\"blog-feed__card-title\">Consejos de viaje para unas vacaciones incre\u00edbles en Santa M\u00f3nica<\/div>\n                        <\/a>\n                    <\/li>\n                                                                <li class=\"blog-feed__item\">\n                        <a href=\"https:\/\/www.santamonica.com\/es\/shopping\/santa-monica-shopping-splurge-save\/\" class=\"blog-feed__item-link\">\n                            <div class=\"blog-feed__image-ratio\">\n                                <img decoding=\"async\" class=\"blog-feed__image\" src=\"https:\/\/www.santamonica.com\/wp-content\/uploads\/2019\/10\/shopping-400x400.jpg\" alt=\"Compras en Santa M\u00f3nica: derrochar o ahorrar\" title=\"\">\n                            <\/div>\n                            <div class=\"blog-feed__card-title\">Compras en Santa M\u00f3nica: derrochar o ahorrar<\/div>\n                        <\/a>\n                    <\/li>\n                                    <\/ul>\n    <\/div>\n<\/section>\n\n\n\n<p class=\"base-block\"><\/p>","protected":false},"excerpt":{"rendered":"<p>Unique Styles Find cool gifts and cute dresses at the Brat Store, plus clothing and accessories with an international flair at Kathmandu Boutique. Green Products South of Pico Boulevard near the beach, Main Street is home to several indie, eco-friendly stores\u2013possibly inspired by Santa Monica\u2019s outdoor culture. Vintage Media Love vintage media? Bookworms and vinyl nerds should hit up Angel City Books for a curated and eclectic selection of vinyl records and used books.<\/p>","protected":false},"author":1450,"featured_media":337218,"parent":0,"menu_order":0,"comment_status":"closed","ping_status":"closed","template":"template-editorial.php","meta":{"_acf_changed":false,"inline_featured_image":false,"footnotes":""},"silos":[3898],"class_list":["post-337201","page","type-page","status-publish","has-post-thumbnail","hentry"],"acf":[],"_links":{"self":[{"href":"https:\/\/www.santamonica.com\/es\/wp-json\/wp\/v2\/pages\/337201","targetHints":{"allow":["GET"]}}],"collection":[{"href":"https:\/\/www.santamonica.com\/es\/wp-json\/wp\/v2\/pages"}],"about":[{"href":"https:\/\/www.santamonica.com\/es\/wp-json\/wp\/v2\/types\/page"}],"author":[{"embeddable":true,"href":"https:\/\/www.santamonica.com\/es\/wp-json\/wp\/v2\/users\/1450"}],"replies":[{"embeddable":true,"href":"https:\/\/www.santamonica.com\/es\/wp-json\/wp\/v2\/comments?post=337201"}],"version-history":[{"count":48,"href":"https:\/\/www.santamonica.com\/es\/wp-json\/wp\/v2\/pages\/337201\/revisions"}],"predecessor-version":[{"id":778660,"href":"https:\/\/www.santamonica.com\/es\/wp-json\/wp\/v2\/pages\/337201\/revisions\/778660"}],"wp:featuredmedia":[{"embeddable":true,"href":"https:\/\/www.santamonica.com\/es\/wp-json\/wp\/v2\/media\/337218"}],"wp:attachment":[{"href":"https:\/\/www.santamonica.com\/es\/wp-json\/wp\/v2\/media?parent=337201"}],"wp:term":[{"taxonomy":"silos","embeddable":true,"href":"https:\/\/www.santamonica.com\/es\/wp-json\/wp\/v2\/silos?post=337201"}],"curies":[{"name":"wp","href":"https:\/\/api.w.org\/{rel}","templated":true}]}}