{"id":336491,"date":"2022-05-27T16:36:34","date_gmt":"2022-05-27T23:36:34","guid":{"rendered":"https:\/\/www.santamonica.com\/?page_id=336491"},"modified":"2025-11-10T07:54:43","modified_gmt":"2025-11-10T15:54:43","slug":"mejor-epoca-para-visitar","status":"publish","type":"page","link":"https:\/\/www.santamonica.com\/es\/experience-santa-monica\/best-time-to-visit\/","title":{"rendered":"Mejor \u00e9poca para visitar"},"content":{"rendered":"<section class=\"sun-title sm-block --theme6 sm-block\">\n            <h2 class=\"sun-title__headline\">Visite Santa M\u00f3nica en verano<\/h2>    \n            <div class=\"sun-title__body  wysiwyg\">\n                    <p>Santa M\u00f3nica en verano es la mejor \u00e9poca para ir a la playa: sol ardiente, eventos calurosos y, por desgracia, precios elevados. Las ofertas (como la lluvia) son escasas en esta \u00e9poca del a\u00f1o, pero no deje que eso le impida perderse actividades emblem\u00e1ticas de la temporada. Aqu\u00ed tienes un desglose de los eventos mes a mes para ayudarte a planificar.<\/p>\n<p>En <strong>Junio<\/strong>, saludamos al Orgullo de Los \u00c1ngeles y al comienzo de las vacaciones de verano. El tiempo es soleado con una media de 66\u00b0 de m\u00e1xima y 59\u00b0 de m\u00ednima.<\/p>\n<p>En <strong>Julio<\/strong>, Santa M\u00f3nica celebra el D\u00eda de la Independencia al m\u00e1s puro estilo californiano. El tiempo es soleado, con una media de 69\u00b0 de m\u00e1xima y 62\u00b0 de m\u00ednima.<\/p>\n<p>En <strong>Agosto<\/strong>, Tanto los habitantes como los turistas siguen tomando el sol al final de las vacaciones de verano. El tiempo es soleado, con una media de 70\u00b0 de m\u00e1xima y 63\u00b0 de m\u00ednima.<\/p>\n                        <\/div>\n    <\/section>\n\n\n\n<section class=\"two-images container-max sm-block  sm-block\">\n    <div class=\"two-images__container\">\n\n        <div class=\"two-images__column\">\n            <div class=\"two-images__content\">\n                <div class=\"two-images__content-header-container\">\n                                            <h2 class=\"two-images__content-header\">Oto\u00f1o en Santa M\u00f3nica<\/h2>                                    <\/div>\n                                    <div class=\"two-images__content-body wysiwyg\">\n                        <p>El oto\u00f1o es la \u00e9poca perfecta para visitar Santa M\u00f3nica: el tiempo (y los precios) refrescan y abundan las ofertas.<\/p>\n<p>En <strong>Septiembre<\/strong>, el p\u00fablico estival vuelve a casa. El tiempo es soleado, con una media de 71\u00b0 de m\u00e1xima y 63\u00b0 de m\u00ednima.<\/p>\n<p>En <strong>Octubre<\/strong>, El Festival Abbot Kinney atrae a una multitud. El tiempo es soleado, con una media de 70\u00b0 de m\u00e1xima y 59\u00b0 de m\u00ednima.<\/p>\n<p>En <strong>Noviembre<\/strong>, Los visitantes de todo el mundo acuden en masa al American Film Market. El tiempo es soleado, con una media de 67\u00b0 de m\u00e1xima y 54\u00b0 de m\u00ednima.<\/p>\n                    <\/div>\n                                            <\/div>\n        <\/div>\n\n        <div class=\"two-images__column\">\n                            <div class=\"two-images__image-container\">\n                    <img decoding=\"async\" width=\"425\" height=\"505\" src=\"https:\/\/www.santamonica.com\/wp-content\/uploads\/2022\/05\/santa-monica-weather.jpg\" class=\"two-images__image\" alt=\"el tiempo en santa m\u00f3nica\" loading=\"lazy\" srcset=\"https:\/\/www.santamonica.com\/wp-content\/uploads\/2022\/05\/santa-monica-weather.jpg 425w, https:\/\/www.santamonica.com\/wp-content\/uploads\/2022\/05\/santa-monica-weather-252x300.jpg 252w, https:\/\/www.santamonica.com\/wp-content\/uploads\/2022\/05\/santa-monica-weather-126x150.jpg 126w\" sizes=\"auto, (max-width: 425px) 100vw, 425px\" title=\"\">                    \n\n                <\/div>\n                    <\/div>\n\n        <div class=\"two-images__column\">\n                            <div class=\"two-images__image-container\">\n                    <img decoding=\"async\" width=\"600\" height=\"565\" src=\"https:\/\/www.santamonica.com\/wp-content\/uploads\/2022\/05\/when-visit-santa-monica.jpg\" class=\"two-images__image\" alt=\"cu\u00e1ndo visitar santa monica\" loading=\"lazy\" srcset=\"https:\/\/www.santamonica.com\/wp-content\/uploads\/2022\/05\/when-visit-santa-monica.jpg 600w, https:\/\/www.santamonica.com\/wp-content\/uploads\/2022\/05\/when-visit-santa-monica-300x283.jpg 300w, https:\/\/www.santamonica.com\/wp-content\/uploads\/2022\/05\/when-visit-santa-monica-159x150.jpg 159w\" sizes=\"auto, (max-width: 600px) 100vw, 600px\" title=\"\">                    \n\n            <div class=\"img-lctn-tag --no-link two-images__image-caption --right\">Parque Palisades<\/div>\n                    <\/div>\n                    <\/div>\n\n    <\/div>\n<\/section>\n\n\n<section class=\"image-slider --theme1 sm-block\" >\n    <div class=\"image-slider__wrapper\">\n                    <div class=\"image-slider__copy wysiwyg\"><h2>Invierno en Santa M\u00f3nica<\/h2>\n<p>El invierno es la \u00e9poca del a\u00f1o m\u00e1s asequible para visitar Santa M\u00f3nica, con multitud de ofertas y eventos interesantes.<\/p>\n<p>En <strong>Diciembre<\/strong>, El fin de semana de Navidad y A\u00f1o Nuevo. El tiempo es parcialmente soleado, con una media de 65\u00b0 de m\u00e1xima y 51\u00b0 de m\u00ednima.<\/p>\n<p>En <strong>Enero<\/strong>, La semana de los restaurantes de Santa Monica y Dine LA. El tiempo es parcialmente soleado, con una media de 64\u00b0 de m\u00e1xima y 50\u00b0 de m\u00ednima.<\/p>\n<p>En <strong>Febrero<\/strong>, es la hora de los Oscar. El tiempo es parcialmente soleado, con una media de 63\u00b0 de m\u00e1xima y 51\u00b0 de m\u00ednima.<\/p>\n<\/div>\n                <div class=\"image-slider__slider right\">\n                            <!-- Slider main container -->\n                <div class=\"swiper\">\n                    <!-- Additional required wrapper -->\n                    <div class=\"swiper-wrapper\">\n                        <!-- Slides -->\n                                                    <div class=\"swiper-slide\">\n                                <img decoding=\"async\" width=\"1024\" height=\"576\" src=\"https:\/\/www.santamonica.com\/wp-content\/uploads\/2022\/05\/winter-santa-monica.jpg\" class=\"swiper-slide__image\" alt=\"invierno santa m\u00f3nica\" loading=\"lazy\" srcset=\"https:\/\/www.santamonica.com\/wp-content\/uploads\/2022\/05\/winter-santa-monica.jpg 1024w, https:\/\/www.santamonica.com\/wp-content\/uploads\/2022\/05\/winter-santa-monica-300x169.jpg 300w, https:\/\/www.santamonica.com\/wp-content\/uploads\/2022\/05\/winter-santa-monica-267x150.jpg 267w, https:\/\/www.santamonica.com\/wp-content\/uploads\/2022\/05\/winter-santa-monica-768x432.jpg 768w\" sizes=\"auto, (max-width: 1024px) 100vw, 1024px\" title=\"\">                                \n\n            <a href=\"https:\/\/www.santamonica.com\/es\/cosas-que-hacer\/parque-palisades\/\"  class=\"img-lctn-tag --right\">\n            <div class=\"img-lctn-tag-inside-link image-slider__image-caption right\">Parque Palisades<\/div>\n        <\/a>\n                                <\/div>\n                                            <\/div>\n                                    <\/div>\n                    <\/div>\n    <\/div>\n<\/section>\n\n\n\n<div class=\"wp-block-columns is-layout-flex wp-container-core-columns-is-layout-28f84493 wp-block-columns-is-layout-flex base-block\">\n<div class=\"wp-block-column is-layout-flow wp-block-column-is-layout-flow base-block\">\n<h4 class=\"wp-block-heading base-block\">Marzo<\/h4>\n\n\n\n<p class=\"base-block\">Cuando la primavera -bueno, las primaveras- empieza a subir de precio, igual que el tiempo: parcialmente soleado con una media de 62\u00b0 de m\u00e1xima y 52\u00b0 de m\u00ednima. Los amantes de las vacaciones de primavera se dirigen a las preciosas playas de Santa M\u00f3nica, y los aficionados al footing se lanzan a la carrera para participar en el marat\u00f3n anual de Los \u00c1ngeles.<\/p>\n<\/div>\n\n\n\n<div class=\"wp-block-column is-layout-flow wp-block-column-is-layout-flow base-block\">\n<h4 class=\"wp-block-heading base-block\">Abril<\/h4>\n\n\n\n<p class=\"base-block\">La fiesta no acaba aqu\u00ed: los viajeros de vacaciones de primavera siguen disfrutando de las suaves temperaturas de Santa M\u00f3nica durante el mes de abril. Los precios, afortunadamente, bajan, aunque s\u00f3lo por un tiempo. El tiempo es soleado, con una media de 63\u00b0 de m\u00e1xima y 54\u00b0 de m\u00ednima.<\/p>\n<\/div>\n\n\n\n<div class=\"wp-block-column is-layout-flow wp-block-column-is-layout-flow base-block\">\n<h4 class=\"wp-block-heading base-block\">Mayo<\/h4>\n\n\n\n<p class=\"base-block\">En mayo, los habitantes de Santa M\u00f3nica se preparan para el verano, y los visitantes tambi\u00e9n. Ahora es el momento perfecto para visitarla y disfrutar de temperaturas perfectas a precios perfectos. Atenci\u00f3n: las ofertas son dif\u00edciles de encontrar. El tiempo es soleado, con una media de 64\u00b0 de m\u00e1xima y 56\u00b0 de m\u00ednima.<\/p>\n<\/div>\n<\/div>\n\n\n<section class=\"stakeholder-feed sm-block js-stk-root sm-block\">\n    <div class=\"stakeholder-feed__top\">\n        <div class=\"stakeholder-feed__intro\">\n                            <h2 class=\"stakeholder-feed__headline\">Reserve su hotel <\/h2>                                        <div class=\"stakeholder-feed__intro-body wysiwyg\">\n                    <p>Invierno, primavera, verano u oto\u00f1o, siempre es un buen momento para visitar Santa M\u00f3nica. \u00bfPor qu\u00e9? Porque siempre hay algo incre\u00edble que hacer aqu\u00ed. Reserve alojamiento hoy mismo y encuentre la estancia perfecta para su viaje.<\/p>\n                <\/div>\n                    <\/div>\n        <div class=\"stakeholder-feed__nav-section\">\n                            <h3 class=\"stakeholder-feed__feed-title\">Hoteles de Santa M\u00f3nica<\/h3>                                        <a href=\"https:\/\/www.santamonica.com\/es\/hoteles\/\" class=\"stakeholder-feed__feed-cta button --primary-teal-button\" >Ver todos<\/a>            \n                        <div class=\"stakeholder-feed__pagination xxx--desktop-hide\">\n                <div class=\"swiper-button-prev stakeholder-feed__pagination-prev\"><\/div>\n                <div class=\"swiper-button-next stakeholder-feed__pagination-next\"><\/div>\n            <\/div>\n        <\/div>\n    <\/div>\n    <div class=\"stakeholder-feed__bottom\">\n        <div class=\"stakeholder-feed__feed-list-wrapper swiper js-stk-swiper\">\n            <ul class=\"stakeholder-feed__feed-list swiper-wrapper js-stk-wrapper\">\n                    <li class=\"swiper-slide stakeholder-card --theme3\">\n        <a class=\"stakeholder-card__link\" href=\"https:\/\/www.santamonica.com\/es\/hotels\/ocean-park-hotel\/\">\n            <div class=\"stakeholder-card__image\">\n                <img decoding=\"async\" src=\"https:\/\/api.threshold360.com\/step\/v2\/locations\/1221142\/thumbnail\" alt=\"Hotel Ocean Park\" title=\"\">\n            <\/div>\n            <div class=\"stakeholder-card__stk-info\">\n                <div class=\"stakeholder-card__stk-name\">Hotel Ocean Park<\/div>\n                <div class=\"stakeholder-card__stk-cat\">Hotel<\/div>\n            <\/div>\n        <\/a>\n    <\/li>\n        <li class=\"swiper-slide stakeholder-card --theme3\">\n        <a class=\"stakeholder-card__link\" href=\"https:\/\/www.santamonica.com\/es\/hotels\/cal-mar-hotel-suites\/\">\n            <div class=\"stakeholder-card__image\">\n                <img decoding=\"async\" src=\"https:\/\/assets.simpleviewinc.com\/simpleview\/image\/upload\/crm\/santamonica\/3-Cal-Mar-Pool-View_bff95675-5056-b365-ab5e0a18322d6391.jpg\" alt=\"Cal Mar Hotel Suites\" title=\"\">\n            <\/div>\n            <div class=\"stakeholder-card__stk-info\">\n                <div class=\"stakeholder-card__stk-name\">Cal Mar Hotel Suites<\/div>\n                <div class=\"stakeholder-card__stk-cat\">Hotel<\/div>\n            <\/div>\n        <\/a>\n    <\/li>\n        <li class=\"swiper-slide stakeholder-card --theme3\">\n        <a class=\"stakeholder-card__link\" href=\"https:\/\/www.santamonica.com\/es\/hotels\/shore-hotel\/\">\n            <div class=\"stakeholder-card__image\">\n                <img decoding=\"async\" src=\"https:\/\/assets.simpleviewinc.com\/simpleview\/image\/upload\/crm\/santamonica\/Shore-Hotel_c03e4672-5056-b365-abb9adcea4348630.jpg\" alt=\"Hotel Shore\" title=\"\">\n            <\/div>\n            <div class=\"stakeholder-card__stk-info\">\n                <div class=\"stakeholder-card__stk-name\">Hotel Shore<\/div>\n                <div class=\"stakeholder-card__stk-cat\">Hotel<\/div>\n            <\/div>\n        <\/a>\n    <\/li>\n        <li class=\"swiper-slide stakeholder-card --theme3\">\n        <a class=\"stakeholder-card__link\" href=\"https:\/\/www.santamonica.com\/es\/hotels\/the-ambrose-hotel\/\">\n            <div class=\"stakeholder-card__image\">\n                <img decoding=\"async\" src=\"https:\/\/assets.simpleviewinc.com\/simpleview\/image\/upload\/crm\/santamonica\/Ambrose_Lobby_D7279897-CACA-BE5E-5AD0F5762C639F78-d7279780f6ea078_d727b12f-06c8-c08c-9bae45648c54edd9.jpg\" alt=\"El Hotel Ambrose\" title=\"\">\n            <\/div>\n            <div class=\"stakeholder-card__stk-info\">\n                <div class=\"stakeholder-card__stk-name\">El Hotel Ambrose<\/div>\n                <div class=\"stakeholder-card__stk-cat\">Lujo<\/div>\n            <\/div>\n        <\/a>\n    <\/li>\n                <\/ul>\n        <\/div>\n    <\/div>\n<\/section>\n\n\n    <section class=\"booking-cta --theme5 sm-block\">\n    <div id=\"widget-container-2070\"><\/div>\n<script type=\"text\/javascript\">\n  (function() {\n    var script = document.createElement('script');\n    script.type = 'text\/javascript';\n    script.async = 'true';\n    script.src = \"https:\/\/admin.bookdirect.net\/hs4\/widgets\/2070.js?widget_element=widget-container-2070\";\n    document.body.appendChild(script);\n  })();\n<\/script>\n    <\/section>\n\n\n\n<section class=\"blog-feed --theme8 sm-block\">\n    <div class=\"blog-feed__content\">\n        <div class=\"blog-feed__intro\">\n                            <div class=\"blog-feed__eyebrow eyebrow\">Blogs<\/div>                                        <h2 class=\"blog-feed__headline\">Descubre Santa M\u00f3nica<\/h2>                                        <div class=\"blog-feed__body\"><p>Explore itinerarios, consejos locales, lugares de inter\u00e9s y aventuras seleccionadas para sacar el m\u00e1ximo partido a su experiencia en Santa M\u00f3nica.<\/p>\n<\/div>\n                                        <a class=\"blog-feed__cta\" href=\"https:\/\/www.santamonica.com\/es\/entradas-de-blog\/\">Ver todos los blogs<\/a>\n                    <\/div>\n\n        <ul class=\"blog-feed__list\">\n                                                <li class=\"blog-feed__item\">\n                        <a href=\"https:\/\/www.santamonica.com\/es\/mother-road-modern-meetings-route-66-meeting-spaces-set-to-shine-for-centennial-in-santa-monica\/\" class=\"blog-feed__item-link\">\n                            <div class=\"blog-feed__image-ratio\">\n                                <img decoding=\"async\" class=\"blog-feed__image\" src=\"https:\/\/www.santamonica.com\/wp-content\/uploads\/2025\/12\/untitledJuly20162C2020180010-182-2-400x400.jpg\" alt=\"MOTHER ROAD, REUNIONES MODERNAS: LOS ESPACIOS DE REUNI\u00d3N DE LA RUTA 66 LISTOS PARA BRILLAR EN EL CENTENARIO EN SANTA M\u00d3NICA\" title=\"\">\n                            <\/div>\n                            <div class=\"blog-feed__card-title\">MOTHER ROAD, REUNIONES MODERNAS: LOS ESPACIOS DE REUNI\u00d3N DE LA RUTA 66 LISTOS PARA BRILLAR EN EL CENTENARIO EN SANTA M\u00d3NICA<\/div>\n                        <\/a>\n                    <\/li>\n                                                                <li class=\"blog-feed__item\">\n                        <a href=\"https:\/\/www.santamonica.com\/es\/media\/news-release\/santa-monica-announces-song-contest-in-celebration-of-route-66-centennial\/\" class=\"blog-feed__item-link\">\n                            <div class=\"blog-feed__image-ratio\">\n                                <img decoding=\"async\" class=\"blog-feed__image\" src=\"https:\/\/www.santamonica.com\/wp-content\/uploads\/2025\/11\/DSC01084-400x400.jpg\" alt=\"SANTA M\u00d3NICA ANUNCIA UN CONCURSO DE CANCIONES PARA CELEBRAR EL CENTENARIO DE LA RUTA 66\" title=\"\">\n                            <\/div>\n                            <div class=\"blog-feed__card-title\">SANTA M\u00d3NICA ANUNCIA UN CONCURSO DE CANCIONES PARA CELEBRAR EL CENTENARIO DE LA RUTA 66<\/div>\n                        <\/a>\n                    <\/li>\n                                                                <li class=\"blog-feed__item\">\n                        <a href=\"https:\/\/www.santamonica.com\/es\/media\/news-release\/where-to-watch-the-world-series-in-santa-monica\/\" class=\"blog-feed__item-link\">\n                            <div class=\"blog-feed__image-ratio\">\n                                <img decoding=\"async\" class=\"blog-feed__image\" src=\"https:\/\/www.santamonica.com\/wp-content\/uploads\/2025\/10\/dodgers-logo-1-400x400.jpg\" alt=\"D\u00d3NDE VER LAS SERIES MUNDIALES EN SANTA MONICA\" title=\"\">\n                            <\/div>\n                            <div class=\"blog-feed__card-title\">D\u00d3NDE VER LAS SERIES MUNDIALES EN SANTA MONICA<\/div>\n                        <\/a>\n                    <\/li>\n                                    <\/ul>\n    <\/div>\n<\/section>","protected":false},"excerpt":{"rendered":"<p>March When spring\u2013well, springs\u2013prices start to warm up, just like the weather: partly sunny with an average high of 62\u00b0 and low of 52\u00b0. Spring breakers head to Santa Monica\u2019s gorgeous beaches, and jogging aficionados make a sprint for the annual LA Marathon. April The party doesn\u2019t end here: spring break travelers continue to bask in the mild Santa Monica temperatures during April. Prices, thankfully, come down\u2013just for a little while, though. The weather is sunny with an average high of 63\u00b0 and low of 54\u00b0. May In May, Santa Monica locals are preparing for summer\u2013and so are visitors. Now [\u2026]<\/p>\n","protected":false},"author":1450,"featured_media":336508,"parent":0,"menu_order":0,"comment_status":"closed","ping_status":"closed","template":"template-editorial.php","meta":{"_acf_changed":false,"inline_featured_image":false,"footnotes":""},"silos":[3887],"class_list":["post-336491","page","type-page","status-publish","has-post-thumbnail","hentry"],"acf":[],"_links":{"self":[{"href":"https:\/\/www.santamonica.com\/es\/wp-json\/wp\/v2\/pages\/336491","targetHints":{"allow":["GET"]}}],"collection":[{"href":"https:\/\/www.santamonica.com\/es\/wp-json\/wp\/v2\/pages"}],"about":[{"href":"https:\/\/www.santamonica.com\/es\/wp-json\/wp\/v2\/types\/page"}],"author":[{"embeddable":true,"href":"https:\/\/www.santamonica.com\/es\/wp-json\/wp\/v2\/users\/1450"}],"replies":[{"embeddable":true,"href":"https:\/\/www.santamonica.com\/es\/wp-json\/wp\/v2\/comments?post=336491"}],"version-history":[{"count":39,"href":"https:\/\/www.santamonica.com\/es\/wp-json\/wp\/v2\/pages\/336491\/revisions"}],"predecessor-version":[{"id":775604,"href":"https:\/\/www.santamonica.com\/es\/wp-json\/wp\/v2\/pages\/336491\/revisions\/775604"}],"wp:featuredmedia":[{"embeddable":true,"href":"https:\/\/www.santamonica.com\/es\/wp-json\/wp\/v2\/media\/336508"}],"wp:attachment":[{"href":"https:\/\/www.santamonica.com\/es\/wp-json\/wp\/v2\/media?parent=336491"}],"wp:term":[{"taxonomy":"silos","embeddable":true,"href":"https:\/\/www.santamonica.com\/es\/wp-json\/wp\/v2\/silos?post=336491"}],"curies":[{"name":"wp","href":"https:\/\/api.w.org\/{rel}","templated":true}]}}