{"id":336295,"date":"2022-06-15T14:43:51","date_gmt":"2022-06-15T21:43:51","guid":{"rendered":"https:\/\/www.santamonica.com\/?page_id=336295"},"modified":"2024-11-14T17:01:58","modified_gmt":"2024-11-15T01:01:58","slug":"tiendas-locales","status":"publish","type":"page","link":"https:\/\/www.santamonica.com\/es\/shopping\/local-shops\/","title":{"rendered":"Tiendas locales"},"content":{"rendered":"<section class=\"two-images container-max sm-block --flip sm-block\">\n    <div class=\"two-images__container --flip\">\n\n        <div class=\"two-images__column\">\n            <div class=\"two-images__content\">\n                <div class=\"two-images__content-header-container\">\n                                            <h2 class=\"two-images__content-header\">Calle Mayor<\/h2>                                    <\/div>\n                                    <div class=\"two-images__content-body wysiwyg\">\n                        <p>Santa M\u00f3nica <a href=\"https:\/\/www.santamonica.com\/es\/vivir-santa-monica\/barrios\/calle-principal\/\"><strong>Calle Mayor<\/strong><\/a> siempre ha tenido un ambiente muy local de surfistas y eso se refleja en su oferta comercial. No dejes de hacer una parada en <a href=\"https:\/\/www.santamonica.com\/es\/ir-de-compras\/libros-de-la-ciudad-de-los-angeles\/\">Librer\u00eda Angel City<\/a> que cuenta con una impresionante colecci\u00f3n de libros y vinilos antiguos y raros. Aunque mucha gente conoce el centro de Santa M\u00f3nica <a href=\"https:\/\/www.santamonica.com\/es\/vivir-santa-monica\/mercados-de-agricultores\/\">mercado de agricultores<\/a>, Main Street tiene su propio mercado de agricultores, m\u00e1s \u00edntimo, todos los domingos por la ma\u00f1ana.<\/p>\n                    <\/div>\n                                            <\/div>\n        <\/div>\n\n        <div class=\"two-images__column\">\n                            <div class=\"two-images__image-container\">\n                    <img decoding=\"async\" width=\"425\" height=\"505\" src=\"https:\/\/www.santamonica.com\/wp-content\/uploads\/2022\/06\/farmers-market-dining.jpg\" class=\"two-images__image\" alt=\"Comer en el mercado de agricultores\" loading=\"lazy\" srcset=\"https:\/\/www.santamonica.com\/wp-content\/uploads\/2022\/06\/farmers-market-dining.jpg 425w, https:\/\/www.santamonica.com\/wp-content\/uploads\/2022\/06\/farmers-market-dining-252x300.jpg 252w, https:\/\/www.santamonica.com\/wp-content\/uploads\/2022\/06\/farmers-market-dining-126x150.jpg 126w\" sizes=\"auto, (max-width: 425px) 100vw, 425px\" title=\"\">                    \n\n                <\/div>\n                    <\/div>\n\n        <div class=\"two-images__column\">\n                            <div class=\"two-images__image-container\">\n                    <img decoding=\"async\" width=\"600\" height=\"565\" src=\"https:\/\/www.santamonica.com\/wp-content\/uploads\/2022\/06\/biking-downtown-santa-monica.jpg\" class=\"two-images__image\" alt=\"Andar en bicicleta por el centro de Santa M\u00f3nica\" loading=\"lazy\" srcset=\"https:\/\/www.santamonica.com\/wp-content\/uploads\/2022\/06\/biking-downtown-santa-monica.jpg 600w, https:\/\/www.santamonica.com\/wp-content\/uploads\/2022\/06\/biking-downtown-santa-monica-300x283.jpg 300w, https:\/\/www.santamonica.com\/wp-content\/uploads\/2022\/06\/biking-downtown-santa-monica-159x150.jpg 159w\" sizes=\"auto, (max-width: 600px) 100vw, 600px\" title=\"\">                    \n\n                <\/div>\n                    <\/div>\n\n    <\/div>\n<\/section>\n\n\n<section class=\"image-slider --theme1 sm-block\" >\n    <div class=\"image-slider__wrapper\">\n                    <div class=\"image-slider__copy wysiwyg\"><h2>Avenida Montana<\/h2>\n<p>Un lugar ideal para disfrutar de unas compras tranquilas en Santa M\u00f3nica es Montana Avenue, el coraz\u00f3n de un animado barrio residencial situado justo al lado de Ocean Avenue. Las tiendas y cafeter\u00edas comienzan en la calle 7 y se extienden a lo largo de 10 manzanas hasta la calle 17. Mientras pasea por esta calle arbolada, eche un vistazo a las boutiques de moda y tiendas especializadas, como <a href=\"https:\/\/www.santamonica.com\/es\/ir-de-compras\/esplendido\/\">Espl\u00e9ndido<\/a>, <a href=\"https:\/\/www.santamonica.com\/es\/ir-de-compras\/kiehls-desde-1851\/\">Kiehl's Desde 1851<\/a>, <a href=\"https:\/\/www.santamonica.com\/es\/ir-de-compras\/rachel-ashwell-shabby-chic-couture\/\">Rachel Ashwell Shabby Chic Couture<\/a> y <a href=\"https:\/\/www.santamonica.com\/es\/ir-de-compras\/cosmeticos-beneficiosos\/\">Benefit Cosmetics<\/a>. Calma tu apetito con algo dulce de <a href=\"https:\/\/www.santamonica.com\/es\/restaurantes\/chocolates-john-kelly\/\">John Kelly Chocolates,<\/a> que ofrece deliciosos chocolates artesanales elaborados con precisi\u00f3n y sabores exquisitos, que deleitan tanto a los locales como a los visitantes.<\/p>\n<\/div>\n                <div class=\"image-slider__slider left\">\n                            <!-- Slider main container -->\n                <div class=\"swiper js-image-slider\">\n                    <!-- Additional required wrapper -->\n                    <div class=\"swiper-wrapper\">\n                        <!-- Slides -->\n                                                    <div class=\"swiper-slide\">\n                                <img decoding=\"async\" width=\"764\" height=\"597\" src=\"https:\/\/www.santamonica.com\/wp-content\/uploads\/2022\/07\/spfstudios_montana_ave_sm-5.png\" class=\"swiper-slide__image\" alt=\"Mesa de arte - Montana Ave.\" loading=\"lazy\" srcset=\"https:\/\/www.santamonica.com\/wp-content\/uploads\/2022\/07\/spfstudios_montana_ave_sm-5.png 764w, https:\/\/www.santamonica.com\/wp-content\/uploads\/2022\/07\/spfstudios_montana_ave_sm-5-300x234.png 300w, https:\/\/www.santamonica.com\/wp-content\/uploads\/2022\/07\/spfstudios_montana_ave_sm-5-192x150.png 192w\" sizes=\"auto, (max-width: 764px) 100vw, 764px\" title=\"\">                                \n\n            <a href=\"https:\/\/www.santamonica.com\/es\/restaurantes\/mesa-de-artes\/\"  class=\"img-lctn-tag --right\">\n            <div class=\"img-lctn-tag-inside-link image-slider__image-caption right\">La mesa del arte<\/div>\n        <\/a>\n                                <\/div>\n                                                    <div class=\"swiper-slide\">\n                                <img decoding=\"async\" width=\"1024\" height=\"576\" src=\"https:\/\/www.santamonica.com\/wp-content\/uploads\/2022\/06\/sweet-lady-jane.jpg\" class=\"swiper-slide__image\" alt=\"Panader\u00eda Sweet Lady Jane\" loading=\"lazy\" srcset=\"https:\/\/www.santamonica.com\/wp-content\/uploads\/2022\/06\/sweet-lady-jane.jpg 1024w, https:\/\/www.santamonica.com\/wp-content\/uploads\/2022\/06\/sweet-lady-jane-300x169.jpg 300w, https:\/\/www.santamonica.com\/wp-content\/uploads\/2022\/06\/sweet-lady-jane-267x150.jpg 267w, https:\/\/www.santamonica.com\/wp-content\/uploads\/2022\/06\/sweet-lady-jane-768x432.jpg 768w\" sizes=\"auto, (max-width: 1024px) 100vw, 1024px\" title=\"\">                                \n\n            <a href=\"https:\/\/www.santamonica.com\/es\/restaurantes\/pasteleria-sweet-lady-jane\/\"  class=\"img-lctn-tag --right\">\n            <div class=\"img-lctn-tag-inside-link image-slider__image-caption right\">Panader\u00eda Sweet Lady Jane<\/div>\n        <\/a>\n                                <\/div>\n                                            <\/div>\n                                            <div class=\"image-slider__swiper-controls-wrapper-relocator\">\n                            <div class=\"image-slider__swiper-controls-wrapper\">\n                                <div class=\"swiper-pagination\"><\/div>\n                                <div class=\"swiper-button-prev-custom\">\n                                    <div class=\"arrow-button-left\"><\/div>\n                                <\/div>\n                                <div class=\"swiper-button-next-custom\">\n                                    <div class=\"arrow-button-right\"><\/div>\n                                <\/div>\n                            <\/div>\n                        <\/div>\n                                    <\/div>\n                    <\/div>\n    <\/div>\n<\/section>\n\n\n<section class=\"sun-title sm-block --theme6 sm-block\">\n            <h2 class=\"sun-title__headline\">Bulevar Pico<\/h2>    \n            <div class=\"sun-title__body  wysiwyg\">\n                    <p>Desde el oc\u00e9ano hasta el centro de la ciudad y m\u00e1s all\u00e1, Pico Boulevard alberga varias tiendas emblem\u00e1ticas de Santa M\u00f3nica. Un lugar hist\u00f3rico m\u00e1s al este de Pico es <a href=\"https:\/\/www.santamonica.com\/es\/ir-de-compras\/tienda-de-guitarras-mccabes\/\">Tienda de guitarras McCabe<\/a>, que lleva en activo desde 1958. Adem\u00e1s de vender y alquilar instrumentos musicales y ofrecer clases de diversos instrumentos, McCabe's tambi\u00e9n organiza noches de m\u00fasica en vivo. A lo largo de los a\u00f1os, muchos artistas folk famosos han actuado all\u00ed, entre ellos Joni Mitchell, Beck y Tom Waits.<\/p>\n                        <\/div>\n    <\/section>\n\n\n\n<section class=\"two-images container-max sm-block  sm-block\">\n    <div class=\"two-images__container\">\n\n        <div class=\"two-images__column\">\n            <div class=\"two-images__content\">\n                <div class=\"two-images__content-header-container\">\n                                            <h2 class=\"two-images__content-header\">Bulevar Wilshire<\/h2>                                    <\/div>\n                                    <div class=\"two-images__content-body wysiwyg\">\n                        <p><a href=\"https:\/\/www.santamonica.com\/es\/ir-de-compras\/etiquetas-geniales\/\">Excelentes etiquetas<\/a>, una tienda de art\u00edculos de lujo de segunda mano para los que cuidan su presupuesto, es el para\u00edso de la alta costura con 3000 prendas de ropa de alta gama, 250 pares de zapatos de dise\u00f1ador y m\u00e1s de 100 bolsos. Todos los art\u00edculos son seleccionados cuidadosamente, algunos de ellos pertenecientes a celebridades de Hollywood. Entre los dise\u00f1adores se encuentran Chanel, Jimmy Choo, Prada, Gucci y Manolo Blahnik. Los compradores pueden \u201cgirar la ruleta\u201d para obtener descuentos adicionales.<\/p>\n                    <\/div>\n                                            <\/div>\n        <\/div>\n\n        <div class=\"two-images__column\">\n                            <div class=\"two-images__image-container\">\n                    <img decoding=\"async\" width=\"425\" height=\"505\" src=\"https:\/\/www.santamonica.com\/wp-content\/uploads\/2022\/06\/wilshire-shops.jpg\" class=\"two-images__image\" alt=\"tiendas de Wilshire\" loading=\"lazy\" srcset=\"https:\/\/www.santamonica.com\/wp-content\/uploads\/2022\/06\/wilshire-shops.jpg 425w, https:\/\/www.santamonica.com\/wp-content\/uploads\/2022\/06\/wilshire-shops-252x300.jpg 252w, https:\/\/www.santamonica.com\/wp-content\/uploads\/2022\/06\/wilshire-shops-126x150.jpg 126w\" sizes=\"auto, (max-width: 425px) 100vw, 425px\" title=\"\">                    \n\n                <\/div>\n                    <\/div>\n\n        <div class=\"two-images__column\">\n                            <div class=\"two-images__image-container\">\n                    <img decoding=\"async\" width=\"600\" height=\"565\" src=\"https:\/\/www.santamonica.com\/wp-content\/uploads\/2022\/06\/wilshire-boulevard-shops.jpg\" class=\"two-images__image\" alt=\"tiendas de Wilshire Boulevard\" loading=\"lazy\" srcset=\"https:\/\/www.santamonica.com\/wp-content\/uploads\/2022\/06\/wilshire-boulevard-shops.jpg 600w, https:\/\/www.santamonica.com\/wp-content\/uploads\/2022\/06\/wilshire-boulevard-shops-300x283.jpg 300w, https:\/\/www.santamonica.com\/wp-content\/uploads\/2022\/06\/wilshire-boulevard-shops-159x150.jpg 159w\" sizes=\"auto, (max-width: 600px) 100vw, 600px\" title=\"\">                    \n\n            <a href=\"https:\/\/www.santamonica.com\/es\/vivir-santa-monica\/barrios\/avenida-wilshire\/\"  class=\"img-lctn-tag --right\">\n            <div class=\"img-lctn-tag-inside-link two-images__image-caption right\">Bulevar Wilshire<\/div>\n        <\/a>\n                    <\/div>\n                    <\/div>\n\n    <\/div>\n<\/section>\n\n\n<section class=\"links-grid --theme3 sm-block base-block\">\n    <div class=\"links-grid__wrapper\">\n                                                    <a href=\"https:\/\/www.santamonica.com\/es\/shopping\/why-shop-in-santa-monica\/\" class=\"links-grid__card-link\" aria-label=\"\u00bfPor qu\u00e9 comprar en Santa M\u00f3nica?\" >\n                    <div class=\"links-grid__card\">\n                                                    <div class=\"links-grid__card-image-wrapper\">\n                                <img decoding=\"async\" width=\"400\" height=\"400\" src=\"https:\/\/www.santamonica.com\/wp-content\/uploads\/2022\/06\/santa-monica-shopping-guide-400x400.jpg\" class=\"links-grid__card-image\" alt=\"De compras en Santa M\u00f3nica\" loading=\"lazy\" title=\"\">                            <\/div>\n                                                <div class=\"links-grid__card-text\">\n                                                            <div class=\"links-grid__card-title\">\u00bfPor qu\u00e9 comprar en Santa M\u00f3nica?<\/div>\n                                                                                <\/div>\n                    <\/div>\n                <\/a>\n                                            <a href=\"https:\/\/www.santamonica.com\/es\/shopping\/shops-by-neighborhood\/\" class=\"links-grid__card-link\" aria-label=\"Tiendas por barrio\" >\n                    <div class=\"links-grid__card\">\n                                                    <div class=\"links-grid__card-image-wrapper\">\n                                <img decoding=\"async\" width=\"400\" height=\"400\" src=\"https:\/\/www.santamonica.com\/wp-content\/uploads\/2023\/06\/third-street-promenade-400x400.jpg\" class=\"links-grid__card-image\" alt=\"paseo mar\u00edtimo de la tercera calle\" loading=\"lazy\" title=\"\">                            <\/div>\n                                                <div class=\"links-grid__card-text\">\n                                                            <div class=\"links-grid__card-title\">Tiendas por barrio<\/div>\n                                                                                <\/div>\n                    <\/div>\n                <\/a>\n                                            <a href=\"https:\/\/www.santamonica.com\/es\/shopping\/unique-shops\/\" class=\"links-grid__card-link\" aria-label=\"Tiendas exclusivas\" >\n                    <div class=\"links-grid__card\">\n                                                    <div class=\"links-grid__card-image-wrapper\">\n                                <img decoding=\"async\" width=\"400\" height=\"400\" src=\"https:\/\/www.santamonica.com\/wp-content\/uploads\/2022\/06\/santa-monica-unique-shops-400x400.jpg\" class=\"links-grid__card-image\" alt=\"tiendas exclusivas de Santa M\u00f3nica\" loading=\"lazy\" title=\"\">                            <\/div>\n                                                <div class=\"links-grid__card-text\">\n                                                            <div class=\"links-grid__card-title\">Tiendas exclusivas<\/div>\n                                                                                <\/div>\n                    <\/div>\n                <\/a>\n                                            <a href=\"https:\/\/www.santamonica.com\/es\/shopping\/\" class=\"links-grid__card-link\" aria-label=\"Compras\" >\n                    <div class=\"links-grid__card\">\n                                                    <div class=\"links-grid__card-image-wrapper\">\n                                <img decoding=\"async\" width=\"400\" height=\"400\" src=\"https:\/\/www.santamonica.com\/wp-content\/uploads\/2022\/06\/santa-monica-shopping-2-400x400.jpg\" class=\"links-grid__card-image\" alt=\"Compras en Santa M\u00f3nica\" loading=\"lazy\" title=\"\">                            <\/div>\n                                                <div class=\"links-grid__card-text\">\n                                                            <div class=\"links-grid__card-title\">Compras<\/div>\n                                                                                <\/div>\n                    <\/div>\n                <\/a>\n                        <\/div>\n<\/section>\n\n\n\n<section class=\"blog-feed --theme8 sm-block\">\n    <div class=\"blog-feed__content\">\n        <div class=\"blog-feed__intro\">\n                            <div class=\"blog-feed__eyebrow eyebrow\">Blogs<\/div>                                        <h2 class=\"blog-feed__headline\">Descubre Santa M\u00f3nica<\/h2>                                        <div class=\"blog-feed__body\"><p>Explore itinerarios, consejos locales, lugares de inter\u00e9s y aventuras seleccionadas para sacar el m\u00e1ximo partido a su experiencia en Santa M\u00f3nica.<\/p>\n<\/div>\n                                        <a class=\"blog-feed__cta\" href=\"https:\/\/www.santamonica.com\/es\/entradas-de-blog\/\">Ver todos los blogs<\/a>\n                    <\/div>\n\n        <ul class=\"blog-feed__list\">\n                                                <li class=\"blog-feed__item\">\n                        <a href=\"https:\/\/www.santamonica.com\/es\/shopping\/most-loved-ways-to-buy-local\/\" class=\"blog-feed__item-link\">\n                            <div class=\"blog-feed__image-ratio\">\n                                <img decoding=\"async\" class=\"blog-feed__image\" src=\"https:\/\/www.santamonica.com\/wp-content\/uploads\/2021\/06\/ShoppingFeature520x546-400x400.jpg\" alt=\"Las formas m\u00e1s populares de comprar productos locales en Santa M\u00f3nica\" title=\"\">\n                            <\/div>\n                            <div class=\"blog-feed__card-title\">Las formas m\u00e1s populares de comprar productos locales en Santa M\u00f3nica<\/div>\n                        <\/a>\n                    <\/li>\n                                                                <li class=\"blog-feed__item\">\n                        <a href=\"https:\/\/www.santamonica.com\/es\/shopping\/clothing-essentials\/\" class=\"blog-feed__item-link\">\n                            <div class=\"blog-feed__image-ratio\">\n                                <img decoding=\"async\" class=\"blog-feed__image\" src=\"https:\/\/www.santamonica.com\/wp-content\/uploads\/2021\/06\/Santa-Monica-Third-Street-Promenade-Shopping-Featured-400x400.jpg\" alt=\"Ropa b\u00e1sica y d\u00f3nde encontrarla en Santa M\u00f3nica\" title=\"\">\n                            <\/div>\n                            <div class=\"blog-feed__card-title\">Ropa b\u00e1sica y d\u00f3nde encontrarla en Santa M\u00f3nica<\/div>\n                        <\/a>\n                    <\/li>\n                                                                <li class=\"blog-feed__item\">\n                        <a href=\"https:\/\/www.santamonica.com\/es\/trip-planner\/santa-monica-travel-hacks\/\" class=\"blog-feed__item-link\">\n                            <div class=\"blog-feed__image-ratio\">\n                                <img decoding=\"async\" class=\"blog-feed__image\" src=\"https:\/\/www.santamonica.com\/wp-content\/uploads\/2021\/05\/Santa-Monica-Travel-Hacks-Featured-400x400.jpg\" alt=\"Consejos de viaje para unas vacaciones incre\u00edbles en Santa M\u00f3nica\" title=\"\">\n                            <\/div>\n                            <div class=\"blog-feed__card-title\">Consejos de viaje para unas vacaciones incre\u00edbles en Santa M\u00f3nica<\/div>\n                        <\/a>\n                    <\/li>\n                                    <\/ul>\n    <\/div>\n<\/section>","protected":false},"excerpt":{"rendered":"","protected":false},"author":1450,"featured_media":346449,"parent":0,"menu_order":0,"comment_status":"closed","ping_status":"closed","template":"template-editorial.php","meta":{"_acf_changed":false,"inline_featured_image":false,"footnotes":""},"silos":[3898],"class_list":["post-336295","page","type-page","status-publish","has-post-thumbnail","hentry"],"acf":[],"_links":{"self":[{"href":"https:\/\/www.santamonica.com\/es\/wp-json\/wp\/v2\/pages\/336295","targetHints":{"allow":["GET"]}}],"collection":[{"href":"https:\/\/www.santamonica.com\/es\/wp-json\/wp\/v2\/pages"}],"about":[{"href":"https:\/\/www.santamonica.com\/es\/wp-json\/wp\/v2\/types\/page"}],"author":[{"embeddable":true,"href":"https:\/\/www.santamonica.com\/es\/wp-json\/wp\/v2\/users\/1450"}],"replies":[{"embeddable":true,"href":"https:\/\/www.santamonica.com\/es\/wp-json\/wp\/v2\/comments?post=336295"}],"version-history":[{"count":84,"href":"https:\/\/www.santamonica.com\/es\/wp-json\/wp\/v2\/pages\/336295\/revisions"}],"predecessor-version":[{"id":434239,"href":"https:\/\/www.santamonica.com\/es\/wp-json\/wp\/v2\/pages\/336295\/revisions\/434239"}],"wp:featuredmedia":[{"embeddable":true,"href":"https:\/\/www.santamonica.com\/es\/wp-json\/wp\/v2\/media\/346449"}],"wp:attachment":[{"href":"https:\/\/www.santamonica.com\/es\/wp-json\/wp\/v2\/media?parent=336295"}],"wp:term":[{"taxonomy":"silos","embeddable":true,"href":"https:\/\/www.santamonica.com\/es\/wp-json\/wp\/v2\/silos?post=336295"}],"curies":[{"name":"wp","href":"https:\/\/api.w.org\/{rel}","templated":true}]}}