{"id":335407,"date":"2022-05-13T17:18:34","date_gmt":"2022-05-14T00:18:34","guid":{"rendered":"https:\/\/www.santamonica.com\/?page_id=335407"},"modified":"2026-02-12T15:23:22","modified_gmt":"2026-02-12T23:23:22","slug":"politica-de-privacidad","status":"publish","type":"page","link":"https:\/\/www.santamonica.com\/es\/privacy-policy\/","title":{"rendered":"Pol\u00edtica de privacidad"},"content":{"rendered":"<div class=\"wp-block-columns is-layout-flex wp-container-core-columns-is-layout-28f84493 wp-block-columns-is-layout-flex base-block\">\n<div class=\"wp-block-column is-layout-flow wp-block-column-is-layout-flow base-block\">\n<h2 class=\"wp-block-heading base-block\">Informaci\u00f3n personal<\/h2>\n\n\n\n<p class=\"base-block\">Santa Monica Travel &amp; Tourism no vender\u00e1 ni compartir\u00e1 ninguna informaci\u00f3n solicitada en nuestro sitio web con otras organizaciones, a menos que se lo comuniquemos claramente antes de proporcionarla. Esta informaci\u00f3n se solicita de forma voluntaria y no es necesaria para utilizar el sitio web. <a href=\"https:\/\/www.santamonica.com\/es\/\">santamonica.com<\/a>.<\/p>\n\n\n\n<p class=\"base-block\">Podemos solicitar la recopilaci\u00f3n de la siguiente informaci\u00f3n mediante nuestros formularios de contacto: nombre, apellidos, direcci\u00f3n, n\u00famero de tel\u00e9fono, direcci\u00f3n de correo electr\u00f3nico, ciudad, estado, c\u00f3digo postal y pa\u00eds.<\/p>\n<\/div>\n\n\n\n<div class=\"wp-block-column is-layout-flow wp-block-column-is-layout-flow base-block\">\n<p class=\"base-block\">Esta informaci\u00f3n puede utilizarse de las siguientes maneras:<\/p>\n\n\n\n<ul class=\"wp-block-list base-block\">\n<li class=\"base-block\">Suscripci\u00f3n al bolet\u00edn informativo: Cuando se suscribe para recibir nuestro bolet\u00edn informativo, la informaci\u00f3n recopilada se utiliza para enviarle boletines electr\u00f3nicos personalizados y opcionales. Tambi\u00e9n podemos recopilar informaci\u00f3n sobre sus gustos personales para poder adaptar mejor nuestros boletines informativos a usted y a sus intereses.<\/li>\n\n\n\n<li class=\"base-block\">Reserva de plaza para un evento: cuando env\u00eda un formulario para reservar plaza en un evento, la informaci\u00f3n puede utilizarse para comunicarse con usted en relaci\u00f3n con dicho evento.<\/li>\n\n\n\n<li class=\"base-block\">Concursos: Cuando env\u00eda un formulario para participar en un concurso, la informaci\u00f3n puede utilizarse para comunicarnos con usted en relaci\u00f3n con el concurso.<\/li>\n\n\n\n<li class=\"base-block\">Otra informaci\u00f3n: Valoramos sus comentarios. Tambi\u00e9n podemos recopilar informaci\u00f3n sobre usted cuando nos llama o nos env\u00eda un correo electr\u00f3nico, utiliza nuestras plataformas de redes sociales o se comunica con nosotros de cualquier otra forma.<\/li>\n<\/ul>\n<\/div>\n<\/div>\n\n\n\n<div class=\"wp-block-columns is-layout-flex wp-container-core-columns-is-layout-28f84493 wp-block-columns-is-layout-flex base-block\">\n<div class=\"wp-block-column is-layout-flow wp-block-column-is-layout-flow base-block\">\n<h2 class=\"wp-block-heading base-block\">An\u00e1lisis y seguimiento<\/h2>\n\n\n\n<p class=\"base-block\"><a href=\"https:\/\/www.santamonica.com\/es\/\">santamonica.com<\/a> utiliza el seguimiento de terceros y cookies para registrar datos an\u00f3nimos con el fin de generar estad\u00edsticas e informes sobre el sitio web, con el objetivo de que este resulte m\u00e1s \u00fatil para los visitantes y mejorar nuestros servicios y accesibilidad.<\/p>\n\n\n\n<p class=\"base-block\">Recopilamos la siguiente informaci\u00f3n mediante el seguimiento: cookies y datos de uso.<\/p>\n<\/div>\n\n\n\n<div class=\"wp-block-column is-layout-flow wp-block-column-is-layout-flow base-block\">\n<h2 class=\"wp-block-heading base-block\">Enlaces<\/h2>\n\n\n\n<p class=\"base-block\"><a href=\"https:\/\/www.santamonica.com\/es\/\">santamonica.com<\/a> puede contener enlaces a otros sitios, incluidos los de nuestros socios comerciales. Aunque intentamos incluir \u00fanicamente enlaces a sitios que comparten nuestros est\u00e1ndares y respeto por la privacidad, no nos hacemos responsables de las pr\u00e1cticas de privacidad empleadas por otros sitios, y dichos sitios no han aceptado nuestra pol\u00edtica de privacidad. Visite esos sitios para obtener informaci\u00f3n sobre su pol\u00edtica de privacidad antes de proporcionar informaci\u00f3n personal.<\/p>\n\n\n\n<p class=\"base-block\">Los enlaces que proporcionamos en&nbsp;<a href=\"https:\/\/www.santamonica.com\/es\/\">santamonica.com<\/a>&nbsp;est\u00e1n ah\u00ed para su referencia y conveniencia. No controlamos ninguno de estos sitios web, ni somos responsables de su contenido. Al incluir estos enlaces, no implicamos ning\u00fan respaldo al material de dichos sitios web ni ninguna asociaci\u00f3n con sus operadores. Si decide acceder a cualquiera de estos sitios web, lo hace bajo su propia responsabilidad.<\/p>\n<\/div>\n<\/div>\n\n\n\n<div class=\"wp-block-columns is-layout-flex wp-container-core-columns-is-layout-28f84493 wp-block-columns-is-layout-flex base-block\">\n<div class=\"wp-block-column is-layout-flow wp-block-column-is-layout-flow base-block\">\n<h2 class=\"wp-block-heading base-block\">Cambios en las pol\u00edticas<\/h2>\n\n\n\n<p class=\"base-block\">Nos reservamos el derecho, a nuestra entera discreci\u00f3n, de cambiar, modificar, a\u00f1adir o eliminar cualquier parte de este Acuerdo, en su totalidad o en parte, en cualquier momento. Las modificaciones del Acuerdo se publicar\u00e1n en el sitio web. Al utilizar este sitio web, usted acepta quedar vinculado por dichas revisiones y, por lo tanto, debe visitar peri\u00f3dicamente la p\u00e1gina para determinar las condiciones de uso vigentes en ese momento a las que est\u00e1 sujeto.<\/p>\n<\/div>\n\n\n\n<div class=\"wp-block-column is-layout-flow wp-block-column-is-layout-flow base-block\">\n<h2 class=\"wp-block-heading base-block\">Seguridad de los datos personales<\/h2>\n\n\n\n<p class=\"base-block\">Tomaremos las precauciones t\u00e9cnicas y organizativas adecuadas para proteger los datos personales que recopilemos y evitar su p\u00e9rdida, uso indebido o alteraci\u00f3n.<\/p>\n\n\n\n<p class=\"base-block\">Todos los datos personales se encriptar\u00e1n y almacenar\u00e1n en servidores seguros bajo nuestro control.<\/p>\n<\/div>\n<\/div>\n\n\n\n<div class=\"wp-block-columns is-layout-flex wp-container-core-columns-is-layout-28f84493 wp-block-columns-is-layout-flex base-block\">\n<div class=\"wp-block-column is-layout-flow wp-block-column-is-layout-flow base-block\">\n<h2 class=\"wp-block-heading base-block\">Conservaci\u00f3n de datos personales<\/h2>\n\n\n\n<p class=\"base-block\">Los datos personales que recopilamos y procesamos para cualquier fin o fines no se conservar\u00e1n durante m\u00e1s tiempo del necesario para dicho fin o fines.<\/p>\n\n\n\n<p class=\"base-block\">Conservaremos los datos personales durante un m\u00e1ximo de 26 meses, salvo que sea necesario conservarlos para cumplir con una obligaci\u00f3n legal a la que estemos sujetos, o para proteger sus intereses vitales o los intereses vitales de otra persona f\u00edsica.<\/p>\n<\/div>\n\n\n\n<div class=\"wp-block-column is-layout-flow wp-block-column-is-layout-flow base-block\">\n<h2 class=\"wp-block-heading base-block\">Exclusi\u00f3n voluntaria de la recopilaci\u00f3n de datos personales<\/h2>\n\n\n\n<p class=\"base-block\">Puede optar por excluirse de cualquiera de los m\u00e9todos de recopilaci\u00f3n de datos mencionados anteriormente. Si recibe un correo electr\u00f3nico nuestro y prefiere no recibir m\u00e1s comunicaciones de este tipo en el futuro, puede darse de baja siguiendo las instrucciones que se incluyen en el correo electr\u00f3nico. Adem\u00e1s, en cualquier momento puede optar por darse de baja (excluirse) enviando un correo electr\u00f3nico a <a href=\"mailto:marketing@santamonica.com\">marketing@santamonica.com<\/a> o env\u00edenos una carta a: Attention Marketing, 2427 Main Street, Santa Monica, CA 90405, indicando que desea darse de baja para no recibir m\u00e1s correos electr\u00f3nicos.<\/p>\n\n\n\n<p class=\"base-block\">Adem\u00e1s, su navegador puede ofrecerle la posibilidad de controlar las cookies u otras herramientas de seguimiento. La forma de hacerlo depende del tipo de herramienta. Los navegadores incluyen la posibilidad de borrar la cach\u00e9, las cookies almacenadas y el historial. Para obtener instrucciones sobre c\u00f3mo controlar la cach\u00e9, las cookies almacenadas y el historial, puede visitar <a href=\"https:\/\/kb.iu.edu\/d\/ahic\" target=\"_blank\" rel=\"noreferrer noopener\">https:\/\/kb.iu.edu\/d\/ahic<\/a>. Algunos navegadores pueden configurarse para rechazar las cookies. Para obtener m\u00e1s informaci\u00f3n sobre las cookies flash, que podemos utilizar en determinados sitios web de vez en cuando, puede visitar <a href=\"http:\/\/www.aboutads.info\/choices\/\" target=\"_blank\" rel=\"noreferrer noopener\">http:\/\/www.aboutads.info\/choices\/<\/a>.<\/p>\n<\/div>\n<\/div>\n\n\n\n<div class=\"wp-block-columns is-layout-flex wp-container-core-columns-is-layout-28f84493 wp-block-columns-is-layout-flex base-block\">\n<div class=\"wp-block-column is-layout-flow wp-block-column-is-layout-flow base-block\">\n<h2 class=\"wp-block-heading base-block\">Titular de los datos<\/h2>\n\n\n\n<p class=\"base-block\">El propietario de los datos de la informaci\u00f3n que recopilamos es Santa Monica Travel &amp; Tourism.<\/p>\n<\/div>\n\n\n\n<div class=\"wp-block-column is-layout-flow wp-block-column-is-layout-flow base-block\">\n<p class=\"base-block\">Si tiene alguna pregunta sobre nuestra pol\u00edtica de privacidad y nuestros m\u00e9todos de retenci\u00f3n de datos, p\u00f3ngase en contacto con nosotros:<\/p>\n\n\n\n<p class=\"base-block\">2427 Main Street, Santa Monica, CA 90405<br>1 (800) 544-5319 o (310) 319-6263<br><a href=\"mailto:marketing@santamonica.com\">marketing@santamonica.com<\/a><\/p>\n<\/div>\n<\/div>\n\n\n\n<div class=\"wp-block-columns is-layout-flex wp-container-core-columns-is-layout-28f84493 wp-block-columns-is-layout-flex base-block\">\n<div class=\"wp-block-column is-layout-flow wp-block-column-is-layout-flow base-block\">\n<h2 class=\"wp-block-heading base-block\">T\u00e9rminos y condiciones para el env\u00edo de fotograf\u00edas<\/h2>\n\n\n\n<p class=\"base-block\">Al enviar im\u00e1genes, la parte remitente concede a Santa Monica Travel &amp; Tourism una licencia no exclusiva, perpetua, mundial y libre de regal\u00edas para utilizar, reproducir, adaptar y distribuir las im\u00e1genes en todos los medios de comunicaci\u00f3n con fines publicitarios, de marketing y promocionales relacionados con SMTT, incluido el uso por parte de terceros autorizados. La parte remitente declara y garantiza que se han obtenido todos los derechos y autorizaciones necesarios y se compromete a indemnizar y eximir de responsabilidad a Santa Monica Travel &amp; Tourism por cualquier reclamaci\u00f3n que surja del uso de las im\u00e1genes. Si la parte remitente no est\u00e1 de acuerdo con estos t\u00e9rminos, no debe enviar ni enviar por correo electr\u00f3nico. <a href=\"mailto:marketing@santamonica.com\">marketing@santamonica.com<\/a> con preguntas.<br><br><a href=\"https:\/\/www.santamonica.com\/wp-content\/uploads\/2026\/02\/Photograph-Submission-Terms-and-Conditions_2026.pdf\">Ver los t\u00e9rminos y condiciones completos para el env\u00edo de fotograf\u00edas.<\/a><\/p>\n<\/div>\n\n\n\n<div class=\"wp-block-column is-layout-flow wp-block-column-is-layout-flow base-block\">\n<p class=\"base-block\"><\/p>\n\n\n\n<p class=\"base-block\"><\/p>\n<\/div>\n<\/div>\n\n\n\n<p class=\"base-block\"><\/p>","protected":false},"excerpt":{"rendered":"<p>Personal Information Santa Monica Travel &#038; Tourism will not sell or share any information requested within our site with any other organizations unless we clearly tell you before providing the information. This information is requested voluntarily and is not required to use santamonica.com. We may ask to collect the following information using our contact forms: first name, last name, address, phone number, email address, city, state, zip code and country. This information may be used in the following ways: Newsletter Registration: When you register to receive our newsletter, the information collected is used to send you targeted, opt-in eNewsletters. We [\u2026]<\/p>\n","protected":false},"author":1450,"featured_media":343993,"parent":0,"menu_order":0,"comment_status":"closed","ping_status":"closed","template":"template-editorial.php","meta":{"_acf_changed":false,"inline_featured_image":false,"footnotes":""},"silos":[],"class_list":["post-335407","page","type-page","status-publish","has-post-thumbnail","hentry"],"acf":[],"_links":{"self":[{"href":"https:\/\/www.santamonica.com\/es\/wp-json\/wp\/v2\/pages\/335407","targetHints":{"allow":["GET"]}}],"collection":[{"href":"https:\/\/www.santamonica.com\/es\/wp-json\/wp\/v2\/pages"}],"about":[{"href":"https:\/\/www.santamonica.com\/es\/wp-json\/wp\/v2\/types\/page"}],"author":[{"embeddable":true,"href":"https:\/\/www.santamonica.com\/es\/wp-json\/wp\/v2\/users\/1450"}],"replies":[{"embeddable":true,"href":"https:\/\/www.santamonica.com\/es\/wp-json\/wp\/v2\/comments?post=335407"}],"version-history":[{"count":22,"href":"https:\/\/www.santamonica.com\/es\/wp-json\/wp\/v2\/pages\/335407\/revisions"}],"predecessor-version":[{"id":785660,"href":"https:\/\/www.santamonica.com\/es\/wp-json\/wp\/v2\/pages\/335407\/revisions\/785660"}],"wp:featuredmedia":[{"embeddable":true,"href":"https:\/\/www.santamonica.com\/es\/wp-json\/wp\/v2\/media\/343993"}],"wp:attachment":[{"href":"https:\/\/www.santamonica.com\/es\/wp-json\/wp\/v2\/media?parent=335407"}],"wp:term":[{"taxonomy":"silos","embeddable":true,"href":"https:\/\/www.santamonica.com\/es\/wp-json\/wp\/v2\/silos?post=335407"}],"curies":[{"name":"wp","href":"https:\/\/api.w.org\/{rel}","templated":true}]}}