{"id":335401,"date":"2022-05-13T17:18:01","date_gmt":"2022-05-14T00:18:01","guid":{"rendered":"https:\/\/www.santamonica.com\/?page_id=335401"},"modified":"2022-08-30T17:37:08","modified_gmt":"2022-08-31T00:37:08","slug":"contactenos","status":"publish","type":"page","link":"https:\/\/www.santamonica.com\/es\/about\/contact-us\/","title":{"rendered":"P\u00f3ngase en contacto con nosotros"},"content":{"rendered":"<div class=\"wp-block-columns is-layout-flex wp-container-core-columns-is-layout-28f84493 wp-block-columns-is-layout-flex base-block\">\n<div class=\"wp-block-column is-layout-flow wp-block-column-is-layout-flow base-block\">\n<h2 class=\"wp-block-heading base-block\" style=\"font-size:2rem\">Informaci\u00f3n para visitantes<\/h2>\n\n\n\n<p class=\"base-block\">Correo electr\u00f3nico&nbsp;<a href=\"mailto:info@santamonica.com\">info@santamonica.com<\/a>, si necesita:<\/p>\n\n\n\n<ul class=\"wp-block-list base-block\"><li>Ayuda para planear un viaje a Santa M\u00f3nica<\/li><li>para solicitar una gu\u00eda tur\u00edstica o un mapa<\/li><li>Tengo una pregunta general sobre viajar a Santa M\u00f3nica.<\/li><\/ul>\n<\/div>\n\n\n\n<div class=\"wp-block-column is-layout-flow wp-block-column-is-layout-flow base-block\">\n<h2 class=\"wp-block-heading base-block\" style=\"font-size:2rem\">Profesionales de reuniones<\/h2>\n\n\n\n<p class=\"base-block\">Correo electr\u00f3nico&nbsp;<a href=\"mailto:meet@santamonica.com\">meet@santamonica.com<\/a>, si necesita:<\/p>\n\n\n\n<ul class=\"wp-block-list base-block\"><li>Ayuda para planear un evento grupal<\/li><li>Necesito m\u00e1s informaci\u00f3n sobre c\u00f3mo planear un evento.<\/li><\/ul>\n<\/div>\n\n\n\n<div class=\"wp-block-column is-layout-flow wp-block-column-is-layout-flow base-block\">\n<h2 class=\"wp-block-heading base-block\" style=\"font-size:2rem\">Comercio de viajes<\/h2>\n\n\n\n<p class=\"base-block\">Correo electr\u00f3nico&nbsp;<a href=\"mailto:trade@santamonica.com\">trade@santamonica.com<\/a>, si necesita:<\/p>\n\n\n\n<ul class=\"wp-block-list base-block\"><li>Ayuda para planificar un viaje en grupo<\/li><li>Informaci\u00f3n sobre los tours FAM<\/li><\/ul>\n<\/div>\n<\/div>\n\n\n\n<div class=\"wp-block-columns is-layout-flex wp-container-core-columns-is-layout-28f84493 wp-block-columns-is-layout-flex base-block\">\n<div class=\"wp-block-column is-layout-flow wp-block-column-is-layout-flow base-block\">\n<h2 class=\"wp-block-heading base-block\" style=\"font-size:2rem\">Comercializaci\u00f3n<\/h2>\n\n\n\n<p class=\"base-block\">Correo electr\u00f3nico&nbsp;<a href=\"mailto:marketing@santamonica.com\">marketing@santamonica.com<\/a>, si necesita:<\/p>\n\n\n\n<ul class=\"wp-block-list base-block\"><li>Ayuda con consultas y solicitudes relacionadas con publicaciones.<\/li><li>informaci\u00f3n sobre oportunidades publicitarias<\/li><li>Preguntas relacionadas con las iniciativas de marketing en l\u00ednea, incluido SantaMonica.com.<\/li><\/ul>\n<\/div>\n\n\n\n<div class=\"wp-block-column is-layout-flow wp-block-column-is-layout-flow base-block\">\n<h2 class=\"wp-block-heading base-block\" style=\"font-size:2rem\">Medios de comunicaci\u00f3n\/Relaciones p\u00fablicas<\/h2>\n\n\n\n<p class=\"base-block\">Correo electr\u00f3nico&nbsp;<a href=\"mailto:media@santamonica.com\">media@santamonica.com<\/a>, si necesita:<\/p>\n\n\n\n<ul class=\"wp-block-list base-block\"><li>Ayuda para planear una historia sobre Santa M\u00f3nica.<\/li><li>Fotograf\u00eda o material de archivo de Santa M\u00f3nica.<\/li><li>Una cita sobre el turismo en Santa M\u00f3nica.<\/li><\/ul>\n<\/div>\n\n\n\n<div class=\"wp-block-column is-layout-flow wp-block-column-is-layout-flow base-block\">\n<p class=\"base-block\"><\/p>\n<\/div>\n<\/div>","protected":false},"excerpt":{"rendered":"<p>Visitor Information Email&nbsp;info@santamonica.com, if you need: help planning a trip to Santa Monica to order a visitors guide or map have a general question about travel to Santa Monica Meeting [&hellip;]<\/p>\n","protected":false},"author":1450,"featured_media":340703,"parent":0,"menu_order":0,"comment_status":"closed","ping_status":"closed","template":"template-editorial.php","meta":{"_acf_changed":false,"inline_featured_image":false,"footnotes":""},"silos":[3909],"class_list":["post-335401","page","type-page","status-publish","has-post-thumbnail","hentry"],"acf":[],"_links":{"self":[{"href":"https:\/\/www.santamonica.com\/es\/wp-json\/wp\/v2\/pages\/335401","targetHints":{"allow":["GET"]}}],"collection":[{"href":"https:\/\/www.santamonica.com\/es\/wp-json\/wp\/v2\/pages"}],"about":[{"href":"https:\/\/www.santamonica.com\/es\/wp-json\/wp\/v2\/types\/page"}],"author":[{"embeddable":true,"href":"https:\/\/www.santamonica.com\/es\/wp-json\/wp\/v2\/users\/1450"}],"replies":[{"embeddable":true,"href":"https:\/\/www.santamonica.com\/es\/wp-json\/wp\/v2\/comments?post=335401"}],"version-history":[{"count":39,"href":"https:\/\/www.santamonica.com\/es\/wp-json\/wp\/v2\/pages\/335401\/revisions"}],"predecessor-version":[{"id":360726,"href":"https:\/\/www.santamonica.com\/es\/wp-json\/wp\/v2\/pages\/335401\/revisions\/360726"}],"wp:featuredmedia":[{"embeddable":true,"href":"https:\/\/www.santamonica.com\/es\/wp-json\/wp\/v2\/media\/340703"}],"wp:attachment":[{"href":"https:\/\/www.santamonica.com\/es\/wp-json\/wp\/v2\/media?parent=335401"}],"wp:term":[{"taxonomy":"silos","embeddable":true,"href":"https:\/\/www.santamonica.com\/es\/wp-json\/wp\/v2\/silos?post=335401"}],"curies":[{"name":"wp","href":"https:\/\/api.w.org\/{rel}","templated":true}]}}