{"id":335386,"date":"2022-05-13T17:16:19","date_gmt":"2022-05-14T00:16:19","guid":{"rendered":"https:\/\/www.santamonica.com\/?page_id=335386"},"modified":"2025-11-13T06:41:39","modified_gmt":"2025-11-13T14:41:39","slug":"acerca-de","status":"publish","type":"page","link":"https:\/\/www.santamonica.com\/es\/about\/","title":{"rendered":"Qui\u00e9nes somos"},"content":{"rendered":"<div class=\"wp-block-columns is-layout-flex wp-container-core-columns-is-layout-28f84493 wp-block-columns-is-layout-flex base-block\">\n<div class=\"wp-block-column is-layout-flow wp-block-column-is-layout-flow base-block\">\n<h2 class=\"wp-block-heading base-block\" style=\"font-size:2rem\">Nuestra declaraci\u00f3n de misi\u00f3n<\/h2>\n\n\n\n<p class=\"base-block\">Santa Monica Travel &amp; Tourism trabaja para fortalecer nuestra econom\u00eda local mediante la mejora y promoci\u00f3n de nuestra comunidad como un destino tur\u00edstico distintivo, atractivo y acogedor.<\/p>\n<\/div>\n\n\n\n<div class=\"wp-block-column is-layout-flow wp-block-column-is-layout-flow base-block\">\n<h4 class=\"wp-block-heading base-block\" style=\"font-size:2rem\">Nuestra visi\u00f3n<\/h4>\n\n\n\n<p class=\"base-block\">Garantizar que Santa M\u00f3nica sea reconocida como el principal destino tur\u00edstico costero del mundo.<\/p>\n<\/div>\n\n\n\n<div class=\"wp-block-column is-layout-flow wp-block-column-is-layout-flow base-block\">\n<h4 class=\"wp-block-heading base-block\" style=\"font-size:2rem\">Nuestra promesa de marca<\/h4>\n\n\n\n<p class=\"base-block\">Santa M\u00f3nica... una experiencia inolvidable en una ciudad costera llena de gente llamativa, cultura vanguardista e innovaciones audaces. Es la esencia del estilo de vida californiano.<\/p>\n<\/div>\n<\/div>\n\n\n\n    \n    <section class=\"subpage-links container-max sm-block\">\n        <div class=\"subpage-links__diamonds\"><\/div>\n                <div class=\"subpage-links__content\">\n            <div class=\"subpage-links__card\">\n                <div class=\"subpage-links__card-wrapper\">\n                    <a href=\"https:\/\/www.santamonica.com\/es\/acerca-de\/consejos-y-comites\/\" class=\"subpage-links__card-link\" aria-label=\"Consejos y Comit\u00e9s\">\n                                                    <img decoding=\"async\" width=\"550\" height=\"785\" src=\"https:\/\/www.santamonica.com\/wp-content\/uploads\/2022\/06\/smtt.jpg\" class=\"subpage-links__card-image\" alt=\"smtt\" loading=\"lazy\" srcset=\"https:\/\/www.santamonica.com\/wp-content\/uploads\/2022\/06\/smtt.jpg 550w, https:\/\/www.santamonica.com\/wp-content\/uploads\/2022\/06\/smtt-210x300.jpg 210w, https:\/\/www.santamonica.com\/wp-content\/uploads\/2022\/06\/smtt-105x150.jpg 105w\" sizes=\"auto, (max-width: 550px) 100vw, 550px\" title=\"\">                                                                            <div class=\"subpage-links__card-description\">\n                                <span class=\"subpage-links__card-title\">Consejos y Comit\u00e9s<\/span>\n                                <div class=\"subpage-links__card-button card-arrow\">Explore<\/div>\n                            <\/div>\n                                            <\/a>\n                <\/div>\n            <\/div>\n            <div class=\"subpage-links__card\">\n                <div class=\"subpage-links__card-wrapper\">\n                    <a href=\"https:\/\/www.santamonica.com\/es\/valor-economico-del-turismo\/\" class=\"subpage-links__card-link\" aria-label=\"Turismo en Santa M\u00f3nica\">\n                                                    <img decoding=\"async\" width=\"550\" height=\"785\" src=\"https:\/\/www.santamonica.com\/wp-content\/uploads\/2022\/06\/monica-tour.jpg\" class=\"subpage-links__card-image\" alt=\"tour de M\u00f3nica\" loading=\"lazy\" srcset=\"https:\/\/www.santamonica.com\/wp-content\/uploads\/2022\/06\/monica-tour.jpg 550w, https:\/\/www.santamonica.com\/wp-content\/uploads\/2022\/06\/monica-tour-210x300.jpg 210w, https:\/\/www.santamonica.com\/wp-content\/uploads\/2022\/06\/monica-tour-105x150.jpg 105w\" sizes=\"auto, (max-width: 550px) 100vw, 550px\" title=\"\">                                                                            <div class=\"subpage-links__card-description\">\n                                <div class=\"subpage-links__card-title\">Turismo en Santa M\u00f3nica<\/div>\n                                <div class=\"subpage-links__card-button card-arrow\">Explore<\/div>\n                            <\/div>\n                                            <\/a>\n                <\/div>\n            <\/div>\n            <div class=\"subpage-links__card\">\n                <div class=\"subpage-links__card-wrapper\">\n                    <a href=\"https:\/\/www.santamonica.com\/es\/acerca-de\/centros-de-visitantes\/\" class=\"subpage-links__card-link\" aria-label=\"Centros de visitantes\">\n                                                    <img decoding=\"async\" width=\"550\" height=\"785\" src=\"https:\/\/www.santamonica.com\/wp-content\/uploads\/2022\/06\/santa-monica-tourism-and-travel.jpg\" class=\"subpage-links__card-image\" alt=\"turismo y viajes en Santa M\u00f3nica\" loading=\"lazy\" srcset=\"https:\/\/www.santamonica.com\/wp-content\/uploads\/2022\/06\/santa-monica-tourism-and-travel.jpg 550w, https:\/\/www.santamonica.com\/wp-content\/uploads\/2022\/06\/santa-monica-tourism-and-travel-210x300.jpg 210w, https:\/\/www.santamonica.com\/wp-content\/uploads\/2022\/06\/santa-monica-tourism-and-travel-105x150.jpg 105w\" sizes=\"auto, (max-width: 550px) 100vw, 550px\" title=\"\">                                                                            <div class=\"subpage-links__card-description\">\n                                <div class=\"subpage-links__card-title\">Centros de visitantes<\/div>\n                                <div class=\"subpage-links__card-button card-arrow\">Explore<\/div>\n                            <\/div>\n                                            <\/a>\n                <\/div>\n            <\/div>\n        <\/div>\n            <\/section>\n\n\n<section class=\"links-grid --theme3 sm-block\">\n    <div class=\"links-grid__wrapper\">\n                                                    <a href=\"https:\/\/www.santamonica.com\/es\/i-am-santa-monica\/\" class=\"links-grid__card-link\" aria-label=\"Soy Santa M\u00f3nica\" >\n                    <div class=\"links-grid__card\">\n                                                    <div class=\"links-grid__card-image-wrapper\">\n                                <img decoding=\"async\" width=\"400\" height=\"400\" src=\"https:\/\/www.santamonica.com\/wp-content\/uploads\/2022\/06\/santa-monica-travel-400x400.jpg\" class=\"links-grid__card-image\" alt=\"viaje a Santa M\u00f3nica\" loading=\"lazy\" title=\"\">                            <\/div>\n                                                <div class=\"links-grid__card-text\">\n                                                            <div class=\"links-grid__card-title\">Soy Santa M\u00f3nica<\/div>\n                                                                                <\/div>\n                    <\/div>\n                <\/a>\n                                            <a href=\"https:\/\/www.santamonica.com\/es\/about\/careers\/\" class=\"links-grid__card-link\" aria-label=\"Carreras profesionales\" >\n                    <div class=\"links-grid__card\">\n                                                    <div class=\"links-grid__card-image-wrapper\">\n                                <img decoding=\"async\" width=\"400\" height=\"400\" src=\"https:\/\/www.santamonica.com\/wp-content\/uploads\/2025\/01\/Things-To-Do-Activities-and-Attractions-alt-400x400.jpg\" class=\"links-grid__card-image\" alt=\"Carreras profesionales\" loading=\"lazy\" title=\"\">                            <\/div>\n                                                <div class=\"links-grid__card-text\">\n                                                            <div class=\"links-grid__card-title\">Carreras profesionales<\/div>\n                                                                                <\/div>\n                    <\/div>\n                <\/a>\n                                            <a href=\"https:\/\/www.santamonica.com\/es\/about\/staff\/\" class=\"links-grid__card-link\" aria-label=\"Acerca de SMTT: conozca al equipo\" >\n                    <div class=\"links-grid__card\">\n                                                    <div class=\"links-grid__card-image-wrapper\">\n                                <img decoding=\"async\" width=\"400\" height=\"400\" src=\"https:\/\/www.santamonica.com\/wp-content\/uploads\/2022\/06\/smtt-staff-400x400.jpg\" class=\"links-grid__card-image\" alt=\"personal de smtt\" loading=\"lazy\" title=\"\">                            <\/div>\n                                                <div class=\"links-grid__card-text\">\n                                                            <div class=\"links-grid__card-title\">Acerca de SMTT: conozca al equipo<\/div>\n                                                                                <\/div>\n                    <\/div>\n                <\/a>\n                                            <a href=\"https:\/\/www.santamonica.com\/es\/about\/contact-us\/\" class=\"links-grid__card-link\" aria-label=\"P\u00f3ngase en contacto con nosotros\" >\n                    <div class=\"links-grid__card\">\n                                                    <div class=\"links-grid__card-image-wrapper\">\n                                <img decoding=\"async\" width=\"400\" height=\"400\" src=\"https:\/\/www.santamonica.com\/wp-content\/uploads\/2022\/06\/smtt-contact-400x400.jpg\" class=\"links-grid__card-image\" alt=\"Contacto SMTT\" loading=\"lazy\" title=\"\">                            <\/div>\n                                                <div class=\"links-grid__card-text\">\n                                                            <div class=\"links-grid__card-title\">P\u00f3ngase en contacto con nosotros<\/div>\n                                                                                <\/div>\n                    <\/div>\n                <\/a>\n                        <\/div>\n<\/section>\n\n\n\n<section class=\"blog-feed --theme8 sm-block\">\n    <div class=\"blog-feed__content\">\n        <div class=\"blog-feed__intro\">\n                            <div class=\"blog-feed__eyebrow eyebrow\">Blogs<\/div>                                        <h2 class=\"blog-feed__headline\">Comunicados de prensa<\/h2>                                        <div class=\"blog-feed__body\"><p>Explore itinerarios, consejos locales, lugares de inter\u00e9s y aventuras seleccionadas para sacar el m\u00e1ximo partido a su experiencia en Santa M\u00f3nica.<\/p>\n<\/div>\n                                        <a class=\"blog-feed__cta\" href=\"https:\/\/www.santamonica.com\/es\/entradas-de-blog\/\">Ver todos los blogs<\/a>\n                    <\/div>\n\n        <ul class=\"blog-feed__list\">\n                                                <li class=\"blog-feed__item\">\n                        <a href=\"https:\/\/www.santamonica.com\/es\/santa-monica-celebrates-100-years-of-route-66\/\" class=\"blog-feed__item-link\">\n                            <div class=\"blog-feed__image-ratio\">\n                                <img decoding=\"async\" class=\"blog-feed__image\" src=\"https:\/\/www.santamonica.com\/wp-content\/uploads\/2026\/04\/JPG-SMTT_RT66_1-scaled-e1776813310930-400x400.jpg\" alt=\"SANTA M\u00d3NICA CELEBRA LOS 100 A\u00d1OS DE LA RUTA 66\" title=\"\">\n                            <\/div>\n                            <div class=\"blog-feed__card-title\">SANTA M\u00d3NICA CELEBRA LOS 100 A\u00d1OS DE LA RUTA 66<\/div>\n                        <\/a>\n                    <\/li>\n                                                                <li class=\"blog-feed__item\">\n                        <a href=\"https:\/\/www.santamonica.com\/es\/santa-monica-hotels-offer-spring-staycation-discounts-to-residents-of-los-angeles-county-2\/\" class=\"blog-feed__item-link\">\n                            <div class=\"blog-feed__image-ratio\">\n                                <img decoding=\"async\" class=\"blog-feed__image\" src=\"https:\/\/www.santamonica.com\/wp-content\/uploads\/2026\/03\/1-240423_01_SMTT_1143-400x400.jpg\" alt=\"LOS HOTELES DE SANTA M\u00d3NICA OFRECEN DESCUENTOS EN ESTANCIAS DE PRIMAVERA A LOS RESIDENTES DEL CONDADO DE LOS \u00c1NGELES\" title=\"\">\n                            <\/div>\n                            <div class=\"blog-feed__card-title\">LOS HOTELES DE SANTA M\u00d3NICA OFRECEN DESCUENTOS EN ESTANCIAS DE PRIMAVERA A LOS RESIDENTES DEL CONDADO DE LOS \u00c1NGELES<\/div>\n                        <\/a>\n                    <\/li>\n                                                                <li class=\"blog-feed__item\">\n                        <a href=\"https:\/\/www.santamonica.com\/es\/whats-new-in-santa-monica-winter-2026\/\" class=\"blog-feed__item-link\">\n                            <div class=\"blog-feed__image-ratio\">\n                                <img decoding=\"async\" class=\"blog-feed__image\" src=\"https:\/\/www.santamonica.com\/wp-content\/uploads\/2026\/02\/Hotel-Casa-del-Mar-400x400.jpg\" alt=\"NOVEDADES EN SANTA M\u00d3NICA \u2013 INVIERNO DE 2026\" title=\"\">\n                            <\/div>\n                            <div class=\"blog-feed__card-title\">NOVEDADES EN SANTA M\u00d3NICA \u2013 INVIERNO DE 2026<\/div>\n                        <\/a>\n                    <\/li>\n                                    <\/ul>\n    <\/div>\n<\/section>","protected":false},"excerpt":{"rendered":"<p>Our Mission Statement Santa Monica Travel &#038; Tourism works to strengthen our local economy by enhancing and promoting our community as a distinctive, compelling and welcoming travel destination. Our Vision To ensure Santa Monica is recognized as the premier beach-city destination in the world. Our Brand Promise Santa Monica\u2026 an unforgettable beach city experience filled with eye-catching people, cutting edge culture and bold innovations. It\u2019s the essence of the California lifestyle.<\/p>","protected":false},"author":1450,"featured_media":757805,"parent":0,"menu_order":0,"comment_status":"closed","ping_status":"closed","template":"template-editorial.php","meta":{"_acf_changed":false,"inline_featured_image":false,"footnotes":""},"silos":[],"class_list":["post-335386","page","type-page","status-publish","has-post-thumbnail","hentry"],"acf":[],"_links":{"self":[{"href":"https:\/\/www.santamonica.com\/es\/wp-json\/wp\/v2\/pages\/335386","targetHints":{"allow":["GET"]}}],"collection":[{"href":"https:\/\/www.santamonica.com\/es\/wp-json\/wp\/v2\/pages"}],"about":[{"href":"https:\/\/www.santamonica.com\/es\/wp-json\/wp\/v2\/types\/page"}],"author":[{"embeddable":true,"href":"https:\/\/www.santamonica.com\/es\/wp-json\/wp\/v2\/users\/1450"}],"replies":[{"embeddable":true,"href":"https:\/\/www.santamonica.com\/es\/wp-json\/wp\/v2\/comments?post=335386"}],"version-history":[{"count":67,"href":"https:\/\/www.santamonica.com\/es\/wp-json\/wp\/v2\/pages\/335386\/revisions"}],"predecessor-version":[{"id":775875,"href":"https:\/\/www.santamonica.com\/es\/wp-json\/wp\/v2\/pages\/335386\/revisions\/775875"}],"wp:featuredmedia":[{"embeddable":true,"href":"https:\/\/www.santamonica.com\/es\/wp-json\/wp\/v2\/media\/757805"}],"wp:attachment":[{"href":"https:\/\/www.santamonica.com\/es\/wp-json\/wp\/v2\/media?parent=335386"}],"wp:term":[{"taxonomy":"silos","embeddable":true,"href":"https:\/\/www.santamonica.com\/es\/wp-json\/wp\/v2\/silos?post=335386"}],"curies":[{"name":"wp","href":"https:\/\/api.w.org\/{rel}","templated":true}]}}