{"id":335305,"date":"2022-05-13T15:00:53","date_gmt":"2022-05-13T22:00:53","guid":{"rendered":"https:\/\/www.santamonica.com\/?page_id=335305"},"modified":"2026-01-13T13:47:54","modified_gmt":"2026-01-13T21:47:54","slug":"que-llevar","status":"publish","type":"page","link":"https:\/\/www.santamonica.com\/es\/experience-santa-monica\/what-to-pack\/","title":{"rendered":"Qu\u00e9 meter en la maleta"},"content":{"rendered":"<section class=\"two-images container-max sm-block --flip sm-block\">\n    <div class=\"two-images__container --flip\">\n\n        <div class=\"two-images__column\">\n            <div class=\"two-images__content\">\n                <div class=\"two-images__content-header-container\">\n                                            <h2 class=\"two-images__content-header\">\u00bfQu\u00e9 debo llevar puesto para ir a Santa M\u00f3nica?<\/h2>                                    <\/div>\n                                    <div class=\"two-images__content-body wysiwyg\">\n                        <p><span style=\"font-weight: 400;\">Porque <\/span><span style=\"font-weight: 400;\">Santa Monica<\/span><span style=\"font-weight: 400;\"> est\u00e1 situado justo en la playa, el estilo cotidiano tiende a ser m\u00e1s informal y relajado que en otros barrios de Los \u00c1ngeles. Durante los d\u00edas m\u00e1s c\u00e1lidos, ver\u00e1s a mucha gente con camisetas o camisetas sin mangas, pantalones cortos y ropa deportiva elegante mientras pasean por la <\/span><strong><a href=\"https:\/\/www.santamonica.com\/es\/vivir-santa-monica\/barrios\/centro-de-santa-monica-paseo-maritimo-de-la-calle-3\/\">Paseo de la calle Tercera<\/a><\/strong><span style=\"font-weight: 400;\"> o explorar el <\/span><strong><a href=\"https:\/\/www.santamonica.com\/es\/vivir-santa-monica\/barrios\/avenida-montana\/\">tiendas en la avenida Montana<\/a><\/strong><span style=\"font-weight: 400;\">.<\/span><\/p>\n                    <\/div>\n                                            <\/div>\n        <\/div>\n\n        <div class=\"two-images__column\">\n                            <div class=\"two-images__image-container\">\n                    <img decoding=\"async\" width=\"425\" height=\"505\" src=\"https:\/\/www.santamonica.com\/wp-content\/uploads\/2023\/09\/santa-monica-beach.jpg\" class=\"two-images__image\" alt=\"playa de santa m\u00f3nica\" loading=\"lazy\" srcset=\"https:\/\/www.santamonica.com\/wp-content\/uploads\/2023\/09\/santa-monica-beach.jpg 425w, https:\/\/www.santamonica.com\/wp-content\/uploads\/2023\/09\/santa-monica-beach-252x300.jpg 252w, https:\/\/www.santamonica.com\/wp-content\/uploads\/2023\/09\/santa-monica-beach-126x150.jpg 126w\" sizes=\"auto, (max-width: 425px) 100vw, 425px\" title=\"\">                    \n\n                <\/div>\n                    <\/div>\n\n        <div class=\"two-images__column\">\n                            <div class=\"two-images__image-container\">\n                    <img decoding=\"async\" width=\"600\" height=\"565\" src=\"https:\/\/www.santamonica.com\/wp-content\/uploads\/2023\/09\/couple-at-santa-monica.jpg\" class=\"two-images__image\" alt=\"Pareja en Santa M\u00f3nica\" loading=\"lazy\" srcset=\"https:\/\/www.santamonica.com\/wp-content\/uploads\/2023\/09\/couple-at-santa-monica.jpg 600w, https:\/\/www.santamonica.com\/wp-content\/uploads\/2023\/09\/couple-at-santa-monica-300x283.jpg 300w, https:\/\/www.santamonica.com\/wp-content\/uploads\/2023\/09\/couple-at-santa-monica-159x150.jpg 159w\" sizes=\"auto, (max-width: 600px) 100vw, 600px\" title=\"\">                    \n\n                <\/div>\n                    <\/div>\n\n    <\/div>\n<\/section>\n\n\n<section class=\"image-slider --theme1 sm-block\" >\n    <div class=\"image-slider__wrapper\">\n                    <div class=\"image-slider__copy wysiwyg\"><p><span style=\"font-weight: 400;\">A medida que la temperatura baja por las tardes, los locales suelen ponerse jeans; muchas mujeres completan su look con una prenda ligera. <\/span><span style=\"font-weight: 400;\">chaqueta o c\u00e1rdigan<\/span><span style=\"font-weight: 400;\">. Dependiendo <\/span><span style=\"font-weight: 400;\">sobre<\/span><span style=\"font-weight: 400;\"> la temporada<\/span><span style=\"font-weight: 400;\">\u00a0est\u00e1s planeando tu viaje a <\/span><span style=\"font-weight: 400;\">Santa Monica<\/span><span style=\"font-weight: 400;\">, es recomendable llevar una chamarra, ya que las noches de invierno pueden bajar de los 10 grados cent\u00edgrados. Es buena idea vestirse por capas para poder quitarse alguna prenda si la temperatura es m\u00e1s c\u00e1lida de lo esperado. <\/span><span style=\"font-weight: 400;\">No te preocupes si olvidas algo en casa.<\/span><span style=\"font-weight: 400;\">; su\u00e9teres<\/span><span style=\"font-weight: 400;\">,<\/span>\u00a0<span style=\"font-weight: 400;\">chamarras con capucha<\/span><span style=\"font-weight: 400;\"> y camisas de manga larga<\/span><span style=\"font-weight: 400;\"> est\u00e1n ampliamente disponibles en uno de <\/span><span style=\"font-weight: 400;\">Santa Monica<\/span><span style=\"font-weight: 400;\">\u2019muchas caracter\u00edsticas \u00fanicas <\/span><a href=\"https:\/\/www.santamonica.com\/es\/ir-de-compras\/tiendas-por-barrio\/\"><span style=\"font-weight: 400;\"><strong>tiendas<\/strong><\/span><\/a><span style=\"font-weight: 400;\">.<\/span><\/p>\n<p>Cuando pienses qu\u00e9 llevar en tu maleta para tus vacaciones en Santa M\u00f3nica, \u00a1no olvides tu traje de ba\u00f1o! <span style=\"font-weight: 400;\">Desde finales de primavera hasta principios de oto\u00f1o, sin duda puedes nadar en bikini o en ba\u00f1ador. Si tienes un traje de ba\u00f1o demasiado llamativo para la piscina comunitaria de tu casa, \u00a1ahora es el momento de lucirlo! Tambi\u00e9n es posible que quieras llevar contigo una prenda ligera para cubrirte.<\/span><span style=\"font-weight: 400;\"> utilizar<\/span><span style=\"font-weight: 400;\"> por visitar el puesto de comida o pasear por el muelle.<\/span><\/p>\n<\/div>\n                <div class=\"image-slider__slider left\">\n                            <!-- Slider main container -->\n                <div class=\"swiper\">\n                    <!-- Additional required wrapper -->\n                    <div class=\"swiper-wrapper\">\n                        <!-- Slides -->\n                                                    <div class=\"swiper-slide\">\n                                <img decoding=\"async\" width=\"1024\" height=\"683\" src=\"https:\/\/www.santamonica.com\/wp-content\/uploads\/2023\/09\/santa-monica-sun-bathing-1-1024x683.webp\" class=\"swiper-slide__image\" alt=\"ba\u00f1o de sol en Santa M\u00f3nica\" loading=\"lazy\" srcset=\"https:\/\/www.santamonica.com\/wp-content\/uploads\/2023\/09\/santa-monica-sun-bathing-1-1024x683.webp 1024w, https:\/\/www.santamonica.com\/wp-content\/uploads\/2023\/09\/santa-monica-sun-bathing-1-300x200.webp 300w, https:\/\/www.santamonica.com\/wp-content\/uploads\/2023\/09\/santa-monica-sun-bathing-1-225x150.webp 225w, https:\/\/www.santamonica.com\/wp-content\/uploads\/2023\/09\/santa-monica-sun-bathing-1-768x512.webp 768w, https:\/\/www.santamonica.com\/wp-content\/uploads\/2023\/09\/santa-monica-sun-bathing-1-1536x1024.webp 1536w, https:\/\/www.santamonica.com\/wp-content\/uploads\/2023\/09\/santa-monica-sun-bathing-1.webp 2048w\" sizes=\"auto, (max-width: 1024px) 100vw, 1024px\" title=\"\">                                \n\n                            <\/div>\n                                            <\/div>\n                                    <\/div>\n                    <\/div>\n    <\/div>\n<\/section>\n\n\n\n<div class=\"wp-block-columns is-layout-flex wp-container-core-columns-is-layout-28f84493 wp-block-columns-is-layout-flex base-block\">\n<div class=\"wp-block-column is-layout-flow wp-block-column-is-layout-flow base-block\">\n<h4 class=\"wp-block-heading base-block\">Mant\u00e9n la elegancia.<\/h4>\n\n\n\n<p class=\"base-block\">La mayor\u00eda <a href=\"https:\/\/www.santamonica.com\/es\/restaurantes\/guia-gastronomica\/\">Restaurantes de Santa M\u00f3nica<\/a>, Los bares y clubes tienen un c\u00f3digo de vestimenta informal, perfecto para ropa de vacaciones relajada. Sin embargo, debes llevar al menos un atuendo elegante: un par de pantalones que no sean de mezclilla y una camisa con cuello, una blusa bonita o un vestido y accesorios elegantes.<\/p>\n<\/div>\n\n\n\n<div class=\"wp-block-column is-layout-flow wp-block-column-is-layout-flow base-block\">\n<h4 class=\"wp-block-heading base-block\">S\u00e9 flexible.<\/h4>\n\n\n\n<p class=\"base-block\">Ning\u00fan restaurante de Santa M\u00f3nica exige chaqueta y corbata. Para las mujeres, un vestido largo combina muy bien con unas sandalias mientras se pasea por la <a href=\"https:\/\/www.santamonica.com\/es\/vivir-santa-monica\/mercados-de-agricultores\/\">mercado de agricultores<\/a>, pero tambi\u00e9n queda elegante cuando se combina con joyas llamativas y zapatos de tac\u00f3n despu\u00e9s de que se pone el sol. Para los hombres, una camiseta y unos jeans ser\u00e1n perfectos para muchas ocasiones. Aseg\u00farate de llevar una chamarra ligera por si refresca por la noche. &nbsp;<\/p>\n<\/div>\n\n\n\n<div class=\"wp-block-column is-layout-flow wp-block-column-is-layout-flow base-block\">\n<h4 class=\"wp-block-heading base-block\">Traiga una bolsa.<\/h4>\n\n\n\n<p class=\"base-block\">Lleve un bolso peque\u00f1o o una mochila para transportar sus pertenencias. Al caminar tanto, un bolso grande o una mochila grande solo le pesar\u00e1n. Si planea pasar tiempo en la playa, lleve una bolsa de playa. Es mejor llevar algo ligero, preferiblemente con una correa para el hombro o cruzada, para tener las manos libres y poder tomar fotos.<\/p>\n<\/div>\n<\/div>\n\n\n\n<section class=\"two-images container-max sm-block --flip sm-block\">\n    <div class=\"two-images__container --flip\">\n\n        <div class=\"two-images__column\">\n            <div class=\"two-images__content\">\n                <div class=\"two-images__content-header-container\">\n                                            <h2 class=\"two-images__content-header\">Empaquetando zapatos para Santa M\u00f3nica<\/h2>                                    <\/div>\n                                    <div class=\"two-images__content-body wysiwyg\">\n                        <p><span style=\"font-weight: 400;\">C\u00f3modo<\/span><span style=\"font-weight: 400;\"> caminar<\/span><span style=\"font-weight: 400;\"> Los zapatos son esenciales a la hora de hacer las maletas para un viaje a <\/span><span style=\"font-weight: 400;\">Santa Monica<\/span><span style=\"font-weight: 400;\">. Debido a que la ciudad abarca solo 8,3 millas cuadradas <\/span><span style=\"font-weight: 400;\">(21,5 km cuadrados)<\/span><span style=\"font-weight: 400;\">, puedes conseguir casi <\/span><a href=\"https:\/\/www.santamonica.com\/es\/transporte\/transporte-publico\/\"><span style=\"font-weight: 400;\"><strong>a todos los lugares a los que quieras ir a pie<\/strong><\/span><\/a><span style=\"font-weight: 400;\">. <\/span><\/p>\n<p><span style=\"font-weight: 400;\">Lleve uno o dos pares de<\/span><span style=\"font-weight: 400;\"> chanclas<\/span><span style=\"font-weight: 400;\">\u00a0para lucir en la hermosa <\/span><strong><a href=\"https:\/\/www.santamonica.com\/es\/cosas-que-hacer\/playa-de-santa-monica\/\">Playa de Santa M\u00f3nica<\/a><\/strong><span style=\"font-weight: 400;\">,<\/span><span style=\"font-weight: 400;\"> pero aseg\u00farate de llevar tambi\u00e9n algo que te permita aguantar largas horas recorriendo galer\u00edas y tiendas. <\/span><span style=\"font-weight: 400;\">en<\/span> <strong><a href=\"https:\/\/www.santamonica.com\/es\/ir-de-compras\/santa-monica-place\/\">Santa Monica Place<\/a><\/strong><span style=\"font-weight: 400;\">, o disfrutar de las vistas y los sonidos en el <\/span><strong><a href=\"https:\/\/www.santamonica.com\/es\/cosas-que-hacer\/visitar-el-muelle-de-santa-monica\/\">Muelle de Santa M\u00f3nica<\/a><\/strong><span style=\"font-weight: 400;\">. Guarda los zapatos m\u00e1s elegantes para <\/span><strong><a href=\"https:\/\/www.santamonica.com\/es\/vida-nocturna\/\">noches de fiesta en Santa M\u00f3nica<\/a><\/strong><span style=\"font-weight: 400;\">.<\/span><\/p>\n                    <\/div>\n                                            <\/div>\n        <\/div>\n\n        <div class=\"two-images__column\">\n                            <div class=\"two-images__image-container\">\n                    <img decoding=\"async\" width=\"425\" height=\"505\" src=\"https:\/\/www.santamonica.com\/wp-content\/uploads\/2023\/09\/person-next-to-santa-monica-66-sign.jpg\" class=\"two-images__image\" alt=\"persona junto al letrero de Santa M\u00f3nica 66\" loading=\"lazy\" srcset=\"https:\/\/www.santamonica.com\/wp-content\/uploads\/2023\/09\/person-next-to-santa-monica-66-sign.jpg 425w, https:\/\/www.santamonica.com\/wp-content\/uploads\/2023\/09\/person-next-to-santa-monica-66-sign-252x300.jpg 252w, https:\/\/www.santamonica.com\/wp-content\/uploads\/2023\/09\/person-next-to-santa-monica-66-sign-126x150.jpg 126w\" sizes=\"auto, (max-width: 425px) 100vw, 425px\" title=\"\">                    \n\n                <\/div>\n                    <\/div>\n\n        <div class=\"two-images__column\">\n                            <div class=\"two-images__image-container\">\n                    <img decoding=\"async\" width=\"600\" height=\"565\" src=\"https:\/\/www.santamonica.com\/wp-content\/uploads\/2023\/09\/santa-monica-pier.jpg\" class=\"two-images__image\" alt=\"muelle de santa m\u00f3nica\" loading=\"lazy\" srcset=\"https:\/\/www.santamonica.com\/wp-content\/uploads\/2023\/09\/santa-monica-pier.jpg 600w, https:\/\/www.santamonica.com\/wp-content\/uploads\/2023\/09\/santa-monica-pier-300x283.jpg 300w, https:\/\/www.santamonica.com\/wp-content\/uploads\/2023\/09\/santa-monica-pier-159x150.jpg 159w\" sizes=\"auto, (max-width: 600px) 100vw, 600px\" title=\"\">                    \n\n                <\/div>\n                    <\/div>\n\n    <\/div>\n<\/section>\n\n\n<section class=\"sun-title sm-block --theme6 sm-block\">\n            <h2 class=\"sun-title__headline\">Siempre lleve consigo estos art\u00edculos<\/h2>    \n            <div class=\"sun-title__body  wysiwyg\">\n                    <p><span style=\"font-weight: 400;\">No importa en qu\u00e9 temporada nos visites. <\/span><span style=\"font-weight: 400;\">Santa Monica<\/span><span style=\"font-weight: 400;\">, aseg\u00farate de llevar contigo la siguiente ropa de vacaciones: unas gafas de sol, una gorra o un sombrero y un bote de crema solar.<\/span><\/p>\n<p><span style=\"font-weight: 400;\">Los rayos del sol pueden ser muy fuertes, incluso cuando las temperaturas son m\u00e1s bajas o el d\u00eda est\u00e1 nublado. Es importante proteger los ojos del resplandor y la piel de posibles quemaduras solares. Aunque tiende a broncearse f\u00e1cilmente, siempre es mejor aplicar protector solar 30 minutos antes de salir. <\/span><strong><a href=\"https:\/\/www.santamonica.com\/es\/hoteles\/alojamiento-en-santa-monica\/\">hotel <\/a><\/strong><span style=\"font-weight: 400;\">habitaci\u00f3n, y luego cada dos horas que est\u00e9s fuera.<\/span><\/p>\n<p><span style=\"font-weight: 400;\">Si te apetece darte un chapuz\u00f3n en el Pac\u00edfico durante tu estancia (y estamos seguros de que as\u00ed ser\u00e1), te alegrar\u00e1s de llevar contigo un poco de protector solar extra. <\/span><span style=\"font-weight: 400;\">Santa Monica<\/span><span style=\"font-weight: 400;\"> bolsa de d\u00eda.<\/span><\/p>\n                        <\/div>\n    <\/section>\n\n\n<section class=\"image-slider --theme1 sm-block\" >\n    <div class=\"image-slider__wrapper\">\n                    <div class=\"image-slider__copy wysiwyg\"><p><span style=\"font-weight: 400;\">Si necesita un lugar donde guardar sus pertenencias o equipaje mientras explora Santa M\u00f3nica, Santa Monica Bike Center dispone de taquillas. El costo es de $10 por d\u00eda y por art\u00edculo, o $5 por d\u00eda y por art\u00edculo si se alquila una bicicleta. Todas las bolsas y pertenencias deben recogerse antes del cierre, que es a las 7 p. m. todos los d\u00edas.<\/span><\/p>\n<p><span style=\"font-weight: 400;\">Descargar el<\/span><a href=\"https:\/\/usebounce.com\/\" target=\"_blank\" rel=\"noopener\"><span style=\"font-weight: 400;\"><strong> Aplicaci\u00f3n Bounce<\/strong><\/span><\/a><span style=\"font-weight: 400;\">\u00a0 para conocer otros lugares donde guardar equipaje en Santa M\u00f3nica, incluidas las dos tiendas Sand n\u2019 Surf, para guardarlo durante un d\u00eda, una noche o varios d\u00edas.<\/span><\/p>\n<\/div>\n                <div class=\"image-slider__slider right\">\n                            <!-- Slider main container -->\n                <div class=\"swiper\">\n                    <!-- Additional required wrapper -->\n                    <div class=\"swiper-wrapper\">\n                        <!-- Slides -->\n                                                    <div class=\"swiper-slide\">\n                                <img decoding=\"async\" width=\"1024\" height=\"576\" src=\"https:\/\/www.santamonica.com\/wp-content\/uploads\/2023\/09\/santa-monica.jpg\" class=\"swiper-slide__image\" alt=\"Santa M\u00f3nica\" loading=\"lazy\" srcset=\"https:\/\/www.santamonica.com\/wp-content\/uploads\/2023\/09\/santa-monica.jpg 1024w, https:\/\/www.santamonica.com\/wp-content\/uploads\/2023\/09\/santa-monica-300x169.jpg 300w, https:\/\/www.santamonica.com\/wp-content\/uploads\/2023\/09\/santa-monica-267x150.jpg 267w, https:\/\/www.santamonica.com\/wp-content\/uploads\/2023\/09\/santa-monica-768x432.jpg 768w\" sizes=\"auto, (max-width: 1024px) 100vw, 1024px\" title=\"\">                                \n\n            <a href=\"https:\/\/www.santamonica.com\/es\/cosas-que-hacer\/centro-de-bicicletas-de-santa-monica\/\" class=\"img-lctn-tag --right\">\n            <div class=\"img-lctn-tag-inside-link image-slider__image-caption right\">Centro Ciclista de Santa M\u00f3nica<\/div>\n        <\/a>\n                                <\/div>\n                                            <\/div>\n                                    <\/div>\n                    <\/div>\n    <\/div>\n<\/section>","protected":false},"excerpt":{"rendered":"<p>Stay classy Most Santa Monica restaurants, bars, and clubs have a casual dress code that is perfect for relaxed vacation wear. However, you still should pack at least one upscale outfit\u2014a pair of non-denim pants and a collared shirt, a nice blouse or a dress and stylish accessories. Be flexible No restaurants in Santa Monica require a coat and tie. For the ladies, a maxi dress works well with sandals while browsing the farmers\u2019 market, but it also looks chic when paired with bold jewelry and wedge heels after the sun goes down. For the guys, a t-shirt and jeans [\u2026]<\/p>\n","protected":false},"author":1450,"featured_media":757765,"parent":0,"menu_order":0,"comment_status":"closed","ping_status":"closed","template":"template-editorial.php","meta":{"_acf_changed":false,"inline_featured_image":false,"footnotes":""},"silos":[3887],"class_list":["post-335305","page","type-page","status-publish","has-post-thumbnail","hentry"],"acf":[],"_links":{"self":[{"href":"https:\/\/www.santamonica.com\/es\/wp-json\/wp\/v2\/pages\/335305","targetHints":{"allow":["GET"]}}],"collection":[{"href":"https:\/\/www.santamonica.com\/es\/wp-json\/wp\/v2\/pages"}],"about":[{"href":"https:\/\/www.santamonica.com\/es\/wp-json\/wp\/v2\/types\/page"}],"author":[{"embeddable":true,"href":"https:\/\/www.santamonica.com\/es\/wp-json\/wp\/v2\/users\/1450"}],"replies":[{"embeddable":true,"href":"https:\/\/www.santamonica.com\/es\/wp-json\/wp\/v2\/comments?post=335305"}],"version-history":[{"count":71,"href":"https:\/\/www.santamonica.com\/es\/wp-json\/wp\/v2\/pages\/335305\/revisions"}],"predecessor-version":[{"id":781578,"href":"https:\/\/www.santamonica.com\/es\/wp-json\/wp\/v2\/pages\/335305\/revisions\/781578"}],"wp:featuredmedia":[{"embeddable":true,"href":"https:\/\/www.santamonica.com\/es\/wp-json\/wp\/v2\/media\/757765"}],"wp:attachment":[{"href":"https:\/\/www.santamonica.com\/es\/wp-json\/wp\/v2\/media?parent=335305"}],"wp:term":[{"taxonomy":"silos","embeddable":true,"href":"https:\/\/www.santamonica.com\/es\/wp-json\/wp\/v2\/silos?post=335305"}],"curies":[{"name":"wp","href":"https:\/\/api.w.org\/{rel}","templated":true}]}}