{"id":335287,"date":"2022-05-13T14:57:37","date_gmt":"2022-05-13T21:57:37","guid":{"rendered":"https:\/\/www.santamonica.com\/?page_id=335287"},"modified":"2025-08-05T12:17:19","modified_gmt":"2025-08-05T19:17:19","slug":"vida-nocturna","status":"publish","type":"page","link":"https:\/\/www.santamonica.com\/es\/nightlife\/","title":{"rendered":"Vida nocturna"},"content":{"rendered":"<section class=\"sun-title sm-block --theme6 sm-block\">\n            <h2 class=\"sun-title__headline\">Barras en azoteas<\/h2>    \n            <div class=\"sun-title__body  wysiwyg\">\n                    <div class=\"is-layout-flow wp-block-column is-vertically-aligned-center base-block\">\n<p class=\"base-block\">Los bares en las azoteas de Santa M\u00f3nica ofrecen una experiencia \u00fanica e inolvidable tanto para los locales como para los visitantes. Con impresionantes vistas panor\u00e1micas de la ciudad y el oc\u00e9ano Pac\u00edfico, estos bares son el escenario perfecto para disfrutar de una noche de c\u00f3cteles y charlar con amigos. Tanto si buscas un ambiente lujoso, como el de The Coco Club, como si prefieres el ambiente m\u00e1s relajado que ofrece LouLou en Santa Monica Place, Santa M\u00f3nica tiene muchas opciones entre las que elegir.<\/p>\n<\/div>\n<div class=\"is-layout-flow wp-block-column is-vertically-aligned-center base-block\"><\/div>\n                        <\/div>\n    <\/section>\n\n\n<section class=\"image-slider --theme1 sm-block\" >\n    <div class=\"image-slider__wrapper\">\n                    <div class=\"image-slider__copy wysiwyg\"><h3>Elefante<\/h3>\n<p>La azotea de <strong><a href=\"https:\/\/www.santamonica.com\/es\/restaurantes\/casa-de-playa-elefante\/\">Elefante<\/a><\/strong> es un destino imprescindible para aquellos que desean disfrutar de unas vistas impresionantes, una comida deliciosa y c\u00f3cteles artesanales. El bar de la azotea ofrece un men\u00fa de inspiraci\u00f3n mediterr\u00e1nea que destaca los sabores y los ingredientes de la regi\u00f3n.<\/p>\n<h3>Calabra<\/h3>\n<p><strong><a href=\"https:\/\/www.santamonica.com\/es\/restaurantes\/calabra\/\">Calabra's<\/a><\/strong> El bar y restaurante de la azotea se encuentra en la quinta planta del hotel Santa Monica Proper. Este sofisticado bar ofrece una experiencia \u00fanica que sin duda le impresionar\u00e1. El bar est\u00e1 decorado con un estilo elegante, con una est\u00e9tica moderna y minimalista, y cuenta con c\u00f3modas zonas para sentarse y una iluminaci\u00f3n ambiental que crea un ambiente c\u00e1lido y acogedor.<\/p>\n<\/div>\n                <div class=\"image-slider__slider right\">\n                            <!-- Slider main container -->\n                <div class=\"swiper js-image-slider\">\n                    <!-- Additional required wrapper -->\n                    <div class=\"swiper-wrapper\">\n                        <!-- Slides -->\n                                                    <div class=\"swiper-slide\">\n                                <img decoding=\"async\" width=\"1024\" height=\"580\" src=\"https:\/\/www.santamonica.com\/wp-content\/uploads\/2023\/05\/1024x580-Elephante-Rooftop-Restaurant-and-Bar-Santa-Monica.jpg\" class=\"swiper-slide__image\" alt=\"Restaurante y bar Elephante Rooftop\" loading=\"lazy\" srcset=\"https:\/\/www.santamonica.com\/wp-content\/uploads\/2023\/05\/1024x580-Elephante-Rooftop-Restaurant-and-Bar-Santa-Monica.jpg 1024w, https:\/\/www.santamonica.com\/wp-content\/uploads\/2023\/05\/1024x580-Elephante-Rooftop-Restaurant-and-Bar-Santa-Monica-300x170.jpg 300w, https:\/\/www.santamonica.com\/wp-content\/uploads\/2023\/05\/1024x580-Elephante-Rooftop-Restaurant-and-Bar-Santa-Monica-265x150.jpg 265w, https:\/\/www.santamonica.com\/wp-content\/uploads\/2023\/05\/1024x580-Elephante-Rooftop-Restaurant-and-Bar-Santa-Monica-768x435.jpg 768w\" sizes=\"auto, (max-width: 1024px) 100vw, 1024px\" title=\"\">                                \n\n            <div class=\"img-lctn-tag --no-link image-slider__image-caption --right\">Restaurante y bar Elephante Rooftop<\/div>\n                                <\/div>\n                                                    <div class=\"swiper-slide\">\n                                <img decoding=\"async\" width=\"1024\" height=\"576\" src=\"https:\/\/www.santamonica.com\/wp-content\/uploads\/2022\/05\/santa-monica-proper-hotel.jpg\" class=\"swiper-slide__image\" alt=\"Hotel Santa Monica Proper\" loading=\"lazy\" srcset=\"https:\/\/www.santamonica.com\/wp-content\/uploads\/2022\/05\/santa-monica-proper-hotel.jpg 1024w, https:\/\/www.santamonica.com\/wp-content\/uploads\/2022\/05\/santa-monica-proper-hotel-300x169.jpg 300w, https:\/\/www.santamonica.com\/wp-content\/uploads\/2022\/05\/santa-monica-proper-hotel-267x150.jpg 267w, https:\/\/www.santamonica.com\/wp-content\/uploads\/2022\/05\/santa-monica-proper-hotel-768x432.jpg 768w\" sizes=\"auto, (max-width: 1024px) 100vw, 1024px\" title=\"\">                                \n\n            <a href=\"https:\/\/www.santamonica.com\/es\/hoteles\/hotel-en-santa-monica\/\"  class=\"img-lctn-tag --right\">\n            <div class=\"img-lctn-tag-inside-link image-slider__image-caption right\">Hotel Santa Monica Proper<\/div>\n        <\/a>\n                                <\/div>\n                                            <\/div>\n                                            <div class=\"image-slider__swiper-controls-wrapper-relocator\">\n                            <div class=\"image-slider__swiper-controls-wrapper\">\n                                <div class=\"swiper-pagination\"><\/div>\n                                <div class=\"swiper-button-prev-custom\">\n                                    <div class=\"arrow-button-left\"><\/div>\n                                <\/div>\n                                <div class=\"swiper-button-next-custom\">\n                                    <div class=\"arrow-button-right\"><\/div>\n                                <\/div>\n                            <\/div>\n                        <\/div>\n                                    <\/div>\n                    <\/div>\n    <\/div>\n<\/section>\n\n\n<section class=\"image-slider --theme1 sm-block\" >\n    <div class=\"image-slider__wrapper\">\n                    <div class=\"image-slider__copy wysiwyg\"><h3>El Club Coco<\/h3>\n<p>El bar de la azotea en\u00a0<strong><a href=\"https:\/\/www.santamonica.com\/es\/reuniones\/el-club-coco\/\">El Club Coco<\/a><\/strong>\u00a0Se encuentra en la sexta planta del Beacon Hotel y ofrece unas vistas impresionantes del oc\u00e9ano Pac\u00edfico y la costa de Santa M\u00f3nica. El bar es un lugar moderno y elegante para aquellos que buscan una experiencia \u00fanica y exclusiva en una de las ciudades costeras m\u00e1s emblem\u00e1ticas de California.<\/p>\n<h3>LouLou<\/h3>\n<p><strong><a href=\"https:\/\/www.santamonica.com\/es\/reuniones\/restaurante-y-salon-en-la-azotea-loulou\/\">LouLou Santa M\u00f3nica<\/a><\/strong>\u00a0es un elegante y sofisticado bar y restaurante situado en la azotea de la terraza gastron\u00f3mica de Santa Monica Place, que ofrece un ambiente relajante con impresionantes vistas al oc\u00e9ano y a la ciudad circundante. Esta experiencia gastron\u00f3mica francesa y californiana cuenta con lujosos asientos, c\u00f3modos sillones y una decoraci\u00f3n elegante que irradia elegancia y modernidad. La terraza exterior tambi\u00e9n est\u00e1 climatizada y tiene capacidad para grupos m\u00e1s grandes.<\/p>\n<\/div>\n                <div class=\"image-slider__slider left\">\n                            <!-- Slider main container -->\n                <div class=\"swiper js-image-slider\">\n                    <!-- Additional required wrapper -->\n                    <div class=\"swiper-wrapper\">\n                        <!-- Slides -->\n                                                    <div class=\"swiper-slide\">\n                                <img decoding=\"async\" width=\"1024\" height=\"580\" src=\"https:\/\/www.santamonica.com\/wp-content\/uploads\/2024\/03\/The-Coco-Club-Santa-Monica.jpg\" class=\"swiper-slide__image\" alt=\"El Coco Club con vistas al oc\u00e9ano\" loading=\"lazy\" srcset=\"https:\/\/www.santamonica.com\/wp-content\/uploads\/2024\/03\/The-Coco-Club-Santa-Monica.jpg 1024w, https:\/\/www.santamonica.com\/wp-content\/uploads\/2024\/03\/The-Coco-Club-Santa-Monica-300x170.jpg 300w, https:\/\/www.santamonica.com\/wp-content\/uploads\/2024\/03\/The-Coco-Club-Santa-Monica-265x150.jpg 265w, https:\/\/www.santamonica.com\/wp-content\/uploads\/2024\/03\/The-Coco-Club-Santa-Monica-768x435.jpg 768w\" sizes=\"auto, (max-width: 1024px) 100vw, 1024px\" title=\"\">                                \n\n            <a href=\"https:\/\/www.santamonica.com\/es\/reuniones\/el-club-coco\/\"  class=\"img-lctn-tag --right\">\n            <div class=\"img-lctn-tag-inside-link image-slider__image-caption right\">El Club Coco<\/div>\n        <\/a>\n                                <\/div>\n                                                    <div class=\"swiper-slide\">\n                                <img decoding=\"async\" width=\"1024\" height=\"683\" src=\"https:\/\/www.santamonica.com\/wp-content\/uploads\/2023\/05\/Loulous-Nightlife-1024x683.webp\" class=\"swiper-slide__image\" alt=\"Loulou Santa M\u00f3nica vida nocturna\" loading=\"lazy\" srcset=\"https:\/\/www.santamonica.com\/wp-content\/uploads\/2023\/05\/Loulous-Nightlife-1024x683.webp 1024w, https:\/\/www.santamonica.com\/wp-content\/uploads\/2023\/05\/Loulous-Nightlife-300x200.webp 300w, https:\/\/www.santamonica.com\/wp-content\/uploads\/2023\/05\/Loulous-Nightlife-225x150.webp 225w, https:\/\/www.santamonica.com\/wp-content\/uploads\/2023\/05\/Loulous-Nightlife-768x512.webp 768w, https:\/\/www.santamonica.com\/wp-content\/uploads\/2023\/05\/Loulous-Nightlife.webp 1313w\" sizes=\"auto, (max-width: 1024px) 100vw, 1024px\" title=\"\">                                \n\n            <div class=\"img-lctn-tag --no-link image-slider__image-caption --right\">Loulou Santa M\u00f3nica vida nocturna<\/div>\n                                <\/div>\n                                            <\/div>\n                                            <div class=\"image-slider__swiper-controls-wrapper-relocator\">\n                            <div class=\"image-slider__swiper-controls-wrapper\">\n                                <div class=\"swiper-pagination\"><\/div>\n                                <div class=\"swiper-button-prev-custom\">\n                                    <div class=\"arrow-button-left\"><\/div>\n                                <\/div>\n                                <div class=\"swiper-button-next-custom\">\n                                    <div class=\"arrow-button-right\"><\/div>\n                                <\/div>\n                            <\/div>\n                        <\/div>\n                                    <\/div>\n                    <\/div>\n    <\/div>\n<\/section>\n\n\n<section class=\"sun-title sm-block --theme6 --2col sm-block\">\n            <h2 class=\"sun-title__headline\">Bares de lujo<\/h2>    \n            <div class=\"sun-title__body  --2col wysiwyg\">\n                    <div class=\"column-1\">\n                <p><span style=\"font-weight: 400;\">Los bares de lujo de Santa M\u00f3nica ofrecen una experiencia nocturna sofisticada y lujosa para aquellos que buscan un ambiente m\u00e1s exclusivo. <\/span><strong><a href=\"https:\/\/www.santamonica.com\/es\/restaurantes\/el-bungalo\/\">El Bungalow<\/a><\/strong><span style=\"font-weight: 400;\"> en El <\/span><span style=\"font-weight: 400;\">Hotel Fairmont Miramar<\/span><span style=\"font-weight: 400;\"> es uno de los bares m\u00e1s populares, donde te sentir\u00e1s como si te hubieran invitado a la fiesta m\u00e1s elegante de California. La acogedora decoraci\u00f3n, con mesas de ping pong y juegos de mesa, crea un ambiente relajado y agradable. <\/span><\/p>\n                            <\/div>\n            <div class=\"column-2\">\n                <p><span style=\"font-weight: 400;\">Visite <\/span><strong><a href=\"https:\/\/www.santamonica.com\/es\/restaurantes\/el-atico\/\">El \u00e1tico<\/a><\/strong><span style=\"font-weight: 400;\"> para disfrutar de unas vistas incomparables del Pac\u00edfico, situado en la parte superior de la exclusiva playa Huntley Santa Monica, frente a <\/span><span style=\"font-weight: 400;\">Playa de Santa M\u00f3nica<\/span><span style=\"font-weight: 400;\">. Disfrute de la cocina californiana junto con c\u00f3cteles artesanales exclusivos en una de sus elegantes caba\u00f1as restaurante, mientras se deleita con las vistas de 360 grados de la ciudad, la playa y el oc\u00e9ano Pac\u00edfico. Los bares de lujo de Santa M\u00f3nica son el destino perfecto para aquellos que buscan una experiencia nocturna sofisticada e inolvidable.<\/span><\/p>\n                            <\/div>\n            <\/div>\n    <\/section>\n\n\n\n<section class=\"two-images container-max sm-block  sm-block\">\n    <div class=\"two-images__container\">\n\n        <div class=\"two-images__column\">\n            <div class=\"two-images__content\">\n                <div class=\"two-images__content-header-container\">\n                                            <h2 class=\"two-images__content-header\">Ofertas especiales de la hora feliz en el muelle de Santa M\u00f3nica<\/h2>                                    <\/div>\n                                    <div class=\"two-images__content-body wysiwyg\">\n                        <p><span style=\"font-weight: 400;\">Descubre lo incre\u00edble <\/span><strong><a href=\"https:\/\/www.santamonica.com\/es\/restaurantes\/hora-feliz\/\">ofertas especiales de la hora feliz<\/a><\/strong><span style=\"font-weight: 400;\"> \u00a1Disponible en Santa M\u00f3nica! Disfrute de bebidas y aperitivos con descuento por solo $5 en varios bares y restaurantes de la zona, lo que le brinda la oportunidad perfecta para saborear los diversos sabores de Santa M\u00f3nica sin gastar mucho dinero. \u00bfPor qu\u00e9 limitarse a un solo lugar cuando puede explorar varios? <\/span><span style=\"font-weight: 400;\">hora feliz<\/span><span style=\"font-weight: 400;\"> \u00bfUbicaciones en Santa M\u00f3nica? \u00a1Salud por los excelentes precios y las experiencias a\u00fan mejores!<\/span><\/p>\n                    <\/div>\n                                            <\/div>\n        <\/div>\n\n        <div class=\"two-images__column\">\n                            <div class=\"two-images__image-container\">\n                    <img decoding=\"async\" width=\"425\" height=\"505\" src=\"https:\/\/www.santamonica.com\/wp-content\/uploads\/2023\/05\/upscale-southern-california-nightlife.jpg\" class=\"two-images__image\" alt=\"vida nocturna de lujo en el sur de California\" loading=\"lazy\" srcset=\"https:\/\/www.santamonica.com\/wp-content\/uploads\/2023\/05\/upscale-southern-california-nightlife.jpg 425w, https:\/\/www.santamonica.com\/wp-content\/uploads\/2023\/05\/upscale-southern-california-nightlife-252x300.jpg 252w, https:\/\/www.santamonica.com\/wp-content\/uploads\/2023\/05\/upscale-southern-california-nightlife-126x150.jpg 126w\" sizes=\"auto, (max-width: 425px) 100vw, 425px\" title=\"\">                    \n\n                <\/div>\n                    <\/div>\n\n        <div class=\"two-images__column\">\n                            <div class=\"two-images__image-container\">\n                    <img decoding=\"async\" width=\"600\" height=\"565\" src=\"https:\/\/www.santamonica.com\/wp-content\/uploads\/2023\/05\/bar-in-santa-monica.jpg\" class=\"two-images__image\" alt=\"bar en Santa M\u00f3nica\" loading=\"lazy\" srcset=\"https:\/\/www.santamonica.com\/wp-content\/uploads\/2023\/05\/bar-in-santa-monica.jpg 600w, https:\/\/www.santamonica.com\/wp-content\/uploads\/2023\/05\/bar-in-santa-monica-300x283.jpg 300w, https:\/\/www.santamonica.com\/wp-content\/uploads\/2023\/05\/bar-in-santa-monica-159x150.jpg 159w\" sizes=\"auto, (max-width: 600px) 100vw, 600px\" title=\"\">                    \n\n                <\/div>\n                    <\/div>\n\n    <\/div>\n<\/section>\n\n\n<section class=\"sun-title sm-block --theme6 sm-block\">\n            <h2 class=\"sun-title__headline\">\u00bfSanta M\u00f3nica tiene buena vida nocturna?<\/h2>    \n            <div class=\"sun-title__body  wysiwyg\">\n                    <p><span style=\"font-weight: 400;\">Santa M\u00f3nica tiene una vida nocturna vibrante y diversa, con muchas opciones para todos los gustos. Ya sea que busques un bar en la azotea con vistas impresionantes, un bar animado con m\u00fasica en vivo o un sal\u00f3n de lujo para una noche m\u00e1s sofisticada, Santa M\u00f3nica lo tiene todo. Con sus hermosas playas, su clima soleado y sus emocionantes opciones de vida nocturna, Santa M\u00f3nica es un lugar perfecto para disfrutar de una noche memorable con amigos o seres queridos. Despu\u00e9s de una incre\u00edble noche disfrutando de la vida nocturna de Santa M\u00f3nica, recup\u00e9rate con un fant\u00e1stico <\/span><strong><a href=\"https:\/\/www.santamonica.com\/es\/restaurantes\/brunch\/\">brunch en Santa M\u00f3nica<\/a><\/strong><span style=\"font-weight: 400;\">.\u00a0 <\/span><\/p>\n                        <\/div>\n    <\/section>\n\n\n<section class=\"sun-title sm-block --theme6 sm-block\">\n            <h2 class=\"sun-title__headline\">\u00a1Descubre los mejores clubes, bares, locales de m\u00fasica, bares en azoteas, bares deportivos y mucho m\u00e1s en Santa M\u00f3nica!<\/h2>    \n            <div class=\"sun-title__body  wysiwyg\">\n                    <p><span style=\"font-weight: 400;\">Ya sea que est\u00e9s buscando un lugar con iluminaci\u00f3n tenue <\/span><strong><a href=\"https:\/\/www.santamonica.com\/es\/vida-nocturna\/guia-de-bares-de-santa-monica\/barras-de-vinos\/\">bar de vinos<\/a><\/strong><span style=\"font-weight: 400;\"> o alg\u00fan lugar donde puedas ponerte tus chanclas despu\u00e9s de pasar un d\u00eda en <\/span><a href=\"https:\/\/www.santamonica.com\/es\/cosas-que-hacer\/playa-de-santa-monica\/\"><span style=\"font-weight: 400;\"><strong>Playa de Santa M\u00f3nica<\/strong><\/span><\/a><span style=\"font-weight: 400;\">,<\/span><span style=\"font-weight: 400;\"> Hay excelentes opciones en todos los barrios. Echa un vistazo a <\/span><span style=\"font-weight: 400;\">nuestro <\/span><strong><a href=\"https:\/\/www.santamonica.com\/es\/vida-nocturna\/guia-de-bares-de-santa-monica\/\">Gu\u00eda de bares de Santa M\u00f3nica<\/a><\/strong><span style=\"font-weight: 400;\"> encontrar los mejores lugares<\/span><span style=\"font-weight: 400;\">\u00a0para ver un partido importante, bucear con <\/span><span style=\"font-weight: 400;\">cerveza artesanal<\/span><span style=\"font-weight: 400;\"> \u00a1Listas interminables o discotecas donde puedes bailar toda la noche en Santa M\u00f3nica, California!<\/span><\/p>\n                        <\/div>\n    <\/section>","protected":false},"excerpt":{"rendered":"","protected":false},"author":1450,"featured_media":379999,"parent":0,"menu_order":0,"comment_status":"closed","ping_status":"closed","template":"template-stakeholder-listing.php","meta":{"_acf_changed":false,"inline_featured_image":false,"footnotes":""},"silos":[],"class_list":["post-335287","page","type-page","status-publish","has-post-thumbnail","hentry"],"acf":[],"_links":{"self":[{"href":"https:\/\/www.santamonica.com\/es\/wp-json\/wp\/v2\/pages\/335287","targetHints":{"allow":["GET"]}}],"collection":[{"href":"https:\/\/www.santamonica.com\/es\/wp-json\/wp\/v2\/pages"}],"about":[{"href":"https:\/\/www.santamonica.com\/es\/wp-json\/wp\/v2\/types\/page"}],"author":[{"embeddable":true,"href":"https:\/\/www.santamonica.com\/es\/wp-json\/wp\/v2\/users\/1450"}],"replies":[{"embeddable":true,"href":"https:\/\/www.santamonica.com\/es\/wp-json\/wp\/v2\/comments?post=335287"}],"version-history":[{"count":48,"href":"https:\/\/www.santamonica.com\/es\/wp-json\/wp\/v2\/pages\/335287\/revisions"}],"predecessor-version":[{"id":431477,"href":"https:\/\/www.santamonica.com\/es\/wp-json\/wp\/v2\/pages\/335287\/revisions\/431477"}],"wp:featuredmedia":[{"embeddable":true,"href":"https:\/\/www.santamonica.com\/es\/wp-json\/wp\/v2\/media\/379999"}],"wp:attachment":[{"href":"https:\/\/www.santamonica.com\/es\/wp-json\/wp\/v2\/media?parent=335287"}],"wp:term":[{"taxonomy":"silos","embeddable":true,"href":"https:\/\/www.santamonica.com\/es\/wp-json\/wp\/v2\/silos?post=335287"}],"curies":[{"name":"wp","href":"https:\/\/api.w.org\/{rel}","templated":true}]}}