{"id":335275,"date":"2022-05-13T14:56:40","date_gmt":"2022-05-13T21:56:40","guid":{"rendered":"https:\/\/www.santamonica.com\/?page_id=335275"},"modified":"2026-01-13T13:39:19","modified_gmt":"2026-01-13T21:39:19","slug":"restaurantes","status":"publish","type":"page","link":"https:\/\/www.santamonica.com\/es\/restaurants\/","title":{"rendered":"Buscar un restaurante"},"content":{"rendered":"<section class=\"sun-title sm-block --theme6 --2col sm-block\">\n            <h3 class=\"sun-title__headline\">Disfruta de Santa M\u00f3nica<\/h3>    \n            <div class=\"sun-title__body  --2col wysiwyg\">\n                    <div class=\"column-1\">\n                <p>Los restaurantes de Santa M\u00f3nica se est\u00e1n convirtiendo r\u00e1pidamente en el sue\u00f1o hecho realidad de cualquier amante de la gastronom\u00eda, con innovaciones culinarias capaces de captar la atenci\u00f3n incluso de los comensales m\u00e1s exigentes.<\/p>\n<p>Encontrar los mejores restaurantes de Santa M\u00f3nica es f\u00e1cil con nuestro <a href=\"https:\/\/www.santamonica.com\/es\/restaurantes\/guia-gastronomica\/\">Gu\u00eda de restaurantes de Santa M\u00f3nica<\/a>, que ofrece una gran variedad de cocinas, como la del sudeste asi\u00e1tico y la franco-estadounidense. La gu\u00eda de restaurantes de Santa M\u00f3nica te facilita la elecci\u00f3n entre deliciosas delicatessen italianas, como <a href=\"https:\/\/www.santamonica.com\/es\/restaurante\/tienda-de-delicatessen-italiana-de-bay-cities\/\">Bay Cities Italian Deli<\/a>, restaurantes con productos frescos directamente del campo a la mesa, como <a href=\"https:\/\/www.santamonica.com\/es\/restaurante\/restaurante-fig\/\">FIG<\/a> y opciones gastron\u00f3micas de lujo, como el restaurante de Josiah Citrin, galardonado con dos estrellas Michelin., <a href=\"https:\/\/www.santamonica.com\/es\/restaurante\/melisa\/\">M\u00e9lisse<\/a> y una estrella <a href=\"https:\/\/www.santamonica.com\/es\/restaurantes\/citrino\/\">Citrin<\/a>.<\/p>\n<p>Comience la ma\u00f1ana con un paseo por Montana Avenue, repleta de cafeter\u00edas y caf\u00e9s, o haga una parada en<a href=\"https:\/\/www.santamonica.com\/es\/restaurante\/oficina-de-mi-papa\/\"> Oficina del padre<\/a> para probar la famosa \u201cOffice Burger\u201d para almorzar. Si quieres tomar una bebida saludable a cualquier hora del d\u00eda, pasa por <a href=\"https:\/\/www.santamonica.com\/es\/restaurante\/kreation-kafe-jugueria\/\">Kreation Kafe<\/a> para una variedad de jugos reci\u00e9n exprimidos.<\/p>\n                            <\/div>\n            <div class=\"column-2\">\n                <p>Viaja hasta el 3rd Street Promenade, en el centro de Santa M\u00f3nica, para disfrutar de una velada rom\u00e1ntica en la que podr\u00e1s subir en ascensor hasta la planta 18. <a href=\"https:\/\/www.santamonica.com\/es\/restaurante\/el-atico\/\">El \u00e1tico<\/a> de Huntley Santa Monica Beach para disfrutar de c\u00f3cteles durante la hora feliz o una copa de vino a\u00f1ejo mientras contempla el pintoresco paisaje marino. Despu\u00e9s de disfrutar de las vistas, d\u00e9 rienda suelta al romanticismo y avent\u00farese a visitar uno de los restaurantes de alta cocina de Santa M\u00f3nica., <a href=\"https:\/\/www.santamonica.com\/es\/restaurantes\/canon-rustico\/\">Ca\u00f1\u00f3n R\u00fastico<\/a>, <a href=\"https:\/\/www.santamonica.com\/es\/restaurantes\/pasjoli\/\">Pasjoli<\/a> o <a href=\"https:\/\/www.santamonica.com\/es\/restaurantes\/capo\/\">Capo<\/a>. Para cenar con la familia, disfrute de los platos favoritos locales, como <a href=\"https:\/\/www.santamonica.com\/es\/restaurantes\/luneta\/\">Lunetta<\/a> o <a href=\"https:\/\/www.santamonica.com\/es\/restaurantes\/rosas-de-alquitran\/\">Alquitr\u00e1n y rosas<\/a>, donde el diario Los Angeles Times afirm\u00f3 que \u201c... tambi\u00e9n podr\u00eda ser la primera vez en la historia de nuestro pa\u00eds que la coliflor se ha vuelto m\u00e1s deliciosa que un filete de primera calidad\u201d.\u201d<\/p>\n<p>No olvides llevarte un dulce. Pasa por Wilshire Boulevard para <a href=\"https:\/\/www.santamonica.com\/es\/restaurantes\/el-extremo-de-la-mantequilla\/\">El extremo de la mantequilla<\/a> Extravagantes galletas reci\u00e9n horneadas, bollos, pasteles y mucho m\u00e1s.<\/p>\n<p>No hace falta decir que Santa M\u00f3nica cuenta con opciones gastron\u00f3micas para cualquier ocasi\u00f3n y paladar. Explore la variada gu\u00eda de restaurantes de Santa M\u00f3nica a continuaci\u00f3n.<\/p>\n                            <\/div>\n            <\/div>\n    <\/section>\n\n\n<section class=\"links-grid --theme3 sm-block\">\n    <div class=\"links-grid__wrapper\">\n                                                    <a href=\"https:\/\/www.santamonica.com\/es\/restaurants\/beach-restaurants\/\" class=\"links-grid__card-link\" aria-label=\"Restaurantes de playa\" >\n                    <div class=\"links-grid__card\">\n                                                    <div class=\"links-grid__card-image-wrapper\">\n                                <img decoding=\"async\" width=\"400\" height=\"400\" src=\"https:\/\/www.santamonica.com\/wp-content\/uploads\/2022\/06\/beach-restaurants-400x400.jpg\" class=\"links-grid__card-image\" alt=\"Restaurantes en la playa de Santa M\u00f3nica\" loading=\"lazy\" title=\"\">                            <\/div>\n                                                <div class=\"links-grid__card-text\">\n                                                            <div class=\"links-grid__card-title\">Restaurantes de playa<\/div>\n                                                                                <\/div>\n                    <\/div>\n                <\/a>\n                                            <a href=\"https:\/\/www.santamonica.com\/es\/restaurants\/local-restaurants\/\" class=\"links-grid__card-link\" aria-label=\"Favoritos locales\" >\n                    <div class=\"links-grid__card\">\n                                                    <div class=\"links-grid__card-image-wrapper\">\n                                <img decoding=\"async\" width=\"400\" height=\"400\" src=\"https:\/\/www.santamonica.com\/wp-content\/uploads\/2023\/12\/friends-eating-brunch-in-local-santa-monica-400x400.webp\" class=\"links-grid__card-image\" alt=\"Amigos comiendo brunch en Santa M\u00f3nica.\" loading=\"lazy\" title=\"\">                            <\/div>\n                                                <div class=\"links-grid__card-text\">\n                                                            <div class=\"links-grid__card-title\">Favoritos locales<\/div>\n                                                                                <\/div>\n                    <\/div>\n                <\/a>\n                                            <a href=\"https:\/\/www.santamonica.com\/es\/experience-santa-monica\/farmers-markets\/\" class=\"links-grid__card-link\" aria-label=\"Mercado agr\u00edcola\" >\n                    <div class=\"links-grid__card\">\n                                                    <div class=\"links-grid__card-image-wrapper\">\n                                <img decoding=\"async\" width=\"400\" height=\"400\" src=\"https:\/\/www.santamonica.com\/wp-content\/uploads\/2022\/06\/santa-monica-farmers-market-1-400x400.jpg\" class=\"links-grid__card-image\" alt=\"Mercado de agricultores de Santa M\u00f3nica\" loading=\"lazy\" title=\"\">                            <\/div>\n                                                <div class=\"links-grid__card-text\">\n                                                            <div class=\"links-grid__card-title\">Mercado agr\u00edcola<\/div>\n                                                                                <\/div>\n                    <\/div>\n                <\/a>\n                                            <a href=\"https:\/\/www.santamonica.com\/es\/nightlife\/\" class=\"links-grid__card-link\" aria-label=\"Vida nocturna\" >\n                    <div class=\"links-grid__card\">\n                                                    <div class=\"links-grid__card-image-wrapper\">\n                                <img decoding=\"async\" width=\"400\" height=\"400\" src=\"https:\/\/www.santamonica.com\/wp-content\/uploads\/2022\/06\/bars-and-nightlife-400x400.jpg\" class=\"links-grid__card-image\" alt=\"bares y vida nocturna\" loading=\"lazy\" title=\"\">                            <\/div>\n                                                <div class=\"links-grid__card-text\">\n                                                            <div class=\"links-grid__card-title\">Vida nocturna<\/div>\n                                                                                <\/div>\n                    <\/div>\n                <\/a>\n                        <\/div>\n<\/section>\n\n\n\n<section class=\"blog-feed --theme8 sm-block\">\n    <div class=\"blog-feed__content\">\n        <div class=\"blog-feed__intro\">\n                            <div class=\"blog-feed__eyebrow eyebrow\">Blogs<\/div>                                        <h2 class=\"blog-feed__headline\">Descubre Santa M\u00f3nica<\/h2>                                        <div class=\"blog-feed__body\"><p>Explore itinerarios, consejos locales, lugares de inter\u00e9s y aventuras seleccionadas para sacar el m\u00e1ximo partido a su experiencia en Santa M\u00f3nica.<\/p>\n<\/div>\n                                        <a class=\"blog-feed__cta\" href=\"https:\/\/www.santamonica.com\/es\/entradas-de-blog\/\">Ver todos los blogs<\/a>\n                    <\/div>\n\n        <ul class=\"blog-feed__list\">\n                                                <li class=\"blog-feed__item\">\n                        <a href=\"https:\/\/www.santamonica.com\/es\/things-to-do\/coastal-chronicles-the-history-of-santa-monicas-libraries\/\" class=\"blog-feed__item-link\">\n                            <div class=\"blog-feed__image-ratio\">\n                                <img decoding=\"async\" class=\"blog-feed__image\" src=\"https:\/\/www.santamonica.com\/wp-content\/uploads\/2024\/04\/Untitled-design-34-400x400.jpg\" alt=\"Cr\u00f3nicas costeras: La historia de las bibliotecas de Santa M\u00f3nica\" title=\"\">\n                            <\/div>\n                            <div class=\"blog-feed__card-title\">Cr\u00f3nicas costeras: La historia de las bibliotecas de Santa M\u00f3nica<\/div>\n                        <\/a>\n                    <\/li>\n                                                                <li class=\"blog-feed__item\">\n                        <a href=\"https:\/\/www.santamonica.com\/es\/things-to-do\/sweets-for-your-sweet-desserts-to-celebrate-valentines-day\/\" class=\"blog-feed__item-link\">\n                            <div class=\"blog-feed__image-ratio\">\n                                <img decoding=\"async\" class=\"blog-feed__image\" src=\"https:\/\/www.santamonica.com\/wp-content\/uploads\/2024\/01\/Couple-Drinking-600x564-2-400x400.jpg\" alt=\"Dulces para tu dulce: Postres para celebrar San Valent\u00edn\" title=\"\">\n                            <\/div>\n                            <div class=\"blog-feed__card-title\">Dulces para tu pareja: postres para celebrar el D\u00eda de San Valent\u00edn<\/div>\n                        <\/a>\n                    <\/li>\n                                                                <li class=\"blog-feed__item\">\n                        <a href=\"https:\/\/www.santamonica.com\/es\/restaurants\/santa-monica-coffee-shops\/\" class=\"blog-feed__item-link\">\n                            <div class=\"blog-feed__image-ratio\">\n                                <img decoding=\"async\" class=\"blog-feed__image\" src=\"https:\/\/www.santamonica.com\/wp-content\/uploads\/2023\/10\/best-santa-monica-coffee-shops-400x400.jpg\" alt=\"Las 11 mejores cafeter\u00edas y teter\u00edas de Santa M\u00f3nica\" title=\"\">\n                            <\/div>\n                            <div class=\"blog-feed__card-title\">Las 11 mejores cafeter\u00edas y teter\u00edas de Santa M\u00f3nica<\/div>\n                        <\/a>\n                    <\/li>\n                                    <\/ul>\n    <\/div>\n<\/section>","protected":false},"excerpt":{"rendered":"","protected":false},"author":1450,"featured_media":341423,"parent":0,"menu_order":0,"comment_status":"closed","ping_status":"closed","template":"template-stakeholder-listing.php","meta":{"_acf_changed":false,"inline_featured_image":false,"footnotes":""},"silos":[],"class_list":["post-335275","page","type-page","status-publish","has-post-thumbnail","hentry"],"acf":[],"_links":{"self":[{"href":"https:\/\/www.santamonica.com\/es\/wp-json\/wp\/v2\/pages\/335275","targetHints":{"allow":["GET"]}}],"collection":[{"href":"https:\/\/www.santamonica.com\/es\/wp-json\/wp\/v2\/pages"}],"about":[{"href":"https:\/\/www.santamonica.com\/es\/wp-json\/wp\/v2\/types\/page"}],"author":[{"embeddable":true,"href":"https:\/\/www.santamonica.com\/es\/wp-json\/wp\/v2\/users\/1450"}],"replies":[{"embeddable":true,"href":"https:\/\/www.santamonica.com\/es\/wp-json\/wp\/v2\/comments?post=335275"}],"version-history":[{"count":47,"href":"https:\/\/www.santamonica.com\/es\/wp-json\/wp\/v2\/pages\/335275\/revisions"}],"predecessor-version":[{"id":781558,"href":"https:\/\/www.santamonica.com\/es\/wp-json\/wp\/v2\/pages\/335275\/revisions\/781558"}],"wp:featuredmedia":[{"embeddable":true,"href":"https:\/\/www.santamonica.com\/es\/wp-json\/wp\/v2\/media\/341423"}],"wp:attachment":[{"href":"https:\/\/www.santamonica.com\/es\/wp-json\/wp\/v2\/media?parent=335275"}],"wp:term":[{"taxonomy":"silos","embeddable":true,"href":"https:\/\/www.santamonica.com\/es\/wp-json\/wp\/v2\/silos?post=335275"}],"curies":[{"name":"wp","href":"https:\/\/api.w.org\/{rel}","templated":true}]}}