{"id":335272,"date":"2022-05-13T14:56:16","date_gmt":"2022-05-13T21:56:16","guid":{"rendered":"https:\/\/www.santamonica.com\/?page_id=335272"},"modified":"2022-07-25T23:11:20","modified_gmt":"2022-07-26T06:11:20","slug":"brilla","status":"publish","type":"page","link":"https:\/\/www.santamonica.com\/es\/shines\/","title":{"rendered":"Santa M\u00f3nica brilla"},"content":{"rendered":"<section class=\"subpage-links container-max sm-block\">\n        <div class=\"subpage-links__diamonds\"><\/div>\n                <div class=\"subpage-links__content\">\n            <div class=\"subpage-links__card\">\n                <div class=\"subpage-links__card-wrapper\">\n                    <a href=\"https:\/\/www.santamonica.com\/es\/hoteles\/\" class=\"subpage-links__card-link\" aria-label=\"Reserve su hotel en Santa M\u00f3nica\">\n                                                    <img decoding=\"async\" width=\"550\" height=\"785\" src=\"https:\/\/www.santamonica.com\/wp-content\/uploads\/2022\/06\/hotels.jpg\" class=\"subpage-links__card-image\" alt=\"hoteles\" loading=\"lazy\" srcset=\"https:\/\/www.santamonica.com\/wp-content\/uploads\/2022\/06\/hotels.jpg 550w, https:\/\/www.santamonica.com\/wp-content\/uploads\/2022\/06\/hotels-210x300.jpg 210w, https:\/\/www.santamonica.com\/wp-content\/uploads\/2022\/06\/hotels-105x150.jpg 105w\" sizes=\"auto, (max-width: 550px) 100vw, 550px\" title=\"\">                                                                            <div class=\"subpage-links__card-description\">\n                                <span class=\"subpage-links__card-title\">Reserve su hotel en Santa M\u00f3nica<\/span>\n                                <div class=\"subpage-links__card-button card-arrow\">Explore<\/div>\n                            <\/div>\n                                            <\/a>\n                <\/div>\n            <\/div>\n            <div class=\"subpage-links__card\">\n                <div class=\"subpage-links__card-wrapper\">\n                    <a href=\"https:\/\/www.santamonica.com\/es\/planificador-de-viajes\/\" class=\"subpage-links__card-link\" aria-label=\"Crea tu viaje a Santa M\u00f3nica\">\n                                                    <img decoding=\"async\" width=\"550\" height=\"785\" src=\"https:\/\/www.santamonica.com\/wp-content\/uploads\/2022\/06\/trip-planner.jpg\" class=\"subpage-links__card-image\" alt=\"planificador de viajes\" loading=\"lazy\" srcset=\"https:\/\/www.santamonica.com\/wp-content\/uploads\/2022\/06\/trip-planner.jpg 550w, https:\/\/www.santamonica.com\/wp-content\/uploads\/2022\/06\/trip-planner-210x300.jpg 210w, https:\/\/www.santamonica.com\/wp-content\/uploads\/2022\/06\/trip-planner-105x150.jpg 105w\" sizes=\"auto, (max-width: 550px) 100vw, 550px\" title=\"\">                                                                            <div class=\"subpage-links__card-description\">\n                                <div class=\"subpage-links__card-title\">Crea tu viaje a Santa M\u00f3nica<\/div>\n                                <div class=\"subpage-links__card-button card-arrow\">Explore<\/div>\n                            <\/div>\n                                            <\/a>\n                <\/div>\n            <\/div>\n            <div class=\"subpage-links__card\">\n                <div class=\"subpage-links__card-wrapper\">\n                    <a href=\"https:\/\/www.santamonica.com\/es\/viaja-de-manera-responsable\/\" class=\"subpage-links__card-link\" aria-label=\"C\u00f3mo viajar de manera responsable\">\n                                                    <img decoding=\"async\" width=\"550\" height=\"785\" src=\"https:\/\/www.santamonica.com\/wp-content\/uploads\/2022\/07\/Santa-Monica-Metro-station-550x785-1.jpg\" class=\"subpage-links__card-image\" alt=\"Estaci\u00f3n de metro de Santa M\u00f3nica\" loading=\"lazy\" srcset=\"https:\/\/www.santamonica.com\/wp-content\/uploads\/2022\/07\/Santa-Monica-Metro-station-550x785-1.jpg 550w, https:\/\/www.santamonica.com\/wp-content\/uploads\/2022\/07\/Santa-Monica-Metro-station-550x785-1-210x300.jpg 210w, https:\/\/www.santamonica.com\/wp-content\/uploads\/2022\/07\/Santa-Monica-Metro-station-550x785-1-105x150.jpg 105w\" sizes=\"auto, (max-width: 550px) 100vw, 550px\" title=\"\">                                                                            <div class=\"subpage-links__card-description\">\n                                <div class=\"subpage-links__card-title\">C\u00f3mo viajar de manera responsable<\/div>\n                                <div class=\"subpage-links__card-button card-arrow\">Explore<\/div>\n                            <\/div>\n                                            <\/a>\n                <\/div>\n            <\/div>\n        <\/div>\n            <\/section>\n\n\n<section class=\"links-grid --theme3 sm-block\">\n    <div class=\"links-grid__wrapper\">\n                                                    <a href=\"https:\/\/www.santamonica.com\/es\/restaurants\/outdoor-dining\/\" class=\"links-grid__card-link\" aria-label=\"Comedor al aire libre\" >\n                    <div class=\"links-grid__card\">\n                                                    <div class=\"links-grid__card-image-wrapper\">\n                                <img decoding=\"async\" width=\"400\" height=\"400\" src=\"https:\/\/www.santamonica.com\/wp-content\/uploads\/2023\/07\/group-of-friends-at-viceroy-santa-monica-400x400.jpg\" class=\"links-grid__card-image\" alt=\"Grupo de amigos en Viceroy Santa M\u00f3nica: cena al aire libre en Santa M\u00f3nica\" loading=\"lazy\" title=\"\">                            <\/div>\n                                                <div class=\"links-grid__card-text\">\n                                                            <div class=\"links-grid__card-title\">Comedor al aire libre<\/div>\n                                                                                <\/div>\n                    <\/div>\n                <\/a>\n                                            <a href=\"\" class=\"links-grid__card-link\" aria-label=\"\" >\n                    <div class=\"links-grid__card\">\n                                                <div class=\"links-grid__card-text\">\n                                                                                <\/div>\n                    <\/div>\n                <\/a>\n                                            <a href=\"https:\/\/www.santamonica.com\/es\/blog-posts\/\" class=\"links-grid__card-link\" aria-label=\"Entradas de blog\" >\n                    <div class=\"links-grid__card\">\n                                                    <div class=\"links-grid__card-image-wrapper\">\n                                <img decoding=\"async\" width=\"400\" height=\"400\" src=\"https:\/\/www.santamonica.com\/wp-content\/uploads\/2022\/06\/smtt-blog-400x400.jpg\" class=\"links-grid__card-image\" alt=\"blog de smtt\" loading=\"lazy\" title=\"\">                            <\/div>\n                                                <div class=\"links-grid__card-text\">\n                                                            <div class=\"links-grid__card-title\">Entradas de blog<\/div>\n                                                                                <\/div>\n                    <\/div>\n                <\/a>\n                                            <a href=\"https:\/\/www.santamonica.com\/es\/newsletter-signup\/\" class=\"links-grid__card-link\" aria-label=\"Suscripci\u00f3n al bolet\u00edn informativo\" >\n                    <div class=\"links-grid__card\">\n                                                    <div class=\"links-grid__card-image-wrapper\">\n                                <img decoding=\"async\" width=\"400\" height=\"400\" src=\"https:\/\/www.santamonica.com\/wp-content\/uploads\/2022\/06\/places-for-kids-in-santa-monica-400x400.jpg\" class=\"links-grid__card-image\" alt=\"Cosas que hacer en Santa M\u00f3nica con ni\u00f1os\" loading=\"lazy\" title=\"\">                            <\/div>\n                                                <div class=\"links-grid__card-text\">\n                                                            <div class=\"links-grid__card-title\">Suscripci\u00f3n al bolet\u00edn informativo<\/div>\n                                                                                <\/div>\n                    <\/div>\n                <\/a>\n                        <\/div>\n<\/section>\n\n\n\n\n<div class=\"wp-block-columns is-layout-flex wp-container-core-columns-is-layout-28f84493 wp-block-columns-is-layout-flex base-block\">\n<div class=\"wp-block-column is-layout-flow wp-block-column-is-layout-flow base-block\" style=\"flex-basis:33.33%\"><iframe loading=\"lazy\" src=\"https:\/\/open.spotify.com\/embed\/playlist\/1b0ekQrQPO2U1J9VOyQlvg\" width=\"100%\" height=\"380\" frameborder=\"0\" data-gtm-yt-inspected-7=\"true\"><\/iframe><\/div>\n\n\n\n<div class=\"wp-block-column is-layout-flow wp-block-column-is-layout-flow base-block\" style=\"flex-basis:66.66%\">\n<h5 class=\"wp-block-heading base-block\">Escucha Santa Monica Vibes en Spotify<\/h5>\n\n\n\n<p class=\"base-block\">\u00a1Santa Monica Vibes ya est\u00e1 disponible en Spotify! El DJ de KCRW Anthony Valadez ha creado una banda sonora que captura la esencia de nuestra ciudad costera y sus puestas de sol, sus inmigrantes, sus habitantes y todo lo que la hace especial.<\/p>\n\n\n\n<p class=\"base-block\">\u00bfTienes alguna canci\u00f3n que te recuerde un momento especial (viviendo, trabajando o divirti\u00e9ndote) en Santa M\u00f3nica? \u00a1Comparte tu canci\u00f3n favorita de Santa M\u00f3nica y tendr\u00e1s la oportunidad de que la incluyamos en nuestra lista de reproducci\u00f3n de Santa M\u00f3nica! <\/p>\n<\/div>\n<\/div>\n\n\n<section class=\"events-feed sm-block sm-block\">\n    <div class=\"events-feed__inner\">\n        <div class=\"events-feed__body\">\n                            <div class=\"events-feed__body-eyebrow eyebrow\">Eventos destacados<\/div>                                        <h3 class=\"events-feed__body-headline\">Qu\u00e9 est\u00e1 pasando en Santa M\u00f3nica<\/h3>                                        <div class=\"events-feed__body-intro wysiwyg\"><p>Eventos anuales, festivales de temporada, acontecimientos centrados en la costa oeste y emocionantes ocasiones especiales se mezclan en el vibrante calendario de eventos de Santa M\u00f3nica. Con un clima ideal durante todo el a\u00f1o y una variada oferta cultural, siempre hay algo que hacer en Santa M\u00f3nica.<\/p>\n<\/div>\n                                        <a href=\"https:\/\/www.santamonica.com\/es\/eventos\/\" class=\"events-feed__body-cta button --primary-teal-button\" >Ver el calendario<\/a>                    <\/div>\n        <div class=\"events-feed__events\">\n                            <a class=\"events-feed__event\" href=\"https:\/\/www.santamonica.com\/es\/event\/karen-knorr-scavi\/2026-04-15\/\">\n                    <div class=\"events-feed__event-date\">\n                        <div class=\"events-feed__event-month\">\n                            Abr                        <\/div>\n                        <div class=\"events-feed__event-day\">\n                            15                        <\/div>\n                                            <\/div>\n                                            <div class=\"events-feed__event-cat --theme3\">Arte<\/div>\n                                        <div class=\"events-feed__event-details\">\n                        <h3 class=\"events-feed__event-title\">\n                            Karen Knorr \u2013 \u201cScavi\u201d                        <\/h3>\n                        <div class=\"events-feed__event-desc\">La Galer\u00eda Danziger se complace en presentar Scavi, la nueva serie en curso de Karen Knorr. \u201cScavi\u201d, la palabra italiana para \u201cexcavaciones\u201d, comenz\u00f3 en...<\/div>\n                    <\/div>\n                    <div class=\"events-feed__event-thumb\">\n                        <img decoding=\"async\" src=\"https:\/\/www.santamonica.com\/wp-content\/uploads\/2026\/02\/Screenshot-2026-02-27-at-2.11.02-PM-1024x768.png\" alt=\"Karen Knorr - \" title=\"\">\n                    <\/div>\n                <\/a>\n                            <a class=\"events-feed__event\" href=\"https:\/\/www.santamonica.com\/es\/event\/downtown-farmers-market\/2026-04-15\/\">\n                    <div class=\"events-feed__event-date\">\n                        <div class=\"events-feed__event-month\">\n                            Abr                        <\/div>\n                        <div class=\"events-feed__event-day\">\n                            15                        <\/div>\n                                            <\/div>\n                                            <div class=\"events-feed__event-cat --theme3\">Comida\/bebida<\/div>\n                                        <div class=\"events-feed__event-details\">\n                        <h3 class=\"events-feed__event-title\">\n                            Mercado de agricultores del centro \u2013 Mercado de los mi\u00e9rcoles                        <\/h3>\n                        <div class=\"events-feed__event-desc\">\u00a1El mercado agr\u00edcola certificado m\u00e1s grande del sur de California, exclusivo para productores, y uno de los favoritos de los chefs locales! Disfrute de uno de los mercados agr\u00edcolas de Santa M\u00f3nica...<\/div>\n                    <\/div>\n                    <div class=\"events-feed__event-thumb\">\n                        <img decoding=\"async\" src=\"https:\/\/www.santamonica.com\/wp-content\/uploads\/2022\/08\/All-Farmers-Markets.png\" alt=\"Mercado de agricultores del centro de la ciudad - Mercado de los mi\u00e9rcoles\" title=\"\">\n                    <\/div>\n                <\/a>\n                            <a class=\"events-feed__event\" href=\"https:\/\/www.santamonica.com\/es\/event\/betsys-tyler-wells-x-jolie-laides-scott-schultz-at-crudo-e-nudo\/\">\n                    <div class=\"events-feed__event-date\">\n                        <div class=\"events-feed__event-month\">\n                            Abr                        <\/div>\n                        <div class=\"events-feed__event-day\">\n                            15                        <\/div>\n                                            <\/div>\n                                            <div class=\"events-feed__event-cat --theme3\">Comida\/bebida<\/div>\n                                        <div class=\"events-feed__event-details\">\n                        <h3 class=\"events-feed__event-title\">\n                            Betsy&#8217;s Tyler Wells x Jolie Laide&#8217;s Scott Schultz at Crudo e Nudo                        <\/h3>\n                        <div class=\"events-feed__event-desc\">Del 13 al 19 de abril, la serie \u00abChef y en\u00f3logo invitados\u00bb con motivo del quinto aniversario de Crudo e Nudo re\u00fane a los amigos del chef y propietario Brian Bornemann\u2026<\/div>\n                    <\/div>\n                    <div class=\"events-feed__event-thumb\">\n                        <img decoding=\"async\" src=\"https:\/\/www.santamonica.com\/wp-content\/uploads\/2026\/03\/Screenshot-2026-03-24-at-3.19.36-PM-1024x1024.png\" alt=\"Tyler Wells, de Betsy, y Scott Schultz, de Jolie Laide, en Crudo e Nudo\" title=\"\">\n                    <\/div>\n                <\/a>\n                    <\/div>\n    <\/div>\n<\/section>\n\n\n<section class=\"crowdriff-stories --theme6  sm-block\" >\n    <div class=\"crowdriff-stories__content\">\n                    <h1 class=\"crowdriff-stories__headline\">Historias visuales<\/h1>        \n        <!-- Begin amp.travel gallery code -->\n                    <script>\n                (function(u, w, d, a, q, e) {\n                    if (w.amptravel) return;\n                    q = [];\n                    a = w.amptravel = function(a, p) {\n                        w.amptravel.q.push({\n                            a: a,\n                            p: p\n                        });\n                    };\n                    a.q = q;\n                    a.v = \"2\";\n                    e = d.createElement(\"script\");\n                    e.setAttribute(\"src\", u + \"\/v\" + a.v + \"\/js\");\n                    d.head.appendChild(e);\n                })(\n                    \"https:\/\/g.amp.travel\",\n                    window,\n                    document\n                );\n            <\/script>\n            <div data-amp-travel-gallery-id=\"f6a6909f-a821-4445-ae20-d9801a7b4ee2\" data-amp-travel=\"gallery-container\"><\/div>\n            <!-- End amp.travel gallery code -->\n            <\/div>\n<\/section>\n\n\n<section class=\"blog-feed --theme8 sm-block\">\n    <div class=\"blog-feed__content\">\n        <div class=\"blog-feed__intro\">\n                            <div class=\"blog-feed__eyebrow eyebrow\">Blogs<\/div>                                        <h2 class=\"blog-feed__headline\">Consejos<\/h2>                                        <div class=\"blog-feed__body\"><p>Explore itinerarios, consejos locales, lugares de inter\u00e9s y aventuras seleccionadas para sacar el m\u00e1ximo partido a su experiencia en Santa M\u00f3nica.<\/p>\n<\/div>\n                                        <a class=\"blog-feed__cta\" href=\"https:\/\/www.santamonica.com\/es\/entradas-de-blog\/\">Ver todos los blogs<\/a>\n                    <\/div>\n\n        <ul class=\"blog-feed__list\">\n                                                <li class=\"blog-feed__item\">\n                        <a href=\"https:\/\/www.santamonica.com\/es\/mother-road-modern-meetings-route-66-meeting-spaces-set-to-shine-for-centennial-in-santa-monica\/\" class=\"blog-feed__item-link\">\n                            <div class=\"blog-feed__image-ratio\">\n                                <img decoding=\"async\" class=\"blog-feed__image\" src=\"https:\/\/www.santamonica.com\/wp-content\/uploads\/2025\/12\/untitledJuly20162C2020180010-182-2-400x400.jpg\" alt=\"MOTHER ROAD, REUNIONES MODERNAS: LOS ESPACIOS DE REUNI\u00d3N DE LA RUTA 66 LISTOS PARA BRILLAR EN EL CENTENARIO EN SANTA M\u00d3NICA\" title=\"\">\n                            <\/div>\n                            <div class=\"blog-feed__card-title\">MOTHER ROAD, REUNIONES MODERNAS: LOS ESPACIOS DE REUNI\u00d3N DE LA RUTA 66 LISTOS PARA BRILLAR EN EL CENTENARIO EN SANTA M\u00d3NICA<\/div>\n                        <\/a>\n                    <\/li>\n                                                                <li class=\"blog-feed__item\">\n                        <a href=\"https:\/\/www.santamonica.com\/es\/media\/news-release\/santa-monica-announces-song-contest-in-celebration-of-route-66-centennial\/\" class=\"blog-feed__item-link\">\n                            <div class=\"blog-feed__image-ratio\">\n                                <img decoding=\"async\" class=\"blog-feed__image\" src=\"https:\/\/www.santamonica.com\/wp-content\/uploads\/2025\/11\/DSC01084-400x400.jpg\" alt=\"SANTA M\u00d3NICA ANUNCIA UN CONCURSO DE CANCIONES PARA CELEBRAR EL CENTENARIO DE LA RUTA 66\" title=\"\">\n                            <\/div>\n                            <div class=\"blog-feed__card-title\">SANTA M\u00d3NICA ANUNCIA UN CONCURSO DE CANCIONES PARA CELEBRAR EL CENTENARIO DE LA RUTA 66<\/div>\n                        <\/a>\n                    <\/li>\n                                                                <li class=\"blog-feed__item\">\n                        <a href=\"https:\/\/www.santamonica.com\/es\/media\/news-release\/where-to-watch-the-world-series-in-santa-monica\/\" class=\"blog-feed__item-link\">\n                            <div class=\"blog-feed__image-ratio\">\n                                <img decoding=\"async\" class=\"blog-feed__image\" src=\"https:\/\/www.santamonica.com\/wp-content\/uploads\/2025\/10\/dodgers-logo-1-400x400.jpg\" alt=\"D\u00d3NDE VER LAS SERIES MUNDIALES EN SANTA MONICA\" title=\"\">\n                            <\/div>\n                            <div class=\"blog-feed__card-title\">D\u00d3NDE VER LAS SERIES MUNDIALES EN SANTA MONICA<\/div>\n                        <\/a>\n                    <\/li>\n                                    <\/ul>\n    <\/div>\n<\/section>","protected":false},"excerpt":{"rendered":"<p>Listen to Santa Monica Vibes on Spotify Santa Monica Vibes are now live on Spotify! KCRW DJ Anthony Valadez created a soundtrack that sonically captures the essence of our beachside [&hellip;]<\/p>\n","protected":false},"author":1450,"featured_media":341334,"parent":0,"menu_order":0,"comment_status":"closed","ping_status":"closed","template":"template-things-to-do.php","meta":{"_acf_changed":false,"inline_featured_image":false,"footnotes":""},"silos":[],"class_list":["post-335272","page","type-page","status-publish","has-post-thumbnail","hentry"],"acf":[],"_links":{"self":[{"href":"https:\/\/www.santamonica.com\/es\/wp-json\/wp\/v2\/pages\/335272","targetHints":{"allow":["GET"]}}],"collection":[{"href":"https:\/\/www.santamonica.com\/es\/wp-json\/wp\/v2\/pages"}],"about":[{"href":"https:\/\/www.santamonica.com\/es\/wp-json\/wp\/v2\/types\/page"}],"author":[{"embeddable":true,"href":"https:\/\/www.santamonica.com\/es\/wp-json\/wp\/v2\/users\/1450"}],"replies":[{"embeddable":true,"href":"https:\/\/www.santamonica.com\/es\/wp-json\/wp\/v2\/comments?post=335272"}],"version-history":[{"count":72,"href":"https:\/\/www.santamonica.com\/es\/wp-json\/wp\/v2\/pages\/335272\/revisions"}],"predecessor-version":[{"id":349686,"href":"https:\/\/www.santamonica.com\/es\/wp-json\/wp\/v2\/pages\/335272\/revisions\/349686"}],"wp:featuredmedia":[{"embeddable":true,"href":"https:\/\/www.santamonica.com\/es\/wp-json\/wp\/v2\/media\/341334"}],"wp:attachment":[{"href":"https:\/\/www.santamonica.com\/es\/wp-json\/wp\/v2\/media?parent=335272"}],"wp:term":[{"taxonomy":"silos","embeddable":true,"href":"https:\/\/www.santamonica.com\/es\/wp-json\/wp\/v2\/silos?post=335272"}],"curies":[{"name":"wp","href":"https:\/\/api.w.org\/{rel}","templated":true}]}}