{"id":335257,"date":"2022-05-13T14:55:13","date_gmt":"2022-05-13T21:55:13","guid":{"rendered":"https:\/\/www.santamonica.com\/?page_id=335257"},"modified":"2026-01-13T13:39:06","modified_gmt":"2026-01-13T21:39:06","slug":"lgbtq","status":"publish","type":"page","link":"https:\/\/www.santamonica.com\/es\/experience-santa-monica\/lgbtq\/","title":{"rendered":"LGBTQ+"},"content":{"rendered":"<section class=\"stakeholder-feed sm-block js-stk-root sm-block\">\n    <div class=\"stakeholder-feed__top\">\n        <div class=\"stakeholder-feed__intro\">\n                            <h2 class=\"stakeholder-feed__headline\">Hoteles LGBTQ+ Friendly en Santa M\u00f3nica <\/h2>                                        <div class=\"stakeholder-feed__intro-body wysiwyg\">\n                    <p>West Hollywood suele considerarse el destino por excelencia para disfrutar de la cultura LGBTQ+ cerca de Los \u00c1ngeles, pero el relajado ambiente playero y la amabilidad de los habitantes de Santa M\u00f3nica podr\u00edan convertirla en la escapada perfecta.<\/p>\n                <\/div>\n                    <\/div>\n        <div class=\"stakeholder-feed__nav-section\">\n                            <h3 class=\"stakeholder-feed__feed-title\">Ver todos los alojamientos gay-friendly<\/h3>                                        <a href=\"https:\/\/www.santamonica.com\/es\/hoteles\/\" class=\"stakeholder-feed__feed-cta button --primary-teal-button\" >Ver todos los alojamientos<\/a>            \n                        <div class=\"stakeholder-feed__pagination xxx--desktop-hide\">\n                <div class=\"swiper-button-prev stakeholder-feed__pagination-prev\"><\/div>\n                <div class=\"swiper-button-next stakeholder-feed__pagination-next\"><\/div>\n            <\/div>\n        <\/div>\n    <\/div>\n    <div class=\"stakeholder-feed__bottom\">\n        <div class=\"stakeholder-feed__feed-list-wrapper swiper js-stk-swiper\">\n            <ul class=\"stakeholder-feed__feed-list swiper-wrapper js-stk-wrapper\">\n                    <li class=\"swiper-slide stakeholder-card --theme3\">\n        <a class=\"stakeholder-card__link\" href=\"https:\/\/www.santamonica.com\/es\/hotels\/viceroy-santa-monica\/\">\n            <div class=\"stakeholder-card__image\">\n                <img decoding=\"async\" src=\"https:\/\/assets.simpleviewinc.com\/simpleview\/image\/upload\/crm\/santamonica\/vsm_pool_deck_day_EC7A9647-CE70-45FF-9B8CC6B6FFDB2E5F_fefae56e-8ad5-4f50-bd740feb178bb13a.jpg\" alt=\"Viceroy Santa M\u00f3nica\" title=\"\">\n            <\/div>\n            <div class=\"stakeholder-card__stk-info\">\n                <div class=\"stakeholder-card__stk-name\">Viceroy Santa M\u00f3nica<\/div>\n                <div class=\"stakeholder-card__stk-cat\">Lujo<\/div>\n            <\/div>\n        <\/a>\n    <\/li>\n        <li class=\"swiper-slide stakeholder-card --theme3\">\n        <a class=\"stakeholder-card__link\" href=\"https:\/\/www.santamonica.com\/es\/hotels\/sandbourne-santa-monica\/\">\n            <div class=\"stakeholder-card__image\">\n                <img decoding=\"async\" src=\"https:\/\/assets.simpleviewinc.com\/simpleview\/image\/upload\/crm\/santamonica\/Sandbourne_Room_610_Double_Queen_City_view_B338C7C2-99D3-3CE9-31A128FB99235122-b338747bc60144f_b339996c-d169-798f-1ff04cf5679020e7.jpg\" alt=\"Sandbourne Santa Monica\" title=\"\">\n            <\/div>\n            <div class=\"stakeholder-card__stk-info\">\n                <div class=\"stakeholder-card__stk-name\">Sandbourne Santa Monica<\/div>\n                <div class=\"stakeholder-card__stk-cat\">Hoteles con espacio para reuniones<\/div>\n            <\/div>\n        <\/a>\n    <\/li>\n        <li class=\"swiper-slide stakeholder-card --theme3\">\n        <a class=\"stakeholder-card__link\" href=\"https:\/\/www.santamonica.com\/es\/?post_type=stakeholder&#038;p=37125\">\n            <div class=\"stakeholder-card__image\">\n                <img decoding=\"async\" src=\"https:\/\/assets.simpleviewinc.com\/simpleview\/image\/upload\/crm\/santamonica\/PaliHouseSM_Living-Dylan-Jeni0_c03e8f69-5056-b365-ab93545a035e0991.jpg\" alt=\"Casa Veintisiete\" title=\"\">\n            <\/div>\n            <div class=\"stakeholder-card__stk-info\">\n                <div class=\"stakeholder-card__stk-name\">Casa Veintisiete<\/div>\n                <div class=\"stakeholder-card__stk-cat\">Lujo<\/div>\n            <\/div>\n        <\/a>\n    <\/li>\n                <\/ul>\n        <\/div>\n    <\/div>\n<\/section>\n\n\n<section class=\"sun-title sm-block --theme6 sm-block\">\n            <h3 class=\"sun-title__headline\">Playa Estatal Will Rogers<\/h3>    \n            <div class=\"sun-title__body  wysiwyg\">\n                    <p><a href=\"http:\/\/www.parks.ca.gov\/?page_id=625\" target=\"_blank\" rel=\"noopener\">Playa Estatal Will Rogers<\/a>, la playa no oficial LGBTQ+ de Los \u00c1ngeles, es un lugar ideal para socializar. Este popular lugar para practicar surf ofrece servicios como canchas de voleibol, ba\u00f1os y equipo de gimnasia. La ruta ciclista Marvin Braude, tambi\u00e9n conocida como South Bay Bicycle Trail o Strand, pasa por aqu\u00ed.<\/p>\n<p>Esta playa forma parte del Parque Hist\u00f3rico Estatal Will Rogers, donde se encuentran populares rutas de senderismo: el circuito de tres kil\u00f3metros hasta Inspiration Point y el sendero Backbone Trail, que se adentra en las monta\u00f1as de Santa M\u00f3nica.<\/p>\n                        <\/div>\n    <\/section>\n\n\n\n<section class=\"image-section-break sm-block\">\n    <div class=\"image-section-break__image-wrapper\">\n                    <picture>\n                    <source\n                        media=\"(min-width: 768px)\"\n                        srcset=\"https:\/\/www.santamonica.com\/wp-content\/uploads\/2022\/05\/santa-monica-pier.jpg\"\n                    >\n                    <img decoding=\"async\" src=\"https:\/\/www.santamonica.com\/wp-content\/uploads\/2022\/05\/santa-monica-pier-M.jpg\" class=\"image-section-break__image\" alt=\"muelle de santa m\u00f3nica\" title=\"\">\n            <\/picture>\n                \n\n    <\/div>\n    <div class=\"image-section-break__text-content\">\n        <div class=\"image-section-break__first-content --theme3\">\n                            <div class=\"image-section-break__eyebrow-text\">El amor viaja a Santa M\u00f3nica<\/div>\n                                        <h2 class=\"image-section-break__title\">Estancias de lujo para todos los viajeros<\/h2>\n                                            <\/div>\n        <div class=\"image-section-break__second-content\">\n                            <div class=\"image-section-break__body-copy wysiwyg\"><p>No te puedes equivocar con el <a href=\"https:\/\/www.santamonica.com\/es\/hoteles\/jw-marriott-santa-monica-le-merigot\/\">Sandbourne Santa Monica<\/a><a href=\"https:\/\/www.santamonica.com\/es\/hoteles\/jw-marriott-santa-monica-le-merigot\/\">\u00a0<\/a>hotel frente al mar, especialmente teniendo en cuenta su esp\u00edritu inclusivo con el colectivo LGBTQ+ y su filosof\u00eda de igualdad ante todo. \u00a1Echa un vistazo a su campa\u00f1a #LoveTravels! El spa con todos los servicios y el Le Troquet Patio Lounge son solo dos de las ventajas de alojarse aqu\u00ed.<\/p>\n<\/div>\n                                <\/div>\n    <\/div>\n<\/section>\n\n\n\n<section class=\"two-images container-max sm-block  sm-block\">\n    <div class=\"two-images__container\">\n\n        <div class=\"two-images__column\">\n            <div class=\"two-images__content\">\n                <div class=\"two-images__content-header-container\">\n                                            <h2 class=\"two-images__content-header\">Hoteles aprobados por la IGLTA<\/h2>                                    <\/div>\n                                    <div class=\"two-images__content-body wysiwyg\">\n                        <p>En <a href=\"https:\/\/www.santamonica.com\/es\/partes-interesadas\/virrey-santa-monica-2\/\">Viceroy Santa M\u00f3nica<\/a> con su ambiente moderno, es uno de los lugares favoritos de la comunidad LGBTQ+ local debido a su afiliaci\u00f3n a la Asociaci\u00f3n Internacional de Turismo LGBTQ+.<\/p>\n<p>Desde la amplia terraza exterior y las piscinas hasta las elegantes caba\u00f1as, el Viceroy ofrece todo lo que necesitas en un solo lugar. Y cuando est\u00e9s listo para salir y explorar lo mejor de Santa M\u00f3nica, una flota de bicicletas exclusivas para hu\u00e9spedes estar\u00e1 lista para que des un paseo.<\/p>\n                    <\/div>\n                                            <\/div>\n        <\/div>\n\n        <div class=\"two-images__column\">\n                            <div class=\"two-images__image-container\">\n                    <img decoding=\"async\" width=\"425\" height=\"503\" src=\"https:\/\/www.santamonica.com\/wp-content\/uploads\/2022\/06\/viceroy-exterior-pool-e1655424331576.jpg\" class=\"two-images__image\" alt=\"piscina exterior del virrey\" loading=\"lazy\" srcset=\"https:\/\/www.santamonica.com\/wp-content\/uploads\/2022\/06\/viceroy-exterior-pool-e1655424331576.jpg 425w, https:\/\/www.santamonica.com\/wp-content\/uploads\/2022\/06\/viceroy-exterior-pool-e1655424331576-253x300.jpg 253w, https:\/\/www.santamonica.com\/wp-content\/uploads\/2022\/06\/viceroy-exterior-pool-e1655424331576-127x150.jpg 127w\" sizes=\"auto, (max-width: 425px) 100vw, 425px\" title=\"\">                    \n\n            <div class=\"img-lctn-tag --no-link two-images__image-caption --right\">virrey<\/div>\n                    <\/div>\n                    <\/div>\n\n        <div class=\"two-images__column\">\n                            <div class=\"two-images__image-container\">\n                    <img decoding=\"async\" width=\"600\" height=\"564\" src=\"https:\/\/www.santamonica.com\/wp-content\/uploads\/2022\/06\/viceroy-lobby.jpg\" class=\"two-images__image\" alt=\"vest\u00edbulo del virrey\" loading=\"lazy\" srcset=\"https:\/\/www.santamonica.com\/wp-content\/uploads\/2022\/06\/viceroy-lobby.jpg 600w, https:\/\/www.santamonica.com\/wp-content\/uploads\/2022\/06\/viceroy-lobby-300x282.jpg 300w, https:\/\/www.santamonica.com\/wp-content\/uploads\/2022\/06\/viceroy-lobby-160x150.jpg 160w\" sizes=\"auto, (max-width: 600px) 100vw, 600px\" title=\"\">                    \n\n                <\/div>\n                    <\/div>\n\n    <\/div>\n<\/section>\n\n\n\n<div class=\"wp-block-columns is-layout-flex wp-container-core-columns-is-layout-28f84493 wp-block-columns-is-layout-flex base-block\">\n<div class=\"wp-block-column is-layout-flow wp-block-column-is-layout-flow base-block\">\n<h4 class=\"wp-block-heading base-block\">Habitaciones pintorescas<\/h4>\n\n\n\n<p class=\"base-block\">Para disfrutar de una experiencia m\u00e1s exclusiva, esc\u00e1pese al <a href=\"https:\/\/www.santamonica.com\/es\/hoteles\/palihouse-santa-monica\/\">Palihouse Santa M\u00f3nica<\/a>. Ubicado en una zona tranquila de la ciudad, este hotel de 33 habitaciones es conocido por su atento personal y sus elegantes comodidades. Los hu\u00e9spedes elogian el ecl\u00e9ctico dise\u00f1o interior del vest\u00edbulo y su ambiente relajante, lo que convierte a Palihouse en un lugar ideal para comenzar y terminar cualquier d\u00eda en Santa M\u00f3nica.<\/p>\n<\/div>\n\n\n\n<div class=\"wp-block-column is-layout-flow wp-block-column-is-layout-flow base-block\">\n<h4 class=\"wp-block-heading base-block\">Estancias elegantes<\/h4>\n\n\n\n<p class=\"base-block\"><a href=\"https:\/\/www.santamonica.com\/es\/hoteles\/playa-de-santa-monica-huntley\/\">Huntley Playa de Santa M\u00f3nica<\/a> cuenta con interiores elegantes, comodidades \u00fanicas y servicios personalizados. Est\u00e1 cerca de la playa y del famoso muelle de Santa M\u00f3nica. Visite el restaurante\/bar, <a href=\"https:\/\/www.santamonica.com\/es\/restaurantes\/el-atico\/\">El \u00e1tico<\/a>, en la planta 18, para disfrutar de unas vistas incre\u00edbles. Las ventanas panor\u00e1micas ofrecen unas vistas magn\u00edficas del oc\u00e9ano, el horizonte de Santa M\u00f3nica, las monta\u00f1as de Malib\u00fa e incluso el letrero de Hollywood.<\/p>\n<\/div>\n\n\n\n<div class=\"wp-block-column is-layout-flow wp-block-column-is-layout-flow base-block\">\n<h4 class=\"wp-block-heading base-block\">Alojamiento en la playa<\/h4>\n\n\n\n<p class=\"base-block\">Ubicado dentro de <a href=\"https:\/\/www.santamonica.com\/es\/hoteles\/hotel-gateway-santa-monica\/\">El Hotel Gateway Santa M\u00f3nica<\/a>, <a href=\"https:\/\/www.santamonica.com\/es\/restaurantes\/socalo\/\">Socalo<\/a> es una cantina californiana y un pub mexicano con ambiente playero, abierto todo el d\u00eda, regentado por las galardonadas chefs y propietarias Mary Sue Milliken y Susan Feniger. Cuenta con 123 habitaciones luminosas y modernas, equipadas con camas con colchones acolchados, televisores de pantalla plana de 42 pulgadas con cable, caf\u00e9 y t\u00e9 gratuitos, y mucho m\u00e1s.<\/p>\n<\/div>\n<\/div>\n\n\n    <section class=\"booking-cta --theme5 sm-block\">\n    <div id=\"widget-container-2070\"><\/div>\n<script type=\"text\/javascript\">\n  (function() {\n    var script = document.createElement('script');\n    script.type = 'text\/javascript';\n    script.async = 'true';\n    script.src = \"https:\/\/admin.bookdirect.net\/hs4\/widgets\/2070.js?widget_element=widget-container-2070\";\n    document.body.appendChild(script);\n  })();\n<\/script>\n    <\/section>\n\n\n\n<section class=\"blog-feed --theme8 sm-block\">\n    <div class=\"blog-feed__content\">\n        <div class=\"blog-feed__intro\">\n                            <div class=\"blog-feed__eyebrow eyebrow\">Blogs<\/div>                                        <h2 class=\"blog-feed__headline\">Descubre Santa M\u00f3nica<\/h2>                                        <div class=\"blog-feed__body\"><p>Explore itinerarios, consejos locales, lugares de inter\u00e9s y aventuras seleccionadas para sacar el m\u00e1ximo partido a su experiencia en Santa M\u00f3nica.<\/p>\n<\/div>\n                                        <a class=\"blog-feed__cta\" href=\"https:\/\/www.santamonica.com\/es\/entradas-de-blog\/\">Ver todos los blogs<\/a>\n                    <\/div>\n\n        <ul class=\"blog-feed__list\">\n                                                <li class=\"blog-feed__item\">\n                        <a href=\"https:\/\/www.santamonica.com\/es\/hotels\/santa-monica-hotels-with-free-parking\/\" class=\"blog-feed__item-link\">\n                            <div class=\"blog-feed__image-ratio\">\n                                <img decoding=\"async\" class=\"blog-feed__image\" src=\"https:\/\/www.santamonica.com\/wp-content\/uploads\/2024\/07\/Hotels-Featured-Image-400x400.png\" alt=\"Hoteles de Santa M\u00f3nica con aparcamiento gratuito\" title=\"\">\n                            <\/div>\n                            <div class=\"blog-feed__card-title\">Hoteles de Santa M\u00f3nica con aparcamiento gratuito<\/div>\n                        <\/a>\n                    <\/li>\n                                                                <li class=\"blog-feed__item\">\n                        <a href=\"https:\/\/www.santamonica.com\/es\/hotels\/santa-monica-hotels-for-architecture-and-design-enthusiasts\/\" class=\"blog-feed__item-link\">\n                            <div class=\"blog-feed__image-ratio\">\n                                <img decoding=\"async\" class=\"blog-feed__image\" src=\"https:\/\/www.santamonica.com\/wp-content\/uploads\/2021\/05\/PalihouseSantaMonicaFeatured-400x400.jpg\" alt=\"Hoteles de Santa M\u00f3nica para entusiastas de la arquitectura y el dise\u00f1o\" title=\"\">\n                            <\/div>\n                            <div class=\"blog-feed__card-title\">Hoteles de Santa M\u00f3nica para entusiastas de la arquitectura y el dise\u00f1o<\/div>\n                        <\/a>\n                    <\/li>\n                                                                <li class=\"blog-feed__item\">\n                        <a href=\"https:\/\/www.santamonica.com\/es\/things-to-do\/six-safe-socially-distanced-dates-in-santa-monica\/\" class=\"blog-feed__item-link\">\n                            <div class=\"blog-feed__image-ratio\">\n                                <img decoding=\"async\" class=\"blog-feed__image\" src=\"https:\/\/www.santamonica.com\/wp-content\/uploads\/2021\/02\/How-to-Have-a-Socially-Distanced-Date-in-Santa-Monica-400x400.jpg\" alt=\"Seis citas seguras y socialmente distanciadas en Santa M\u00f3nica\" title=\"\">\n                            <\/div>\n                            <div class=\"blog-feed__card-title\">Seis citas seguras y socialmente distanciadas en Santa M\u00f3nica<\/div>\n                        <\/a>\n                    <\/li>\n                                    <\/ul>\n    <\/div>\n<\/section>","protected":false},"excerpt":{"rendered":"<p>Quaint rooms For a more boutique experience, escape to the Palihouse Santa Monica. Situated in a quieter part of the city, this 33-room hotel is known for its attentive staff and chic amenities. Guests rave about the lobby\u2019s eclectic interior design and relaxing environment, making Palihouse a great place to start and end any day in Santa Monica. Chic stays Huntley Santa Monica Beach boasts stylish interiors, unique amenities and personal services. It\u2019s close to the beach\u2013and the famous Santa Monica Pier. Visit the restaurant\/bar, The Penthouse, on the 18th floor for incredible views. Panoramic windows offer gorgeous ocean vistas, [\u2026]<\/p>\n","protected":false},"author":1450,"featured_media":379149,"parent":0,"menu_order":0,"comment_status":"closed","ping_status":"closed","template":"template-editorial.php","meta":{"_acf_changed":false,"inline_featured_image":false,"footnotes":""},"silos":[3887],"class_list":["post-335257","page","type-page","status-publish","has-post-thumbnail","hentry"],"acf":[],"_links":{"self":[{"href":"https:\/\/www.santamonica.com\/es\/wp-json\/wp\/v2\/pages\/335257","targetHints":{"allow":["GET"]}}],"collection":[{"href":"https:\/\/www.santamonica.com\/es\/wp-json\/wp\/v2\/pages"}],"about":[{"href":"https:\/\/www.santamonica.com\/es\/wp-json\/wp\/v2\/types\/page"}],"author":[{"embeddable":true,"href":"https:\/\/www.santamonica.com\/es\/wp-json\/wp\/v2\/users\/1450"}],"replies":[{"embeddable":true,"href":"https:\/\/www.santamonica.com\/es\/wp-json\/wp\/v2\/comments?post=335257"}],"version-history":[{"count":82,"href":"https:\/\/www.santamonica.com\/es\/wp-json\/wp\/v2\/pages\/335257\/revisions"}],"predecessor-version":[{"id":778661,"href":"https:\/\/www.santamonica.com\/es\/wp-json\/wp\/v2\/pages\/335257\/revisions\/778661"}],"wp:featuredmedia":[{"embeddable":true,"href":"https:\/\/www.santamonica.com\/es\/wp-json\/wp\/v2\/media\/379149"}],"wp:attachment":[{"href":"https:\/\/www.santamonica.com\/es\/wp-json\/wp\/v2\/media?parent=335257"}],"wp:term":[{"taxonomy":"silos","embeddable":true,"href":"https:\/\/www.santamonica.com\/es\/wp-json\/wp\/v2\/silos?post=335257"}],"curies":[{"name":"wp","href":"https:\/\/api.w.org\/{rel}","templated":true}]}}