{"id":335224,"date":"2022-05-13T14:51:25","date_gmt":"2022-05-13T21:51:25","guid":{"rendered":"https:\/\/www.santamonica.com\/?page_id=335224"},"modified":"2026-01-13T13:33:11","modified_gmt":"2026-01-13T21:33:11","slug":"ir-de-compras","status":"publish","type":"page","link":"https:\/\/www.santamonica.com\/es\/shopping\/","title":{"rendered":"Compras"},"content":{"rendered":"<section class=\"sun-title sm-block --theme1 sm-block\">\n            <h2 class=\"sun-title__headline\">Vea lo que est\u00e1 de moda<\/h2>    \n    <\/section>\n\n\n\n<figure class=\"wp-block-embed is-type-video is-provider-youtube wp-block-embed-youtube wp-embed-aspect-16-9 wp-has-aspect-ratio base-block\"><div class=\"wp-block-embed__wrapper\">\n<iframe title=\"Compras en Santa M\u00f3nica\" width=\"500\" height=\"281\" src=\"https:\/\/www.youtube.com\/embed\/o5aMIoaXm5g?feature=oembed\" frameborder=\"0\" allow=\"accelerometer; autoplay; clipboard-write; encrypted-media; gyroscope; picture-in-picture; web-share\" referrerpolicy=\"strict-origin-when-cross-origin\" allowfullscreen><\/iframe>\n<\/div><\/figure>\n\n\n<section class=\"sun-title sm-block --theme6 sm-block\">\n            <h2 class=\"sun-title__headline\">Centros comerciales de Santa M\u00f3nica<\/h2>    \n            <div class=\"sun-title__body  wysiwyg\">\n                    <p><span style=\"font-weight: 400;\">La ciudad ofrece<\/span><span style=\"font-weight: 400;\">\u00a0a <\/span><span style=\"font-weight: 400;\">gran variedad de tiendas <\/span><span style=\"font-weight: 400;\">y<\/span><span style=\"font-weight: 400;\"> opciones de compras<\/span><span style=\"font-weight: 400;\">, <\/span><span style=\"font-weight: 400;\">desde el <\/span><a href=\"https:\/\/www.santamonica.com\/es\/vivir-santa-monica\/barrios\/centro-de-santa-monica-paseo-maritimo-de-la-calle-3\/\"><strong>Tercero <\/strong><span style=\"font-weight: 400;\"><strong>Paseo mar\u00edtimo<\/strong><\/span><\/a> <span style=\"font-weight: 400;\">y <\/span><a href=\"https:\/\/www.santamonica.com\/es\/ir-de-compras\/santa-monica-place\/\"><span style=\"font-weight: 400;\"><strong>Santa Monica Place<\/strong><\/span><\/a><span style=\"font-weight: 400;\"> en <\/span><span style=\"font-weight: 400;\">Centro de Santa M\u00f3nica<\/span><span style=\"font-weight: 400;\"> a <\/span><strong><a href=\"https:\/\/www.santamonica.com\/es\/ir-de-compras\/tiendas-exclusivas\/\">tiendas exclusivas<\/a><\/strong><span style=\"font-weight: 400;\"> a lo largo de la calle principal<\/span><span style=\"font-weight: 400;\">, <\/span><a href=\"https:\/\/www.santamonica.com\/es\/vivir-santa-monica\/barrios\/parque-oceanico\/\"><strong>Parque Oce\u00e1nico <\/strong><span style=\"font-weight: 400;\"><strong>Bulevar<\/strong>,<\/span> <\/a><span style=\"font-weight: 400;\">y <\/span><span style=\"font-weight: 400;\">Avenida Montana<\/span><span style=\"font-weight: 400;\">. Muchas de estas opciones de compra ofrecen servicios adicionales muy pr\u00e1cticos, como entrega en el mismo d\u00eda y recogida de paquetes. <\/span><span style=\"font-weight: 400;\">\u00bfBuscas productos locales frescos? Visita uno de los mercados semanales, <\/span><span style=\"font-weight: 400;\">al aire libre<\/span> <strong><a href=\"https:\/\/www.santamonica.com\/es\/vivir-santa-monica\/mercados-de-agricultores\/\">Mercados agr\u00edcolas de Santa M\u00f3nica<\/a><\/strong><span style=\"font-weight: 400;\"> y hacer algunas compras matutinas.<\/span><span style=\"font-weight: 400;\"> Descubre el <\/span><span style=\"font-weight: 400;\">Las mejores tiendas de Santa M\u00f3nica<\/span><span style=\"font-weight: 400;\"> ubicaciones<\/span>\u00a0<span style=\"font-weight: 400;\">por toda la ciudad y encuentra exactamente lo que buscas en nuestra gu\u00eda de compras de Santa M\u00f3nica. Filtra por categor\u00eda, barrio, presupuesto y mucho m\u00e1s para encontrar el estilo adecuado.<\/span><\/p>\n                        <\/div>\n    <\/section>\n\n\n\n<section class=\"two-images container-max sm-block  sm-block\">\n    <div class=\"two-images__container\">\n\n        <div class=\"two-images__column\">\n            <div class=\"two-images__content\">\n                <div class=\"two-images__content-header-container\">\n                                            <h2 class=\"two-images__content-header\">\u00bfBuscas formas de moverte mientras est\u00e1s aqu\u00ed?<\/h2>                                    <\/div>\n                                    <div class=\"two-images__content-body wysiwyg\">\n                        <p><span style=\"font-weight: 400;\">Echa un vistazo a Santa M\u00f3nica <\/span><a href=\"https:\/\/www.santamonica.com\/es\/transporte\/transporte-publico\/\"><span style=\"font-weight: 400;\"><strong>transporte p\u00fablico<\/strong><\/span><\/a><span style=\"font-weight: 400;\"> Opciones y disfrute del destino sin coche. <\/span><span style=\"font-weight: 400;\">El transporte p\u00fablico te puede llevar a <\/span><span style=\"font-weight: 400;\">puntos calientes<\/span><span style=\"font-weight: 400;\"> como el <\/span><strong><a href=\"https:\/\/www.santamonica.com\/es\/cosas-que-hacer\/visitar-el-muelle-de-santa-monica\/\">Muelle de Santa M\u00f3nica<\/a><\/strong><span style=\"font-weight: 400;\"> o en cualquier lugar del \u00e1rea metropolitana <\/span><span style=\"font-weight: 400;\">Los Angeles<\/span><span style=\"font-weight: 400;\"> regi\u00f3n.\u00a0<\/span><\/p>\n<p><span style=\"font-weight: 400;\">Mientras exploras las opciones de compras en cada barrio de Santa M\u00f3nica, no te pierdas estas <\/span><a href=\"https:\/\/www.santamonica.com\/es\/restaurantes\/restaurantes-locales\/\"><span style=\"font-weight: 400;\"><strong>Restaurantes de Santa M\u00f3nica aprobados por los locales<\/strong><\/span><\/a><span style=\"font-weight: 400;\">, adicional <\/span><strong><a href=\"https:\/\/www.santamonica.com\/es\/cosas-que-hacer\/\">cosas que hacer<\/a><\/strong><span style=\"font-weight: 400;\">, <\/span><strong><a href=\"https:\/\/www.santamonica.com\/es\/eventos\/eventos-anuales\/\">Eventos y festivales importantes<\/a><\/strong><span style=\"font-weight: 400;\"> as\u00ed como m\u00e1s de 40 <\/span><strong><a href=\"https:\/\/www.santamonica.com\/es\/hoteles\/\">hoteles<\/a><\/strong><span style=\"font-weight: 400;\"> a menos de 6 km del mar.<\/span><\/p>\n                    <\/div>\n                                            <\/div>\n        <\/div>\n\n        <div class=\"two-images__column\">\n                            <div class=\"two-images__image-container\">\n                    <img decoding=\"async\" width=\"425\" height=\"505\" src=\"https:\/\/www.santamonica.com\/wp-content\/uploads\/2023\/02\/best-santa-monica-shopping.jpg\" class=\"two-images__image\" alt=\"Las mejores compras en Santa M\u00f3nica\" loading=\"lazy\" srcset=\"https:\/\/www.santamonica.com\/wp-content\/uploads\/2023\/02\/best-santa-monica-shopping.jpg 425w, https:\/\/www.santamonica.com\/wp-content\/uploads\/2023\/02\/best-santa-monica-shopping-252x300.jpg 252w, https:\/\/www.santamonica.com\/wp-content\/uploads\/2023\/02\/best-santa-monica-shopping-126x150.jpg 126w\" sizes=\"auto, (max-width: 425px) 100vw, 425px\" title=\"\">                    \n\n                <\/div>\n                    <\/div>\n\n        <div class=\"two-images__column\">\n                            <div class=\"two-images__image-container\">\n                    <img decoding=\"async\" width=\"600\" height=\"565\" src=\"https:\/\/www.santamonica.com\/wp-content\/uploads\/2023\/02\/santa-monica-stores.jpg\" class=\"two-images__image\" alt=\"tiendas de Santa M\u00f3nica\" loading=\"lazy\" srcset=\"https:\/\/www.santamonica.com\/wp-content\/uploads\/2023\/02\/santa-monica-stores.jpg 600w, https:\/\/www.santamonica.com\/wp-content\/uploads\/2023\/02\/santa-monica-stores-300x283.jpg 300w, https:\/\/www.santamonica.com\/wp-content\/uploads\/2023\/02\/santa-monica-stores-159x150.jpg 159w\" sizes=\"auto, (max-width: 600px) 100vw, 600px\" title=\"\">                    \n\n                <\/div>\n                    <\/div>\n\n    <\/div>\n<\/section>\n\n\n\n<section class=\"image-section-break sm-block\">\n    <div class=\"image-section-break__image-wrapper\">\n                    <picture>\n                    <source\n                        media=\"(min-width: 768px)\"\n                        srcset=\"https:\/\/www.santamonica.com\/wp-content\/uploads\/2024\/07\/BuyLocalShopping.png\"\n                    >\n                    <img decoding=\"async\" src=\"https:\/\/www.santamonica.com\/wp-content\/uploads\/2024\/07\/BuyLocalShoppingTall.png\" class=\"image-section-break__image\" alt=\"\" title=\"\">\n            <\/picture>\n                \n\n    <\/div>\n    <div class=\"image-section-break__text-content\">\n        <div class=\"image-section-break__first-content --theme3\">\n                            <div class=\"image-section-break__eyebrow-text\">Encuentre el ajuste perfecto<\/div>\n                                        <h2 class=\"image-section-break__title\">Compras sostenibles<\/h2>\n                                        <div class=\"image-section-break__body-copy wysiwyg\"><p data-sourcepos=\"3:1-3:45\">Santa M\u00f3nica es m\u00e1s que sol, arena y surf: \u00a1es un para\u00edso para los amantes de las compras! En una ciudad repleta de boutiques \u00fanicas, tiendas de artesan\u00eda y marcas sostenibles que reflejan el estilo de vida cotidiano de la playa a la ciudad, <a href=\"https:\/\/www.santamonica.gov\/programs\/buy-local-santa-monica\" target=\"_blank\" rel=\"noopener\">comprar productos locales<\/a> es la manera perfecta de experimentar el encanto \u00fanico y la vibrante comunidad de la ciudad.<\/p>\n<\/div>\n                                <\/div>\n        <div class=\"image-section-break__second-content\">\n                            <div class=\"image-section-break__body-copy wysiwyg\"><p>Desde moda elegante hasta hallazgos ecol\u00f3gicos, los comercios locales de Santa M\u00f3nica ofrecen una gran variedad de tesoros \u00fanicos para los compradores sostenibles. Compra artesan\u00edas creadas por mujeres en la cooperativa de artistas. <strong><a href=\"https:\/\/www.santamonica.com\/es\/ir-de-compras\/galeria-de-diez-mujeres\/\">Galer\u00eda Diez Mujeres<\/a>, <\/strong>aut\u00e9nticos juguetes de madera en <a href=\"https:\/\/www.santamonica.com\/es\/ir-de-compras\/acologia\/\">Acolog\u00eda<\/a> y ropa vintage (junto con vino a\u00f1ejo) en <a href=\"https:\/\/www.santamonica.com\/es\/ir-de-compras\/cosecha-divina\/\">Divino Vintage<\/a> y si\u00e9ntete bien con cada compra sabiendo que est\u00e1s apoyando a las tiendas locales.<\/p>\n<p>Ya sea que busques una librer\u00eda pintoresca, una boutique elegante o una cafeter\u00eda acogedora, encuentra exactamente lo que necesitas y si\u00e9ntete bien con cada compra. Empieza hoy mismo tu aventura de compras y disfruta de lo mejor de Santa M\u00f3nica.<\/p>\n<\/div>\n                                <\/div>\n    <\/div>\n<\/section>\n\n\n<section class=\"crowdriff-gallery sm-block\">\n    <div class=\"crowdriff-gallery__content\">\n                    <h2 class=\"crowdriff-gallery__headline\">Eventos sociales en Santa M\u00f3nica<\/h2>                            <script id=\"cr-init__44e0064d\" src=\"https:\/\/starling.crowdriff.com\/js\/crowdriff.js\" async><\/script>\n            <\/div>\n<\/section>","protected":false},"excerpt":{"rendered":"","protected":false},"author":1450,"featured_media":343566,"parent":0,"menu_order":0,"comment_status":"closed","ping_status":"closed","template":"template-stakeholder-listing.php","meta":{"_acf_changed":false,"inline_featured_image":false,"footnotes":""},"silos":[],"class_list":["post-335224","page","type-page","status-publish","has-post-thumbnail","hentry"],"acf":[],"_links":{"self":[{"href":"https:\/\/www.santamonica.com\/es\/wp-json\/wp\/v2\/pages\/335224","targetHints":{"allow":["GET"]}}],"collection":[{"href":"https:\/\/www.santamonica.com\/es\/wp-json\/wp\/v2\/pages"}],"about":[{"href":"https:\/\/www.santamonica.com\/es\/wp-json\/wp\/v2\/types\/page"}],"author":[{"embeddable":true,"href":"https:\/\/www.santamonica.com\/es\/wp-json\/wp\/v2\/users\/1450"}],"replies":[{"embeddable":true,"href":"https:\/\/www.santamonica.com\/es\/wp-json\/wp\/v2\/comments?post=335224"}],"version-history":[{"count":64,"href":"https:\/\/www.santamonica.com\/es\/wp-json\/wp\/v2\/pages\/335224\/revisions"}],"predecessor-version":[{"id":424429,"href":"https:\/\/www.santamonica.com\/es\/wp-json\/wp\/v2\/pages\/335224\/revisions\/424429"}],"wp:featuredmedia":[{"embeddable":true,"href":"https:\/\/www.santamonica.com\/es\/wp-json\/wp\/v2\/media\/343566"}],"wp:attachment":[{"href":"https:\/\/www.santamonica.com\/es\/wp-json\/wp\/v2\/media?parent=335224"}],"wp:term":[{"taxonomy":"silos","embeddable":true,"href":"https:\/\/www.santamonica.com\/es\/wp-json\/wp\/v2\/silos?post=335224"}],"curies":[{"name":"wp","href":"https:\/\/api.w.org\/{rel}","templated":true}]}}