{"id":335196,"date":"2022-05-13T14:44:08","date_gmt":"2022-05-13T21:44:08","guid":{"rendered":"https:\/\/www.santamonica.com\/?page_id=335196"},"modified":"2026-01-13T13:47:45","modified_gmt":"2026-01-13T21:47:45","slug":"hoteles","status":"publish","type":"page","link":"https:\/\/www.santamonica.com\/es\/hotels\/","title":{"rendered":"Encuentre su hotel perfecto"},"content":{"rendered":"<h2 class=\"wp-block-heading has-text-align-center base-block\">Explora experiencias hoteleras<\/h2>\n\n\n<section class=\"links-grid --theme3 sm-block\">\n    <div class=\"links-grid__wrapper\">\n                                                    <a href=\"https:\/\/www.santamonica.com\/es\/hotels\/staying-in-santa-monica\/\" class=\"links-grid__card-link\" aria-label=\"Alojarse en Santa M\u00f3nica\" >\n                    <div class=\"links-grid__card\">\n                                                    <div class=\"links-grid__card-image-wrapper\">\n                                <img decoding=\"async\" width=\"400\" height=\"400\" src=\"https:\/\/www.santamonica.com\/wp-content\/uploads\/2022\/06\/santa-monica-lodging-400x400.jpg\" class=\"links-grid__card-image\" alt=\"Lugares donde hospedarse en Santa M\u00f3nica\" loading=\"lazy\" title=\"\">                            <\/div>\n                                                <div class=\"links-grid__card-text\">\n                                                            <div class=\"links-grid__card-title\">Alojarse en Santa M\u00f3nica<\/div>\n                                                                                        <div class=\"links-grid__card-description\">Santa M\u00f3nica ofrece una gran variedad de alojamientos hoteleros, desde los m\u00e1s lujosos hasta los m\u00e1s econ\u00f3micos.<\/div>\n                                                    <\/div>\n                    <\/div>\n                <\/a>\n                                            <a href=\"https:\/\/www.santamonica.com\/es\/hotels\/hotels-near-santa-monica-pier\/\" class=\"links-grid__card-link\" aria-label=\"Frente a la playa\" >\n                    <div class=\"links-grid__card\">\n                                                    <div class=\"links-grid__card-image-wrapper\">\n                                <img decoding=\"async\" width=\"400\" height=\"400\" src=\"https:\/\/www.santamonica.com\/wp-content\/uploads\/2024\/01\/Beach-front-hotels-400x400.jpg\" class=\"links-grid__card-image\" alt=\"Hoteles cerca del muelle de Santa M\u00f3nica\" loading=\"lazy\" title=\"\">                            <\/div>\n                                                <div class=\"links-grid__card-text\">\n                                                            <div class=\"links-grid__card-title\">Frente a la playa<\/div>\n                                                                                        <div class=\"links-grid__card-description\">Ninguna otra ciudad costera de Los \u00c1ngeles cuenta con tal variedad de hoteles con vistas al oc\u00e9ano Pac\u00edfico.<\/div>\n                                                    <\/div>\n                    <\/div>\n                <\/a>\n                                            <a href=\"https:\/\/www.santamonica.com\/es\/hotels\/hotels-by-budget\/\" class=\"links-grid__card-link\" aria-label=\"Hoteles por presupuesto\" >\n                    <div class=\"links-grid__card\">\n                                                    <div class=\"links-grid__card-image-wrapper\">\n                                <img decoding=\"async\" width=\"400\" height=\"400\" src=\"https:\/\/www.santamonica.com\/wp-content\/uploads\/2022\/06\/santa-monica-hotels-2-400x400.jpg\" class=\"links-grid__card-image\" alt=\"Hoteles econ\u00f3micos en Santa M\u00f3nica\" loading=\"lazy\" title=\"\">                            <\/div>\n                                                <div class=\"links-grid__card-text\">\n                                                            <div class=\"links-grid__card-title\">Hoteles por presupuesto<\/div>\n                                                                                        <div class=\"links-grid__card-description\">Los hoteles de Santa M\u00f3nica var\u00edan en precio y presupuesto dependiendo de su ubicaci\u00f3n y servicios.<\/div>\n                                                    <\/div>\n                    <\/div>\n                <\/a>\n                                            <a href=\"https:\/\/www.santamonica.com\/es\/hotels\/hotels-by-neighborhood\/\" class=\"links-grid__card-link\" aria-label=\"Hoteles por barrios\" >\n                    <div class=\"links-grid__card\">\n                                                    <div class=\"links-grid__card-image-wrapper\">\n                                <img decoding=\"async\" width=\"400\" height=\"400\" src=\"https:\/\/www.santamonica.com\/wp-content\/uploads\/2022\/07\/Santa-Monica-city-aerial-view-540x540-1-400x400.jpg\" class=\"links-grid__card-image\" alt=\"Lugares donde hospedarse en Santa M\u00f3nica\" loading=\"lazy\" srcset=\"https:\/\/www.santamonica.com\/wp-content\/uploads\/2022\/07\/Santa-Monica-city-aerial-view-540x540-1-400x400.jpg 400w, https:\/\/www.santamonica.com\/wp-content\/uploads\/2022\/07\/Santa-Monica-city-aerial-view-540x540-1-300x300.jpg 300w, https:\/\/www.santamonica.com\/wp-content\/uploads\/2022\/07\/Santa-Monica-city-aerial-view-540x540-1-150x150.jpg 150w, https:\/\/www.santamonica.com\/wp-content\/uploads\/2022\/07\/Santa-Monica-city-aerial-view-540x540-1.jpg 540w\" sizes=\"auto, (max-width: 400px) 100vw, 400px\" title=\"\">                            <\/div>\n                                                <div class=\"links-grid__card-text\">\n                                                            <div class=\"links-grid__card-title\">Hoteles por barrios<\/div>\n                                                                                        <div class=\"links-grid__card-description\">Santa M\u00f3nica es m\u00e1s que una ciudad costera: \u00a1hay ocho barrios estupendos justo al lado de la playa!<\/div>\n                                                    <\/div>\n                    <\/div>\n                <\/a>\n                        <\/div>\n<\/section>\n\n\n\n<section class=\"sun-title sm-block --theme6 sm-block\">\n            <h2 class=\"sun-title__headline\">Preguntas frecuentes<\/h2>    \n            <div class=\"sun-title__body  wysiwyg\">\n                    <h3>\u00bfVale la pena quedarse en Santa M\u00f3nica?<\/h3>\n<p>Alojarse en Santa M\u00f3nica es una buena opci\u00f3n para los visitantes que desean tener cerca lugares de inter\u00e9s, como excelentes restaurantes y la playa. Todos los hoteles se encuentran a menos de seis kil\u00f3metros del mar, y la mayor\u00eda est\u00e1n junto a la playa o a poca distancia a pie, por lo que se puede evitar la molestia y los gastos que supone buscar estacionamiento.<\/p>\n<h3>\u00bfCu\u00e1l es el mejor hotel en Santa M\u00f3nica?<\/h3>\n<p>Santa M\u00f3nica ofrece algunos de los mejores hoteles de California, que satisfacen diversas preferencias en cuanto a ubicaci\u00f3n, servicios y ambiente general. Si busca lujo, encontrar\u00e1 muchos hoteles de alta gama perfectos para relajarse con estilo. Para un ambiente m\u00e1s relajado, Santa M\u00f3nica tambi\u00e9n cuenta con una amplia gama de alojamientos de calidad, desde <a href=\"https:\/\/www.santamonica.com\/es\/hoteles\/hoteles-por-presupuesto\/#mid-range-hotels\">hoteles boutique y de gama media<\/a> a <a href=\"https:\/\/www.santamonica.com\/es\/hoteles\/hoteles-por-presupuesto\/#budget-friendly-hotels\">opciones econ\u00f3micas<\/a>.<\/p>\n<h3>\u00bfCu\u00e1les son los mejores vest\u00edbulos de hotel en Santa M\u00f3nica, California?<\/h3>\n<p><strong><a href=\"https:\/\/www.santamonica.com\/es\/hoteles\/el-hotel-ambrose-2\/\">El Hotel Ambrose<\/a><\/strong> Cuenta con hermosos espacios comunes llenos de plantas y c\u00f3modos asientos, y est\u00e1 a solo 7 minutos en coche de la playa. <strong><a href=\"https:\/\/www.santamonica.com\/es\/hoteles\/hotel-casa-del-mar\/\">Hotel Casa Del Mar<\/a><\/strong> est\u00e1 justo en la playa y cuenta con una gran variedad de opciones gastron\u00f3micas, como el restaurante Terrazza con vistas al mar (se recomienda reservar) y el sal\u00f3n del vest\u00edbulo, que ofrece c\u00f3cteles artesanales en un ambiente elegante.<\/p>\n<p>Dependiendo de sus gustos, la mayor\u00eda de los vest\u00edbulos de los hoteles ofrecen c\u00f3modos asientos y un espacio para socializar, adem\u00e1s de servicios como bebidas gratuitas, Wi-Fi y acogedoras zonas de descanso para los hu\u00e9spedes. Muchos vest\u00edbulos de hotel tambi\u00e9n incluyen bares o restaurantes, pero le recomendamos que llame o consulte la lista de hoteles para obtener m\u00e1s informaci\u00f3n sobre las caracter\u00edsticas que ofrecen.<\/p>\n                        <\/div>\n    <\/section>\n\n\n<section class=\"blog-feed --theme8 sm-block\">\n    <div class=\"blog-feed__content\">\n        <div class=\"blog-feed__intro\">\n                            <div class=\"blog-feed__eyebrow eyebrow\">Blogs<\/div>                                        <h2 class=\"blog-feed__headline\">Descubre Santa M\u00f3nica<\/h2>                                        <div class=\"blog-feed__body\"><p>Explore itinerarios, consejos locales, lugares de inter\u00e9s y aventuras seleccionadas para sacar el m\u00e1ximo partido a su experiencia en Santa M\u00f3nica.<\/p>\n<\/div>\n                                        <a class=\"blog-feed__cta\" href=\"https:\/\/www.santamonica.com\/es\/entradas-de-blog\/\">Ver todos los blogs<\/a>\n                    <\/div>\n\n        <ul class=\"blog-feed__list\">\n                                                <li class=\"blog-feed__item\">\n                        <a href=\"https:\/\/www.santamonica.com\/es\/restaurants\/a-guide-to-santa-monicas-hotel-bars\/\" class=\"blog-feed__item-link\">\n                            <div class=\"blog-feed__image-ratio\">\n                                <img decoding=\"async\" class=\"blog-feed__image\" src=\"https:\/\/www.santamonica.com\/wp-content\/uploads\/2019\/07\/desktop-1-e1563912356679-400x400.jpg\" alt=\"Gu\u00eda de los bares de los hoteles de Santa M\u00f3nica\" title=\"\">\n                            <\/div>\n                            <div class=\"blog-feed__card-title\">Gu\u00eda de los bares de los hoteles de Santa M\u00f3nica<\/div>\n                        <\/a>\n                    <\/li>\n                                                                <li class=\"blog-feed__item\">\n                        <a href=\"https:\/\/www.santamonica.com\/es\/experience-santa-monica\/a-guide-to-santa-monicas-laid-back-luxury\/\" class=\"blog-feed__item-link\">\n                            <div class=\"blog-feed__image-ratio\">\n                                <img decoding=\"async\" class=\"blog-feed__image\" src=\"https:\/\/www.santamonica.com\/wp-content\/uploads\/2019\/07\/feature-400x400.jpg\" alt=\"Gu\u00eda del lujo relajado de Santa M\u00f3nica\" title=\"\">\n                            <\/div>\n                            <div class=\"blog-feed__card-title\">Gu\u00eda del lujo relajado de Santa M\u00f3nica<\/div>\n                        <\/a>\n                    <\/li>\n                                                                <li class=\"blog-feed__item\">\n                        <a href=\"https:\/\/www.santamonica.com\/es\/hotels\/family-friendly-hotels-in-santa-monica\/\" class=\"blog-feed__item-link\">\n                            <div class=\"blog-feed__image-ratio\">\n                                <img decoding=\"async\" class=\"blog-feed__image\" src=\"https:\/\/www.santamonica.com\/wp-content\/uploads\/2019\/03\/family-friendly-hotels-featured-400x400.jpg\" alt=\"Hoteles familiares en Santa M\u00f3nica\" title=\"\">\n                            <\/div>\n                            <div class=\"blog-feed__card-title\">Hoteles familiares en Santa M\u00f3nica<\/div>\n                        <\/a>\n                    <\/li>\n                                    <\/ul>\n    <\/div>\n<\/section>","protected":false},"excerpt":{"rendered":"<p>Explora experiencias hoteleras<\/p>","protected":false},"author":1450,"featured_media":24774,"parent":0,"menu_order":0,"comment_status":"closed","ping_status":"closed","template":"template-stakeholder-listing.php","meta":{"_acf_changed":false,"inline_featured_image":false,"footnotes":""},"silos":[],"class_list":["post-335196","page","type-page","status-publish","has-post-thumbnail","hentry"],"acf":[],"_links":{"self":[{"href":"https:\/\/www.santamonica.com\/es\/wp-json\/wp\/v2\/pages\/335196","targetHints":{"allow":["GET"]}}],"collection":[{"href":"https:\/\/www.santamonica.com\/es\/wp-json\/wp\/v2\/pages"}],"about":[{"href":"https:\/\/www.santamonica.com\/es\/wp-json\/wp\/v2\/types\/page"}],"author":[{"embeddable":true,"href":"https:\/\/www.santamonica.com\/es\/wp-json\/wp\/v2\/users\/1450"}],"replies":[{"embeddable":true,"href":"https:\/\/www.santamonica.com\/es\/wp-json\/wp\/v2\/comments?post=335196"}],"version-history":[{"count":70,"href":"https:\/\/www.santamonica.com\/es\/wp-json\/wp\/v2\/pages\/335196\/revisions"}],"predecessor-version":[{"id":781574,"href":"https:\/\/www.santamonica.com\/es\/wp-json\/wp\/v2\/pages\/335196\/revisions\/781574"}],"wp:featuredmedia":[{"embeddable":true,"href":"https:\/\/www.santamonica.com\/es\/wp-json\/wp\/v2\/media\/24774"}],"wp:attachment":[{"href":"https:\/\/www.santamonica.com\/es\/wp-json\/wp\/v2\/media?parent=335196"}],"wp:term":[{"taxonomy":"silos","embeddable":true,"href":"https:\/\/www.santamonica.com\/es\/wp-json\/wp\/v2\/silos?post=335196"}],"curies":[{"name":"wp","href":"https:\/\/api.w.org\/{rel}","templated":true}]}}