{"id":769197,"date":"2025-07-16T10:08:43","date_gmt":"2025-07-16T17:08:43","guid":{"rendered":"https:\/\/www.santamonica.com\/?page_id=769197"},"modified":"2025-10-03T09:10:31","modified_gmt":"2025-10-03T16:10:31","slug":"santa-monica-live","status":"publish","type":"page","link":"https:\/\/www.santamonica.com\/de\/santa-monica-live\/","title":{"rendered":"Siehe Santa Monica Live"},"content":{"rendered":"<section class=\"sun-title sm-block --theme6 --2col sm-block\">\n            <h2 class=\"sun-title__headline\">Live-Kameras<\/h2>    \n            <div class=\"sun-title__body  --2col wysiwyg\">\n                    <div class=\"column-1\">\n                <p><a href=\"https:\/\/pacpark.com\/santa-monica-pier-live-cams\/wheel\/\" target=\"_blank\" rel=\"noreferrer noopener\">Pazifik-Rad<\/a><br \/>\n<a href=\"https:\/\/pacpark.com\/santa-monica-pier-live-cams\/park\/\" target=\"_blank\" rel=\"noreferrer noopener\">Pazifik-Park<\/a><br \/>\n<a href=\"https:\/\/pacpark.com\/santa-monica-pier-live-cams\/pier\/\" target=\"_blank\" rel=\"noreferrer noopener\">Santa Monica Pier<\/a><br \/>\n<a href=\"https:\/\/www.earthcam.com\/usa\/california\/santamonica\/?cam=santamonica\" target=\"_blank\" rel=\"noreferrer noopener\">Shore Hotel-Pacific Park<\/a><br \/>\n<a href=\"https:\/\/www.viceroyhotelsandresorts.com\/santa-monica\/live-cam\" target=\"_blank\" rel=\"noreferrer noopener\">Viceroy Santa Monica<\/a><\/p>\n                            <\/div>\n            <div class=\"column-2\">\n                <p><a href=\"https:\/\/www.surfline.com\/surf-report\/santa-monica-beach-south\/5af21e4c8a1a07001a4531dc\" target=\"_blank\" rel=\"noreferrer noopener\">Santa Monica Beach, S\u00fcden<\/a><br \/>\n<a href=\"https:\/\/www.surfline.com\/surf-report\/santa-monica-beach-north\/5af21bc9177e44001a8cc60b\" target=\"_blank\" rel=\"noreferrer noopener\">Santa Monica Beach, Norden<\/a><br \/>\n<a href=\"https:\/\/www.fox10phoenix.com\/webcams-santa-monica-beach\" target=\"_blank\" rel=\"noreferrer noopener\">Stadtzentrum\/Santa Monica Beach<\/a><br \/>\n<a href=\"https:\/\/cwwp2.dot.ca.gov\/vm\/loc\/d7\/i10101mcclurewest.htm\" target=\"_blank\" rel=\"noreferrer noopener\">Pacific Coast Highway<\/a><br \/>\n<a href=\"https:\/\/cwwp2.dot.ca.gov\/vm\/loc\/d7\/i10105eocloverfieldblvd.htm\" target=\"_blank\" rel=\"noreferrer noopener\">I-10 Freeway, West<\/a><br \/>\n<a href=\"https:\/\/cwwp2.dot.ca.gov\/vm\/loc\/d7\/i1095centinelaaveonramp.htm\" target=\"_blank\" rel=\"noreferrer noopener\">I-10 Freeway, Osten<\/a><\/p>\n                            <\/div>\n            <\/div>\n    <\/section>\n\n\n\n<p class=\"base-block\"><\/p>\n\n\n\n<figure class=\"wp-block-embed is-type-video is-provider-youtube wp-block-embed-youtube wp-embed-aspect-4-3 wp-has-aspect-ratio base-block\"><div class=\"wp-block-embed__wrapper\">\n<iframe title=\"Santa Monica Beach Cam powered by EXPLORE.org\" width=\"500\" height=\"375\" src=\"https:\/\/www.youtube.com\/embed\/qmE7U1YZPQA?feature=oembed\" frameborder=\"0\" allow=\"accelerometer; autoplay; clipboard-write; encrypted-media; gyroscope; picture-in-picture; web-share\" referrerpolicy=\"strict-origin-when-cross-origin\" allowfullscreen><\/iframe>\n<\/div><\/figure>\n\n\n<section class=\"sun-title sm-block --theme1 sm-block\">\n            <h2 class=\"sun-title__headline\">Mehr erforschen<\/h2>    \n    <\/section>\n\n\n<section class=\"links-grid --theme3 sm-block\">\n    <div class=\"links-grid__wrapper\">\n                                                    <a href=\"https:\/\/www.santamonica.com\/de\/things-to-do\/santa-monica-attractions\/\" class=\"links-grid__card-link\" aria-label=\"Aktivit\u00e4ten &amp; Attraktionen\">\n                    <div class=\"links-grid__card\">\n                                                    <div class=\"links-grid__card-image-wrapper\">\n                                <img decoding=\"async\" width=\"400\" height=\"400\" src=\"https:\/\/www.santamonica.com\/wp-content\/uploads\/2023\/08\/friends-at-santa-monica-statebeach-park-400x400.webp\" class=\"links-grid__card-image\" alt=\"freunde im santa monica statebeach park\" loading=\"lazy\" title=\"\">                            <\/div>\n                                                <div class=\"links-grid__card-text\">\n                                                            <div class=\"links-grid__card-title\">Aktivit\u00e4ten &amp; Attraktionen<\/div>\n                                                                                <\/div>\n                    <\/div>\n                <\/a>\n                                            <a href=\"https:\/\/www.santamonica.com\/de\/arts-and-culture\/\" class=\"links-grid__card-link\" aria-label=\"Kunst &amp; Kultur\">\n                    <div class=\"links-grid__card\">\n                                                    <div class=\"links-grid__card-image-wrapper\">\n                                <img decoding=\"async\" width=\"400\" height=\"400\" src=\"https:\/\/www.santamonica.com\/wp-content\/uploads\/2022\/07\/Museum-of-Flying-540x540-1-400x400.jpg\" class=\"links-grid__card-image\" alt=\"Museen in Santa Monica\" loading=\"lazy\" srcset=\"https:\/\/www.santamonica.com\/wp-content\/uploads\/2022\/07\/Museum-of-Flying-540x540-1-400x400.jpg 400w, https:\/\/www.santamonica.com\/wp-content\/uploads\/2022\/07\/Museum-of-Flying-540x540-1-300x300.jpg 300w, https:\/\/www.santamonica.com\/wp-content\/uploads\/2022\/07\/Museum-of-Flying-540x540-1-150x150.jpg 150w, https:\/\/www.santamonica.com\/wp-content\/uploads\/2022\/07\/Museum-of-Flying-540x540-1.jpg 540w\" sizes=\"auto, (max-width: 400px) 100vw, 400px\" title=\"\">                            <\/div>\n                                                <div class=\"links-grid__card-text\">\n                                                            <div class=\"links-grid__card-title\">Kunst &amp; Kultur<\/div>\n                                                                                <\/div>\n                    <\/div>\n                <\/a>\n                                            <a href=\"https:\/\/www.santamonica.com\/de\/experience-santa-monica\/best-time-to-visit\/\" class=\"links-grid__card-link\" aria-label=\"Beste Zeit f\u00fcr einen Besuch\">\n                    <div class=\"links-grid__card\">\n                                                    <div class=\"links-grid__card-image-wrapper\">\n                                <img decoding=\"async\" width=\"400\" height=\"400\" src=\"https:\/\/www.santamonica.com\/wp-content\/uploads\/2022\/05\/weather-santa-monica-2-400x400.jpg\" class=\"links-grid__card-image\" alt=\"wetter santa monica\" loading=\"lazy\" title=\"\">                            <\/div>\n                                                <div class=\"links-grid__card-text\">\n                                                            <div class=\"links-grid__card-title\">Beste Zeit f\u00fcr einen Besuch<\/div>\n                                                                                <\/div>\n                    <\/div>\n                <\/a>\n                                            <a href=\"https:\/\/www.santamonica.com\/de\/dining-guide-2\/\" class=\"links-grid__card-link\" aria-label=\"Speisef\u00fchrer\">\n                    <div class=\"links-grid__card\">\n                                                    <div class=\"links-grid__card-image-wrapper\">\n                                <img decoding=\"async\" width=\"400\" height=\"400\" src=\"https:\/\/www.santamonica.com\/wp-content\/uploads\/2022\/06\/santa-monica-eateries-2-400x400.jpg\" class=\"links-grid__card-image\" alt=\"restaurants in santa monica\" loading=\"lazy\" title=\"\">                            <\/div>\n                                                <div class=\"links-grid__card-text\">\n                                                            <div class=\"links-grid__card-title\">Speisef\u00fchrer<\/div>\n                                                                                <\/div>\n                    <\/div>\n                <\/a>\n                                            <a href=\"https:\/\/www.santamonica.com\/de\/events\/\" class=\"links-grid__card-link\" aria-label=\"Veranstaltungen\">\n                    <div class=\"links-grid__card\">\n                                                    <div class=\"links-grid__card-image-wrapper\">\n                                <img decoding=\"async\" width=\"400\" height=\"400\" src=\"https:\/\/www.santamonica.com\/wp-content\/uploads\/2022\/07\/Santa-Monica-Events-540x540-1-400x400.jpg\" class=\"links-grid__card-image\" alt=\"Veranstaltungen und Festivals in Santa Monica\" loading=\"lazy\" srcset=\"https:\/\/www.santamonica.com\/wp-content\/uploads\/2022\/07\/Santa-Monica-Events-540x540-1-400x400.jpg 400w, https:\/\/www.santamonica.com\/wp-content\/uploads\/2022\/07\/Santa-Monica-Events-540x540-1-300x300.jpg 300w, https:\/\/www.santamonica.com\/wp-content\/uploads\/2022\/07\/Santa-Monica-Events-540x540-1-150x150.jpg 150w, https:\/\/www.santamonica.com\/wp-content\/uploads\/2022\/07\/Santa-Monica-Events-540x540-1.jpg 540w\" sizes=\"auto, (max-width: 400px) 100vw, 400px\" title=\"\">                            <\/div>\n                                                <div class=\"links-grid__card-text\">\n                                                            <div class=\"links-grid__card-title\">Veranstaltungen<\/div>\n                                                                                <\/div>\n                    <\/div>\n                <\/a>\n                                            <a href=\"https:\/\/www.santamonica.com\/de\/its-a-vibe-families\/\" class=\"links-grid__card-link\" aria-label=\"Familien\">\n                    <div class=\"links-grid__card\">\n                                                    <div class=\"links-grid__card-image-wrapper\">\n                                <img decoding=\"async\" width=\"400\" height=\"400\" src=\"https:\/\/www.santamonica.com\/wp-content\/uploads\/2023\/04\/Santa_Monica_Ferris_Wheel_Family-400x400.webp\" class=\"links-grid__card-image\" alt=\"Santa Monica Familie im Riesenrad\" loading=\"lazy\" title=\"\">                            <\/div>\n                                                <div class=\"links-grid__card-text\">\n                                                            <div class=\"links-grid__card-title\">Familien<\/div>\n                                                                                <\/div>\n                    <\/div>\n                <\/a>\n                                            <a href=\"https:\/\/www.santamonica.com\/de\/experience-santa-monica\/\" class=\"links-grid__card-link\" aria-label=\"Inspiration\">\n                    <div class=\"links-grid__card\">\n                                                    <div class=\"links-grid__card-image-wrapper\">\n                                <img decoding=\"async\" width=\"400\" height=\"400\" src=\"https:\/\/www.santamonica.com\/wp-content\/uploads\/2022\/06\/where-to-go-in-santa-monica-400x400.jpg\" class=\"links-grid__card-image\" alt=\"wohin in santa monica\" loading=\"lazy\" title=\"\">                            <\/div>\n                                                <div class=\"links-grid__card-text\">\n                                                            <div class=\"links-grid__card-title\">Inspiration<\/div>\n                                                                                <\/div>\n                    <\/div>\n                <\/a>\n                                            <a href=\"https:\/\/www.santamonica.com\/de\/experience-santa-monica\/neighborhoods\/\" class=\"links-grid__card-link\" aria-label=\"Santa Monica Nachbarschaften\">\n                    <div class=\"links-grid__card\">\n                                                    <div class=\"links-grid__card-image-wrapper\">\n                                <img decoding=\"async\" width=\"400\" height=\"400\" src=\"https:\/\/www.santamonica.com\/wp-content\/uploads\/2022\/07\/Santa-Monica-Neighborhoods-540x540-1-400x400.jpg\" class=\"links-grid__card-image\" alt=\"Santa Monica Nachbarschaften\" loading=\"lazy\" srcset=\"https:\/\/www.santamonica.com\/wp-content\/uploads\/2022\/07\/Santa-Monica-Neighborhoods-540x540-1-400x400.jpg 400w, https:\/\/www.santamonica.com\/wp-content\/uploads\/2022\/07\/Santa-Monica-Neighborhoods-540x540-1-300x300.jpg 300w, https:\/\/www.santamonica.com\/wp-content\/uploads\/2022\/07\/Santa-Monica-Neighborhoods-540x540-1-150x150.jpg 150w, https:\/\/www.santamonica.com\/wp-content\/uploads\/2022\/07\/Santa-Monica-Neighborhoods-540x540-1.jpg 540w\" sizes=\"auto, (max-width: 400px) 100vw, 400px\" title=\"\">                            <\/div>\n                                                <div class=\"links-grid__card-text\">\n                                                            <div class=\"links-grid__card-title\">Santa Monica Nachbarschaften<\/div>\n                                                                                <\/div>\n                    <\/div>\n                <\/a>\n                        <\/div>\n<\/section>\n\n\n\n    <section class=\"booking-cta --theme5 sm-block\">\n    <div id=\"widget-container-2070\"><\/div>\n<script type=\"text\/javascript\">\n  (function() {\n    var script = document.createElement('script');\n    script.type = 'text\/javascript';\n    script.async = 'true';\n    script.src = \"https:\/\/admin.bookdirect.net\/hs4\/widgets\/2070.js?widget_element=widget-container-2070\";\n    document.body.appendChild(script);\n  })();\n<\/script>\n    <\/section>\n\n\n\n<section class=\"blog-feed --theme8 sm-block\">\n    <div class=\"blog-feed__content\">\n        <div class=\"blog-feed__intro\">\n                            <div class=\"blog-feed__eyebrow eyebrow\">Siehe Santa Monica<\/div>                                        <h1 class=\"blog-feed__headline\">Wie ein Einheimischer<\/h1>                                        <div class=\"blog-feed__body\"><p>Entdecken Sie Reiserouten, lokale Tipps, Hot Spots und ausgew\u00e4hlte Abenteuer, damit Sie das Beste aus Ihrem Aufenthalt in Santa Monica machen k\u00f6nnen.<\/p>\n<\/div>\n                                <\/div>\n\n        <ul class=\"blog-feed__list\">\n                                                <li class=\"blog-feed__item\">\n                        <a href=\"https:\/\/www.santamonica.com\/de\/mother-road-modern-meetings-route-66-meeting-spaces-set-to-shine-for-centennial-in-santa-monica\/\" class=\"blog-feed__item-link\">\n                            <div class=\"blog-feed__image-ratio\">\n                                <img decoding=\"async\" class=\"blog-feed__image\" src=\"https:\/\/www.santamonica.com\/wp-content\/uploads\/2025\/12\/untitledJuly20162C2020180010-182-2-400x400.jpg\" alt=\"MUTTERSTRASSE, MODERNE TAGUNGEN: ROUTE-66-TAGUNGSR\u00c4UME ERSTRAHLEN ZUM HUNDERTJ\u00c4HRIGEN JUBIL\u00c4UM IN SANTA MONICA\" title=\"\">\n                            <\/div>\n                            <div class=\"blog-feed__card-title\">MUTTERSTRASSE, MODERNE TAGUNGEN: ROUTE-66-TAGUNGSR\u00c4UME ERSTRAHLEN ZUM HUNDERTJ\u00c4HRIGEN JUBIL\u00c4UM IN SANTA MONICA<\/div>\n                        <\/a>\n                    <\/li>\n                                                                <li class=\"blog-feed__item\">\n                        <a href=\"https:\/\/www.santamonica.com\/de\/media\/news-release\/santa-monica-announces-song-contest-in-celebration-of-route-66-centennial\/\" class=\"blog-feed__item-link\">\n                            <div class=\"blog-feed__image-ratio\">\n                                <img decoding=\"async\" class=\"blog-feed__image\" src=\"https:\/\/www.santamonica.com\/wp-content\/uploads\/2025\/11\/DSC01084-400x400.jpg\" alt=\"SANTA MONICA VERK\u00dcNDET SONGWETTBEWERB ZUR FEIER DES HUNDERTJ\u00c4HRIGEN BESTEHENS DER ROUTE 66\" title=\"\">\n                            <\/div>\n                            <div class=\"blog-feed__card-title\">SANTA MONICA VERK\u00dcNDET SONGWETTBEWERB ZUR FEIER DES HUNDERTJ\u00c4HRIGEN BESTEHENS DER ROUTE 66<\/div>\n                        <\/a>\n                    <\/li>\n                                                                <li class=\"blog-feed__item\">\n                        <a href=\"https:\/\/www.santamonica.com\/de\/media\/news-release\/where-to-watch-the-world-series-in-santa-monica\/\" class=\"blog-feed__item-link\">\n                            <div class=\"blog-feed__image-ratio\">\n                                <img decoding=\"async\" class=\"blog-feed__image\" src=\"https:\/\/www.santamonica.com\/wp-content\/uploads\/2025\/10\/dodgers-logo-1-400x400.jpg\" alt=\"WO MAN DIE WORLD SERIES IN SANTA MONICA SEHEN KANN\" title=\"\">\n                            <\/div>\n                            <div class=\"blog-feed__card-title\">WO MAN DIE WORLD SERIES IN SANTA MONICA SEHEN KANN<\/div>\n                        <\/a>\n                    <\/li>\n                                    <\/ul>\n    <\/div>\n<\/section>","protected":false},"excerpt":{"rendered":"","protected":false},"author":1421,"featured_media":769200,"parent":0,"menu_order":0,"comment_status":"closed","ping_status":"closed","template":"template-editorial.php","meta":{"_acf_changed":false,"inline_featured_image":false,"footnotes":""},"silos":[],"class_list":["post-769197","page","type-page","status-publish","has-post-thumbnail","hentry"],"acf":[],"_links":{"self":[{"href":"https:\/\/www.santamonica.com\/de\/wp-json\/wp\/v2\/pages\/769197","targetHints":{"allow":["GET"]}}],"collection":[{"href":"https:\/\/www.santamonica.com\/de\/wp-json\/wp\/v2\/pages"}],"about":[{"href":"https:\/\/www.santamonica.com\/de\/wp-json\/wp\/v2\/types\/page"}],"author":[{"embeddable":true,"href":"https:\/\/www.santamonica.com\/de\/wp-json\/wp\/v2\/users\/1421"}],"replies":[{"embeddable":true,"href":"https:\/\/www.santamonica.com\/de\/wp-json\/wp\/v2\/comments?post=769197"}],"version-history":[{"count":9,"href":"https:\/\/www.santamonica.com\/de\/wp-json\/wp\/v2\/pages\/769197\/revisions"}],"predecessor-version":[{"id":769208,"href":"https:\/\/www.santamonica.com\/de\/wp-json\/wp\/v2\/pages\/769197\/revisions\/769208"}],"wp:featuredmedia":[{"embeddable":true,"href":"https:\/\/www.santamonica.com\/de\/wp-json\/wp\/v2\/media\/769200"}],"wp:attachment":[{"href":"https:\/\/www.santamonica.com\/de\/wp-json\/wp\/v2\/media?parent=769197"}],"wp:term":[{"taxonomy":"silos","embeddable":true,"href":"https:\/\/www.santamonica.com\/de\/wp-json\/wp\/v2\/silos?post=769197"}],"curies":[{"name":"wp","href":"https:\/\/api.w.org\/{rel}","templated":true}]}}