{"id":767357,"date":"2025-06-06T09:36:16","date_gmt":"2025-06-06T16:36:16","guid":{"rendered":"https:\/\/www.santamonica.com\/?page_id=767357"},"modified":"2025-10-03T09:12:05","modified_gmt":"2025-10-03T16:12:05","slug":"beachvolleyball","status":"publish","type":"page","link":"https:\/\/www.santamonica.com\/de\/beach-volleyball\/","title":{"rendered":"Beach-Volleyball"},"content":{"rendered":"<section class=\"image-section-break sm-block\">\n    <div class=\"image-section-break__image-wrapper\">\n                    <picture>\n                    <source\n                        media=\"(min-width: 768px)\"\n                        srcset=\"https:\/\/www.santamonica.com\/wp-content\/uploads\/2025\/06\/2025-Beach-Volleyball_History_Wide.png\"\n                    >\n                    <img decoding=\"async\" src=\"https:\/\/www.santamonica.com\/wp-content\/uploads\/2025\/06\/2025-Beach-Volleyball_History_Mobile.png\" class=\"image-section-break__image\" alt=\"Strandvolleyball in Santa Monica\" title=\"\">\n            <\/picture>\n                \n\n    <\/div>\n    <div class=\"image-section-break__text-content\">\n        <div class=\"image-section-break__first-content --theme3\">\n                            <div class=\"image-section-break__eyebrow-text\">Geschichte<\/div>\n                                        <h2 class=\"image-section-break__title\">Wo Beach-Volleyball anfing<\/h2>\n                                        <div class=\"image-section-break__body-copy wysiwyg\"><p>Die Wurzeln des Beachvolleyballs liegen in Santa Monica, wo sich die Sportart von gelegentlichen Spielen unter Freunden zu einem weltweiten Ph\u00e4nomen entwickelt hat. Im fr\u00fchen 20. Jahrhundert begannen die Einheimischen mit informellen Spielen an den breiten, sandigen Ufern - oft in der N\u00e4he des heute als <a href=\"https:\/\/www.santamonica.com\/de\/dinge-die-man-tun-kann\/original-muskelstrand\/\">Original Muscle Beach<\/a>. In den 1960er und 70er Jahren gewann der Wettkampfsport an Bedeutung und zog viele Zuschauer und Spitzentalente an. 1983 machte der Sport mit der Gr\u00fcndung der Association of Volleyball Professionals (AVP) in Santa Monica einen gro\u00dfen Sprung nach vorn. Heute gilt die Stadt als die Wiege des modernen Beachvolleyballs und ist ein Zentrum, in dem sowohl Legenden als auch Anf\u00e4nger spielen.<\/p>\n<\/div>\n                                <\/div>\n        <div class=\"image-section-break__second-content\">\n                            <div class=\"image-section-break__body-copy wysiwyg\"><p>Jeden Sommer erstrahlt die Beachvolleyballkultur von Santa Monica w\u00e4hrend der <a href=\"https:\/\/www.santamonica.com\/de\/veranstaltungen\/jahrliche-veranstaltungen\/\">Pier 360<\/a> am Santa Monica Pier mit der AAU Beach Volleyball National Championship, Musik, Surf-Wettbewerben und klassischer SoCal-Stimmung. Santa Monica ist der Gr\u00fcndungsort der AVP und ein beliebter Trainingsort f\u00fcr Olympioniken. Auf den Pl\u00e4tzen von Santa Monica spielen oft einige der ber\u00fchmtesten Spieler des Sports - viele von ihnen spielen immer noch ganz zwanglos nur wenige Schritte vom Meer entfernt. Mit den bevorstehenden Olympischen Spielen gibt es keinen besseren Zeitpunkt, um <a href=\"https:\/\/www.santamonica.com\/de\/hotels\/aufenthalt-in-santa-monica\/\">Planen Sie Ihren Aufenthalt<\/a> und erleben Sie den Sport, mit dem alles begann.<\/p>\n<\/div>\n                                <\/div>\n    <\/div>\n<\/section>\n\n\n\n<section class=\"two-images container-max sm-block --flip sm-block\">\n    <div class=\"two-images__container --flip\">\n\n        <div class=\"two-images__column\">\n            <div class=\"two-images__content\">\n                <div class=\"two-images__content-header-container\">\n                                            <h1 class=\"two-images__content-header\">Finden Sie Ihre Ausr\u00fcstung<\/h1>                                    <\/div>\n                                    <div class=\"two-images__content-body wysiwyg\">\n                        <p>In Santa Monica ist es ein Kinderspiel, sich auf den Strand vorzubereiten. <a href=\"https:\/\/www.santamonica.com\/de\/restaurants\/perrys-cafe-und-strandvermietung\/\">Perry's Caf\u00e9 &amp; Strandvermietung<\/a>, mit mehreren Standorten entlang des Sandes, und <a href=\"https:\/\/www.santamonica.com\/de\/dinge-die-man-tun-kann\/strandhaus-der-gemeinde-annenberg\/\">Strandhaus der Gemeinde Annenberg<\/a> bieten einen praktischen Volleyballverleih nur wenige Schritte von den Pl\u00e4tzen entfernt. In den Gesch\u00e4ften am Santa Monica Pier und im Stadtzentrum finden Sie au\u00dferdem Strandb\u00e4lle und andere wichtige Dinge. \u00dcbernachten Sie hier? Viele Hotels in der Umgebung bieten einen Verleih von Strandausr\u00fcstung f\u00fcr ihre G\u00e4ste an - fragen Sie einfach den Concierge und gehen Sie direkt in den Sand. Vergessen Sie nicht Sonnencreme, Sonnenbrille und viel Wasser, damit Sie sicher sind und l\u00e4nger in der Sonne von Santa Monica spielen k\u00f6nnen.<\/p>\n                    <\/div>\n                                            <\/div>\n        <\/div>\n\n        <div class=\"two-images__column\">\n                            <div class=\"two-images__image-container\">\n                    <img decoding=\"async\" width=\"1024\" height=\"683\" src=\"https:\/\/www.santamonica.com\/wp-content\/uploads\/2025\/06\/20180623SMTT_Pier360_305-1024x683.jpg\" class=\"two-images__image\" alt=\"\" loading=\"lazy\" srcset=\"https:\/\/www.santamonica.com\/wp-content\/uploads\/2025\/06\/20180623SMTT_Pier360_305-1024x683.jpg 1024w, https:\/\/www.santamonica.com\/wp-content\/uploads\/2025\/06\/20180623SMTT_Pier360_305-300x200.jpg 300w, https:\/\/www.santamonica.com\/wp-content\/uploads\/2025\/06\/20180623SMTT_Pier360_305-225x150.jpg 225w, https:\/\/www.santamonica.com\/wp-content\/uploads\/2025\/06\/20180623SMTT_Pier360_305-768x512.jpg 768w, https:\/\/www.santamonica.com\/wp-content\/uploads\/2025\/06\/20180623SMTT_Pier360_305-1536x1024.jpg 1536w, https:\/\/www.santamonica.com\/wp-content\/uploads\/2025\/06\/20180623SMTT_Pier360_305-2048x1365.jpg 2048w\" sizes=\"auto, (max-width: 1024px) 100vw, 1024px\" title=\"\">                    \n\n                <\/div>\n                    <\/div>\n\n        <div class=\"two-images__column\">\n                            <div class=\"two-images__image-container\">\n                    <img decoding=\"async\" width=\"1024\" height=\"678\" src=\"https:\/\/www.santamonica.com\/wp-content\/uploads\/2025\/06\/DSC_0239-1024x678.jpg\" class=\"two-images__image\" alt=\"\" loading=\"lazy\" srcset=\"https:\/\/www.santamonica.com\/wp-content\/uploads\/2025\/06\/DSC_0239-1024x678.jpg 1024w, https:\/\/www.santamonica.com\/wp-content\/uploads\/2025\/06\/DSC_0239-300x199.jpg 300w, https:\/\/www.santamonica.com\/wp-content\/uploads\/2025\/06\/DSC_0239-227x150.jpg 227w, https:\/\/www.santamonica.com\/wp-content\/uploads\/2025\/06\/DSC_0239-768x509.jpg 768w, https:\/\/www.santamonica.com\/wp-content\/uploads\/2025\/06\/DSC_0239-1536x1017.jpg 1536w, https:\/\/www.santamonica.com\/wp-content\/uploads\/2025\/06\/DSC_0239-2048x1356.jpg 2048w\" sizes=\"auto, (max-width: 1024px) 100vw, 1024px\" title=\"\">                    \n\n                <\/div>\n                    <\/div>\n\n    <\/div>\n<\/section>\n\n\n<section class=\"stakeholder-feed sm-block js-stk-root sm-block\">\n    <div class=\"stakeholder-feed__top\">\n        <div class=\"stakeholder-feed__intro\">\n                            <h1 class=\"stakeholder-feed__headline\">Beach-Volleyball-Verleih &amp; Einkaufen<\/h1>                                <\/div>\n        <div class=\"stakeholder-feed__nav-section\">\n                            <h1 class=\"stakeholder-feed__feed-title\">Ausr\u00fcstung f\u00fcr Beachvolleyball-Spa\u00df<\/h1>                        \n                        <div class=\"stakeholder-feed__pagination xxx--desktop-hide\">\n                <div class=\"swiper-button-prev stakeholder-feed__pagination-prev\"><\/div>\n                <div class=\"swiper-button-next stakeholder-feed__pagination-next\"><\/div>\n            <\/div>\n        <\/div>\n    <\/div>\n    <div class=\"stakeholder-feed__bottom\">\n        <div class=\"stakeholder-feed__feed-list-wrapper swiper js-stk-swiper\">\n            <ul class=\"stakeholder-feed__feed-list swiper-wrapper js-stk-wrapper\">\n                    <li class=\"swiper-slide stakeholder-card --theme3\">\n        <a class=\"stakeholder-card__link\" href=\"https:\/\/www.santamonica.com\/de\/restaurants\/perrys-at-the-beach\/\">\n            <div class=\"stakeholder-card__image\">\n                <img decoding=\"async\" src=\"https:\/\/assets.simpleviewinc.com\/simpleview\/image\/upload\/crm\/santamonica\/shop-2-glass-fire_bf7d640c-5056-b365-ab08dbfcbe6d0734.jpg\" alt=\"Perry&#039;s Caf\u00e9 und Strandvermietung\" title=\"\">\n            <\/div>\n            <div class=\"stakeholder-card__stk-info\">\n                <div class=\"stakeholder-card__stk-name\">Perry's Caf\u00e9 und Strandvermietung<\/div>\n                <div class=\"stakeholder-card__stk-cat\">Essen<\/div>\n            <\/div>\n        <\/a>\n    <\/li>\n        <li class=\"swiper-slide stakeholder-card --theme3\">\n        <a class=\"stakeholder-card__link\" href=\"https:\/\/www.santamonica.com\/de\/shopping\/big-5-sporting-goods\/\">\n            <div class=\"stakeholder-card__image\">\n                <img decoding=\"async\" src=\"https:\/\/assets.simpleviewinc.com\/simpleview\/image\/upload\/crm\/santamonica\/Screenshot-2024-10-22-at-3.24.32-PM_1F63304B-D1F6-AB66-57A5C373523A1FEC-1f632a799a0bec6_1f633fcc-fe9f-7a21-e494bf99fbbd8ee2.png\" alt=\"Big 5 Sporting Goods\" title=\"\">\n            <\/div>\n            <div class=\"stakeholder-card__stk-info\">\n                <div class=\"stakeholder-card__stk-name\">Big 5 Sporting Goods<\/div>\n                <div class=\"stakeholder-card__stk-cat\">Einkaufen<\/div>\n            <\/div>\n        <\/a>\n    <\/li>\n        <li class=\"swiper-slide stakeholder-card --theme3\">\n        <a class=\"stakeholder-card__link\" href=\"https:\/\/www.santamonica.com\/de\/shopping\/marlenes-beachcomber\/\">\n            <div class=\"stakeholder-card__image\">\n                <img decoding=\"async\" src=\"https:\/\/api.threshold360.com\/step\/v2\/locations\/2098558\/thumbnail\" alt=\"Marlenes Strandr\u00e4uber\" title=\"\">\n            <\/div>\n            <div class=\"stakeholder-card__stk-info\">\n                <div class=\"stakeholder-card__stk-name\">Marlenes Strandr\u00e4uber<\/div>\n                <div class=\"stakeholder-card__stk-cat\">B\u00fccher\/Karten\/Geschenke<\/div>\n            <\/div>\n        <\/a>\n    <\/li>\n        <li class=\"swiper-slide stakeholder-card --theme3\">\n        <a class=\"stakeholder-card__link\" href=\"https:\/\/www.santamonica.com\/de\/shopping\/target\/\">\n            <div class=\"stakeholder-card__image\">\n                <img decoding=\"async\" src=\"https:\/\/www.santamonica.com\/wp-content\/uploads\/2024\/05\/placeholder_style-400x400.jpg\" alt=\"Ziel\" title=\"\">\n            <\/div>\n            <div class=\"stakeholder-card__stk-info\">\n                <div class=\"stakeholder-card__stk-name\">Ziel<\/div>\n                <div class=\"stakeholder-card__stk-cat\">Einkaufen<\/div>\n            <\/div>\n        <\/a>\n    <\/li>\n                <\/ul>\n        <\/div>\n    <\/div>\n<\/section>\n\n\n\n<p class=\"base-block\"><\/p>\n\n\n\n<section class=\"image-section-break sm-block\">\n    <div class=\"image-section-break__image-wrapper\">\n                    <picture>\n                    <source\n                        media=\"(min-width: 768px)\"\n                        srcset=\"https:\/\/www.santamonica.com\/wp-content\/uploads\/2025\/06\/1U2B1803-scaled.jpg\"\n                    >\n                    <img decoding=\"async\" src=\"https:\/\/www.santamonica.com\/wp-content\/uploads\/2025\/06\/1U2B1803-scaled.jpg\" class=\"image-section-break__image\" alt=\"\" title=\"\">\n            <\/picture>\n                \n\n    <\/div>\n    <div class=\"image-section-break__text-content\">\n        <div class=\"image-section-break__first-content --theme3\">\n                            <div class=\"image-section-break__eyebrow-text\">Wo spielen<\/div>\n                                        <h2 class=\"image-section-break__title\">Gerichtsstandorte<\/h2>\n                                        <div class=\"image-section-break__body-copy wysiwyg\"><p>Am Santa Monica State Beach gibt es Dutzende von Volleyballpl\u00e4tzen - sechs ausgewiesene Bereiche, darunter Pl\u00e4tze im Ocean Park South\/North, Tournament Beach, Sorrento Beach, die Pier Courts (mit Beleuchtung f\u00fcr das Spiel am Abend) und der <a href=\"https:\/\/www.santamonica.com\/de\/dinge-die-man-tun-kann\/strandhaus-der-gemeinde-annenberg\/\">Strandhaus der Gemeinde Annenberg<\/a>-alle k\u00f6nnen im Voraus reserviert werden. Dar\u00fcber hinaus sind viele \u00f6ffentliche Pl\u00e4tze - vor allem n\u00f6rdlich und s\u00fcdlich des Piers - nach dem Prinzip \"Wer zuerst kommt, mahlt zuerst\" ge\u00f6ffnet.<\/p>\n<p>Wenn Sie vorausschauend planen, k\u00f6nnen Sie einen Platz online oder pers\u00f6nlich \u00fcber das ActiveNet-System der Stadt reservieren (erforderlich f\u00fcr Annenberg, Pier Courts, Ocean Park, Sorrento und andere), und zwar bis zu 28 Tage im Voraus zu einem Preis von etwa $15 pro Stunde. In einigen Bereichen ist eine stundenweise Reservierung per E-Mail oder Telefon m\u00f6glich. F\u00fcr Pl\u00e4tze mit freiem Spiel ist keine Reservierung erforderlich - der fr\u00fche Vogel bekommt den Platz.<\/p>\n<\/div>\n                                <\/div>\n        <div class=\"image-section-break__second-content\">\n                            <div class=\"image-section-break__body-copy wysiwyg\"><p data-start=\"77\" data-end=\"593\"><strong data-start=\"196\" data-end=\"216\">Ocean Park S\u00fcd<\/strong> (2600 Ocean Front Walk) - 9 Pl\u00e4tze (reservierbar)<\/p>\n<p data-start=\"77\" data-end=\"593\"><strong data-start=\"308\" data-end=\"328\">Ocean Park Nord<\/strong> (100 Hollister Ave) - 16 Pl\u00e4tze (reservierbar) + 8 Pl\u00e4tze f\u00fcr Erstbesucher<\/p>\n<p data-start=\"77\" data-end=\"593\"><strong data-start=\"439\" data-end=\"467\">Santa Monica Pier Gerichte<\/strong> (1560 Appian Way) - 4 beleuchtete Pl\u00e4tze f\u00fcr abendliches Spiel (reservierbar)<\/p>\n<p data-start=\"77\" data-end=\"593\"><strong data-start=\"582\" data-end=\"602\">Turnier Strand<\/strong> (1200 Pacific Coast Hwy) - 15 Pl\u00e4tze (reservierbar)<\/p>\n<p data-start=\"77\" data-end=\"593\"><strong data-start=\"696\" data-end=\"714\">Sorrento Strand<\/strong> (810 Pacific Coast Hwy) - 16 Pl\u00e4tze (reservierbar)<\/p>\n<p data-start=\"77\" data-end=\"593\"><strong data-start=\"807\" data-end=\"842\">Strandhaus der Gemeinde Annenberg<\/strong> (415 Pacific Coast Hwy) - 6 Pl\u00e4tze (3 f\u00fcr Reservierungen, 3 zum freien Spiel)<\/p>\n<\/div>\n                                <\/div>\n    <\/div>\n<\/section>\n\n\n<section class=\"image-slider --theme1 sm-block\" >\n    <div class=\"image-slider__wrapper\">\n                    <div class=\"image-slider__copy wysiwyg\"><h5>Beste Zeiten zum Spielen<\/h5>\n<p>Bei idealen Bedingungen sind die Vormittage (8-11 Uhr) und die sp\u00e4ten Nachmittage (16-19 Uhr) beliebte Zeiten, um auf den Sand zu gehen. Vor allem im Fr\u00fchling und Sommer finden zu diesen Zeiten h\u00e4ufig sowohl Freizeitspiele als auch organisierte Matches statt. An Wochentagen herrscht eine entspannte Atmosph\u00e4re, w\u00e4hrend an den Wochenenden mehr Energie auf den Pl\u00e4tzen herrscht. Abends k\u00f6nnen Sie auf den Pier Courts spielen, die f\u00fcr n\u00e4chtliche Spiele beleuchtet sind.<\/p>\n<\/div>\n                <div class=\"image-slider__slider right\">\n                            <!-- Slider main container -->\n                <div class=\"swiper\">\n                    <!-- Additional required wrapper -->\n                    <div class=\"swiper-wrapper\">\n                        <!-- Slides -->\n                                                    <div class=\"swiper-slide\">\n                                <img decoding=\"async\" width=\"1024\" height=\"580\" src=\"https:\/\/www.santamonica.com\/wp-content\/uploads\/2025\/06\/Volleyball.png\" class=\"swiper-slide__image\" alt=\"\" loading=\"lazy\" srcset=\"https:\/\/www.santamonica.com\/wp-content\/uploads\/2025\/06\/Volleyball.png 1024w, https:\/\/www.santamonica.com\/wp-content\/uploads\/2025\/06\/Volleyball-300x170.png 300w, https:\/\/www.santamonica.com\/wp-content\/uploads\/2025\/06\/Volleyball-265x150.png 265w, https:\/\/www.santamonica.com\/wp-content\/uploads\/2025\/06\/Volleyball-768x435.png 768w\" sizes=\"auto, (max-width: 1024px) 100vw, 1024px\" title=\"\">                                \n\n                            <\/div>\n                                            <\/div>\n                                    <\/div>\n                    <\/div>\n    <\/div>\n<\/section>\n\n\n<section class=\"stakeholder-feed sm-block js-stk-root sm-block\" id=\"surflessons\">\n    <div class=\"stakeholder-feed__top\">\n        <div class=\"stakeholder-feed__intro\">\n                            <h1 class=\"stakeholder-feed__headline\">Beachvolleyball-Unterricht in Santa Monica<\/h1>                                        <div class=\"stakeholder-feed__intro-body wysiwyg\">\n                    <p>M\u00f6chten Sie Ihr Spiel erlernen oder verbessern? \u00d6rtliche Lehrer und Beachvolleyball-Programme bieten Privat- und Gruppenunterricht direkt am Strand an - ideal f\u00fcr Anf\u00e4nger, Kinder oder alle, die ihre F\u00e4higkeiten in einer unterhaltsamen Umgebung direkt am Meer verbessern m\u00f6chten.<\/p>\n                <\/div>\n                    <\/div>\n        <div class=\"stakeholder-feed__nav-section\">\n                            <h1 class=\"stakeholder-feed__feed-title\">Unterricht, Klassen &amp; Camps<\/h1>                        \n                        <div class=\"stakeholder-feed__pagination xxx--desktop-hide\">\n                <div class=\"swiper-button-prev stakeholder-feed__pagination-prev\"><\/div>\n                <div class=\"swiper-button-next stakeholder-feed__pagination-next\"><\/div>\n            <\/div>\n        <\/div>\n    <\/div>\n    <div class=\"stakeholder-feed__bottom\">\n        <div class=\"stakeholder-feed__feed-list-wrapper swiper js-stk-swiper\">\n            <ul class=\"stakeholder-feed__feed-list swiper-wrapper js-stk-wrapper\">\n                    <li class=\"swiper-slide stakeholder-card --theme3\">\n        <a class=\"stakeholder-card__link\" href=\"https:\/\/www.santamonica.com\/de\/stakeholder\/sinjin-smiths-beach-volleyball-camp\/\">\n            <div class=\"stakeholder-card__image\">\n                <img decoding=\"async\" src=\"https:\/\/assets.simpleviewinc.com\/simpleview\/image\/upload\/crm\/santamonica\/o_B664737A-B8EE-1A8F-845B2EB14F93EB87-b6647298afd7ca1_b6647e0a-0d61-c4cb-429ff4a8c522a059.jpg\" alt=\"Sinjin Smiths Beachvolleyball-Camp\" title=\"\">\n            <\/div>\n            <div class=\"stakeholder-card__stk-info\">\n                <div class=\"stakeholder-card__stk-name\">Sinjin Smiths Beachvolleyball-Camp<\/div>\n                <div class=\"stakeholder-card__stk-cat\">Dinge zu tun<\/div>\n            <\/div>\n        <\/a>\n    <\/li>\n        <li class=\"swiper-slide stakeholder-card --theme3\">\n        <a class=\"stakeholder-card__link\" href=\"https:\/\/www.santamonica.com\/de\/things-to-do\/santa-monica-beach-volleyball\/\">\n            <div class=\"stakeholder-card__image\">\n                <img decoding=\"async\" src=\"https:\/\/assets.simpleviewinc.com\/simpleview\/image\/upload\/crm\/santamonica\/DSC_0526-EDIT_Original_3913CB4F-E4AD-4510-A87DCBDA620C1C49_848da3f7-dba3-4d75-b5f011c3b7d8ddc0.jpg\" alt=\"Santa Monica Beach-Volleyball Gesellschaft.\" title=\"\">\n            <\/div>\n            <div class=\"stakeholder-card__stk-info\">\n                <div class=\"stakeholder-card__stk-name\">Santa Monica Beach-Volleyball Gesellschaft.<\/div>\n                <div class=\"stakeholder-card__stk-cat\">Dinge zu tun<\/div>\n            <\/div>\n        <\/a>\n    <\/li>\n        <li class=\"swiper-slide stakeholder-card --theme3\">\n        <a class=\"stakeholder-card__link\" href=\"https:\/\/www.santamonica.com\/de\/things-to-do\/annenberg-community-beach-house\/\">\n            <div class=\"stakeholder-card__image\">\n                <img decoding=\"async\" src=\"https:\/\/assets.simpleviewinc.com\/simpleview\/image\/upload\/crm\/santamonica\/bart-bartholomew-photo-for-info-card-S150_bff66770-5056-b365-ab703cfb83549b24.jpg\" alt=\"Strandhaus der Gemeinde Annenberg\" title=\"\">\n            <\/div>\n            <div class=\"stakeholder-card__stk-info\">\n                <div class=\"stakeholder-card__stk-name\">Strandhaus der Gemeinde Annenberg<\/div>\n                <div class=\"stakeholder-card__stk-cat\">Attraktionen<\/div>\n            <\/div>\n        <\/a>\n    <\/li>\n                <\/ul>\n        <\/div>\n    <\/div>\n<\/section>\n\n\n<section class=\"blog-feed --theme8 sm-block\">\n    <div class=\"blog-feed__content\">\n        <div class=\"blog-feed__intro\">\n                            <div class=\"blog-feed__eyebrow eyebrow\">Blogs<\/div>                                        <h2 class=\"blog-feed__headline\">Santa Monica entdecken<\/h2>                                        <div class=\"blog-feed__body\"><p>Entdecken Sie Reiserouten, lokale Tipps, Hot Spots und ausgew\u00e4hlte Abenteuer, damit Sie das Beste aus Ihrem Aufenthalt in Santa Monica machen k\u00f6nnen.<\/p>\n<\/div>\n                                        <a class=\"blog-feed__cta\" href=\"https:\/\/www.santamonica.com\/de\/blogeintrage\/\">Alle Blogs anzeigen<\/a>\n                    <\/div>\n\n        <ul class=\"blog-feed__list\">\n                                                <li class=\"blog-feed__item\">\n                        <a href=\"https:\/\/www.santamonica.com\/de\/mother-road-modern-meetings-route-66-meeting-spaces-set-to-shine-for-centennial-in-santa-monica\/\" class=\"blog-feed__item-link\">\n                            <div class=\"blog-feed__image-ratio\">\n                                <img decoding=\"async\" class=\"blog-feed__image\" src=\"https:\/\/www.santamonica.com\/wp-content\/uploads\/2025\/12\/untitledJuly20162C2020180010-182-2-400x400.jpg\" alt=\"MUTTERSTRASSE, MODERNE TAGUNGEN: ROUTE-66-TAGUNGSR\u00c4UME ERSTRAHLEN ZUM HUNDERTJ\u00c4HRIGEN JUBIL\u00c4UM IN SANTA MONICA\" title=\"\">\n                            <\/div>\n                            <div class=\"blog-feed__card-title\">MUTTERSTRASSE, MODERNE TAGUNGEN: ROUTE-66-TAGUNGSR\u00c4UME ERSTRAHLEN ZUM HUNDERTJ\u00c4HRIGEN JUBIL\u00c4UM IN SANTA MONICA<\/div>\n                        <\/a>\n                    <\/li>\n                                                                <li class=\"blog-feed__item\">\n                        <a href=\"https:\/\/www.santamonica.com\/de\/media\/news-release\/santa-monica-announces-song-contest-in-celebration-of-route-66-centennial\/\" class=\"blog-feed__item-link\">\n                            <div class=\"blog-feed__image-ratio\">\n                                <img decoding=\"async\" class=\"blog-feed__image\" src=\"https:\/\/www.santamonica.com\/wp-content\/uploads\/2025\/11\/DSC01084-400x400.jpg\" alt=\"SANTA MONICA VERK\u00dcNDET SONGWETTBEWERB ZUR FEIER DES HUNDERTJ\u00c4HRIGEN BESTEHENS DER ROUTE 66\" title=\"\">\n                            <\/div>\n                            <div class=\"blog-feed__card-title\">SANTA MONICA VERK\u00dcNDET SONGWETTBEWERB ZUR FEIER DES HUNDERTJ\u00c4HRIGEN BESTEHENS DER ROUTE 66<\/div>\n                        <\/a>\n                    <\/li>\n                                                                <li class=\"blog-feed__item\">\n                        <a href=\"https:\/\/www.santamonica.com\/de\/media\/news-release\/where-to-watch-the-world-series-in-santa-monica\/\" class=\"blog-feed__item-link\">\n                            <div class=\"blog-feed__image-ratio\">\n                                <img decoding=\"async\" class=\"blog-feed__image\" src=\"https:\/\/www.santamonica.com\/wp-content\/uploads\/2025\/10\/dodgers-logo-1-400x400.jpg\" alt=\"WO MAN DIE WORLD SERIES IN SANTA MONICA SEHEN KANN\" title=\"\">\n                            <\/div>\n                            <div class=\"blog-feed__card-title\">WO MAN DIE WORLD SERIES IN SANTA MONICA SEHEN KANN<\/div>\n                        <\/a>\n                    <\/li>\n                                    <\/ul>\n    <\/div>\n<\/section>","protected":false},"excerpt":{"rendered":"","protected":false},"author":1421,"featured_media":767360,"parent":0,"menu_order":0,"comment_status":"closed","ping_status":"closed","template":"template-editorial.php","meta":{"_acf_changed":false,"inline_featured_image":false,"footnotes":""},"silos":[3899],"class_list":["post-767357","page","type-page","status-publish","has-post-thumbnail","hentry"],"acf":[],"_links":{"self":[{"href":"https:\/\/www.santamonica.com\/de\/wp-json\/wp\/v2\/pages\/767357","targetHints":{"allow":["GET"]}}],"collection":[{"href":"https:\/\/www.santamonica.com\/de\/wp-json\/wp\/v2\/pages"}],"about":[{"href":"https:\/\/www.santamonica.com\/de\/wp-json\/wp\/v2\/types\/page"}],"author":[{"embeddable":true,"href":"https:\/\/www.santamonica.com\/de\/wp-json\/wp\/v2\/users\/1421"}],"replies":[{"embeddable":true,"href":"https:\/\/www.santamonica.com\/de\/wp-json\/wp\/v2\/comments?post=767357"}],"version-history":[{"count":16,"href":"https:\/\/www.santamonica.com\/de\/wp-json\/wp\/v2\/pages\/767357\/revisions"}],"predecessor-version":[{"id":767559,"href":"https:\/\/www.santamonica.com\/de\/wp-json\/wp\/v2\/pages\/767357\/revisions\/767559"}],"wp:featuredmedia":[{"embeddable":true,"href":"https:\/\/www.santamonica.com\/de\/wp-json\/wp\/v2\/media\/767360"}],"wp:attachment":[{"href":"https:\/\/www.santamonica.com\/de\/wp-json\/wp\/v2\/media?parent=767357"}],"wp:term":[{"taxonomy":"silos","embeddable":true,"href":"https:\/\/www.santamonica.com\/de\/wp-json\/wp\/v2\/silos?post=767357"}],"curies":[{"name":"wp","href":"https:\/\/api.w.org\/{rel}","templated":true}]}}