{"id":765600,"date":"2025-04-23T11:36:30","date_gmt":"2025-04-23T18:36:30","guid":{"rendered":"https:\/\/www.santamonica.com\/?page_id=765600"},"modified":"2025-05-05T15:33:18","modified_gmt":"2025-05-05T22:33:18","slug":"cinco-de-mayo","status":"publish","type":"page","link":"https:\/\/www.santamonica.com\/de\/things-to-do\/cinco-de-mayo\/","title":{"rendered":"Cinco de Mayo in Santa Monica"},"content":{"rendered":"<section class=\"two-images container-max sm-block --flip sm-block\">\n    <div class=\"two-images__container --flip\">\n\n        <div class=\"two-images__column\">\n            <div class=\"two-images__content\">\n                <div class=\"two-images__content-header-container\">\n                                            <h3 class=\"two-images__content-header\">Veranstaltungen<\/h3>                                    <\/div>\n                                    <div class=\"two-images__content-body wysiwyg\">\n                        <p><strong>Downtown Santa Monica, Inc. (Promenadenveranstaltung)<br \/>\n<\/strong><em>Sonntag, 4. Mai von 3PM - 6PM<br \/>\n<\/em><span data-sheets-root=\"1\">Live-Musik, familienfreundliches Fest auf der Third Street Promenade. <a href=\"https:\/\/www.eventbrite.com\/e\/2025-cinco-de-mayo-on-the-promenade-tickets-1324163742399\" target=\"_blank\" rel=\"noopener\">Erfahren Sie mehr.<\/a><\/span><\/p>\n<p><strong>ALPFA Los Angeles<br \/>\n<\/strong><em>Samstag, 3. Mai - 7:30 Uhr - 11 Uhr<br \/>\n<\/em><span data-sheets-root=\"1\">Veranstaltet von ALPFA Los Angeles, mit Volkslauf und Gemeindeversammlung. <a href=\"https:\/\/www.eventbrite.com\/e\/alpfa-los-angeles-cinco-de-mayo-run-tickets-1312031504549\" target=\"_blank\" rel=\"noopener\">Erfahren Sie mehr.<\/a><\/span><\/p>\n<p><strong>Viceroy Santa Monica<br \/>\n<\/strong><em>Montag, 5. Mai<br \/>\n<\/em><span data-sheets-root=\"1\">Fiesta mit Speisen- und Getr\u00e4nkespecials, Poolside-Vibes. <a href=\"https:\/\/www.viceroyhotelsandresorts.com\/santa-monica\/activities\/calendar\/cinco-de-mayo-fiesta\" target=\"_blank\" rel=\"noopener\">Website besuchen.<\/a><\/span><\/p>\n<p><strong>Tacos und Margs Crawl<\/strong><br \/>\n<em>Samstag, 3. Mai, 14:00 bis 19:00 Uhr<br \/>\n<\/em>Machen Sie sich bereit, Ihr Cinco de Mayo-Wochenende mit dem Santa Monica Tacos &amp; Margs Crawl aufzupeppen! <a href=\"https:\/\/www.santamonica.com\/de\/veranstaltung\/santa-monica-tacos-und-margs-crawl\/\" target=\"_blank\" rel=\"noopener\">Erfahren Sie mehr.<\/a><\/p>\n                    <\/div>\n                                            <\/div>\n        <\/div>\n\n        <div class=\"two-images__column\">\n                            <div class=\"two-images__image-container\">\n                    <img decoding=\"async\" width=\"424\" height=\"504\" src=\"https:\/\/www.santamonica.com\/wp-content\/uploads\/2025\/04\/cinco_424x504-1.jpg\" class=\"two-images__image\" alt=\"\" loading=\"lazy\" srcset=\"https:\/\/www.santamonica.com\/wp-content\/uploads\/2025\/04\/cinco_424x504-1.jpg 424w, https:\/\/www.santamonica.com\/wp-content\/uploads\/2025\/04\/cinco_424x504-1-252x300.jpg 252w, https:\/\/www.santamonica.com\/wp-content\/uploads\/2025\/04\/cinco_424x504-1-126x150.jpg 126w\" sizes=\"auto, (max-width: 424px) 100vw, 424px\" title=\"\">                    \n\n                <\/div>\n                    <\/div>\n\n        <div class=\"two-images__column\">\n                            <div class=\"two-images__image-container\">\n                    <img decoding=\"async\" width=\"600\" height=\"564\" src=\"https:\/\/www.santamonica.com\/wp-content\/uploads\/2025\/04\/Cinco_600x564-1.jpg\" class=\"two-images__image\" alt=\"\" loading=\"lazy\" srcset=\"https:\/\/www.santamonica.com\/wp-content\/uploads\/2025\/04\/Cinco_600x564-1.jpg 600w, https:\/\/www.santamonica.com\/wp-content\/uploads\/2025\/04\/Cinco_600x564-1-300x282.jpg 300w, https:\/\/www.santamonica.com\/wp-content\/uploads\/2025\/04\/Cinco_600x564-1-160x150.jpg 160w\" sizes=\"auto, (max-width: 600px) 100vw, 600px\" title=\"\">                    \n\n                <\/div>\n                    <\/div>\n\n    <\/div>\n<\/section>\n\n\n<section class=\"sun-title sm-block --theme6 sm-block\">\n            <h3 class=\"sun-title__headline\">Cinco de Mayo-Angebote<\/h3>    \n            <div class=\"sun-title__body  wysiwyg\">\n                    <p><strong>Thymian Cafe und Markt<br \/>\n<\/strong>Cinco de Mayo-Catering-Men\u00fc einschlie\u00dflich Fiesta-Paket f\u00fcr sechs Personen, Platten, Suppen, Salate, Hauptgerichte, Beilagen und Desserts bei <a href=\"https:\/\/www.santamonica.com\/de\/restaurants\/thymian-cafe-markt\/\">Thymian Cafe und Markt<\/a>. Die Preise variieren. Bestellen Sie 3 Tage im Voraus per E-Mail.<\/p>\n<p><strong>Der Bungalow<br \/>\n<\/strong>Getr\u00e4nkespecials mit Live-Mariachi und DJ Maxv im <a href=\"https:\/\/www.santamonica.com\/de\/restaurants\/der-bungalow\/\">Der Bungalow<\/a>.<strong><br \/>\n<\/strong><\/p>\n<p><strong>Blauer Teller Taco<\/strong><br \/>\nKaufen Sie 2 Tacos, erhalten Sie den 3. gratis im <a href=\"https:\/\/www.santamonica.com\/de\/restaurants\/blauer-teller-taco\/\" target=\"_blank\" rel=\"noopener\">Blaue Platte Taco.<\/a><\/p>\n<p><span data-sheets-root=\"1\"><strong>Lunetta<\/strong><br \/>\nGeschmack von Puerto Nuevo + Cinco de Mayo-Brunch im <a href=\"https:\/\/www.santamonica.com\/de\/restaurants\/lunetta\/\">Lunetta.<\/a><br \/>\n<\/span><\/p>\n<p><strong>Pazifik-Fang<\/strong><br \/>\nCinco de Mayo-Men\u00fc und Spezialit\u00e4ten bei <a href=\"https:\/\/www.santamonica.com\/de\/restaurants\/pazifischer-fang\/\">Pazifik-Fang<\/a>.<\/p>\n<p><strong data-start=\"497\" data-end=\"530\">Casa Martin Authentisch Mexikanisch<\/strong><br data-start=\"530\" data-end=\"533\" \/><em data-start=\"533\" data-end=\"573\">Sonntag, 5. Mai 2025 | Live DJ ab 17 Uhr<\/em><br data-start=\"573\" data-end=\"576\" \/>Feiern Sie die Fiesta mit einem Live-DJ und genie\u00dfen Sie $10 Margaritas, $24 Flights und $12 Tacos im <a href=\"https:\/\/www.santamonica.com\/de\/restaurants\/casa-martin-12513\/\" target=\"_blank\" rel=\"noopener\">Haus Martin<\/a>. Wer zuerst kommt, mahlt zuerst!<\/p>\n                        <\/div>\n    <\/section>\n\n\n\n<p class=\"has-text-align-center base-block\"><br><em>Sind Sie ein Unternehmen in Santa Monica, das eine besondere Veranstaltung anbietet, die Sie auf dieser Seite vorstellen m\u00f6chten? <a href=\"https:\/\/www.santamonica.com\/de\/formular-fur-die-einreichung-von-geschaftsspecials\/\">Reichen Sie Ihr Angebot hier ein.<\/a><\/em><\/p>\n\n\n<section class=\"blog-feed --theme8 sm-block\">\n    <div class=\"blog-feed__content\">\n        <div class=\"blog-feed__intro\">\n                            <div class=\"blog-feed__eyebrow eyebrow\">Blogs<\/div>                                        <h2 class=\"blog-feed__headline\">Santa Monica entdecken<\/h2>                                        <div class=\"blog-feed__body\"><p>Entdecken Sie Reiserouten, lokale Tipps, Hot Spots und ausgew\u00e4hlte Abenteuer, damit Sie das Beste aus Ihrem Aufenthalt in Santa Monica machen k\u00f6nnen.<\/p>\n<\/div>\n                                        <a class=\"blog-feed__cta\" href=\"https:\/\/www.santamonica.com\/de\/blogeintrage\/\">Alle Blogs anzeigen<\/a>\n                    <\/div>\n\n        <ul class=\"blog-feed__list\">\n                                                <li class=\"blog-feed__item\">\n                        <a href=\"https:\/\/www.santamonica.com\/de\/mother-road-modern-meetings-route-66-meeting-spaces-set-to-shine-for-centennial-in-santa-monica\/\" class=\"blog-feed__item-link\">\n                            <div class=\"blog-feed__image-ratio\">\n                                <img decoding=\"async\" class=\"blog-feed__image\" src=\"https:\/\/www.santamonica.com\/wp-content\/uploads\/2025\/12\/untitledJuly20162C2020180010-182-2-400x400.jpg\" alt=\"MUTTERSTRASSE, MODERNE TAGUNGEN: ROUTE-66-TAGUNGSR\u00c4UME ERSTRAHLEN ZUM HUNDERTJ\u00c4HRIGEN JUBIL\u00c4UM IN SANTA MONICA\" title=\"\">\n                            <\/div>\n                            <div class=\"blog-feed__card-title\">MUTTERSTRASSE, MODERNE TAGUNGEN: ROUTE-66-TAGUNGSR\u00c4UME ERSTRAHLEN ZUM HUNDERTJ\u00c4HRIGEN JUBIL\u00c4UM IN SANTA MONICA<\/div>\n                        <\/a>\n                    <\/li>\n                                                                <li class=\"blog-feed__item\">\n                        <a href=\"https:\/\/www.santamonica.com\/de\/media\/news-release\/santa-monica-announces-song-contest-in-celebration-of-route-66-centennial\/\" class=\"blog-feed__item-link\">\n                            <div class=\"blog-feed__image-ratio\">\n                                <img decoding=\"async\" class=\"blog-feed__image\" src=\"https:\/\/www.santamonica.com\/wp-content\/uploads\/2025\/11\/DSC01084-400x400.jpg\" alt=\"SANTA MONICA VERK\u00dcNDET SONGWETTBEWERB ZUR FEIER DES HUNDERTJ\u00c4HRIGEN BESTEHENS DER ROUTE 66\" title=\"\">\n                            <\/div>\n                            <div class=\"blog-feed__card-title\">SANTA MONICA VERK\u00dcNDET SONGWETTBEWERB ZUR FEIER DES HUNDERTJ\u00c4HRIGEN BESTEHENS DER ROUTE 66<\/div>\n                        <\/a>\n                    <\/li>\n                                                                <li class=\"blog-feed__item\">\n                        <a href=\"https:\/\/www.santamonica.com\/de\/media\/news-release\/where-to-watch-the-world-series-in-santa-monica\/\" class=\"blog-feed__item-link\">\n                            <div class=\"blog-feed__image-ratio\">\n                                <img decoding=\"async\" class=\"blog-feed__image\" src=\"https:\/\/www.santamonica.com\/wp-content\/uploads\/2025\/10\/dodgers-logo-1-400x400.jpg\" alt=\"WO MAN DIE WORLD SERIES IN SANTA MONICA SEHEN KANN\" title=\"\">\n                            <\/div>\n                            <div class=\"blog-feed__card-title\">WO MAN DIE WORLD SERIES IN SANTA MONICA SEHEN KANN<\/div>\n                        <\/a>\n                    <\/li>\n                                    <\/ul>\n    <\/div>\n<\/section>\n\n\n\n<p class=\"base-block\"><\/p>","protected":false},"excerpt":{"rendered":"<p>Are you a Santa Monica business with a special or event that you would like included on this page? Submit your special here.<\/p>","protected":false},"author":1421,"featured_media":765602,"parent":0,"menu_order":0,"comment_status":"closed","ping_status":"closed","template":"template-editorial.php","meta":{"_acf_changed":false,"inline_featured_image":false,"footnotes":""},"silos":[3899],"class_list":["post-765600","page","type-page","status-publish","has-post-thumbnail","hentry"],"acf":[],"_links":{"self":[{"href":"https:\/\/www.santamonica.com\/de\/wp-json\/wp\/v2\/pages\/765600","targetHints":{"allow":["GET"]}}],"collection":[{"href":"https:\/\/www.santamonica.com\/de\/wp-json\/wp\/v2\/pages"}],"about":[{"href":"https:\/\/www.santamonica.com\/de\/wp-json\/wp\/v2\/types\/page"}],"author":[{"embeddable":true,"href":"https:\/\/www.santamonica.com\/de\/wp-json\/wp\/v2\/users\/1421"}],"replies":[{"embeddable":true,"href":"https:\/\/www.santamonica.com\/de\/wp-json\/wp\/v2\/comments?post=765600"}],"version-history":[{"count":18,"href":"https:\/\/www.santamonica.com\/de\/wp-json\/wp\/v2\/pages\/765600\/revisions"}],"predecessor-version":[{"id":765979,"href":"https:\/\/www.santamonica.com\/de\/wp-json\/wp\/v2\/pages\/765600\/revisions\/765979"}],"wp:featuredmedia":[{"embeddable":true,"href":"https:\/\/www.santamonica.com\/de\/wp-json\/wp\/v2\/media\/765602"}],"wp:attachment":[{"href":"https:\/\/www.santamonica.com\/de\/wp-json\/wp\/v2\/media?parent=765600"}],"wp:term":[{"taxonomy":"silos","embeddable":true,"href":"https:\/\/www.santamonica.com\/de\/wp-json\/wp\/v2\/silos?post=765600"}],"curies":[{"name":"wp","href":"https:\/\/api.w.org\/{rel}","templated":true}]}}