{"id":765360,"date":"2025-04-17T17:28:52","date_gmt":"2025-04-18T00:28:52","guid":{"rendered":"https:\/\/www.santamonica.com\/?page_id=765360"},"modified":"2025-05-16T15:18:36","modified_gmt":"2025-05-16T22:18:36","slug":"monat-der-asiatischen-amerikaner-und-pazifischen-insulaner","status":"publish","type":"page","link":"https:\/\/www.santamonica.com\/de\/asian-american-and-pacific-islander-heritage-month\/","title":{"rendered":"Asiatisch-Amerikanisches und Pazifisches-Inselbewohner-Kulturerbe-Monat Gesch\u00e4ftsangebote"},"content":{"rendered":"<section class=\"sun-title sm-block --theme6 --2col sm-block\">\n            <h2 class=\"sun-title__headline\">Business Specials &amp; Veranstaltungen<\/h2>    \n            <div class=\"sun-title__body  --2col wysiwyg\">\n                    <div class=\"column-1\">\n                <p data-start=\"167\" data-end=\"493\"><strong data-start=\"167\" data-end=\"231\">Asiatisch-Amerikanisches + Pazifisches-Insulaner-Erbe-Monat-Feier<\/strong><br data-start=\"231\" data-end=\"234\" \/><em data-start=\"234\" data-end=\"258\">Samstag, Mai 17, 2025<\/em><br data-start=\"258\" data-end=\"261\" \/>Eine familien- und hundefreundliche Veranstaltung auf der Third Street Promenade mit kulturellen Darbietungen, Verk\u00e4ufern und Gemeinschaftsspa\u00df.<br data-start=\"385\" data-end=\"388\" \/><strong><a class=\"cursor-pointer\" href=\"https:\/\/www.eventbrite.com\/e\/aapi-heritage-month-celebration-x-third-street-promenade-tickets-1331407247919\" target=\"_blank\" rel=\"noopener\" data-start=\"388\" data-end=\"493\">Mehr erfahren<\/a><\/strong><\/p>\n<p data-start=\"167\" data-end=\"493\"><b>AAPI Heritage Art Exhibit (l\u00e4uft bis Mai):<\/b><b><br \/>\n<\/b><span style=\"font-weight: 400;\"> Sehen Sie sich eine kuratierte Sammlung zeitgen\u00f6ssischer Werke von AAPI-K\u00fcnstlern an, die sich mit Identit\u00e4t, Erbe und Widerstandsf\u00e4higkeit auseinandersetzen.<\/span><span style=\"font-weight: 400;\"><br \/>\n<\/span><span style=\"font-weight: 400;\"> @ 18th Street Arts Center<\/span><span style=\"font-weight: 400;\"><br \/>\n<\/span><strong><a href=\"https:\/\/www.santamonica.com\/de\/monat-der-asiatischen-amerikaner-und-pazifischen-insulaner\/\" target=\"_blank\" rel=\"noopener\">Weitere Einzelheiten hier<\/a><\/strong><\/p>\n<p data-start=\"495\" data-end=\"777\"><strong data-start=\"495\" data-end=\"536\">Gemeinsamer Gedenkgottesdienst der Bay Cities<\/strong><br data-start=\"536\" data-end=\"539\" \/><em data-start=\"539\" data-end=\"561\">Montag, Mai 26, 2025<\/em><br data-start=\"561\" data-end=\"564\" \/>Ein Gedenkgottesdienst auf dem Woodlawn-Friedhof zu Ehren der japanisch-amerikanischen Veteranen, die im Zweiten Weltkrieg gedient haben.<br data-start=\"676\" data-end=\"679\" \/><a class=\"\" href=\"https:\/\/rafu.com\/2022\/04\/bay-cities-joint-memorial-day-service-at-woodlawn-cemetery\/\" target=\"_new\" rel=\"noopener\" data-start=\"679\" data-end=\"777\"><strong>Mehr erfahren<\/strong><\/a><\/p>\n<p data-start=\"779\" data-end=\"1085\"><strong data-start=\"779\" data-end=\"808\">Innenhof von Santa Monica<\/strong><br data-start=\"808\" data-end=\"811\" \/><em data-start=\"811\" data-end=\"849\">G\u00fcltig bis Samstag, 31. Mai 2025<\/em><br data-start=\"849\" data-end=\"852\" \/>Genie\u00dfen Sie kostenlosen Kaffee oder Tee f\u00fcr alle Tagungen und Veranstaltungen, die w\u00e4hrend des Monats Mai gebucht werden, um den AAPI Heritage Month zu feiern.<br data-start=\"992\" data-end=\"995\" \/><strong><a class=\"cursor-pointer\" href=\"https:\/\/www.santamonica.gov\/blog\/celebrate-asian-american-and-pacific-islander-heritage-month-this-may-with-events-and-activities-throughout-the-city\" target=\"_blank\" rel=\"noopener\" data-start=\"995\" data-end=\"1085\">Mehr erfahren<\/a><\/strong><\/p>\n<p data-start=\"779\" data-end=\"1085\"><strong data-start=\"1192\" data-end=\"1213\">Chinesische Kn\u00f6del<\/strong><br data-start=\"1213\" data-end=\"1216\" \/><em data-start=\"1216\" data-end=\"1230\">31. Mai 2025<\/em><br data-start=\"1230\" data-end=\"1233\" \/>Die Feinschmeckerschule am Santa Monica Place<br data-start=\"1277\" data-end=\"1280\" \/>In diesem interaktiven Kurs, in dem es um Geschmack, Falttechniken und kulturelle Traditionen geht, stellen Sie Ihre eigenen handgemachten Kn\u00f6del her.<br data-start=\"1416\" data-end=\"1419\" \/><strong><a class=\"cursor-pointer\" href=\"http:\/\/Chinese Dumplings May 31, 2025 The Gourmandise School at Santa Monica Place Craft your own handmade dumplings from scratch in this interactive class focused on flavor, folding techniques, and cultural traditions. Learn more\" target=\"_blank\" rel=\"noopener\" data-start=\"1419\" data-end=\"1481\">Mehr erfahren\u00a0<\/a><\/strong><\/p>\n<p data-start=\"779\" data-end=\"1085\"><strong>Cobi's\u00a0<\/strong><br \/>\nSpezielles Gericht der philippinischen K\u00fcche zu Ehren des Erbes und der Tradition w\u00e4hrend des philippinischen Monats.<strong><br \/>\n<a href=\"https:\/\/www.santamonica.com\/de\/restaurants\/cobbis-currys\/\" target=\"_blank\" rel=\"noopener\">Erfahren Sie mehr.\u00a0<\/a><\/strong><\/p>\n<p data-start=\"223\" data-end=\"558\"><strong data-start=\"223\" data-end=\"248\">Date-Abend: Sushi 101<\/strong><br data-start=\"248\" data-end=\"251\" \/><em data-start=\"251\" data-end=\"265\">10. Mai 2025<\/em><br data-start=\"265\" data-end=\"268\" \/>Die Feinschmeckerschule am Santa Monica Place<br data-start=\"312\" data-end=\"315\" \/>Feiern Sie den AAPI Heritage Month mit einem praktischen Sushi-Kurs, der von erfahrenen AAPI-K\u00f6chen geleitet wird. Lernen Sie grundlegende Techniken f\u00fcr die Zubereitung von frischem Sushi in einem unterhaltsamen Format f\u00fcr einen Abend.<br data-start=\"493\" data-end=\"496\" \/><strong><a class=\"cursor-pointer\" href=\"http:\/\/Chinese Dumplings May 31, 2025 The Gourmandise School at Santa Monica Place Craft your own handmade dumplings from scratch in this interactive class focused on flavor, folding techniques, and cultural traditions. Learn more\" target=\"_blank\" rel=\"noopener\" data-start=\"496\" data-end=\"558\">Mehr erfahren\u00a0<\/a><\/strong><\/p>\n<p data-start=\"223\" data-end=\"558\"><strong data-start=\"890\" data-end=\"913\">Allt\u00e4gliches Vietnamesisch<\/strong><br data-start=\"913\" data-end=\"916\" \/><em data-start=\"916\" data-end=\"930\">30. Mai 2025<\/em><br data-start=\"930\" data-end=\"933\" \/>Die Feinschmeckerschule am Santa Monica Place<br data-start=\"977\" data-end=\"980\" \/>Entdecken Sie die Grundlagen der vietnamesischen Hausmannskost mit frischen Fr\u00fchlingsrollen, Reisnudelsalat und Dip-Saucen - alles unter der Leitung von renommierten AAPI-K\u00f6chen.<br data-start=\"1125\" data-end=\"1128\" \/><a class=\"cursor-pointer\" href=\"https:\/\/thegourmandiseschool.com\/?srsltid=AfmBOopGC6T-EHgUq3WyXSWfhzjEtJftBXVwYJmMoQSegdEEShfjmalP\" target=\"_blank\" rel=\"noopener\" data-start=\"1128\" data-end=\"1190\"><strong>Mehr erfahren<\/strong>\u00a0<\/a><\/p>\n                            <\/div>\n            <div class=\"column-2\">\n                <p data-start=\"1087\" data-end=\"1419\"><b>\u201cFestessen aus dem Osten\u201d Pop-Up von K\u00fcchenchef Chad Phuong (Samstag, 12-18 Uhr):<\/b><b><br \/>\n<\/b><span style=\"font-weight: 400;\"> Der kambodschanische BBQ-Meister Chad Phuong (auch bekannt als \u201cCambodian Cowboy\u201d) bringt seine ger\u00e4ucherte Rinderbrust, Rippchen und s\u00fcdostasiatisch inspirierten Saucen nach Santa Monica f\u00fcr ein spezielles eint\u00e4giges AAPI Heritage Month Pop-up.<\/span><span style=\"font-weight: 400;\"><br \/>\n<\/span><span style=\"font-weight: 400;\"> @ Die Gourmandise-Schule, Santa Monica Place<\/span><span style=\"font-weight: 400;\"><br \/>\n<\/span><strong><a href=\"https:\/\/www.santamonica.com\/de\/monat-der-asiatischen-amerikaner-und-pazifischen-insulaner\/\" target=\"_blank\" rel=\"noopener\">Weitere Einzelheiten hier<\/a><\/strong><\/p>\n<p data-start=\"1087\" data-end=\"1419\"><strong data-start=\"1087\" data-end=\"1139\">VON JA BIS SHOHEI: Das Manzanar-Baseball-Projekt<\/strong><br data-start=\"1139\" data-end=\"1142\" \/><em data-start=\"1142\" data-end=\"1166\">Samstag, Mai 10, 2025<\/em><br data-start=\"1166\" data-end=\"1169\" \/>Begleiten Sie den K\u00fcnstler Dan Kwong zu einer Multimedia-Pr\u00e4sentation, die sich mit dem japanisch-amerikanischen Baseball w\u00e4hrend des Zweiten Weltkriegs befasst und Videos, Performance-Kunst und eine Podiumsdiskussion umfasst.<br data-start=\"1328\" data-end=\"1331\" \/><strong><a class=\"cursor-pointer\" href=\"https:\/\/www.janm.org\/events\/2024-12-07\/manzanar-baseball-project\" target=\"_blank\" rel=\"noopener\" data-start=\"1331\" data-end=\"1419\">Mehr erfahren<\/a><\/strong><\/p>\n<p data-start=\"1087\" data-end=\"1419\"><b>Konamon Fest - Japanisches Street Food Festival (Samstag und Sonntag):<\/b><b><br \/>\n<\/b><span style=\"font-weight: 400;\"> Dieses Stra\u00dfen- und Kulturfestival wird wieder mit einer Sake-Verkostungszone mit mehr als 31 Sake-Sorten, Verk\u00e4ufern aus Japan und einem japanischen Geigenspiel aufwarten.<\/span><span style=\"font-weight: 400;\"><br \/>\n<\/span><span style=\"font-weight: 400;\"> @ Santa Monica Pier<\/span><span style=\"font-weight: 400;\"><br \/>\n<\/span><strong><a href=\"https:\/\/www.konamonfest.com\" target=\"_blank\" rel=\"noopener\">Mehr erfahren<\/a><\/strong><\/p>\n<p data-start=\"1421\" data-end=\"1686\"><strong data-start=\"1421\" data-end=\"1454\">Fast genau Fast wie ich<\/strong><br data-start=\"1454\" data-end=\"1457\" \/><em data-start=\"1457\" data-end=\"1481\">Samstag, Mai 17, 2025<\/em><br data-start=\"1481\" data-end=\"1484\" \/>Kinderbuchlesung und Signierstunde von Pearl AuYeung, die Identit\u00e4t, Vielfalt und den AAPI Heritage Month feiert.<br data-start=\"1595\" data-end=\"1598\" \/><strong><a class=\"cursor-pointer\" href=\"https:\/\/santamonicanext.org\/2025\/04\/santa-monica-library-presents-the-manzanar-baseball-project-and-nearly-exactly-almost-like-me\/\" target=\"_blank\" rel=\"noopener\" data-start=\"1598\" data-end=\"1686\">Mehr erfahren<\/a><\/strong><\/p>\n<p data-start=\"1421\" data-end=\"1686\"><b>Oaxacalifornia - Filmvorf\u00fchrung und Podiumsdiskussion (Sonntag, 16 Uhr):<\/b><b><br \/>\n<\/b><span style=\"font-weight: 400;\"> Feiern Sie die lebendige Mischung aus mexikanischer und japanischer Kultur in dieser gefeierten Dokumentarfilmvorf\u00fchrung, gefolgt von einer Fragerunde mit der Regisseurin Bertha Aguilar.<\/span><span style=\"font-weight: 400;\"><br \/>\n<\/span><span style=\"font-weight: 400;\"> @ Santa Monica College, H\u00f6rsaal f\u00fcr Geisteswissenschaften<\/span><span style=\"font-weight: 400;\"><br \/>\n<\/span><strong><a href=\"https:\/\/www.santamonica.com\/de\/monat-der-asiatischen-amerikaner-und-pazifischen-insulaner\/\" target=\"_blank\" rel=\"noopener\">Weitere Einzelheiten hier<\/a><\/strong><\/p>\n<p data-start=\"1688\" data-end=\"1955\"><strong data-start=\"1688\" data-end=\"1706\">Reis Reis Baby<\/strong><br data-start=\"1706\" data-end=\"1709\" \/><em data-start=\"1709\" data-end=\"1731\">Freitag, Mai 16, 2025<\/em><br data-start=\"1731\" data-end=\"1734\" \/>Ein Comedy-Abend im Rahmen des AAPI Heritage Month im The Crow, mit einem Sonderrabatt im Restaurant Birdie G's f\u00fcr die Teilnehmer.<br data-start=\"1861\" data-end=\"1864\" \/><strong><a class=\"cursor-pointer\" href=\"https:\/\/dola.com\/events\/2025\/5\/16\/rice-rice-baby-a-comedy-show-for-aapi-heritage-month-tickets\" target=\"_blank\" rel=\"noopener\" data-start=\"1864\" data-end=\"1955\">Mehr erfahren<\/a><\/strong><\/p>\n<p data-start=\"1688\" data-end=\"1955\"><b>Tai Chi am Strand (Sonntag, 9 Uhr):<\/b><b><br \/>\n<\/b><span style=\"font-weight: 400;\"> Begleiten Sie Meister Henry Lung zu einer sanften und erholsamen Tai-Chi-Sitzung, die die AAPI-Wellness-Traditionen feiert. Kostenlos und offen f\u00fcr alle Niveaus.<\/span><span style=\"font-weight: 400;\"><br \/>\n<\/span><span style=\"font-weight: 400;\"> @ Annenberg Community Beach House<\/span><span style=\"font-weight: 400;\"><br \/>\n<\/span><strong><a href=\"https:\/\/www.santamonica.com\/de\/monat-der-asiatischen-amerikaner-und-pazifischen-insulaner\/\" target=\"_blank\" rel=\"noopener\">Weitere Einzelheiten hier<\/a><\/strong><\/p>\n<p data-start=\"1688\" data-end=\"1955\"><strong data-start=\"560\" data-end=\"591\">Traditionelle chinesische K\u00fcche<\/strong><br data-start=\"591\" data-end=\"594\" \/><em data-start=\"594\" data-end=\"608\">Mai 24, 2025<\/em><br data-start=\"608\" data-end=\"611\" \/>Die Feinschmeckerschule am Santa Monica Place<br data-start=\"655\" data-end=\"658\" \/>Beherrschen Sie die k\u00fchnen Aromen und Techniken der traditionellen chinesischen K\u00fcche, z. B. Drei-Tassen-H\u00fchnchen, mit Knoblauch gebratener Spinat und Mandel-Tofu mit pochierten Aprikosen.<br data-start=\"823\" data-end=\"826\" \/><strong><a class=\"cursor-pointer\" href=\"http:\/\/Chinese Dumplings May 31, 2025 The Gourmandise School at Santa Monica Place Craft your own handmade dumplings from scratch in this interactive class focused on flavor, folding techniques, and cultural traditions. Learn more\" target=\"_blank\" rel=\"noopener\" data-start=\"826\" data-end=\"888\">Mehr erfahren\u00a0<\/a><\/strong><\/p>\n                            <\/div>\n            <\/div>\n    <\/section>","protected":false},"excerpt":{"rendered":"","protected":false},"author":1421,"featured_media":765784,"parent":0,"menu_order":0,"comment_status":"closed","ping_status":"closed","template":"template-editorial.php","meta":{"_acf_changed":false,"inline_featured_image":false,"footnotes":""},"silos":[],"class_list":["post-765360","page","type-page","status-publish","has-post-thumbnail","hentry"],"acf":[],"_links":{"self":[{"href":"https:\/\/www.santamonica.com\/de\/wp-json\/wp\/v2\/pages\/765360","targetHints":{"allow":["GET"]}}],"collection":[{"href":"https:\/\/www.santamonica.com\/de\/wp-json\/wp\/v2\/pages"}],"about":[{"href":"https:\/\/www.santamonica.com\/de\/wp-json\/wp\/v2\/types\/page"}],"author":[{"embeddable":true,"href":"https:\/\/www.santamonica.com\/de\/wp-json\/wp\/v2\/users\/1421"}],"replies":[{"embeddable":true,"href":"https:\/\/www.santamonica.com\/de\/wp-json\/wp\/v2\/comments?post=765360"}],"version-history":[{"count":11,"href":"https:\/\/www.santamonica.com\/de\/wp-json\/wp\/v2\/pages\/765360\/revisions"}],"predecessor-version":[{"id":766376,"href":"https:\/\/www.santamonica.com\/de\/wp-json\/wp\/v2\/pages\/765360\/revisions\/766376"}],"wp:featuredmedia":[{"embeddable":true,"href":"https:\/\/www.santamonica.com\/de\/wp-json\/wp\/v2\/media\/765784"}],"wp:attachment":[{"href":"https:\/\/www.santamonica.com\/de\/wp-json\/wp\/v2\/media?parent=765360"}],"wp:term":[{"taxonomy":"silos","embeddable":true,"href":"https:\/\/www.santamonica.com\/de\/wp-json\/wp\/v2\/silos?post=765360"}],"curies":[{"name":"wp","href":"https:\/\/api.w.org\/{rel}","templated":true}]}}