{"id":765201,"date":"2025-04-15T15:11:08","date_gmt":"2025-04-15T22:11:08","guid":{"rendered":"https:\/\/www.santamonica.com\/?page_id=765201"},"modified":"2025-11-04T09:48:17","modified_gmt":"2025-11-04T17:48:17","slug":"pali-high-school-business-specials","status":"publish","type":"page","link":"https:\/\/www.santamonica.com\/de\/pali-high-school-business-specials\/","title":{"rendered":"High School Business Specials"},"content":{"rendered":"<section class=\"sun-title sm-block --theme6 sm-block\">\n            <h2 class=\"sun-title__headline\">Speisew\u00fcnsche<\/h2>    \n    <\/section>\n\n\n\n<div class=\"wp-block-columns is-layout-flex wp-container-core-columns-is-layout-28f84493 wp-block-columns-is-layout-flex base-block\">\n<div class=\"wp-block-column is-layout-flow wp-block-column-is-layout-flow base-block\">\n<p class=\"base-block\"><a href=\"https:\/\/www.santamonica.com\/de\/restaurants\/der-neugierige-gaumen\/\">Der neugierige Gaumen<\/a><\/p>\n\n\n\n<p class=\"base-block\">10% Rabatt auf Ihre Bestellung mit Nachweis eines Highschool-Ausweises. Bestellen Sie online mit dem Promo-Code: HIGH SCHOOL* Das Angebot gilt nur f\u00fcr Sch\u00fcler und Lehrkr\u00e4fte der Pali High School.<\/p>\n\n\n\n<p class=\"base-block\"><a href=\"https:\/\/www.santamonica.com\/de\/restaurants\/espresso-cielo-14312\/\">Espresso Cielo<\/a><\/p>\n\n\n\n<p class=\"base-block\">Mit einem Sch\u00fcler- oder Lehrerausweis erhalten Sie 10% Rabatt auf den gesamten Einkauf.<\/p>\n\n\n\n<p class=\"base-block\"><a href=\"https:\/\/www.santamonica.com\/de\/restaurants\/am-meer-auf-der-seebrucke\/\">Seaside on the Pier - Santa Monica<\/a><\/p>\n\n\n\n<p class=\"base-block\">All Inclusive Menus of State Tax and service charge Surfs UP $28.00 all inclusive pricing \/ $21.17 Hang 10 $38.00 all inclusive \/ $28.73Big Kahuna $48.00 all inclusive \/ $36.29.<\/p>\n\n\n\n<p class=\"base-block\"><a href=\"https:\/\/www.santamonica.com\/de\/restaurants\/espresso-cielo-14312\/\">Espresso Cielo<\/a><\/p>\n\n\n\n<p class=\"base-block\">10% Rabatt auf den gesamten Einkauf mit Sch\u00fcler- oder Lehrerausweis.<\/p>\n\n\n\n<p class=\"base-block\"><a href=\"https:\/\/www.santamonica.com\/de\/restaurants\/cafe-ugo\/\">UGO<\/a><\/p>\n\n\n\n<p class=\"base-block\">25% Rabatt f\u00fcr beide UGO-Standorte an der Promenade. Standort 1: 1400 third street promenade Standort 2: 1237 third street promenade.<\/p>\n\n\n\n<p class=\"base-block\"><a href=\"https:\/\/www.santamonica.com\/de\/restaurants\/edgemar\/\">Edgemar Restaurant und Aufenthaltsraum<\/a><\/p>\n\n\n\n<p class=\"base-block\">Mittagsrabatt 15% \u201cEltern holen und bringen ihre Kinder in Edgemar ab\u201d.\u201d<\/p>\n\n\n\n<p class=\"base-block\"><a href=\"https:\/\/www.santamonica.com\/de\/restaurants\/mcconnells-fine-ice-creams\/\">McConnell's Feine Eiscremes<\/a><\/p>\n\n\n\n<p class=\"base-block\">10% aus Pali High Studentenrabatt.<\/p>\n\n\n\n<p class=\"base-block\"><a href=\"https:\/\/www.santamonica.com\/de\/restaurants\/stefanos-pizzeria\/\">Stefano's Pizzeria<\/a><\/p>\n\n\n\n<p class=\"base-block\">20% Rabatt auf jeden Einkauf f\u00fcr Studenten und Dozenten mit Schulausweis.<\/p>\n<\/div>\n\n\n\n<div class=\"wp-block-column is-layout-flow wp-block-column-is-layout-flow base-block\">\n<p class=\"base-block\"><a href=\"https:\/\/www.santamonica.com\/de\/restaurants\/vernunftiges-gesundes-essen\/\">Sinnvolle, gesunde Ern\u00e4hrung<\/a><\/p>\n\n\n\n<p class=\"base-block\">10% Rabatt auf Ihre Bestellung mit Nachweis eines Pali High School Ausweises. *Das Angebot gilt nur f\u00fcr Sch\u00fcler und Lehrkr\u00e4fte der Pali High School.<\/p>\n\n\n\n<p class=\"base-block\"><a href=\"https:\/\/www.santamonica.com\/de\/restaurants\/taverne-am-hauptplatz\/\">Taverne am Main<\/a><\/p>\n\n\n\n<p class=\"base-block\">Happy-Hour-Angebote M-F 2 bis 19 Uhr. Kleiner Rabatt f\u00fcr Lehrer und Dozenten kann gew\u00e4hrt werden.<\/p>\n\n\n\n<p class=\"base-block\"><a href=\"https:\/\/whalerbeachbar.com\" target=\"_blank\" rel=\"noopener\">Whaler Beach Bar<\/a><\/p>\n\n\n\n<p class=\"base-block\">$15 Men\u00fc. Beinhaltet ein Erfrischungsgetr\u00e4nk. Erh\u00e4ltlich mit Nachweis eines Schulausweises. Burger (serviert mit Pommes frites oder Salat) Gegrilltes H\u00e4hnchen BLTA (serviert mit Pommes frites oder Salat) oder Fried Chicken Sandwich (serviert mit Pommes frites oder Salat) Gr\u00fcnkohlsalat, Pepperoni Pizza, Buffalo Wings<\/p>\n\n\n\n<p class=\"base-block\"><a href=\"https:\/\/www.santamonica.com\/de\/restaurants\/nick-der-grieche\/\">Nick der Grieche<\/a><\/p>\n\n\n\n<p class=\"base-block\">Zeigen Sie Ihren Studenten- oder Mitarbeiterausweis vor und erhalten Sie einen Rabatt von 10% auf ein beliebiges Men\u00fc - ODER ein GRATIS-Upgrade auf Greek Fries oder Nick's Fries, wenn Sie eine beliebige Combo kaufen!<\/p>\n\n\n\n<p class=\"base-block\"><a href=\"https:\/\/www.santamonica.com\/de\/restaurants\/der-surffuchs\/\">Der Surffuchs<\/a><\/p>\n\n\n\n<p class=\"base-block\">Lehrkr\u00e4fte und Dozenten haben an Werktagen zwischen 7 und 16 Uhr 20% frei.<\/p>\n\n\n\n<p class=\"base-block\"><a href=\"https:\/\/www.santamonica.com\/de\/restaurants\/pazifischer-fang\/\">Pazifik-Fang<\/a><\/p>\n\n\n\n<p class=\"base-block\">F\u00fcr Fakult\u00e4tsmitglieder gibt es eine t\u00e4gliche Happy Hour namens \u201cAloha Hour\u2019 von 15-18 Uhr. Essen ab $5, Cocktails ab $8. Au\u00dferdem bieten wir allen Mitgliedern des Lehrk\u00f6rpers jederzeit und an jedem Tag der Woche einen Rabatt von 10%.<\/p>\n\n\n\n<p class=\"base-block\"><a href=\"https:\/\/www.santamonica.com\/de\/restaurants\/rosti\/\">Rosti Toskanische K\u00fcche<\/a><\/p>\n\n\n\n<p class=\"base-block\">Sparen Sie $5, wenn Sie $25 oder mehr ausgeben! Erh\u00e4ltlich f\u00fcr das Essen im Restaurant oder zum Mitnehmen, muss mit Studentenausweis nachgewiesen werden. Verwenden Sie den Promo-Code: GOPALI*Das Angebot gilt nur f\u00fcr Sch\u00fcler und Lehrkr\u00e4fte der Pali High School. G\u00fcltig bis 31. Mai 2026.<\/p>\n<\/div>\n<\/div>\n\n\n<section class=\"sun-title sm-block --theme6 sm-block\">\n            <h2 class=\"sun-title__headline\">Einzelhandelsangebote<\/h2>    \n    <\/section>\n\n\n\n<div class=\"wp-block-columns is-layout-flex wp-container-core-columns-is-layout-28f84493 wp-block-columns-is-layout-flex base-block\">\n<div class=\"wp-block-column is-layout-flow wp-block-column-is-layout-flow base-block\">\n<p class=\"base-block\"><a href=\"https:\/\/www.santamonica.com\/de\/einkaufen\/der-fahrradladen\/\">Der Fahrradladen Santa Monica<\/a><\/p>\n\n\n\n<p class=\"base-block\">20% auf Fahrr\u00e4der, 50% auf das zweite Schloss beim Kauf, $25 auf Reparaturen \u00fcber $100.<\/p>\n\n\n\n<p class=\"base-block\"><a href=\"https:\/\/www.santamonica.com\/de\/einkaufen\/cox-farbe\/\">Cox Paint Inc.<\/a><\/p>\n\n\n\n<p class=\"base-block\">20% Rabatt auf alle Farben und Farbzubeh\u00f6r mit Studentenausweis (Haushalt) und Schulkonten.<\/p>\n\n\n\n<p class=\"base-block\"><a href=\"https:\/\/www.santamonica.com\/de\/einkaufen\/sand-n-surf-13133\/\">Sand N Surf<\/a><\/p>\n\n\n\n<p class=\"base-block\">15% Rabatt auf jeden Einkauf, einschlie\u00dflich Snacks und Getr\u00e4nke, bei Vorlage eines High-School-Ausweises. Schauen Sie in der Third Street Promenade vorbei und holen Sie sich ein besonderes Santa-Monica-Souvenir!<\/p>\n\n\n\n<p class=\"base-block\"><a href=\"https:\/\/www.santamonica.com\/de\/einkaufen\/cami-und-jax\/\">CAMI AND JAX, Luxus-Bademode f\u00fcr Damen und M\u00e4dchen<\/a><\/p>\n\n\n\n<p class=\"base-block\">30% Rabatt auf alles. G\u00fcltig sowohl im Gesch\u00e4ft als auch online. Verwenden Sie den Code 30Pali<\/p>\n\n\n\n<p class=\"base-block\"><a href=\"https:\/\/www.santamonica.com\/de\/einkaufen\/tenshoppe\/\">Tenshoppe LA<\/a><\/p>\n\n\n\n<p class=\"base-block\">15% Rabatt auf Ihre Bestellung mit Nachweis eines Highschool-Ausweises. *Das Angebot gilt nur f\u00fcr Sch\u00fcler und Lehrkr\u00e4fte der Pali High School und ist nur in unserer Filiale in Santa Monica g\u00fcltig.<\/p>\n<\/div>\n\n\n\n<div class=\"wp-block-column is-layout-flow wp-block-column-is-layout-flow base-block\">\n<p class=\"base-block\"><a href=\"https:\/\/www.santamonica.com\/de\/einkaufen\/santa-monica-begehbares-besucher-informationszentrum\/\">Besucherinformationszentren in Santa Monica<\/a><\/p>\n\n\n\n<p class=\"base-block\">Sie erhalten 30% Rabatt auf Waren in einem der drei Santa Monica Visitor Information Centers.<\/p>\n\n\n\n<p class=\"base-block\"><a href=\"https:\/\/www.santamonica.com\/de\/einkaufen\/meer-aus-silber\/\">Ein Meer aus Silber<\/a><\/p>\n\n\n\n<p class=\"base-block\">25% Rabatt auf einen Artikel zum regul\u00e4ren Preis mit Nachweis eines Pali Highschool-Ausweises*<br>*Das Angebot gilt nur f\u00fcr Sch\u00fcler und Lehrkr\u00e4fte der Pali High School.<\/p>\n\n\n\n<p class=\"base-block\"><a href=\"https:\/\/www.santamonica.com\/de\/einkaufen\/airweave-japanische-matratzen\/\">Airweave<\/a><\/p>\n\n\n\n<p class=\"base-block\">Airweave, die in Japan gegr\u00fcndete Marke f\u00fcr Schlafinnovationen, der olympische Athleten vertrauen, bietet zum Tag der Arbeit (Labor Day) von Montag, 18. August, bis zum 7. September das gr\u00f6\u00dfte Angebot der Saison: $300 Rabatt auf Matratzen der Yume-Kollektion mit dem Code LABOR30010% Rabatt auf alle Futons und Topper mit dem Code LABOR1010% Rabatt auf Airweave- und Advanced-Matratzen - bereits redlined (kein Code erforderlich)<\/p>\n<\/div>\n<\/div>\n\n\n<section class=\"sun-title sm-block --theme6 sm-block\">\n            <h2 class=\"sun-title__headline\">Business-Specials<\/h2>    \n    <\/section>\n\n\n\n<div class=\"wp-block-columns is-layout-flex wp-container-core-columns-is-layout-28f84493 wp-block-columns-is-layout-flex base-block\">\n<div class=\"wp-block-column is-layout-flow wp-block-column-is-layout-flow base-block\">\n<p class=\"base-block\"><a href=\"https:\/\/www.santamonica.com\/de\/dinge-die-man-tun-kann\/santa-monica-spielhaus\/\">Santa Monica Schauspielhaus<\/a><\/p>\n\n\n\n<p class=\"base-block\">Studenten erhalten 50%-Rabatt auf jede vom Santa Monica Playhouse produzierte Vorstellung. Schauen Sie sich an, was auf https:\/\/SantaMonicaPlayhouse.com gespielt wird, finden Sie heraus, was Sie sehen m\u00f6chten, und kontaktieren Sie uns dann unter 1-310-394-9779 oder theatre@SantaMonicaPlayhouse.com und teilen Sie uns mit, dass Sie ein Pali- oder Samo-Student sind, und Sie erhalten Ihren Rabatt.<\/p>\n\n\n\n<p class=\"base-block\"><a href=\"https:\/\/www.santamonica.com\/de\/restaurants\/papille-gustativ\/\">Papille Gustative<\/a><\/p>\n\n\n\n<p class=\"base-block\">Kostenlose Reservierung unserer privaten R\u00e4ume f\u00fcr Ihre GRADUATIONSFEIER!<\/p>\n\n\n\n<p class=\"base-block\"><a href=\"https:\/\/www.santamonica.com\/de\/hotels\/surestay-hotel-by-best-western-santa-monica\/\">SureStay by Best Western Santa Monica<\/a><\/p>\n\n\n\n<p class=\"base-block\">15% Rabatt auf unseren \u00f6ffentlichen Tarif!<\/p>\n\n\n\n<p class=\"base-block\"><a href=\"https:\/\/www.santamonica.com\/de\/einkaufen\/strahlendes-wellnessbad\/\">Strahlendes Wellness-Spa<\/a><\/p>\n\n\n\n<p class=\"base-block\">Studenten-Special! 20% Rabatt auf Dienstleistungen im Radiance Wellness Spa. F\u00fcr die Inanspruchnahme des Angebots muss ein g\u00fcltiger Studentenausweis vorgelegt werden.<\/p>\n\n\n\n<p class=\"base-block\"><a href=\"https:\/\/www.santamonica.com\/de\/dinge-die-man-tun-kann\/musikschloss\/\">Die Musikburg Inc.<\/a><\/p>\n\n\n\n<p class=\"base-block\">50% auf den 1. privaten Gesangs-, Klavier-, Gitarren-, Schlagzeug-, Bass- oder Produktionsunterricht. Nur $25! 1. Mal 1 Stunde Gruppen-Kunstunterricht freitags f\u00fcr Sch\u00fcler der Palisades Charter High School und ihre Familien im Alter von 3 bis 18 Jahren.<\/p>\n\n\n\n<p class=\"base-block\"><a href=\"http:\/\/www.SportsFitPT.com\" target=\"_blank\" rel=\"noopener\">SportsFit PT<\/a><\/p>\n\n\n\n<p class=\"base-block\">SportsFit PT ist das Ziel in Santa Monica und der Westside f\u00fcr die Aufrechterhaltung eines gesunden, aktiven Lebensstils, indem wir unseren Kunden helfen, Verletzungen zu behandeln und zu vermeiden. Unser Expertenteam bietet modernste Physiotherapie, Laufanalyse, Massagetherapie, Pilates, Yoga und personalisierte Trainingsprogramme, die darauf ausgerichtet sind, Sie verletzungsfrei zu halten und Ihr Bestes zu geben. Genie\u00dfen Sie einige der folgenden exklusiven Clubvorteile: $50 Rabatt auf die erste Laufanalyse-Sitzung - private Bezahlung oder Versicherung (regul\u00e4rer Preis $185); Kostenlose Sitzung zur Beurteilung von Verletzungen - der Zweck dieser Sitzung ist die Beurteilung m\u00f6glicher Verletzungen und die Bestimmung der besten Vorgehensweise (Wert $185); Set von 2 kostenlosen Sitzungen ihrer Wahl unserer Zusatzleistungen (Massage, Pilates, Yoga, Privattraining); Regul\u00e4rer Preis: $125 pro Sitzung ($250 Wert);20% Rabatt auf jede Einzelleistung nach den ersten 2 Sitzungen;Zus\u00e4tzlich 10% Rabatt auf alle Pakete (PT, Pilates, Massage, Yoga, Privattraining);$100 Rabatt auf die ersten 5 Sitzungen f\u00fcr jede private oder versicherungsbasierte Physiotherapiebehandlung;$100 Rabatt auf ein Paket mit 3 Sto\u00dfwellenbehandlungen - Regul\u00e4rer Preis: $489.<\/p>\n\n\n\n<p class=\"base-block\"><a href=\"https:\/\/www.santamonica.com\/de\/hotels\/sea-shore-motel\/\">Meeresstrand-Motel<\/a><\/p>\n\n\n\n<p class=\"base-block\">Erm\u00e4\u00dfigte Preise f\u00fcr Pali &amp; Samo Familien. E-Mail Sonia@seashoremotel.com f\u00fcr Details.<\/p>\n<\/div>\n\n\n\n<div class=\"wp-block-column is-layout-flow wp-block-column-is-layout-flow base-block\">\n<p class=\"base-block\"><a href=\"https:\/\/www.pilatesplatinum.com\" target=\"_blank\" rel=\"noopener\">Pilates Platin<\/a><\/p>\n\n\n\n<p class=\"base-block\">Pilates Platinum-Kurse bestehen aus 45 Minuten Ganzk\u00f6rpertraining auf unserem speziell entwickelten Pilates-Reformer. Jede Bewegung wird langsam gesteuert, um die Zeit unter Spannung zu maximieren, damit die Muskeln effizient den Erm\u00fcdungspunkt erreichen. Das Ergebnis: eine grundlegende St\u00e4rkung der K\u00f6rpermitte und der kleinen, schwer sichtbaren Muskeln, die den Weg f\u00fcr wirklich erstaunlich lange, schlanke und straffe \u00e4u\u00dfere Ergebnisse ebnen. Wir freuen uns, Sie in unserer Nachbarschaft begr\u00fc\u00dfen zu d\u00fcrfen.  Genie\u00dfen Sie 3 Kurse f\u00fcr $45. E-Mail info@pilatesplatinum.com zum Einl\u00f6sen.<\/p>\n\n\n\n<p class=\"base-block\"><a href=\"https:\/\/www.santamonica.com\/de\/einkaufen\/bao-fusbad\/\">BAO Fu\u00df Spa<\/a><\/p>\n\n\n\n<p class=\"base-block\">Kaufen Sie 6 Behandlungen und erhalten Sie 1 kostenlose Sitzung<\/p>\n\n\n\n<p class=\"base-block\"><a href=\"https:\/\/www.myotbythesea.com\" target=\"_blank\" rel=\"noopener\">OT am Meer<\/a><\/p>\n\n\n\n<p class=\"base-block\">Bei OT by the Sea arbeiten unsere Ergotherapeuten mit Kindern und Erwachsenen, um die Unabh\u00e4ngigkeit zu f\u00f6rdern und die ganze Familie zu st\u00e4rken. Egal, ob es um Unabh\u00e4ngigkeit und Selbstversorgung, Angst, Aufgabenmanagement, emotionale Regulierung, k\u00f6rperliche St\u00e4rkung und Koordination geht, wir sind hier, um Ihnen zu helfen, erfolgreich zu sein. F\u00fcr diese Gemeinschaft bieten wir einen speziellen 10%-Rabatt auf Bewertungen an.<\/p>\n\n\n\n<p class=\"base-block\"><a href=\"https:\/\/www.santamonica.com\/de\/dinge-die-man-tun-kann\/la-art-exchange\/\">LA-Kunstb\u00f6rse<\/a><\/p>\n\n\n\n<p class=\"base-block\">15% Rabatt auf individuelle Bildeinrahmungen f\u00fcr Sch\u00fcler, Eltern, Lehrkr\u00e4fte und die Gemeinde der Pali High School<\/p>\n\n\n\n<p class=\"base-block\"><a href=\"https:\/\/www.santamonica.com\/de\/dinge-die-man-tun-kann\/spielland-arkade\/\">Spielland Arkade<\/a><\/p>\n\n\n\n<p class=\"base-block\">Studenten und Dozenten erhalten $5 Bonusguthaben auf alle Spielkarten, die f\u00fcr $20 oder mehr gekauft werden.  $25 Wert f\u00fcr $20.<\/p>\n\n\n\n<p class=\"base-block\"><a href=\"https:\/\/www.santamonica.com\/de\/dinge-die-man-tun-kann\/illusion-magic-lounge\/\">Illusion Magie Lounge<\/a><\/p>\n\n\n\n<p class=\"base-block\">50% Rabatt auf Eintrittskarten f\u00fcr unsere Abendvorstellungen von Magic by the Sea (Freitag- und Samstagabend um 19:00 Uhr) f\u00fcr Sch\u00fcler und ihre Familien.  Zur Inanspruchnahme des Angebots muss ein Sch\u00fclerausweis vorgelegt werden.<\/p>\n\n\n\n<p class=\"base-block\"><a href=\"https:\/\/www.santamonica.com\/de\/hotels\/hotel-am-ufer\/\">Hotel am Ufer <\/a><\/p>\n\n\n\n<p class=\"base-block\">Genie\u00dfen Sie die m\u00fchelose Eleganz von Santa Monicas f\u00fchrendem Vier-Sterne-Boutique-Hotel zu einem exklusiven Community-Tarif. Genie\u00dfen Sie von jetzt an bis zum Jahresende einen raffinierten Aufenthalt an der K\u00fcste f\u00fcr $229\/Nacht, wobei wir Ihnen als pers\u00f6nlichen Willkommensgru\u00df die Anfahrtsgeb\u00fchr erlassen. Lassen Sie sich von der Meeresbrise wecken, schlendern Sie zum ber\u00fchmten Pier und entspannen Sie sich stilvoll mit ausgew\u00e4hlten Annehmlichkeiten und gehobenem Service, der jeden Moment zu etwas ganz Besonderem macht.vollst\u00e4ndig im Voraus bezahlt, nicht erstattungsf\u00e4hig und nicht ver\u00e4nderbar. Begrenzte Verf\u00fcgbarkeit - sichern Sie sich Ihren Urlaub an der K\u00fcste noch heute.<\/p>\n\n\n\n<p class=\"base-block\"><a href=\"https:\/\/www.santamonica.com\/de\/dinge-die-man-tun-kann\/geschichtsmuseum-santa-monica\/\">Geschichtsmuseum Santa Monica<\/a><\/p>\n\n\n\n<p class=\"base-block\">Freier Eintritt f\u00fcr alle Studenten w\u00e4hrend der regul\u00e4ren \u00d6ffnungszeiten<\/p>\n<\/div>\n<\/div>\n\n\n\n<p class=\"base-block\">Wenn Sie ein Unternehmen in Santa Monica sind und den Sch\u00fclern, Lehrern und dem Lehrk\u00f6rper der SaMo und Pali High spezielle Angebote f\u00fcr das Mittagessen, erm\u00e4\u00dfigte Tarife und\/oder Angebote f\u00fcr die Zeit nach der Schule machen m\u00f6chten, reichen Sie diese bitte ein <a href=\"https:\/\/www.santamonica.com\/de\/high-school-business-specials-einreichen\/\">hier.<\/a><\/p>","protected":false},"excerpt":{"rendered":"<p>The Curious Palate 10% off your order with proof of High school ID. Order online with promo code: HIGH SCHOOL* Offer only valid for students and faculty of Pali High School. Espresso Cielo Receive 10% off entire purchase with student or teacher ID. Seaside on the Pier \u2013 Santa Monica All Inclusive Menus of State Tax and service charge\u00a0 Surfs UP $28.00 all inclusive pricing \/ $21.17 Hang 10 $38.00 all inclusive \/ $28.73Big Kahuna $48.00 all inclusive \/ $36.29. Espresso Cielo 10% off entire purchase w\/ student or teacher ID. UGO 25% discount for both UGO locations on promenade. [\u2026]<\/p>\n","protected":false},"author":1421,"featured_media":765016,"parent":0,"menu_order":0,"comment_status":"closed","ping_status":"closed","template":"template-editorial.php","meta":{"_acf_changed":false,"inline_featured_image":false,"footnotes":""},"silos":[],"class_list":["post-765201","page","type-page","status-publish","has-post-thumbnail","hentry"],"acf":[],"_links":{"self":[{"href":"https:\/\/www.santamonica.com\/de\/wp-json\/wp\/v2\/pages\/765201","targetHints":{"allow":["GET"]}}],"collection":[{"href":"https:\/\/www.santamonica.com\/de\/wp-json\/wp\/v2\/pages"}],"about":[{"href":"https:\/\/www.santamonica.com\/de\/wp-json\/wp\/v2\/types\/page"}],"author":[{"embeddable":true,"href":"https:\/\/www.santamonica.com\/de\/wp-json\/wp\/v2\/users\/1421"}],"replies":[{"embeddable":true,"href":"https:\/\/www.santamonica.com\/de\/wp-json\/wp\/v2\/comments?post=765201"}],"version-history":[{"count":88,"href":"https:\/\/www.santamonica.com\/de\/wp-json\/wp\/v2\/pages\/765201\/revisions"}],"predecessor-version":[{"id":775397,"href":"https:\/\/www.santamonica.com\/de\/wp-json\/wp\/v2\/pages\/765201\/revisions\/775397"}],"wp:featuredmedia":[{"embeddable":true,"href":"https:\/\/www.santamonica.com\/de\/wp-json\/wp\/v2\/media\/765016"}],"wp:attachment":[{"href":"https:\/\/www.santamonica.com\/de\/wp-json\/wp\/v2\/media?parent=765201"}],"wp:term":[{"taxonomy":"silos","embeddable":true,"href":"https:\/\/www.santamonica.com\/de\/wp-json\/wp\/v2\/silos?post=765201"}],"curies":[{"name":"wp","href":"https:\/\/api.w.org\/{rel}","templated":true}]}}