{"id":764873,"date":"2025-04-04T09:27:15","date_gmt":"2025-04-04T16:27:15","guid":{"rendered":"https:\/\/www.santamonica.com\/?page_id=764873"},"modified":"2026-01-14T08:45:06","modified_gmt":"2026-01-14T16:45:06","slug":"angebotsanforderung","status":"publish","type":"page","link":"https:\/\/www.santamonica.com\/de\/request-for-proposal\/","title":{"rendered":"Aufforderung zur Einreichung von Vorschl\u00e4gen"},"content":{"rendered":"<p class=\"base-block\">Santa Monica Travel &amp; Tourism (SMTT) fordert qualifizierte Reise- und PR-Agenturen im Vereinigten K\u00f6nigreich und Irland auf, Vorschl\u00e4ge f\u00fcr die Vertretung des Reiseziels einzureichen.<br><br>Wir sind auf der Suche nach einem Agenturpartner, der uns dabei hilft, den Bekanntheitsgrad und die Nachfrage nach Santa Monica durch Handelsbeziehungen, Medienarbeit, Verkaufsaktivit\u00e4ten, kooperatives Marketing und kontinuierliche Markteinblicke zu steigern. Die ausgew\u00e4hlte Agentur wird eng mit SMTT und Branchenorganisationen wie Visit California und Brand USA zusammenarbeiten, um den Bekanntheitsgrad zu erh\u00f6hen, Reisen zu inspirieren und messbare Ergebnisse aus Gro\u00dfbritannien und Irland zu erzielen. Agenturen mit einschl\u00e4giger Erfahrung werden gebeten, die vollst\u00e4ndige Ausschreibung zu lesen und ein Angebot einzureichen, in dem sie ihre Strategie, ihre F\u00e4higkeiten und ihre Preise darlegen.<br><br>Wichtige RFP-Details:<br><br>- Deadline f\u00fcr die Einreichung von Vorschl\u00e4gen: 20. Februar 2026 um 17:00 Uhr PST<br>- Datum des Dienstbeginns: 1. Juli 2026<br>- Projektumfang: Vertretung der britischen und irischen Reisebranche, MICE-Unterst\u00fctzung, \u00d6ffentlichkeitsarbeit, Verbraucher-\/Digitalunterst\u00fctzung, kooperatives Marketing und Berichterstattung<br>- Gesch\u00e4tzte Dauer: 1 Jahr mit m\u00f6glicher Verl\u00e4ngerung um 1 Jahr<br><br><a href=\"https:\/\/www.santamonica.com\/wp-content\/uploads\/2025\/04\/SantaMonicacom-RFP.pdf\" target=\"_blank\" rel=\"noreferrer noopener\">Do<\/a><a href=\"https:\/\/www.santamonica.com\/wp-content\/uploads\/2026\/01\/FINAL-RFP-SMTT-UK-Ireland-2026-2027-2.pdf\" target=\"_blank\" rel=\"noreferrer noopener\">Hier k\u00f6nnen Sie das RFP-Dokument herunterladen.<\/a><br><br>Wir freuen uns darauf, von Ihnen zu h\u00f6ren.<\/p>\n\n\n<section class=\"travel-tips --theme7 sm-block base-block\">\n    <div class=\"travel-tips__inner\">\n        <div class=\"travel-tips__body-col\">\n                            <img decoding=\"async\" src=\"https:\/\/www.santamonica.com\/wp-content\/uploads\/2022\/06\/responsible-badge-1.svg\" alt=\"Verantwortungsvoll reisen in Santa Monica\" title=\"\">\n                                        <p class=\"travel-tips__intro\">Reisen Sie sicher und nachhaltig und tragen Sie mit diesen Tipps dazu bei, die Sch\u00f6nheit Santa Monicas zu erhalten und gleichzeitig gesund zu bleiben.<\/p>\n                    <\/div>\n        <div class=\"travel-tips__links-col\">\n                        <div class=\"travel-tips__link-row\">\n                                    <img decoding=\"async\" src=\"https:\/\/www.santamonica.com\/wp-content\/uploads\/2022\/06\/Parking-Information.svg\" alt=\"Parken in Santa Monica\" title=\"\">\n                                                    <a class=\"travel-tips__link\" href=\"https:\/\/www.santamonica.com\/de\/transport\/parkplatz\/\">\n                        Informationen zum Parken                    <\/a>\n                            <\/div>\n                        <div class=\"travel-tips__link-row\">\n                                    <img decoding=\"async\" src=\"https:\/\/www.santamonica.com\/wp-content\/uploads\/2022\/06\/What-to-Pack.svg\" alt=\"Packen f\u00fcr eine Reise nach Santa Monica\" title=\"\">\n                                                    <a class=\"travel-tips__link\" href=\"https:\/\/www.santamonica.com\/de\/santa-monica-erleben\/was-zu-packen-ist\/\">\n                        Was zu packen ist                    <\/a>\n                            <\/div>\n                        <div class=\"travel-tips__link-row\">\n                                    <img decoding=\"async\" src=\"https:\/\/www.santamonica.com\/wp-content\/uploads\/2022\/06\/Health-and-Safety.svg\" alt=\"Santa Monica Reise-Sicherheitstipps\" title=\"\">\n                                                    <a class=\"travel-tips__link\" href=\"https:\/\/www.santamonica.com\/de\/santa-monica-erleben\/sicherheit\/\">\n                        Gesundheit und Sicherheit                    <\/a>\n                            <\/div>\n                        <div class=\"travel-tips__link-row\">\n                                    <img decoding=\"async\" src=\"https:\/\/www.santamonica.com\/wp-content\/uploads\/2022\/06\/The-Essentials.svg\" alt=\"Santa Monica Reise Essentials\" title=\"\">\n                                                    <a class=\"travel-tips__link\" href=\"https:\/\/www.santamonica.com\/de\/santa-monica-erleben\/wesentliches\/\">\n                        Die Essentials                    <\/a>\n                            <\/div>\n                    <\/div>\n\n    <\/div>\n<\/section>\n\n\n    <section class=\"booking-cta --theme5 sm-block\">\n    <div id=\"widget-container-2070\"><\/div>\n<script type=\"text\/javascript\">\n  (function() {\n    var script = document.createElement('script');\n    script.type = 'text\/javascript';\n    script.async = 'true';\n    script.src = \"https:\/\/admin.bookdirect.net\/hs4\/widgets\/2070.js?widget_element=widget-container-2070\";\n    document.body.appendChild(script);\n  })();\n<\/script>\n    <\/section>\n\n\n\n<section class=\"blog-feed --theme8 sm-block\">\n    <div class=\"blog-feed__content\">\n        <div class=\"blog-feed__intro\">\n                            <div class=\"blog-feed__eyebrow eyebrow\">Blogs<\/div>                                        <h1 class=\"blog-feed__headline\">Santa Monica entdecken<\/h1>                                        <div class=\"blog-feed__body\"><p>Entdecken Sie Reiserouten, lokale Tipps, Hot Spots und ausgew\u00e4hlte Abenteuer, damit Sie das Beste aus Ihrem Aufenthalt in Santa Monica machen k\u00f6nnen.<\/p>\n<\/div>\n                                        <a class=\"blog-feed__cta\" href=\"https:\/\/www.santamonica.com\/de\/blogeintrage\/\">Alle Blogs anzeigen<\/a>\n                    <\/div>\n\n        <ul class=\"blog-feed__list\">\n                                                <li class=\"blog-feed__item\">\n                        <a href=\"https:\/\/www.santamonica.com\/de\/experience-santa-monica\/diverse-santa-monica-businesses\/\" class=\"blog-feed__item-link\">\n                            <div class=\"blog-feed__image-ratio\">\n                                <img decoding=\"async\" class=\"blog-feed__image\" src=\"https:\/\/www.santamonica.com\/wp-content\/uploads\/2020\/12\/Minority-Owned-Businesses-in-Santa-Monica-featured-400x400.jpg\" alt=\"Unternehmen, die die Vielfalt von Santa Monica zelebrieren\" title=\"\">\n                            <\/div>\n                            <div class=\"blog-feed__card-title\">Unternehmen, die die Vielfalt von Santa Monica zelebrieren<\/div>\n                        <\/a>\n                    <\/li>\n                                                                <li class=\"blog-feed__item\">\n                        <a href=\"https:\/\/www.santamonica.com\/de\/shopping\/support-santa-monica-retail-and-buy-local\/\" class=\"blog-feed__item-link\">\n                            <div class=\"blog-feed__image-ratio\">\n                                <img decoding=\"async\" class=\"blog-feed__image\" src=\"https:\/\/www.santamonica.com\/wp-content\/uploads\/2020\/04\/Buy-Local-Santa-Monica-featured2-400x400.jpg\" alt=\"Unterst\u00fctzen Sie den Einzelhandel in Santa Monica und kaufen Sie vor Ort\" title=\"\">\n                            <\/div>\n                            <div class=\"blog-feed__card-title\">Unterst\u00fctzen Sie den Einzelhandel in Santa Monica und kaufen Sie vor Ort<\/div>\n                        <\/a>\n                    <\/li>\n                                                                <li class=\"blog-feed__item\">\n                        <a href=\"https:\/\/www.santamonica.com\/de\/experience-santa-monica\/female-owned-businesses-flourish-in-santa-monica\/\" class=\"blog-feed__item-link\">\n                            <div class=\"blog-feed__image-ratio\">\n                                <img decoding=\"async\" class=\"blog-feed__image\" src=\"https:\/\/www.santamonica.com\/wp-content\/uploads\/2021\/03\/WomenOwnedBusiness_Featured-400x400.jpg\" alt=\"Von Frauen gef\u00fchrte Unternehmen florieren in Santa Monica\" title=\"\">\n                            <\/div>\n                            <div class=\"blog-feed__card-title\">Von Frauen gef\u00fchrte Unternehmen florieren in Santa Monica<\/div>\n                        <\/a>\n                    <\/li>\n                                    <\/ul>\n    <\/div>\n<\/section>","protected":false},"excerpt":{"rendered":"<p>We\u2019re seeking an experienced agency to manage the maintenance and ongoing development of our website, SantaMonica.com. We are looking for a long-term agency partner to support technical maintenance, feature development, SEO optimization, and integrations in our WordPress CMS with key platforms such as BookDirect and Simpleview. If your team is interested, we encourage you to review the full RFP linked below and submit a proposal (for one or both of these services: web development and\/or digital solutions like SEO) while outlining your approach, experience, and pricing. Key RFP Details: \u2022 Proposal Submission Deadline: April 17, 2025, by 5:00 PM PT\u2022 [\u2026]<\/p>\n","protected":false},"author":1421,"featured_media":764874,"parent":0,"menu_order":0,"comment_status":"closed","ping_status":"closed","template":"","meta":{"_acf_changed":false,"inline_featured_image":false,"footnotes":""},"silos":[],"class_list":["post-764873","page","type-page","status-publish","has-post-thumbnail","hentry"],"acf":[],"_links":{"self":[{"href":"https:\/\/www.santamonica.com\/de\/wp-json\/wp\/v2\/pages\/764873","targetHints":{"allow":["GET"]}}],"collection":[{"href":"https:\/\/www.santamonica.com\/de\/wp-json\/wp\/v2\/pages"}],"about":[{"href":"https:\/\/www.santamonica.com\/de\/wp-json\/wp\/v2\/types\/page"}],"author":[{"embeddable":true,"href":"https:\/\/www.santamonica.com\/de\/wp-json\/wp\/v2\/users\/1421"}],"replies":[{"embeddable":true,"href":"https:\/\/www.santamonica.com\/de\/wp-json\/wp\/v2\/comments?post=764873"}],"version-history":[{"count":18,"href":"https:\/\/www.santamonica.com\/de\/wp-json\/wp\/v2\/pages\/764873\/revisions"}],"predecessor-version":[{"id":781719,"href":"https:\/\/www.santamonica.com\/de\/wp-json\/wp\/v2\/pages\/764873\/revisions\/781719"}],"wp:featuredmedia":[{"embeddable":true,"href":"https:\/\/www.santamonica.com\/de\/wp-json\/wp\/v2\/media\/764874"}],"wp:attachment":[{"href":"https:\/\/www.santamonica.com\/de\/wp-json\/wp\/v2\/media?parent=764873"}],"wp:term":[{"taxonomy":"silos","embeddable":true,"href":"https:\/\/www.santamonica.com\/de\/wp-json\/wp\/v2\/silos?post=764873"}],"curies":[{"name":"wp","href":"https:\/\/api.w.org\/{rel}","templated":true}]}}