{"id":410427,"date":"2024-04-17T12:50:52","date_gmt":"2024-04-17T19:50:52","guid":{"rendered":"https:\/\/www.santamonica.com\/?page_id=410427"},"modified":"2025-06-20T09:17:33","modified_gmt":"2025-06-20T16:17:33","slug":"folgemasnahmen-zum-tourismusgipfel-2025","status":"publish","type":"page","link":"https:\/\/www.santamonica.com\/de\/2024-tourism-summit-follow-up\/","title":{"rendered":"Nachbereitung des Tourismusgipfels 2025"},"content":{"rendered":"<div class=\"wp-block-columns is-layout-flex wp-container-core-columns-is-layout-28f84493 wp-block-columns-is-layout-flex base-block\">\n<div class=\"wp-block-column is-layout-flow wp-block-column-is-layout-flow base-block\">\n<h5 class=\"wp-block-heading has-text-align-center base-block\" style=\"text-transform:none\"><a href=\"https:\/\/www.santamonica.com\/wp-content\/uploads\/2025\/06\/Tourism-Summit-PPT-2025.pdf\" target=\"_blank\" rel=\"noreferrer noopener\">Pr\u00e4sentation zum Tourismusgipfel<\/a><\/h5>\n\n\n\n<p class=\"base-block\"><\/p>\n<\/div>\n\n\n\n<div class=\"wp-block-column is-layout-flow wp-block-column-is-layout-flow base-block\">\n<h5 class=\"wp-block-heading has-text-align-center base-block\" style=\"text-transform:none\"><a href=\"https:\/\/www.santamonica.com\/wp-content\/uploads\/2025\/06\/SMTT_FYR_2024-5.pdf\" target=\"_blank\" rel=\"noreferrer noopener\">Bericht f\u00fcr das Gesch\u00e4ftsjahr 2024\/2025<\/a><\/h5>\n<\/div>\n\n\n\n<div class=\"wp-block-column is-layout-flow wp-block-column-is-layout-flow base-block\">\n<h5 class=\"wp-block-heading has-text-align-center base-block\" style=\"text-transform:none\"><a href=\"https:\/\/www.santamonica.com\/wp-content\/uploads\/2025\/06\/2-Page-Economic-Impact-20241-1.pdf\" target=\"_blank\" rel=\"noreferrer noopener\">Bericht \u00fcber die wirtschaftlichen Auswirkungen 2024<\/a><\/h5>\n\n\n\n<p class=\"base-block\">Ein vollst\u00e4ndiger Bericht ist gegen eine Geb\u00fchr von $600 pro St\u00fcck auf Anfrage erh\u00e4ltlich. Bitte E-Mail&nbsp;<a href=\"mailto:eedwards@santamonica.com\">eedwards@santamonica.com<\/a>.<\/p>\n<\/div>\n<\/div>\n\n\n\n<section class=\"two-images container-max sm-block  sm-block\">\n    <div class=\"two-images__container\">\n\n        <div class=\"two-images__column\">\n            <div class=\"two-images__content\">\n                <div class=\"two-images__content-header-container\">\n                                            <h1 class=\"two-images__content-header\">Thelma Parks Preis f\u00fcr den Geist des Tourismus<\/h1>                                    <\/div>\n                                    <div class=\"two-images__content-body wysiwyg\">\n                        <p><strong>Herzlichen Gl\u00fcckwunsch, K\u00fcchenchef Vittorio Lucariello! <\/strong><\/p>\n<p>Chefkoch Vittorio Lucariello leitet fachm\u00e4nnisch die kulinarischen Aktivit\u00e4ten im Shutters on the Beach und verw\u00f6hnt die G\u00e4ste im Coast, The Living Room und 1 Pico, w\u00e4hrend er sich in seiner Freizeit leidenschaftlich f\u00fcr die Gemeinschaft einsetzt, indem er sich ehrenamtlich engagiert und als Mentor fungiert.<\/p>\n<p><a href=\"https:\/\/www.santamonica.com\/de\/geist-auszeichnung\/\" target=\"_blank\" rel=\"noopener\">Sehen Sie sich fr\u00fchere Gewinner an.\u00a0<\/a><\/p>\n                    <\/div>\n                                            <\/div>\n        <\/div>\n\n        <div class=\"two-images__column\">\n                            <div class=\"two-images__image-container\">\n                    <img decoding=\"async\" width=\"424\" height=\"504\" src=\"https:\/\/www.santamonica.com\/wp-content\/uploads\/2025\/06\/Adobe-Express-file-2.jpg\" class=\"two-images__image\" alt=\"\" loading=\"lazy\" srcset=\"https:\/\/www.santamonica.com\/wp-content\/uploads\/2025\/06\/Adobe-Express-file-2.jpg 424w, https:\/\/www.santamonica.com\/wp-content\/uploads\/2025\/06\/Adobe-Express-file-2-252x300.jpg 252w, https:\/\/www.santamonica.com\/wp-content\/uploads\/2025\/06\/Adobe-Express-file-2-126x150.jpg 126w\" sizes=\"auto, (max-width: 424px) 100vw, 424px\" title=\"\">                    \n\n                <\/div>\n                    <\/div>\n\n        <div class=\"two-images__column\">\n                            <div class=\"two-images__image-container\">\n                    <img decoding=\"async\" width=\"600\" height=\"564\" src=\"https:\/\/www.santamonica.com\/wp-content\/uploads\/2025\/06\/Adobe-Express-file-2-copy-2.jpg\" class=\"two-images__image\" alt=\"\" loading=\"lazy\" srcset=\"https:\/\/www.santamonica.com\/wp-content\/uploads\/2025\/06\/Adobe-Express-file-2-copy-2.jpg 600w, https:\/\/www.santamonica.com\/wp-content\/uploads\/2025\/06\/Adobe-Express-file-2-copy-2-300x282.jpg 300w, https:\/\/www.santamonica.com\/wp-content\/uploads\/2025\/06\/Adobe-Express-file-2-copy-2-160x150.jpg 160w\" sizes=\"auto, (max-width: 600px) 100vw, 600px\" title=\"\">                    \n\n                <\/div>\n                    <\/div>\n\n    <\/div>\n<\/section>\n\n\n<section class=\"image-slider --theme1 sm-block\" >\n    <div class=\"image-slider__wrapper\">\n                    <div class=\"image-slider__copy wysiwyg\"><h3><strong>Jeff-King-Preis f\u00fcr Tourismus-Champion<\/strong><\/h3>\n<p><strong>Herzlichen Gl\u00fcckwunsch, Santa Monica Police Department, Santa Monica Fire Department und Santa Monica Office of Emergency Management!<\/strong><\/p>\n<p>Diese Helden wurden f\u00fcr ihre unersch\u00fctterliche Unterst\u00fctzung und ihren unerm\u00fcdlichen Einsatz f\u00fcr die Sicherheit unserer Gemeinschaft w\u00e4hrend der Waldbr\u00e4nde in Los Angeles geehrt, wobei sie die h\u00f6chsten Standards f\u00fcr Notfallhelfer auf der ganzen Welt aufrechterhalten haben.<\/p>\n<\/div>\n                <div class=\"image-slider__slider right\">\n                            <!-- Slider main container -->\n                <div class=\"swiper\">\n                    <!-- Additional required wrapper -->\n                    <div class=\"swiper-wrapper\">\n                        <!-- Slides -->\n                                                    <div class=\"swiper-slide\">\n                                <img decoding=\"async\" width=\"1024\" height=\"580\" src=\"https:\/\/www.santamonica.com\/wp-content\/uploads\/2025\/06\/JeffKing_2025.png\" class=\"swiper-slide__image\" alt=\"\" loading=\"lazy\" srcset=\"https:\/\/www.santamonica.com\/wp-content\/uploads\/2025\/06\/JeffKing_2025.png 1024w, https:\/\/www.santamonica.com\/wp-content\/uploads\/2025\/06\/JeffKing_2025-300x170.png 300w, https:\/\/www.santamonica.com\/wp-content\/uploads\/2025\/06\/JeffKing_2025-265x150.png 265w, https:\/\/www.santamonica.com\/wp-content\/uploads\/2025\/06\/JeffKing_2025-768x435.png 768w\" sizes=\"auto, (max-width: 1024px) 100vw, 1024px\" title=\"\">                                \n\n                            <\/div>\n                                            <\/div>\n                                    <\/div>\n                    <\/div>\n    <\/div>\n<\/section>\n\n\n<section class=\"image-slider --theme1 sm-block\" >\n    <div class=\"image-slider__wrapper\">\n                    <div class=\"image-slider__copy wysiwyg\"><h2>Vielen Dank an alle!<\/h2>\n<p>Wir danken Ihnen f\u00fcr Ihre Teilnahme an der diesj\u00e4hrigen Veranstaltung!<\/p>\n<p>Wir m\u00f6chten unseren Referenten und Verk\u00e4ufern sowie unseren wunderbaren Gastgebern, dem gesamten Team von<span class=\"apple-converted-space\"> Jonathan Club<\/span>.<\/p>\n<\/div>\n                <div class=\"image-slider__slider left\">\n                            <!-- Slider main container -->\n                <div class=\"swiper\">\n                    <!-- Additional required wrapper -->\n                    <div class=\"swiper-wrapper\">\n                        <!-- Slides -->\n                                                    <div class=\"swiper-slide\">\n                                <img decoding=\"async\" width=\"940\" height=\"700\" src=\"https:\/\/www.santamonica.com\/wp-content\/uploads\/2025\/04\/Jonathan-Club_940x700.jpg\" class=\"swiper-slide__image\" alt=\"\" loading=\"lazy\" srcset=\"https:\/\/www.santamonica.com\/wp-content\/uploads\/2025\/04\/Jonathan-Club_940x700.jpg 940w, https:\/\/www.santamonica.com\/wp-content\/uploads\/2025\/04\/Jonathan-Club_940x700-300x223.jpg 300w, https:\/\/www.santamonica.com\/wp-content\/uploads\/2025\/04\/Jonathan-Club_940x700-201x150.jpg 201w, https:\/\/www.santamonica.com\/wp-content\/uploads\/2025\/04\/Jonathan-Club_940x700-768x572.jpg 768w\" sizes=\"auto, (max-width: 940px) 100vw, 940px\" title=\"\">                                \n\n                            <\/div>\n                                            <\/div>\n                                    <\/div>\n                    <\/div>\n    <\/div>\n<\/section>\n\n\n<section class=\"image-slider --theme1 sm-block\" >\n    <div class=\"image-slider__wrapper\">\n                    <div class=\"image-slider__copy wysiwyg\"><h2>M\u00f6glichkeiten der Zusammenarbeit mit SMTT<\/h2>\n<p>Lernen Sie, wie man\u00a0<a href=\"https:\/\/www.santamonica.com\/de\/partner\/ihr-unternehmen-fordern\/\">Partner mit SMTT<\/a>\u00a0und Ihr Unternehmen in der lokalen Gemeinschaft und dar\u00fcber hinaus zu f\u00f6rdern.<\/p>\n<\/div>\n                <div class=\"image-slider__slider right\">\n                            <!-- Slider main container -->\n                <div class=\"swiper\">\n                    <!-- Additional required wrapper -->\n                    <div class=\"swiper-wrapper\">\n                        <!-- Slides -->\n                                                    <div class=\"swiper-slide\">\n                                <img decoding=\"async\" width=\"1024\" height=\"576\" src=\"https:\/\/www.santamonica.com\/wp-content\/uploads\/2025\/06\/17-1024x576.jpg\" class=\"swiper-slide__image\" alt=\"\" loading=\"lazy\" srcset=\"https:\/\/www.santamonica.com\/wp-content\/uploads\/2025\/06\/17-1024x576.jpg 1024w, https:\/\/www.santamonica.com\/wp-content\/uploads\/2025\/06\/17-300x169.jpg 300w, https:\/\/www.santamonica.com\/wp-content\/uploads\/2025\/06\/17-267x150.jpg 267w, https:\/\/www.santamonica.com\/wp-content\/uploads\/2025\/06\/17-768x432.jpg 768w, https:\/\/www.santamonica.com\/wp-content\/uploads\/2025\/06\/17-1536x864.jpg 1536w, https:\/\/www.santamonica.com\/wp-content\/uploads\/2025\/06\/17-2048x1152.jpg 2048w\" sizes=\"auto, (max-width: 1024px) 100vw, 1024px\" title=\"\">                                \n\n                            <\/div>\n                                            <\/div>\n                                    <\/div>\n                    <\/div>\n    <\/div>\n<\/section>\n\n\n<section class=\"sun-title sm-block --theme6 --2col sm-block\">\n            <h5 class=\"sun-title__headline\">Besuchen Sie California Materials<\/h5>    \n            <div class=\"sun-title__body  --2col wysiwyg\">\n                    <div class=\"column-1\">\n                <h5><a style=\"text-transform: capitalize;\" href=\"https:\/\/www.nxtbook.com\/nxtbooks\/time\/california_vg2025\/index.php#\/p\/Intro\" target=\"_blank\" rel=\"noopener\">Kalifornien-Besucherf\u00fchrer<\/a><\/h5>\n                            <\/div>\n            <div class=\"column-2\">\n                <h5><a style=\"text-transform: capitalize;\" href=\"https:\/\/reader.emagazines.com\/issue\/visit-california\/california-road-trips-2025?ipt=a3a3d22c-0b81-4fa2-ae9c-311bc3b7f7b3#p1\" target=\"_blank\" rel=\"noopener\">Kalifornien Road Trips F\u00fchrer<\/a><\/h5>\n                            <\/div>\n            <\/div>\n    <\/section>\n\n\n\n<p class=\"base-block\"><\/p>\n\n\n<section class=\"blog-feed --theme8 sm-block\">\n    <div class=\"blog-feed__content\">\n        <div class=\"blog-feed__intro\">\n                            <div class=\"blog-feed__eyebrow eyebrow\">Blogs<\/div>                                        <h2 class=\"blog-feed__headline\">Santa Monica entdecken<\/h2>                                        <div class=\"blog-feed__body\"><p>Entdecken Sie Reiserouten, lokale Tipps, Hot Spots und ausgew\u00e4hlte Abenteuer, damit Sie das Beste aus Ihrem Aufenthalt in Santa Monica machen k\u00f6nnen.<\/p>\n<\/div>\n                                        <a class=\"blog-feed__cta\" href=\"https:\/\/www.santamonica.com\/de\/blogeintrage\/\">Alle Blogs anzeigen<\/a>\n                    <\/div>\n\n        <ul class=\"blog-feed__list\">\n                                                <li class=\"blog-feed__item\">\n                        <a href=\"https:\/\/www.santamonica.com\/de\/mother-road-modern-meetings-route-66-meeting-spaces-set-to-shine-for-centennial-in-santa-monica\/\" class=\"blog-feed__item-link\">\n                            <div class=\"blog-feed__image-ratio\">\n                                <img decoding=\"async\" class=\"blog-feed__image\" src=\"https:\/\/www.santamonica.com\/wp-content\/uploads\/2025\/12\/untitledJuly20162C2020180010-182-2-400x400.jpg\" alt=\"MUTTERSTRASSE, MODERNE TAGUNGEN: ROUTE-66-TAGUNGSR\u00c4UME ERSTRAHLEN ZUM HUNDERTJ\u00c4HRIGEN JUBIL\u00c4UM IN SANTA MONICA\" title=\"\">\n                            <\/div>\n                            <div class=\"blog-feed__card-title\">MUTTERSTRASSE, MODERNE TAGUNGEN: ROUTE-66-TAGUNGSR\u00c4UME ERSTRAHLEN ZUM HUNDERTJ\u00c4HRIGEN JUBIL\u00c4UM IN SANTA MONICA<\/div>\n                        <\/a>\n                    <\/li>\n                                                                <li class=\"blog-feed__item\">\n                        <a href=\"https:\/\/www.santamonica.com\/de\/media\/news-release\/santa-monica-announces-song-contest-in-celebration-of-route-66-centennial\/\" class=\"blog-feed__item-link\">\n                            <div class=\"blog-feed__image-ratio\">\n                                <img decoding=\"async\" class=\"blog-feed__image\" src=\"https:\/\/www.santamonica.com\/wp-content\/uploads\/2025\/11\/DSC01084-400x400.jpg\" alt=\"SANTA MONICA VERK\u00dcNDET SONGWETTBEWERB ZUR FEIER DES HUNDERTJ\u00c4HRIGEN BESTEHENS DER ROUTE 66\" title=\"\">\n                            <\/div>\n                            <div class=\"blog-feed__card-title\">SANTA MONICA VERK\u00dcNDET SONGWETTBEWERB ZUR FEIER DES HUNDERTJ\u00c4HRIGEN BESTEHENS DER ROUTE 66<\/div>\n                        <\/a>\n                    <\/li>\n                                                                <li class=\"blog-feed__item\">\n                        <a href=\"https:\/\/www.santamonica.com\/de\/media\/news-release\/where-to-watch-the-world-series-in-santa-monica\/\" class=\"blog-feed__item-link\">\n                            <div class=\"blog-feed__image-ratio\">\n                                <img decoding=\"async\" class=\"blog-feed__image\" src=\"https:\/\/www.santamonica.com\/wp-content\/uploads\/2025\/10\/dodgers-logo-1-400x400.jpg\" alt=\"WO MAN DIE WORLD SERIES IN SANTA MONICA SEHEN KANN\" title=\"\">\n                            <\/div>\n                            <div class=\"blog-feed__card-title\">WO MAN DIE WORLD SERIES IN SANTA MONICA SEHEN KANN<\/div>\n                        <\/a>\n                    <\/li>\n                                    <\/ul>\n    <\/div>\n<\/section>","protected":false},"excerpt":{"rendered":"<p>Tourism Summit Presentation 2024\/2025 Fiscal Year Report 2024 Economic Impact Report A full report is available for a cost of $600 each upon request. Please email&nbsp;eedwards@santamonica.com.<\/p>","protected":false},"author":1421,"featured_media":767847,"parent":0,"menu_order":0,"comment_status":"closed","ping_status":"closed","template":"template-editorial.php","meta":{"_acf_changed":false,"inline_featured_image":false,"footnotes":""},"silos":[],"class_list":["post-410427","page","type-page","status-publish","has-post-thumbnail","hentry"],"acf":[],"_links":{"self":[{"href":"https:\/\/www.santamonica.com\/de\/wp-json\/wp\/v2\/pages\/410427","targetHints":{"allow":["GET"]}}],"collection":[{"href":"https:\/\/www.santamonica.com\/de\/wp-json\/wp\/v2\/pages"}],"about":[{"href":"https:\/\/www.santamonica.com\/de\/wp-json\/wp\/v2\/types\/page"}],"author":[{"embeddable":true,"href":"https:\/\/www.santamonica.com\/de\/wp-json\/wp\/v2\/users\/1421"}],"replies":[{"embeddable":true,"href":"https:\/\/www.santamonica.com\/de\/wp-json\/wp\/v2\/comments?post=410427"}],"version-history":[{"count":142,"href":"https:\/\/www.santamonica.com\/de\/wp-json\/wp\/v2\/pages\/410427\/revisions"}],"predecessor-version":[{"id":767853,"href":"https:\/\/www.santamonica.com\/de\/wp-json\/wp\/v2\/pages\/410427\/revisions\/767853"}],"wp:featuredmedia":[{"embeddable":true,"href":"https:\/\/www.santamonica.com\/de\/wp-json\/wp\/v2\/media\/767847"}],"wp:attachment":[{"href":"https:\/\/www.santamonica.com\/de\/wp-json\/wp\/v2\/media?parent=410427"}],"wp:term":[{"taxonomy":"silos","embeddable":true,"href":"https:\/\/www.santamonica.com\/de\/wp-json\/wp\/v2\/silos?post=410427"}],"curies":[{"name":"wp","href":"https:\/\/api.w.org\/{rel}","templated":true}]}}