{"id":405546,"date":"2024-03-08T10:46:26","date_gmt":"2024-03-08T18:46:26","guid":{"rendered":"https:\/\/www.santamonica.com\/?page_id=405546"},"modified":"2024-05-06T12:06:44","modified_gmt":"2024-05-06T19:06:44","slug":"partei-auf-der-hoheren-ebene","status":"publish","type":"page","link":"https:\/\/www.santamonica.com\/de\/partyonthepier\/","title":{"rendered":"IPW Party am Pier 2024"},"content":{"rendered":"<h3 class=\"wp-block-heading has-text-align-center base-block\"><em>RSVPs sind jetzt geschlossen.<\/em><\/h3>\n\n\n<section class=\"sun-title sm-block --theme6 --2col sm-block\">\n            <h2 class=\"sun-title__headline\">Informationen zur Veranstaltung<\/h2>    \n            <div class=\"sun-title__body  --2col wysiwyg\">\n                    <div class=\"column-1\">\n                <p><strong>Daten<br \/>\n<\/strong>Sonntag, 5. Mai 2024<br \/>\nMontag, 6. Mai 2024<strong><br \/>\n<\/strong><\/p>\n<p><strong>Zeit<br \/>\n<\/strong>18:00 Uhr - 21:30 Uhr.<\/p>\n<p><strong>Standort<br \/>\n<\/strong>Santa Monica Pier<br \/>\n200 Santa Monica Pier<br \/>\nSanta Monica, CA 90401<\/p>\n                            <\/div>\n            <div class=\"column-2\">\n                <p><strong>Details zur Veranstaltung<br \/>\n<\/strong>Bitte bringen Sie Ihren IPW-Ausweis mit, tragen Sie bequeme Kleidung und Schuhe wie Tennisschuhe oder Turnschuhe (Abs\u00e4tze sind f\u00fcr unseren h\u00f6lzernen Pier nicht zu empfehlen) und bringen Sie eine Jacke mit, da die frische Meeresbrise am Abend abk\u00fchlt. Sobald Sie am Santa Monica Pier angekommen sind, folgen Sie bitte den Schildern zum Einchecken, um Gutscheine zu erhalten, die Sie f\u00fcr Pier-Erlebnisse einl\u00f6sen k\u00f6nnen! An jedem Abend werden die gleichen Erlebnisse angeboten. Machen Sie sich also keine Sorgen, wenn Sie es nur an einem Abend schaffen - Sie werden nichts verpassen!<\/p>\n<p><strong>RSVP-Verlosung<br \/>\n<\/strong>Wenn Sie beide auf die Einladung antworten <strong>UND<\/strong> Wenn Sie bei der Party am Pier einchecken, nehmen Sie automatisch an der Verlosung von vier einzigartigen Hotelaufenthalten f\u00fcr insgesamt 7 N\u00e4chte in Santa Monica, $1.500 Flugguthaben, kulinarischen Erlebnissen, Surfstunden und vielem mehr teil!<\/p>\n<p><em>Der Gewinner wird nach der Veranstaltung unter den Teilnehmern ausgelost und per E-Mail benachrichtigt. Die Hotelzertifikate sind ein Jahr lang g\u00fcltig und k\u00f6nnen f\u00fcr verschiedene Besuche verwendet werden.<\/em><\/p>\n                            <\/div>\n            <\/div>\n    <\/section>\n\n\n<section class=\"sun-title sm-block --theme1 sm-block\">\n            <h2 class=\"sun-title__headline\">Transporte<\/h2>    \n            <div class=\"sun-title__body  wysiwyg\">\n                    <p>Santa Monica Travel &amp; Tourism bietet kostenlose Hin- und R\u00fcckfahrten mit Bussen an, die um 17:20 Uhr von Downtown LA zum Santa Monica Pier fahren und etwa alle 30 Minuten wieder zur\u00fcck nach Downtown LA. Die Shuttle-Fahrpl\u00e4ne finden Sie unten.<\/p>\n<p><a href=\"https:\/\/www.metro.net\/riding\/guide\/how-ride-rail\/\" target=\"_blank\" rel=\"noopener\">Die LA Metro Rail<\/a> ist ebenfalls eine schnelle und einfache Option! Die n\u00e4chstgelegene U-Bahn-Station zum Los Angeles Convention Center ist nur einen Block vom California Plaza (1250 Flower Street) entfernt - weniger als 5 Minuten Fu\u00dfweg - und TAP-Karten k\u00f6nnen an den TAP-Automaten der Station oder in den Bahnh\u00f6fen gekauft werden. <a href=\"https:\/\/www.taptogo.net\/articles\/en_US\/Website_content\/TAP-App\" target=\"_blank\" rel=\"noopener\">TAP-App<\/a> (ein Hin- und R\u00fcckflug kostet $3,50).<\/p>\n<p>Nehmen Sie die Metro bis zur Haltestelle Downtown Santa Monica, und der Pier ist nur 5 Minuten zu Fu\u00df entfernt, mit einem einladenden Blick auf das ikonische Santa Monica Pier-Schild.<\/p>\n<p><em>Bitte senden Sie eine E-Mail an clientservices@santamonica.com, wenn Sie ADA-Anpassungen ben\u00f6tigen.<\/em><\/p>\n                        <\/div>\n    <\/section>\n\n\n\n<h4 class=\"wp-block-heading has-text-align-center base-block\">SHUTTLE-FAHRPLAN<\/h4>\n\n\n\n<div class=\"wp-block-columns is-layout-flex wp-container-core-columns-is-layout-28f84493 wp-block-columns-is-layout-flex base-block\">\n<div class=\"wp-block-column is-layout-flow wp-block-column-is-layout-flow base-block\">\n<p class=\"base-block\"><strong><u>MONTAG<\/u><span style=\"text-decoration: underline;\">, MAI 6<\/span><\/strong><\/p>\n\n\n\n<p class=\"base-block\"><strong>Los Angeles Convention Center - Gilbert Lindsay Plaza<\/strong> (auch f\u00fcr AC Hotel und Moxy Downtown Los Angeles zu verwenden):&nbsp;<strong>17:20 Uhr, 17:45 Uhr, 18:00 Uhr.<\/strong><\/p>\n\n\n\n<p class=\"base-block\"><strong>JW Marriott LA LIVE<\/strong> (gilt auch f\u00fcr The Ritz-Carlton, Residence Inn by Marriott, Courtyard by Marriott, Hotel Indigo, Hotel Figueroa, E-Central Downtown Los Angeles):&nbsp;<strong>17:30 Uhr, 17:45 Uhr, 18:00 Uhr, 19:00 Uhr, 19:20 Uhr, 19:25 Uhr, 19:45 Uhr, 20:10 Uhr.<\/strong><\/p>\n\n\n\n<p class=\"base-block\"><strong>InterContinental Los Angeles Stadtzentrum<\/strong> (auch f\u00fcr Sheraton Grand Los Angeles verwenden):&nbsp;<strong>17:45 Uhr, 17:50 Uhr, 17:55 Uhr, 18:55 Uhr, 19:15 Uhr, 19:20 Uhr, 19:40 Uhr, 20:05 Uhr.<\/strong><\/p>\n\n\n\n<p class=\"base-block\"><strong>Hilton Checkers Los Angeles<\/strong> (auch zu verwenden f\u00fcr The Biltmore Los Angeles, Hotel Per La, The Delphi Downtown LA, The Westin Bonaventure, Level Los Angeles Downtown South Olive):&nbsp;<strong>17:40 Uhr, 17:50 Uhr, 19:10 Uhr, 19:20 Uhr, 19:25 Uhr, 19:35 Uhr, 20:00 Uhr.<\/strong><\/p>\n\n\n\n<p class=\"base-block\"><strong>Omni Los Angeles<\/strong> (auch f\u00fcr citizenM Los Angeles Downtown, Conrad Los Angeles verwenden):&nbsp;<strong>17:40 Uhr, 17:45 Uhr, 19:05 Uhr, 19:15 Uhr, 19:20 Uhr, 19:30 Uhr, 19:55 Uhr.<\/strong><\/p>\n\n\n\n<p class=\"base-block\"><strong>Die R\u00fcckfahrten vom Pier erfolgen etwa alle 30 Minuten zum Moxy Downtown Los Angeles, JW Marriott LA LIVE, InterContinental Los Angeles Downtown, Hilton Checkers und Omni Los Angeles.&nbsp;<\/strong><\/p>\n<\/div>\n<\/div>\n\n\n<section class=\"image-slider --theme1 sm-block\" >\n    <div class=\"image-slider__wrapper\">\n                    <div class=\"image-slider__copy wysiwyg\"><h5><strong>Lassen Sie sich den Spa\u00df in Santa Monica nicht entgehen! RSVP unten an:<\/strong><\/h5>\n<ul>\n<li>Erleben Sie das Pacific Wheel im Pacific Park, das einzige solarbetriebene Riesenrad der Welt<\/li>\n<li>Spielen Sie unterhaltsame Arcade-Spiele in der Playland Arcade und Karnevalsspiele im Pacific Park<\/li>\n<li>Beobachten Sie, wie Sch\u00fcler der Santa Monica Trapeze School durch die L\u00fcfte fliegen (Vorf\u00fchrungen um 19:00 Uhr und 20:45 Uhr)<\/li>\n<li>Machen Sie ein Foto am ikonischen Route 66 End of the Trail-Schild<\/li>\n<li>Genie\u00dfen Sie Sonderangebote und Erm\u00e4\u00dfigungen in verschiedenen Gesch\u00e4ften am Pier, wie z. B. 50% auf alles im Pier Visitor Center und kostenlose Fahrradvermietung bei Blazing Saddles<\/li>\n<\/ul>\n<p><!-- wp:paragraph {\"align\":\"left\"} --><\/p>\n<p><!-- \/wp:list-item --><\/p>\n<p><!-- \/wp:list --><\/p>\n<\/div>\n                <div class=\"image-slider__slider right\">\n                            <!-- Slider main container -->\n                <div class=\"swiper js-image-slider\">\n                    <!-- Additional required wrapper -->\n                    <div class=\"swiper-wrapper\">\n                        <!-- Slides -->\n                                                    <div class=\"swiper-slide\">\n                                <img decoding=\"async\" width=\"1024\" height=\"683\" src=\"https:\/\/www.santamonica.com\/wp-content\/uploads\/2024\/04\/O5C5508-1024x683.jpg\" class=\"swiper-slide__image\" alt=\"\" loading=\"lazy\" srcset=\"https:\/\/www.santamonica.com\/wp-content\/uploads\/2024\/04\/O5C5508-1024x683.jpg 1024w, https:\/\/www.santamonica.com\/wp-content\/uploads\/2024\/04\/O5C5508-300x200.jpg 300w, https:\/\/www.santamonica.com\/wp-content\/uploads\/2024\/04\/O5C5508-225x150.jpg 225w, https:\/\/www.santamonica.com\/wp-content\/uploads\/2024\/04\/O5C5508-768x512.jpg 768w, https:\/\/www.santamonica.com\/wp-content\/uploads\/2024\/04\/O5C5508-1536x1024.jpg 1536w, https:\/\/www.santamonica.com\/wp-content\/uploads\/2024\/04\/O5C5508-2048x1365.jpg 2048w\" sizes=\"auto, (max-width: 1024px) 100vw, 1024px\" title=\"\">                                \n\n                            <\/div>\n                                                    <div class=\"swiper-slide\">\n                                <img decoding=\"async\" width=\"1024\" height=\"683\" src=\"https:\/\/www.santamonica.com\/wp-content\/uploads\/2024\/04\/untitledJuly-16-20180011-419-1024x683.jpg\" class=\"swiper-slide__image\" alt=\"\" loading=\"lazy\" srcset=\"https:\/\/www.santamonica.com\/wp-content\/uploads\/2024\/04\/untitledJuly-16-20180011-419-1024x683.jpg 1024w, https:\/\/www.santamonica.com\/wp-content\/uploads\/2024\/04\/untitledJuly-16-20180011-419-300x200.jpg 300w, https:\/\/www.santamonica.com\/wp-content\/uploads\/2024\/04\/untitledJuly-16-20180011-419-225x150.jpg 225w, https:\/\/www.santamonica.com\/wp-content\/uploads\/2024\/04\/untitledJuly-16-20180011-419-768x512.jpg 768w, https:\/\/www.santamonica.com\/wp-content\/uploads\/2024\/04\/untitledJuly-16-20180011-419-1536x1024.jpg 1536w, https:\/\/www.santamonica.com\/wp-content\/uploads\/2024\/04\/untitledJuly-16-20180011-419-2048x1365.jpg 2048w\" sizes=\"auto, (max-width: 1024px) 100vw, 1024px\" title=\"\">                                \n\n                            <\/div>\n                                                    <div class=\"swiper-slide\">\n                                <img decoding=\"async\" width=\"1024\" height=\"683\" src=\"https:\/\/www.santamonica.com\/wp-content\/uploads\/2024\/04\/untitledJuly-16-20180010-854-1-1024x683.jpg\" class=\"swiper-slide__image\" alt=\"\" loading=\"lazy\" srcset=\"https:\/\/www.santamonica.com\/wp-content\/uploads\/2024\/04\/untitledJuly-16-20180010-854-1-1024x683.jpg 1024w, https:\/\/www.santamonica.com\/wp-content\/uploads\/2024\/04\/untitledJuly-16-20180010-854-1-300x200.jpg 300w, https:\/\/www.santamonica.com\/wp-content\/uploads\/2024\/04\/untitledJuly-16-20180010-854-1-225x150.jpg 225w, https:\/\/www.santamonica.com\/wp-content\/uploads\/2024\/04\/untitledJuly-16-20180010-854-1-768x512.jpg 768w, https:\/\/www.santamonica.com\/wp-content\/uploads\/2024\/04\/untitledJuly-16-20180010-854-1-1536x1024.jpg 1536w, https:\/\/www.santamonica.com\/wp-content\/uploads\/2024\/04\/untitledJuly-16-20180010-854-1-2048x1365.jpg 2048w\" sizes=\"auto, (max-width: 1024px) 100vw, 1024px\" title=\"\">                                \n\n                            <\/div>\n                                                    <div class=\"swiper-slide\">\n                                <img decoding=\"async\" width=\"1024\" height=\"683\" src=\"https:\/\/www.santamonica.com\/wp-content\/uploads\/2024\/04\/untitledJuly-17-20180010-828-1024x683.jpg\" class=\"swiper-slide__image\" alt=\"\" loading=\"lazy\" srcset=\"https:\/\/www.santamonica.com\/wp-content\/uploads\/2024\/04\/untitledJuly-17-20180010-828-1024x683.jpg 1024w, https:\/\/www.santamonica.com\/wp-content\/uploads\/2024\/04\/untitledJuly-17-20180010-828-300x200.jpg 300w, https:\/\/www.santamonica.com\/wp-content\/uploads\/2024\/04\/untitledJuly-17-20180010-828-225x150.jpg 225w, https:\/\/www.santamonica.com\/wp-content\/uploads\/2024\/04\/untitledJuly-17-20180010-828-768x512.jpg 768w, https:\/\/www.santamonica.com\/wp-content\/uploads\/2024\/04\/untitledJuly-17-20180010-828-1536x1024.jpg 1536w, https:\/\/www.santamonica.com\/wp-content\/uploads\/2024\/04\/untitledJuly-17-20180010-828-2048x1365.jpg 2048w\" sizes=\"auto, (max-width: 1024px) 100vw, 1024px\" title=\"\">                                \n\n                            <\/div>\n                                                    <div class=\"swiper-slide\">\n                                <img decoding=\"async\" width=\"1024\" height=\"683\" src=\"https:\/\/www.santamonica.com\/wp-content\/uploads\/2024\/04\/untitledJuly-16-20180011-765-1024x683.jpg\" class=\"swiper-slide__image\" alt=\"\" loading=\"lazy\" srcset=\"https:\/\/www.santamonica.com\/wp-content\/uploads\/2024\/04\/untitledJuly-16-20180011-765-1024x683.jpg 1024w, https:\/\/www.santamonica.com\/wp-content\/uploads\/2024\/04\/untitledJuly-16-20180011-765-300x200.jpg 300w, https:\/\/www.santamonica.com\/wp-content\/uploads\/2024\/04\/untitledJuly-16-20180011-765-225x150.jpg 225w, https:\/\/www.santamonica.com\/wp-content\/uploads\/2024\/04\/untitledJuly-16-20180011-765-768x512.jpg 768w, https:\/\/www.santamonica.com\/wp-content\/uploads\/2024\/04\/untitledJuly-16-20180011-765-1536x1024.jpg 1536w, https:\/\/www.santamonica.com\/wp-content\/uploads\/2024\/04\/untitledJuly-16-20180011-765-2048x1365.jpg 2048w\" sizes=\"auto, (max-width: 1024px) 100vw, 1024px\" title=\"\">                                \n\n                            <\/div>\n                                                    <div class=\"swiper-slide\">\n                                <img decoding=\"async\" width=\"1024\" height=\"683\" src=\"https:\/\/www.santamonica.com\/wp-content\/uploads\/2024\/04\/SantaMonicaTourism-553-1024x683.jpg\" class=\"swiper-slide__image\" alt=\"\" loading=\"lazy\" srcset=\"https:\/\/www.santamonica.com\/wp-content\/uploads\/2024\/04\/SantaMonicaTourism-553-1024x683.jpg 1024w, https:\/\/www.santamonica.com\/wp-content\/uploads\/2024\/04\/SantaMonicaTourism-553-300x200.jpg 300w, https:\/\/www.santamonica.com\/wp-content\/uploads\/2024\/04\/SantaMonicaTourism-553-225x150.jpg 225w, https:\/\/www.santamonica.com\/wp-content\/uploads\/2024\/04\/SantaMonicaTourism-553-768x512.jpg 768w, https:\/\/www.santamonica.com\/wp-content\/uploads\/2024\/04\/SantaMonicaTourism-553-1536x1024.jpg 1536w, https:\/\/www.santamonica.com\/wp-content\/uploads\/2024\/04\/SantaMonicaTourism-553.jpg 2048w\" sizes=\"auto, (max-width: 1024px) 100vw, 1024px\" title=\"\">                                \n\n                            <\/div>\n                                                    <div class=\"swiper-slide\">\n                                <img decoding=\"async\" width=\"1024\" height=\"683\" src=\"https:\/\/www.santamonica.com\/wp-content\/uploads\/2024\/04\/SantaMonicaTourism-566-1024x683.jpg\" class=\"swiper-slide__image\" alt=\"\" loading=\"lazy\" srcset=\"https:\/\/www.santamonica.com\/wp-content\/uploads\/2024\/04\/SantaMonicaTourism-566-1024x683.jpg 1024w, https:\/\/www.santamonica.com\/wp-content\/uploads\/2024\/04\/SantaMonicaTourism-566-300x200.jpg 300w, https:\/\/www.santamonica.com\/wp-content\/uploads\/2024\/04\/SantaMonicaTourism-566-225x150.jpg 225w, https:\/\/www.santamonica.com\/wp-content\/uploads\/2024\/04\/SantaMonicaTourism-566-768x512.jpg 768w, https:\/\/www.santamonica.com\/wp-content\/uploads\/2024\/04\/SantaMonicaTourism-566-1536x1024.jpg 1536w, https:\/\/www.santamonica.com\/wp-content\/uploads\/2024\/04\/SantaMonicaTourism-566.jpg 2048w\" sizes=\"auto, (max-width: 1024px) 100vw, 1024px\" title=\"\">                                \n\n                            <\/div>\n                                                    <div class=\"swiper-slide\">\n                                <img decoding=\"async\" width=\"1024\" height=\"683\" src=\"https:\/\/www.santamonica.com\/wp-content\/uploads\/2024\/04\/Option-3-1024x683.jpg\" class=\"swiper-slide__image\" alt=\"\" loading=\"lazy\" srcset=\"https:\/\/www.santamonica.com\/wp-content\/uploads\/2024\/04\/Option-3-1024x683.jpg 1024w, https:\/\/www.santamonica.com\/wp-content\/uploads\/2024\/04\/Option-3-300x200.jpg 300w, https:\/\/www.santamonica.com\/wp-content\/uploads\/2024\/04\/Option-3-225x150.jpg 225w, https:\/\/www.santamonica.com\/wp-content\/uploads\/2024\/04\/Option-3-768x512.jpg 768w, https:\/\/www.santamonica.com\/wp-content\/uploads\/2024\/04\/Option-3-1536x1024.jpg 1536w, https:\/\/www.santamonica.com\/wp-content\/uploads\/2024\/04\/Option-3-2048x1365.jpg 2048w\" sizes=\"auto, (max-width: 1024px) 100vw, 1024px\" title=\"\">                                \n\n                            <\/div>\n                                                    <div class=\"swiper-slide\">\n                                <img decoding=\"async\" width=\"1024\" height=\"683\" src=\"https:\/\/www.santamonica.com\/wp-content\/uploads\/2024\/04\/150522_Witchery_SantaMonica_Travel_Guide_0874-1024x683.jpg\" class=\"swiper-slide__image\" alt=\"\" loading=\"lazy\" srcset=\"https:\/\/www.santamonica.com\/wp-content\/uploads\/2024\/04\/150522_Witchery_SantaMonica_Travel_Guide_0874-1024x683.jpg 1024w, https:\/\/www.santamonica.com\/wp-content\/uploads\/2024\/04\/150522_Witchery_SantaMonica_Travel_Guide_0874-300x200.jpg 300w, https:\/\/www.santamonica.com\/wp-content\/uploads\/2024\/04\/150522_Witchery_SantaMonica_Travel_Guide_0874-225x150.jpg 225w, https:\/\/www.santamonica.com\/wp-content\/uploads\/2024\/04\/150522_Witchery_SantaMonica_Travel_Guide_0874-768x512.jpg 768w, https:\/\/www.santamonica.com\/wp-content\/uploads\/2024\/04\/150522_Witchery_SantaMonica_Travel_Guide_0874-1536x1024.jpg 1536w, https:\/\/www.santamonica.com\/wp-content\/uploads\/2024\/04\/150522_Witchery_SantaMonica_Travel_Guide_0874-2048x1365.jpg 2048w\" sizes=\"auto, (max-width: 1024px) 100vw, 1024px\" title=\"\">                                \n\n                            <\/div>\n                                                    <div class=\"swiper-slide\">\n                                <img decoding=\"async\" width=\"1024\" height=\"683\" src=\"https:\/\/www.santamonica.com\/wp-content\/uploads\/2024\/04\/SantaMonica2017-2621-1024x683.jpg\" class=\"swiper-slide__image\" alt=\"\" loading=\"lazy\" srcset=\"https:\/\/www.santamonica.com\/wp-content\/uploads\/2024\/04\/SantaMonica2017-2621-1024x683.jpg 1024w, https:\/\/www.santamonica.com\/wp-content\/uploads\/2024\/04\/SantaMonica2017-2621-300x200.jpg 300w, https:\/\/www.santamonica.com\/wp-content\/uploads\/2024\/04\/SantaMonica2017-2621-225x150.jpg 225w, https:\/\/www.santamonica.com\/wp-content\/uploads\/2024\/04\/SantaMonica2017-2621-768x512.jpg 768w, https:\/\/www.santamonica.com\/wp-content\/uploads\/2024\/04\/SantaMonica2017-2621-1536x1024.jpg 1536w, https:\/\/www.santamonica.com\/wp-content\/uploads\/2024\/04\/SantaMonica2017-2621-2048x1365.jpg 2048w\" sizes=\"auto, (max-width: 1024px) 100vw, 1024px\" title=\"\">                                \n\n                            <\/div>\n                                            <\/div>\n                                            <div class=\"image-slider__swiper-controls-wrapper-relocator\">\n                            <div class=\"image-slider__swiper-controls-wrapper\">\n                                <div class=\"swiper-pagination\"><\/div>\n                                <div class=\"swiper-button-prev-custom\">\n                                    <div class=\"arrow-button-left\"><\/div>\n                                <\/div>\n                                <div class=\"swiper-button-next-custom\">\n                                    <div class=\"arrow-button-right\"><\/div>\n                                <\/div>\n                            <\/div>\n                        <\/div>\n                                    <\/div>\n                    <\/div>\n    <\/div>\n<\/section>\n\n\n\n<p class=\"has-text-align-center base-block\"><strong>Haben Sie Fragen zur Veranstaltung? E-Mail: <a href=\"mailto:clientservices@santamonica.com\" target=\"_blank\" rel=\"noreferrer noopener\">clientservices@santamonica.com<\/a>. <\/strong><br><strong>Wir freuen uns auf Ihren Besuch!<\/strong><\/p>\n\n\n\n<div class=\"wp-block-columns is-layout-flex wp-container-core-columns-is-layout-28f84493 wp-block-columns-is-layout-flex base-block\">\n<div class=\"wp-block-column is-layout-flow wp-block-column-is-layout-flow base-block\">\n<p class=\"base-block\"><strong><em>Wenn Sie mehr \u00fcber Santa Monica erfahren m\u00f6chten, besuchen Sie uns auf der California Plaza au\u00dferhalb des Los Angeles Convention Center! G\u00f6nnen Sie sich einen Vorgeschmack auf Santa Monica zwischen 8:00 - 9:50 Uhr und 16:10 - 18:00 Uhr an jedem Tag der IPW:<\/em><\/strong><\/p>\n\n\n\n<ul class=\"wp-block-list base-block\">\n<li class=\"base-block\">Genie\u00dfen Sie einen leckeren Fr\u00fchst\u00fcckshappen oder einen frischen Saft, um Ihren Tag richtig zu beginnen<\/li>\n\n\n\n<li class=\"base-block\">Achtsamkeit wiederherstellen mit Beach Yoga SoCal<\/li>\n\n\n\n<li class=\"base-block\">Testen Sie Ihre Kraft an einem Original Muscle Beach in Miniaturformat<\/li>\n\n\n\n<li class=\"base-block\">Machen Sie ein Foto vor einer Mini-Version von Santa Monicas ber\u00fchmtem Riesenrad<\/li>\n\n\n\n<li class=\"base-block\">Finden Sie das Route 66 \u201cEnd of the Road\u201d-Schild an unserem Stand und erfahren Sie mehr \u00fcber die Hundertjahrfeier der Route 66, die 2026 stattfindet<\/li>\n\n\n\n<li class=\"base-block\">Entspannen Sie sich nach der Messe bei einem Getr\u00e4nk und t\u00e4glichen Kochvorf\u00fchrungen von Santa Monicas preisgekr\u00f6nten K\u00f6chen<\/li>\n<\/ul>\n<\/div>\n<\/div>","protected":false},"excerpt":{"rendered":"<p>RSVPs are now closed. SHUTTLE SCHEDULE MONDAY, MAY 6 Los Angeles Convention Center &#8211; Gilbert Lindsay Plaza (use also for AC Hotel and Moxy Downtown Los Angeles):&nbsp;5:20 p.m., 5:45 p.m., [&hellip;]<\/p>\n","protected":false},"author":1421,"featured_media":407820,"parent":0,"menu_order":0,"comment_status":"closed","ping_status":"closed","template":"","meta":{"_acf_changed":false,"inline_featured_image":false,"footnotes":""},"silos":[],"class_list":["post-405546","page","type-page","status-publish","has-post-thumbnail","hentry"],"acf":[],"_links":{"self":[{"href":"https:\/\/www.santamonica.com\/de\/wp-json\/wp\/v2\/pages\/405546","targetHints":{"allow":["GET"]}}],"collection":[{"href":"https:\/\/www.santamonica.com\/de\/wp-json\/wp\/v2\/pages"}],"about":[{"href":"https:\/\/www.santamonica.com\/de\/wp-json\/wp\/v2\/types\/page"}],"author":[{"embeddable":true,"href":"https:\/\/www.santamonica.com\/de\/wp-json\/wp\/v2\/users\/1421"}],"replies":[{"embeddable":true,"href":"https:\/\/www.santamonica.com\/de\/wp-json\/wp\/v2\/comments?post=405546"}],"version-history":[{"count":143,"href":"https:\/\/www.santamonica.com\/de\/wp-json\/wp\/v2\/pages\/405546\/revisions"}],"predecessor-version":[{"id":414274,"href":"https:\/\/www.santamonica.com\/de\/wp-json\/wp\/v2\/pages\/405546\/revisions\/414274"}],"wp:featuredmedia":[{"embeddable":true,"href":"https:\/\/www.santamonica.com\/de\/wp-json\/wp\/v2\/media\/407820"}],"wp:attachment":[{"href":"https:\/\/www.santamonica.com\/de\/wp-json\/wp\/v2\/media?parent=405546"}],"wp:term":[{"taxonomy":"silos","embeddable":true,"href":"https:\/\/www.santamonica.com\/de\/wp-json\/wp\/v2\/silos?post=405546"}],"curies":[{"name":"wp","href":"https:\/\/api.w.org\/{rel}","templated":true}]}}