{"id":397341,"date":"2023-12-15T05:14:12","date_gmt":"2023-12-15T13:14:12","guid":{"rendered":"https:\/\/www.santamonica.com\/?page_id=397341"},"modified":"2025-07-22T14:55:42","modified_gmt":"2025-07-22T21:55:42","slug":"erfahrungsmanagementplan","status":"publish","type":"page","link":"https:\/\/www.santamonica.com\/de\/experience-management-plan\/","title":{"rendered":"Managementplan f\u00fcr das Erlebnis Santa Monica"},"content":{"rendered":"<section class=\"image-section-break sm-block\">\n    <div class=\"image-section-break__image-wrapper\">\n                \n\n    <\/div>\n    <div class=\"image-section-break__text-content\">\n        <div class=\"image-section-break__first-content --theme3\">\n                            <div class=\"image-section-break__eyebrow-text\">Mehr erfahren<\/div>\n                                        <h2 class=\"image-section-break__title\">Was ist der Erfahrungsmanagementplan?<\/h2>\n                                        <div class=\"image-section-break__body-copy wysiwyg\"><p>Der Experience Management Plan (EMP) ist ein 10-Jahres-Rahmen und ein gemeinsamer Fahrplan f\u00fcr Ideen, Strategien und Ma\u00dfnahmen, die wir ergreifen k\u00f6nnen, um das Erlebnis Santa Monica f\u00fcr Bewohner, Arbeitskr\u00e4fte, Besucher, Unternehmen und andere zu f\u00f6rdern und zu verbessern. Sein Zweck ist es, als Einflussinstrument zu dienen, um unser Handeln als Gemeinschaft und nicht als getrennte Einheiten zu lenken, um eine bessere Kommunikation zu gew\u00e4hrleisten, die Wiederholung von Anstrengungen zu vermeiden und unseren kollektiven Einfluss zu maximieren, um konsequent auf eine gemeinsame Vision f\u00fcr die Zukunft hinzuarbeiten.<\/p>\n<h4><strong>Warum ist sie f\u00fcr Santa Monica so wichtig?<\/strong><\/h4>\n<p>Die EMP ist eine Gelegenheit, die Zukunft von Santa Monica aktiv mitzugestalten. Durch die Beteiligung von Menschen aus allen Teilen der Gemeinde Santa Monica k\u00f6nnen wir unsere Bem\u00fchungen besser aufeinander abstimmen, um unsere gemeinsamen Ziele zu erreichen. Dies wird zu einer verbesserten Lebensqualit\u00e4t f\u00fcr die Einwohner von Santa Monica, zu einem bemerkenswerten Besuchererlebnis, das den Test der Zeit \u00fcberdauert, und zu einer st\u00e4rkeren, widerstandsf\u00e4higeren lokalen Wirtschaft f\u00fchren.<\/p>\n<h4><strong>Welche Ziele sollen erreicht werden?<\/strong><\/h4>\n<p>Zun\u00e4chst konzentrieren wir uns darauf, die Arbeit an vier Strategien aufzunehmen, wobei in den n\u00e4chsten zehn Jahren noch weitere Strategien hinzukommen werden. Diese vier Strategien sind:<\/p>\n<ol>\n<li>Sicherstellen, dass Santa Monica ein sicherer und sauberer Ort zum Leben und Besuchen ist,<\/li>\n<li>Hervorhebung und Nutzung von kulturellen Ereignissen,<\/li>\n<li>F\u00f6rderung der Lebensqualit\u00e4t in der Gemeinde Santa Monica, und<\/li>\n<li>F\u00f6rderung der Vielfalt an Einzelhandels-, Gastronomie- und Abendangeboten.<\/li>\n<\/ol>\n<\/div>\n                                <\/div>\n        <div class=\"image-section-break__second-content\">\n                            <div class=\"image-section-break__body-copy wysiwyg\"><h4><strong>Wie soll der Plan umgesetzt werden?<\/strong><\/h4>\n<p>Der Plan wird im Rahmen eines kollektiven Wirkungsrahmens umgesetzt. Das bedeutet, dass keine einzelne Einheit in der Gemeinde f\u00fcr die Ziele des Plans verantwortlich ist; der EMP wird von der gesamten Gemeinde getragen, um die Bem\u00fchungen in Einklang zu halten und die Belastung f\u00fcr eine einzelne Person, ein Unternehmen oder eine Gruppe zu verringern. Es gibt Strategieaussch\u00fcsse (die von einem Lenkungsausschuss beaufsichtigt werden), die sich mit der Frage befassen, wie wir unsere gemeinsame Vision f\u00fcr Santa Monica zum Leben erwecken k\u00f6nnen. Die Integration der vielen verschiedenen Aktivit\u00e4ten und Standpunkte wird das Endergebnis maximieren. Der Plan ist flexibel und wird im Laufe der Zeit nach Bedarf aktualisiert und angepasst werden.<\/p>\n<h4><strong>Was ist die Rolle der Stadtverwaltung?<\/strong><\/h4>\n<p>Die Stadt Santa Monica ist Mitinitiator und Unterst\u00fctzer des Erfahrungsmanagementplans, und Mitarbeiter der Stadt sind in den EMP-Aussch\u00fcssen vertreten.<\/p>\n<h4><strong>Was ist die Aufgabe von Santa Monica Travel &amp; Tourism?<\/strong><\/h4>\n<p>Die SMTT fungiert als unterst\u00fctzende Organisation f\u00fcr die EMP und koordiniert die Arbeit der Aussch\u00fcsse. Sie hat Moderatoren zur Unterst\u00fctzung der einzelnen Aussch\u00fcsse zur Verf\u00fcgung gestellt und wird dabei helfen, die Fortschritte der EMP zu kommunizieren.<\/p>\n<h4><strong>Wie k\u00f6nnen Sie sich beteiligen?<\/strong><\/h4>\n<p>Wenn Sie sich f\u00fcr die EMP engagieren m\u00f6chten, senden Sie bitte eine E-Mail an <a href=\"mailto:EMP@santamonica.com\">EMP@santamonica.com<\/a>.<\/p>\n<\/div>\n                                <\/div>\n    <\/div>\n<\/section>\n\n\n\n<section class=\"image-section-break sm-block\">\n    <div class=\"image-section-break__image-wrapper\">\n                    <picture>\n                    <source\n                        media=\"(min-width: 768px)\"\n                        srcset=\"https:\/\/www.santamonica.com\/wp-content\/uploads\/2024\/01\/Beach-Long.jpg\"\n                    >\n                    <img decoding=\"async\" src=\"https:\/\/www.santamonica.com\/wp-content\/uploads\/2024\/01\/Beach-Tall.jpg\" class=\"image-section-break__image\" alt=\"\" title=\"\">\n            <\/picture>\n                \n\n    <\/div>\n    <div class=\"image-section-break__text-content\">\n        <div class=\"image-section-break__first-content --theme3\">\n                            <div class=\"image-section-break__eyebrow-text\">\u00dcbersicht<\/div>\n                                        <h2 class=\"image-section-break__title\">Aussch\u00fcsse, Leitbilder und Kontakte<\/h2>\n                                        <div class=\"image-section-break__body-copy wysiwyg\"><p><em>\u00dcberblick \u00fcber die f\u00fcnf Aussch\u00fcsse des Erfahrungsmanagementplans von Santa Monica, ihren Zweck, ihren Vorsitzenden, ihren stellvertretenden Vorsitzenden und den SMTT-Moderator.<\/em><\/p>\n<p>&nbsp;<\/p>\n<h4 class=\"p1\"><strong>Governance-Ausschuss<\/strong><\/h4>\n<p class=\"p1\">Unterst\u00fctzung der Bem\u00fchungen der anderen EMP-Aussch\u00fcsse durch die Bereitstellung von Leitlinien, die Festlegung von Strategien, die Ermittlung potenzieller Ressourcen, die Behandlung von Anliegen in Bezug auf Aktionspunkte, die Empfehlung, wann zus\u00e4tzliche Strategien w\u00e4hrend der zehnj\u00e4hrigen Laufzeit des EMP hinzugezogen werden sollten, die Kommunikation der Auswirkungen der Bem\u00fchungen der Aussch\u00fcsse und die Sicherstellung, dass die Ma\u00dfnahmen der Aussch\u00fcsse den Leitprinzipien der Verantwortung, der Nachhaltigkeit und der DEIA (Vielfalt, Gerechtigkeit, Einbeziehung und Zug\u00e4nglichkeit) entsprechen.<\/p>\n<p class=\"p1\"><strong>Vorsitzende\/r<\/strong>: Albin Gielicz<br \/>\nResident, SMTT Chairman's Circle<\/p>\n<p class=\"p1\"><strong>Stellvertretende\/r Vorsitzende\/r<\/strong>: Neil Carrey<br \/>\nVorsitzender, SMTT-Verwaltungsrat<\/p>\n<p><strong>SMTT-Moderator<\/strong>: Misti Kerns<\/p>\n<h4 class=\"p1\">Ausschuss<strong>\u00a0Damit Santa Monica ein sicherer und sauberer Ort zum Leben und Besuchen ist<\/strong><\/h4>\n<p class=\"p1\">Ermittlung der derzeitigen Bem\u00fchungen der Stadt, lokaler Beh\u00f6rden, gemeinn\u00fctziger Organisationen und Vereine zur L\u00f6sung von Problemen im Zusammenhang mit Sicherheit und Sauberkeit (einschlie\u00dflich derer, die mit Wohnungslosigkeit und Verhaltensst\u00f6rungen zusammenh\u00e4ngen); Feststellung, ob weitere Bem\u00fchungen und\/oder Ressourcen erforderlich sind; Gew\u00e4hrleistung einer gemeinsamen Botschaft und einer klaren, konsistenten Kommunikation; Unterst\u00fctzung und Bef\u00fcrwortung.<\/p>\n<p class=\"p1\"><strong>Vorsitzende\/r<\/strong>: Andrew Thomas<br \/>\nCEO, Stadtzentrum Santa Monica<\/p>\n<p class=\"p1\"><strong>Stellvertretende\/r Vorsitzende\/r<\/strong>: Becky Warren<br \/>\nWohnsitz<\/p>\n<p><strong>SMTT-Moderatoren<\/strong>: Misti Kerns<\/p>\n<\/div>\n                                <\/div>\n        <div class=\"image-section-break__second-content\">\n                            <div class=\"image-section-break__body-copy wysiwyg\"><h4 class=\"p1\">Ausschuss<strong> zu <\/strong><strong>F\u00f6rderung der Lebensqualit\u00e4t in der Gemeinde Santa Monica<\/strong><\/h4>\n<p class=\"p1\">Unterst\u00fctzung, Koordinierung und Bef\u00fcrwortung der Bem\u00fchungen, die die Stadt, gemeinn\u00fctzige Organisationen und andere Organisationen unternehmen, um sicherzustellen, dass Santa Monica von denjenigen, die in der Gemeinde leben, arbeiten und sie besuchen, als eine lebenswerte Gemeinde wahrgenommen wird, und zwar in Bezug auf Erschwinglichkeit, Verbesserung des st\u00e4dtischen Baumbestands, ausreichende Mobilit\u00e4t und Transportm\u00f6glichkeiten, Stra\u00dfen- und Fu\u00dfg\u00e4ngersicherheit sowie kostenlose und erschwingliche Wellness-Aktivit\u00e4ten und -Angebote.<\/p>\n<p class=\"p1\"><strong>Vorsitzende\/r<\/strong>: Tara Barauskas, Gesch\u00e4ftsf\u00fchrerin, Community Corporation of Santa Monica<\/p>\n<p><strong>SMTT-Moderator<\/strong>: Lauren Salisbury<\/p>\n<h4 class=\"p1\">Ausschuss<strong> zu <\/strong>Kulturelle Ereignisse hervorheben und nutzen<\/h4>\n<p class=\"p1\">F\u00f6rderung und Vernetzung aktueller kultureller und k\u00fcnstlerischer Angebote, Identifizierung von Angebotsl\u00fccken, Unterst\u00fctzung neuer Angebote und Abgabe von Empfehlungen, um die Programmgestaltung f\u00fcr die gr\u00f6\u00dfere Gemeinschaft von Santa Monica integrativer und wirkungsvoller zu gestalten.<\/p>\n<p class=\"p1\"><strong>Vorsitzende\/r<\/strong>: Jan WIlliamson<br \/>\nExekutivdirektor, 18<span class=\"s1\">th <\/span>Street Arts Center; Mitglied des SMTT-Verwaltungsrats<\/p>\n<p class=\"p1\"><strong>Stellvertretende\/r Vorsitzende\/r<\/strong>: Darlene Evans<br \/>\nMitglied, SMTT-Verwaltungsrat<\/p>\n<p><strong>SMTT-Moderator<\/strong>: Rachel Lozano<\/p>\n<h4 class=\"p1\">Ausschuss<strong>\u00a0zu <\/strong>F\u00f6rderung der Vielfalt an Einzelhandels-, Gastronomie- und Abendangeboten<\/h4>\n<p class=\"p1\">Erzielen Sie greifbare Ergebnisse, die zu Verbesserungen f\u00fcr Unternehmen f\u00fchren, neue und vielf\u00e4ltige Erfahrungen f\u00fcr Einheimische und Besucher bieten und das Gesamtbild von Santa Monica verbessern.<\/p>\n<p class=\"p1\"><strong>Vorsitzende\/r<\/strong>: Peter Trinh<br \/>\nVorstandsmitglied und Gesch\u00e4ftsinhaber, Downtown Santa Monica<\/p>\n<p><strong>SMTT-Moderator<\/strong>: Evan Edwards<\/p>\n<\/div>\n                                <\/div>\n    <\/div>\n<\/section>\n\n\n\n<section class=\"two-images container-max sm-block --flip sm-block\">\n    <div class=\"two-images__container --flip\">\n\n        <div class=\"two-images__column\">\n            <div class=\"two-images__content\">\n                <div class=\"two-images__content-header-container\">\n                                            <h2 class=\"two-images__content-header\">N\u00fctzliche Links und Ressourcen<\/h2>                                    <\/div>\n                                    <div class=\"two-images__content-body wysiwyg\">\n                        <ul>\n<li><a href=\"https:\/\/www.santamonica.com\/wp-content\/uploads\/2023\/12\/Santa-Monica-Experience-Management-Plan-4.13.23.pdf\" target=\"_blank\" rel=\"noopener\">Vollst\u00e4ndiger Experience Management Plan<\/a><\/li>\n<li><a href=\"https:\/\/lp.constantcontactpages.com\/sl\/0lZ3YEx\/SantaMonicaEMP\" target=\"_blank\" rel=\"noopener\">Melden Sie sich f\u00fcr den EMP-Newsletter an<\/a><\/li>\n<li><a href=\"https:\/\/www.santamonica.com\/wp-content\/uploads\/2023\/12\/Collective-Impact-Framework.pdf\" target=\"_blank\" rel=\"noopener\">Rahmen f\u00fcr kollektive Wirkung<\/a><\/li>\n<li><a href=\"https:\/\/www.santamonica.com\/wp-content\/uploads\/2023\/12\/Santa-Monica-EMP-Outline.pdf\" target=\"_blank\" rel=\"noopener\">EMP-Deck<\/a>: Was ist die EMP und was ist ihr Zweck? Was sind die Themen oder Handlungsoptionen?<\/li>\n<li>Kontaktieren Sie uns: <a href=\"mailto:EMP@santamonica.com\">EMP@santamonica.com<\/a><\/li>\n<\/ul>\n                    <\/div>\n                                            <\/div>\n        <\/div>\n\n        <div class=\"two-images__column\">\n                            <div class=\"two-images__image-container\">\n                    <img decoding=\"async\" width=\"424\" height=\"504\" src=\"https:\/\/www.santamonica.com\/wp-content\/uploads\/2023\/12\/Santa-Monica-Public-Art-Palisades-Park-424x504-1.jpg\" class=\"two-images__image\" alt=\"\" loading=\"lazy\" srcset=\"https:\/\/www.santamonica.com\/wp-content\/uploads\/2023\/12\/Santa-Monica-Public-Art-Palisades-Park-424x504-1.jpg 424w, https:\/\/www.santamonica.com\/wp-content\/uploads\/2023\/12\/Santa-Monica-Public-Art-Palisades-Park-424x504-1-252x300.jpg 252w, https:\/\/www.santamonica.com\/wp-content\/uploads\/2023\/12\/Santa-Monica-Public-Art-Palisades-Park-424x504-1-126x150.jpg 126w\" sizes=\"auto, (max-width: 424px) 100vw, 424px\" title=\"\">                    \n\n                <\/div>\n                    <\/div>\n\n        <div class=\"two-images__column\">\n                            <div class=\"two-images__image-container\">\n                    <img decoding=\"async\" width=\"600\" height=\"564\" src=\"https:\/\/www.santamonica.com\/wp-content\/uploads\/2023\/12\/Santa-Monica-Pier-Sign-Night-650x866-1.jpg\" class=\"two-images__image\" alt=\"\" loading=\"lazy\" srcset=\"https:\/\/www.santamonica.com\/wp-content\/uploads\/2023\/12\/Santa-Monica-Pier-Sign-Night-650x866-1.jpg 600w, https:\/\/www.santamonica.com\/wp-content\/uploads\/2023\/12\/Santa-Monica-Pier-Sign-Night-650x866-1-300x282.jpg 300w, https:\/\/www.santamonica.com\/wp-content\/uploads\/2023\/12\/Santa-Monica-Pier-Sign-Night-650x866-1-160x150.jpg 160w\" sizes=\"auto, (max-width: 600px) 100vw, 600px\" title=\"\">                    \n\n                <\/div>\n                    <\/div>\n\n    <\/div>\n<\/section>","protected":false},"excerpt":{"rendered":"","protected":false},"author":1421,"featured_media":404398,"parent":0,"menu_order":0,"comment_status":"closed","ping_status":"closed","template":"template-editorial.php","meta":{"_acf_changed":false,"inline_featured_image":false,"footnotes":""},"silos":[],"class_list":["post-397341","page","type-page","status-publish","has-post-thumbnail","hentry"],"acf":[],"_links":{"self":[{"href":"https:\/\/www.santamonica.com\/de\/wp-json\/wp\/v2\/pages\/397341","targetHints":{"allow":["GET"]}}],"collection":[{"href":"https:\/\/www.santamonica.com\/de\/wp-json\/wp\/v2\/pages"}],"about":[{"href":"https:\/\/www.santamonica.com\/de\/wp-json\/wp\/v2\/types\/page"}],"author":[{"embeddable":true,"href":"https:\/\/www.santamonica.com\/de\/wp-json\/wp\/v2\/users\/1421"}],"replies":[{"embeddable":true,"href":"https:\/\/www.santamonica.com\/de\/wp-json\/wp\/v2\/comments?post=397341"}],"version-history":[{"count":57,"href":"https:\/\/www.santamonica.com\/de\/wp-json\/wp\/v2\/pages\/397341\/revisions"}],"predecessor-version":[{"id":769633,"href":"https:\/\/www.santamonica.com\/de\/wp-json\/wp\/v2\/pages\/397341\/revisions\/769633"}],"wp:featuredmedia":[{"embeddable":true,"href":"https:\/\/www.santamonica.com\/de\/wp-json\/wp\/v2\/media\/404398"}],"wp:attachment":[{"href":"https:\/\/www.santamonica.com\/de\/wp-json\/wp\/v2\/media?parent=397341"}],"wp:term":[{"taxonomy":"silos","embeddable":true,"href":"https:\/\/www.santamonica.com\/de\/wp-json\/wp\/v2\/silos?post=397341"}],"curies":[{"name":"wp","href":"https:\/\/api.w.org\/{rel}","templated":true}]}}