{"id":381590,"date":"2023-06-01T09:47:39","date_gmt":"2023-06-01T16:47:39","guid":{"rendered":"https:\/\/www.santamonica.com\/?page_id=381590"},"modified":"2025-09-08T07:42:39","modified_gmt":"2025-09-08T14:42:39","slug":"sandburg-pier-360","status":"publish","type":"page","link":"https:\/\/www.santamonica.com\/de\/sandcastle-competition-pier-360\/","title":{"rendered":"Pier 360 Santa Monica Sandburgen-Spektakel"},"content":{"rendered":"<section class=\"sun-title sm-block --theme6 --2col sm-block\">\n            <h2 class=\"sun-title__headline\">Details zur Veranstaltung<\/h2>    \n            <div class=\"sun-title__body  --2col wysiwyg\">\n                    <div class=\"column-1\">\n                <p>Kommen Sie zum \u201cSanta Monica Sandcastle Spectacular\u201d, einem au\u00dfergew\u00f6hnlichen Sandkunst-Event am Santa Monica Pier <em>Pier 360 Strandfest<\/em>! Dieses Jahr gibt es keinen Wettbewerb, sondern die atemberaubenden Kreationen des Meisters der Sandburgen, Greg LeBon, zu bestaunen.<\/p>\n                            <\/div>\n            <div class=\"column-2\">\n                <p>LeBon wird kunstvolle Sandskulpturen anfertigen, die die einzigartigen Aktivit\u00e4ten und die lebendige Kultur von Santa Monica feiern. Diese familienfreundliche Veranstaltung, die Sie nicht verpassen sollten, zeigt die k\u00fcnstlerischen Wunder, die aus Sand entstehen k\u00f6nnen. Erleben Sie die Magie von Santa Monica mit den Augen eines Sandburgenmeisters und lassen Sie sich von der Sch\u00f6nheit unseres ikonischen Reiseziels inspirieren.<\/p>\n                            <\/div>\n            <\/div>\n    <\/section>\n\n\n\n<section class=\"two-images container-max sm-block  sm-block\">\n    <div class=\"two-images__container\">\n\n        <div class=\"two-images__column\">\n            <div class=\"two-images__content\">\n                <div class=\"two-images__content-header-container\">\n                                            <h1 class=\"two-images__content-header\">Was ist das Santa Monica Pier 360 Beach Festival?<\/h1>                                    <\/div>\n                                    <div class=\"two-images__content-body wysiwyg\">\n                        <p>Wassersportwettbewerbe, Live-Musik, Essen und Trinken, interaktive Spiele und vieles mehr. Erfahren Sie, was es mit der gr\u00f6\u00dften j\u00e4hrlichen Veranstaltung am Santa Monica Pier auf sich hat und wie Sie die typische SoCal-Stimmung bei dieser Veranstaltung erleben k\u00f6nnen. <a href=\"https:\/\/www.santamonicapier.org\/pier360\" target=\"_blank\" rel=\"noopener\">kostenlose Veranstaltung<\/a>.<\/p>\n                    <\/div>\n                                            <\/div>\n        <\/div>\n\n        <div class=\"two-images__column\">\n                            <div class=\"two-images__image-container\">\n                    <img decoding=\"async\" width=\"424\" height=\"504\" src=\"https:\/\/www.santamonica.com\/wp-content\/uploads\/2023\/06\/APP-SUP.png\" class=\"two-images__image\" alt=\"\" loading=\"lazy\" srcset=\"https:\/\/www.santamonica.com\/wp-content\/uploads\/2023\/06\/APP-SUP.png 424w, https:\/\/www.santamonica.com\/wp-content\/uploads\/2023\/06\/APP-SUP-252x300.png 252w, https:\/\/www.santamonica.com\/wp-content\/uploads\/2023\/06\/APP-SUP-126x150.png 126w\" sizes=\"auto, (max-width: 424px) 100vw, 424px\" title=\"\">                    \n\n                <\/div>\n                    <\/div>\n\n        <div class=\"two-images__column\">\n                            <div class=\"two-images__image-container\">\n                    <img decoding=\"async\" width=\"600\" height=\"564\" src=\"https:\/\/www.santamonica.com\/wp-content\/uploads\/2023\/06\/Sandcastle-1.png\" class=\"two-images__image\" alt=\"\" loading=\"lazy\" srcset=\"https:\/\/www.santamonica.com\/wp-content\/uploads\/2023\/06\/Sandcastle-1.png 600w, https:\/\/www.santamonica.com\/wp-content\/uploads\/2023\/06\/Sandcastle-1-300x282.png 300w, https:\/\/www.santamonica.com\/wp-content\/uploads\/2023\/06\/Sandcastle-1-160x150.png 160w\" sizes=\"auto, (max-width: 600px) 100vw, 600px\" title=\"\">                    \n\n                <\/div>\n                    <\/div>\n\n    <\/div>\n<\/section>\n\n\n<section class=\"links-grid --theme3 sm-block\">\n    <div class=\"links-grid__wrapper\">\n                                                    <a href=\"https:\/\/www.santamonica.com\/de\/things-to-do\/santa-monica-beach\/\" class=\"links-grid__card-link\" aria-label=\"Santa Monica Strand\">\n                    <div class=\"links-grid__card\">\n                                                    <div class=\"links-grid__card-image-wrapper\">\n                                <img decoding=\"async\" width=\"400\" height=\"400\" src=\"https:\/\/www.santamonica.com\/wp-content\/uploads\/2022\/05\/santa-monica-beach-guide-400x400.jpg\" class=\"links-grid__card-image\" alt=\"santa monica strandf\u00fchrer\" loading=\"lazy\" title=\"\">                            <\/div>\n                                                <div class=\"links-grid__card-text\">\n                                                            <div class=\"links-grid__card-title\">Santa Monica Strand<\/div>\n                                                                                <\/div>\n                    <\/div>\n                <\/a>\n                                            <a href=\"https:\/\/www.santamonica.com\/de\/things-to-do\/fun-for-kids-of-all-ages\/\" class=\"links-grid__card-link\" aria-label=\"Familien\">\n                    <div class=\"links-grid__card\">\n                                                    <div class=\"links-grid__card-image-wrapper\">\n                                <img decoding=\"async\" width=\"400\" height=\"400\" src=\"https:\/\/www.santamonica.com\/wp-content\/uploads\/2022\/06\/places-for-kids-in-santa-monica-400x400.jpg\" class=\"links-grid__card-image\" alt=\"Unternehmungen in Santa Monica mit Kindern\" loading=\"lazy\" title=\"\">                            <\/div>\n                                                <div class=\"links-grid__card-text\">\n                                                            <div class=\"links-grid__card-title\">Familien<\/div>\n                                                                                <\/div>\n                    <\/div>\n                <\/a>\n                                            <a href=\"https:\/\/www.santamonica.com\/de\/experience-santa-monica\/like-a-local\/\" class=\"links-grid__card-link\" aria-label=\"Wie ein Einheimischer\">\n                    <div class=\"links-grid__card\">\n                                                    <div class=\"links-grid__card-image-wrapper\">\n                                <img decoding=\"async\" width=\"400\" height=\"400\" src=\"https:\/\/www.santamonica.com\/wp-content\/uploads\/2022\/05\/santa-monica-things-to-do-2-400x400.jpg\" class=\"links-grid__card-image\" alt=\"santa monica sachen zu tun\" loading=\"lazy\" title=\"\">                            <\/div>\n                                                <div class=\"links-grid__card-text\">\n                                                            <div class=\"links-grid__card-title\">Wie ein Einheimischer<\/div>\n                                                                                <\/div>\n                    <\/div>\n                <\/a>\n                                            <a href=\"https:\/\/www.santamonica.com\/de\/things-to-do\/visiting-santa-monica-pier\/\" class=\"links-grid__card-link\" aria-label=\"Santa Monica Pier\">\n                    <div class=\"links-grid__card\">\n                                                    <div class=\"links-grid__card-image-wrapper\">\n                                <img decoding=\"async\" width=\"400\" height=\"400\" src=\"https:\/\/www.santamonica.com\/wp-content\/uploads\/2026\/02\/Untitled-design-17-400x400.png\" class=\"links-grid__card-image\" alt=\"Santa Monica Pier\" loading=\"lazy\" title=\"\">                            <\/div>\n                                                <div class=\"links-grid__card-text\">\n                                                            <div class=\"links-grid__card-title\">Santa Monica Pier<\/div>\n                                                                                <\/div>\n                    <\/div>\n                <\/a>\n                        <\/div>\n<\/section>\n\n\n\n    <section class=\"booking-cta --theme5 sm-block\">\n    <div id=\"widget-container-2070\"><\/div>\n<script type=\"text\/javascript\">\n  (function() {\n    var script = document.createElement('script');\n    script.type = 'text\/javascript';\n    script.async = 'true';\n    script.src = \"https:\/\/admin.bookdirect.net\/hs4\/widgets\/2070.js?widget_element=widget-container-2070\";\n    document.body.appendChild(script);\n  })();\n<\/script>\n    <\/section>\n\n\n\n<section class=\"blog-feed --theme8 sm-block\">\n    <div class=\"blog-feed__content\">\n        <div class=\"blog-feed__intro\">\n                            <div class=\"blog-feed__eyebrow eyebrow\">Blogs<\/div>                                        <h1 class=\"blog-feed__headline\">Santa Monica entdecken<\/h1>                                        <div class=\"blog-feed__body\"><p>Entdecken Sie Reiserouten, lokale Tipps, Hot Spots und ausgew\u00e4hlte Abenteuer, damit Sie das Beste aus Ihrem Aufenthalt in Santa Monica machen k\u00f6nnen.<\/p>\n<\/div>\n                                        <a class=\"blog-feed__cta\" href=\"https:\/\/www.santamonica.com\/de\/blogeintrage\/\">Alle Blogs anzeigen<\/a>\n                    <\/div>\n\n        <ul class=\"blog-feed__list\">\n                                                <li class=\"blog-feed__item\">\n                        <a href=\"https:\/\/www.santamonica.com\/de\/things-to-do\/4-must-try-beach-activities\/\" class=\"blog-feed__item-link\">\n                            <div class=\"blog-feed__image-ratio\">\n                                <img decoding=\"async\" class=\"blog-feed__image\" src=\"https:\/\/www.santamonica.com\/wp-content\/uploads\/2015\/07\/Must-Do-Family-Friendly-Activites_SondraStocker.com-520x546-400x400.jpg\" alt=\"4 unverzichtbare Strandaktivit\u00e4ten f\u00fcr die ganze Familie\" title=\"\">\n                            <\/div>\n                            <div class=\"blog-feed__card-title\">4 unverzichtbare Strandaktivit\u00e4ten f\u00fcr die ganze Familie<\/div>\n                        <\/a>\n                    <\/li>\n                                                                <li class=\"blog-feed__item\">\n                        <a href=\"https:\/\/www.santamonica.com\/de\/best-spots-santa-monica-get-beach-gear\/\" class=\"blog-feed__item-link\">\n                            <div class=\"blog-feed__image-ratio\">\n                                <img decoding=\"async\" class=\"blog-feed__image\" src=\"https:\/\/www.santamonica.com\/wp-content\/uploads\/2018\/06\/Beach-Featured-1-400x400.jpg\" alt=\"Die besten Orte in Santa Monica, um Strandausr\u00fcstung zu kaufen\" title=\"\">\n                            <\/div>\n                            <div class=\"blog-feed__card-title\">Die besten Orte in Santa Monica, um Strandausr\u00fcstung zu kaufen<\/div>\n                        <\/a>\n                    <\/li>\n                                                                <li class=\"blog-feed__item\">\n                        <a href=\"https:\/\/www.santamonica.com\/de\/tips-to-plan-your-trip-to-santa-monica-pier\/\" class=\"blog-feed__item-link\">\n                            <div class=\"blog-feed__image-ratio\">\n                                <img decoding=\"async\" class=\"blog-feed__image\" src=\"https:\/\/www.santamonica.com\/wp-content\/uploads\/2021\/04\/Visiting-Santa-Monica-Pier-Featured-400x400.jpg\" alt=\"Tipps zur Planung Ihrer Reise zum Santa Monica Pier\" title=\"\">\n                            <\/div>\n                            <div class=\"blog-feed__card-title\">Tipps zur Planung Ihrer Reise zum Santa Monica Pier<\/div>\n                        <\/a>\n                    <\/li>\n                                    <\/ul>\n    <\/div>\n<\/section>","protected":false},"excerpt":{"rendered":"","protected":false},"author":1421,"featured_media":381951,"parent":0,"menu_order":0,"comment_status":"closed","ping_status":"closed","template":"template-editorial.php","meta":{"_acf_changed":false,"inline_featured_image":false,"footnotes":""},"silos":[],"class_list":["post-381590","page","type-page","status-publish","has-post-thumbnail","hentry"],"acf":[],"_links":{"self":[{"href":"https:\/\/www.santamonica.com\/de\/wp-json\/wp\/v2\/pages\/381590","targetHints":{"allow":["GET"]}}],"collection":[{"href":"https:\/\/www.santamonica.com\/de\/wp-json\/wp\/v2\/pages"}],"about":[{"href":"https:\/\/www.santamonica.com\/de\/wp-json\/wp\/v2\/types\/page"}],"author":[{"embeddable":true,"href":"https:\/\/www.santamonica.com\/de\/wp-json\/wp\/v2\/users\/1421"}],"replies":[{"embeddable":true,"href":"https:\/\/www.santamonica.com\/de\/wp-json\/wp\/v2\/comments?post=381590"}],"version-history":[{"count":104,"href":"https:\/\/www.santamonica.com\/de\/wp-json\/wp\/v2\/pages\/381590\/revisions"}],"predecessor-version":[{"id":419786,"href":"https:\/\/www.santamonica.com\/de\/wp-json\/wp\/v2\/pages\/381590\/revisions\/419786"}],"wp:featuredmedia":[{"embeddable":true,"href":"https:\/\/www.santamonica.com\/de\/wp-json\/wp\/v2\/media\/381951"}],"wp:attachment":[{"href":"https:\/\/www.santamonica.com\/de\/wp-json\/wp\/v2\/media?parent=381590"}],"wp:term":[{"taxonomy":"silos","embeddable":true,"href":"https:\/\/www.santamonica.com\/de\/wp-json\/wp\/v2\/silos?post=381590"}],"curies":[{"name":"wp","href":"https:\/\/api.w.org\/{rel}","templated":true}]}}