{"id":379977,"date":"2023-05-03T13:39:40","date_gmt":"2023-05-03T20:39:40","guid":{"rendered":"https:\/\/www.santamonica.com\/?page_id=379977"},"modified":"2025-06-18T14:49:02","modified_gmt":"2025-06-18T21:49:02","slug":"stolz","status":"publish","type":"page","link":"https:\/\/www.santamonica.com\/de\/pride\/","title":{"rendered":"Pride Specials und Veranstaltungen"},"content":{"rendered":"<section class=\"sun-title sm-block --theme6 --2col sm-block\">\n            <h2 class=\"sun-title__headline\">Veranstaltungen<\/h2>    \n            <div class=\"sun-title__body  --2col wysiwyg\">\n                    <div class=\"column-1\">\n                <p><strong>Rainbow Family Storytime - Zweigbibliothek Ocean Park<br \/>\n<\/strong>\u00a0Dienstag, Juni 17, 2025<br \/>\nKommen Sie zu uns in die Main Street 2601, um Geschichten f\u00fcr alle Altersgruppen zu h\u00f6ren.<br \/>\n<a href=\"https:\/\/www.santamonica.gov\/events\/4j6y02qs54peay8x9wrkybqnm3\/202506171130\" target=\"_blank\" rel=\"noopener\"><strong>\u00a0Mehr erfahren<\/strong><\/a><\/p>\n<p><strong>PRIDE Sonnenuntergangsschwimmen + Happy Hour<br \/>\n<\/strong>\u00a0Freitag, Juni 20, 2025<br \/>\nFeiern Sie den Sonnenuntergang mit einem Bad und einer Pride Happy Hour im Back on the Beach Caf\u00e9 (17 bis 19 Uhr).<br \/>\n<a href=\"https:\/\/annenbergbeachhouse.com\/events\" target=\"_blank\" rel=\"noopener\"><strong>\u00a0Mehr erfahren<\/strong><\/a><\/p>\n<p><strong>OutLoud Sports Stolz am Strand<br \/>\n<\/strong>\u00a0Samstag, Juni 21, 2025<br \/>\nSport, Spiel und Spa\u00df n\u00f6rdlich des Piers und im Belmar Park.<br \/>\n<a href=\"https:\/\/outloudsports.com\/losangeles\" target=\"_blank\" rel=\"noopener\"><strong>\u00a0Mehr erfahren<\/strong><\/a><\/p>\n<p><strong>Pride on the Promenade - 3rd Street Promenade<br \/>\n<\/strong>\u00a0Samstag, Juni 21, 2025<br \/>\nEin lebhaftes Fest mit Darbietungen, Verk\u00e4ufern und Stolz auf die Gemeinschaft.<br \/>\n<a href=\"https:\/\/downtownsm.com\/events-calendar\/8825\/pride-on-the-promenade\" target=\"_blank\" rel=\"noopener\"><strong>\u00a0Mehr erfahren<\/strong><\/a><\/p>\n<p><strong>Pride Disco und Kinderzone - Santa Monica Place<br \/>\n<\/strong>\u00a0Samstag, Juni 21, 2025<br \/>\nFeiern Sie mit Musik, Tanz und Spa\u00df f\u00fcr Familien.<br \/>\n<a href=\"https:\/\/www.eventbrite.com\/e\/pride-at-santa-monica-place-tickets-1383135217669\" target=\"_blank\" rel=\"noopener\"><strong>\u00a0Mehr erfahren<\/strong><\/a><\/p>\n<p><strong>Stolz-Themenklassen - Die Klasse<br \/>\n<\/strong>\u00a0Freitags, 14. Juni und 21. Juni 2025<br \/>\nSpezielle Bewegungskurse zu Ehren des Pride Month.<br \/>\n<a href=\"https:\/\/www.theclass.com\/la-studio\" target=\"_blank\" rel=\"noopener\"><strong>\u00a0Mehr erfahren<\/strong><\/a><\/p>\n<p><strong>Sports Day After Party - 1212 3rd Street Promenade<br \/>\n<\/strong>\u00a0Samstag, Juni 21, 2025<br \/>\nEntspannen Sie sich und feiern Sie nach den Spielen bei Getr\u00e4nken und Tanz.<br \/>\n<a href=\"https:\/\/www.1212santamonica.com\/\" target=\"_blank\" rel=\"noopener\"><strong>\u00a0Mehr erfahren<\/strong><\/a><\/p>\n<p>&nbsp;<\/p>\n                            <\/div>\n            <div class=\"column-2\">\n                <p><strong>Familienstolz-Geschichten-Echtomie - Kr\u00e4henkom\u00f6die<br \/>\n<\/strong>\u00a0Samstag, Juni 21, 2025<br \/>\nEine Comedy-Veranstaltung f\u00fcr alle Altersgruppen in der Michigan Ave. 2525, Einheit F4.<br \/>\n<a href=\"https:\/\/crowcomedy.com\/familypride\" target=\"_blank\" rel=\"noopener\"><strong>\u00a0Mehr erfahren<\/strong><\/a><\/p>\n<p><strong>Fabelhafte Fabeln: Drag Queen Pride Familienausgabe - Santa Monica Pier<br \/>\n<\/strong>\u00a0Samstag, Juni 21, 2025<br \/>\nGenie\u00dfen Sie eine M\u00e4rchenstunde im historischen Merry-Go-Round-Geb\u00e4ude.<br \/>\n<a href=\"https:\/\/www.santamonicapier.org\/fabfables\" target=\"_blank\" rel=\"noopener\"><strong>\u00a0Mehr erfahren<\/strong><\/a><\/p>\n<p><strong>Pride Point Volleyball-Turnier<br \/>\n<\/strong>\u00a0Samstag, Juni 21, 2025<br \/>\nGemeinschaftliches Volleyballturnier in der N\u00e4he des Ocean Park.<br \/>\n<a href=\"https:\/\/www.pridepointvolleyball.com\/\" target=\"_blank\" rel=\"noopener\"><strong>\u00a0Mehr erfahren<\/strong><\/a><\/p>\n<p><strong>Pride on the Pier - Santa Monica Pier<br \/>\n<\/strong>\u00a0Sonntag, 22. Juni 2025 (verschoben)<br \/>\nDas gr\u00f6\u00dfte Fest des Wochenendes mit Musik, Kunst und Freude an der Gemeinschaft.<br \/>\n<a href=\"https:\/\/www.seetickets.us\/event\/PRIDE-ON-THE-PIER-SANTA-MONICA\/648376\" target=\"_blank\" rel=\"noopener\"><strong>\u00a0Mehr erfahren<\/strong><\/a><\/p>\n<p><strong>Pride Date Night + Fairy Dust Cocktail - Viceroy Santa Monica<br \/>\n<\/strong>\u00a0Freitag, 27. Juni 2025<br \/>\nTon-Workshop und Themencocktail zur Feier des Stolzes.<br \/>\n<a href=\"https:\/\/www.viceroyhotelsandresorts.com\/santa-monica\/sugar-palm\" target=\"_blank\" rel=\"noopener\"><strong>\u00a0Mehr erfahren<\/strong><\/a><\/p>\n<p><strong>Zirkusvorstellungen am Sonntag - Trapezschule Santa Monica<br \/>\n<\/strong>\u00a0Jeden Sonntag im Juni (au\u00dfer 1. Juni), letzte Vorstellung am 29. Juni 2025<br \/>\nKostenlose Zirkusvorstellungen zur Verbl\u00fcffung und zum Vergn\u00fcgen.<br \/>\n<a href=\"https:\/\/pacpark.com\/santa-monica-piers-trapeze-school-annual-pride-show\/\" target=\"_blank\" rel=\"noopener\"><strong>\u00a0Mehr erfahren<\/strong><\/a><\/p>\n                            <\/div>\n            <\/div>\n    <\/section>\n\n\n<section class=\"sun-title sm-block --theme6 --2col sm-block\">\n            <h4 class=\"sun-title__headline\">Business-Specials<\/h4>    \n            <div class=\"sun-title__body  --2col wysiwyg\">\n                    <div class=\"column-1\">\n                <p><b>Ele Keats Schmuck + Kristalle<\/b><b><br \/>\n<\/b><span style=\"font-weight: 400;\"> 20% aus Engel Aura Quarz.<\/span><span style=\"font-weight: 400;\"><br \/>\n<\/span><span style=\"font-weight: 400;\"> G\u00fcltig bis 30. Juni 2025<\/span><span style=\"font-weight: 400;\"><br \/>\n<\/span><a href=\"https:\/\/elekeats.com\/?srsltid=AfmBOoqA443Vdu6QwgpVVkiGGtEbY414EkxicG4_llGl8iOOpy7BCyPM\" target=\"_blank\" rel=\"noopener\"><strong> Mehr erfahren<\/strong><\/a><\/p>\n<p><b>Ester Wein<\/b><b><br \/>\n<\/b><span style=\"font-weight: 400;\"> Midnight Spark-Cocktail und Wein-Flug. 10% des Erl\u00f6ses kommen dem Trevor Project zugute.<\/span><span style=\"font-weight: 400;\"><br \/>\n<\/span><span style=\"font-weight: 400;\"> G\u00fcltig bis 30. Juni 2025<\/span><span style=\"font-weight: 400;\"><br \/>\n<\/span><strong><a href=\"https:\/\/www.esterswineshop.com\/\" target=\"_blank\" rel=\"noopener\">Mehr erfahren<\/a><\/strong><\/p>\n<p><b>Heidelbeere<\/b><b><br \/>\n<\/b><span style=\"font-weight: 400;\"> Herzf\u00f6rmige Zuckerpl\u00e4tzchen mit Regenbogenband. 25% des Erl\u00f6ses unterst\u00fctzen das Trans Wellness Center.<\/span><span style=\"font-weight: 400;\"><br \/>\n<\/span><span style=\"font-weight: 400;\"> G\u00fcltig bis 30. Juni 2025<\/span><span style=\"font-weight: 400;\"><br \/>\n<\/span><a href=\"https:\/\/order.toasttab.com\/online\/huckleberrysantamonica\/item-pride-cookie_5e3839ed-921e-4ff5-8888-f951a488dc55\" target=\"_blank\" rel=\"noopener\"><strong> Mehr erfahren<\/strong><\/a><\/p>\n<p><b>Milo &amp; Olive<\/b><b><br \/>\n<\/b><span style=\"font-weight: 400;\"> Zucca Pizza mit 20% des Umsatzes gespendet an GLAAD.<\/span><span style=\"font-weight: 400;\"><br \/>\n<\/span><span style=\"font-weight: 400;\"> G\u00fcltig bis 30. Juni 2025<\/span><span style=\"font-weight: 400;\"><br \/>\n<\/span><strong><a href=\"https:\/\/www.miloandolive.com\/\" target=\"_blank\" rel=\"noopener\"> Mehr erfahren<\/a><\/strong><\/p>\n<p><b>Saunastudio Perspire Santa Monica<\/b><b><br \/>\n<\/b><span style=\"font-weight: 400;\"> 25% mehr Sitzungen f\u00fcr alle Pakete.<\/span><span style=\"font-weight: 400;\"><br \/>\n<\/span><span style=\"font-weight: 400;\"> G\u00fcltig bis 30. Juni 2025<\/span><span style=\"font-weight: 400;\"><br \/>\n<\/span><strong><a href=\"https:\/\/www.perspiresaunastudio.com\/ca\/santa-monica\/?aw_pixel=AW-11447393179&amp;aw_conversion=AW-11447393179\/lqbUCK7QiYAZEJu3xdIq&amp;gad_source=1&amp;gad_campaignid=22509596566&amp;gbraid=0AAAAAqpRW5t087Bu2cShz2eSl42an6Hkg&amp;gclid=Cj0KCQjwgIXCBhDBARIsAELC9ZiaC0mm8GOnFVeKFulyd3H9d2T5HDiN053ZOqsEusQXxyRb9gd2800aAmoCEALw_wcB\" target=\"_blank\" rel=\"noopener\"> Mehr erfahren<\/a><\/strong><\/p>\n<p><b>Sand und Surf<\/b><b><br \/>\n<\/b><span style=\"font-weight: 400;\"> Kostenloses Geschenk bei jedem Kauf von $25+.<\/span><span style=\"font-weight: 400;\"><br \/>\n<\/span><span style=\"font-weight: 400;\"> G\u00fcltig bis 30. Juni 2025<\/span><span style=\"font-weight: 400;\"><br \/>\n<\/span><strong><a href=\"https:\/\/sandnsurfsm.com\/?srsltid=AfmBOoqxqeLEU71X4bYOCvGQP-eLbD6Y8m4U6kkIrLSg1pl47QLlt4PY\" target=\"_blank\" rel=\"noopener\"> Mehr erfahren<\/a><\/strong><\/p>\n                            <\/div>\n            <div class=\"column-2\">\n                <p><b>Santa Monica Souvenirs<\/b><b><br \/>\n<\/b><span style=\"font-weight: 400;\"> Kostenloses Geschenk bei jedem Kauf von $25+.<\/span><span style=\"font-weight: 400;\"><br \/>\n<\/span><span style=\"font-weight: 400;\"> G\u00fcltig bis 30. Juni 2025<\/span><span style=\"font-weight: 400;\"><br \/>\n<\/span><strong><a href=\"https:\/\/www.santamonica.com\/de\/samo-stolz\/\" target=\"_blank\" rel=\"noopener\"> Mehr erfahren<\/a><\/strong><\/p>\n<p><b>Hotel am Ufer<\/b><b><br \/>\n<\/b><span style=\"font-weight: 400;\"> G\u00fcltig bis Sonntag, 23. Juni 2025<\/span><span style=\"font-weight: 400;\"><br \/>\n<\/span><span style=\"font-weight: 400;\"> Celebrate SaMo PRIDE - Genie\u00dfen Sie einen exklusiven Tarif zur Feier des Pride Month mit luxuri\u00f6sem Komfort und K\u00fcstenblick im Herzen von Santa Monica.<\/span><span style=\"font-weight: 400;\"><br \/>\n<\/span><strong><a href=\"https:\/\/be.synxis.com\/?Hotel=52507&amp;Chain=7692&amp;arrive=2025-06-15&amp;depart=2025-06-23&amp;adult=1&amp;child=0&amp;promo=SMPW\" target=\"_blank\" rel=\"noopener\"> Mehr erfahren<\/a><\/strong><\/p>\n<p><b>Regent Santa Monica Strand<\/b><b><br \/>\n<\/b><span style=\"font-weight: 400;\"> G\u00fcltig bis Sonntag, 30. Juni 2025<\/span><span style=\"font-weight: 400;\"><br \/>\n<\/span><span style=\"font-weight: 400;\"> Pride-Paket - Ein luxuri\u00f6ses Pride-Erlebnis mit Fr\u00fchst\u00fcck oder Brunch, DJ-Abenden, Strandbutler und kostenlosem Transport zu WeHo Pride-Veranstaltungen.<\/span><span style=\"font-weight: 400;\"><br \/>\n<\/span><strong><a href=\"https:\/\/santamonica.regenthotels.com\/offers\/stay-with-pride\/\" target=\"_blank\" rel=\"noopener\"> Mehr erfahren<\/a><\/strong><\/p>\n<p><b>Von Lintel Galerie<\/b><b><br \/>\n<\/b><span style=\"font-weight: 400;\"> Ausstellungser\u00f6ffnung Samstag, 14. Juni 2025<\/span><span style=\"font-weight: 400;\"><br \/>\n<\/span><span style=\"font-weight: 400;\"> Renegades - Eine Ausstellung von Chloe Sherman, die das Wesen der queeren kulturellen Renaissance im San Francisco der 1990er Jahre fotografisch festh\u00e4lt.<\/span><span style=\"font-weight: 400;\"><br \/>\n<\/span><strong><a href=\"https:\/\/www.vonlintel.com\" target=\"_blank\" rel=\"noopener\"> Mehr erfahren<\/a><\/strong><\/p>\n<p><b>Keks Gut<\/b><b><br \/>\n<\/b><span style=\"font-weight: 400;\"> G\u00fcltig bis Samstag, 28. Juni 2025<\/span><span style=\"font-weight: 400;\"><br \/>\n<\/span><span style=\"font-weight: 400;\"> Der Pride Cookie - Feiern Sie den Monat des Stolzes mit einem farbenfrohen Cookie mit Regenbogenstreuseln, goldenen Oreos, wei\u00dfen Schokoladensplittern und einem glitzernden Tauchbad in Regenbogenzuckerkristallen.<\/span><span style=\"font-weight: 400;\"><br \/>\n<\/span><strong><a href=\"https:\/\/cookiegood.com\/products\/pride?_pos=1&amp;_psq=pride&amp;_ss=e&amp;_v=1.0\" target=\"_blank\" rel=\"noopener\"> Mehr erfahren<\/a><\/strong><\/p>\n                            <\/div>\n            <\/div>\n    <\/section>\n\n\n\n<p class=\"base-block\"><\/p>\n\n\n\n<p class=\"has-text-align-center base-block\">Haben Sie eine Pride-Veranstaltung oder ein besonderes Gesch\u00e4ft, das Sie uns mitteilen m\u00f6chten? Einreichen <a href=\"https:\/\/www.santamonica.com\/de\/formular-fur-die-einreichung-von-geschaftsspecials\/\">hier.<\/a><\/p>\n\n\n\n<figure class=\"wp-block-image size-large base-block\"><img decoding=\"async\" width=\"1024\" height=\"683\" src=\"https:\/\/www.santamonica.com\/wp-content\/uploads\/2025\/05\/EP8A3930-1-1024x683.jpg\" alt=\"\" class=\"wp-image-766899\" title=\"\" srcset=\"https:\/\/www.santamonica.com\/wp-content\/uploads\/2025\/05\/EP8A3930-1-1024x683.jpg 1024w, https:\/\/www.santamonica.com\/wp-content\/uploads\/2025\/05\/EP8A3930-1-300x200.jpg 300w, https:\/\/www.santamonica.com\/wp-content\/uploads\/2025\/05\/EP8A3930-1-225x150.jpg 225w, https:\/\/www.santamonica.com\/wp-content\/uploads\/2025\/05\/EP8A3930-1-768x512.jpg 768w, https:\/\/www.santamonica.com\/wp-content\/uploads\/2025\/05\/EP8A3930-1-1536x1024.jpg 1536w, https:\/\/www.santamonica.com\/wp-content\/uploads\/2025\/05\/EP8A3930-1-2048x1365.jpg 2048w\" sizes=\"(max-width: 1024px) 100vw, 1024px\" \/><\/figure>\n\n\n<\/figure>","protected":false},"excerpt":{"rendered":"<p>Do you have a Pride event or business special to share? Submit here.<\/p>","protected":false},"author":1421,"featured_media":766882,"parent":0,"menu_order":0,"comment_status":"closed","ping_status":"closed","template":"template-editorial.php","meta":{"_acf_changed":false,"inline_featured_image":false,"footnotes":""},"silos":[],"class_list":["post-379977","page","type-page","status-publish","has-post-thumbnail","hentry"],"acf":[],"_links":{"self":[{"href":"https:\/\/www.santamonica.com\/de\/wp-json\/wp\/v2\/pages\/379977","targetHints":{"allow":["GET"]}}],"collection":[{"href":"https:\/\/www.santamonica.com\/de\/wp-json\/wp\/v2\/pages"}],"about":[{"href":"https:\/\/www.santamonica.com\/de\/wp-json\/wp\/v2\/types\/page"}],"author":[{"embeddable":true,"href":"https:\/\/www.santamonica.com\/de\/wp-json\/wp\/v2\/users\/1421"}],"replies":[{"embeddable":true,"href":"https:\/\/www.santamonica.com\/de\/wp-json\/wp\/v2\/comments?post=379977"}],"version-history":[{"count":28,"href":"https:\/\/www.santamonica.com\/de\/wp-json\/wp\/v2\/pages\/379977\/revisions"}],"predecessor-version":[{"id":767810,"href":"https:\/\/www.santamonica.com\/de\/wp-json\/wp\/v2\/pages\/379977\/revisions\/767810"}],"wp:featuredmedia":[{"embeddable":true,"href":"https:\/\/www.santamonica.com\/de\/wp-json\/wp\/v2\/media\/766882"}],"wp:attachment":[{"href":"https:\/\/www.santamonica.com\/de\/wp-json\/wp\/v2\/media?parent=379977"}],"wp:term":[{"taxonomy":"silos","embeddable":true,"href":"https:\/\/www.santamonica.com\/de\/wp-json\/wp\/v2\/silos?post=379977"}],"curies":[{"name":"wp","href":"https:\/\/api.w.org\/{rel}","templated":true}]}}