{"id":379339,"date":"2023-04-27T17:18:51","date_gmt":"2023-04-28T00:18:51","guid":{"rendered":"https:\/\/www.santamonica.com\/?page_id=379339"},"modified":"2024-04-29T10:34:04","modified_gmt":"2024-04-29T17:34:04","slug":"es-ist-eine-stimmung-familien","status":"publish","type":"page","link":"https:\/\/www.santamonica.com\/de\/its-a-vibe-families\/","title":{"rendered":"Familien"},"content":{"rendered":"<section class=\"booking-cta --theme5 sm-block\">\n    <div id=\"widget-container-2070\"><\/div>\n<script type=\"text\/javascript\">\n  (function() {\n    var script = document.createElement('script');\n    script.type = 'text\/javascript';\n    script.async = 'true';\n    script.src = \"https:\/\/admin.bookdirect.net\/hs4\/widgets\/2070.js?widget_element=widget-container-2070\";\n    document.body.appendChild(script);\n  })();\n<\/script>\n    <\/section>\n\n\n\n\n    \n    <section class=\"subpage-links container-max sm-block\">\n        <div class=\"subpage-links__diamonds\"><\/div>\n                <div class=\"subpage-links__content\">\n            <div class=\"subpage-links__card\">\n                <div class=\"subpage-links__card-wrapper\">\n                    <a href=\"https:\/\/www.santamonica.com\/de\/santa-monica-erleben\/nachbarschaften\/santa-monica-pier-ocean-avenue\/\" class=\"subpage-links__card-link\" aria-label=\"Santa Monica Pier\">\n                                                    <img decoding=\"async\" width=\"1024\" height=\"647\" src=\"https:\/\/www.santamonica.com\/wp-content\/uploads\/2022\/07\/Pier-And-Bike-Path-1024x647.png\" class=\"subpage-links__card-image\" alt=\"Steg und Radweg\" loading=\"lazy\" srcset=\"https:\/\/www.santamonica.com\/wp-content\/uploads\/2022\/07\/Pier-And-Bike-Path-1024x647.png 1024w, https:\/\/www.santamonica.com\/wp-content\/uploads\/2022\/07\/Pier-And-Bike-Path-300x190.png 300w, https:\/\/www.santamonica.com\/wp-content\/uploads\/2022\/07\/Pier-And-Bike-Path-237x150.png 237w, https:\/\/www.santamonica.com\/wp-content\/uploads\/2022\/07\/Pier-And-Bike-Path-768x485.png 768w, https:\/\/www.santamonica.com\/wp-content\/uploads\/2022\/07\/Pier-And-Bike-Path.png 1320w\" sizes=\"auto, (max-width: 1024px) 100vw, 1024px\" title=\"\">                                                                            <div class=\"subpage-links__card-description\">\n                                <span class=\"subpage-links__card-title\">Santa Monica Pier<\/span>\n                                <div class=\"subpage-links__card-button card-arrow\">Erkunden Sie<\/div>\n                            <\/div>\n                                            <\/a>\n                <\/div>\n            <\/div>\n            <div class=\"subpage-links__card\">\n                <div class=\"subpage-links__card-wrapper\">\n                    <a href=\"https:\/\/www.santamonica.com\/de\/dinge-die-man-tun-kann\/santa-monica-parks\/\" class=\"subpage-links__card-link\" aria-label=\"Lokale Parks\">\n                                                    <img decoding=\"async\" width=\"1024\" height=\"431\" src=\"https:\/\/www.santamonica.com\/wp-content\/uploads\/2022\/06\/Parks-desktop-slide--1024x431.jpg\" class=\"subpage-links__card-image\" alt=\"Parks-desktop-slide-\" loading=\"lazy\" srcset=\"https:\/\/www.santamonica.com\/wp-content\/uploads\/2022\/06\/Parks-desktop-slide--1024x431.jpg 1024w, https:\/\/www.santamonica.com\/wp-content\/uploads\/2022\/06\/Parks-desktop-slide--300x126.jpg 300w, https:\/\/www.santamonica.com\/wp-content\/uploads\/2022\/06\/Parks-desktop-slide--270x114.jpg 270w, https:\/\/www.santamonica.com\/wp-content\/uploads\/2022\/06\/Parks-desktop-slide--768x323.jpg 768w, https:\/\/www.santamonica.com\/wp-content\/uploads\/2022\/06\/Parks-desktop-slide--1536x647.jpg 1536w, https:\/\/www.santamonica.com\/wp-content\/uploads\/2022\/06\/Parks-desktop-slide-.jpg 1900w\" sizes=\"auto, (max-width: 1024px) 100vw, 1024px\" title=\"\">                                                                            <div class=\"subpage-links__card-description\">\n                                <div class=\"subpage-links__card-title\">Lokale Parks<\/div>\n                                <div class=\"subpage-links__card-button card-arrow\">Erkunden Sie<\/div>\n                            <\/div>\n                                            <\/a>\n                <\/div>\n            <\/div>\n            <div class=\"subpage-links__card\">\n                <div class=\"subpage-links__card-wrapper\">\n                    <a href=\"https:\/\/www.santamonica.com\/de\/restaurants\/strandrestaurants\/\" class=\"subpage-links__card-link\" aria-label=\"Strand-Restaurants\">\n                                                    <img decoding=\"async\" width=\"1024\" height=\"765\" src=\"https:\/\/www.santamonica.com\/wp-content\/uploads\/2022\/06\/elephante-santa-monica-beach-restaurants-1024x765.jpg\" class=\"subpage-links__card-image\" alt=\"Elephante Santa Monica Beach Restaurants\" loading=\"lazy\" srcset=\"https:\/\/www.santamonica.com\/wp-content\/uploads\/2022\/06\/elephante-santa-monica-beach-restaurants-1024x765.jpg 1024w, https:\/\/www.santamonica.com\/wp-content\/uploads\/2022\/06\/elephante-santa-monica-beach-restaurants-300x224.jpg 300w, https:\/\/www.santamonica.com\/wp-content\/uploads\/2022\/06\/elephante-santa-monica-beach-restaurants-201x150.jpg 201w, https:\/\/www.santamonica.com\/wp-content\/uploads\/2022\/06\/elephante-santa-monica-beach-restaurants-768x574.jpg 768w, https:\/\/www.santamonica.com\/wp-content\/uploads\/2022\/06\/elephante-santa-monica-beach-restaurants.jpg 1339w\" sizes=\"auto, (max-width: 1024px) 100vw, 1024px\" title=\"\">                                                                            <div class=\"subpage-links__card-description\">\n                                <div class=\"subpage-links__card-title\">Strand-Restaurants<\/div>\n                                <div class=\"subpage-links__card-button card-arrow\">Erkunden Sie<\/div>\n                            <\/div>\n                                            <\/a>\n                <\/div>\n            <\/div>\n        <\/div>\n            <\/section>\n\n\n<section class=\"stakeholder-feed sm-block js-stk-root sm-block\">\n    <div class=\"stakeholder-feed__top\">\n        <div class=\"stakeholder-feed__intro\">\n                            <h2 class=\"stakeholder-feed__headline\">Platz f\u00fcr alle<\/h2>                                        <div class=\"stakeholder-feed__intro-body wysiwyg\">\n                    <p>Entdecken Sie in Santa Monica das perfekte Zuhause fernab der Heimat. Von Resorts am Strand bis hin zu Hotels in der Innenstadt, die mitten im Geschehen liegen, gibt es f\u00fcr jeden Geschmack das passende Angebot. (Nur zu - entscheiden Sie sich f\u00fcr die Suite, Sie haben es verdient.)<\/p>\n                <\/div>\n                    <\/div>\n        <div class=\"stakeholder-feed__nav-section\">\n                            <h1 class=\"stakeholder-feed__feed-title\">Entdecken Sie Santa Monica Hotels<\/h1>                                        <a href=\"https:\/\/www.santamonica.com\/de\/hotels\/aufenthalt-in-santa-monica\/\" class=\"stakeholder-feed__feed-cta button --primary-teal-button\" >Alle Hotels anzeigen<\/a>            \n                        <div class=\"stakeholder-feed__pagination xxx--desktop-hide\">\n                <div class=\"swiper-button-prev stakeholder-feed__pagination-prev\"><\/div>\n                <div class=\"swiper-button-next stakeholder-feed__pagination-next\"><\/div>\n            <\/div>\n        <\/div>\n    <\/div>\n    <div class=\"stakeholder-feed__bottom\">\n        <div class=\"stakeholder-feed__feed-list-wrapper swiper js-stk-swiper\">\n            <ul class=\"stakeholder-feed__feed-list swiper-wrapper js-stk-wrapper\">\n                    <li class=\"swiper-slide stakeholder-card --theme3\">\n        <a class=\"stakeholder-card__link\" href=\"https:\/\/www.santamonica.com\/de\/hotels\/huntley-santa-monica-beach\/\">\n            <div class=\"stakeholder-card__image\">\n                <img decoding=\"async\" src=\"https:\/\/assets.simpleviewinc.com\/simpleview\/image\/upload\/crm\/santamonica\/The-Regal-Terrace_EE59B3E0-CB4D-4433-A3639E1A2E4DB269_ccc98b7b-105e-438e-a81a6b2f2d595161.jpg\" alt=\"Huntley Santa Monica Strand\" title=\"\">\n            <\/div>\n            <div class=\"stakeholder-card__stk-info\">\n                <div class=\"stakeholder-card__stk-name\">Huntley Santa Monica Strand<\/div>\n                <div class=\"stakeholder-card__stk-cat\">Hotel<\/div>\n            <\/div>\n        <\/a>\n    <\/li>\n        <li class=\"swiper-slide stakeholder-card --theme3\">\n        <a class=\"stakeholder-card__link\" href=\"https:\/\/www.santamonica.com\/de\/hotels\/sandbourne-santa-monica\/\">\n            <div class=\"stakeholder-card__image\">\n                <img decoding=\"async\" src=\"https:\/\/assets.simpleviewinc.com\/simpleview\/image\/upload\/crm\/santamonica\/Sandbourne_Room_610_Double_Queen_City_view_B338C7C2-99D3-3CE9-31A128FB99235122-b338747bc60144f_b339996c-d169-798f-1ff04cf5679020e7.jpg\" alt=\"Sandbourne Santa Monica\" title=\"\">\n            <\/div>\n            <div class=\"stakeholder-card__stk-info\">\n                <div class=\"stakeholder-card__stk-name\">Sandbourne Santa Monica<\/div>\n                <div class=\"stakeholder-card__stk-cat\">Luxus<\/div>\n            <\/div>\n        <\/a>\n    <\/li>\n        <li class=\"swiper-slide stakeholder-card --theme3\">\n        <a class=\"stakeholder-card__link\" href=\"https:\/\/www.santamonica.com\/de\/hotels\/shore-hotel\/\">\n            <div class=\"stakeholder-card__image\">\n                <img decoding=\"async\" src=\"https:\/\/assets.simpleviewinc.com\/simpleview\/image\/upload\/crm\/santamonica\/Shore-Hotel_c03e4672-5056-b365-abb9adcea4348630.jpg\" alt=\"Hotel am Ufer\" title=\"\">\n            <\/div>\n            <div class=\"stakeholder-card__stk-info\">\n                <div class=\"stakeholder-card__stk-name\">Hotel am Ufer<\/div>\n                <div class=\"stakeholder-card__stk-cat\">Boutique-Hotel<\/div>\n            <\/div>\n        <\/a>\n    <\/li>\n        <li class=\"swiper-slide stakeholder-card --theme3\">\n        <a class=\"stakeholder-card__link\" href=\"https:\/\/www.santamonica.com\/de\/hotels\/sea-blue-hotel\/\">\n            <div class=\"stakeholder-card__image\">\n                <img decoding=\"async\" src=\"https:\/\/assets.simpleviewinc.com\/simpleview\/image\/upload\/crm\/santamonica\/SeaBlue_Exterior_48_7932BCCD-A062-4CEC-90F5C21E0B6BB06D_8cef8747-9d06-4d3a-82cc63a91c21e735.jpg\" alt=\"Blaues Meer Hotel\" title=\"\">\n            <\/div>\n            <div class=\"stakeholder-card__stk-info\">\n                <div class=\"stakeholder-card__stk-name\">Blaues Meer Hotel<\/div>\n                <div class=\"stakeholder-card__stk-cat\">Unterkunft<\/div>\n            <\/div>\n        <\/a>\n    <\/li>\n                <\/ul>\n        <\/div>\n    <\/div>\n<\/section>\n\n\n<section class=\"travel-tips --theme7 sm-block base-block\">\n    <div class=\"travel-tips__inner\">\n        <div class=\"travel-tips__body-col\">\n                            <img decoding=\"async\" src=\"https:\/\/www.santamonica.com\/wp-content\/uploads\/2022\/06\/responsible-badge-1.svg\" alt=\"Verantwortungsvoll reisen in Santa Monica\" title=\"\">\n                                        <p class=\"travel-tips__intro\">Reisen Sie sicher und nachhaltig und tragen Sie mit diesen Tipps dazu bei, die Sch\u00f6nheit Santa Monicas zu erhalten und gleichzeitig gesund zu bleiben.<\/p>\n                    <\/div>\n        <div class=\"travel-tips__links-col\">\n                        <div class=\"travel-tips__link-row\">\n                                    <img decoding=\"async\" src=\"https:\/\/www.santamonica.com\/wp-content\/uploads\/2022\/06\/Parking-Information.svg\" alt=\"Parken in Santa Monica\" title=\"\">\n                                                    <a class=\"travel-tips__link\" href=\"https:\/\/www.santamonica.com\/de\/transport\/parkplatz\/\">\n                        Informationen zum Parken                    <\/a>\n                            <\/div>\n                        <div class=\"travel-tips__link-row\">\n                                    <img decoding=\"async\" src=\"https:\/\/www.santamonica.com\/wp-content\/uploads\/2022\/06\/What-to-Pack.svg\" alt=\"Packen f\u00fcr eine Reise nach Santa Monica\" title=\"\">\n                                                    <a class=\"travel-tips__link\" href=\"https:\/\/www.santamonica.com\/de\/santa-monica-erleben\/was-zu-packen-ist\/\">\n                        Was zu packen ist                    <\/a>\n                            <\/div>\n                        <div class=\"travel-tips__link-row\">\n                                    <img decoding=\"async\" src=\"https:\/\/www.santamonica.com\/wp-content\/uploads\/2022\/06\/Health-and-Safety.svg\" alt=\"Santa Monica Reise-Sicherheitstipps\" title=\"\">\n                                                    <a class=\"travel-tips__link\" href=\"https:\/\/www.santamonica.com\/de\/santa-monica-erleben\/sicherheit\/\">\n                        Gesundheit und Sicherheit                    <\/a>\n                            <\/div>\n                        <div class=\"travel-tips__link-row\">\n                                    <img decoding=\"async\" src=\"https:\/\/www.santamonica.com\/wp-content\/uploads\/2022\/06\/The-Essentials.svg\" alt=\"Santa Monica Reise Essentials\" title=\"\">\n                                                    <a class=\"travel-tips__link\" href=\"https:\/\/www.santamonica.com\/de\/santa-monica-erleben\/wesentliches\/\">\n                        Die Essentials                    <\/a>\n                            <\/div>\n                    <\/div>\n\n    <\/div>\n<\/section>\n\n\n<section class=\"events-feed sm-block sm-block\">\n    <div class=\"events-feed__inner\">\n        <div class=\"events-feed__body\">\n                            <div class=\"events-feed__body-eyebrow eyebrow\">Ausgew\u00e4hlte Ereignisse<\/div>                                        <h2 class=\"events-feed__body-headline\">Familienfreundliche Veranstaltungen<\/h2>                                        <div class=\"events-feed__body-intro wysiwyg\"><p><span style=\"font-weight: 400;\">Santa Monica ist ein Spielplatz f\u00fcr Familien jeder Art und Gr\u00f6\u00dfe, von den kleinsten Reisenden bis hin zu den Eltern und Elternteilen der Eltern. Informieren Sie sich \u00fcber Live-Konzerte, Festivals, Veranstaltungen nur f\u00fcr Kinder und andere M\u00f6glichkeiten, wie Sie Ihren Besuch mit den Menschen, die Ihnen am wichtigsten sind, optimal gestalten k\u00f6nnen.<\/span><\/p>\n<\/div>\n                                        <a href=\"https:\/\/www.santamonica.com\/de\/veranstaltungen\/\" class=\"events-feed__body-cta button --primary-teal-button\" >Den Kalender ansehen<\/a>                    <\/div>\n        <div class=\"events-feed__events\">\n                            <a class=\"events-feed__event\" href=\"https:\/\/www.santamonica.com\/de\/event\/karen-knorr-scavi\/2026-04-15\/\">\n                    <div class=\"events-feed__event-date\">\n                        <div class=\"events-feed__event-month\">\n                            Apr.                        <\/div>\n                        <div class=\"events-feed__event-day\">\n                            15                        <\/div>\n                                            <\/div>\n                                            <div class=\"events-feed__event-cat --theme3\">Art<\/div>\n                                        <div class=\"events-feed__event-details\">\n                        <h3 class=\"events-feed__event-title\">\n                            Karen Knorr - \u201cScavi\u201d                        <\/h3>\n                        <div class=\"events-feed__event-desc\">Die Galerie Danziger freut sich, Scavi, Karen Knorrs neueste Serie, zu pr\u00e4sentieren. \u201cScavi\u201d, das italienische Wort f\u00fcr \u201cAusgrabungen\u201d, begann in...<\/div>\n                    <\/div>\n                    <div class=\"events-feed__event-thumb\">\n                        <img decoding=\"async\" src=\"https:\/\/www.santamonica.com\/wp-content\/uploads\/2026\/02\/Screenshot-2026-02-27-at-2.11.02-PM-1024x768.png\" alt=\"Karen Knorr - \" title=\"\">\n                    <\/div>\n                <\/a>\n                            <a class=\"events-feed__event\" href=\"https:\/\/www.santamonica.com\/de\/event\/downtown-farmers-market\/2026-04-15\/\">\n                    <div class=\"events-feed__event-date\">\n                        <div class=\"events-feed__event-month\">\n                            Apr.                        <\/div>\n                        <div class=\"events-feed__event-day\">\n                            15                        <\/div>\n                                            <\/div>\n                                            <div class=\"events-feed__event-cat --theme3\">Essen\/Getr\u00e4nke<\/div>\n                                        <div class=\"events-feed__event-details\">\n                        <h3 class=\"events-feed__event-title\">\n                            Downtown Farmers Market - Mittwochsmarkt                        <\/h3>\n                        <div class=\"events-feed__event-desc\">Der gr\u00f6\u00dfte zertifizierte Bauernmarkt in S\u00fcdkalifornien und ein Favorit f\u00fcr lokale K\u00f6che! Genie\u00dfen Sie einen von Santa Monicas Bauernm\u00e4rkten...<\/div>\n                    <\/div>\n                    <div class=\"events-feed__event-thumb\">\n                        <img decoding=\"async\" src=\"https:\/\/www.santamonica.com\/wp-content\/uploads\/2022\/08\/All-Farmers-Markets.png\" alt=\"Downtown Farmers Market - Mittwochsmarkt\" title=\"\">\n                    <\/div>\n                <\/a>\n                            <a class=\"events-feed__event\" href=\"https:\/\/www.santamonica.com\/de\/event\/betsys-tyler-wells-x-jolie-laides-scott-schultz-at-crudo-e-nudo\/\">\n                    <div class=\"events-feed__event-date\">\n                        <div class=\"events-feed__event-month\">\n                            Apr.                        <\/div>\n                        <div class=\"events-feed__event-day\">\n                            15                        <\/div>\n                                            <\/div>\n                                            <div class=\"events-feed__event-cat --theme3\">Essen\/Getr\u00e4nke<\/div>\n                                        <div class=\"events-feed__event-details\">\n                        <h3 class=\"events-feed__event-title\">\n                            Tyler Wells von Betsy x Scott Schultz von Jolie Laide bei Crudo e Nudo                        <\/h3>\n                        <div class=\"events-feed__event-desc\">Vom 13. bis 19. April bringt Crudo e Nudo's 5th Anniversary Guest Chef &amp; Winemaker Series die Freunde des Chefkochs und Eigent\u00fcmers Brian Bornemann zusammen...<\/div>\n                    <\/div>\n                    <div class=\"events-feed__event-thumb\">\n                        <img decoding=\"async\" src=\"https:\/\/www.santamonica.com\/wp-content\/uploads\/2026\/03\/Screenshot-2026-03-24-at-3.19.36-PM-1024x1024.png\" alt=\"Tyler Wells von Betsy x Scott Schultz von Jolie Laide bei Crudo e Nudo\" title=\"\">\n                    <\/div>\n                <\/a>\n                    <\/div>\n    <\/div>\n<\/section>\n\n\n<section class=\"blog-feed --theme8 sm-block\">\n    <div class=\"blog-feed__content\">\n        <div class=\"blog-feed__intro\">\n                            <div class=\"blog-feed__eyebrow eyebrow\">Blogs<\/div>                                        <h3 class=\"blog-feed__headline\">Mehr familienfreundliche Aktivit\u00e4ten<\/h3>                                        <div class=\"blog-feed__body\"><p><span style=\"font-weight: 400;\">Probieren Sie etwas Neues aus oder tun Sie, was Sie lieben und mit wem Sie es lieben.<\/span><\/p>\n<\/div>\n                                        <a class=\"blog-feed__cta\" href=\"https:\/\/www.santamonica.com\/de\/blogeintrage\/\">Alle Blogs anzeigen<\/a>\n                    <\/div>\n\n        <ul class=\"blog-feed__list\">\n                                                <li class=\"blog-feed__item\">\n                        <a href=\"https:\/\/www.santamonica.com\/de\/things-to-do\/family\/three-days-of-family-fun-in-santa-monica\/\" class=\"blog-feed__item-link\">\n                            <div class=\"blog-feed__image-ratio\">\n                                <img decoding=\"async\" class=\"blog-feed__image\" src=\"https:\/\/www.santamonica.com\/wp-content\/uploads\/2019\/08\/Annenberg-Beach-House-Santa-Monica-Featured-400x400.jpg\" alt=\"Drei Tage Familienspa\u00df in Santa Monica\" title=\"\">\n                            <\/div>\n                            <div class=\"blog-feed__card-title\">Drei Tage Familienspa\u00df in Santa Monica<\/div>\n                        <\/a>\n                    <\/li>\n                                                                <li class=\"blog-feed__item\">\n                        <a href=\"https:\/\/www.santamonica.com\/de\/hotels\/family-friendly-hotels-in-santa-monica\/\" class=\"blog-feed__item-link\">\n                            <div class=\"blog-feed__image-ratio\">\n                                <img decoding=\"async\" class=\"blog-feed__image\" src=\"https:\/\/www.santamonica.com\/wp-content\/uploads\/2019\/03\/family-friendly-hotels-featured-400x400.jpg\" alt=\"Familienfreundliche Hotels in Santa Monica\" title=\"\">\n                            <\/div>\n                            <div class=\"blog-feed__card-title\">Familienfreundliche Hotels in Santa Monica<\/div>\n                        <\/a>\n                    <\/li>\n                                                                <li class=\"blog-feed__item\">\n                        <a href=\"https:\/\/www.santamonica.com\/de\/things-to-do\/4-must-try-beach-activities\/\" class=\"blog-feed__item-link\">\n                            <div class=\"blog-feed__image-ratio\">\n                                <img decoding=\"async\" class=\"blog-feed__image\" src=\"https:\/\/www.santamonica.com\/wp-content\/uploads\/2015\/07\/Must-Do-Family-Friendly-Activites_SondraStocker.com-520x546-400x400.jpg\" alt=\"4 unverzichtbare Strandaktivit\u00e4ten f\u00fcr die ganze Familie\" title=\"\">\n                            <\/div>\n                            <div class=\"blog-feed__card-title\">4 unverzichtbare Strandaktivit\u00e4ten f\u00fcr die ganze Familie<\/div>\n                        <\/a>\n                    <\/li>\n                                    <\/ul>\n    <\/div>\n<\/section>","protected":false},"excerpt":{"rendered":"","protected":false},"author":1450,"featured_media":379343,"parent":0,"menu_order":0,"comment_status":"closed","ping_status":"closed","template":"template-editorial.php","meta":{"_acf_changed":false,"inline_featured_image":false,"footnotes":""},"silos":[],"class_list":["post-379339","page","type-page","status-publish","has-post-thumbnail","hentry"],"acf":[],"_links":{"self":[{"href":"https:\/\/www.santamonica.com\/de\/wp-json\/wp\/v2\/pages\/379339","targetHints":{"allow":["GET"]}}],"collection":[{"href":"https:\/\/www.santamonica.com\/de\/wp-json\/wp\/v2\/pages"}],"about":[{"href":"https:\/\/www.santamonica.com\/de\/wp-json\/wp\/v2\/types\/page"}],"author":[{"embeddable":true,"href":"https:\/\/www.santamonica.com\/de\/wp-json\/wp\/v2\/users\/1450"}],"replies":[{"embeddable":true,"href":"https:\/\/www.santamonica.com\/de\/wp-json\/wp\/v2\/comments?post=379339"}],"version-history":[{"count":30,"href":"https:\/\/www.santamonica.com\/de\/wp-json\/wp\/v2\/pages\/379339\/revisions"}],"predecessor-version":[{"id":413577,"href":"https:\/\/www.santamonica.com\/de\/wp-json\/wp\/v2\/pages\/379339\/revisions\/413577"}],"wp:featuredmedia":[{"embeddable":true,"href":"https:\/\/www.santamonica.com\/de\/wp-json\/wp\/v2\/media\/379343"}],"wp:attachment":[{"href":"https:\/\/www.santamonica.com\/de\/wp-json\/wp\/v2\/media?parent=379339"}],"wp:term":[{"taxonomy":"silos","embeddable":true,"href":"https:\/\/www.santamonica.com\/de\/wp-json\/wp\/v2\/silos?post=379339"}],"curies":[{"name":"wp","href":"https:\/\/api.w.org\/{rel}","templated":true}]}}