{"id":374399,"date":"2023-02-03T10:40:46","date_gmt":"2023-02-03T18:40:46","guid":{"rendered":"https:\/\/www.santamonica.com\/?page_id=374399"},"modified":"2026-02-06T15:08:18","modified_gmt":"2026-02-06T23:08:18","slug":"monat-der-schwarzen-geschichte","status":"publish","type":"page","link":"https:\/\/www.santamonica.com\/de\/black-history-month\/","title":{"rendered":"Monat der schwarzen Geschichte 2026"},"content":{"rendered":"<section class=\"image-section-break sm-block\">\n    <div class=\"image-section-break__image-wrapper\">\n                    <picture>\n                    <source\n                        media=\"(min-width: 768px)\"\n                        srcset=\"https:\/\/www.santamonica.com\/wp-content\/uploads\/2025\/02\/Black_History_Month_1656x574.jpg\"\n                    >\n                    <img decoding=\"async\" src=\"https:\/\/www.santamonica.com\/wp-content\/uploads\/2025\/02\/Black_History_Month_650x866.jpg\" class=\"image-section-break__image\" alt=\"\" title=\"\">\n            <\/picture>\n                \n\n    <\/div>\n    <div class=\"image-section-break__text-content\">\n        <div class=\"image-section-break__first-content --theme3\">\n                                        <h2 class=\"image-section-break__title\">Veranstaltungen &amp; Ereignisse<\/h2>\n                                        <div class=\"image-section-break__body-copy wysiwyg\"><h4>Mystery &amp; Thriller Buchgruppe: \u201cW\u00e4hrend die Gerechtigkeit schl\u00e4ft\u201d von Stacey Abrams<\/h4>\n<p><em>Dienstag, 17. Februar von 19.00 - 20.00 Uhr via Zoom\u00a0<\/em><\/p>\n<p>Diese von der Gemeinschaft geleitete, monatlich stattfindende Buchdiskussionsgruppe trifft sich virtuell, um nationale und internationale Titel aus den Bereichen Krimi und Thriller zu diskutieren. Im Februar werden die Teilnehmer der Buchgruppe den politischen Thriller \u2019While Justice Sleeps\u201c von Stacey Abrams lesen und diskutieren. Um sich anzumelden, senden Sie eine E-Mail an library@santamonica.gov.<\/p>\n<h4>SMPL pr\u00e4sentiert: Das ikonische Haus der Ninja<\/h4>\n<p><em>Mittwoch, 18. Februar von 19.00 - 20.00 Uhr in der Hauptbibliothek, MLK Jr. Auditorium<\/em><\/p>\n<p>Machen Sie sich bereit zu tanzen! Das ikonische House of Ninja heizt Ihnen mit einer Vogue-Tanzperformance ein, die Sie garantiert elektrisieren wird. Das House of Ninja wurde 1982 vom verstorbenen Willi Ninja, dem \u2018Godfather of Vogue\u2019, gegr\u00fcndet und hat sowohl die Gesellschaftstanz- als auch die Mainstream-Kultur ma\u00dfgeblich beeinflusst, indem es im preisgekr\u00f6nten Dokumentarfilm \"Paris Is Burning\" und in der HBO Max Ballroom Competition Serie \"Legendary\" auftrat. House of Ninja hat mit einigen der gr\u00f6\u00dften Namen der Mode- und Musikwelt zusammengearbeitet, darunter Madonna, Lady Gaga, Beyonc\u00e9 und Doechii, und ihr Auftritt wird mit Sicherheit \u00fcberall 10 Punkte bringen!<\/p>\n<h4>Nacht der Einheimischen: Jazz-Nacht<\/h4>\n<p><em>Donnerstag, 19. Februar von 15:30 - 22:00 Uhr am Santa Monica Pier<\/em><\/p>\n<p>Die Locals\u2019 Night bringt den Rhythmus in die BroadStage Jazz Night mit ph\u00e4nomenalen Absolventen des Stanley Clarke Artist Residency Programms. Genie\u00dfen Sie zur Feier des Black History Month ernsthafte Grooves, w\u00e4hrend die Offhand Wine Bar mit einer perfekt abgestimmten Auswahl die Stimmung aufrecht erh\u00e4lt.<\/p>\n<h4>Bemerkenswerte Belletristik-Buchgruppe: \u201cDer Vogelbeobachter\u201d von Gayl Jones<\/h4>\n<p><em>Samstag, 21. Februar von 11 Uhr - 12:30 Uhr \u00fcber Zoom\u00a0<\/em><\/p>\n<p>Diese von der Gemeinschaft geleitete, monatliche Buchdiskussionsgruppe trifft sich virtuell, um preisgekr\u00f6nte Romane zu besprechen. Im Februar werden die Teilnehmer \u201cThe Birdwatcher\u201d lesen und diskutieren, einen Finalisten des National Book Award, der sich mit dem kreativen Ausdruck schwarzer Frauen besch\u00e4ftigt. Um sich anzumelden, senden Sie eine E-Mail an library@santamonica.gov.<\/p>\n<h4>Weicheier: Etwas Perfektes zwischen uns selbst<\/h4>\n<p><em>Samstag, 21. Februar von 15.00 - 17.00 Uhr im Annenberg Community Beach House\u00a0<\/em><\/p>\n<p>Bernard Brown, Regisseur und Choreograf von bbmoves, wird eine Vorschau auf Sissies: Something Perfect between Ourselves, eine Performance und Installation von, f\u00fcr und \u00fcber Schwarze, Braune und indigene Queer-K\u00fcnstler, die R\u00e4ume geschaffen haben, die die Musik, den Tanz, die Mode und den kreativen Herzschlag des queeren Untergrunds von LA speisen.<\/p>\n<p>&nbsp;<\/p>\n<\/div>\n                                <\/div>\n        <div class=\"image-section-break__second-content\">\n                            <div class=\"image-section-break__body-copy wysiwyg\"><h4>Black History Month Lese-Herausforderung<\/h4>\n<p><em>Sonntag, 1. Februar bis Samstag, 28. Februar \/ Besuch <a href=\"https:\/\/smpl.beanstack.org\/reader365\" target=\"_blank\" rel=\"noopener\">smpl.beanstack.org<\/a> zur Registrierung\u00a0<\/em><\/p>\n<p>Entdecken und w\u00fcrdigen Sie die reiche Geschichte, Kultur und Errungenschaften schwarzer M\u00e4nner und Frauen anhand von B\u00fcchern, die mit einem Coretta Scott King Book Award ausgezeichnet wurden. Diese Auszeichnungen werden an herausragende afroamerikanische Autoren und Illustratoren von Kinder- und Jugendb\u00fcchern verliehen, die eine Wertsch\u00e4tzung der afroamerikanischen Kultur und universeller menschlicher Werte zeigen. Protokollieren Sie Ihre Lekt\u00fcre und Aktivit\u00e4ten, um Abzeichen zu verdienen und an der Verlosung eines Buchpakets teilzunehmen. F\u00fcr 12- bis 17-J\u00e4hrige.<\/p>\n<h4>Ehrung von Eddie Davis, Feuerwehr von Santa Monica, 1960<\/h4>\n<p><em>Dienstag, 24. Februar von 17:30 - 18:30 Uhr im Rathaus von Santa Monica\u00a0<\/em><\/p>\n<p>Schlie\u00dfen Sie sich der Stadt an, um das Verm\u00e4chtnis von Eddie Davis, Santa Monicas erstem schwarzen Feuerwehrmann, zu w\u00fcrdigen. Wir gedenken seines Dienstes, seiner Entschlossenheit und seines nachhaltigen Einflusses auf unsere Gemeinde.<\/p>\n<h4>11. j\u00e4hrliches Festival der Gr\u00fcnen<\/h4>\n<p><em>Samstag, 28. Februar von 11 bis 16 Uhr im Virginia Avenue Park\u00a0<\/em><\/p>\n<p>Bringen Sie Ihre Familie, Freunde und Nachbarn zu einem Tag der Kultur, der Verbindung und des Feierns zum 11. j\u00e4hrlichen Greens Festival, einer fr\u00f6hlichen Feier des Black History Month, pr\u00e4sentiert von der Black Santa Monica Community Group in Zusammenarbeit mit dem Virginia Avenue Park.<\/p>\n<p>Das diesj\u00e4hrige Thema \u201cBoots on the Ground\u201d steht ganz im Zeichen von Gemeinschaft und Kultur. Freuen Sie sich auf Kochvorf\u00fchrungen, Musik und Tanz, lokale Anbieter und St\u00e4nde mit Informationen und Ressourcen f\u00fcr die Gemeinschaft. Arron \u201cBobo\u201d Arnell wird wieder als Moderator auftreten und DJ Dense von KJLH wird w\u00e4hrend der gesamten Veranstaltung auflegen.<\/p>\n<h4>Filmvorf\u00fchrung zum Monat der schwarzen Geschichte:\u201cRuby Bridges\u201d<\/h4>\n<p><em>Samstag, 28. Februar von 15.00 - 17.00 Uhr in der Hauptbibliothek\u00a0<\/em><\/p>\n<p>Erfahren Sie mehr \u00fcber Ruby Bridges, ein junges schwarzes M\u00e4dchen, und ihre Erfahrungen bei der Integration der William Frantz Elementary School, die zuvor eine reine Wei\u00dfenschule in New Orleans war. Laufzeit: 96 min. F\u00fcr Familien.<\/p>\n<h4>Startseite Unter die Haut<\/h4>\n<p><em>Samstag, 28. Februar, 15.00, 16.00 und 17.00 Uhr im Historic Belmar Park\u00a0<\/em><\/p>\n<p>Marcella Lewis\u2019 \u201cHome Under One's Skin\u201d entsteht im Dialog mit April Banks\u2019 \u201cA Resurrection in Four Stanzas\u201d im Historic Belmar Park, einer \u00f6ffentlichen Skulptur, die sich mit der Geschichte von Vertreibung und Erinnerung auseinandersetzt. Durch Bewegung, Stimme und direkte Einbeziehung des Publikums reflektiert Lewis\u2019 Arbeit \u00fcber Erinnerung, Wiederbelebung und Sehnsucht. Im Mittelpunkt steht dabei der generationen\u00fcbergreifende Verlust des \u201cVeranda-Lebens\u201d, eines kulturellen Raums der Zusammenkunft, des Geschichtenerz\u00e4hlens und der F\u00fcrsorge, der einst im Mittelpunkt des schwarzen Gemeinschaftslebens stand.<\/p>\n<p><!-- wp:heading {\"level\":4} --><\/p>\n<h4 class=\"wp-block-heading\">BroadStage<\/h4>\n<p><em>Den ganzen Februar hindurch<\/em><\/p>\n<p><!-- \/wp:heading --> <!-- wp:paragraph --><\/p>\n<p>Beitreten <a href=\"https:\/\/www.santamonica.com\/de\/dinge-die-man-tun-kann\/die-grose-buhne\/\">BroadStage<\/a> zur Feier des Black History Month im Februar mit einem SONDERANGEBOT auf <em>Eine Nacht der Comedy mit Dominique: Oh My! Mama There Goes That Woman!<\/em> und <em>New Orleans Groove Masters<\/em>. Genie\u00dfen Sie 25% Rabatt auf diese Shows mit dem Code \u201cBHM25\u201d beim Checkout. Tickets bei <a href=\"http:\/\/broadstage.org\" data-type=\"link\" data-id=\"broadstage.org\" target=\"_blank\" rel=\"noopener\">broadstage.org<\/a>!<!-- \/wp:paragraph --><\/p>\n<\/div>\n                                <\/div>\n    <\/div>\n<\/section>\n\n\n\n<section class=\"image-section-break sm-block\">\n    <div class=\"image-section-break__image-wrapper\">\n                    <picture>\n                    <source\n                        media=\"(min-width: 768px)\"\n                        srcset=\"https:\/\/www.santamonica.com\/wp-content\/uploads\/2023\/02\/Black-Owned-Business.jpg\"\n                    >\n                    <img decoding=\"async\" src=\"https:\/\/www.santamonica.com\/wp-content\/uploads\/2023\/02\/Black-Owned-Business-Tall.jpg\" class=\"image-section-break__image\" alt=\"Frau steht stolz vor ihrem Bekleidungsgesch\u00e4ft\" title=\"\">\n            <\/picture>\n                \n\n    <\/div>\n    <div class=\"image-section-break__text-content\">\n        <div class=\"image-section-break__first-content --theme3\">\n                                        <h2 class=\"image-section-break__title\">Business-Specials<\/h2>\n                                        <div class=\"image-section-break__body-copy wysiwyg\"><p>Weitere Business-Specials in K\u00fcrze!<\/p>\n<\/div>\n                                <\/div>\n        <div class=\"image-section-break__second-content\">\n                                <\/div>\n    <\/div>\n<\/section>\n\n\n\n<p class=\"has-text-align-center base-block\"><em>F\u00fcr mehr Unternehmen in schwarzem Besitz, <a href=\"https:\/\/www.santamonica.gov\/blackownedbusinesses\" target=\"_blank\" rel=\"noreferrer noopener\">die vollst\u00e4ndige Liste finden Sie auf der Website der Stadt Santa Monica<\/a>.<\/em><\/p>\n\n\n<section class=\"travel-tips --theme7 sm-block base-block\">\n    <div class=\"travel-tips__inner\">\n        <div class=\"travel-tips__body-col\">\n                            <img decoding=\"async\" src=\"https:\/\/www.santamonica.com\/wp-content\/uploads\/2022\/06\/responsible-badge-1.svg\" alt=\"Verantwortungsvoll reisen in Santa Monica\" title=\"\">\n                                        <p class=\"travel-tips__intro\">Reisen Sie sicher und nachhaltig und tragen Sie mit diesen Tipps dazu bei, die Sch\u00f6nheit Santa Monicas zu erhalten und gleichzeitig gesund zu bleiben.<\/p>\n                    <\/div>\n        <div class=\"travel-tips__links-col\">\n                        <div class=\"travel-tips__link-row\">\n                                    <img decoding=\"async\" src=\"https:\/\/www.santamonica.com\/wp-content\/uploads\/2022\/06\/Parking-Information.svg\" alt=\"Parken in Santa Monica\" title=\"\">\n                                                    <a class=\"travel-tips__link\" href=\"https:\/\/www.santamonica.com\/de\/transport\/parkplatz\/\">\n                        Informationen zum Parken                    <\/a>\n                            <\/div>\n                        <div class=\"travel-tips__link-row\">\n                                    <img decoding=\"async\" src=\"https:\/\/www.santamonica.com\/wp-content\/uploads\/2022\/06\/What-to-Pack.svg\" alt=\"Packen f\u00fcr eine Reise nach Santa Monica\" title=\"\">\n                                                    <a class=\"travel-tips__link\" href=\"https:\/\/www.santamonica.com\/de\/santa-monica-erleben\/was-zu-packen-ist\/\">\n                        Was zu packen ist                    <\/a>\n                            <\/div>\n                        <div class=\"travel-tips__link-row\">\n                                    <img decoding=\"async\" src=\"https:\/\/www.santamonica.com\/wp-content\/uploads\/2022\/06\/Health-and-Safety.svg\" alt=\"Santa Monica Reise-Sicherheitstipps\" title=\"\">\n                                                    <a class=\"travel-tips__link\" href=\"https:\/\/www.santamonica.com\/de\/santa-monica-erleben\/sicherheit\/\">\n                        Gesundheit und Sicherheit                    <\/a>\n                            <\/div>\n                        <div class=\"travel-tips__link-row\">\n                                    <img decoding=\"async\" src=\"https:\/\/www.santamonica.com\/wp-content\/uploads\/2022\/06\/The-Essentials.svg\" alt=\"Santa Monica Reise Essentials\" title=\"\">\n                                                    <a class=\"travel-tips__link\" href=\"https:\/\/www.santamonica.com\/de\/santa-monica-erleben\/wesentliches\/\">\n                        Die Essentials                    <\/a>\n                            <\/div>\n                    <\/div>\n\n    <\/div>\n<\/section>\n\n\n    <section class=\"booking-cta --theme5 sm-block\">\n    <div id=\"widget-container-2070\"><\/div>\n<script type=\"text\/javascript\">\n  (function() {\n    var script = document.createElement('script');\n    script.type = 'text\/javascript';\n    script.async = 'true';\n    script.src = \"https:\/\/admin.bookdirect.net\/hs4\/widgets\/2070.js?widget_element=widget-container-2070\";\n    document.body.appendChild(script);\n  })();\n<\/script>\n    <\/section>\n\n\n\n<section class=\"blog-feed --theme8 sm-block\">\n    <div class=\"blog-feed__content\">\n        <div class=\"blog-feed__intro\">\n                            <div class=\"blog-feed__eyebrow eyebrow\">Blogs<\/div>                                        <h1 class=\"blog-feed__headline\">Santa Monica entdecken<\/h1>                                        <div class=\"blog-feed__body\"><p>Entdecken Sie Reiserouten, lokale Tipps, Hot Spots und ausgew\u00e4hlte Abenteuer, damit Sie das Beste aus Ihrem Aufenthalt in Santa Monica machen k\u00f6nnen.<\/p>\n<\/div>\n                                        <a class=\"blog-feed__cta\" href=\"https:\/\/www.santamonica.com\/de\/blogeintrage\/\">Alle Blogs anzeigen<\/a>\n                    <\/div>\n\n        <ul class=\"blog-feed__list\">\n                                                <li class=\"blog-feed__item\">\n                        <a href=\"https:\/\/www.santamonica.com\/de\/experience-santa-monica\/diverse-santa-monica-businesses\/\" class=\"blog-feed__item-link\">\n                            <div class=\"blog-feed__image-ratio\">\n                                <img decoding=\"async\" class=\"blog-feed__image\" src=\"https:\/\/www.santamonica.com\/wp-content\/uploads\/2020\/12\/Minority-Owned-Businesses-in-Santa-Monica-featured-400x400.jpg\" alt=\"Unternehmen, die die Vielfalt von Santa Monica zelebrieren\" title=\"\">\n                            <\/div>\n                            <div class=\"blog-feed__card-title\">Unternehmen, die die Vielfalt von Santa Monica zelebrieren<\/div>\n                        <\/a>\n                    <\/li>\n                                                                <li class=\"blog-feed__item\">\n                        <a href=\"https:\/\/www.santamonica.com\/de\/shopping\/support-santa-monica-retail-and-buy-local\/\" class=\"blog-feed__item-link\">\n                            <div class=\"blog-feed__image-ratio\">\n                                <img decoding=\"async\" class=\"blog-feed__image\" src=\"https:\/\/www.santamonica.com\/wp-content\/uploads\/2020\/04\/Buy-Local-Santa-Monica-featured2-400x400.jpg\" alt=\"Unterst\u00fctzen Sie den Einzelhandel in Santa Monica und kaufen Sie vor Ort\" title=\"\">\n                            <\/div>\n                            <div class=\"blog-feed__card-title\">Unterst\u00fctzen Sie den Einzelhandel in Santa Monica und kaufen Sie vor Ort<\/div>\n                        <\/a>\n                    <\/li>\n                                                                <li class=\"blog-feed__item\">\n                        <a href=\"https:\/\/www.santamonica.com\/de\/experience-santa-monica\/female-owned-businesses-flourish-in-santa-monica\/\" class=\"blog-feed__item-link\">\n                            <div class=\"blog-feed__image-ratio\">\n                                <img decoding=\"async\" class=\"blog-feed__image\" src=\"https:\/\/www.santamonica.com\/wp-content\/uploads\/2021\/03\/WomenOwnedBusiness_Featured-400x400.jpg\" alt=\"Von Frauen gef\u00fchrte Unternehmen florieren in Santa Monica\" title=\"\">\n                            <\/div>\n                            <div class=\"blog-feed__card-title\">Von Frauen gef\u00fchrte Unternehmen florieren in Santa Monica<\/div>\n                        <\/a>\n                    <\/li>\n                                    <\/ul>\n    <\/div>\n<\/section>","protected":false},"excerpt":{"rendered":"<p>For more Black-owned businesses, check out the full list on City of Santa Monica\u2019s website.<\/p>","protected":false},"author":1421,"featured_media":374939,"parent":0,"menu_order":0,"comment_status":"closed","ping_status":"closed","template":"","meta":{"_acf_changed":false,"inline_featured_image":false,"footnotes":""},"silos":[],"class_list":["post-374399","page","type-page","status-publish","has-post-thumbnail","hentry"],"acf":[],"_links":{"self":[{"href":"https:\/\/www.santamonica.com\/de\/wp-json\/wp\/v2\/pages\/374399","targetHints":{"allow":["GET"]}}],"collection":[{"href":"https:\/\/www.santamonica.com\/de\/wp-json\/wp\/v2\/pages"}],"about":[{"href":"https:\/\/www.santamonica.com\/de\/wp-json\/wp\/v2\/types\/page"}],"author":[{"embeddable":true,"href":"https:\/\/www.santamonica.com\/de\/wp-json\/wp\/v2\/users\/1421"}],"replies":[{"embeddable":true,"href":"https:\/\/www.santamonica.com\/de\/wp-json\/wp\/v2\/comments?post=374399"}],"version-history":[{"count":120,"href":"https:\/\/www.santamonica.com\/de\/wp-json\/wp\/v2\/pages\/374399\/revisions"}],"predecessor-version":[{"id":784789,"href":"https:\/\/www.santamonica.com\/de\/wp-json\/wp\/v2\/pages\/374399\/revisions\/784789"}],"wp:featuredmedia":[{"embeddable":true,"href":"https:\/\/www.santamonica.com\/de\/wp-json\/wp\/v2\/media\/374939"}],"wp:attachment":[{"href":"https:\/\/www.santamonica.com\/de\/wp-json\/wp\/v2\/media?parent=374399"}],"wp:term":[{"taxonomy":"silos","embeddable":true,"href":"https:\/\/www.santamonica.com\/de\/wp-json\/wp\/v2\/silos?post=374399"}],"curies":[{"name":"wp","href":"https:\/\/api.w.org\/{rel}","templated":true}]}}