{"id":368163,"date":"2022-11-14T11:53:01","date_gmt":"2022-11-14T19:53:01","guid":{"rendered":"https:\/\/www.santamonica.com\/?page_id=368163"},"modified":"2022-11-15T13:25:57","modified_gmt":"2022-11-15T21:25:57","slug":"santa-monica-gebirge","status":"publish","type":"page","link":"https:\/\/www.santamonica.com\/de\/experience-santa-monica\/santa-monica-mountains\/","title":{"rendered":"Santa Monica Mountains Nationales Erholungsgebiet"},"content":{"rendered":"<p class=\"base-block\">Das SMMNRA ist ein riesiges nationales Erholungsgebiet, das viele einzelne Parks und Naturschutzgebiete umfasst, darunter einige der sch\u00f6nsten Wanderwege des Landes. Die Parkanlagen befinden sich haupts\u00e4chlich in den Santa Monica Mountains, wobei zwei Drittel davon im Nordwesten von Los Angeles County liegen und das verbleibende Drittel, einschlie\u00dflich einer Erweiterung in Simi Hills, in Ventura County. Die Santa Monica Mountains sind eine der wenigen weitl\u00e4ufigen Landschaften in Los Angeles und erstrecken sich \u00fcber 50 Meilen im nordwestlichen Teil von Los Angeles. Diese wundersch\u00f6nen Berge sind mit Eichen- und Platanenw\u00e4ldern, Wildblumen, K\u00fcstensalbei und \u00fcber 20 verschiedenen Pflanzen- und Tierarten bewachsen.<\/p>\n\n\n<section class=\"sun-title sm-block --theme6 sm-block\">\n            <h2 class=\"sun-title__headline\">Freizeitaktivit\u00e4ten in der Santa Monica Mountains National Recreation Area<\/h2>    \n            <div class=\"sun-title__body  wysiwyg\">\n                    <p>Machen Sie sich bereit, die Natur zu erkunden! Es gibt viele M\u00f6glichkeiten, die Gegend zu erkunden, darunter Radfahren, Vogelbeobachtung, Walbeobachtung an Land, Camping, Wandern, Reiten und Klettern. Der Backbone Trail f\u00fchrt \u00fcber fast 70 Meilen (110 km) durch die Santa Monica Mountains zwischen dem Will Rogers State Park und dem Point Mugu State Park. Sie k\u00f6nnen Ihren Hund mitbringen und sogar ein Picknick auf dem Weg machen.<\/p>\n<p>Wenn Sie wandern m\u00f6chten, aber nicht zu viel Zeit in der Sonne verbringen wollen, sollten Sie den Circle X Ranch Trail ausprobieren. Erklimmen Sie vom Ausgangspunkt aus den 948 Meter hohen Sandstone Peak und genie\u00dfen Sie die Aussicht auf den Pazifischen Ozean und die Innenstadt von Los Angeles. Diese Wanderung ist f\u00fcr alle Schwierigkeitsgrade geeignet; der Weg ist gr\u00f6\u00dftenteils flach und hat nur wenige steile Abschnitte.<\/p>\n                        <\/div>\n    <\/section>\n\n\n\n<figure class=\"wp-block-image aligncenter size-full base-block\"><img decoding=\"async\" width=\"937\" height=\"700\" src=\"https:\/\/www.santamonica.com\/wp-content\/uploads\/2022\/11\/paramount-ranch.jpg\" alt=\"Paramount-Ranch\" class=\"wp-image-368251\" title=\"\" srcset=\"https:\/\/www.santamonica.com\/wp-content\/uploads\/2022\/11\/paramount-ranch.jpg 937w, https:\/\/www.santamonica.com\/wp-content\/uploads\/2022\/11\/paramount-ranch-300x224.jpg 300w, https:\/\/www.santamonica.com\/wp-content\/uploads\/2022\/11\/paramount-ranch-201x150.jpg 201w, https:\/\/www.santamonica.com\/wp-content\/uploads\/2022\/11\/paramount-ranch-768x574.jpg 768w\" sizes=\"(max-width: 937px) 100vw, 937px\" \/>\n\n            <div class=\"img-lctn-tag --no-link wordpress-image__image-caption --right\">Photo by: @cruselaw<\/div>\n    <\/figure>\n\n<section class=\"sun-title sm-block --theme6 sm-block\">\n            <h3 class=\"sun-title__headline\">Filmreife Aussichten in den Bergen<\/h3>    \n            <div class=\"sun-title__body  wysiwyg\">\n                    <p>Wenn Sie mehr Zeit haben und eine l\u00e4ngere Wanderung bevorzugen, sollten Sie den Solstice Canyon Trail ausprobieren. Vom Ausgangspunkt aus wandern Sie entlang eines von Eichen und Platanen beschatteten Baches und haben unterwegs immer wieder sch\u00f6ne Ausblicke auf Wasserf\u00e4lle. Diese Wanderung ist f\u00fcr alle Schwierigkeitsgrade geeignet, da sie weder zu schwierig noch zu leicht ist - sie ist genau richtig! Egal, f\u00fcr welchen Weg Sie sich entscheiden, achten Sie darauf, dass Sie zu Ihrer Sicherheit auf den ausgewiesenen Wegen bleiben und das Land der privaten Landbesitzer nicht beeintr\u00e4chtigen.<\/p>\n<p>Und wenn Sie wissen m\u00f6chten, wie fr\u00fcher Filme gedreht wurden (und vielleicht ein paar Filmsets sehen m\u00f6chten), besuchen Sie die Paramount Ranch! Diese Gegend wird seit 1927 als Filmkulisse genutzt und diente Stars wie Bob Hope und Gary Cooper als Heimatbasis.<\/p>\n                        <\/div>\n    <\/section>\n\n\n<section class=\"image-slider --theme1 sm-block\" >\n    <div class=\"image-slider__wrapper\">\n                    <div class=\"image-slider__copy wysiwyg\"><p><span style=\"font-weight: 400;\">Setzen Sie die historische Hollywood-Tour fort, indem Sie auf die Seite <\/span><a href=\"https:\/\/www.parks.ca.gov\/?page_id=626\" target=\"_blank\" rel=\"noopener\"><span style=\"font-weight: 400;\"><strong>Will Rogers State Park<\/strong>.<\/span><\/a><span style=\"font-weight: 400;\"> Der Variet\u00e9-Schauspieler, nach dem der Park benannt ist, kaufte das Land zu Beginn seiner Karriere f\u00fcr seine Familie, doch nach seinem Tod wurde es 1944 gestiftet und zum Staatspark erkl\u00e4rt. Dieser Park hat f\u00fcr jeden etwas zu bieten: 359 Hektar der Santa Monica Mountains mit einem Ranchhaus, einem Polofeld, Reitm\u00f6glichkeiten und vielem mehr. <\/span><\/p>\n<\/div>\n                <div class=\"image-slider__slider right\">\n                            <!-- Slider main container -->\n                <div class=\"swiper js-image-slider\">\n                    <!-- Additional required wrapper -->\n                    <div class=\"swiper-wrapper\">\n                        <!-- Slides -->\n                                                    <div class=\"swiper-slide\">\n                                <img decoding=\"async\" width=\"1024\" height=\"576\" src=\"https:\/\/www.santamonica.com\/wp-content\/uploads\/2022\/11\/will-rogers-state-historic-park.jpg\" class=\"swiper-slide__image\" alt=\"\" loading=\"lazy\" srcset=\"https:\/\/www.santamonica.com\/wp-content\/uploads\/2022\/11\/will-rogers-state-historic-park.jpg 1024w, https:\/\/www.santamonica.com\/wp-content\/uploads\/2022\/11\/will-rogers-state-historic-park-300x169.jpg 300w, https:\/\/www.santamonica.com\/wp-content\/uploads\/2022\/11\/will-rogers-state-historic-park-267x150.jpg 267w, https:\/\/www.santamonica.com\/wp-content\/uploads\/2022\/11\/will-rogers-state-historic-park-768x432.jpg 768w\" sizes=\"auto, (max-width: 1024px) 100vw, 1024px\" title=\"\">                                \n\n            <div class=\"img-lctn-tag --no-link image-slider__image-caption --right\">Photo by: @michaelad567<\/div>\n                                <\/div>\n                                                    <div class=\"swiper-slide\">\n                                <img decoding=\"async\" width=\"1024\" height=\"576\" src=\"https:\/\/www.santamonica.com\/wp-content\/uploads\/2022\/11\/will-rogers-state-park-1.jpg\" class=\"swiper-slide__image\" alt=\"\" loading=\"lazy\" srcset=\"https:\/\/www.santamonica.com\/wp-content\/uploads\/2022\/11\/will-rogers-state-park-1.jpg 1024w, https:\/\/www.santamonica.com\/wp-content\/uploads\/2022\/11\/will-rogers-state-park-1-300x169.jpg 300w, https:\/\/www.santamonica.com\/wp-content\/uploads\/2022\/11\/will-rogers-state-park-1-267x150.jpg 267w, https:\/\/www.santamonica.com\/wp-content\/uploads\/2022\/11\/will-rogers-state-park-1-768x432.jpg 768w\" sizes=\"auto, (max-width: 1024px) 100vw, 1024px\" title=\"\">                                \n\n            <div class=\"img-lctn-tag --no-link image-slider__image-caption --right\">Photo by: @michaelad567<\/div>\n                                <\/div>\n                                            <\/div>\n                                            <div class=\"image-slider__swiper-controls-wrapper-relocator\">\n                            <div class=\"image-slider__swiper-controls-wrapper\">\n                                <div class=\"swiper-pagination\"><\/div>\n                                <div class=\"swiper-button-prev-custom\">\n                                    <div class=\"arrow-button-left\"><\/div>\n                                <\/div>\n                                <div class=\"swiper-button-next-custom\">\n                                    <div class=\"arrow-button-right\"><\/div>\n                                <\/div>\n                            <\/div>\n                        <\/div>\n                                    <\/div>\n                    <\/div>\n    <\/div>\n<\/section>\n\n\n\n<section class=\"two-images container-max sm-block  sm-block\">\n    <div class=\"two-images__container\">\n\n        <div class=\"two-images__column\">\n            <div class=\"two-images__content\">\n                <div class=\"two-images__content-header-container\">\n                                                                                <\/div>\n                                    <div class=\"two-images__content-body wysiwyg\">\n                        <p><span style=\"font-weight: 400;\">Wenn Sie es etwas ruhiger angehen lassen m\u00f6chten, empfehlen wir Ihnen die Campingpl\u00e4tze in den Santa Monica Mountains. Vom Leo Carillo State Park bis zum Point Mugu State Park gibt es eine Vielzahl von Campingpl\u00e4tzen, die Sie genie\u00dfen k\u00f6nnen. Wenn die Sterne aufgehen, haben Sie den perfekten Platz, um die Sterne im Canyon zu beobachten, und wenn morgens die Sonne aufgeht, k\u00f6nnen Sie in der Ferne das Rauschen der Wellen h\u00f6ren.\u00a0<\/span><\/p>\n                    <\/div>\n                                            <\/div>\n        <\/div>\n\n        <div class=\"two-images__column\">\n                            <div class=\"two-images__image-container\">\n                    <img decoding=\"async\" width=\"425\" height=\"505\" src=\"https:\/\/www.santamonica.com\/wp-content\/uploads\/2022\/11\/santa-monica-mountains-camping.jpg\" class=\"two-images__image\" alt=\"\" loading=\"lazy\" srcset=\"https:\/\/www.santamonica.com\/wp-content\/uploads\/2022\/11\/santa-monica-mountains-camping.jpg 425w, https:\/\/www.santamonica.com\/wp-content\/uploads\/2022\/11\/santa-monica-mountains-camping-252x300.jpg 252w, https:\/\/www.santamonica.com\/wp-content\/uploads\/2022\/11\/santa-monica-mountains-camping-126x150.jpg 126w\" sizes=\"auto, (max-width: 425px) 100vw, 425px\" title=\"\">                    \n\n            <div class=\"img-lctn-tag --no-link two-images__image-caption --right\">Photo by: @walkinabouthistory<\/div>\n                    <\/div>\n                    <\/div>\n\n        <div class=\"two-images__column\">\n                            <div class=\"two-images__image-container\">\n                    <img decoding=\"async\" width=\"600\" height=\"565\" src=\"https:\/\/www.santamonica.com\/wp-content\/uploads\/2022\/11\/Hikers-in-Santa-Monica-Mountains-National-Recreation-Area.jpg\" class=\"two-images__image\" alt=\"Wanderer in der Santa Monica Mountains National Recreation Area\" loading=\"lazy\" srcset=\"https:\/\/www.santamonica.com\/wp-content\/uploads\/2022\/11\/Hikers-in-Santa-Monica-Mountains-National-Recreation-Area.jpg 600w, https:\/\/www.santamonica.com\/wp-content\/uploads\/2022\/11\/Hikers-in-Santa-Monica-Mountains-National-Recreation-Area-300x283.jpg 300w, https:\/\/www.santamonica.com\/wp-content\/uploads\/2022\/11\/Hikers-in-Santa-Monica-Mountains-National-Recreation-Area-159x150.jpg 159w\" sizes=\"auto, (max-width: 600px) 100vw, 600px\" title=\"\">                    \n\n            <div class=\"img-lctn-tag --no-link two-images__image-caption --right\">Photo by: @feminine_mystique<\/div>\n                    <\/div>\n                    <\/div>\n\n    <\/div>\n<\/section>\n\n\n<section class=\"sun-title sm-block --theme6 sm-block\">\n            <h3 class=\"sun-title__headline\">Sicher die Berge erkunden<\/h3>    \n            <div class=\"sun-title__body  wysiwyg\">\n                    <p>Im Besucherzentrum des Nationalparks auf der King Gillette Ranch in Calabasas erhalten Sie Karten und Informationen \u00fcber die Berge. Beachten Sie, dass die meisten staatlichen Parks parkspezifische Regeln und Vorschriften haben. Wenn Sie ein Gebiet betreten, sind Sie f\u00fcr die Einhaltung der dort geltenden Regeln verantwortlich. Informieren Sie sich am Eingang oder am Kiosk \u00fcber die Regeln und Vorschriften des jeweiligen Parks.<\/p>\n                        <\/div>\n    <\/section>\n\n\n<section class=\"blog-feed --theme8 sm-block\">\n    <div class=\"blog-feed__content\">\n        <div class=\"blog-feed__intro\">\n                            <div class=\"blog-feed__eyebrow eyebrow\">Blogs<\/div>                                        <h2 class=\"blog-feed__headline\">Santa Monica entdecken<\/h2>                                        <div class=\"blog-feed__body\"><p>Entdecken Sie Reiserouten, lokale Tipps, Hot Spots und ausgew\u00e4hlte Abenteuer, damit Sie das Beste aus Ihrem Aufenthalt in Santa Monica machen k\u00f6nnen.<\/p>\n<\/div>\n                                        <a class=\"blog-feed__cta\" href=\"https:\/\/www.santamonica.com\/de\/blogeintrage\/\">Alle Blogs anzeigen<\/a>\n                    <\/div>\n\n        <ul class=\"blog-feed__list\">\n                                                <li class=\"blog-feed__item\">\n                        <a href=\"https:\/\/www.santamonica.com\/de\/trip-planner\/southern-california-road-trip\/\" class=\"blog-feed__item-link\">\n                            <div class=\"blog-feed__image-ratio\">\n                                <img decoding=\"async\" class=\"blog-feed__image\" src=\"https:\/\/www.santamonica.com\/wp-content\/uploads\/2021\/08\/Santa-Monica-Coast-Featured-400x400.jpg\" alt=\"10 Tage S\u00fcdkalifornien Road Trip\" title=\"\">\n                            <\/div>\n                            <div class=\"blog-feed__card-title\">10 Tage S\u00fcdkalifornien Road Trip<\/div>\n                        <\/a>\n                    <\/li>\n                                                                <li class=\"blog-feed__item\">\n                        <a href=\"https:\/\/www.santamonica.com\/de\/restaurants\/santa-monica-coffee-shops\/\" class=\"blog-feed__item-link\">\n                            <div class=\"blog-feed__image-ratio\">\n                                <img decoding=\"async\" class=\"blog-feed__image\" src=\"https:\/\/www.santamonica.com\/wp-content\/uploads\/2023\/10\/best-santa-monica-coffee-shops-400x400.jpg\" alt=\"Die 11 besten Caf\u00e9s und Teeh\u00e4user in Santa Monica\" title=\"\">\n                            <\/div>\n                            <div class=\"blog-feed__card-title\">Die 11 besten Caf\u00e9s und Teeh\u00e4user in Santa Monica<\/div>\n                        <\/a>\n                    <\/li>\n                                                                <li class=\"blog-feed__item\">\n                        <a href=\"https:\/\/www.santamonica.com\/de\/experience-santa-monica\/santa-monica-then-now\/\" class=\"blog-feed__item-link\">\n                            <div class=\"blog-feed__image-ratio\">\n                                <img decoding=\"async\" class=\"blog-feed__image\" src=\"https:\/\/www.santamonica.com\/wp-content\/uploads\/2021\/09\/Santa_Monica_Historic_Pier_Featured-400x400.jpg\" alt=\"Santa Monica damals und heute\" title=\"\">\n                            <\/div>\n                            <div class=\"blog-feed__card-title\">Santa Monica damals und heute<\/div>\n                        <\/a>\n                    <\/li>\n                                    <\/ul>\n    <\/div>\n<\/section>","protected":false},"excerpt":{"rendered":"<p>The SMMNRA is a massive national recreation area that contains many individual parks and open space preserves, including some of the most gorgeous hiking trails in the country. The parklands [&hellip;]<\/p>\n","protected":false},"author":1450,"featured_media":368188,"parent":0,"menu_order":0,"comment_status":"closed","ping_status":"closed","template":"template-editorial.php","meta":{"_acf_changed":false,"inline_featured_image":false,"footnotes":""},"silos":[3887],"class_list":["post-368163","page","type-page","status-publish","has-post-thumbnail","hentry"],"acf":[],"_links":{"self":[{"href":"https:\/\/www.santamonica.com\/de\/wp-json\/wp\/v2\/pages\/368163","targetHints":{"allow":["GET"]}}],"collection":[{"href":"https:\/\/www.santamonica.com\/de\/wp-json\/wp\/v2\/pages"}],"about":[{"href":"https:\/\/www.santamonica.com\/de\/wp-json\/wp\/v2\/types\/page"}],"author":[{"embeddable":true,"href":"https:\/\/www.santamonica.com\/de\/wp-json\/wp\/v2\/users\/1450"}],"replies":[{"embeddable":true,"href":"https:\/\/www.santamonica.com\/de\/wp-json\/wp\/v2\/comments?post=368163"}],"version-history":[{"count":63,"href":"https:\/\/www.santamonica.com\/de\/wp-json\/wp\/v2\/pages\/368163\/revisions"}],"predecessor-version":[{"id":368264,"href":"https:\/\/www.santamonica.com\/de\/wp-json\/wp\/v2\/pages\/368163\/revisions\/368264"}],"wp:featuredmedia":[{"embeddable":true,"href":"https:\/\/www.santamonica.com\/de\/wp-json\/wp\/v2\/media\/368188"}],"wp:attachment":[{"href":"https:\/\/www.santamonica.com\/de\/wp-json\/wp\/v2\/media?parent=368163"}],"wp:term":[{"taxonomy":"silos","embeddable":true,"href":"https:\/\/www.santamonica.com\/de\/wp-json\/wp\/v2\/silos?post=368163"}],"curies":[{"name":"wp","href":"https:\/\/api.w.org\/{rel}","templated":true}]}}