{"id":366998,"date":"2022-10-28T17:33:40","date_gmt":"2022-10-29T00:33:40","guid":{"rendered":"https:\/\/www.santamonica.com\/?page_id=366998"},"modified":"2022-10-30T19:54:51","modified_gmt":"2022-10-31T02:54:51","slug":"herbst-winter-sonnenuntergang","status":"publish","type":"page","link":"https:\/\/www.santamonica.com\/de\/fall-winter-sunset\/","title":{"rendered":"Herbst Landing Page - Sonnenunterg\u00e4nge Edition"},"content":{"rendered":"<section class=\"image-slider --theme1 sm-block\" >\n    <div class=\"image-slider__wrapper\">\n                    <div class=\"image-slider__copy wysiwyg\"><h2>1. Santa Monica Pier<\/h2>\n<p>Die vielleicht ber\u00fchmteste Attraktion, der <a href=\"https:\/\/www.santamonica.com\/de\/dinge-die-man-tun-kann\/santa-monica-pier\/\">Santa Monica Pier<\/a> bietet einen Panoramablick auf den Pazifischen Ozean. Und wenn die Sonne untergeht, k\u00f6nnen Sie die im blauen Licht funkelnden Lichter des Piers genie\u00dfen, wenn Santa Monica nach Feierabend zum Leben erwacht.<\/p>\n<p>Sie brauchen eine Wegbeschreibung? Hier ist die Adresse: <a href=\"https:\/\/www.google.com\/maps\/place\/Santa+Monica+Pier\/@34.0087686,-118.5000063,17z\/data=!3m1!4b1!4m5!3m4!1s0x80c2a4d74d5ea79b:0xcd9a111aced18f4d!8m2!3d34.0082821!4d-118.4987585\" target=\"_blank\" rel=\"noopener\">200 Santa Monica Pier<\/a><\/p>\n<\/div>\n                <div class=\"image-slider__slider right\">\n                            <!-- Slider main container -->\n                <div class=\"swiper\">\n                    <!-- Additional required wrapper -->\n                    <div class=\"swiper-wrapper\">\n                        <!-- Slides -->\n                                                    <div class=\"swiper-slide\">\n                                <img decoding=\"async\" width=\"1024\" height=\"580\" src=\"https:\/\/www.santamonica.com\/wp-content\/uploads\/2022\/10\/Pier-Sunset-1024x580-1.jpg\" class=\"swiper-slide__image\" alt=\"Roter, rosafarbener, violetter und oranger Sonnenuntergang \u00fcber Santa Monica Pier und Santa Monica Beach\" loading=\"lazy\" srcset=\"https:\/\/www.santamonica.com\/wp-content\/uploads\/2022\/10\/Pier-Sunset-1024x580-1.jpg 1024w, https:\/\/www.santamonica.com\/wp-content\/uploads\/2022\/10\/Pier-Sunset-1024x580-1-300x170.jpg 300w, https:\/\/www.santamonica.com\/wp-content\/uploads\/2022\/10\/Pier-Sunset-1024x580-1-265x150.jpg 265w, https:\/\/www.santamonica.com\/wp-content\/uploads\/2022\/10\/Pier-Sunset-1024x580-1-768x435.jpg 768w\" sizes=\"auto, (max-width: 1024px) 100vw, 1024px\" title=\"\">                                \n\n                            <\/div>\n                                            <\/div>\n                                    <\/div>\n                    <\/div>\n    <\/div>\n<\/section>\n\n\n<section class=\"image-slider --theme1 sm-block\" >\n    <div class=\"image-slider__wrapper\">\n                    <div class=\"image-slider__copy wysiwyg\"><h2>2. Der Hummer<\/h2>\n<p><span style=\"font-weight: 400;\">Das ist eine Ikone. <\/span><strong><a href=\"https:\/\/www.santamonica.com\/de\/restaurants\/der-hummer\/\">Der Hummer<\/a><\/strong><span style=\"font-weight: 400;\"> bewirtet seit 1923 G\u00e4ste am Strand in der N\u00e4he des Santa Monica Pier und wurde zu einem der Michelin-Restaurants in Santa Monica ernannt. Achten Sie bei der Reservierung darauf, dass die Zeit des Sonnenuntergangs eingehalten wird, dann k\u00f6nnen Sie sich auf ein unvergessliches Erlebnis freuen.<\/span><\/p>\n<p><span style=\"font-weight: 400;\">Sie brauchen eine Wegbeschreibung? Hier ist die Adresse: <a href=\"https:\/\/www.google.com\/maps\/place\/1602+Ocean+Ave,+Santa+Monica,+CA+90401\/@34.0110378,-118.4972152,17z\/data=!3m1!4b1!4m5!3m4!1s0x80c2a4d1272f722d:0xe41202718745a269!8m2!3d34.0110334!4d-118.4950265\" target=\"_blank\" rel=\"noopener\">1602 Ocean Avenue<\/a><\/span><\/p>\n<\/div>\n                <div class=\"image-slider__slider left\">\n                            <!-- Slider main container -->\n                <div class=\"swiper\">\n                    <!-- Additional required wrapper -->\n                    <div class=\"swiper-wrapper\">\n                        <!-- Slides -->\n                                                    <div class=\"swiper-slide\">\n                                <img decoding=\"async\" width=\"1024\" height=\"576\" src=\"https:\/\/www.santamonica.com\/wp-content\/uploads\/2022\/10\/the-lobster-ocean-view.jpg\" class=\"swiper-slide__image\" alt=\"der Hummer mit Meerblick\" loading=\"lazy\" srcset=\"https:\/\/www.santamonica.com\/wp-content\/uploads\/2022\/10\/the-lobster-ocean-view.jpg 1024w, https:\/\/www.santamonica.com\/wp-content\/uploads\/2022\/10\/the-lobster-ocean-view-300x169.jpg 300w, https:\/\/www.santamonica.com\/wp-content\/uploads\/2022\/10\/the-lobster-ocean-view-267x150.jpg 267w, https:\/\/www.santamonica.com\/wp-content\/uploads\/2022\/10\/the-lobster-ocean-view-768x432.jpg 768w\" sizes=\"auto, (max-width: 1024px) 100vw, 1024px\" title=\"\">                                \n\n                            <\/div>\n                                            <\/div>\n                                    <\/div>\n                    <\/div>\n    <\/div>\n<\/section>\n\n\n    <section class=\"booking-cta --theme5 sm-block\">\n    <div id=\"widget-container-2070\"><\/div>\n<script type=\"text\/javascript\">\n  (function() {\n    var script = document.createElement('script');\n    script.type = 'text\/javascript';\n    script.async = 'true';\n    script.src = \"https:\/\/admin.bookdirect.net\/hs4\/widgets\/2070.js?widget_element=widget-container-2070\";\n    document.body.appendChild(script);\n  })();\n<\/script>\n    <\/section>\n\n\n\n<section class=\"image-slider --theme1 sm-block\" >\n    <div class=\"image-slider__wrapper\">\n                    <div class=\"image-slider__copy wysiwyg\"><h2>3. Santa Monica Strand<\/h2>\n<p>Stecken Sie Ihre Zehen in den Sand und genie\u00dfen Sie das entspannende Rauschen der Wellen, die am Ufer des <a href=\"https:\/\/www.santamonica.com\/de\/dinge-die-man-tun-kann\/santa-monica-strand\/\">Santa Monica Strand<\/a>. Egal, ob Sie ein Handtuch mitnehmen und den Moment genie\u00dfen oder einen romantischen Spaziergang machen m\u00f6chten, der 3,5 Meilen lange Strandabschnitt hat keinen schlechten Winkel f\u00fcr den Sonnenuntergang.<\/p>\n<p>Sie brauchen eine Wegbeschreibung? <a href=\"https:\/\/www.google.com\/maps\/place\/Santa+Monica+Beach\/@34.0091934,-118.5063833,15z\/data=!3m1!4b1!4m5!3m4!1s0x80c2a4d753e7d5f1:0x1730c10394bec38!8m2!3d34.0091764!4d-118.4976285\" target=\"_blank\" rel=\"noopener\">Fahren Sie nach Westen, bis Sie auf das Wasser sto\u00dfen.<\/a>. Es gibt 8 Parkpl\u00e4tze und Stra\u00dfenparkpl\u00e4tze entlang des Strandes.<\/p>\n<\/div>\n                <div class=\"image-slider__slider right\">\n                            <!-- Slider main container -->\n                <div class=\"swiper\">\n                    <!-- Additional required wrapper -->\n                    <div class=\"swiper-wrapper\">\n                        <!-- Slides -->\n                                                    <div class=\"swiper-slide\">\n                                <img decoding=\"async\" width=\"1024\" height=\"580\" src=\"https:\/\/www.santamonica.com\/wp-content\/uploads\/2022\/07\/Beach1024x580.jpg\" class=\"swiper-slide__image\" alt=\"Santa Monica Beach bei Sonnenuntergang; der Himmel spiegelt sich auf dem nassen Sand; lila, orange und gelber Himmel\" loading=\"lazy\" srcset=\"https:\/\/www.santamonica.com\/wp-content\/uploads\/2022\/07\/Beach1024x580.jpg 1024w, https:\/\/www.santamonica.com\/wp-content\/uploads\/2022\/07\/Beach1024x580-300x170.jpg 300w, https:\/\/www.santamonica.com\/wp-content\/uploads\/2022\/07\/Beach1024x580-265x150.jpg 265w, https:\/\/www.santamonica.com\/wp-content\/uploads\/2022\/07\/Beach1024x580-768x435.jpg 768w\" sizes=\"auto, (max-width: 1024px) 100vw, 1024px\" title=\"\">                                \n\n                            <\/div>\n                                            <\/div>\n                                    <\/div>\n                    <\/div>\n    <\/div>\n<\/section>\n\n\n<section class=\"image-slider --theme1 sm-block\" >\n    <div class=\"image-slider__wrapper\">\n                    <div class=\"image-slider__copy wysiwyg\"><h2>4. Palisaden-Park<\/h2>\n<p>Schnappen Sie sich Ihre Liebsten und machen Sie einen Spaziergang durch dieses <a href=\"https:\/\/www.santamonica.com\/de\/dinge-die-man-tun-kann\/palisadenpark\/\">26-Hektar-Park in Oceanside<\/a> mit Blick auf die Santa Monica Bay. Vielleicht m\u00f6chten Sie sogar eine Wurstplatte mitbringen und einen Snack an einem Picknicktisch genie\u00dfen, w\u00e4hrend Sie den Sonnenuntergang beobachten. Auf dem Weg gibt es auch einen Rosengarten, \u00f6ffentliche Kunst und vieles mehr zu entdecken.<\/p>\n<p>Sie brauchen eine Wegbeschreibung? Hier ist die Adresse: <a href=\"https:\/\/www.google.com\/maps\/place\/Palisades+Park\/@34.0230223,-118.5139451,17z\/data=!3m1!4b1!4m5!3m4!1s0x80c2a37ba2a581fb:0x442c2938801a9316!8m2!3d34.0230179!4d-118.5094604\" target=\"_blank\" rel=\"noopener\">Ocean Avenue<\/a>, zwischen Colorado Avenue und Adelaide Drive<\/p>\n<\/div>\n                <div class=\"image-slider__slider left\">\n                            <!-- Slider main container -->\n                <div class=\"swiper\">\n                    <!-- Additional required wrapper -->\n                    <div class=\"swiper-wrapper\">\n                        <!-- Slides -->\n                                                    <div class=\"swiper-slide\">\n                                <img decoding=\"async\" width=\"1024\" height=\"576\" src=\"https:\/\/www.santamonica.com\/wp-content\/uploads\/2022\/06\/evening-things-to-do.jpg\" class=\"swiper-slide__image\" alt=\"Abendunternehmungen\" loading=\"lazy\" srcset=\"https:\/\/www.santamonica.com\/wp-content\/uploads\/2022\/06\/evening-things-to-do.jpg 1024w, https:\/\/www.santamonica.com\/wp-content\/uploads\/2022\/06\/evening-things-to-do-300x169.jpg 300w, https:\/\/www.santamonica.com\/wp-content\/uploads\/2022\/06\/evening-things-to-do-267x150.jpg 267w, https:\/\/www.santamonica.com\/wp-content\/uploads\/2022\/06\/evening-things-to-do-768x432.jpg 768w\" sizes=\"auto, (max-width: 1024px) 100vw, 1024px\" title=\"\">                                \n\n                            <\/div>\n                                            <\/div>\n                                    <\/div>\n                    <\/div>\n    <\/div>\n<\/section>\n\n\n<section class=\"image-slider --theme1 sm-block\" >\n    <div class=\"image-slider__wrapper\">\n                    <div class=\"image-slider__copy wysiwyg\"><h2>5. Das Penthouse<\/h2>\n<p>In der 18. Etage des <a href=\"https:\/\/www.santamonica.com\/de\/hotels\/huntley-santa-monica-strand\/\" target=\"_blank\" rel=\"noopener\">Huntley Santa Monica Strand <\/a>Hotel, bietet dieser beliebte Cocktailspot einen Panoramablick bei Sonnenuntergang. Diese gehobene Oase verf\u00fcgt \u00fcber talentierte Mixologen, die Ihnen etwas Spektakul\u00e4res wie den Aperol Smash, Penthouse Sangria oder den Grapefruit Superstar servieren. Und ja, es gibt auch Mocktails. Reservieren Sie unbedingt, um sich einen Platz zu sichern.<\/p>\n<p>Sie brauchen eine Wegbeschreibung? Hier ist die Adresse: <a href=\"https:\/\/www.google.com\/maps\/place\/1111+2nd+St,+Santa+Monica,+CA+90403\/@34.0188097,-118.5031869,17z\/data=!3m1!4b1!4m5!3m4!1s0x80c2a4c42a987807:0x77789a6b5428fda4!8m2!3d34.0188053!4d-118.5009982\" target=\"_blank\" rel=\"noopener\">1111 2. Stra\u00dfe<\/a><\/p>\n<\/div>\n                <div class=\"image-slider__slider right\">\n                            <!-- Slider main container -->\n                <div class=\"swiper\">\n                    <!-- Additional required wrapper -->\n                    <div class=\"swiper-wrapper\">\n                        <!-- Slides -->\n                                                    <div class=\"swiper-slide\">\n                                <img decoding=\"async\" width=\"1024\" height=\"580\" src=\"https:\/\/www.santamonica.com\/wp-content\/uploads\/2022\/10\/Huntley-Sunset-1024x580-1.jpg\" class=\"swiper-slide__image\" alt=\"Pastellfarbener Sonnenuntergang vor den wandf\u00fcllenden Fenstern des Penthouse-Restaurants mit Blick auf den Strand von Santa Monica und die Stadt Santa Monica\" loading=\"lazy\" srcset=\"https:\/\/www.santamonica.com\/wp-content\/uploads\/2022\/10\/Huntley-Sunset-1024x580-1.jpg 1024w, https:\/\/www.santamonica.com\/wp-content\/uploads\/2022\/10\/Huntley-Sunset-1024x580-1-300x170.jpg 300w, https:\/\/www.santamonica.com\/wp-content\/uploads\/2022\/10\/Huntley-Sunset-1024x580-1-265x150.jpg 265w, https:\/\/www.santamonica.com\/wp-content\/uploads\/2022\/10\/Huntley-Sunset-1024x580-1-768x435.jpg 768w\" sizes=\"auto, (max-width: 1024px) 100vw, 1024px\" title=\"\">                                \n\n                            <\/div>\n                                            <\/div>\n                                    <\/div>\n                    <\/div>\n    <\/div>\n<\/section>\n\n\n<section class=\"travel-tips --theme7 sm-block base-block\">\n    <div class=\"travel-tips__inner\">\n        <div class=\"travel-tips__body-col\">\n                            <img decoding=\"async\" src=\"https:\/\/www.santamonica.com\/wp-content\/uploads\/2022\/06\/responsible-badge-1.svg\" alt=\"Verantwortungsvoll reisen in Santa Monica\" title=\"\">\n                                        <p class=\"travel-tips__intro\">Reisen Sie sicher und nachhaltig und tragen Sie mit diesen Tipps dazu bei, die Sch\u00f6nheit Santa Monicas zu erhalten und gleichzeitig gesund zu bleiben.<\/p>\n                    <\/div>\n        <div class=\"travel-tips__links-col\">\n                        <div class=\"travel-tips__link-row\">\n                                    <img decoding=\"async\" src=\"https:\/\/www.santamonica.com\/wp-content\/uploads\/2022\/06\/Parking-Information.svg\" alt=\"Parken in Santa Monica\" title=\"\">\n                                                    <a class=\"travel-tips__link\" href=\"https:\/\/www.santamonica.com\/de\/transport\/parkplatz\/\">\n                        Informationen zum Parken                    <\/a>\n                            <\/div>\n                        <div class=\"travel-tips__link-row\">\n                                    <img decoding=\"async\" src=\"https:\/\/www.santamonica.com\/wp-content\/uploads\/2022\/06\/What-to-Pack.svg\" alt=\"Packen f\u00fcr eine Reise nach Santa Monica\" title=\"\">\n                                                    <a class=\"travel-tips__link\" href=\"https:\/\/www.santamonica.com\/de\/santa-monica-erleben\/was-zu-packen-ist\/\">\n                        Was zu packen ist                    <\/a>\n                            <\/div>\n                        <div class=\"travel-tips__link-row\">\n                                    <img decoding=\"async\" src=\"https:\/\/www.santamonica.com\/wp-content\/uploads\/2022\/06\/Health-and-Safety.svg\" alt=\"Santa Monica Reise-Sicherheitstipps\" title=\"\">\n                                                    <a class=\"travel-tips__link\" href=\"https:\/\/www.santamonica.com\/de\/santa-monica-erleben\/sicherheit\/\">\n                        Gesundheit und Sicherheit                    <\/a>\n                            <\/div>\n                        <div class=\"travel-tips__link-row\">\n                                    <img decoding=\"async\" src=\"https:\/\/www.santamonica.com\/wp-content\/uploads\/2022\/06\/The-Essentials.svg\" alt=\"Santa Monica Reise Essentials\" title=\"\">\n                                                    <a class=\"travel-tips__link\" href=\"https:\/\/www.santamonica.com\/de\/santa-monica-erleben\/wesentliches\/\">\n                        Die Essentials                    <\/a>\n                            <\/div>\n                    <\/div>\n\n    <\/div>\n<\/section>\n\n\n<section class=\"blog-feed --theme8 sm-block\">\n    <div class=\"blog-feed__content\">\n        <div class=\"blog-feed__intro\">\n                            <div class=\"blog-feed__eyebrow eyebrow\">Blogs<\/div>                                        <h2 class=\"blog-feed__headline\">Mehr gute Laune in Santa Monica<\/h2>                                        <div class=\"blog-feed__body\"><p>Neben Sonnenunterg\u00e4ngen gibt es noch so viel mehr zu sehen. Weitere Reiseinspirationen finden Sie in unseren letzten Blogbeitr\u00e4gen.<\/p>\n<\/div>\n                                        <a class=\"blog-feed__cta\" href=\"https:\/\/www.santamonica.com\/de\/blogeintrage\/\">Alle Blogs anzeigen<\/a>\n                    <\/div>\n\n        <ul class=\"blog-feed__list\">\n                                                <li class=\"blog-feed__item\">\n                        <a href=\"https:\/\/www.santamonica.com\/de\/restaurants\/wine-craft-beer-craft-cocktails\/\" class=\"blog-feed__item-link\">\n                            <div class=\"blog-feed__image-ratio\">\n                                <img decoding=\"async\" class=\"blog-feed__image\" src=\"https:\/\/www.santamonica.com\/wp-content\/uploads\/2021\/06\/Santa-Monica-Local-Libations-Featured-400x400.jpg\" alt=\"Lokale Spirituosen in Santa Monica\" title=\"\">\n                            <\/div>\n                            <div class=\"blog-feed__card-title\">Lokale Spirituosen in Santa Monica<\/div>\n                        <\/a>\n                    <\/li>\n                                                                <li class=\"blog-feed__item\">\n                        <a href=\"https:\/\/www.santamonica.com\/de\/things-to-do\/best-hidden-gems-in-santa-monica\/\" class=\"blog-feed__item-link\">\n                            <div class=\"blog-feed__image-ratio\">\n                                <img decoding=\"async\" class=\"blog-feed__image\" src=\"https:\/\/www.santamonica.com\/wp-content\/uploads\/2019\/10\/hideen-gems-2-400x400.jpg\" alt=\"Die besten gastronomischen Perlen in Santa Monica\" title=\"\">\n                            <\/div>\n                            <div class=\"blog-feed__card-title\">Die besten gastronomischen Perlen in Santa Monica<\/div>\n                        <\/a>\n                    <\/li>\n                                                                <li class=\"blog-feed__item\">\n                        <a href=\"https:\/\/www.santamonica.com\/de\/things-to-do\/a-24-48-and-72-hour-guide-to-santa-monica\/\" class=\"blog-feed__item-link\">\n                            <div class=\"blog-feed__image-ratio\">\n                                <img decoding=\"async\" class=\"blog-feed__image\" src=\"https:\/\/www.santamonica.com\/wp-content\/uploads\/2019\/08\/feature-3-400x400.jpg\" alt=\"Ein 24-, 48- und 72-Stunden-Reisef\u00fchrer f\u00fcr Santa Monica\" title=\"\">\n                            <\/div>\n                            <div class=\"blog-feed__card-title\">Ein 24-, 48- und 72-Stunden-Reisef\u00fchrer f\u00fcr Santa Monica<\/div>\n                        <\/a>\n                    <\/li>\n                                    <\/ul>\n    <\/div>\n<\/section>","protected":false},"excerpt":{"rendered":"<p>Wir wollen nicht angeben, aber die Sonnenunterg\u00e4nge in Santa Monica sind schon etwas Besonderes. Wenn die Sonne in den Pazifischen Ozean eintaucht und die Stadt in Orange- und Rosat\u00f6ne taucht, ist das ein wahres Feuerwerk. Das ist schlichtweg spektakul\u00e4r. Und wir haben die besten Pl\u00e4tze, um sie zu beobachten.<\/p>","protected":false},"author":1450,"featured_media":367093,"parent":0,"menu_order":0,"comment_status":"closed","ping_status":"closed","template":"template-editorial.php","meta":{"_acf_changed":false,"inline_featured_image":false,"footnotes":""},"silos":[],"class_list":["post-366998","page","type-page","status-publish","has-post-thumbnail","hentry"],"acf":[],"_links":{"self":[{"href":"https:\/\/www.santamonica.com\/de\/wp-json\/wp\/v2\/pages\/366998","targetHints":{"allow":["GET"]}}],"collection":[{"href":"https:\/\/www.santamonica.com\/de\/wp-json\/wp\/v2\/pages"}],"about":[{"href":"https:\/\/www.santamonica.com\/de\/wp-json\/wp\/v2\/types\/page"}],"author":[{"embeddable":true,"href":"https:\/\/www.santamonica.com\/de\/wp-json\/wp\/v2\/users\/1450"}],"replies":[{"embeddable":true,"href":"https:\/\/www.santamonica.com\/de\/wp-json\/wp\/v2\/comments?post=366998"}],"version-history":[{"count":23,"href":"https:\/\/www.santamonica.com\/de\/wp-json\/wp\/v2\/pages\/366998\/revisions"}],"predecessor-version":[{"id":367339,"href":"https:\/\/www.santamonica.com\/de\/wp-json\/wp\/v2\/pages\/366998\/revisions\/367339"}],"wp:featuredmedia":[{"embeddable":true,"href":"https:\/\/www.santamonica.com\/de\/wp-json\/wp\/v2\/media\/367093"}],"wp:attachment":[{"href":"https:\/\/www.santamonica.com\/de\/wp-json\/wp\/v2\/media?parent=366998"}],"wp:term":[{"taxonomy":"silos","embeddable":true,"href":"https:\/\/www.santamonica.com\/de\/wp-json\/wp\/v2\/silos?post=366998"}],"curies":[{"name":"wp","href":"https:\/\/api.w.org\/{rel}","templated":true}]}}