{"id":366976,"date":"2022-10-28T17:36:31","date_gmt":"2022-10-29T00:36:31","guid":{"rendered":"https:\/\/www.santamonica.com\/?page_id=366976"},"modified":"2024-02-26T14:32:54","modified_gmt":"2024-02-26T22:32:54","slug":"herbst-winter-restaurant","status":"publish","type":"page","link":"https:\/\/www.santamonica.com\/de\/fall-winter-restaurant\/","title":{"rendered":"Herbst Landing Page - Restaurants Edition"},"content":{"rendered":"<section class=\"sun-title sm-block --theme6 sm-block\">\n            <h2 class=\"sun-title__headline\">Augie's am Main<\/h2>    \n            <div class=\"sun-title__body  wysiwyg\">\n                    <p>Es hat sich herausgestellt, dass man Michelin-Sterne-K\u00f6stlichkeiten auch in einem Fast-Casual-Restaurant finden kann. Der aus Santa Monica stammende Zwei-Sterne-Koch Josiah Citrin er\u00f6ffnete dieses Restaurant in der Main Street mit einer entspannten Atmosph\u00e4re und viel Geschmack. <a href=\"https:\/\/www.santamonica.com\/de\/restaurants\/augies-am-main\/\">Augie's am Main<\/a> ist bekannt f\u00fcr sein \u201cschmutziges Huhn\u201d - eine Abwandlung des gebratenen Jidori-H\u00fchnchens, das seinen Ruhm auf der Speisekarte des Citrin erlangte, einem weiteren von Chefs Michelin ausgezeichneten Restaurant. Mittagessen oder Abendessen von Mittwoch bis Sonntag.<\/p>\n<p>Sie brauchen eine Wegbeschreibung? Hier ist die Adresse: <a href=\"https:\/\/www.google.com\/maps\/place\/2428+Main+St,+Santa+Monica,+CA+90405\/@34.0036277,-118.4876845,17z\/data=!3m1!4b1!4m5!3m4!1s0x80c2bad4c7993b73:0x8cd8275248463290!8m2!3d34.0036233!4d-118.4854958\" target=\"_blank\" rel=\"noopener\">2428 Hauptstra\u00dfe<\/a><\/p>\n                        <\/div>\n    <\/section>\n\n\n<section class=\"image-slider --theme1 sm-block\" >\n    <div class=\"image-slider__wrapper\">\n                    <div class=\"image-slider__copy wysiwyg\"><h2>LouLou<\/h2>\n<p><span style=\"font-weight: 400;\">Franz\u00f6sisch-kalifornische K\u00fcche auf einer Dachterrasse in Santa Monica? Melden Sie uns an! <a href=\"https:\/\/www.santamonica.com\/de\/restaurants\/loulou\/\">LouLou<\/a>\u2019Die Einrichtung kombiniert franz\u00f6sisches Riviera-Feeling mit dem besten kalifornischen Flair f\u00fcr das ultimative Geschmackserlebnis. Hier gibt es Live-Musik von K\u00fcnstlern und DJs, die das Ambiente bereichern. Reservieren Sie unbedingt, um sich einen Platz in diesem neuen Hotspot in Santa Monica zu sichern.\u00a0<\/span><\/p>\n<p><span style=\"font-weight: 400;\">Sie brauchen eine Wegbeschreibung? Hier ist die Adresse: <a href=\"https:\/\/www.google.com\/maps\/place\/395+Santa+Monica+Pl+%23300,+Santa+Monica,+CA+90401\/@34.0131854,-118.4969331,17z\/data=!3m2!4b1!5s0x80c2a4d1bd58302d:0xf16df7f7236af266!4m5!3m4!1s0x80c2a4d1ae617da5:0x7380b196e4af1271!8m2!3d34.013181!4d-118.4947444\" target=\"_blank\" rel=\"noopener\">395 Santa Monica Place, #300<\/a><\/span><\/p>\n<\/div>\n                <div class=\"image-slider__slider left\">\n                            <!-- Slider main container -->\n                <div class=\"swiper\">\n                    <!-- Additional required wrapper -->\n                    <div class=\"swiper-wrapper\">\n                        <!-- Slides -->\n                                                    <div class=\"swiper-slide\">\n                                <img decoding=\"async\" width=\"1024\" height=\"576\" src=\"https:\/\/www.santamonica.com\/wp-content\/uploads\/2022\/10\/loulou.jpg\" class=\"swiper-slide__image\" alt=\"loulou\" loading=\"lazy\" srcset=\"https:\/\/www.santamonica.com\/wp-content\/uploads\/2022\/10\/loulou.jpg 1024w, https:\/\/www.santamonica.com\/wp-content\/uploads\/2022\/10\/loulou-300x169.jpg 300w, https:\/\/www.santamonica.com\/wp-content\/uploads\/2022\/10\/loulou-267x150.jpg 267w, https:\/\/www.santamonica.com\/wp-content\/uploads\/2022\/10\/loulou-768x432.jpg 768w\" sizes=\"auto, (max-width: 1024px) 100vw, 1024px\" title=\"\">                                \n\n            <a href=\"https:\/\/www.santamonica.com\/de\/restaurants\/loulou\/\" class=\"img-lctn-tag --right\">\n            <div class=\"img-lctn-tag-inside-link image-slider__image-caption right\">LouLou Dachrestaurant &amp; Lounge<\/div>\n        <\/a>\n                                <\/div>\n                                            <\/div>\n                                    <\/div>\n                    <\/div>\n    <\/div>\n<\/section>\n\n\n    <section class=\"booking-cta --theme5 sm-block\">\n    <div id=\"widget-container-2070\"><\/div>\n<script type=\"text\/javascript\">\n  (function() {\n    var script = document.createElement('script');\n    script.type = 'text\/javascript';\n    script.async = 'true';\n    script.src = \"https:\/\/admin.bookdirect.net\/hs4\/widgets\/2070.js?widget_element=widget-container-2070\";\n    document.body.appendChild(script);\n  })();\n<\/script>\n    <\/section>\n\n\n\n<section class=\"sun-title sm-block --theme6 sm-block\">\n            <h2 class=\"sun-title__headline\">Rabano<\/h2>    \n            <div class=\"sun-title__body  wysiwyg\">\n                    <p>Unter <a href=\"https:\/\/www.santamonica.com\/de\/stakeholder\/rabano\/\">Rabano<\/a>, In der Main Street wird alles mit frischen Zutaten aus der Region zubereitet, von den Produkten und dem Fleisch bis hin zu den \u00d6len und Gew\u00fcrzen - hier k\u00f6nnen Sie gut essen und sich wohlf\u00fchlen. Genie\u00dfen Sie die Sitzpl\u00e4tze im Innenbereich oder lassen Sie sich auf der Terrasse nieder, um das Geschehen auf der Main Street Santa Monica zu beobachten.<\/p>\n<p>Sie brauchen eine Wegbeschreibung? Gehen Sie zu: <a href=\"https:\/\/www.google.com\/maps\/place\/Rabano\/@34.0032357,-118.4870284,17z\/data=!3m1!4b1!4m6!3m5!1s0x80c2bb2f0db7be77:0x28ab1c79e27c2f47!8m2!3d34.0032313!4d-118.4844535!16s%2Fg%2F11y2krtkm0?entry=ttu\" target=\"_blank\" rel=\"noopener\">2507 Hauptstra\u00dfe<\/a><\/p>\n                        <\/div>\n    <\/section>\n\n\n<section class=\"image-slider --theme1 sm-block\" >\n    <div class=\"image-slider__wrapper\">\n                    <div class=\"image-slider__copy wysiwyg\"><h2><strong>Vamos. Vamos.<\/strong><\/h2>\n<p>Dies ist <em>Nacho<\/em> durchschnittliche mexikanische K\u00fcche. In der Tat, <a href=\"https:\/\/www.santamonica.com\/de\/restaurants\/vamos-vamos\/\">Vamos Vamos<\/a>\u2018Die Spezialit\u00e4t des Hauses sind Nachos und Margaritas (nach deren einzigartiger Entstehungsgeschichte Sie unbedingt fragen sollten). K\u00fcchenchef Ivan Barros bringt seine franz\u00f6sische Ausbildung und seinen italienischen Hintergrund in eine vielseitige Speisekarte mit Holzofenpizza, Spezialit\u00e4ten aus New Mexico und vielem mehr ein. Genie\u00dfen Sie t\u00e4glich von 15:00 Uhr bis Mitternacht die leckeren H\u00e4ppchen.<\/p>\n<p>Sie brauchen eine Wegbeschreibung? Hier ist die Adresse: <a href=\"https:\/\/www.google.com\/maps\/place\/2917+Main+St,+Santa+Monica,+CA+90405\/@33.9993054,-118.4849846,17z\/data=!3m1!4b1!4m5!3m4!1s0x80c2bad21dff3acd:0x9b2bacf6b80f5b41!8m2!3d33.999301!4d-118.4804999\" target=\"_blank\" rel=\"noopener\">2917 Hauptstra\u00dfe<\/a><\/p>\n<\/div>\n                <div class=\"image-slider__slider left\">\n                            <!-- Slider main container -->\n                <div class=\"swiper\">\n                    <!-- Additional required wrapper -->\n                    <div class=\"swiper-wrapper\">\n                        <!-- Slides -->\n                                                    <div class=\"swiper-slide\">\n                                <img decoding=\"async\" width=\"1024\" height=\"576\" src=\"https:\/\/www.santamonica.com\/wp-content\/uploads\/2022\/10\/vamos-vamos.jpg\" class=\"swiper-slide__image\" alt=\"vamos vamos\" loading=\"lazy\" srcset=\"https:\/\/www.santamonica.com\/wp-content\/uploads\/2022\/10\/vamos-vamos.jpg 1024w, https:\/\/www.santamonica.com\/wp-content\/uploads\/2022\/10\/vamos-vamos-300x169.jpg 300w, https:\/\/www.santamonica.com\/wp-content\/uploads\/2022\/10\/vamos-vamos-267x150.jpg 267w, https:\/\/www.santamonica.com\/wp-content\/uploads\/2022\/10\/vamos-vamos-768x432.jpg 768w\" sizes=\"auto, (max-width: 1024px) 100vw, 1024px\" title=\"\">                                \n\n            <a href=\"https:\/\/www.santamonica.com\/de\/restaurants\/vamos-vamos\/\" class=\"img-lctn-tag --right\">\n            <div class=\"img-lctn-tag-inside-link image-slider__image-caption right\">Vamos Vamos<\/div>\n        <\/a>\n                                <\/div>\n                                            <\/div>\n                                    <\/div>\n                    <\/div>\n    <\/div>\n<\/section>\n\n\n<section class=\"sun-title sm-block --theme6 sm-block\">\n            <h2 class=\"sun-title__headline\">Deine Mutter<\/h2>    \n            <div class=\"sun-title__body  wysiwyg\">\n                    <p>Nehmen Sie einen Flug nach Santa Monica und genie\u00dfen Sie dann eine Reihe von Margaritas im <a href=\"https:\/\/www.santamonica.com\/de\/restaurants\/tu-madre\/\">Deine Mutter<\/a>, an der Ecke 6th und Broadway. Die Margarita-Fl\u00fcge werden mit einem Feuerwerksk\u00f6rper und floralen Accessoires geliefert. Halten Sie also unbedingt Ihre Kamera bereit, wenn Sie bestellen, denn Sie werden sie teilen wollen. Und nat\u00fcrlich passt der Tequila wunderbar zu den unverwechselbaren Churros aus rotem Samt, den einzigartigen Tacos, darunter auch vegane und vegetarische Varianten, oder dem ganzt\u00e4gigen Fr\u00fchst\u00fccksburrito.<\/p>\n<p>Sie brauchen eine Wegbeschreibung? Hier ist die Adresse: <a href=\"https:\/\/www.google.com\/maps\/place\/316+Santa+Monica+Blvd,+Santa+Monica,+CA+90401\/@34.0158559,-118.49772,17z\/data=!3m1!4b1!4m5!3m4!1s0x80c2a4cfce8959d3:0x4b9d8d1cf32b893c!8m2!3d34.0158515!4d-118.4955313\" target=\"_blank\" rel=\"noopener\">316 Santa Monica Boulevard<\/a><\/p>\n                        <\/div>\n    <\/section>\n\n\n<section class=\"travel-tips --theme7 sm-block base-block\">\n    <div class=\"travel-tips__inner\">\n        <div class=\"travel-tips__body-col\">\n                            <img decoding=\"async\" src=\"https:\/\/www.santamonica.com\/wp-content\/uploads\/2022\/06\/responsible-badge-1.svg\" alt=\"Verantwortungsvoll reisen in Santa Monica\" title=\"\">\n                                        <p class=\"travel-tips__intro\">Reisen Sie sicher und nachhaltig und tragen Sie mit diesen Tipps dazu bei, die Sch\u00f6nheit Santa Monicas zu erhalten und gleichzeitig gesund zu bleiben.<\/p>\n                    <\/div>\n        <div class=\"travel-tips__links-col\">\n                        <div class=\"travel-tips__link-row\">\n                                    <img decoding=\"async\" src=\"https:\/\/www.santamonica.com\/wp-content\/uploads\/2022\/06\/Parking-Information.svg\" alt=\"Parken in Santa Monica\" title=\"\">\n                                                    <a class=\"travel-tips__link\" href=\"https:\/\/www.santamonica.com\/de\/transport\/parkplatz\/\">\n                        Informationen zum Parken                    <\/a>\n                            <\/div>\n                        <div class=\"travel-tips__link-row\">\n                                    <img decoding=\"async\" src=\"https:\/\/www.santamonica.com\/wp-content\/uploads\/2022\/06\/What-to-Pack.svg\" alt=\"Packen f\u00fcr eine Reise nach Santa Monica\" title=\"\">\n                                                    <a class=\"travel-tips__link\" href=\"https:\/\/www.santamonica.com\/de\/santa-monica-erleben\/was-zu-packen-ist\/\">\n                        Was zu packen ist                    <\/a>\n                            <\/div>\n                        <div class=\"travel-tips__link-row\">\n                                    <img decoding=\"async\" src=\"https:\/\/www.santamonica.com\/wp-content\/uploads\/2022\/06\/Health-and-Safety.svg\" alt=\"Santa Monica Reise-Sicherheitstipps\" title=\"\">\n                                                    <a class=\"travel-tips__link\" href=\"https:\/\/www.santamonica.com\/de\/santa-monica-erleben\/sicherheit\/\">\n                        Gesundheit und Sicherheit                    <\/a>\n                            <\/div>\n                        <div class=\"travel-tips__link-row\">\n                                    <img decoding=\"async\" src=\"https:\/\/www.santamonica.com\/wp-content\/uploads\/2022\/06\/The-Essentials.svg\" alt=\"Santa Monica Reise Essentials\" title=\"\">\n                                                    <a class=\"travel-tips__link\" href=\"https:\/\/www.santamonica.com\/de\/santa-monica-erleben\/wesentliches\/\">\n                        Die Essentials                    <\/a>\n                            <\/div>\n                    <\/div>\n\n    <\/div>\n<\/section>\n\n\n<section class=\"blog-feed --theme8 sm-block\">\n    <div class=\"blog-feed__content\">\n        <div class=\"blog-feed__intro\">\n                            <div class=\"blog-feed__eyebrow eyebrow\">Blogs<\/div>                                        <h2 class=\"blog-feed__headline\">Mehr gute Laune in Santa Monica<\/h2>                                        <div class=\"blog-feed__body\"><p>Nachdem Sie sich satt gegessen haben, k\u00f6nnen Sie den Pier, die Promenade, die Musik und andere Unterhaltungsm\u00f6glichkeiten in der Stadt erkunden. Weitere Reiseinspirationen finden Sie in unseren letzten Blogbeitr\u00e4gen.<\/p>\n<\/div>\n                                        <a class=\"blog-feed__cta\" href=\"https:\/\/www.santamonica.com\/de\/blogeintrage\/\">Alle Blogs anzeigen<\/a>\n                    <\/div>\n\n        <ul class=\"blog-feed__list\">\n                                                <li class=\"blog-feed__item\">\n                        <a href=\"https:\/\/www.santamonica.com\/de\/restaurants\/allergy-friendly-dining-options-in-santa-monica\/\" class=\"blog-feed__item-link\">\n                            <div class=\"blog-feed__image-ratio\">\n                                <img decoding=\"async\" class=\"blog-feed__image\" src=\"https:\/\/www.santamonica.com\/wp-content\/uploads\/2021\/04\/FlowerchildBowl_Featured-400x400.jpg\" alt=\"Allergikerfreundliche Essensm\u00f6glichkeiten in Santa Monica\" title=\"\">\n                            <\/div>\n                            <div class=\"blog-feed__card-title\">Allergikerfreundliche Essensm\u00f6glichkeiten in Santa Monica<\/div>\n                        <\/a>\n                    <\/li>\n                                                                <li class=\"blog-feed__item\">\n                        <a href=\"https:\/\/www.santamonica.com\/de\/restaurants\/a-guide-to-santa-monicas-hotel-bars\/\" class=\"blog-feed__item-link\">\n                            <div class=\"blog-feed__image-ratio\">\n                                <img decoding=\"async\" class=\"blog-feed__image\" src=\"https:\/\/www.santamonica.com\/wp-content\/uploads\/2019\/07\/desktop-1-e1563912356679-400x400.jpg\" alt=\"Ein F\u00fchrer zu Santa Monicas Hotelbars\" title=\"\">\n                            <\/div>\n                            <div class=\"blog-feed__card-title\">Ein F\u00fchrer zu Santa Monicas Hotelbars<\/div>\n                        <\/a>\n                    <\/li>\n                                                                <li class=\"blog-feed__item\">\n                        <a href=\"https:\/\/www.santamonica.com\/de\/restaurants\/ice-cream-santa-monica\/\" class=\"blog-feed__item-link\">\n                            <div class=\"blog-feed__image-ratio\">\n                                <img decoding=\"async\" class=\"blog-feed__image\" src=\"https:\/\/www.santamonica.com\/wp-content\/uploads\/2017\/06\/Cream-Scene-Featured-Image-1-400x400.jpg\" alt=\"Eiscreme-Szene\" title=\"\">\n                            <\/div>\n                            <div class=\"blog-feed__card-title\">Eiscreme-Szene<\/div>\n                        <\/a>\n                    <\/li>\n                                    <\/ul>\n    <\/div>\n<\/section>","protected":false},"excerpt":{"rendered":"<p>Die Restaurantszene in Santa Monica w\u00e4chst und entwickelt sich jedes Jahr weiter, und vor kurzem haben wir einige neue Geschmacksrichtungen auf der Speisekarte begr\u00fc\u00dft. Entdecken Sie diese neuen Lokale und probieren Sie einige der alten Klassiker in unserem Restaurantf\u00fchrer aus.<\/p>","protected":false},"author":1450,"featured_media":366991,"parent":0,"menu_order":0,"comment_status":"closed","ping_status":"closed","template":"template-editorial.php","meta":{"_acf_changed":false,"inline_featured_image":false,"footnotes":""},"silos":[],"class_list":["post-366976","page","type-page","status-publish","has-post-thumbnail","hentry"],"acf":[],"_links":{"self":[{"href":"https:\/\/www.santamonica.com\/de\/wp-json\/wp\/v2\/pages\/366976","targetHints":{"allow":["GET"]}}],"collection":[{"href":"https:\/\/www.santamonica.com\/de\/wp-json\/wp\/v2\/pages"}],"about":[{"href":"https:\/\/www.santamonica.com\/de\/wp-json\/wp\/v2\/types\/page"}],"author":[{"embeddable":true,"href":"https:\/\/www.santamonica.com\/de\/wp-json\/wp\/v2\/users\/1450"}],"replies":[{"embeddable":true,"href":"https:\/\/www.santamonica.com\/de\/wp-json\/wp\/v2\/comments?post=366976"}],"version-history":[{"count":46,"href":"https:\/\/www.santamonica.com\/de\/wp-json\/wp\/v2\/pages\/366976\/revisions"}],"predecessor-version":[{"id":403898,"href":"https:\/\/www.santamonica.com\/de\/wp-json\/wp\/v2\/pages\/366976\/revisions\/403898"}],"wp:featuredmedia":[{"embeddable":true,"href":"https:\/\/www.santamonica.com\/de\/wp-json\/wp\/v2\/media\/366991"}],"wp:attachment":[{"href":"https:\/\/www.santamonica.com\/de\/wp-json\/wp\/v2\/media?parent=366976"}],"wp:term":[{"taxonomy":"silos","embeddable":true,"href":"https:\/\/www.santamonica.com\/de\/wp-json\/wp\/v2\/silos?post=366976"}],"curies":[{"name":"wp","href":"https:\/\/api.w.org\/{rel}","templated":true}]}}