{"id":365000,"date":"2022-10-13T17:06:30","date_gmt":"2022-10-14T00:06:30","guid":{"rendered":"https:\/\/www.santamonica.com\/?page_id=365000"},"modified":"2025-10-22T11:09:36","modified_gmt":"2025-10-22T18:09:36","slug":"weinlokale","status":"publish","type":"page","link":"https:\/\/www.santamonica.com\/de\/nightlife\/guide-to-santa-monica-bars\/wine-bars\/","title":{"rendered":"Weinstuben"},"content":{"rendered":"<section class=\"sun-title sm-block --theme6 sm-block\">\n            <h2 class=\"sun-title__headline\">Unverzichtbare Weinbars in Santa Monica<\/h2>    \n            <div class=\"sun-title__body  wysiwyg\">\n                    <p><span style=\"font-weight: 400;\">Egal, ob Sie ein ruhiges Pl\u00e4tzchen suchen, um ein Glas Rotwein zu genie\u00dfen, oder ob Sie die gesch\u00e4ftige Energie einer belebten Bar bevorzugen, wir haben das Richtige f\u00fcr Sie. Hier sind einige lokale Favoriten:<\/span><\/p>\n<h3>Wally's Wein<\/h3>\n<p><strong><a href=\"https:\/\/www.santamonica.com\/de\/restaurants\/wallys-santa-monica\/\">Wally's Santa Monica<\/a><\/strong><span style=\"font-weight: 400;\"> bietet eine gehobene und doch zwanglose Atmosph\u00e4re, die gut zu einem Polo und Pinot oder einem Anzug und Sauvignon passt. Wally's Wine bietet ein einzigartiges Hybrid-Konzept aus Restaurant und Shopping-Erlebnis. Entdecken Sie die verlockende Speisekarte von Wally's Wine und probieren Sie einen der \u00fcber 100 Weine im Glas oder kaufen Sie an der Gourmet-Theke erstklassige Wurstwaren, K\u00e4se und handgefertigte Pralinen. Entspannen Sie sich und schl\u00fcrfen Sie alleine, oder bringen Sie Ihre Freunde mit und reservieren Sie den von einer Weinh\u00f6hle inspirierten privaten Veranstaltungsraum f\u00fcr ein unvergessliches Erlebnis. Ganz gleich, ob Sie nach einem legeren Cocktail am Nachmittag oder einem gehobenen Dinner am Abend suchen, bei Wally's sind Sie richtig.<\/span><\/p>\n                        <\/div>\n    <\/section>\n\n\n<section class=\"image-slider --theme1 sm-block\" >\n    <div class=\"image-slider__wrapper\">\n                    <div class=\"image-slider__copy wysiwyg\"><p><span style=\"font-weight: 400;\">Das Esters liegt nur acht Gehminuten vom Santa Monica Farmers Market entfernt. Chefk\u00f6chin Sheyna McCallister nutzt die nahe gelegenen lokalen Produkte, um eine Vielzahl von Snacks und perfekt komponierten Gerichten zum Mittagessen, zur Happy Hour, zum Abendessen und zum Wochenendbrunch zu kreieren - die alle wunderbar mit der Weinbibliothek harmonieren, in der kleinere, planetenfreundliche Produzenten vertreten sind. Die Lavendelmandeln und die ger\u00e4ucherten Datteln sollte man sich nicht entgehen lassen! Au\u00dferdem gibt es keinen besseren Ort als die Au\u00dfenterrasse, um den Sonnenuntergang zu beobachten. Genie\u00dfen Sie<\/span>\u00a0<a href=\"https:\/\/www.santamonica.com\/de\/restaurants\/brunch\/\"><span style=\"font-weight: 400;\"><strong>Brunch<\/strong><\/span><\/a><span style=\"font-weight: 400;\"> am Samstag und Sonntag, oder <\/span><strong><a href=\"https:\/\/www.santamonica.com\/de\/restaurants\/happy-hour\/\">Happy Hour<\/a><\/strong><span style=\"font-weight: 400;\"> t\u00e4glich am Nachmittag.<\/span><\/p>\n<\/div>\n                <div class=\"image-slider__slider right\">\n                            <!-- Slider main container -->\n                <div class=\"swiper\">\n                    <!-- Additional required wrapper -->\n                    <div class=\"swiper-wrapper\">\n                        <!-- Slides -->\n                                                    <div class=\"swiper-slide\">\n                                <img decoding=\"async\" width=\"1024\" height=\"576\" src=\"https:\/\/www.santamonica.com\/wp-content\/uploads\/2022\/09\/wine-bars-in-santa-monica.jpg\" class=\"swiper-slide__image\" alt=\"weinbars in santa monica\" loading=\"lazy\" srcset=\"https:\/\/www.santamonica.com\/wp-content\/uploads\/2022\/09\/wine-bars-in-santa-monica.jpg 1024w, https:\/\/www.santamonica.com\/wp-content\/uploads\/2022\/09\/wine-bars-in-santa-monica-300x169.jpg 300w, https:\/\/www.santamonica.com\/wp-content\/uploads\/2022\/09\/wine-bars-in-santa-monica-267x150.jpg 267w, https:\/\/www.santamonica.com\/wp-content\/uploads\/2022\/09\/wine-bars-in-santa-monica-768x432.jpg 768w\" sizes=\"auto, (max-width: 1024px) 100vw, 1024px\" title=\"\">                                \n\n            <a href=\"https:\/\/www.santamonica.com\/de\/restaurants\/ester-weinhandlung-bar\/\"  class=\"img-lctn-tag --right\">\n            <div class=\"img-lctn-tag-inside-link image-slider__image-caption right\">Esters Weinhandlung &amp; Bar<\/div>\n        <\/a>\n                                <\/div>\n                                            <\/div>\n                                    <\/div>\n                    <\/div>\n    <\/div>\n<\/section>\n\n\n<section class=\"sun-title sm-block --theme6 sm-block\">\n            <h3 class=\"sun-title__headline\">Bodega Weinbar<\/h3>    \n            <div class=\"sun-title__body  wysiwyg\">\n                    <p><strong><a href=\"https:\/\/www.santamonica.com\/de\/restaurant\/bodega-weinbar\/\">Bodega Weinbar<\/a><\/strong><span style=\"font-weight: 400;\"> bietet den Einwohnern von Santa Monica eine gem\u00fctliche und entspannte Atmosph\u00e4re. Die Weinkarte bietet \u00fcber 60 Weine im Glas und Hunderte weitere in der Flasche, darunter Rot- und Wei\u00dfweine und sogar Sake. Die sorgf\u00e4ltig zusammengestellte Speisekarte von Bodega umfasst auch Wurst- und K\u00e4seplatten von lokalen Erzeugern sowie andere kleine Gerichte, Sandwiches, Burger und Salate, die sowohl drinnen als auch drau\u00dfen serviert werden k\u00f6nnen. Bodega serviert samstags und sonntags von 9 bis 15 Uhr Brunch und bietet mittwochs Wein an, bei dem die G\u00e4ste von 15 Uhr bis zum Ladenschluss $25 Flaschen Wein genie\u00dfen k\u00f6nnen.<\/span><\/p>\n                        <\/div>\n    <\/section>\n\n\n<section class=\"sun-title sm-block --theme6 sm-block\">\n            <h3 class=\"sun-title__headline\">Sogno Toscano Cafe &amp; Weinbar<\/h3>    \n            <div class=\"sun-title__body  wysiwyg\">\n                    <p class=\"p1\"><span class=\"s1\">Schritt in\u00a0<a href=\"https:\/\/www.santamonica.com\/de\/restaurants\/sogno-toscano\/\"><span class=\"s2\"><b>Sogno<\/b><\/span><span class=\"s3\"><b> Toscano Cafe &amp; Weinbar<\/b><\/span><\/a>\u00a0und begeben Sie sich in diesem bezaubernden Restaurant mit elegantem Innenhof auf eine Reise nach Italien. Das Restaurant ist bekannt f\u00fcr seine einladende Atmosph\u00e4re und die echte toskanische K\u00fcche. Genie\u00dfen Sie eine reizvolle Auswahl an zeitlosen italienischen K\u00f6stlichkeiten, die aus den besten und frischesten Zutaten zubereitet werden. Genie\u00dfen Sie Pizzen aus dem Holzofen, eine verlockende Auswahl an Antipasti und dekadente Desserts. Entspannen Sie sich bei einem Glas Wein in der gem\u00fctlichen Atmosph\u00e4re des Innenhofs.<\/span><\/p>\n                        <\/div>\n    <\/section>\n\n\n<section class=\"image-slider --theme1 sm-block\" >\n    <div class=\"image-slider__wrapper\">\n                    <div class=\"image-slider__copy wysiwyg\"><p><span style=\"font-weight: 400;\">Sogno Toscano Cafe &amp; Wine Bar sind von Sonntag bis Dienstag t\u00e4glich von 8:00 bis 21:00 Uhr und von Mittwoch bis Samstag von 8:00 bis 22:00 Uhr ge\u00f6ffnet, so dass Sie immer Zeit haben, vor der Arbeit oder zum Abendessen vorbeizukommen!<\/span><\/p>\n<\/div>\n                <div class=\"image-slider__slider left\">\n                            <!-- Slider main container -->\n                <div class=\"swiper js-image-slider\">\n                    <!-- Additional required wrapper -->\n                    <div class=\"swiper-wrapper\">\n                        <!-- Slides -->\n                                                    <div class=\"swiper-slide\">\n                                <img decoding=\"async\" width=\"1024\" height=\"580\" src=\"https:\/\/www.santamonica.com\/wp-content\/uploads\/2024\/01\/Sogno-Toscano-Interior-Santa-Monica-2024.jpg\" class=\"swiper-slide__image\" alt=\"Sogno Toscano Cafe &amp; Weinbar Interieur\" loading=\"lazy\" srcset=\"https:\/\/www.santamonica.com\/wp-content\/uploads\/2024\/01\/Sogno-Toscano-Interior-Santa-Monica-2024.jpg 1024w, https:\/\/www.santamonica.com\/wp-content\/uploads\/2024\/01\/Sogno-Toscano-Interior-Santa-Monica-2024-300x170.jpg 300w, https:\/\/www.santamonica.com\/wp-content\/uploads\/2024\/01\/Sogno-Toscano-Interior-Santa-Monica-2024-265x150.jpg 265w, https:\/\/www.santamonica.com\/wp-content\/uploads\/2024\/01\/Sogno-Toscano-Interior-Santa-Monica-2024-768x435.jpg 768w\" sizes=\"auto, (max-width: 1024px) 100vw, 1024px\" title=\"\">                                \n\n            <div class=\"img-lctn-tag --no-link image-slider__image-caption --right\">Sogno Toscano Cafe &amp; Weinbar<\/div>\n                                <\/div>\n                                                    <div class=\"swiper-slide\">\n                                <img decoding=\"async\" width=\"1024\" height=\"580\" src=\"https:\/\/www.santamonica.com\/wp-content\/uploads\/2024\/01\/Sogno-Toscano-Exterior-Santa-Monica-2024.jpg\" class=\"swiper-slide__image\" alt=\"Sogno Toscano Cafe &amp; Weinbar Innenhof\" loading=\"lazy\" srcset=\"https:\/\/www.santamonica.com\/wp-content\/uploads\/2024\/01\/Sogno-Toscano-Exterior-Santa-Monica-2024.jpg 1024w, https:\/\/www.santamonica.com\/wp-content\/uploads\/2024\/01\/Sogno-Toscano-Exterior-Santa-Monica-2024-300x170.jpg 300w, https:\/\/www.santamonica.com\/wp-content\/uploads\/2024\/01\/Sogno-Toscano-Exterior-Santa-Monica-2024-265x150.jpg 265w, https:\/\/www.santamonica.com\/wp-content\/uploads\/2024\/01\/Sogno-Toscano-Exterior-Santa-Monica-2024-768x435.jpg 768w\" sizes=\"auto, (max-width: 1024px) 100vw, 1024px\" title=\"\">                                \n\n            <div class=\"img-lctn-tag --no-link image-slider__image-caption --right\">Sogno Toscano Cafe &amp; Weinbar<\/div>\n                                <\/div>\n                                                    <div class=\"swiper-slide\">\n                                <img decoding=\"async\" width=\"1024\" height=\"580\" src=\"https:\/\/www.santamonica.com\/wp-content\/uploads\/2024\/01\/Sogno-Tosacno-Food-Santa-Monica-2024.jpg\" class=\"swiper-slide__image\" alt=\"Bild von Tellern mit Lebensmitteln\" loading=\"lazy\" srcset=\"https:\/\/www.santamonica.com\/wp-content\/uploads\/2024\/01\/Sogno-Tosacno-Food-Santa-Monica-2024.jpg 1024w, https:\/\/www.santamonica.com\/wp-content\/uploads\/2024\/01\/Sogno-Tosacno-Food-Santa-Monica-2024-300x170.jpg 300w, https:\/\/www.santamonica.com\/wp-content\/uploads\/2024\/01\/Sogno-Tosacno-Food-Santa-Monica-2024-265x150.jpg 265w, https:\/\/www.santamonica.com\/wp-content\/uploads\/2024\/01\/Sogno-Tosacno-Food-Santa-Monica-2024-768x435.jpg 768w\" sizes=\"auto, (max-width: 1024px) 100vw, 1024px\" title=\"\">                                \n\n            <div class=\"img-lctn-tag --no-link image-slider__image-caption --right\">Sogno Toscano Cafe &amp; Weinbar<\/div>\n                                <\/div>\n                                            <\/div>\n                                            <div class=\"image-slider__swiper-controls-wrapper-relocator\">\n                            <div class=\"image-slider__swiper-controls-wrapper\">\n                                <div class=\"swiper-pagination\"><\/div>\n                                <div class=\"swiper-button-prev-custom\">\n                                    <div class=\"arrow-button-left\"><\/div>\n                                <\/div>\n                                <div class=\"swiper-button-next-custom\">\n                                    <div class=\"arrow-button-right\"><\/div>\n                                <\/div>\n                            <\/div>\n                        <\/div>\n                                    <\/div>\n                    <\/div>\n    <\/div>\n<\/section>\n\n\n\n<section class=\"two-images container-max sm-block --flip sm-block\">\n    <div class=\"two-images__container --flip\">\n\n        <div class=\"two-images__column\">\n            <div class=\"two-images__content\">\n                <div class=\"two-images__content-header-container\">\n                                            <h3 class=\"two-images__content-header\">Lokale K\u00fcche &amp; Weinbar<\/h3>                                    <\/div>\n                                    <div class=\"two-images__content-body wysiwyg\">\n                        <p><strong><a href=\"https:\/\/www.santamonica.com\/de\/restaurant\/lokale-kuche-weinbar\/\">Lokale K\u00fcche &amp; Weinbar<\/a><\/strong><span style=\"font-weight: 400;\"> hat tiefe Wurzeln in Santa Monica. Die Besitzer leben seit drei Generationen in der Gegend und unterst\u00fctzen die nahegelegenen Bauernh\u00f6fe und Erzeuger durch die Beschaffung lokaler Zutaten. Local Kitchen &amp; Wine Bar bietet ein zwangloses Esserlebnis mit Terrasse in Santa Monica, das kleine saisonale Gerichte und handgemachte neapolitanische Pizza mit au\u00dfergew\u00f6hnlichen Weinen und Cocktails in kleinen Mengen kombiniert. Eine Spezialit\u00e4t ist ihr Orangenwein aus dem Anderson Valley.<\/span><\/p>\n                    <\/div>\n                                            <\/div>\n        <\/div>\n\n        <div class=\"two-images__column\">\n                            <div class=\"two-images__image-container\">\n                    <img decoding=\"async\" width=\"425\" height=\"505\" src=\"https:\/\/www.santamonica.com\/wp-content\/uploads\/2022\/09\/local-wine-bar.jpg\" class=\"two-images__image\" alt=\"lokale Weinbar\" loading=\"lazy\" srcset=\"https:\/\/www.santamonica.com\/wp-content\/uploads\/2022\/09\/local-wine-bar.jpg 425w, https:\/\/www.santamonica.com\/wp-content\/uploads\/2022\/09\/local-wine-bar-252x300.jpg 252w, https:\/\/www.santamonica.com\/wp-content\/uploads\/2022\/09\/local-wine-bar-126x150.jpg 126w\" sizes=\"auto, (max-width: 425px) 100vw, 425px\" title=\"\">                    \n\n                <\/div>\n                    <\/div>\n\n        <div class=\"two-images__column\">\n                            <div class=\"two-images__image-container\">\n                    <img decoding=\"async\" width=\"600\" height=\"565\" src=\"https:\/\/www.santamonica.com\/wp-content\/uploads\/2022\/09\/santa-monica-wine-bar.jpg\" class=\"two-images__image\" alt=\"santa monica weinbar\" loading=\"lazy\" srcset=\"https:\/\/www.santamonica.com\/wp-content\/uploads\/2022\/09\/santa-monica-wine-bar.jpg 600w, https:\/\/www.santamonica.com\/wp-content\/uploads\/2022\/09\/santa-monica-wine-bar-300x283.jpg 300w, https:\/\/www.santamonica.com\/wp-content\/uploads\/2022\/09\/santa-monica-wine-bar-159x150.jpg 159w\" sizes=\"auto, (max-width: 600px) 100vw, 600px\" title=\"\">                    \n\n            <a href=\"https:\/\/www.santamonica.com\/de\/restaurants\/lokale-kuche-weinbar\/\"  class=\"img-lctn-tag --right\">\n            <div class=\"img-lctn-tag-inside-link two-images__image-caption right\">Lokale K\u00fcche &amp; Weinbar<\/div>\n        <\/a>\n                    <\/div>\n                    <\/div>\n\n    <\/div>\n<\/section>\n\n\n\n<p class=\"base-block\">Keine Reise nach Santa Monica ist vollst\u00e4ndig, ohne in einer dieser Weinbars und Happy Hours vorbeizuschauen Die am Strand gelegene Stadt Santa Monica hat sich einen guten Ruf f\u00fcr ihre <a href=\"https:\/\/www.santamonica.com\/de\/santa-monica-restaurants\/santa-monica-happy-hour\/\"><strong>Happy Hour<\/strong><\/a> mit einer F\u00fclle von gem\u00fctlichen Lokalen, in denen man guten Wein und gutes Essen genie\u00dfen kann.<\/p>\n\n\n<section class=\"blog-feed --theme8 sm-block\">\n    <div class=\"blog-feed__content\">\n        <div class=\"blog-feed__intro\">\n                            <div class=\"blog-feed__eyebrow eyebrow\">Blogs<\/div>                                        <h2 class=\"blog-feed__headline\">Santa Monica entdecken<\/h2>                                        <div class=\"blog-feed__body\"><p>Entdecken Sie Reiserouten, lokale Tipps, Hot Spots und ausgew\u00e4hlte Abenteuer, damit Sie das Beste aus Ihrem Aufenthalt in Santa Monica machen k\u00f6nnen.<\/p>\n<\/div>\n                                        <a class=\"blog-feed__cta\" href=\"https:\/\/www.santamonica.com\/de\/blogeintrage\/\">Alle Blogs anzeigen<\/a>\n                    <\/div>\n\n        <ul class=\"blog-feed__list\">\n                                                <li class=\"blog-feed__item\">\n                        <a href=\"https:\/\/www.santamonica.com\/de\/things-to-do\/coastal-chronicles-the-history-of-santa-monicas-libraries\/\" class=\"blog-feed__item-link\">\n                            <div class=\"blog-feed__image-ratio\">\n                                <img decoding=\"async\" class=\"blog-feed__image\" src=\"https:\/\/www.santamonica.com\/wp-content\/uploads\/2024\/04\/Untitled-design-34-400x400.jpg\" alt=\"Chroniken der K\u00fcste: Die Geschichte der Bibliotheken von Santa Monica\" title=\"\">\n                            <\/div>\n                            <div class=\"blog-feed__card-title\">Chroniken der K\u00fcste: Die Geschichte der Bibliotheken von Santa Monica<\/div>\n                        <\/a>\n                    <\/li>\n                                                                <li class=\"blog-feed__item\">\n                        <a href=\"https:\/\/www.santamonica.com\/de\/things-to-do\/sweets-for-your-sweet-desserts-to-celebrate-valentines-day\/\" class=\"blog-feed__item-link\">\n                            <div class=\"blog-feed__image-ratio\">\n                                <img decoding=\"async\" class=\"blog-feed__image\" src=\"https:\/\/www.santamonica.com\/wp-content\/uploads\/2024\/01\/Couple-Drinking-600x564-2-400x400.jpg\" alt=\"S\u00fc\u00dfes f\u00fcr Ihre Liebsten: Desserts zum Valentinstag\" title=\"\">\n                            <\/div>\n                            <div class=\"blog-feed__card-title\">S\u00fc\u00dfes f\u00fcr Ihre Liebsten: Desserts zum Valentinstag<\/div>\n                        <\/a>\n                    <\/li>\n                                                                <li class=\"blog-feed__item\">\n                        <a href=\"https:\/\/www.santamonica.com\/de\/restaurants\/santa-monica-coffee-shops\/\" class=\"blog-feed__item-link\">\n                            <div class=\"blog-feed__image-ratio\">\n                                <img decoding=\"async\" class=\"blog-feed__image\" src=\"https:\/\/www.santamonica.com\/wp-content\/uploads\/2023\/10\/best-santa-monica-coffee-shops-400x400.jpg\" alt=\"Die 11 besten Caf\u00e9s und Teeh\u00e4user in Santa Monica\" title=\"\">\n                            <\/div>\n                            <div class=\"blog-feed__card-title\">Die 11 besten Caf\u00e9s und Teeh\u00e4user in Santa Monica<\/div>\n                        <\/a>\n                    <\/li>\n                                    <\/ul>\n    <\/div>\n<\/section>","protected":false},"excerpt":{"rendered":"<p>No trip to Santa Monica is complete without stopping by at some of these local wine bars and happy hours.The beach-side city of Santa Monica has built a reputation for [&hellip;]<\/p>\n","protected":false},"author":1450,"featured_media":365024,"parent":0,"menu_order":0,"comment_status":"closed","ping_status":"closed","template":"template-editorial.php","meta":{"_acf_changed":false,"inline_featured_image":false,"footnotes":""},"silos":[3931,3895],"class_list":["post-365000","page","type-page","status-publish","has-post-thumbnail","hentry"],"acf":[],"_links":{"self":[{"href":"https:\/\/www.santamonica.com\/de\/wp-json\/wp\/v2\/pages\/365000","targetHints":{"allow":["GET"]}}],"collection":[{"href":"https:\/\/www.santamonica.com\/de\/wp-json\/wp\/v2\/pages"}],"about":[{"href":"https:\/\/www.santamonica.com\/de\/wp-json\/wp\/v2\/types\/page"}],"author":[{"embeddable":true,"href":"https:\/\/www.santamonica.com\/de\/wp-json\/wp\/v2\/users\/1450"}],"replies":[{"embeddable":true,"href":"https:\/\/www.santamonica.com\/de\/wp-json\/wp\/v2\/comments?post=365000"}],"version-history":[{"count":65,"href":"https:\/\/www.santamonica.com\/de\/wp-json\/wp\/v2\/pages\/365000\/revisions"}],"predecessor-version":[{"id":774973,"href":"https:\/\/www.santamonica.com\/de\/wp-json\/wp\/v2\/pages\/365000\/revisions\/774973"}],"wp:featuredmedia":[{"embeddable":true,"href":"https:\/\/www.santamonica.com\/de\/wp-json\/wp\/v2\/media\/365024"}],"wp:attachment":[{"href":"https:\/\/www.santamonica.com\/de\/wp-json\/wp\/v2\/media?parent=365000"}],"wp:term":[{"taxonomy":"silos","embeddable":true,"href":"https:\/\/www.santamonica.com\/de\/wp-json\/wp\/v2\/silos?post=365000"}],"curies":[{"name":"wp","href":"https:\/\/api.w.org\/{rel}","templated":true}]}}