{"id":361288,"date":"2022-09-01T16:38:33","date_gmt":"2022-09-01T23:38:33","guid":{"rendered":"https:\/\/www.santamonica.com\/?page_id=361288"},"modified":"2026-01-09T08:07:04","modified_gmt":"2026-01-09T16:07:04","slug":"afm-formular","status":"publish","type":"page","link":"https:\/\/www.santamonica.com\/de\/afm-form\/","title":{"rendered":"AFM-Spezialit\u00e4ten-Formular"},"content":{"rendered":"<div class=\"wp-block-columns is-layout-flex wp-container-core-columns-is-layout-28f84493 wp-block-columns-is-layout-flex base-block\">\n<div class=\"wp-block-column is-layout-flow wp-block-column-is-layout-flow base-block\">\n<h3 class=\"wp-block-heading base-block\">Arten von Sonderangeboten, die zu ber\u00fccksichtigen sind:<\/h3>\n\n\n\n<ul class=\"wp-block-list base-block\">\n<li class=\"base-block\">Prozentualer Nachlass auf den gesamten Einkauf\/die gesamte Mahlzeit (die angegebenen Prozents\u00e4tze variieren zwischen 5%-20%)&nbsp;<\/li>\n\n\n\n<li class=\"base-block\">Dollar-Rabatt auf den gesamten Einkauf\/das gesamte Essen (die angegebenen Werte liegen zwischen $5-$20)&nbsp;<\/li>\n\n\n\n<li class=\"base-block\">Gratisartikel (z.B. Gratis-Vorspeise beim Kauf eines Hauptgerichts, Gratis-Geschenk beim Kauf von $50 oder mehr, usw.)<\/li>\n\n\n\n<li class=\"base-block\">Besonderer Service (z. B. garantierter Sitzplatz in 15 Minuten f\u00fcr AFM-Teilnehmer, individuelles AFM-Prix-Fixe-Men\u00fc, usw.)<\/li>\n<\/ul>\n\n\n\n<p class=\"base-block\">*Bitte beachten Sie, dass aufgrund von AFM-Vertr\u00e4gen mit Hotels die Angebote f\u00fcr Hotelzimmer nicht f\u00fcr diese Aktion in Frage kommen.<\/p>\n<\/div>\n\n\n\n<div class=\"wp-block-column is-layout-flow wp-block-column-is-layout-flow base-block\">\n<h3 class=\"wp-block-heading base-block\">Was bringt Ihnen die Teilnahme?<\/h3>\n\n\n\n<ul class=\"wp-block-list base-block\">\n<li class=\"base-block\">Kostenlose Aufnahme in&nbsp;<a href=\"https:\/\/www.santamonica.com\/de\/afm\/\" target=\"_blank\" rel=\"noreferrer noopener\">santamonica.com\/AFM<\/a><\/li>\n\n\n\n<li class=\"base-block\">Werbung f\u00fcr die Teilnehmer durch die Vermittlung von lokalen Gesch\u00e4ften und Hotelzimmern sowie durch das Begr\u00fc\u00dfungskomitee zu Beginn des Marktes<\/li>\n\n\n\n<li class=\"base-block\">Werbung in hochfrequentierten Bereichen des Marktplatzes&nbsp;<\/li>\n<\/ul>\n\n\n\n<p class=\"base-block\"><\/p>\n<\/div>\n<\/div>\n\n\n\n<section class=\"simpleview-form-block sm-block\">\n        <h2 class=\"simpleview-form-block__heading\">\n            Amerikanischer Filmmarkt 2023        <\/h2>\n    <div class=\"simpleview-form-block__form sm-form\">\n        <form action=\"\" method=\"post\" name=\"frm_83\" class=\"simpleForm\" onsubmit=\"return svcrm.formBuilderScripts.validateForm(this);\" data-trp-original-action=\"\">\r\n\t\t\t\t<input id=\"formid\" name=\"formid\" type=\"hidden\" value=\"83\">\r\n\t\t\t\t<input id=\"groupid\" name=\"groupid\" type=\"hidden\" value=\"16\">\r\n\t\t\t\t<input id=\"isSubmitted\" name=\"isSubmitted\" value=\"1\" type=\"hidden\">\r\n\t\t\t\t\r\n\t\t\t\t\r\n\t\t\t\t\t<h3>AFM Einreichung<\/h3>\r\n\t\t\t\t\t\r\n\t\t\t\t\t\t<p class=\"text-center\"><\/p><p style=\"text-align: center;\">Die Sonderangebote m\u00fcssen f\u00fcr die gesamte Dauer der Ausstellung vom 31. Oktober bis 5. November 2023 gelten.<\/p>\t\t\t\r\n\t\t\t\t\t\r\n\t\t\t\t\t\t\t\t<div id=\"rowcontainer_udf_647\" class=\"row\">\r\n\t\t\t\t\t\t\t\t\t\r\n\t\t\t\t\t\t\t\t\t\t\t<div id=\"labelcontainer_udf_647\" class=\"medium-3 columns\">\r\n\t\t\t\t\t\t\t\t\t\t\t\t<div id=\"td_udf_647\">\r\n\t\t\t\t\t\t\t\t\t\t\t\t\t<label id=\"label_udf_647\" for=\"udf_647\" class=\"formreq\">Typ des AFM Spezial*:<\/label>\r\n\t\t\t\t\t\t\t\t\t\t\t\t\t\r\n\t\t\t\t\t\t\t\t\t\t\t\t<\/div>\r\n\t\t\t\t\t\t\t\t\t\t\t<\/div>\t\r\n\t\t\t\t\t\t\t\t\t\t\r\n\t\t\t\t\t\t\t\t\t<div id=\"fieldcontainer_udf_647\" class=\"medium-9 columns\">\r\n\t\t\t\t\t\t\t\t\t\t\t\t\t\t\t\r\n\t\t\t\t\t<select class=\"\" id=\"udf_647\" name=\"udf_647\">\r\n\t\t\t\t\t<option value=\"\">-keine-<\/option> \r\n\t\t\t\t\t<option value=\"760\">Prozentualer Nachlass auf den gesamten Einkauf\/Rechnung<\/option>\r\n\t\t\t\t\t\r\n\t\t\t\t\t<option value=\"762\">Dollarwert auf den gesamten Einkauf\/Rechnung<\/option>\r\n\t\t\t\t\t\r\n\t\t\t\t\t<option value=\"761\">Gratisartikel (z.B. Gratis-Vorspeise beim Kauf eines Hauptgerichts, Gratis-Geschenk beim Kauf von $50 oder mehr, usw.)<\/option>\r\n\t\t\t\t\t\r\n\t\t\t\t\t<option value=\"775\">Besonderer Service (z. B. garantierter Sitzplatz in 15 Minuten, individuelles AFM-Men\u00fc zum Festpreis, usw.)<\/option>\r\n\t\t\t\t\t\r\n\t\t\t\t\t<\/select>\r\n\t\t\t\t<p class=\"hint\">Bitte w\u00e4hlen Sie unten den gew\u00fcnschten Dollarwert\/Prozentsatz aus oder beschreiben Sie Ihren kostenlosen Artikel oder Ihr spezielles Serviceangebot.<\/p> \r\n\t\t\t\t\t\t\t\t\t<\/div>\t\t\t\t\t\t\t\t\t\r\n\t\t\t\t\t\t\t\t<\/div>\r\n\t\t\t\t\t\t\t\r\n\t\t\t\t\t\t\t\t<div id=\"rowcontainer_udf_651\" class=\"row\">\r\n\t\t\t\t\t\t\t\t\t\r\n\t\t\t\t\t\t\t\t\t\t\t<div id=\"labelcontainer_udf_651\" class=\"medium-3 columns\">\r\n\t\t\t\t\t\t\t\t\t\t\t\t<div id=\"td_udf_651\">\r\n\t\t\t\t\t\t\t\t\t\t\t\t\t<label id=\"label_udf_651\" for=\"udf_651\" class=\"formtext\">Prozentualer Nachlass auf den gesamten Einkauf\/die gesamte Mahlzeit:<\/label>\r\n\t\t\t\t\t\t\t\t\t\t\t\t\t\r\n\t\t\t\t\t\t\t\t\t\t\t\t<\/div>\r\n\t\t\t\t\t\t\t\t\t\t\t<\/div>\t\r\n\t\t\t\t\t\t\t\t\t\t\r\n\t\t\t\t\t\t\t\t\t<div id=\"fieldcontainer_udf_651\" class=\"medium-9 columns\">\r\n\t\t\t\t\t\t\t\t\t\t\t\t\t\t\t\r\n\t\t\t\t\t<select class=\"\" id=\"udf_651\" name=\"udf_651\">\r\n\t\t\t\t\t<option value=\"\">-keine-<\/option> \r\n\t\t\t\t\t<option value=\"771\">5% aus<\/option>\r\n\t\t\t\t\t\r\n\t\t\t\t\t<option value=\"772\">10% aus<\/option>\r\n\t\t\t\t\t\r\n\t\t\t\t\t<option value=\"773\">15% aus<\/option>\r\n\t\t\t\t\t\r\n\t\t\t\t\t<option value=\"774\">20% aus<\/option>\r\n\t\t\t\t\t\r\n\t\t\t\t\t<option value=\"824\">Andere<\/option>\r\n\t\t\t\t\t\r\n\t\t\t\t\t<\/select>\r\n\t\t\t\t<p class=\"hint\">Falls Sonstige, bitte im Feld \u201cBeschreibung\u201d unten angeben.<\/p> \r\n\t\t\t\t\t\t\t\t\t<\/div>\t\t\t\t\t\t\t\t\t\r\n\t\t\t\t\t\t\t\t<\/div>\r\n\t\t\t\t\t\t\t\r\n\t\t\t\t\t\t\t\t<div id=\"rowcontainer_udf_649\" class=\"row\">\r\n\t\t\t\t\t\t\t\t\t\r\n\t\t\t\t\t\t\t\t\t\t\t<div id=\"labelcontainer_udf_649\" class=\"medium-3 columns\">\r\n\t\t\t\t\t\t\t\t\t\t\t\t<div id=\"td_udf_649\">\r\n\t\t\t\t\t\t\t\t\t\t\t\t\t<label id=\"label_udf_649\" for=\"udf_649\" class=\"formtext\">Dollarwert des gesamten Einkaufs\/Mahlzeit:<\/label>\r\n\t\t\t\t\t\t\t\t\t\t\t\t\t\r\n\t\t\t\t\t\t\t\t\t\t\t\t<\/div>\r\n\t\t\t\t\t\t\t\t\t\t\t<\/div>\t\r\n\t\t\t\t\t\t\t\t\t\t\r\n\t\t\t\t\t\t\t\t\t<div id=\"fieldcontainer_udf_649\" class=\"medium-9 columns\">\r\n\t\t\t\t\t\t\t\t\t\t\t\t\t\t\t\r\n\t\t\t\t\t<select class=\"\" id=\"udf_649\" name=\"udf_649\">\r\n\t\t\t\t\t<option value=\"\">-keine-<\/option> \r\n\t\t\t\t\t<option value=\"767\">$5 Aus<\/option>\r\n\t\t\t\t\t\r\n\t\t\t\t\t<option value=\"768\">$10 Aus<\/option>\r\n\t\t\t\t\t\r\n\t\t\t\t\t<option value=\"769\">$15 Aus<\/option>\r\n\t\t\t\t\t\r\n\t\t\t\t\t<option value=\"770\">$20 Aus<\/option>\r\n\t\t\t\t\t\r\n\t\t\t\t\t<option value=\"825\">Andere<\/option>\r\n\t\t\t\t\t\r\n\t\t\t\t\t<\/select>\r\n\t\t\t\t<p class=\"hint\">Falls Sonstige, bitte im Feld \u201cBeschreibung\u201d unten angeben.<\/p> \r\n\t\t\t\t\t\t\t\t\t<\/div>\t\t\t\t\t\t\t\t\t\r\n\t\t\t\t\t\t\t\t<\/div>\r\n\t\t\t\t\t\t\t\r\n\t\t\t\t\t\t\t\t<div id=\"rowcontainer_udf_396\" class=\"row\">\r\n\t\t\t\t\t\t\t\t\t\r\n\t\t\t\t\t\t\t\t\t\t\t<div id=\"labelcontainer_udf_396\" class=\"medium-3 columns\">\r\n\t\t\t\t\t\t\t\t\t\t\t\t<div id=\"td_udf_396\">\r\n\t\t\t\t\t\t\t\t\t\t\t\t\t<label id=\"label_udf_396\" for=\"udf_396\" class=\"formreq\">Beschreibung des kostenlosen Angebots oder der besonderen Dienstleistung (falls ausgew\u00e4hlt)*:<\/label>\r\n\t\t\t\t\t\t\t\t\t\t\t\t\t\r\n\t\t\t\t\t\t\t\t\t\t\t\t<\/div>\r\n\t\t\t\t\t\t\t\t\t\t\t<\/div>\t\r\n\t\t\t\t\t\t\t\t\t\t\r\n\t\t\t\t\t\t\t\t\t<div id=\"fieldcontainer_udf_396\" class=\"medium-9 columns\">\r\n\t\t\t\t\t\t\t\t\t\t\t\t\t\r\n\t\t\t<textarea class=\"\" id=\"udf_396\" name=\"udf_396\" cols=\"40\" rows=\"6\"><\/textarea>\r\n\t\t\t\r\n\t\t\t\t\t\t\t\t\t<\/div>\t\t\t\t\t\t\t\t\t\r\n\t\t\t\t\t\t\t\t<\/div>\r\n\t\t\t\t\t\t\t\r\n\t\t\t\t\t\t\t\t<div id=\"rowcontainer_udf_403\" class=\"row\">\r\n\t\t\t\t\t\t\t\t\t\r\n\t\t\t\t\t\t\t\t\t\t\t<div id=\"labelcontainer_udf_403\" class=\"medium-3 columns\">\r\n\t\t\t\t\t\t\t\t\t\t\t\t<div id=\"td_udf_403\">\r\n\t\t\t\t\t\t\t\t\t\t\t\t\t<label id=\"label_udf_403\" for=\"udf_403\" class=\"formtext\">Restriktionen:<\/label>\r\n\t\t\t\t\t\t\t\t\t\t\t\t\t<p class=\"hint\">Bitte beachten Sie, dass f\u00fcr alle Angebote die folgenden Einschr\u00e4nkungen gelten: Angebot g\u00fcltig bei Vorlage eines AFM-Ausweises oder einer ID<\/p>\r\n\t\t\t\t\t\t\t\t\t\t\t\t<\/div>\r\n\t\t\t\t\t\t\t\t\t\t\t<\/div>\t\r\n\t\t\t\t\t\t\t\t\t\t\r\n\t\t\t\t\t\t\t\t\t<div id=\"fieldcontainer_udf_403\" class=\"medium-9 columns\">\r\n\t\t\t\t\t\t\t\t\t\t\t\t\t\r\n\t\t\t<textarea class=\"\" id=\"udf_403\" name=\"udf_403\" cols=\"40\" rows=\"6\"><\/textarea>\r\n\t\t\t\r\n\t\t\t\t\t\t\t\t\t<\/div>\t\t\t\t\t\t\t\t\t\r\n\t\t\t\t\t\t\t\t<\/div>\r\n\t\t\t\t\t\t\t\r\n\t\t\t\t\t\t\t\t<div id=\"rowcontainer_udf_397\" class=\"row\">\r\n\t\t\t\t\t\t\t\t\t\r\n\t\t\t\t\t\t\t\t\t\t\t<div id=\"labelcontainer_udf_397\" class=\"medium-3 columns\">\r\n\t\t\t\t\t\t\t\t\t\t\t\t<div id=\"td_udf_397\">\r\n\t\t\t\t\t\t\t\t\t\t\t\t\t<label id=\"label_udf_397\" for=\"udf_397\" class=\"formreq\">Name des Unternehmens*:<\/label>\r\n\t\t\t\t\t\t\t\t\t\t\t\t\t\r\n\t\t\t\t\t\t\t\t\t\t\t\t<\/div>\r\n\t\t\t\t\t\t\t\t\t\t\t<\/div>\t\r\n\t\t\t\t\t\t\t\t\t\t\r\n\t\t\t\t\t\t\t\t\t<div id=\"fieldcontainer_udf_397\" class=\"medium-9 columns\">\r\n\t\t\t\t\t\t\t\t\t\t\r\n\t\t\t\r\n\t\t\t<input class=\"\" id=\"udf_397\" name=\"udf_397\" type=\"text\" size=\"25\" value=\"\">\r\n\t\t\t\r\n\t\t\t\t\t\t\t\t\t<\/div>\t\t\t\t\t\t\t\t\t\r\n\t\t\t\t\t\t\t\t<\/div>\r\n\t\t\t\t\t\t\t\r\n\t\t\t\t\t\t\t\t<div id=\"rowcontainer_contact_addr1\" class=\"row\">\r\n\t\t\t\t\t\t\t\t\t\r\n\t\t\t\t\t\t\t\t\t\t\t<div id=\"labelcontainer_contact_addr1\" class=\"medium-3 columns\">\r\n\t\t\t\t\t\t\t\t\t\t\t\t<div id=\"td_contact_addr1\">\r\n\t\t\t\t\t\t\t\t\t\t\t\t\t<label id=\"label_contact_addr1\" for=\"contact_addr1\" class=\"formreq\">Gesch\u00e4ftsadresse*:<\/label>\r\n\t\t\t\t\t\t\t\t\t\t\t\t\t\r\n\t\t\t\t\t\t\t\t\t\t\t\t<\/div>\r\n\t\t\t\t\t\t\t\t\t\t\t<\/div>\t\r\n\t\t\t\t\t\t\t\t\t\t\r\n\t\t\t\t\t\t\t\t\t<div id=\"fieldcontainer_contact_addr1\" class=\"medium-9 columns\">\r\n\t\t\t\t\t\t\t\t\t\t\r\n\t\t\t\r\n\t\t\t<input class=\"\" id=\"contact_addr1\" name=\"contact_addr1\" type=\"text\" size=\"25\" value=\"\">\r\n\t\t\t\r\n\t\t\t\t\t\t\t\t\t<\/div>\t\t\t\t\t\t\t\t\t\r\n\t\t\t\t\t\t\t\t<\/div>\r\n\t\t\t\t\t\t\t\r\n\t\t\t\t\t\t\t\t<div id=\"rowcontainer_udf_398\" class=\"row\">\r\n\t\t\t\t\t\t\t\t\t\r\n\t\t\t\t\t\t\t\t\t\t\t<div id=\"labelcontainer_udf_398\" class=\"medium-3 columns\">\r\n\t\t\t\t\t\t\t\t\t\t\t\t<div id=\"td_udf_398\">\r\n\t\t\t\t\t\t\t\t\t\t\t\t\t<label id=\"label_udf_398\" for=\"udf_398\" class=\"formreq\">Telefon f\u00fcr Anfragen*:<\/label>\r\n\t\t\t\t\t\t\t\t\t\t\t\t\t\r\n\t\t\t\t\t\t\t\t\t\t\t\t<\/div>\r\n\t\t\t\t\t\t\t\t\t\t\t<\/div>\t\r\n\t\t\t\t\t\t\t\t\t\t\r\n\t\t\t\t\t\t\t\t\t<div id=\"fieldcontainer_udf_398\" class=\"medium-9 columns\">\r\n\t\t\t\t\t\t\t\t\t\t\r\n\t\t\t\r\n\t\t\t<input class=\"\" id=\"udf_398\" name=\"udf_398\" type=\"text\" size=\"25\" value=\"\" onblur=\"svcrm.formBuilderScripts.checkPhone(this); svcrm.formBuilderScripts.fmtPhone(this,'xxx-xxx-xxxx'); \">\r\n\t\t\t\r\n\t\t\t\t\t\t\t\t\t<\/div>\t\t\t\t\t\t\t\t\t\r\n\t\t\t\t\t\t\t\t<\/div>\r\n\t\t\t\t\t\t\t\r\n\t\t\t\t\t<h3>Kontaktinformationen<\/h3>\r\n\t\t\t\t\t\r\n\t\t\t\t\t\t\t\t<div id=\"rowcontainer_contact_fullname\" class=\"row\">\r\n\t\t\t\t\t\t\t\t\t\r\n\t\t\t\t\t\t\t\t\t\t\t<div id=\"labelcontainer_contact_fullname\" class=\"medium-3 columns\">\r\n\t\t\t\t\t\t\t\t\t\t\t\t<div id=\"td_contact_fullname\">\r\n\t\t\t\t\t\t\t\t\t\t\t\t\t<label id=\"label_contact_fullname\" for=\"contact_fullname\" class=\"formreq\">Name*:<\/label>\r\n\t\t\t\t\t\t\t\t\t\t\t\t\t\r\n\t\t\t\t\t\t\t\t\t\t\t\t<\/div>\r\n\t\t\t\t\t\t\t\t\t\t\t<\/div>\t\r\n\t\t\t\t\t\t\t\t\t\t\r\n\t\t\t\t\t\t\t\t\t<div id=\"fieldcontainer_contact_fullname\" class=\"medium-9 columns\">\r\n\t\t\t\t\t\t\t\t\t\t\r\n\t\t\t\r\n\t\t\t<input class=\"\" id=\"contact_fullname\" name=\"contact_fullname\" type=\"text\" size=\"25\" value=\"\">\r\n\t\t\t\r\n\t\t\t\t\t\t\t\t\t<\/div>\t\t\t\t\t\t\t\t\t\r\n\t\t\t\t\t\t\t\t<\/div>\r\n\t\t\t\t\t\t\t\r\n\t\t\t\t\t\t\t\t<div id=\"rowcontainer_contact_title\" class=\"row\">\r\n\t\t\t\t\t\t\t\t\t\r\n\t\t\t\t\t\t\t\t\t\t\t<div id=\"labelcontainer_contact_title\" class=\"medium-3 columns\">\r\n\t\t\t\t\t\t\t\t\t\t\t\t<div id=\"td_contact_title\">\r\n\t\t\t\t\t\t\t\t\t\t\t\t\t<label id=\"label_contact_title\" for=\"contact_title\" class=\"formreq\">Titel*:<\/label>\r\n\t\t\t\t\t\t\t\t\t\t\t\t\t\r\n\t\t\t\t\t\t\t\t\t\t\t\t<\/div>\r\n\t\t\t\t\t\t\t\t\t\t\t<\/div>\t\r\n\t\t\t\t\t\t\t\t\t\t\r\n\t\t\t\t\t\t\t\t\t<div id=\"fieldcontainer_contact_title\" class=\"medium-9 columns\">\r\n\t\t\t\t\t\t\t\t\t\t\r\n\t\t\t\r\n\t\t\t<input class=\"\" id=\"contact_title\" name=\"contact_title\" type=\"text\" size=\"25\" value=\"\">\r\n\t\t\t\r\n\t\t\t\t\t\t\t\t\t<\/div>\t\t\t\t\t\t\t\t\t\r\n\t\t\t\t\t\t\t\t<\/div>\r\n\t\t\t\t\t\t\t\r\n\t\t\t\t\t\t\t\t<div id=\"rowcontainer_contact_company\" class=\"row\">\r\n\t\t\t\t\t\t\t\t\t\r\n\t\t\t\t\t\t\t\t\t\t\t<div id=\"labelcontainer_contact_company\" class=\"medium-3 columns\">\r\n\t\t\t\t\t\t\t\t\t\t\t\t<div id=\"td_contact_company\">\r\n\t\t\t\t\t\t\t\t\t\t\t\t\t<label id=\"label_contact_company\" for=\"contact_company\" class=\"formreq\">Unternehmen*:<\/label>\r\n\t\t\t\t\t\t\t\t\t\t\t\t\t\r\n\t\t\t\t\t\t\t\t\t\t\t\t<\/div>\r\n\t\t\t\t\t\t\t\t\t\t\t<\/div>\t\r\n\t\t\t\t\t\t\t\t\t\t\r\n\t\t\t\t\t\t\t\t\t<div id=\"fieldcontainer_contact_company\" class=\"medium-9 columns\">\r\n\t\t\t\t\t\t\t\t\t\t\r\n\t\t\t\r\n\t\t\t<input class=\"\" id=\"contact_company\" name=\"contact_company\" type=\"text\" size=\"25\" value=\"\">\r\n\t\t\t\r\n\t\t\t\t\t\t\t\t\t<\/div>\t\t\t\t\t\t\t\t\t\r\n\t\t\t\t\t\t\t\t<\/div>\r\n\t\t\t\t\t\t\t\r\n\t\t\t\t\t\t\t\t<div id=\"rowcontainer_contact_phone\" class=\"row\">\r\n\t\t\t\t\t\t\t\t\t\r\n\t\t\t\t\t\t\t\t\t\t\t<div id=\"labelcontainer_contact_phone\" class=\"medium-3 columns\">\r\n\t\t\t\t\t\t\t\t\t\t\t\t<div id=\"td_contact_phone\">\r\n\t\t\t\t\t\t\t\t\t\t\t\t\t<label id=\"label_contact_phone\" for=\"contact_phone\" class=\"formreq\">Telefon*:<\/label>\r\n\t\t\t\t\t\t\t\t\t\t\t\t\t\r\n\t\t\t\t\t\t\t\t\t\t\t\t<\/div>\r\n\t\t\t\t\t\t\t\t\t\t\t<\/div>\t\r\n\t\t\t\t\t\t\t\t\t\t\r\n\t\t\t\t\t\t\t\t\t<div id=\"fieldcontainer_contact_phone\" class=\"medium-9 columns\">\r\n\t\t\t\t\t\t\t\t\t\t\r\n\t\t\t\r\n\t\t\t<input class=\"\" id=\"contact_phone\" name=\"contact_phone\" type=\"text\" size=\"25\" value=\"\" onblur=\"svcrm.formBuilderScripts.checkPhone(this); svcrm.formBuilderScripts.fmtPhone(this,'xxx-xxx-xxxx'); \">\r\n\t\t\t\r\n\t\t\t\t\t\t\t\t\t<\/div>\t\t\t\t\t\t\t\t\t\r\n\t\t\t\t\t\t\t\t<\/div>\r\n\t\t\t\t\t\t\t\r\n\t\t\t\t\t\t\t\t<div id=\"rowcontainer_contact_email\" class=\"row\">\r\n\t\t\t\t\t\t\t\t\t\r\n\t\t\t\t\t\t\t\t\t\t\t<div id=\"labelcontainer_contact_email\" class=\"medium-3 columns\">\r\n\t\t\t\t\t\t\t\t\t\t\t\t<div id=\"td_contact_email\">\r\n\t\t\t\t\t\t\t\t\t\t\t\t\t<label id=\"label_contact_email\" for=\"contact_email\" class=\"formreq\">E-Mail*:<\/label>\r\n\t\t\t\t\t\t\t\t\t\t\t\t\t\r\n\t\t\t\t\t\t\t\t\t\t\t\t<\/div>\r\n\t\t\t\t\t\t\t\t\t\t\t<\/div>\t\r\n\t\t\t\t\t\t\t\t\t\t\r\n\t\t\t\t\t\t\t\t\t<div id=\"fieldcontainer_contact_email\" class=\"medium-9 columns\">\r\n\t\t\t\t\t\t\t\t\t\t\r\n\t\t\t\r\n\t\t\t<input class=\"\" id=\"contact_email\" name=\"contact_email\" type=\"text\" size=\"25\" value=\"\" onblur=\"svcrm.formBuilderScripts.checkEmail(this); \">\r\n\t\t\t\r\n\t\t\t\t\t\t\t\t\t<\/div>\t\t\t\t\t\t\t\t\t\r\n\t\t\t\t\t\t\t\t<\/div>\r\n\t\t\t\t\t\t\t\r\n\r\n\t\t\t\t<p class=\"hint formreq text-center\">* Zeigt an, dass es sich um ein Pflichtfeld handelt.<\/p>\r\n\t\t\t\t<hr size=\"1\" color=\"cccccc\" width=\"100%\">\r\n\t\t\t\t<div class=\"row\">\r\n\t\t\t\t\t<div class=\"medium-6 small-centered captcha columns\">\r\n\t\t\t\t\t\t\r\n                    <div id=\"g-recaptcha\" class=\"g-recaptcha\"><\/div>\r\n                \r\n            <input type=\"hidden\" name=\"code\" id=\"code\" value=\"1234\">\r\n            <input type=\"hidden\" name=\"code_key\" id=\"code_key\" value=\"rO0ABXQABDEyMzQ=\">\r\n            \r\n\t\t\t\t\t<\/div>\r\n\t\t\t\t<\/div>\r\n\r\n\t\t\t\t<hr size=\"1\" color=\"cccccc\" width=\"100%\">\r\n\t\t\t\t<div class=\"row\">\r\n\t\t\t\t\t<div class=\"medium-6 small-centered columns formCntrls\">\r\n\t\t\t\t\t\t<label for=\"savefrm_button\" class=\"label_hidden\">Einreichen<\/label>\r\n\t\t\t\t\t\t<input class=\"button\" id=\"savefrm_button\" name=\"savefrm\" type=\"Submit\" value=\"Submit\">\r\n\t\t\t\t\t\t<label for=\"resetfrm_button\" class=\"label_hidden\">Zur\u00fccksetzen<\/label>\r\n\t\t\t\t\t\t<input class=\"button\" id=\"resetfrm_button\" type=\"Reset\" value=\"Reset\">\r\n\t\t\t\t\t<\/div>\r\n\t\t\t\t<\/div>\r\n\t\t\t<input type=\"hidden\" name=\"trp-form-language\" value=\"de\"\/><\/form>    <\/div>\n<\/section>","protected":false},"excerpt":{"rendered":"<p>Types of specials to include: *Please note that due to AFM contracts with hotels, hotel room rate offers are not eligible for this promotion. What do you get by participating?<\/p>","protected":false},"author":1421,"featured_media":340392,"parent":0,"menu_order":0,"comment_status":"closed","ping_status":"closed","template":"template-editorial.php","meta":{"_acf_changed":false,"inline_featured_image":false,"footnotes":""},"silos":[],"class_list":["post-361288","page","type-page","status-publish","has-post-thumbnail","hentry"],"acf":[],"_links":{"self":[{"href":"https:\/\/www.santamonica.com\/de\/wp-json\/wp\/v2\/pages\/361288","targetHints":{"allow":["GET"]}}],"collection":[{"href":"https:\/\/www.santamonica.com\/de\/wp-json\/wp\/v2\/pages"}],"about":[{"href":"https:\/\/www.santamonica.com\/de\/wp-json\/wp\/v2\/types\/page"}],"author":[{"embeddable":true,"href":"https:\/\/www.santamonica.com\/de\/wp-json\/wp\/v2\/users\/1421"}],"replies":[{"embeddable":true,"href":"https:\/\/www.santamonica.com\/de\/wp-json\/wp\/v2\/comments?post=361288"}],"version-history":[{"count":21,"href":"https:\/\/www.santamonica.com\/de\/wp-json\/wp\/v2\/pages\/361288\/revisions"}],"predecessor-version":[{"id":383552,"href":"https:\/\/www.santamonica.com\/de\/wp-json\/wp\/v2\/pages\/361288\/revisions\/383552"}],"wp:featuredmedia":[{"embeddable":true,"href":"https:\/\/www.santamonica.com\/de\/wp-json\/wp\/v2\/media\/340392"}],"wp:attachment":[{"href":"https:\/\/www.santamonica.com\/de\/wp-json\/wp\/v2\/media?parent=361288"}],"wp:term":[{"taxonomy":"silos","embeddable":true,"href":"https:\/\/www.santamonica.com\/de\/wp-json\/wp\/v2\/silos?post=361288"}],"curies":[{"name":"wp","href":"https:\/\/api.w.org\/{rel}","templated":true}]}}