{"id":360663,"date":"2022-08-30T15:07:34","date_gmt":"2022-08-30T22:07:34","guid":{"rendered":"https:\/\/www.santamonica.com\/?page_id=360663"},"modified":"2025-02-06T10:47:29","modified_gmt":"2025-02-06T18:47:29","slug":"imex-amerika-messe","status":"publish","type":"page","link":"https:\/\/www.santamonica.com\/de\/imex-america-tradeshow\/","title":{"rendered":"IMEX Amerika"},"content":{"rendered":"<section class=\"sun-title sm-block --theme6 --2col sm-block\">\n            <h2 class=\"sun-title__headline\">IMEX<\/h2>    \n            <div class=\"sun-title__body  --2col wysiwyg\">\n                    <div class=\"column-1\">\n                <h4>Fair-Share-Geb\u00fchren<\/h4>\n<p>Die Partnergeb\u00fchr f\u00fcr den fairen Anteil wird stark erm\u00e4\u00dfigt auf $3.500. Au\u00dferdem gibt es einen Fr\u00fchbucherpreis von $3.000, wenn der Partner bis Montag, den 31. M\u00e4rz, angemeldet ist.<sup>st<\/sup>, 2025.<\/p>\n<p>F\u00fcr Partner mit zwei Immobilien gilt eine stark erm\u00e4\u00dfigte Fair-Share-Geb\u00fchr von $5.000. Wir bieten auch einen Fr\u00fchbucherpreis von $4.500 an, wenn der Partner bis Montag, den 31. M\u00e4rz, angemeldet und bezahlt ist.<sup>st<\/sup> , 2025.<\/p>\n<p>Alle Kosten f\u00fcr Flug, Unterkunft, Transport und Verpflegung liegen in der Verantwortung des Partners, sofern von SMTT nicht anders angegeben. SMTT wird Empfehlungen f\u00fcr Zimmerkontingente und Fl\u00fcge geben, da wir alle in der N\u00e4he \u00fcbernachten sollten. Die Reisekosten sind nicht inbegriffen.<\/p>\n<p>Die folgenden Leistungen sind in Ihrem fairen Anteil an der Partnergeb\u00fchr enthalten:<\/p>\n<ul>\n<li>Pre-Marketing-Initiativen f\u00fcr Kunden und\/oder Messeteilnehmer (falls zutreffend), die Direktmailings, E-Newsletter-Highlights, die Aufnahme des Logos in alle Werbematerialien und Einladungen sowie gedruckte Marketingmaterialien umfassen k\u00f6nnen<\/li>\n<li>Teilnahme an der SMTT-Kundenveranstaltung<\/li>\n<li>Gestaltung und Produktion von Werbematerialien<\/li>\n<li>Ausgaben f\u00fcr Veranstaltungen wie Kundenveranstaltungen, Abendessen, Mittagessen, Geschenke usw.<\/li>\n<li>Transport der Delegation zu\/von Terminen und zum\/vom angegebenen Hotel<\/li>\n<li>Einsatzr\u00fcckblicke, Kundenkontaktinformationen und Fotos ver\u00f6ffentlichen<\/li>\n<li>Empfehlungen zu Zimmerkontingenten und Fl\u00fcgen<\/li>\n<\/ul>\n                            <\/div>\n            <div class=\"column-2\">\n                <h4>Wer kommen sollte<\/h4>\n<p>Hotels und Tourismuspartner in Santa Monica, die daran interessiert sind, ihre Pr\u00e4senz auf verschiedenen MICE-M\u00e4rkten aufrechtzuerhalten und auszubauen.<\/p>\n<h4>Gesamtinvestitionen f\u00fcr den Markt<\/h4>\n<p>Die SMTT hat f\u00fcr das Gesch\u00e4ftsjahr 2024\/2025 $300.000 in den heimischen MICE-Markt investiert.<\/p>\n<h4>Anmeldung<\/h4>\n<p><a href=\"https:\/\/www.santamonica.com\/de\/partner\/formular-fur-partnerschaftsmoglichkeiten\/\"><strong>Klicken Sie hier, um sich zu registrieren.<\/strong><\/a><\/p>\n<h4>Kontaktinformationen<\/h4>\n<p>Kontaktieren Sie Ozzie Otero unter 310-433-9781 oder\u00a0<a href=\"mailto:ootero@santamonica.com\">ootero@santamonica.com<\/a>.<\/p>\n                            <\/div>\n            <\/div>\n    <\/section>\n\n\n\n<div class=\"wp-block-buttons is-layout-flex wp-block-buttons-is-layout-flex base-block\"><\/div>","protected":false},"excerpt":{"rendered":"","protected":false},"author":1421,"featured_media":0,"parent":0,"menu_order":0,"comment_status":"closed","ping_status":"closed","template":"template-editorial.php","meta":{"_acf_changed":false,"inline_featured_image":false,"footnotes":""},"silos":[],"class_list":["post-360663","page","type-page","status-publish","hentry"],"acf":[],"_links":{"self":[{"href":"https:\/\/www.santamonica.com\/de\/wp-json\/wp\/v2\/pages\/360663","targetHints":{"allow":["GET"]}}],"collection":[{"href":"https:\/\/www.santamonica.com\/de\/wp-json\/wp\/v2\/pages"}],"about":[{"href":"https:\/\/www.santamonica.com\/de\/wp-json\/wp\/v2\/types\/page"}],"author":[{"embeddable":true,"href":"https:\/\/www.santamonica.com\/de\/wp-json\/wp\/v2\/users\/1421"}],"replies":[{"embeddable":true,"href":"https:\/\/www.santamonica.com\/de\/wp-json\/wp\/v2\/comments?post=360663"}],"version-history":[{"count":68,"href":"https:\/\/www.santamonica.com\/de\/wp-json\/wp\/v2\/pages\/360663\/revisions"}],"predecessor-version":[{"id":759606,"href":"https:\/\/www.santamonica.com\/de\/wp-json\/wp\/v2\/pages\/360663\/revisions\/759606"}],"wp:attachment":[{"href":"https:\/\/www.santamonica.com\/de\/wp-json\/wp\/v2\/media?parent=360663"}],"wp:term":[{"taxonomy":"silos","embeddable":true,"href":"https:\/\/www.santamonica.com\/de\/wp-json\/wp\/v2\/silos?post=360663"}],"curies":[{"name":"wp","href":"https:\/\/api.w.org\/{rel}","templated":true}]}}