{"id":351225,"date":"2022-08-05T16:40:35","date_gmt":"2022-08-05T23:40:35","guid":{"rendered":"https:\/\/www.santamonica.com\/?page_id=351225"},"modified":"2026-02-09T08:43:38","modified_gmt":"2026-02-09T16:43:38","slug":"golf","status":"publish","type":"page","link":"https:\/\/www.santamonica.com\/de\/things-to-do\/golf\/","title":{"rendered":"Santa Monica Golf"},"content":{"rendered":"<h2 class=\"wp-block-heading base-block\">\u00d6ffentliche Golfpl\u00e4tze in der N\u00e4he von Santa Monica<\/h2>\n\n\n\n<div class=\"wp-block-columns is-layout-flex wp-container-core-columns-is-layout-28f84493 wp-block-columns-is-layout-flex base-block\">\n<div class=\"wp-block-column is-layout-flow wp-block-column-is-layout-flow base-block\">\n<h4 class=\"wp-block-heading base-block\">Los Angeles<\/h4>\n\n\n\n<p class=\"base-block\"><a href=\"https:\/\/heroesgolfcourse.com\/\" target=\"_blank\" rel=\"noreferrer noopener\">Golfplatz Heroes<\/a> ist jeden Tag in der Woche ge\u00f6ffnet, und alle Milit\u00e4rveteranen k\u00f6nnen kostenlos mitspielen!<\/p>\n<\/div>\n\n\n\n<div class=\"wp-block-column is-layout-flow wp-block-column-is-layout-flow base-block\">\n<h4 class=\"wp-block-heading base-block\">Westchester <\/h4>\n\n\n\n<p class=\"base-block\">Die <a href=\"https:\/\/www.westchestergc.com\/\" target=\"_blank\" rel=\"noreferrer noopener\">Westchester Golfplatz<\/a> Der lockere Kurs liegt in der N\u00e4he des LAX und ist daf\u00fcr bekannt, erschwinglich und unpr\u00e4tenti\u00f6s zu sein.<\/p>\n<\/div>\n\n\n\n<div class=\"wp-block-column is-layout-flow wp-block-column-is-layout-flow base-block\">\n<h4 class=\"wp-block-heading base-block\">Van Nuys <\/h4>\n\n\n\n<p class=\"base-block\"><a href=\"https:\/\/www.scga.org\/courses\/details\/van-nuys-golf-course\" target=\"_blank\" rel=\"noreferrer noopener\">Van Nuys Golfplatz <\/a>hat insgesamt 27 L\u00f6cher und ist f\u00fcr Golfer aller Spielst\u00e4rken geeignet. Wenn Sie Gl\u00fcck haben, k\u00f6nnen Sie auf diesem erschwinglichen Platz sogar einige Wildtiere beobachten.<\/p>\n<\/div>\n\n\n\n<div class=\"wp-block-column is-layout-flow wp-block-column-is-layout-flow base-block\">\n<h4 class=\"wp-block-heading base-block\">Manhattan Beach<\/h4>\n\n\n\n<p class=\"base-block\"><a href=\"https:\/\/westdrift.com\/experience\/golf\/\" target=\"_blank\" rel=\"noreferrer noopener\">Westdrift Golfplatz<\/a> ist ein \u00f6ffentlicher Golfplatz in Manhattan Beach und bietet einen unterhaltsamen und herausfordernden Tag f\u00fcr Golfer aller Spielst\u00e4rken.<\/p>\n<\/div>\n\n\n\n<div class=\"wp-block-column is-layout-flow wp-block-column-is-layout-flow base-block\">\n<h4 class=\"wp-block-heading base-block\">Studio City<\/h4>\n\n\n\n<p class=\"base-block\">Seit \u00fcber 100 Jahren im Besitz einer Familie, ist das <a href=\"https:\/\/www.weddingtongolfandtennis.com\/\" target=\"_blank\" rel=\"noreferrer noopener\">Weddington Golf &amp; Tennis<\/a> Der Club bietet 9 L\u00f6cher und eine Driving Range mit 25 Pl\u00e4tzen.<\/p>\n<\/div>\n<\/div>\n\n\n\n<h2 class=\"wp-block-heading base-block\">St\u00e4dtische Golfpl\u00e4tze in der N\u00e4he von Santa Monica<\/h2>\n\n\n\n<div class=\"wp-block-columns is-layout-flex wp-container-core-columns-is-layout-28f84493 wp-block-columns-is-layout-flex base-block\">\n<div class=\"wp-block-column is-layout-flow wp-block-column-is-layout-flow base-block\">\n<h4 class=\"wp-block-heading base-block\">Rancho-Park<\/h4>\n\n\n\n<p class=\"base-block\"><a href=\"https:\/\/golf.lacity.org\/course_rancho_park\/\" target=\"_blank\" rel=\"noreferrer noopener\">Golfplatz und Golfclub Rancho Park<\/a>, Es handelt sich um einen PAR-3-Platz mit 18 L\u00f6chern, der seit \u00fcber 70 Jahren in Betrieb ist.<\/p>\n<\/div>\n\n\n\n<div class=\"wp-block-column is-layout-flow wp-block-column-is-layout-flow base-block\">\n<h4 class=\"wp-block-heading base-block\">Venedig<\/h4>\n\n\n\n<p class=\"base-block\">Die <a href=\"https:\/\/penmargolf.com\/\" target=\"_blank\" rel=\"noreferrer noopener\">Penmar Golf Club und Penmar Golfplatz<\/a> verf\u00fcgt \u00fcber 9 L\u00f6cher und befindet sich im nahe gelegenen Venice, Kalifornien - eine einfache Fahrt oder 15 Minuten mit dem Fahrrad von den meisten Hotels in Santa Monica entfernt.<\/p>\n<\/div>\n\n\n\n<div class=\"wp-block-column is-layout-flow wp-block-column-is-layout-flow base-block\">\n<h4 class=\"wp-block-heading base-block\">Der Griff-Park<\/h4>\n\n\n\n<p class=\"base-block\">Die <a href=\"https:\/\/golf.lacity.org\/course_roosevelt\/\" target=\"_blank\" rel=\"noreferrer noopener\">St\u00e4dtischer Golfplatz Roosevelt<\/a> befindet sich nur einen Steinwurf vom Greek Theatre im Griffith Park entfernt. Dieser Golfplatz bietet 9 L\u00f6cher und einen fantastischen Blick auf Los Angeles, w\u00e4hrend Sie spielen.<\/p>\n<\/div>\n\n\n\n<div class=\"wp-block-column is-layout-flow wp-block-column-is-layout-flow base-block\">\n<h4 class=\"wp-block-heading base-block\">El Segundo<\/h4>\n\n\n\n<p class=\"base-block\">Die <a href=\"https:\/\/www.golfthelakes.com\/\" target=\"_blank\" rel=\"noreferrer noopener\">Seen in El Segundo <\/a>ist seit \u00fcber 25 Jahren ge\u00f6ffnet und bietet neben seinen 9 L\u00f6chern auch Unterricht, Kurse und eine Driving Range.<\/p>\n<\/div>\n<\/div>\n\n\n\n<h2 class=\"wp-block-heading base-block\">Private Golfpl\u00e4tze in der N\u00e4he von Santa Monica<\/h2>\n\n\n\n<div class=\"wp-block-columns is-layout-flex wp-container-core-columns-is-layout-28f84493 wp-block-columns-is-layout-flex base-block\">\n<div class=\"wp-block-column is-layout-flow wp-block-column-is-layout-flow base-block\">\n<h4 class=\"wp-block-heading base-block\">Pazifik Palisaden<\/h4>\n\n\n\n<p class=\"base-block\">Die Heimat der Los Angeles Open, der <a href=\"https:\/\/www.therivieracountryclub.com\/\" target=\"_blank\" rel=\"noreferrer noopener\">Riveria Country Club<\/a> veranstaltet jedes Jahr im Februar das ber\u00fchmte Genesis Invitational.<\/p>\n<\/div>\n\n\n\n<div class=\"wp-block-column is-layout-flow wp-block-column-is-layout-flow base-block\">\n<h4 class=\"wp-block-heading base-block\">Brentwood<\/h4>\n\n\n\n<p class=\"base-block\">Die <a href=\"https:\/\/www.brentwoodcc.net\/\" target=\"_blank\" rel=\"noreferrer noopener\">Brentwood Country Club<\/a>, ein privater Country Club, wird von seinen Mitgliedern und G\u00e4sten, die auf den Golf- und Tennispl\u00e4tzen spielen, als luxuri\u00f6s angesehen.<\/p>\n<\/div>\n\n\n\n<div class=\"wp-block-column is-layout-flow wp-block-column-is-layout-flow base-block\">\n<h4 class=\"wp-block-heading base-block\">Bel-Air<\/h4>\n\n\n\n<p class=\"base-block\">Die <a href=\"https:\/\/www.bel-aircc.golf\/\" target=\"_blank\" rel=\"noreferrer noopener\">Bel-Air Country Club<\/a> ist ein privater Golfplatz und Club, der seinen Mitgliedern und G\u00e4sten einen Hauch von Raffinesse bietet.<\/p>\n<\/div>\n\n\n\n<div class=\"wp-block-column is-layout-flow wp-block-column-is-layout-flow base-block\">\n<h4 class=\"wp-block-heading base-block\">Los Angeles<\/h4>\n\n\n\n<p class=\"base-block\">Als \u00e4ltester Golfplatz in der N\u00e4he von Santa Monica ist der <a href=\"https:\/\/www.thelacc.org\/\" target=\"_blank\" rel=\"noreferrer noopener\">Los Angeles Country Club<\/a>, wurde von George C. Thomas gegr\u00fcndet und ist seit \u00fcber 120 Jahren in Betrieb!<\/p>\n<\/div>\n<\/div>\n\n\n\n<section class=\"image-section-break sm-block\">\n    <div class=\"image-section-break__image-wrapper\">\n                    <picture>\n                    <source\n                        media=\"(min-width: 768px)\"\n                        srcset=\"https:\/\/www.santamonica.com\/wp-content\/uploads\/2022\/07\/Downtown-Santa-Monica-Aerial-1656x574-1.png\"\n                    >\n                    <img decoding=\"async\" src=\"https:\/\/www.santamonica.com\/wp-content\/uploads\/2022\/07\/Downtown-Santa-Monica-Aerial-650x866-1.png\" class=\"image-section-break__image\" alt=\"Luftaufnahme des Stadtzentrums von Santa Monica.\" title=\"\">\n            <\/picture>\n                \n\n    <\/div>\n    <div class=\"image-section-break__text-content\">\n        <div class=\"image-section-break__first-content --theme3\">\n                                        <h2 class=\"image-section-break__title\">Andere Santa Monica Golf Aktivit\u00e4ten<\/h2>\n                                        <div class=\"image-section-break__body-copy wysiwyg\"><p>Wenn Sie auf der Suche nach anderen einzigartigen Golferlebnissen in Santa Monica sind, sollten Sie sich einige dieser virtuellen Golfoptionen ansehen!<\/p>\n<p>Wenn Sie an einer Golfstunde oder einer Schwunganalyse interessiert sind, besuchen Sie\u00a0<a href=\"https:\/\/www.santamonica.com\/de\/was-zu-tun-ist\/golftec-santa-monica\/\"><strong>GOLFTEC Santa Monica<\/strong><\/a>\u00a0und einer ihrer ausgebildeten professionellen Trainer kann Ihnen in ihrer Trainingshalle helfen, Ihren Schwung mit modernster Technologie zu verbessern.<\/p>\n<\/div>\n                                <\/div>\n        <div class=\"image-section-break__second-content\">\n                            <div class=\"image-section-break__body-copy wysiwyg\"><p>Wenn Sie auf dem Markt f\u00fcr eine individuelle Golfschl\u00e4geranpassung sind, besuchen Sie\u00a0<a href=\"https:\/\/www.santamonica.com\/de\/shop\/vereinsmeister\/\"><strong>Clubmeister<\/strong><\/a>\u00a0in Santa Monica f\u00fcr alle Ihre individuellen Golfbed\u00fcrfnisse.<\/p>\n<p>Sie k\u00f6nnen auch eine Reihe von renommierten Golfpl\u00e4tzen im Haus genie\u00dfen, wenn Sie uns besuchen\u00a0<a href=\"https:\/\/www.santamonica.com\/de\/was-zu-tun-ist\/verkabelter-golf\/\"><strong>Verdrahtetes Golf<\/strong><\/a>\u00a0in Santa Monica. Wired Golf ist ein reiner Indoor-Golfclub, in dem Sie auf einer virtuellen Driving Range \u00fcben, 18 L\u00f6cher auf einem simulierten Platz spielen und sogar mit den PGA-Profis von Wired Golf trainieren k\u00f6nnen!<\/p>\n<p>Besuchen Sie <a href=\"https:\/\/topgolf.com\/us\/el-segundo\/\" target=\"_blank\" rel=\"noopener\">Top Golf<\/a> in El Segundo bietet das ganze Jahr \u00fcber Komfort, klimatisierte Abschlagpl\u00e4tze, eine Sportbar und ein Restaurant. Schlagen Sie mit den kostenlosen Schl\u00e4gern oder Ihren eigenen auf die riesigen Ziele im Au\u00dfenbereich ab, w\u00e4hrend die Hightech-Golfb\u00e4lle selbst punkten.<\/p>\n<\/div>\n                                <\/div>\n    <\/div>\n<\/section>\n\n\n<section class=\"blog-feed --theme8 sm-block\">\n    <div class=\"blog-feed__content\">\n        <div class=\"blog-feed__intro\">\n                            <div class=\"blog-feed__eyebrow eyebrow\">Unternehmungen in der Umgebung von Santa Monica<\/div>                                        <h1 class=\"blog-feed__headline\">Insider-Tipps<\/h1>                                        <div class=\"blog-feed__body\"><p>Hier finden Sie Reiserouten, lokale Tipps und aufregende Abenteuer, die Ihnen bei der Gestaltung Ihres Santa Monica-Programms helfen.<\/p>\n<\/div>\n                                        <a class=\"blog-feed__cta\" href=\"https:\/\/www.santamonica.com\/de\/blogeintrage\/\">Alle Blogs anzeigen<\/a>\n                    <\/div>\n\n        <ul class=\"blog-feed__list\">\n                                                <li class=\"blog-feed__item\">\n                        <a href=\"https:\/\/www.santamonica.com\/de\/things-to-do\/outdoors\/\" class=\"blog-feed__item-link\">\n                            <div class=\"blog-feed__image-ratio\">\n                                <img decoding=\"async\" class=\"blog-feed__image\" src=\"https:\/\/www.santamonica.com\/wp-content\/uploads\/2020\/04\/Santa-Monica-Virtual-Beach-blog-post-featured-400x400.jpg\" alt=\"Genie\u00dfen Sie die frische Luft und die Meeresbrise in Santa Monica\" title=\"\">\n                            <\/div>\n                            <div class=\"blog-feed__card-title\">Genie\u00dfen Sie die frische Luft und die Meeresbrise in Santa Monica<\/div>\n                        <\/a>\n                    <\/li>\n                                                                <li class=\"blog-feed__item\">\n                        <a href=\"https:\/\/www.santamonica.com\/de\/things-to-do\/coastal-chronicles-the-history-of-santa-monicas-libraries\/\" class=\"blog-feed__item-link\">\n                            <div class=\"blog-feed__image-ratio\">\n                                <img decoding=\"async\" class=\"blog-feed__image\" src=\"https:\/\/www.santamonica.com\/wp-content\/uploads\/2024\/04\/Untitled-design-34-400x400.jpg\" alt=\"Chroniken der K\u00fcste: Die Geschichte der Bibliotheken von Santa Monica\" title=\"\">\n                            <\/div>\n                            <div class=\"blog-feed__card-title\">Chroniken der K\u00fcste: Die Geschichte der Bibliotheken von Santa Monica<\/div>\n                        <\/a>\n                    <\/li>\n                                                                <li class=\"blog-feed__item\">\n                        <a href=\"https:\/\/www.santamonica.com\/de\/experience-santa-monica\/15-movies-to-satiate-your-santa-monica-wanderlust\/\" class=\"blog-feed__item-link\">\n                            <div class=\"blog-feed__image-ratio\">\n                                <img decoding=\"async\" class=\"blog-feed__image\" src=\"https:\/\/www.santamonica.com\/wp-content\/uploads\/2020\/03\/Movies-Filmed-in-Santa-Monica-blog-post-featured-400x400.jpg\" alt=\"Filme und Fernsehsendungen zur Befriedigung der Wanderlust in Santa Monica\" title=\"\">\n                            <\/div>\n                            <div class=\"blog-feed__card-title\">Filme und Fernsehsendungen zur Befriedigung der Wanderlust in Santa Monica<\/div>\n                        <\/a>\n                    <\/li>\n                                    <\/ul>\n    <\/div>\n<\/section>\n\n\n    <section class=\"booking-cta --theme5 sm-block\">\n    <div id=\"widget-container-2070\"><\/div>\n<script type=\"text\/javascript\">\n  (function() {\n    var script = document.createElement('script');\n    script.type = 'text\/javascript';\n    script.async = 'true';\n    script.src = \"https:\/\/admin.bookdirect.net\/hs4\/widgets\/2070.js?widget_element=widget-container-2070\";\n    document.body.appendChild(script);\n  })();\n<\/script>\n    <\/section>","protected":false},"excerpt":{"rendered":"<p>Public Golf Courses near Santa Monica Los Angeles Heroes Golf Course is open every day of the week and all military veterans are welcomed to play for no cost! Westchester The Westchester Golf Course is casual course is located near LAX and is known for being affordable and unpretentious. Van Nuys Van Nuys Golf Course has a total of 27 holes and is great for golfers of any skill level. If you\u2019re lucky, you may even have a chance to spot some wildlife at this affordable course. Manhattan Beach Westdrift Golf Course is a public golf course located in Manhattan [\u2026]<\/p>\n","protected":false},"author":1421,"featured_media":336928,"parent":0,"menu_order":0,"comment_status":"closed","ping_status":"closed","template":"template-editorial.php","meta":{"_acf_changed":false,"inline_featured_image":false,"footnotes":""},"silos":[3899],"class_list":["post-351225","page","type-page","status-publish","has-post-thumbnail","hentry"],"acf":[],"_links":{"self":[{"href":"https:\/\/www.santamonica.com\/de\/wp-json\/wp\/v2\/pages\/351225","targetHints":{"allow":["GET"]}}],"collection":[{"href":"https:\/\/www.santamonica.com\/de\/wp-json\/wp\/v2\/pages"}],"about":[{"href":"https:\/\/www.santamonica.com\/de\/wp-json\/wp\/v2\/types\/page"}],"author":[{"embeddable":true,"href":"https:\/\/www.santamonica.com\/de\/wp-json\/wp\/v2\/users\/1421"}],"replies":[{"embeddable":true,"href":"https:\/\/www.santamonica.com\/de\/wp-json\/wp\/v2\/comments?post=351225"}],"version-history":[{"count":32,"href":"https:\/\/www.santamonica.com\/de\/wp-json\/wp\/v2\/pages\/351225\/revisions"}],"predecessor-version":[{"id":785076,"href":"https:\/\/www.santamonica.com\/de\/wp-json\/wp\/v2\/pages\/351225\/revisions\/785076"}],"wp:featuredmedia":[{"embeddable":true,"href":"https:\/\/www.santamonica.com\/de\/wp-json\/wp\/v2\/media\/336928"}],"wp:attachment":[{"href":"https:\/\/www.santamonica.com\/de\/wp-json\/wp\/v2\/media?parent=351225"}],"wp:term":[{"taxonomy":"silos","embeddable":true,"href":"https:\/\/www.santamonica.com\/de\/wp-json\/wp\/v2\/silos?post=351225"}],"curies":[{"name":"wp","href":"https:\/\/api.w.org\/{rel}","templated":true}]}}