{"id":351204,"date":"2022-08-05T16:15:09","date_gmt":"2022-08-05T23:15:09","guid":{"rendered":"https:\/\/www.santamonica.com\/?page_id=351204"},"modified":"2026-04-08T11:30:40","modified_gmt":"2026-04-08T18:30:40","slug":"wanderungen","status":"publish","type":"page","link":"https:\/\/www.santamonica.com\/de\/things-to-do\/hikes\/","title":{"rendered":"Santa Monica Wanderungen"},"content":{"rendered":"<section class=\"image-section-break sm-block\">\n    <div class=\"image-section-break__image-wrapper\">\n                    <picture>\n                    <source\n                        media=\"(min-width: 768px)\"\n                        srcset=\"https:\/\/www.santamonica.com\/wp-content\/uploads\/2023\/09\/santa-monica-hiking-trails-1.jpg\"\n                    >\n                    <img decoding=\"async\" src=\"https:\/\/www.santamonica.com\/wp-content\/uploads\/2023\/09\/santa-monica-hiking-trails-M.jpg\" class=\"image-section-break__image\" alt=\"santa monica wanderwege\" title=\"\">\n            <\/picture>\n                \n\n    <\/div>\n    <div class=\"image-section-break__text-content\">\n        <div class=\"image-section-break__first-content --theme3\">\n                                        <h2 class=\"image-section-break__title\">Kann man in den Santa Monica Mountains wandern?<\/h2>\n                                        <div class=\"image-section-break__body-copy wysiwyg\"><p>Einige der eindrucksvollsten und sch\u00f6nsten Wanderungen in der N\u00e4he von Santa Monica finden sich in der <strong><a href=\"https:\/\/www.santamonica.com\/de\/santa-monica-erleben\/santa-monica-gebirge\/\">Santa Monica Mountains Nationales Erholungsgebiet<\/a><\/strong>\u2019K\u00fcstenh\u00fcgeln und den nahe gelegenen Gebieten. Die Gegend ist bekannt f\u00fcr den Panoramablick auf Los Angeles und die K\u00fcste sowie f\u00fcr Hunderte von Wanderm\u00f6glichkeiten, die sich \u00fcber Tausende von Hektar erstrecken.<\/p>\n<\/div>\n                                <\/div>\n        <div class=\"image-section-break__second-content\">\n                            <div class=\"image-section-break__body-copy wysiwyg\"><p>Ganz gleich, welche dieser oder der vielen anderen <strong><a href=\"https:\/\/www.santamonica.com\/de\/santa-monica-erleben\/santa-monica-gebirge\/\">Santa Monica Wanderungen<\/a><\/strong>\u00a0Sie werden die herrlichen Aussichten und die nat\u00fcrliche Sch\u00f6nheit der Gegend mit Sicherheit genie\u00dfen. Wanderungen in der N\u00e4he von Santa Monica sind zahlreich und bieten f\u00fcr jeden etwas, sie sind eine gute M\u00f6glichkeit, um <strong><a href=\"https:\/\/www.santamonica.com\/de\/santa-monica-erleben\/tagesausfluge\/\">einen Tag verbringen<\/a><\/strong> w\u00e4hrend Ihres Besuchs in Santa Monica, Kalifornien!<\/p>\n<p>Im Folgenden finden Sie einige der coolsten Wanderungen in Santa Monica, die die Gegend zu bieten hat.<\/p>\n<\/div>\n                                <\/div>\n    <\/div>\n<\/section>\n\n\n<section class=\"sun-title sm-block --theme6 sm-block\">\n            <h2 class=\"sun-title__headline\">Santa Monica Wanderwege<\/h2>    \n    <\/section>\n\n\n\n<div class=\"wp-block-columns is-layout-flex wp-container-core-columns-is-layout-28f84493 wp-block-columns-is-layout-flex base-block\">\n<div class=\"wp-block-column is-layout-flow wp-block-column-is-layout-flow base-block\">\n<h3 class=\"wp-block-heading base-block\"><strong>Los Leones Pfad<\/strong><\/h3>\n\n\n\n<p class=\"base-block\">Los Leones Trail ist ein malerischer Wanderweg etwa 6 Meilen von Santa Monica. Es ist ein 4,4 Meile Zug mit einem H\u00f6hengewinn von rund 1190 Fu\u00df. Dies ist ein beliebter Weg und Sie werden oft andere Wanderer, Vogelbeobachter oder L\u00e4ufer auf dem Weg zu finden. Von hier aus haben Sie einen herrlichen Blick auf Santa Monica und den Pazifischen Ozean.<\/p>\n<\/div>\n\n\n\n<div class=\"wp-block-column is-layout-flow wp-block-column-is-layout-flow base-block\">\n<h3 class=\"wp-block-heading base-block\">Mishe Mokwa Pfad<\/h3>\n\n\n\n<p class=\"base-block\"><a href=\"https:\/\/www.alltrails.com\/trail\/us\/california\/mishe-mokwa-to-tri-peaks-and-sandstone-peak\" target=\"_blank\" rel=\"noopener\">Der Mishe-Mokwa-Pfad<\/a> ist das ganze Jahr \u00fcber f\u00fcr Wanderer und ihre angeleinten Hunde ge\u00f6ffnet und bietet wundersch\u00f6ne und abwechslungsreiche Landschaften. Er hat einen H\u00f6henunterschied von etwa 1.500 Fu\u00df, so dass er als guter Weg f\u00fcr Wanderer mit mittlerem Schwierigkeitsgrad gilt. Sie k\u00f6nnen den Wegmarkierungen auf dieser Wanderung bis zu einigen ber\u00fchmten Sehensw\u00fcrdigkeiten folgen. Die erste ist der Split Rock in der N\u00e4he einiger beeindruckender Eichen, eine weitere ist der Sandstone Peak, der mit \u00fcber 3.100 Fu\u00df der h\u00f6chste Punkt in der Santa Monica Mountains National Recreation Area ist! Nehmen Sie auf jeden Fall etwas Wasser und einen Snack mit - dieser Wanderweg in Santa Monica ist fast 7 Meilen lang, wenn Sie die genannten Sehensw\u00fcrdigkeiten besuchen.<\/p>\n<\/div>\n\n\n\n<div class=\"wp-block-column is-layout-flow wp-block-column-is-layout-flow base-block\">\n<h3 class=\"wp-block-heading base-block\">Sonnenwende Canyon Schleife<\/h3>\n\n\n\n<p class=\"base-block\"><a href=\"https:\/\/www.alltrails.com\/trail\/us\/california\/solstice-canyon-loop-trail\" target=\"_blank\" rel=\"noopener\">Der Solstice Canyon Loop <\/a>ist eine familienfreundliche Wanderung, die als mittelschwer eingestuft wird, obwohl sie relativ kurz ist. Genie\u00dfen Sie einen sch\u00f6nen pl\u00e4tschernden Bach entlang Ihrer Reise, bis Sie einen malerischen Wasserfall erreichen. Der H\u00f6hengewinn betr\u00e4gt etwa 800 Fu\u00df auf dieser 3-Meilen-Schleife, und der Weg ist gut gepflegt. Zu den weiteren Attraktionen dieser Wanderung geh\u00f6ren der Panoramablick auf den Ozean und die Ruinen eines alten Ranchhauses, das die Einheimischen \u201cTropical Terrace\u201d nennen. Der National Park Service unterh\u00e4lt diese Ruinen, so dass Besucher diese einzigartige Attraktion w\u00e4hrend ihrer Wanderungen in Santa Monica erkunden k\u00f6nnen.<\/p>\n<\/div>\n\n\n\n<div class=\"wp-block-column is-layout-flow wp-block-column-is-layout-flow base-block\">\n<h3 class=\"wp-block-heading base-block\">Paramount-Ranch<\/h3>\n\n\n\n<p class=\"base-block\">Eine weitere einzigartige Attraktion, die man bei Wanderungen in der N\u00e4he von Santa Monica sehen kann, ist der <a href=\"https:\/\/www.nps.gov\/samo\/planyourvisit\/paramountranch.htm\" target=\"_blank\" rel=\"noopener\">Paramount-Ranch <\/a>in der Santa Monica Mountains National Recreation Area. Die Paramount Pictures Corporation nutzte das Gebiet im Laufe der Jahrzehnte f\u00fcr die Dreharbeiten zu zahlreichen kultigen Filmen und Fernsehserien. Heute wird die Attraktion vom National Park Service unterhalten, wo Besucher mehrere kurze Wanderwege rund um die Ranch genie\u00dfen und sehen k\u00f6nnen, wo ber\u00fchmte Titel wie M*A*S*H und Westworld gedreht wurden. Es gibt noch weitere M\u00f6glichkeiten wie Mountainbiking, Wildtierbeobachtung und Reiten, w\u00e4hrend Sie dort sind.<\/p>\n<\/div>\n<\/div>\n\n\n\n<div class=\"wp-block-columns is-layout-flex wp-container-core-columns-is-layout-28f84493 wp-block-columns-is-layout-flex base-block\">\n<div class=\"wp-block-column is-layout-flow wp-block-column-is-layout-flow base-block\">\n<h3 class=\"wp-block-heading base-block\">Temescal Canyon Schleife <\/h3>\n\n\n\n<p class=\"base-block\">Eine gro\u00dfartige Wanderung im Topanga State Park ist der <a href=\"https:\/\/www.alltrails.com\/trail\/us\/california\/temescal-canyon-loop-trail\" target=\"_blank\" rel=\"noopener\">Temescal Canyon Loop Trail<\/a>, der sich in der N\u00e4he des Temescal Gateway Parkgebiets befindet. Der Weg bietet einen Parkplatz f\u00fcr eine kleine Geb\u00fchr und bietet knapp 900 Fu\u00df H\u00f6henunterschied in etwa 3 Meilen. Wenn Sie eine l\u00e4ngere und etwas anspruchsvollere Erweiterung dieser Wanderung abschlie\u00dfen m\u00f6chten, k\u00f6nnen Sie den ber\u00fchmten Skull Rock und einige atemberaubende Ausblicke auf die Santa Monica Bay sehen.<\/p>\n<\/div>\n\n\n\n<div class=\"wp-block-column is-layout-flow wp-block-column-is-layout-flow base-block\">\n<h3 class=\"wp-block-heading base-block\">Paseo Miramar Pfad<\/h3>\n\n\n\n<p class=\"base-block\">Ein weiterer Wanderweg in Santa Monica, den man im Topanga State Park nicht verpassen sollte, ist der <a href=\"https:\/\/www.alltrails.com\/trail\/us\/california\/paseo-miramar-trail\" target=\"_blank\" rel=\"noopener\">Paseo Miramar Pfad<\/a>. Sie ist daf\u00fcr bekannt, dass sie landschaftlich sehr reizvoll ist, obwohl sie etwas anspruchsvoller als moderat ist. Wanderer k\u00f6nnen erwarten, dass sie w\u00e4hrend der 5-Meilen-Wanderung \u00fcber 1.200 Fu\u00df an H\u00f6he gewinnen. Sie bietet wundersch\u00f6ne Ausblicke auf die H\u00e4user in der N\u00e4he des Viertels Pacific Palisades sowie Panoramablicke auf das Meer, die jeden auf dieser Wanderung in Santa Monica beeindrucken werden.<\/p>\n<\/div>\n\n\n\n<div class=\"wp-block-column is-layout-flow wp-block-column-is-layout-flow base-block\">\n<h3 class=\"wp-block-heading base-block\">Rustikaler Canyon-Pfad<\/h3>\n\n\n\n<p class=\"base-block\">Der Will Rogers State Park ist ein historischer Staatspark voller Wanderungen in der N\u00e4he von Santa Monica. Er ist auch der Ausgangspunkt f\u00fcr eine der schwierigeren Santa-Monica-Wanderungen in der Gegend, <a href=\"https:\/\/www.alltrails.com\/trail\/us\/california\/rustic-canyon-loop-trail\" target=\"_blank\" rel=\"noopener\">Rustikaler Canyon-Pfad<\/a>, die Wanderer an sch\u00f6nen Aussichten und einer historischen St\u00e4tte aus dem Zweiten Weltkrieg vorbeif\u00fchrt. Diese Route ist jedoch nichts f\u00fcr schwache Nerven. Sie ist etwa 4,5 Meilen lang und hat einen H\u00f6henunterschied von etwa 1.000 Fu\u00df in rauem Terrain. Obwohl der Weg ganzj\u00e4hrig ge\u00f6ffnet ist, sollten Sie sich vor dem Aufbruch \u00fcber die Bedingungen informieren, da die Qualit\u00e4t des Weges vom Wetter abh\u00e4ngt.<\/p>\n<\/div>\n\n\n\n<div class=\"wp-block-column is-layout-flow wp-block-column-is-layout-flow base-block\">\n<h3 class=\"wp-block-heading base-block\">Inspiration Point Trail<\/h3>\n\n\n\n<p class=\"base-block\"><a href=\"https:\/\/www.alltrails.com\/trail\/us\/california\/will-rogers-state-park-inspiration-point-trail\" target=\"_blank\" rel=\"noopener\">Inspiration Point Trail<\/a> ist eine schnellere und moderatere Wanderung in der N\u00e4he von Santa Monica im Will Rogers State Park, die f\u00fcr Wanderer aller Erfahrungsstufen geeignet ist. Es ist familienfreundlich bei knapp \u00fcber 2 Meilen und einem sehr milden H\u00f6hengewinn von knapp \u00fcber 300 Fu\u00df. Auf diesem Wanderweg in Santa Monica k\u00f6nnen Besucher auch das Ranchhaus von Will Rogers besichtigen und einen Panoramablick auf die Umgebung von Los Angeles genie\u00dfen.<\/p>\n<\/div>\n<\/div>\n\n\n<section class=\"blog-feed --theme8 sm-block\">\n    <div class=\"blog-feed__content\">\n        <div class=\"blog-feed__intro\">\n                            <div class=\"blog-feed__eyebrow eyebrow\">Unternehmungen in der Umgebung von Santa Monica<\/div>                                        <h1 class=\"blog-feed__headline\">Insider-Tipps<\/h1>                                        <div class=\"blog-feed__body\"><p>Hier finden Sie Reiserouten, lokale Tipps und aufregende Abenteuer, die Ihnen bei der Gestaltung Ihres Santa Monica-Programms helfen.<\/p>\n<\/div>\n                                        <a class=\"blog-feed__cta\" href=\"https:\/\/www.santamonica.com\/de\/blogeintrage\/\">Alle Blogs anzeigen<\/a>\n                    <\/div>\n\n        <ul class=\"blog-feed__list\">\n                                                <li class=\"blog-feed__item\">\n                        <a href=\"https:\/\/www.santamonica.com\/de\/things-to-do\/outdoors\/\" class=\"blog-feed__item-link\">\n                            <div class=\"blog-feed__image-ratio\">\n                                <img decoding=\"async\" class=\"blog-feed__image\" src=\"https:\/\/www.santamonica.com\/wp-content\/uploads\/2020\/04\/Santa-Monica-Virtual-Beach-blog-post-featured-400x400.jpg\" alt=\"Genie\u00dfen Sie die frische Luft und die Meeresbrise in Santa Monica\" title=\"\">\n                            <\/div>\n                            <div class=\"blog-feed__card-title\">Genie\u00dfen Sie die frische Luft und die Meeresbrise in Santa Monica<\/div>\n                        <\/a>\n                    <\/li>\n                                                                <li class=\"blog-feed__item\">\n                        <a href=\"https:\/\/www.santamonica.com\/de\/things-to-do\/coastal-chronicles-the-history-of-santa-monicas-libraries\/\" class=\"blog-feed__item-link\">\n                            <div class=\"blog-feed__image-ratio\">\n                                <img decoding=\"async\" class=\"blog-feed__image\" src=\"https:\/\/www.santamonica.com\/wp-content\/uploads\/2024\/04\/Untitled-design-34-400x400.jpg\" alt=\"Chroniken der K\u00fcste: Die Geschichte der Bibliotheken von Santa Monica\" title=\"\">\n                            <\/div>\n                            <div class=\"blog-feed__card-title\">Chroniken der K\u00fcste: Die Geschichte der Bibliotheken von Santa Monica<\/div>\n                        <\/a>\n                    <\/li>\n                                                                <li class=\"blog-feed__item\">\n                        <a href=\"https:\/\/www.santamonica.com\/de\/experience-santa-monica\/15-movies-to-satiate-your-santa-monica-wanderlust\/\" class=\"blog-feed__item-link\">\n                            <div class=\"blog-feed__image-ratio\">\n                                <img decoding=\"async\" class=\"blog-feed__image\" src=\"https:\/\/www.santamonica.com\/wp-content\/uploads\/2020\/03\/Movies-Filmed-in-Santa-Monica-blog-post-featured-400x400.jpg\" alt=\"Filme und Fernsehsendungen zur Befriedigung der Wanderlust in Santa Monica\" title=\"\">\n                            <\/div>\n                            <div class=\"blog-feed__card-title\">Filme und Fernsehsendungen zur Befriedigung der Wanderlust in Santa Monica<\/div>\n                        <\/a>\n                    <\/li>\n                                    <\/ul>\n    <\/div>\n<\/section>\n\n\n    <section class=\"booking-cta --theme5 sm-block\">\n    <div id=\"widget-container-2070\"><\/div>\n<script type=\"text\/javascript\">\n  (function() {\n    var script = document.createElement('script');\n    script.type = 'text\/javascript';\n    script.async = 'true';\n    script.src = \"https:\/\/admin.bookdirect.net\/hs4\/widgets\/2070.js?widget_element=widget-container-2070\";\n    document.body.appendChild(script);\n  })();\n<\/script>\n    <\/section>","protected":false},"excerpt":{"rendered":"<p>Los Leones Trail Los Leones Trail is a scenic hiking trail about 6 miles from Santa Monica. It Is a 4.4 mile train with an elevation gain of around 1190 feet. This is a popular trail and you will often find other hiker, bird watchers or runners along the way. Here you will get some amazing views of Santa Monica and the Pacific Ocean. Mishe Mokwa Trail The Mishe Mokwa Trail is open to hikers and their leashed dogs all year-round and features beautiful and diverse landscapes. It has an elevation gain of around 1,500 feet, so it is considered [\u2026]<\/p>\n","protected":false},"author":1421,"featured_media":388870,"parent":0,"menu_order":0,"comment_status":"closed","ping_status":"closed","template":"template-editorial.php","meta":{"_acf_changed":false,"inline_featured_image":false,"footnotes":""},"silos":[3899],"class_list":["post-351204","page","type-page","status-publish","has-post-thumbnail","hentry"],"acf":[],"_links":{"self":[{"href":"https:\/\/www.santamonica.com\/de\/wp-json\/wp\/v2\/pages\/351204","targetHints":{"allow":["GET"]}}],"collection":[{"href":"https:\/\/www.santamonica.com\/de\/wp-json\/wp\/v2\/pages"}],"about":[{"href":"https:\/\/www.santamonica.com\/de\/wp-json\/wp\/v2\/types\/page"}],"author":[{"embeddable":true,"href":"https:\/\/www.santamonica.com\/de\/wp-json\/wp\/v2\/users\/1421"}],"replies":[{"embeddable":true,"href":"https:\/\/www.santamonica.com\/de\/wp-json\/wp\/v2\/comments?post=351204"}],"version-history":[{"count":38,"href":"https:\/\/www.santamonica.com\/de\/wp-json\/wp\/v2\/pages\/351204\/revisions"}],"predecessor-version":[{"id":794636,"href":"https:\/\/www.santamonica.com\/de\/wp-json\/wp\/v2\/pages\/351204\/revisions\/794636"}],"wp:featuredmedia":[{"embeddable":true,"href":"https:\/\/www.santamonica.com\/de\/wp-json\/wp\/v2\/media\/388870"}],"wp:attachment":[{"href":"https:\/\/www.santamonica.com\/de\/wp-json\/wp\/v2\/media?parent=351204"}],"wp:term":[{"taxonomy":"silos","embeddable":true,"href":"https:\/\/www.santamonica.com\/de\/wp-json\/wp\/v2\/silos?post=351204"}],"curies":[{"name":"wp","href":"https:\/\/api.w.org\/{rel}","templated":true}]}}