{"id":351176,"date":"2022-08-05T16:52:41","date_gmt":"2022-08-05T23:52:41","guid":{"rendered":"https:\/\/www.santamonica.com\/?page_id=351176"},"modified":"2026-02-09T08:37:17","modified_gmt":"2026-02-09T16:37:17","slug":"pickleball","status":"publish","type":"page","link":"https:\/\/www.santamonica.com\/de\/things-to-do\/pickleball\/","title":{"rendered":"Pickleball"},"content":{"rendered":"<div class=\"wp-block-columns is-layout-flex wp-container-core-columns-is-layout-28f84493 wp-block-columns-is-layout-flex base-block\">\n<div class=\"wp-block-column is-layout-flow wp-block-column-is-layout-flow base-block\">\n<h4 class=\"wp-block-heading base-block\">Was ist Pickleball?<\/h4>\n\n\n\n<p class=\"base-block\">Pickleball wurde 1965 auf Bainbridge Island im Bundesstaat Washington erfunden. Der Sport kann drinnen oder drau\u00dfen gespielt werden und wird mit einem Wiffle-Ball und einem Schl\u00e4ger gespielt, der etwas gr\u00f6\u00dfer und l\u00e4nger als ein Tischtennisschl\u00e4ger ist.<\/p>\n\n\n\n<p class=\"base-block\">Ein Pickleball-Platz hat die gleiche Gr\u00f6\u00dfe wie ein Badminton-Platz: 6,1 Meter (20 Fu\u00df) breit und 13,4 Meter (44 Fu\u00df) lang, mit einem 86,4 Zentimeter (34 Zoll) hohen Netz in der Mitte. In der N\u00e4he der Netze sollte es eine 2,1-Meter-Zone ohne Volley geben, und es sollten rechts und links Aufschlagpl\u00e4tze vorhanden sein, \u00e4hnlich wie auf einem Tennisplatz.<\/p>\n<\/div>\n\n\n\n<div class=\"wp-block-column is-layout-flow wp-block-column-is-layout-flow base-block\">\n<h4 class=\"wp-block-heading base-block\">Pickleball-Regeln<\/h4>\n\n\n\n<p class=\"base-block\">Die Pickleball-Regeln sind einfach: Sie k\u00f6nnen Doppel oder Einzel spielen, und der erste Aufschlag erfolgt diagonal \u00fcber das Spielfeld vom rechten Feld der aufschlagenden Seite. Sobald ein Punkt erzielt wurde, wechselt der Aufschl\u00e4ger die Seite und schl\u00e4gt vom linken Feld aus auf. Die Spieler machen so lange weiter, bis eine der beiden Mannschaften einen Fehler macht und den Aufschlag an die andere Seite verliert. Nur die aufschlagende Mannschaft kann punkten, und die empfangende Mannschaft muss den Ball abprallen lassen, bevor sie ihn schl\u00e4gt. Die Spiele werden bis 11 Punkte gespielt.<\/p>\n<\/div>\n<\/div>\n\n\n\n<div class=\"wp-block-columns is-layout-flex wp-container-core-columns-is-layout-28f84493 wp-block-columns-is-layout-flex base-block\">\n<div class=\"wp-block-column is-layout-flow wp-block-column-is-layout-flow base-block\">\n<h4 class=\"wp-block-heading base-block\">Wie man dorthin kommt<\/h4>\n\n\n\n<p class=\"base-block\">Die 17. Stra\u00dfe&nbsp;<a href=\"https:\/\/www.santamonica.com\/de\/transport\/santa-monica-u-bahn\/\">Metro Linie E<\/a>&nbsp;Die Haltestelle befindet sich in der N\u00e4he der Pickleballpl\u00e4tze im Memorial Park, so dass Sie bequem mit der U-Bahn zu Ihrem Spiel fahren k\u00f6nnen. Steigen Sie danach wieder in den Zug und fahren Sie schnell nach&nbsp;<a href=\"https:\/\/www.santamonica.com\/de\/nachbarschaften-in-santa-monica\/downtown-santa-monica-third-street-promenade\/\">Stadtzentrum Santa Monica<\/a>&nbsp;f\u00fcr einen Happen zu essen und etwas Spa\u00df in der Stadt!<\/p>\n<\/div>\n<\/div>\n\n\n\n<section class=\"image-section-break sm-block\">\n    <div class=\"image-section-break__image-wrapper\">\n                    <picture>\n                    <source\n                        media=\"(min-width: 768px)\"\n                        srcset=\"https:\/\/www.santamonica.com\/wp-content\/uploads\/2024\/03\/Santa-Monica-Pickleball-Center-1656x574-1.png\"\n                    >\n                    <img decoding=\"async\" src=\"https:\/\/www.santamonica.com\/wp-content\/uploads\/2024\/03\/Santa-Monica-Pickleball-Center-650x866px.png\" class=\"image-section-break__image\" alt=\"pickleball spielende leute im santa monica pickleball center\" title=\"\">\n            <\/picture>\n                \n\n    <\/div>\n    <div class=\"image-section-break__text-content\">\n        <div class=\"image-section-break__first-content --theme3\">\n                            <div class=\"image-section-break__eyebrow-text\">Wo spielen<\/div>\n                                        <h2 class=\"image-section-break__title\">Pickleball-Pl\u00e4tze in Santa Monica<\/h2>\n                                        <div class=\"image-section-break__body-copy wysiwyg\"><p>Profis und Anf\u00e4nger k\u00f6nnen das Leben bei\u00a0<a href=\"https:\/\/www.santamonica.com\/de\/dinge-die-man-tun-kann\/santa-monica-pickleball-center\/\">Pickleball-Zentrum Santa Monica<\/a>. Sie haben Zugang zu vier Au\u00dfen- und Hallenpl\u00e4tzen und k\u00f6nnen sich f\u00fcr Privat- und Gruppenunterricht anmelden. Als Teil eines der bekanntesten Tennisunternehmen in S\u00fcdkalifornien bietet diese Anlage auch Einzelhandel und eines der vielf\u00e4ltigsten Angebote an Pickleball-Ausr\u00fcstung in ganz L.A.<br data-rich-text-line-break=\"true\" \/><br data-rich-text-line-break=\"true\" \/>Drei \u00fcberdachte, von der PPA zugelassene Pickleball-Pl\u00e4tze, offene Spielrunden, gesellige Veranstaltungen in West LA und private Partys - alles auf der Third Street Promenade.<a href=\"https:\/\/www.santamonica.com\/de\/gurkenpop\/\">Gurke Pop<\/a> hat alles zu bieten. Um den Spa\u00df noch zu steigern, k\u00f6nnen die Spieler einer benutzerdefinierten Liga beitreten oder ihre eigene erstellen.<\/p>\n<\/div>\n                                <\/div>\n        <div class=\"image-section-break__second-content\">\n                            <div class=\"image-section-break__body-copy wysiwyg\"><p>Schauen Sie an den Wochenenden bei den Pickleball-Pl\u00e4tzen der John Adams Middle School vorbei und spielen Sie dort kostenlos von 8 bis 12 Uhr. An Wochenenden nach 12 Uhr und wochentags von 17 Uhr bis zur Abendd\u00e4mmerung k\u00f6nnen Sie nach dem Prinzip \"Wer zuerst kommt, mahlt zuerst\" spielen.<\/p>\n<p>In der Innenstadt von Santa Monica k\u00f6nnen sich Pickleball-Fans f\u00fcr Erwachsenenkurse und Liveball, Kinder-Pickleball-Kurse, 3-st\u00fcndige, einmal im Monat stattfindende Mini-Camps anmelden und Platzzeiten auf Innen- und Au\u00dfenpl\u00e4tzen reservieren. <a href=\"https:\/\/www.santamonica.com\/de\/pickletown-la\/\">Pickletown LA<\/a>. Dies ist der perfekte Ort, um mit der Familie, mit Freunden oder neuen Bekannten zu spielen.<\/p>\n<p><a href=\"https:\/\/www.santamonica.com\/de\/was-zu-tun-ist\/gedenkpark\/\">Gedenkpark<\/a>\u00a0verf\u00fcgt \u00fcber vier Tennispl\u00e4tze, die mit Pickleball-Linien versehen sind und jeweils vier Pickleball-Pl\u00e4tze aufnehmen k\u00f6nnen. Diese Pl\u00e4tze werden nach dem Prinzip \"Wer zuerst kommt, mahlt zuerst\" genutzt, wenn sie nicht durch st\u00e4dtische Programme oder Reservierungen belegt sind. Informationen \u00fcber die Reservierung von Tennis- und Pickleball-Pl\u00e4tzen finden Sie auf der Website der Stadt Santa Monica\u00a0<a href=\"https:\/\/www.santamonica.gov\/programs\/tennis-and-pickleball\" target=\"_blank\" rel=\"noreferrer noopener\">hier<\/a>.<\/p>\n<\/div>\n                                <\/div>\n    <\/div>\n<\/section>\n\n\n    <section class=\"booking-cta --theme5 sm-block\">\n    <div id=\"widget-container-2070\"><\/div>\n<script type=\"text\/javascript\">\n  (function() {\n    var script = document.createElement('script');\n    script.type = 'text\/javascript';\n    script.async = 'true';\n    script.src = \"https:\/\/admin.bookdirect.net\/hs4\/widgets\/2070.js?widget_element=widget-container-2070\";\n    document.body.appendChild(script);\n  })();\n<\/script>\n    <\/section>\n\n\n\n<section class=\"blog-feed --theme8 sm-block\">\n    <div class=\"blog-feed__content\">\n        <div class=\"blog-feed__intro\">\n                            <div class=\"blog-feed__eyebrow eyebrow\">Freizeitaktivit\u00e4ten in Santa Monica<\/div>                                        <h1 class=\"blog-feed__headline\">Insider-Tipps<\/h1>                                        <div class=\"blog-feed__body\"><p>Hier finden Sie Reiserouten, lokale Tipps und aufregende Abenteuer, die Ihnen bei der Gestaltung Ihres Santa Monica-Programms helfen.<\/p>\n<\/div>\n                                        <a class=\"blog-feed__cta\" href=\"https:\/\/www.santamonica.com\/de\/blogeintrage\/\">Alle Blogs anzeigen<\/a>\n                    <\/div>\n\n        <ul class=\"blog-feed__list\">\n                                                <li class=\"blog-feed__item\">\n                        <a href=\"https:\/\/www.santamonica.com\/de\/things-to-do\/outdoors\/\" class=\"blog-feed__item-link\">\n                            <div class=\"blog-feed__image-ratio\">\n                                <img decoding=\"async\" class=\"blog-feed__image\" src=\"https:\/\/www.santamonica.com\/wp-content\/uploads\/2020\/04\/Santa-Monica-Virtual-Beach-blog-post-featured-400x400.jpg\" alt=\"Genie\u00dfen Sie die frische Luft und die Meeresbrise in Santa Monica\" title=\"\">\n                            <\/div>\n                            <div class=\"blog-feed__card-title\">Genie\u00dfen Sie die frische Luft und die Meeresbrise in Santa Monica<\/div>\n                        <\/a>\n                    <\/li>\n                                                                <li class=\"blog-feed__item\">\n                        <a href=\"https:\/\/www.santamonica.com\/de\/things-to-do\/coastal-chronicles-the-history-of-santa-monicas-libraries\/\" class=\"blog-feed__item-link\">\n                            <div class=\"blog-feed__image-ratio\">\n                                <img decoding=\"async\" class=\"blog-feed__image\" src=\"https:\/\/www.santamonica.com\/wp-content\/uploads\/2024\/04\/Untitled-design-34-400x400.jpg\" alt=\"Chroniken der K\u00fcste: Die Geschichte der Bibliotheken von Santa Monica\" title=\"\">\n                            <\/div>\n                            <div class=\"blog-feed__card-title\">Chroniken der K\u00fcste: Die Geschichte der Bibliotheken von Santa Monica<\/div>\n                        <\/a>\n                    <\/li>\n                                                                <li class=\"blog-feed__item\">\n                        <a href=\"https:\/\/www.santamonica.com\/de\/experience-santa-monica\/15-movies-to-satiate-your-santa-monica-wanderlust\/\" class=\"blog-feed__item-link\">\n                            <div class=\"blog-feed__image-ratio\">\n                                <img decoding=\"async\" class=\"blog-feed__image\" src=\"https:\/\/www.santamonica.com\/wp-content\/uploads\/2020\/03\/Movies-Filmed-in-Santa-Monica-blog-post-featured-400x400.jpg\" alt=\"Filme und Fernsehsendungen zur Befriedigung der Wanderlust in Santa Monica\" title=\"\">\n                            <\/div>\n                            <div class=\"blog-feed__card-title\">Filme und Fernsehsendungen zur Befriedigung der Wanderlust in Santa Monica<\/div>\n                        <\/a>\n                    <\/li>\n                                    <\/ul>\n    <\/div>\n<\/section>","protected":false},"excerpt":{"rendered":"<p>What is pickleball? Pickleball was invented on Bainbridge Island in Washington state in 1965. The sport can be played indoors or outdoors and uses a Wiffle ball and a paddle that is slightly larger and longer than a ping pong paddle. A pickleball court is the same as a badminton-sized court, 20 feet (6.1 meters) wide by 44 feet (13.4 meters) long, with a net measuring 34 inches (86.4 centimeters) tall in the middle. There should be a 7-foot (2.1-meter) no volley zone nearest the nets and right and left service courts, similar to a tennis court layout. Pickleball rules [\u2026]<\/p>\n","protected":false},"author":1421,"featured_media":351191,"parent":0,"menu_order":0,"comment_status":"closed","ping_status":"closed","template":"template-editorial.php","meta":{"_acf_changed":false,"inline_featured_image":false,"footnotes":""},"silos":[3899],"class_list":["post-351176","page","type-page","status-publish","has-post-thumbnail","hentry"],"acf":[],"_links":{"self":[{"href":"https:\/\/www.santamonica.com\/de\/wp-json\/wp\/v2\/pages\/351176","targetHints":{"allow":["GET"]}}],"collection":[{"href":"https:\/\/www.santamonica.com\/de\/wp-json\/wp\/v2\/pages"}],"about":[{"href":"https:\/\/www.santamonica.com\/de\/wp-json\/wp\/v2\/types\/page"}],"author":[{"embeddable":true,"href":"https:\/\/www.santamonica.com\/de\/wp-json\/wp\/v2\/users\/1421"}],"replies":[{"embeddable":true,"href":"https:\/\/www.santamonica.com\/de\/wp-json\/wp\/v2\/comments?post=351176"}],"version-history":[{"count":52,"href":"https:\/\/www.santamonica.com\/de\/wp-json\/wp\/v2\/pages\/351176\/revisions"}],"predecessor-version":[{"id":785059,"href":"https:\/\/www.santamonica.com\/de\/wp-json\/wp\/v2\/pages\/351176\/revisions\/785059"}],"wp:featuredmedia":[{"embeddable":true,"href":"https:\/\/www.santamonica.com\/de\/wp-json\/wp\/v2\/media\/351191"}],"wp:attachment":[{"href":"https:\/\/www.santamonica.com\/de\/wp-json\/wp\/v2\/media?parent=351176"}],"wp:term":[{"taxonomy":"silos","embeddable":true,"href":"https:\/\/www.santamonica.com\/de\/wp-json\/wp\/v2\/silos?post=351176"}],"curies":[{"name":"wp","href":"https:\/\/api.w.org\/{rel}","templated":true}]}}