{"id":349028,"date":"2022-07-25T12:49:54","date_gmt":"2022-07-25T19:49:54","guid":{"rendered":"https:\/\/www.santamonica.com\/?page_id=349028"},"modified":"2024-06-03T21:03:07","modified_gmt":"2024-06-04T04:03:07","slug":"verantwortungsvoll-reisen","status":"publish","type":"page","link":"https:\/\/www.santamonica.com\/de\/travel-responsibly\/","title":{"rendered":"Verantwortungsvoll reisen"},"content":{"rendered":"<section class=\"sun-title sm-block --theme6 --2col sm-block\">\n            <h2 class=\"sun-title__headline\">Verantwortungsbewusstes Reisen in Santa Monica<\/h2>    \n            <div class=\"sun-title__body  --2col wysiwyg\">\n                    <div class=\"column-1\">\n                <p><!-- wp:heading {\"level\":4} --><\/p>\n<h3 class=\"wp-block-heading\"><strong>Vorausschauend planen<\/strong><\/h3>\n<p>Informieren Sie sich \u00fcber ein Unternehmen oder eine Aktivit\u00e4t, die Sie gerne aus\u00fcben m\u00f6chten, bevor Sie gehen. Rufen Sie das Unternehmen direkt an oder informieren Sie sich auf den Websites und Social-Media-Kan\u00e4len, um herauszufinden, ob die Abl\u00e4ufe dort anders sind.<\/p>\n<p><!-- \/wp:paragraph --> <!-- wp:paragraph --><\/p>\n<p>Wenn Sie in ein bestimmtes Restaurant oder Museum gehen m\u00f6chten, sollten Sie im Voraus reservieren oder zu verkehrs\u00e4rmeren Zeiten gehen. Wenn Sie Menschenmassen vermeiden wollen, besuchen Sie eine der <a href=\"https:\/\/www.santamonica.com\/de\/santa-monica-erleben\/nachbarschaften\/\">Santa Monicas acht Stadtteile<\/a>, die sowohl f\u00fcr Besucher als auch f\u00fcr Einheimische eine Vielzahl von Restaurants und Einkaufsm\u00f6glichkeiten bieten.<\/p>\n<p><!-- \/wp:paragraph --> <!-- wp:paragraph --><\/p>\n<p>Wenn Sie noch Fragen haben, rufen Sie bitte unser Visitor Center unter 310-319-6263 an oder schicken Sie eine SMS an 424-443-8830, sieben Tage die Woche von 9 bis 17 Uhr, oder kommen Sie in der Main Street 2427 vorbei, die von Montag bis Freitag von 9 bis 17:30 Uhr und Samstag und Sonntag von 9 bis 17 Uhr ge\u00f6ffnet ist. Wir helfen Ihnen gerne bei der Beantwortung aller Fragen, die Sie zu einem Besuch in Santa Monica jetzt haben.<\/p>\n<p><!-- \/wp:paragraph --> <!-- wp:heading {\"level\":5} --><\/p>\n<h3 class=\"wp-block-heading\"><strong>Erwartungen f\u00fcr Ihren Besuch festlegen<\/strong><\/h3>\n<p>Wir bitten Sie um Geduld und ein wenig Flexibilit\u00e4t bei Ihren Reise- und Aktivit\u00e4tspl\u00e4nen. Die Gemeinde Santa Monica hei\u00dft Besucher freundlich willkommen und wei\u00df es zu sch\u00e4tzen, wenn diese sich revanchieren. Seien Sie gro\u00dfz\u00fcgig zu den \u00f6rtlichen Unternehmen und tragen Sie Ihren Teil dazu bei, den langfristigen Wohlstand der Orte, die Sie besuchen, zu erhalten.<\/p>\n<p><!-- \/wp:paragraph --> <!-- wp:paragraph --><\/p>\n<p>Der Strand und der Pier sind ein absolutes Muss in Ihrem Urlaub, aber es gibt auch viele andere einzigartige Viertel in Santa Monica zu entdecken, die vielleicht weniger \u00fcberlaufen sind. Schauen Sie sich die zahlreichen Stra\u00dfenmalereien auf\u00a0<a href=\"https:\/\/www.santamonica.com\/de\/santa-monica-erleben\/nachbarschaften\/pico-boulevard\/\">Pico Boulevard<\/a>\u00a0mit einem selbstgef\u00fchrten Rundgang, in den Boutiquen und Caf\u00e9s der\u00a0<a href=\"https:\/\/www.santamonica.com\/de\/santa-monica-erleben\/nachbarschaften\/montana-avenue\/\">Montana Avenue<\/a>, in einem der zahlreichen Restaurants im Freien zu speisen.\u00a0<a href=\"https:\/\/www.santamonica.com\/de\/santa-monica-erleben\/nachbarschaften\/hauptstrase\/\">Hauptstra\u00dfe<\/a>, besuchen Sie eine oder zwei Galerien in\u00a0<a href=\"https:\/\/www.santamonica.com\/de\/santa-monica-erleben\/nachbarschaften\/stadtmitte\/\">Mitte der Stadt<\/a>\u2019das bl\u00fchende K\u00fcnstlerviertel, kaufen Sie frische Produkte der Saison in einem der\u00a0<a href=\"https:\/\/www.santamonica.com\/de\/santa-monica-erleben\/nachbarschaften\/zentrum-von-santa-monica-3-strase-promenade\/\">Stadtzentrum Santa Monica<\/a>\u2019s\u00a0<a href=\"https:\/\/www.santamonica.com\/de\/santa-monica-erleben\/bauernmarkte\/\">Bauernm\u00e4rkte<\/a>\u00a0oder shoppen Sie nach Sch\u00e4tzen in der\u00a0<a href=\"https:\/\/www.santamonica.com\/de\/santa-monica-erleben\/nachbarschaften\/meerespark\/\">Ocean Park Boulevard\/Santa Monica Flughafengebiet<\/a>.<\/p>\n<h3 class=\"wp-block-heading\"><strong>Autofrei werden<\/strong><\/h3>\n<p><!-- \/wp:heading --> <!-- wp:paragraph --><\/p>\n<p>Die 8,3 Quadratkilometer von Santa Monica bieten fu\u00dfg\u00e4ngerfreundliche B\u00fcrgersteige, kilometerlange Fahrradwege, eine Stadtbahn, die Santa Monica mit dem Stadtzentrum von L.A. verbindet, Mitfahrgelegenheiten und Elektroroller. Alle Santa Monica's anzeigen\u00a0<a href=\"https:\/\/www.santamonica.com\/de\/transport\/offentliche-verkehrsmittel\/\">\u00d6ffentliche Transportm\u00f6glichkeiten<\/a>\u00a0und \u00dcberpr\u00fcfung\u00a0<a href=\"https:\/\/www.santamonica.com\/de\/santa-monica-erleben\/sicherheit\/\">Sicherheitsinformationen<\/a>\u00a0f\u00fcr die Fortbewegung in der Stadt.<\/p>\n<p><!-- \/wp:paragraph --> <!-- wp:paragraph --><\/p>\n<p>Wenn Sie ein Fahrzeug mitbringen m\u00fcssen, lesen Sie bitte unsere\u00a0<a href=\"https:\/\/www.santamonica.com\/de\/transport\/parkplatz\/\">Parkseite<\/a>\u00a0f\u00fcr weitere Informationen.<\/p>\n<p><!-- \/wp:paragraph --><\/p>\n                            <\/div>\n            <div class=\"column-2\">\n                <p><!-- wp:heading {\"level\":4} --><\/p>\n<h3 class=\"wp-block-heading\"><strong>Helfen Sie, Santa Monica sauber zu halten<\/strong><\/h3>\n<p>Respektieren Sie jeden und alles, was Ihnen in Santa Monica begegnet, in h\u00f6chstem Ma\u00dfe. Dies gilt auch f\u00fcr die Umwelt, in der wir leben. Damit unsere Stadt am Strand in neuem Glanz erstrahlt, entsorgen Sie bitte Ihren M\u00fcll in den daf\u00fcr vorgesehenen Beh\u00e4ltern am Strand und in der ganzen Stadt oder nehmen Sie ihn mit nach drau\u00dfen. Wir alle tragen gemeinsam die Verantwortung f\u00fcr den Schutz von Santa Monica.<\/p>\n<p><!-- \/wp:paragraph --> <!-- wp:heading {\"level\":5} --><\/p>\n<h3 class=\"wp-block-heading\"><strong>Lokale Unternehmen unterst\u00fctzen und die Kultur zelebrieren<\/strong><\/h3>\n<p class=\"wp-block-heading\">Der Besuch lokaler Veranstaltungen, das Essen in lokalen Restaurants und das Einkaufen in lokalen Gesch\u00e4ften tragen zum Wohlbefinden und zur Wirtschaft der lokalen Gemeinschaft bei. Das Eintauchen in die vielen lokalen Kulturen und Traditionen von Santa Monica tr\u00e4gt dazu bei, dass sich die Stadt zu einem unverwechselbaren Reiseziel am Strand entwickelt, das auch zuk\u00fcnftige Generationen besuchen und genie\u00dfen k\u00f6nnen.<\/p>\n<p><!-- \/wp:paragraph --> <!-- wp:paragraph --><\/p>\n<p>Wussten Sie, dass von jedem $10, der in einem Gesch\u00e4ft in Santa Monica ausgegeben wird, bis zu $7 durch Steuern, Lohnkosten und andere Ausgaben in der Gemeinde verbleibt? Mit jedem Einkauf, den Sie w\u00e4hrend Ihres Besuchs in Santa Monica t\u00e4tigen, investieren Sie in unsere lokale Wirtschaft, sparen Zeit und verringern Ihren \u00f6kologischen Fu\u00dfabdruck.<\/p>\n<p><!-- \/wp:paragraph --> <!-- wp:heading {\"level\":5} --><\/p>\n<h3 class=\"wp-block-heading\">Gesund bleiben<\/h3>\n<p class=\"wp-block-heading\">Ab dem\u00a0<a href=\"http:\/\/publichealth.lacounty.gov\/phcommon\/public\/media\/mediapubdetail.cfm?unit=media&amp;ou=ph&amp;prog=media&amp;prid=4344\" target=\"_blank\" rel=\"noreferrer noopener\">31. M\u00e4rz 2023<\/a>, sind die lokalen, regionalen, staatlichen und bundesstaatlichen COVID-19-Notstandserkl\u00e4rungen abgeschlossen. Zwar ist das Tragen von Masken an \u00f6ffentlichen Orten, in Massenverkehrsmitteln und bei der Ein- und Ausreise in die USA nicht mehr vorgeschrieben, aber Santa Monica ermutigt weiterhin zu verantwortungsbewusstem Reisen und allgemeinem Wohlbefinden f\u00fcr die \u00f6rtliche Gemeinde und Reisende in die USA. Zum Schutz von sich selbst und anderen geh\u00f6rt es, sich testen zu lassen, wenn Sie Symptome versp\u00fcren oder wenn Sie mit einer positiv getesteten Person in Kontakt gekommen sind. Das beste Mittel zur Vorbeugung und zum Schutz vor der Verbreitung von COVID-19 ist die Impfung und Auffrischung. Sie k\u00f6nnen sich gegen Grippe impfen lassen <a href=\"https:\/\/www.vaccines.gov\/\" target=\"_blank\" rel=\"noopener\">zur gleichen Zeit<\/a> als COVID-19-Impfstoff.<\/p>\n<p><!-- \/wp:paragraph --><\/p>\n                            <\/div>\n            <\/div>\n    <\/section>\n\n\n\n<p class=\"base-block\"><\/p>\n\n\n\n<p class=\"has-text-align-center base-block\">Wenn Sie Ihre Reise nach dem Besuch von Santa Monica fortsetzen m\u00f6chten, lesen Sie bitte\u00a0<a href=\"https:\/\/www.visitcalifornia.com\/things-to-do\/travel-california-respect-california\/\" target=\"_blank\" rel=\"noreferrer noopener\">Besuchen Sie den Travel Responsibly Code von Kalifornien<\/a>.<\/p>\n\n\n    <section class=\"booking-cta --theme5 sm-block\">\n    <div id=\"widget-container-2070\"><\/div>\n<script type=\"text\/javascript\">\n  (function() {\n    var script = document.createElement('script');\n    script.type = 'text\/javascript';\n    script.async = 'true';\n    script.src = \"https:\/\/admin.bookdirect.net\/hs4\/widgets\/2070.js?widget_element=widget-container-2070\";\n    document.body.appendChild(script);\n  })();\n<\/script>\n    <\/section>\n\n\n\n<section class=\"blog-feed --theme8 sm-block\">\n    <div class=\"blog-feed__content\">\n        <div class=\"blog-feed__intro\">\n                            <div class=\"blog-feed__eyebrow eyebrow\">Blogs<\/div>                                        <h2 class=\"blog-feed__headline\">Santa Monica entdecken<\/h2>                                        <div class=\"blog-feed__body\"><p>Entdecken Sie Reiserouten, lokale Tipps, Hot Spots und ausgew\u00e4hlte Abenteuer, damit Sie das Beste aus Ihrem Aufenthalt in Santa Monica machen k\u00f6nnen.<\/p>\n<\/div>\n                                        <a class=\"blog-feed__cta\" href=\"https:\/\/www.santamonica.com\/de\/blogeintrage\/\">Alle Blogs anzeigen<\/a>\n                    <\/div>\n\n        <ul class=\"blog-feed__list\">\n                                                <li class=\"blog-feed__item\">\n                        <a href=\"https:\/\/www.santamonica.com\/de\/mother-road-modern-meetings-route-66-meeting-spaces-set-to-shine-for-centennial-in-santa-monica\/\" class=\"blog-feed__item-link\">\n                            <div class=\"blog-feed__image-ratio\">\n                                <img decoding=\"async\" class=\"blog-feed__image\" src=\"https:\/\/www.santamonica.com\/wp-content\/uploads\/2025\/12\/untitledJuly20162C2020180010-182-2-400x400.jpg\" alt=\"MUTTERSTRASSE, MODERNE TAGUNGEN: ROUTE-66-TAGUNGSR\u00c4UME ERSTRAHLEN ZUM HUNDERTJ\u00c4HRIGEN JUBIL\u00c4UM IN SANTA MONICA\" title=\"\">\n                            <\/div>\n                            <div class=\"blog-feed__card-title\">MUTTERSTRASSE, MODERNE TAGUNGEN: ROUTE-66-TAGUNGSR\u00c4UME ERSTRAHLEN ZUM HUNDERTJ\u00c4HRIGEN JUBIL\u00c4UM IN SANTA MONICA<\/div>\n                        <\/a>\n                    <\/li>\n                                                                <li class=\"blog-feed__item\">\n                        <a href=\"https:\/\/www.santamonica.com\/de\/media\/news-release\/santa-monica-announces-song-contest-in-celebration-of-route-66-centennial\/\" class=\"blog-feed__item-link\">\n                            <div class=\"blog-feed__image-ratio\">\n                                <img decoding=\"async\" class=\"blog-feed__image\" src=\"https:\/\/www.santamonica.com\/wp-content\/uploads\/2025\/11\/DSC01084-400x400.jpg\" alt=\"SANTA MONICA VERK\u00dcNDET SONGWETTBEWERB ZUR FEIER DES HUNDERTJ\u00c4HRIGEN BESTEHENS DER ROUTE 66\" title=\"\">\n                            <\/div>\n                            <div class=\"blog-feed__card-title\">SANTA MONICA VERK\u00dcNDET SONGWETTBEWERB ZUR FEIER DES HUNDERTJ\u00c4HRIGEN BESTEHENS DER ROUTE 66<\/div>\n                        <\/a>\n                    <\/li>\n                                                                <li class=\"blog-feed__item\">\n                        <a href=\"https:\/\/www.santamonica.com\/de\/media\/news-release\/where-to-watch-the-world-series-in-santa-monica\/\" class=\"blog-feed__item-link\">\n                            <div class=\"blog-feed__image-ratio\">\n                                <img decoding=\"async\" class=\"blog-feed__image\" src=\"https:\/\/www.santamonica.com\/wp-content\/uploads\/2025\/10\/dodgers-logo-1-400x400.jpg\" alt=\"WO MAN DIE WORLD SERIES IN SANTA MONICA SEHEN KANN\" title=\"\">\n                            <\/div>\n                            <div class=\"blog-feed__card-title\">WO MAN DIE WORLD SERIES IN SANTA MONICA SEHEN KANN<\/div>\n                        <\/a>\n                    <\/li>\n                                    <\/ul>\n    <\/div>\n<\/section>","protected":false},"excerpt":{"rendered":"<p>If you want to continue your journey after visiting Santa Monica, please review\u00a0Visit California\u2019s Travel Responsibly Code.<\/p>","protected":false},"author":1421,"featured_media":349681,"parent":0,"menu_order":0,"comment_status":"closed","ping_status":"closed","template":"","meta":{"_acf_changed":false,"inline_featured_image":false,"footnotes":""},"silos":[],"class_list":["post-349028","page","type-page","status-publish","has-post-thumbnail","hentry"],"acf":[],"_links":{"self":[{"href":"https:\/\/www.santamonica.com\/de\/wp-json\/wp\/v2\/pages\/349028","targetHints":{"allow":["GET"]}}],"collection":[{"href":"https:\/\/www.santamonica.com\/de\/wp-json\/wp\/v2\/pages"}],"about":[{"href":"https:\/\/www.santamonica.com\/de\/wp-json\/wp\/v2\/types\/page"}],"author":[{"embeddable":true,"href":"https:\/\/www.santamonica.com\/de\/wp-json\/wp\/v2\/users\/1421"}],"replies":[{"embeddable":true,"href":"https:\/\/www.santamonica.com\/de\/wp-json\/wp\/v2\/comments?post=349028"}],"version-history":[{"count":112,"href":"https:\/\/www.santamonica.com\/de\/wp-json\/wp\/v2\/pages\/349028\/revisions"}],"predecessor-version":[{"id":416707,"href":"https:\/\/www.santamonica.com\/de\/wp-json\/wp\/v2\/pages\/349028\/revisions\/416707"}],"wp:featuredmedia":[{"embeddable":true,"href":"https:\/\/www.santamonica.com\/de\/wp-json\/wp\/v2\/media\/349681"}],"wp:attachment":[{"href":"https:\/\/www.santamonica.com\/de\/wp-json\/wp\/v2\/media?parent=349028"}],"wp:term":[{"taxonomy":"silos","embeddable":true,"href":"https:\/\/www.santamonica.com\/de\/wp-json\/wp\/v2\/silos?post=349028"}],"curies":[{"name":"wp","href":"https:\/\/api.w.org\/{rel}","templated":true}]}}