{"id":347698,"date":"2022-07-22T13:01:18","date_gmt":"2022-07-22T20:01:18","guid":{"rendered":"https:\/\/www.santamonica.com\/?page_id=347698"},"modified":"2026-01-13T13:33:17","modified_gmt":"2026-01-13T21:33:17","slug":"surfen","status":"publish","type":"page","link":"https:\/\/www.santamonica.com\/de\/things-to-do\/surfing\/","title":{"rendered":"Surfen"},"content":{"rendered":"<section class=\"two-images container-max sm-block --flip sm-block\">\n    <div class=\"two-images__container --flip\">\n\n        <div class=\"two-images__column\">\n            <div class=\"two-images__content\">\n                <div class=\"two-images__content-header-container\">\n                                                                                <\/div>\n                                    <div class=\"two-images__content-body wysiwyg\">\n                        <p>Die Surfkultur in Santa Monica, die 2018 zum offiziellen Staatssport ernannt wurde, gibt es schon ewig, und Surfen ist seit langem ein fester Bestandteil des kalifornischen Lebensstils. Erleben Sie das ganze Jahr \u00fcber Wellen und Surf-Events und besuchen Sie jedes Jahr im Mai Santa Monicas kultige <a href=\"https:\/\/www.santamonicapier.org\/pier360\" target=\"_blank\" rel=\"noopener\">Pier 360<\/a> Veranstaltung, bei der klassische Surfwettbewerbe und freundschaftliche TANDM-Surfrennen ausgetragen werden.<\/p>\n<p>Der 3,5 Meilen lange Strand von Santa Monica liegt nur wenige Schritte von vielen der wichtigsten Sehensw\u00fcrdigkeiten der Stadt entfernt. <a href=\"https:\/\/www.santamonica.com\/de\/hotels\/\" rel=\"noopener\">Hotels<\/a> macht es zu einem leicht zug\u00e4nglichen Surfspot f\u00fcr Besucher. Anf\u00e4nger und Fortgeschrittene finden hier praktische, professionell gef\u00fchrte Surfschulen, die <a href=\"#surflessons\">Surfunterricht<\/a> in Santa Monica mit einem erfahrenen Surflehrer, der ihnen hilft, ihre F\u00e4higkeiten zu verbessern.<\/p>\n                    <\/div>\n                                            <\/div>\n        <\/div>\n\n        <div class=\"two-images__column\">\n                            <div class=\"two-images__image-container\">\n                    <img decoding=\"async\" width=\"425\" height=\"505\" src=\"https:\/\/www.santamonica.com\/wp-content\/uploads\/2022\/06\/surfing-1.jpg\" class=\"two-images__image\" alt=\"Mann surft auf einer Welle im Ozean\" loading=\"lazy\" srcset=\"https:\/\/www.santamonica.com\/wp-content\/uploads\/2022\/06\/surfing-1.jpg 425w, https:\/\/www.santamonica.com\/wp-content\/uploads\/2022\/06\/surfing-1-252x300.jpg 252w, https:\/\/www.santamonica.com\/wp-content\/uploads\/2022\/06\/surfing-1-126x150.jpg 126w\" sizes=\"auto, (max-width: 425px) 100vw, 425px\" title=\"\">                    \n\n                <\/div>\n                    <\/div>\n\n        <div class=\"two-images__column\">\n                            <div class=\"two-images__image-container\">\n                    <img decoding=\"async\" width=\"600\" height=\"565\" src=\"https:\/\/www.santamonica.com\/wp-content\/uploads\/2022\/05\/surfing-santa-monica-1.jpg\" class=\"two-images__image\" alt=\"surfen santa monica\" loading=\"lazy\" srcset=\"https:\/\/www.santamonica.com\/wp-content\/uploads\/2022\/05\/surfing-santa-monica-1.jpg 600w, https:\/\/www.santamonica.com\/wp-content\/uploads\/2022\/05\/surfing-santa-monica-1-300x283.jpg 300w, https:\/\/www.santamonica.com\/wp-content\/uploads\/2022\/05\/surfing-santa-monica-1-159x150.jpg 159w\" sizes=\"auto, (max-width: 600px) 100vw, 600px\" title=\"\">                    \n\n                <\/div>\n                    <\/div>\n\n    <\/div>\n<\/section>\n\n\n\n<section class=\"image-section-break sm-block\">\n    <div class=\"image-section-break__image-wrapper\">\n                    <picture>\n                    <source\n                        media=\"(min-width: 768px)\"\n                        srcset=\"https:\/\/www.santamonica.com\/wp-content\/uploads\/2022\/06\/surf-lessons-santa-monica.jpg\"\n                    >\n                    <img decoding=\"async\" src=\"https:\/\/www.santamonica.com\/wp-content\/uploads\/2022\/06\/surf-lessons-santa-monica-M.jpg\" class=\"image-section-break__image\" alt=\"surf-lessons-santa-monica\" title=\"\">\n            <\/picture>\n                \n\n    <\/div>\n    <div class=\"image-section-break__text-content\">\n        <div class=\"image-section-break__first-content --theme3\">\n                            <div class=\"image-section-break__eyebrow-text\">Tipps zum Aufh\u00e4ngen von zehn<\/div>\n                                        <h2 class=\"image-section-break__title\">Keine Regeln, nur Wellen<\/h2>\n                                        <div class=\"image-section-break__body-copy wysiwyg\"><p>\u201cSurfen unterscheidet sich von anderen Sportarten dadurch, dass es keine schriftlichen Regeln gibt\u201d, sagt Eric Gross, Surfer und Stand-up-Paddleboarder und Shopmanager bei Poseidon Paddle &amp; Surf. \u201cMan sollte sich auf jeden Fall einen Surflehrer nehmen, um nicht nur zu lernen, wie man surft, sondern auch, was man beim Surfen zu tun und zu lassen hat.\u201d<\/p>\n<\/div>\n                                <\/div>\n        <div class=\"image-section-break__second-content\">\n                            <div class=\"image-section-break__body-copy wysiwyg\"><p>Er gibt diese Tipps f\u00fcr das Surfen in Santa Monica:<\/p>\n<ul>\n<li>Fahren Sie morgens aufs Meer, wenn es wahrscheinlich windstill ist. Pr\u00fcfen Sie den Surfbericht und die Wettervorhersage, bevor Sie losfahren.<\/li>\n<li>Um auf beiden Brettern das Gleichgewicht zu halten, sollten Sie den Kopf hochhalten. \u201cSchau nach oben, bleib oben\u201d, sagt Gross. \u201cNach unten schauen, hinfallen\u201d.\u201d<\/li>\n<li>Auf einem Paddleboard ist Geschwindigkeit dein Freund\u201c, sagt Gross. \u201dWie beim Fahrradfahren gilt: Je langsamer du f\u00e4hrst, desto weniger Stabilit\u00e4t hast du.\u201c<\/li>\n<\/ul>\n<\/div>\n                                <\/div>\n    <\/div>\n<\/section>\n\n\n\n<section class=\"two-images container-max sm-block  sm-block\">\n    <div class=\"two-images__container\">\n\n        <div class=\"two-images__column\">\n            <div class=\"two-images__content\">\n                <div class=\"two-images__content-header-container\">\n                                            <h1 class=\"two-images__content-header\">Klugheit am Meer<\/h1>                                    <\/div>\n                                    <div class=\"two-images__content-body wysiwyg\">\n                        <p>Vergewissern Sie sich, dass <a href=\"http:\/\/ph.lacounty.gov\/beach\" target=\"_blank\" rel=\"noopener\">Wasserbedingungen und -temperaturen pr\u00fcfen<\/a> Die durchschnittlichen Wassertemperaturen in Santa Monica reichen von 54\u00b0F - 61\u00b0F Anfang Februar bis 63\u00b0F - 70\u00b0F Anfang September. Wenn die Bedingungen stimmen, sollten Sie sich mit Sonnencreme eincremen und mit einem Ganzk\u00f6rper-Neoprenanzug gut aussehen. Nehmen Sie <a href=\"https:\/\/www.santamonica.com\/de\/dinge-die-man-tun-kann\/radfahren-und-fahrradverleih\/\" rel=\"noopener\">zwei R\u00e4der<\/a> anstatt zu viert an den Strand zu fahren, und denken Sie immer daran, viel zu trinken. Wenn Sie etwas essen m\u00f6chten, tanken Sie bei Ihren Fan-Favoriten auf <a href=\"https:\/\/www.santamonica.com\/de\/restaurants\/zuruck-am-strand\/\" rel=\"noopener\">Back on the Beach Caf\u00e9<\/a> oder <a href=\"https:\/\/www.santamonica.com\/de\/treffen\/perrys-cafe-and-beach-rentals-veranstaltungsort\/\" target=\"_blank\" rel=\"noopener\">Perry's am Strand<\/a>, wo Sie mit den Zehen im Sand naschen oder eines der vielen anderen Angebote von Santa Monica genie\u00dfen k\u00f6nnen. <a href=\"https:\/\/www.santamonica.com\/de\/restaurants\/strandrestaurants\/\" rel=\"noopener\">Strandrestaurants<\/a>.<\/p>\n                    <\/div>\n                                            <\/div>\n        <\/div>\n\n        <div class=\"two-images__column\">\n                            <div class=\"two-images__image-container\">\n                    <img decoding=\"async\" width=\"424\" height=\"504\" src=\"https:\/\/www.santamonica.com\/wp-content\/uploads\/2022\/07\/Surf424x504.jpg\" class=\"two-images__image\" alt=\"Mann am Strand von Santa Monica mit Surfbrett auf dem Weg ins Meer\" loading=\"lazy\" srcset=\"https:\/\/www.santamonica.com\/wp-content\/uploads\/2022\/07\/Surf424x504.jpg 424w, https:\/\/www.santamonica.com\/wp-content\/uploads\/2022\/07\/Surf424x504-252x300.jpg 252w, https:\/\/www.santamonica.com\/wp-content\/uploads\/2022\/07\/Surf424x504-126x150.jpg 126w\" sizes=\"auto, (max-width: 424px) 100vw, 424px\" title=\"\">                    \n\n                <\/div>\n                    <\/div>\n\n        <div class=\"two-images__column\">\n                            <div class=\"two-images__image-container\">\n                    <img decoding=\"async\" width=\"600\" height=\"464\" src=\"https:\/\/www.santamonica.com\/wp-content\/uploads\/2022\/07\/Perrys600x464.jpg\" class=\"two-images__image\" alt=\"Essen im Freien im Sand am Santa Monica Beach; orangefarbene Sonnenschirme spenden den Menschen, die dort sitzen und essen, Schatten\" loading=\"lazy\" srcset=\"https:\/\/www.santamonica.com\/wp-content\/uploads\/2022\/07\/Perrys600x464.jpg 600w, https:\/\/www.santamonica.com\/wp-content\/uploads\/2022\/07\/Perrys600x464-300x232.jpg 300w, https:\/\/www.santamonica.com\/wp-content\/uploads\/2022\/07\/Perrys600x464-194x150.jpg 194w\" sizes=\"auto, (max-width: 600px) 100vw, 600px\" title=\"\">                    \n\n                <\/div>\n                    <\/div>\n\n    <\/div>\n<\/section>\n\n\n<section class=\"stakeholder-feed sm-block js-stk-root sm-block\" id=\"surflessons\">\n    <div class=\"stakeholder-feed__top\">\n        <div class=\"stakeholder-feed__intro\">\n                            <h1 class=\"stakeholder-feed__headline\">Surf-Unterricht in Santa Monica<\/h1>                                        <div class=\"stakeholder-feed__intro-body wysiwyg\">\n                    <p>Wenn Sie auf der Suche nach einem Surfshop in der N\u00e4he von Santa Monica sind, sind Sie bei diesen Unternehmen im Gro\u00dfraum Los Angeles genau richtig. Diese lokalen Surfshops in Santa Monica bieten Ausr\u00fcstungsverleih und\/oder Surfunterricht an.<\/p>\n                <\/div>\n                    <\/div>\n        <div class=\"stakeholder-feed__nav-section\">\n                            <h1 class=\"stakeholder-feed__feed-title\">Surfverleih und Unterricht<\/h1>                        \n                        <div class=\"stakeholder-feed__pagination\">\n                <div class=\"swiper-button-prev stakeholder-feed__pagination-prev\"><\/div>\n                <div class=\"swiper-button-next stakeholder-feed__pagination-next\"><\/div>\n            <\/div>\n        <\/div>\n    <\/div>\n    <div class=\"stakeholder-feed__bottom\">\n        <div class=\"stakeholder-feed__feed-list-wrapper swiper js-stk-swiper\">\n            <ul class=\"stakeholder-feed__feed-list swiper-wrapper js-stk-wrapper\">\n                    <li class=\"swiper-slide stakeholder-card --theme3\">\n        <a class=\"stakeholder-card__link\" href=\"https:\/\/www.santamonica.com\/de\/things-to-do\/aqua-surf-school\/\">\n            <div class=\"stakeholder-card__image\">\n                <img decoding=\"async\" src=\"https:\/\/assets.simpleviewinc.com\/simpleview\/image\/upload\/crm\/santamonica\/Lesson-One15000_c005d575-5056-b365-ab14ff2b996337c9.jpg\" alt=\"Aqua Surf Schule\" title=\"\">\n            <\/div>\n            <div class=\"stakeholder-card__stk-info\">\n                <div class=\"stakeholder-card__stk-name\">Aqua Surf Schule<\/div>\n                <div class=\"stakeholder-card__stk-cat\">Familienfreundlich<\/div>\n            <\/div>\n        <\/a>\n    <\/li>\n        <li class=\"swiper-slide stakeholder-card --theme3\">\n        <a class=\"stakeholder-card__link\" href=\"https:\/\/www.santamonica.com\/de\/things-to-do\/learn-to-surf-la\/\">\n            <div class=\"stakeholder-card__image\">\n                <img decoding=\"async\" src=\"https:\/\/assets.simpleviewinc.com\/simpleview\/image\/upload\/crm\/santamonica\/DSC080340_bf5a3c6f-5056-b365-aba6df99e5febc95.jpg\" alt=\"Surfen lernen LA\" title=\"\">\n            <\/div>\n            <div class=\"stakeholder-card__stk-info\">\n                <div class=\"stakeholder-card__stk-name\">Surfen lernen LA<\/div>\n                <div class=\"stakeholder-card__stk-cat\">Dinge zu tun<\/div>\n            <\/div>\n        <\/a>\n    <\/li>\n        <li class=\"swiper-slide stakeholder-card --theme3\">\n        <a class=\"stakeholder-card__link\" href=\"https:\/\/www.santamonica.com\/de\/things-to-do\/poseidon-paddle-and-surf\/\">\n            <div class=\"stakeholder-card__image\">\n                <img decoding=\"async\" src=\"https:\/\/api.threshold360.com\/step\/v2\/locations\/1324111\/thumbnail\" alt=\"Poseidon Paddeln und Surfen\" title=\"\">\n            <\/div>\n            <div class=\"stakeholder-card__stk-info\">\n                <div class=\"stakeholder-card__stk-name\">Poseidon Paddeln und Surfen<\/div>\n                <div class=\"stakeholder-card__stk-cat\">Strand\/Au\u00dfenbereich<\/div>\n            <\/div>\n        <\/a>\n    <\/li>\n                <\/ul>\n        <\/div>\n    <\/div>\n<\/section>\n\n\n<section class=\"blog-feed --theme8 sm-block\">\n    <div class=\"blog-feed__content\">\n        <div class=\"blog-feed__intro\">\n                            <div class=\"blog-feed__eyebrow eyebrow\">Blogs<\/div>                                        <h2 class=\"blog-feed__headline\">Santa Monica entdecken<\/h2>                                        <div class=\"blog-feed__body\"><p>Entdecken Sie Reiserouten, lokale Tipps, Hot Spots und ausgew\u00e4hlte Abenteuer, damit Sie das Beste aus Ihrem Aufenthalt in Santa Monica machen k\u00f6nnen.<\/p>\n<\/div>\n                                        <a class=\"blog-feed__cta\" href=\"https:\/\/www.santamonica.com\/de\/blogeintrage\/\">Alle Blogs anzeigen<\/a>\n                    <\/div>\n\n        <ul class=\"blog-feed__list\">\n                                                <li class=\"blog-feed__item\">\n                        <a href=\"https:\/\/www.santamonica.com\/de\/mother-road-modern-meetings-route-66-meeting-spaces-set-to-shine-for-centennial-in-santa-monica\/\" class=\"blog-feed__item-link\">\n                            <div class=\"blog-feed__image-ratio\">\n                                <img decoding=\"async\" class=\"blog-feed__image\" src=\"https:\/\/www.santamonica.com\/wp-content\/uploads\/2025\/12\/untitledJuly20162C2020180010-182-2-400x400.jpg\" alt=\"MUTTERSTRASSE, MODERNE TAGUNGEN: ROUTE-66-TAGUNGSR\u00c4UME ERSTRAHLEN ZUM HUNDERTJ\u00c4HRIGEN JUBIL\u00c4UM IN SANTA MONICA\" title=\"\">\n                            <\/div>\n                            <div class=\"blog-feed__card-title\">MUTTERSTRASSE, MODERNE TAGUNGEN: ROUTE-66-TAGUNGSR\u00c4UME ERSTRAHLEN ZUM HUNDERTJ\u00c4HRIGEN JUBIL\u00c4UM IN SANTA MONICA<\/div>\n                        <\/a>\n                    <\/li>\n                                                                <li class=\"blog-feed__item\">\n                        <a href=\"https:\/\/www.santamonica.com\/de\/media\/news-release\/santa-monica-announces-song-contest-in-celebration-of-route-66-centennial\/\" class=\"blog-feed__item-link\">\n                            <div class=\"blog-feed__image-ratio\">\n                                <img decoding=\"async\" class=\"blog-feed__image\" src=\"https:\/\/www.santamonica.com\/wp-content\/uploads\/2025\/11\/DSC01084-400x400.jpg\" alt=\"SANTA MONICA VERK\u00dcNDET SONGWETTBEWERB ZUR FEIER DES HUNDERTJ\u00c4HRIGEN BESTEHENS DER ROUTE 66\" title=\"\">\n                            <\/div>\n                            <div class=\"blog-feed__card-title\">SANTA MONICA VERK\u00dcNDET SONGWETTBEWERB ZUR FEIER DES HUNDERTJ\u00c4HRIGEN BESTEHENS DER ROUTE 66<\/div>\n                        <\/a>\n                    <\/li>\n                                                                <li class=\"blog-feed__item\">\n                        <a href=\"https:\/\/www.santamonica.com\/de\/media\/news-release\/where-to-watch-the-world-series-in-santa-monica\/\" class=\"blog-feed__item-link\">\n                            <div class=\"blog-feed__image-ratio\">\n                                <img decoding=\"async\" class=\"blog-feed__image\" src=\"https:\/\/www.santamonica.com\/wp-content\/uploads\/2025\/10\/dodgers-logo-1-400x400.jpg\" alt=\"WO MAN DIE WORLD SERIES IN SANTA MONICA SEHEN KANN\" title=\"\">\n                            <\/div>\n                            <div class=\"blog-feed__card-title\">WO MAN DIE WORLD SERIES IN SANTA MONICA SEHEN KANN<\/div>\n                        <\/a>\n                    <\/li>\n                                    <\/ul>\n    <\/div>\n<\/section>","protected":false},"excerpt":{"rendered":"","protected":false},"author":1421,"featured_media":347789,"parent":0,"menu_order":0,"comment_status":"closed","ping_status":"closed","template":"template-editorial.php","meta":{"_acf_changed":false,"inline_featured_image":false,"footnotes":""},"silos":[3899],"class_list":["post-347698","page","type-page","status-publish","has-post-thumbnail","hentry"],"acf":[],"_links":{"self":[{"href":"https:\/\/www.santamonica.com\/de\/wp-json\/wp\/v2\/pages\/347698","targetHints":{"allow":["GET"]}}],"collection":[{"href":"https:\/\/www.santamonica.com\/de\/wp-json\/wp\/v2\/pages"}],"about":[{"href":"https:\/\/www.santamonica.com\/de\/wp-json\/wp\/v2\/types\/page"}],"author":[{"embeddable":true,"href":"https:\/\/www.santamonica.com\/de\/wp-json\/wp\/v2\/users\/1421"}],"replies":[{"embeddable":true,"href":"https:\/\/www.santamonica.com\/de\/wp-json\/wp\/v2\/comments?post=347698"}],"version-history":[{"count":31,"href":"https:\/\/www.santamonica.com\/de\/wp-json\/wp\/v2\/pages\/347698\/revisions"}],"predecessor-version":[{"id":415362,"href":"https:\/\/www.santamonica.com\/de\/wp-json\/wp\/v2\/pages\/347698\/revisions\/415362"}],"wp:featuredmedia":[{"embeddable":true,"href":"https:\/\/www.santamonica.com\/de\/wp-json\/wp\/v2\/media\/347789"}],"wp:attachment":[{"href":"https:\/\/www.santamonica.com\/de\/wp-json\/wp\/v2\/media?parent=347698"}],"wp:term":[{"taxonomy":"silos","embeddable":true,"href":"https:\/\/www.santamonica.com\/de\/wp-json\/wp\/v2\/silos?post=347698"}],"curies":[{"name":"wp","href":"https:\/\/api.w.org\/{rel}","templated":true}]}}