{"id":346357,"date":"2022-07-20T14:35:48","date_gmt":"2022-07-20T21:35:48","guid":{"rendered":"https:\/\/www.santamonica.com\/?page_id=346357"},"modified":"2022-08-04T13:33:23","modified_gmt":"2022-08-04T20:33:23","slug":"eine-ausschreibung-einreichen","status":"publish","type":"page","link":"https:\/\/www.santamonica.com\/de\/meetings-conventions\/submit-an-rfp\/","title":{"rendered":"RFP einreichen"},"content":{"rendered":"<script type=\"text\/javascript\" charset=\"utf-8\" class=\"base-block\">\nvar srfp_prot = ((\"https:\" == document.location.protocol) ? \"https:\/\/\" : \"http:\/\/\");\ndocument.write(unescape(\"%3Cscript src='\" + srfp_prot + \"www.speedrfp.com\/irfps\/js\/widget\/' type='text\/javascript'%3E%3C\/script%3E\"));\n<\/script>\n\n<script type=\"text\/javascript\" charset=\"utf-8\">\nvar options = {};\noptions.display = \"inline\";\noptions.key = \"f901d87615c8ff1d\"; \noptions.uid = \"MFLZB\";\nvar srfp_widget = new srfp.widget(options);\n<\/script>\n\n\n<section class=\"stakeholder-feed sm-block js-stk-root sm-block\">\n    <div class=\"stakeholder-feed__top\">\n        <div class=\"stakeholder-feed__intro\">\n                            <h1 class=\"stakeholder-feed__headline\">Entdecken Sie Santa Monicas Veranstaltungsorte<\/h1>                                        <div class=\"stakeholder-feed__intro-body wysiwyg\">\n                    <p>Unsere Experten f\u00fcr Veranstaltungsorte in Santa Monica k\u00f6nnen Ihnen helfen, den perfekten Ort f\u00fcr Ihre Tagung, Hochzeit oder Veranstaltung zu finden! Nachfolgend k\u00f6nnen Sie sich einige der Veranstaltungsorte in Santa Monica ansehen.<\/p>\n                <\/div>\n                    <\/div>\n        <div class=\"stakeholder-feed__nav-section\">\n                            <h1 class=\"stakeholder-feed__feed-title\">Wo Sie Ihre Veranstaltung durchf\u00fchren k\u00f6nnen<\/h1>                                        <a href=\"https:\/\/www.santamonica.com\/de\/treffen-konventionen\/hotels-und-veranstaltungsorte\/\" class=\"stakeholder-feed__feed-cta button --primary-teal-button\" >Alle Veranstaltungsorte anzeigen<\/a>            \n                        <div class=\"stakeholder-feed__pagination xxx--desktop-hide\">\n                <div class=\"swiper-button-prev stakeholder-feed__pagination-prev\"><\/div>\n                <div class=\"swiper-button-next stakeholder-feed__pagination-next\"><\/div>\n            <\/div>\n        <\/div>\n    <\/div>\n    <div class=\"stakeholder-feed__bottom\">\n        <div class=\"stakeholder-feed__feed-list-wrapper swiper js-stk-swiper\">\n            <ul class=\"stakeholder-feed__feed-list swiper-wrapper js-stk-wrapper\">\n                    <li class=\"swiper-slide stakeholder-card --theme3\">\n        <a class=\"stakeholder-card__link\" href=\"https:\/\/www.santamonica.com\/de\/things-to-do\/pacific-park\/\">\n            <div class=\"stakeholder-card__image\">\n                <img decoding=\"async\" src=\"https:\/\/assets.simpleviewinc.com\/simpleview\/image\/upload\/crm\/santamonica\/L1010936_C1F99628-73EB-42BE-A85D03413B4AB10D_b79534a8-4261-4832-887afb00a51a57ac.jpg\" alt=\"Pazifik-Park\" title=\"\">\n            <\/div>\n            <div class=\"stakeholder-card__stk-info\">\n                <div class=\"stakeholder-card__stk-name\">Pazifik-Park<\/div>\n                <div class=\"stakeholder-card__stk-cat\">Wo man sich trifft<\/div>\n            <\/div>\n        <\/a>\n    <\/li>\n        <li class=\"swiper-slide stakeholder-card --theme3\">\n        <a class=\"stakeholder-card__link\" href=\"https:\/\/www.santamonica.com\/de\/restaurants\/tiato-market-garden-cafe\/\">\n            <div class=\"stakeholder-card__image\">\n                <img decoding=\"async\" src=\"https:\/\/assets.simpleviewinc.com\/simpleview\/image\/upload\/crm\/santamonica\/20221014_180534_F93E0F8E-143E-4E99-B944E6258FA96E17_4c4eb8d9-cb41-41ad-b325eeffd2f775d6.jpg\" alt=\"Tiato K\u00fcche &amp; Veranstaltungsort\" title=\"\">\n            <\/div>\n            <div class=\"stakeholder-card__stk-info\">\n                <div class=\"stakeholder-card__stk-name\">Tiato K\u00fcche &amp; Veranstaltungsort<\/div>\n                <div class=\"stakeholder-card__stk-cat\">Asiatisch<\/div>\n            <\/div>\n        <\/a>\n    <\/li>\n        <li class=\"swiper-slide stakeholder-card --theme3\">\n        <a class=\"stakeholder-card__link\" href=\"https:\/\/www.santamonica.com\/de\/things-to-do\/annenberg-community-beach-house\/\">\n            <div class=\"stakeholder-card__image\">\n                <img decoding=\"async\" src=\"https:\/\/assets.simpleviewinc.com\/simpleview\/image\/upload\/crm\/santamonica\/bart-bartholomew-photo-for-info-card-S150_bff66770-5056-b365-ab703cfb83549b24.jpg\" alt=\"Strandhaus der Gemeinde Annenberg\" title=\"\">\n            <\/div>\n            <div class=\"stakeholder-card__stk-info\">\n                <div class=\"stakeholder-card__stk-name\">Strandhaus der Gemeinde Annenberg<\/div>\n                <div class=\"stakeholder-card__stk-cat\">Attraktion<\/div>\n            <\/div>\n        <\/a>\n    <\/li>\n        <li class=\"swiper-slide stakeholder-card --theme3\">\n        <a class=\"stakeholder-card__link\" href=\"https:\/\/www.santamonica.com\/de\/things-to-do\/looff-hippodrome\/\">\n            <div class=\"stakeholder-card__image\">\n                <img decoding=\"async\" src=\"https:\/\/assets.simpleviewinc.com\/simpleview\/image\/upload\/crm\/santamonica\/Santa-Monica-Carousel-900x600-1_374BA55B-5056-BFCE-A8B6795893335C6E-374ba2b75056bfc_374baebe-5056-bfce-a8ceb25722817fce.jpg\" alt=\"Looff Hippodrom\" title=\"\">\n            <\/div>\n            <div class=\"stakeholder-card__stk-info\">\n                <div class=\"stakeholder-card__stk-name\">Looff Hippodrom<\/div>\n                <div class=\"stakeholder-card__stk-cat\">Dinge zu tun<\/div>\n            <\/div>\n        <\/a>\n    <\/li>\n                <\/ul>\n        <\/div>\n    <\/div>\n<\/section>","protected":false},"excerpt":{"rendered":"","protected":false},"author":1421,"featured_media":347396,"parent":0,"menu_order":0,"comment_status":"closed","ping_status":"closed","template":"template-meetings-default.php","meta":{"_acf_changed":false,"inline_featured_image":false,"footnotes":""},"silos":[3894],"class_list":["post-346357","page","type-page","status-publish","has-post-thumbnail","hentry"],"acf":[],"_links":{"self":[{"href":"https:\/\/www.santamonica.com\/de\/wp-json\/wp\/v2\/pages\/346357","targetHints":{"allow":["GET"]}}],"collection":[{"href":"https:\/\/www.santamonica.com\/de\/wp-json\/wp\/v2\/pages"}],"about":[{"href":"https:\/\/www.santamonica.com\/de\/wp-json\/wp\/v2\/types\/page"}],"author":[{"embeddable":true,"href":"https:\/\/www.santamonica.com\/de\/wp-json\/wp\/v2\/users\/1421"}],"replies":[{"embeddable":true,"href":"https:\/\/www.santamonica.com\/de\/wp-json\/wp\/v2\/comments?post=346357"}],"version-history":[{"count":32,"href":"https:\/\/www.santamonica.com\/de\/wp-json\/wp\/v2\/pages\/346357\/revisions"}],"predecessor-version":[{"id":355268,"href":"https:\/\/www.santamonica.com\/de\/wp-json\/wp\/v2\/pages\/346357\/revisions\/355268"}],"wp:featuredmedia":[{"embeddable":true,"href":"https:\/\/www.santamonica.com\/de\/wp-json\/wp\/v2\/media\/347396"}],"wp:attachment":[{"href":"https:\/\/www.santamonica.com\/de\/wp-json\/wp\/v2\/media?parent=346357"}],"wp:term":[{"taxonomy":"silos","embeddable":true,"href":"https:\/\/www.santamonica.com\/de\/wp-json\/wp\/v2\/silos?post=346357"}],"curies":[{"name":"wp","href":"https:\/\/api.w.org\/{rel}","templated":true}]}}