{"id":346289,"date":"2022-07-20T13:24:32","date_gmt":"2022-07-20T20:24:32","guid":{"rendered":"https:\/\/www.santamonica.com\/?page_id=346289"},"modified":"2024-10-08T12:14:50","modified_gmt":"2024-10-08T19:14:50","slug":"mediathek","status":"publish","type":"page","link":"https:\/\/www.santamonica.com\/de\/media\/media-library\/","title":{"rendered":"Mediathek"},"content":{"rendered":"<h2 class=\"wp-block-heading base-block\">Anfrage Santa Monica Assets<\/h2>\n\n\n\n<p class=\"base-block\">Vielen Dank f\u00fcr Ihr Interesse an Fotos und B-Roll-Material von Santa Monica. Bitte greifen Sie auf die unten stehenden Links zu, um Bild- und Videonutzung f\u00fcr Ihre Medien- und Storybed\u00fcrfnisse zu beantragen. Fotos und Videos d\u00fcrfen nur von Medien verwendet werden, die f\u00fcr Santa Monica Travel and Tourism werben.<\/p>\n\n\n\n<p class=\"has-text-align-center base-block\"><a href=\"https:\/\/www.santamonica.com\/de\/medien\/foto-video-anfrageformular\/\">Anfrageformular f\u00fcr Fotos und Videos<\/a><\/p>\n\n\n\n<p class=\"has-text-align-center base-block\">Im Folgenden finden Sie einige Beispiele f\u00fcr unsere lizenzfreien Fotos:<\/p>\n\n\n\n<figure class=\"wp-block-image aligncenter size-full is-resized base-block\"><img decoding=\"async\" width=\"500\" height=\"111\" src=\"https:\/\/www.santamonica.com\/wp-content\/uploads\/2022\/07\/Santa-Monica-sample-media-library-images.jpg\" alt=\"\" class=\"wp-image-348609\" style=\"width:500px;height:auto\" title=\"\" srcset=\"https:\/\/www.santamonica.com\/wp-content\/uploads\/2022\/07\/Santa-Monica-sample-media-library-images.jpg 500w, https:\/\/www.santamonica.com\/wp-content\/uploads\/2022\/07\/Santa-Monica-sample-media-library-images-300x67.jpg 300w, https:\/\/www.santamonica.com\/wp-content\/uploads\/2022\/07\/Santa-Monica-sample-media-library-images-270x60.jpg 270w\" sizes=\"(max-width: 500px) 100vw, 500px\" \/><\/figure>\n\n\n<\/figure>\n\n\n<p class=\"base-block\"><\/p>\n\n\n\n<p style=\"font-size:10px\" class=\"base-block\"><em>Rechtlich bindende Vereinbarung: Die Verwendung des Bildes\/der Bilder, das\/die dieser Mitteilung beiliegt\/beiliegen (einzeln und zusammen die \u201c<strong>Bildmaterial<\/strong>\u201d) unterliegt den folgenden rechtsverbindlichen Bedingungen und Konditionen. Santa Monica Travel &amp; Tourism (\u201c<strong>SMTT<\/strong>\u201d) gew\u00e4hrt der Einrichtung, die die E-Mail-Adresse kontrolliert, an die diese Mitteilung gerichtet ist (die \u201c<strong>Business<\/strong>\u201d(i) das Bildmaterial in keiner Weise ver\u00e4ndert oder modifiziert wird oder zur Erstellung abgeleiteter Werke verwendet wird; (ii) das Unternehmen sicherstellt, dass alle derartigen Marketing- und Werbematerialien alle geltenden Gesetze einhalten; (iii) das Bildmaterial in keiner Weise ver\u00e4ndert oder modifiziert wird: (i) das Bildmaterial in keiner Weise ver\u00e4ndert oder modifiziert wird oder zur Erstellung abgeleiteter Werke verwendet wird; (ii) das Unternehmen sicherstellt, dass alle derartigen Marketing- und Werbematerialien mit allen geltenden Gesetzen \u00fcbereinstimmen; (iii) alle derartigen Marketing- und Werbematerialien kostenlos verteilt und\/oder angeboten werden; (iv) das Unternehmen in allen derartigen Marketing- und Werbematerialien, die an Mitglieder der \u00d6ffentlichkeit verteilt und\/oder angeboten werden, einen Hinweis auf das Bildmaterial aufnehmen muss, der SMTT als Quelle und Urheberrechtsinhaber identifiziert; und (v) die Person, die diese Mitteilung erh\u00e4lt, rechtlich befugt ist, das Unternehmen an diese Bedingungen zu binden. Die vorstehende Lizenz: (i) \u00fcbertr\u00e4gt keine Rechte, Titel oder Anteile, einschlie\u00dflich, aber nicht beschr\u00e4nkt auf Urheberrechte, an den Bildern, die alle ausdr\u00fccklich der SMTT vorbehalten sind; (ii) kann von der SMTT jederzeit widerrufen werden; und (iii) wird ohne Zusicherungen oder Garantien jeglicher Art, ob ausdr\u00fccklich oder stillschweigend, in Bezug auf die Bilder angeboten. Wenn das Unternehmen nicht mit allen vorstehenden Bedingungen einverstanden ist, sollte das Unternehmen die Bilder nicht nutzen und ist nicht berechtigt, diese zu nutzen.<\/em><\/p>\n\n\n<section class=\"links-grid --theme3 sm-block\">\n    <div class=\"links-grid__wrapper\">\n                                                    <a href=\"https:\/\/www.santamonica.com\/de\/media\/press-kit\/\" class=\"links-grid__card-link\" aria-label=\"Pressemappe\" >\n                    <div class=\"links-grid__card\">\n                                                    <div class=\"links-grid__card-image-wrapper\">\n                                <img decoding=\"async\" width=\"400\" height=\"400\" src=\"https:\/\/www.santamonica.com\/wp-content\/uploads\/2022\/07\/Santa-Monica-Picnic-Co-940x700-1-400x400.jpg\" class=\"links-grid__card-image\" alt=\"Pressemappe\" loading=\"lazy\" title=\"\">                            <\/div>\n                                                <div class=\"links-grid__card-text\">\n                                                            <div class=\"links-grid__card-title\">Pressemappe<\/div>\n                                                                                        <div class=\"links-grid__card-description\">Die herunterladbare Pressemappe der SMTT ist vollgepackt mit Fakten, Zahlen und Story-Ideen, die zur Erg\u00e4nzung jeder Story \u00fcber das Reiseziel Santa Monica ben\u00f6tigt werden.<\/div>\n                                                    <\/div>\n                    <\/div>\n                <\/a>\n                                            <a href=\"https:\/\/www.santamonica.com\/de\/media\/media-visit-rfp\/\" class=\"links-grid__card-link\" aria-label=\"Medien-RFP\" >\n                    <div class=\"links-grid__card\">\n                                                    <div class=\"links-grid__card-image-wrapper\">\n                                <img decoding=\"async\" width=\"400\" height=\"400\" src=\"https:\/\/www.santamonica.com\/wp-content\/uploads\/2022\/07\/Flowers-540x540-1-400x400.jpg\" class=\"links-grid__card-image\" alt=\"Medien-RFP\" loading=\"lazy\" srcset=\"https:\/\/www.santamonica.com\/wp-content\/uploads\/2022\/07\/Flowers-540x540-1-400x400.jpg 400w, https:\/\/www.santamonica.com\/wp-content\/uploads\/2022\/07\/Flowers-540x540-1-300x300.jpg 300w, https:\/\/www.santamonica.com\/wp-content\/uploads\/2022\/07\/Flowers-540x540-1-150x150.jpg 150w, https:\/\/www.santamonica.com\/wp-content\/uploads\/2022\/07\/Flowers-540x540-1.jpg 540w\" sizes=\"auto, (max-width: 400px) 100vw, 400px\" title=\"\">                            <\/div>\n                                                <div class=\"links-grid__card-text\">\n                                                            <div class=\"links-grid__card-title\">Medien-RFP<\/div>\n                                                                                        <div class=\"links-grid__card-description\">M\u00f6chten Sie all das, was Santa Monica zu bieten hat, erleben und mit Ihren Lesern teilen? Schicken Sie uns eine Anfrage und lassen Sie uns sehen, wie wir zusammenarbeiten k\u00f6nnen.<\/div>\n                                                    <\/div>\n                    <\/div>\n                <\/a>\n                                            <a href=\"https:\/\/www.santamonica.com\/de\/media-contact\/\" class=\"links-grid__card-link\" aria-label=\"Medienkontakt\" >\n                    <div class=\"links-grid__card\">\n                                                    <div class=\"links-grid__card-image-wrapper\">\n                                <img decoding=\"async\" width=\"400\" height=\"400\" src=\"https:\/\/www.santamonica.com\/wp-content\/uploads\/2022\/07\/Feature-Pier-And-Bike-Path-400x400.png\" class=\"links-grid__card-image\" alt=\"Feature-Pier-And-Bike-Path\" loading=\"lazy\" srcset=\"https:\/\/www.santamonica.com\/wp-content\/uploads\/2022\/07\/Feature-Pier-And-Bike-Path-400x400.png 400w, https:\/\/www.santamonica.com\/wp-content\/uploads\/2022\/07\/Feature-Pier-And-Bike-Path-300x300.png 300w, https:\/\/www.santamonica.com\/wp-content\/uploads\/2022\/07\/Feature-Pier-And-Bike-Path-150x150.png 150w, https:\/\/www.santamonica.com\/wp-content\/uploads\/2022\/07\/Feature-Pier-And-Bike-Path.png 540w\" sizes=\"auto, (max-width: 400px) 100vw, 400px\" title=\"\">                            <\/div>\n                                                <div class=\"links-grid__card-text\">\n                                                            <div class=\"links-grid__card-title\">Medienkontakt<\/div>\n                                                                                        <div class=\"links-grid__card-description\">Das SMTT-Team f\u00fcr Medienarbeit steht Ihnen gerne als Ansprechpartner f\u00fcr alle Angelegenheiten in Santa Monica zur Verf\u00fcgung. Wenden Sie sich mit allen medienbezogenen Fragen hier an uns.<\/div>\n                                                    <\/div>\n                    <\/div>\n                <\/a>\n                        <\/div>\n<\/section>","protected":false},"excerpt":{"rendered":"<p>Request Santa Monica Assets Thank you for your interest in photography and b-roll footage of Santa Monica. Please access the links below&nbsp;to request image and video usage for your media [&hellip;]<\/p>\n","protected":false},"author":1431,"featured_media":348188,"parent":0,"menu_order":0,"comment_status":"closed","ping_status":"closed","template":"template-editorial.php","meta":{"_acf_changed":false,"inline_featured_image":false,"footnotes":""},"silos":[3891],"class_list":["post-346289","page","type-page","status-publish","has-post-thumbnail","hentry"],"acf":[],"_links":{"self":[{"href":"https:\/\/www.santamonica.com\/de\/wp-json\/wp\/v2\/pages\/346289","targetHints":{"allow":["GET"]}}],"collection":[{"href":"https:\/\/www.santamonica.com\/de\/wp-json\/wp\/v2\/pages"}],"about":[{"href":"https:\/\/www.santamonica.com\/de\/wp-json\/wp\/v2\/types\/page"}],"author":[{"embeddable":true,"href":"https:\/\/www.santamonica.com\/de\/wp-json\/wp\/v2\/users\/1431"}],"replies":[{"embeddable":true,"href":"https:\/\/www.santamonica.com\/de\/wp-json\/wp\/v2\/comments?post=346289"}],"version-history":[{"count":49,"href":"https:\/\/www.santamonica.com\/de\/wp-json\/wp\/v2\/pages\/346289\/revisions"}],"predecessor-version":[{"id":431715,"href":"https:\/\/www.santamonica.com\/de\/wp-json\/wp\/v2\/pages\/346289\/revisions\/431715"}],"wp:featuredmedia":[{"embeddable":true,"href":"https:\/\/www.santamonica.com\/de\/wp-json\/wp\/v2\/media\/348188"}],"wp:attachment":[{"href":"https:\/\/www.santamonica.com\/de\/wp-json\/wp\/v2\/media?parent=346289"}],"wp:term":[{"taxonomy":"silos","embeddable":true,"href":"https:\/\/www.santamonica.com\/de\/wp-json\/wp\/v2\/silos?post=346289"}],"curies":[{"name":"wp","href":"https:\/\/api.w.org\/{rel}","templated":true}]}}