{"id":346288,"date":"2022-07-20T13:24:27","date_gmt":"2022-07-20T20:24:27","guid":{"rendered":"https:\/\/www.santamonica.com\/?page_id=346288"},"modified":"2024-10-04T16:18:57","modified_gmt":"2024-10-04T23:18:57","slug":"pressemappe","status":"publish","type":"page","link":"https:\/\/www.santamonica.com\/de\/media\/press-kit\/","title":{"rendered":"Pressemappe"},"content":{"rendered":"<h2 class=\"wp-block-heading base-block\">Ideen f\u00fcr Geschichten:<\/h2>\n\n\n\n<h3 class=\"wp-block-heading base-block\">Aufenthalt in Santa Monica zur Erkundung von Los Angeles<\/h3>\n\n\n\n<p class=\"base-block\">Santa Monica liegt am Pazifischen Ozean an der Kreuzung des Pacific Coast Highway und des California Interstate Highway 10, nur acht Meilen vom internationalen Flughafen von Los Angeles entfernt und in unmittelbarer N\u00e4he zu allen ber\u00fchmten Sehensw\u00fcrdigkeiten und Attraktionen von Los Angeles.<\/p>\n\n\n\n<p class=\"base-block\">Die erstklassige Lage von Santa Monica im Gro\u00dfraum Los Angeles erm\u00f6glicht es leicht&nbsp;<a href=\"https:\/\/www.santamonica.com\/de\/santa-monica-erleben\/tagesausfluge\/\">Tagesausfl\u00fcge<\/a>&nbsp;um den Glanz und Glamour von Beverly Hills, das Nachtleben von West Hollywood, den Nervenkitzel der Universal Studios oder eine Wanderung hinter dem Hollywood-Zeichen zu erleben, ohne dabei auf einen himmlischen Strand verzichten zu m\u00fcssen.<\/p>\n\n\n\n<p class=\"base-block\">Im Mai 2016 wurde die neue <a href=\"https:\/\/www.santamonica.com\/de\/transport\/santa-monica-u-bahn\/\">Metro Expo Stadtbahn<\/a>&nbsp;er\u00f6ffnet und verbindet zum ersten Mal seit \u00fcber 50 Jahren das Stadtzentrum von Santa Monica mit dem Gro\u00dfraum Los Angeles per Bahn. Besucher und Einheimische k\u00f6nnen nun in weniger als 50 Minuten in die Innenstadt von Los Angeles (wo sich das Staples Center, das Nokia Theater und eine weltber\u00fchmte Gastronomie- und Ausgehszene befinden) fahren, egal zu welcher Tageszeit.<\/p>\n\n\n\n<h3 class=\"wp-block-heading base-block\">Santa Monicas acht einzigartige Stadtteile<\/h3>\n\n\n\n<p class=\"base-block\">Wenn Sie Los Angeles besucht haben, haben Sie wahrscheinlich einige Zeit auf&nbsp;<a href=\"https:\/\/www.santamonica.com\/de\/dinge-die-man-tun-kann\/santa-monica-strand\/\">Santa Monica Strand<\/a>, Aber Santa Monica hat mehr zu bieten, als man auf den ersten Blick sieht. Brechen Sie mit dem Erwarteten und entdecken Sie&nbsp;<a href=\"https:\/\/www.santamonica.com\/de\/santa-monica-erleben\/nachbarschaften\/\">acht einzigartige Stadtviertel<\/a>&nbsp;die den authentischen Charakter Santa Monicas und die lokalen Aromen zum Leben erwecken. W\u00e4hlen Sie Ihre Szene und erleben Sie die Stadt am Meer wie ein echter Einheimischer.<\/p>\n\n\n\n<ul class=\"wp-block-list base-block\">\n<li class=\"base-block\">Besuchen Sie eine Improvisations-Comedy-Show in der Innenstadt von Santa Monica<\/li>\n\n\n\n<li class=\"base-block\">Genie\u00dfen Sie einen Tag mit Verw\u00f6hnprogramm f\u00fcr Prominente entlang der Montana Avenue<\/li>\n\n\n\n<li class=\"base-block\">Fliegen Sie hoch \u00fcber dem Pazifik in der Trapezschule am Santa Monica Pier<\/li>\n\n\n\n<li class=\"base-block\">Erleben Sie eine von McCabes w\u00f6chentlichen Musikshows auf dem Pico Boulevard<\/li>\n\n\n\n<li class=\"base-block\">Erkunden Sie die Geburtsst\u00e4tte der modernen Luftfahrt im Flugmuseum des Flughafens Santa Monica<\/li>\n\n\n\n<li class=\"base-block\">Treffen Sie auf dem Main Street Santa Monica Farmers Market auf einheimische Surfer, Yogis und ber\u00fchmte K\u00f6che.<\/li>\n\n\n\n<li class=\"base-block\">Besuchen Sie eine Show in Mid-City im intimen Broad Stage, einem modernen Veranstaltungsort mit 499 Pl\u00e4tzen, der Auff\u00fchrungen von Opern- und Jazzkonzerten bis hin zu zeitgen\u00f6ssischem Tanz und Filmpremieren bietet.<\/li>\n\n\n\n<li class=\"base-block\">\u00dcben Sie Rasenbowling im Douglas Park am Wilshire Boulevard<\/li>\n<\/ul>\n\n\n\n<h3 class=\"wp-block-heading base-block\">Billig &amp; schick Santa Monica<\/h3>\n\n\n\n<p class=\"base-block\">Obwohl die gl\u00e4nzenden Str\u00e4nde und die von Prominenten ges\u00e4umten Viertel der Stadt das Gef\u00fchl von Luxus vermitteln, ist es einfach, einen\u00a0<a href=\"https:\/\/www.santamonica.com\/de\/hotels\/aufenthalt-in-santa-monica\/\">Ausflug nach Santa Monica<\/a>\u00a0ohne die Bank zu sprengen. Buchen Sie ein Zimmer f\u00fcr unter $200 pro Nacht im Hotel Carmel oder im Sea Shore Motel und genie\u00dfen Sie die Sonnenunterg\u00e4nge nur wenige Schritte vom Strand entfernt. Machen Sie einen Spaziergang entlang der idyllischen\u00a0<a href=\"https:\/\/www.santamonica.com\/de\/santa-monica-erleben\/nachbarschaften\/montana-avenue\/\">Montana Avenue<\/a>, ein Viertel voller glamour\u00f6ser Wellness-, Restaurant- und Einzelhandelserlebnisse, um in Boutiquen zu st\u00f6bern, die von lokalen Ber\u00fchmtheiten bevorzugt werden. Genie\u00dfen Sie die gesundheitlichen und finanziellen Vorteile des Kaufs lokaler Produkte auf den weltber\u00fchmten Bauernm\u00e4rkten von Santa Monica, und trainieren Sie dann kostenlos am Original Muscle Beach am Fu\u00dfe des\u00a0<a href=\"https:\/\/www.santamonica.com\/de\/dinge-die-man-tun-kann\/besuch-der-santa-monica-pier\/\">Santa Monica Pier<\/a>. Beenden Sie Ihren Tag mit einer Fahrt auf dem Pacific Wheel und genie\u00dfen Sie die atemberaubende Aussicht vom einzigen solarbetriebenen Riesenrad der Welt f\u00fcr nur $5 pro Fahrt, gefolgt von einer Happy Hour im Luxusrestaurant\u00a0<a href=\"https:\/\/www.santamonica.com\/de\/restaurants\/das-penthouse\/\">Das Penthouse<\/a>, dem Penthouse-Restaurant des Huntley Santa Monica Beach, in dem die G\u00e4ste den weitl\u00e4ufigen Blick auf die Santa Monica Bay und die $5-Happy-Hour-Drinks genie\u00dfen k\u00f6nnen.<\/p>\n\n\n\n<h3 class=\"wp-block-heading base-block\">Interaktive kulinarische Erlebnisse<\/h3>\n\n\n\n<p class=\"base-block\">Santa Monica hat sich in den 1980er Jahren als internationales kulinarisches Reiseziel etabliert und ist dank lokaler kulinarischer Innovatoren, einem festen Bekenntnis zur \"Farm-to-Table\"-K\u00fcche und dem ganzj\u00e4hrigen Zugang zu den besten Zutaten der Welt in der Spitzengruppe der amerikanischen Gastronomie geblieben. Die herausragende kulinarische Szene von Santa Monica ist zu einem zentralen Bestandteil der Kultur des Reiseziels geworden, und interaktive kulinarische Erlebnisse bieten eine spannende Gelegenheit f\u00fcr Besucher, authentisch in diese Szene integriert zu werden. Einige Erlebnisse k\u00f6nnten sein:<\/p>\n\n\n\n<ul class=\"wp-block-list base-block\">\n<li class=\"base-block\">Bummeln Sie durch eines der weltber\u00fchmten Viertel von Santa Monica&nbsp;<a href=\"https:\/\/www.santamonica.com\/de\/santa-monica-erleben\/bauernmarkte\/\">Bauernm\u00e4rkte<\/a>&nbsp;eine Auswahl der frischesten Produkte des Landes, Blumen, Fleisch, K\u00e4se, N\u00fcsse und vieles mehr zu kaufen.<\/li>\n\n\n\n<li class=\"base-block\">Cruise entlang&nbsp;<a href=\"https:\/\/www.santamonica.com\/de\/dinge-die-man-tun-kann\/santa-monica-fahrradzentrum\/\">Fahrradzentrum Santa Monica<\/a>\u2018Die Sweet Spots Tour ist eine gef\u00fchrte Tour durch Santa Monicas wichtigste Einkaufsbezirke und denkmalgesch\u00fctzte Viertel und ein Insiderf\u00fchrer zu den s\u00fc\u00dfesten Geheimnissen der Stadt.<\/li>\n\n\n\n<li class=\"base-block\">Praktische Kochkurse bei&nbsp;<a href=\"https:\/\/www.santamonica.com\/de\/dinge-die-man-tun-kann\/die-schule-der-gourmandise\/\">Die Schule der Gourmandise<\/a>, mit Sitz in Santa Monica Place, lehrt Studenten klassische Koch- und Backtechniken, bei denen nur saisonale und lokal bezogene Zutaten verwendet werden. Zu den lokalen Favoriten geh\u00f6ren \u201cIntro to French Macaroons\u201d und \u201cFarmers Market Meals\u201d.\u201d<\/li>\n<\/ul>\n\n\n\n<p class=\"base-block\"><\/p>\n\n\n<section class=\"links-grid --theme3 sm-block\">\n    <div class=\"links-grid__wrapper\">\n                                                    <a href=\"https:\/\/www.santamonica.com\/de\/media\/media-library\/\" class=\"links-grid__card-link\" aria-label=\"Mediathek\" >\n                    <div class=\"links-grid__card\">\n                                                    <div class=\"links-grid__card-image-wrapper\">\n                                <img decoding=\"async\" width=\"400\" height=\"400\" src=\"https:\/\/www.santamonica.com\/wp-content\/uploads\/2022\/07\/Santa-Monica-Public-Library-540x540-1-400x400.jpg\" class=\"links-grid__card-image\" alt=\"Mediathek\" loading=\"lazy\" srcset=\"https:\/\/www.santamonica.com\/wp-content\/uploads\/2022\/07\/Santa-Monica-Public-Library-540x540-1-400x400.jpg 400w, https:\/\/www.santamonica.com\/wp-content\/uploads\/2022\/07\/Santa-Monica-Public-Library-540x540-1-300x300.jpg 300w, https:\/\/www.santamonica.com\/wp-content\/uploads\/2022\/07\/Santa-Monica-Public-Library-540x540-1-150x150.jpg 150w, https:\/\/www.santamonica.com\/wp-content\/uploads\/2022\/07\/Santa-Monica-Public-Library-540x540-1.jpg 540w\" sizes=\"auto, (max-width: 400px) 100vw, 400px\" title=\"\">                            <\/div>\n                                                <div class=\"links-grid__card-text\">\n                                                            <div class=\"links-grid__card-title\">Mediathek<\/div>\n                                                                                        <div class=\"links-grid__card-description\">Sie schreiben einen Artikel \u00fcber Santa Monica und ben\u00f6tigen hochaufl\u00f6sende Fotos? Ben\u00f6tigen Sie B-Rolls f\u00fcr einen Beitrag? Hier k\u00f6nnen Sie Zugang zu unserer Bilddatenbank und unseren Clips beantragen.<\/div>\n                                                    <\/div>\n                    <\/div>\n                <\/a>\n                                            <a href=\"https:\/\/www.santamonica.com\/de\/media\/media-visit-rfp\/\" class=\"links-grid__card-link\" aria-label=\"Medien-RFP\" >\n                    <div class=\"links-grid__card\">\n                                                    <div class=\"links-grid__card-image-wrapper\">\n                                <img decoding=\"async\" width=\"400\" height=\"400\" src=\"https:\/\/www.santamonica.com\/wp-content\/uploads\/2022\/07\/Flowers-540x540-1-400x400.jpg\" class=\"links-grid__card-image\" alt=\"Medien-RFP\" loading=\"lazy\" srcset=\"https:\/\/www.santamonica.com\/wp-content\/uploads\/2022\/07\/Flowers-540x540-1-400x400.jpg 400w, https:\/\/www.santamonica.com\/wp-content\/uploads\/2022\/07\/Flowers-540x540-1-300x300.jpg 300w, https:\/\/www.santamonica.com\/wp-content\/uploads\/2022\/07\/Flowers-540x540-1-150x150.jpg 150w, https:\/\/www.santamonica.com\/wp-content\/uploads\/2022\/07\/Flowers-540x540-1.jpg 540w\" sizes=\"auto, (max-width: 400px) 100vw, 400px\" title=\"\">                            <\/div>\n                                                <div class=\"links-grid__card-text\">\n                                                            <div class=\"links-grid__card-title\">Medien-RFP<\/div>\n                                                                                        <div class=\"links-grid__card-description\">M\u00f6chten Sie all das, was Santa Monica zu bieten hat, erleben und mit Ihren Lesern teilen? Schicken Sie uns eine Anfrage und lassen Sie uns sehen, wie wir zusammenarbeiten k\u00f6nnen.<\/div>\n                                                    <\/div>\n                    <\/div>\n                <\/a>\n                                            <a href=\"https:\/\/www.santamonica.com\/de\/media-contact\/\" class=\"links-grid__card-link\" aria-label=\"Medienkontakt\" >\n                    <div class=\"links-grid__card\">\n                                                    <div class=\"links-grid__card-image-wrapper\">\n                                <img decoding=\"async\" width=\"400\" height=\"400\" src=\"https:\/\/www.santamonica.com\/wp-content\/uploads\/2022\/07\/Feature-Pier-And-Bike-Path-400x400.png\" class=\"links-grid__card-image\" alt=\"Feature-Pier-And-Bike-Path\" loading=\"lazy\" srcset=\"https:\/\/www.santamonica.com\/wp-content\/uploads\/2022\/07\/Feature-Pier-And-Bike-Path-400x400.png 400w, https:\/\/www.santamonica.com\/wp-content\/uploads\/2022\/07\/Feature-Pier-And-Bike-Path-300x300.png 300w, https:\/\/www.santamonica.com\/wp-content\/uploads\/2022\/07\/Feature-Pier-And-Bike-Path-150x150.png 150w, https:\/\/www.santamonica.com\/wp-content\/uploads\/2022\/07\/Feature-Pier-And-Bike-Path.png 540w\" sizes=\"auto, (max-width: 400px) 100vw, 400px\" title=\"\">                            <\/div>\n                                                <div class=\"links-grid__card-text\">\n                                                            <div class=\"links-grid__card-title\">Medienkontakt<\/div>\n                                                                                        <div class=\"links-grid__card-description\">Das SMTT-Team f\u00fcr Medienarbeit steht Ihnen gerne als Ansprechpartner f\u00fcr alle Angelegenheiten in Santa Monica zur Verf\u00fcgung. Wenden Sie sich mit allen medienbezogenen Fragen hier an uns.<\/div>\n                                                    <\/div>\n                    <\/div>\n                <\/a>\n                        <\/div>\n<\/section>","protected":false},"excerpt":{"rendered":"<p>Story Ideas: Stay in Santa Monica to Explore Los Angeles Santa Monica sits perched on the Pacific Ocean at the crossroads of Pacific Coast Highway and California Interstate Highway 10, [&hellip;]<\/p>\n","protected":false},"author":1431,"featured_media":348183,"parent":0,"menu_order":0,"comment_status":"closed","ping_status":"closed","template":"template-editorial.php","meta":{"_acf_changed":false,"inline_featured_image":false,"footnotes":""},"silos":[3891],"class_list":["post-346288","page","type-page","status-publish","has-post-thumbnail","hentry"],"acf":[],"_links":{"self":[{"href":"https:\/\/www.santamonica.com\/de\/wp-json\/wp\/v2\/pages\/346288","targetHints":{"allow":["GET"]}}],"collection":[{"href":"https:\/\/www.santamonica.com\/de\/wp-json\/wp\/v2\/pages"}],"about":[{"href":"https:\/\/www.santamonica.com\/de\/wp-json\/wp\/v2\/types\/page"}],"author":[{"embeddable":true,"href":"https:\/\/www.santamonica.com\/de\/wp-json\/wp\/v2\/users\/1431"}],"replies":[{"embeddable":true,"href":"https:\/\/www.santamonica.com\/de\/wp-json\/wp\/v2\/comments?post=346288"}],"version-history":[{"count":39,"href":"https:\/\/www.santamonica.com\/de\/wp-json\/wp\/v2\/pages\/346288\/revisions"}],"predecessor-version":[{"id":431478,"href":"https:\/\/www.santamonica.com\/de\/wp-json\/wp\/v2\/pages\/346288\/revisions\/431478"}],"wp:featuredmedia":[{"embeddable":true,"href":"https:\/\/www.santamonica.com\/de\/wp-json\/wp\/v2\/media\/348183"}],"wp:attachment":[{"href":"https:\/\/www.santamonica.com\/de\/wp-json\/wp\/v2\/media?parent=346288"}],"wp:term":[{"taxonomy":"silos","embeddable":true,"href":"https:\/\/www.santamonica.com\/de\/wp-json\/wp\/v2\/silos?post=346288"}],"curies":[{"name":"wp","href":"https:\/\/api.w.org\/{rel}","templated":true}]}}