{"id":346145,"date":"2022-07-20T14:33:41","date_gmt":"2022-07-20T21:33:41","guid":{"rendered":"https:\/\/www.santamonica.com\/?page_id=346145"},"modified":"2025-01-14T12:39:31","modified_gmt":"2025-01-14T20:39:31","slug":"medien","status":"publish","type":"page","link":"https:\/\/www.santamonica.com\/de\/media\/","title":{"rendered":"Medien"},"content":{"rendered":"<section class=\"links-grid --theme3 sm-block\">\n    <div class=\"links-grid__wrapper\">\n                                                    <a href=\"https:\/\/www.santamonica.com\/de\/media\/press-kit\/\" class=\"links-grid__card-link\" aria-label=\"Pressemappe\" >\n                    <div class=\"links-grid__card\">\n                                                    <div class=\"links-grid__card-image-wrapper\">\n                                <img decoding=\"async\" width=\"400\" height=\"400\" src=\"https:\/\/www.santamonica.com\/wp-content\/uploads\/2022\/07\/Santa-Monica-Picnic-Co-940x700-1-400x400.jpg\" class=\"links-grid__card-image\" alt=\"Pressemappe\" loading=\"lazy\" title=\"\">                            <\/div>\n                                                <div class=\"links-grid__card-text\">\n                                                            <div class=\"links-grid__card-title\">Pressemappe<\/div>\n                                                                                        <div class=\"links-grid__card-description\">Die herunterladbare Pressemappe der SMTT ist vollgepackt mit Fakten, Zahlen und Story-Ideen, die zur Erg\u00e4nzung jeder Story \u00fcber das Reiseziel Santa Monica ben\u00f6tigt werden.<\/div>\n                                                    <\/div>\n                    <\/div>\n                <\/a>\n                                            <a href=\"https:\/\/www.santamonica.com\/de\/media\/media-library\/\" class=\"links-grid__card-link\" aria-label=\"Mediathek\" >\n                    <div class=\"links-grid__card\">\n                                                    <div class=\"links-grid__card-image-wrapper\">\n                                <img decoding=\"async\" width=\"400\" height=\"400\" src=\"https:\/\/www.santamonica.com\/wp-content\/uploads\/2022\/07\/Santa-Monica-Public-Library-540x540-1-400x400.jpg\" class=\"links-grid__card-image\" alt=\"Mediathek\" loading=\"lazy\" srcset=\"https:\/\/www.santamonica.com\/wp-content\/uploads\/2022\/07\/Santa-Monica-Public-Library-540x540-1-400x400.jpg 400w, https:\/\/www.santamonica.com\/wp-content\/uploads\/2022\/07\/Santa-Monica-Public-Library-540x540-1-300x300.jpg 300w, https:\/\/www.santamonica.com\/wp-content\/uploads\/2022\/07\/Santa-Monica-Public-Library-540x540-1-150x150.jpg 150w, https:\/\/www.santamonica.com\/wp-content\/uploads\/2022\/07\/Santa-Monica-Public-Library-540x540-1.jpg 540w\" sizes=\"auto, (max-width: 400px) 100vw, 400px\" title=\"\">                            <\/div>\n                                                <div class=\"links-grid__card-text\">\n                                                            <div class=\"links-grid__card-title\">Mediathek<\/div>\n                                                                                        <div class=\"links-grid__card-description\">Sie schreiben einen Artikel \u00fcber Santa Monica und ben\u00f6tigen hochaufl\u00f6sende Fotos? Ben\u00f6tigen Sie B-Rolls f\u00fcr einen Beitrag? Hier k\u00f6nnen Sie Zugang zu unserer Bilddatenbank und unseren Clips beantragen.<\/div>\n                                                    <\/div>\n                    <\/div>\n                <\/a>\n                                            <a href=\"https:\/\/www.santamonica.com\/de\/media\/media-visit-rfp\/\" class=\"links-grid__card-link\" aria-label=\"Medien-RFP\" >\n                    <div class=\"links-grid__card\">\n                                                    <div class=\"links-grid__card-image-wrapper\">\n                                <img decoding=\"async\" width=\"400\" height=\"400\" src=\"https:\/\/www.santamonica.com\/wp-content\/uploads\/2022\/07\/Flowers-540x540-1-400x400.jpg\" class=\"links-grid__card-image\" alt=\"Medien-RFP\" loading=\"lazy\" srcset=\"https:\/\/www.santamonica.com\/wp-content\/uploads\/2022\/07\/Flowers-540x540-1-400x400.jpg 400w, https:\/\/www.santamonica.com\/wp-content\/uploads\/2022\/07\/Flowers-540x540-1-300x300.jpg 300w, https:\/\/www.santamonica.com\/wp-content\/uploads\/2022\/07\/Flowers-540x540-1-150x150.jpg 150w, https:\/\/www.santamonica.com\/wp-content\/uploads\/2022\/07\/Flowers-540x540-1.jpg 540w\" sizes=\"auto, (max-width: 400px) 100vw, 400px\" title=\"\">                            <\/div>\n                                                <div class=\"links-grid__card-text\">\n                                                            <div class=\"links-grid__card-title\">Medien-RFP<\/div>\n                                                                                        <div class=\"links-grid__card-description\">M\u00f6chten Sie all das, was Santa Monica zu bieten hat, erleben und mit Ihren Lesern teilen? Schicken Sie uns eine Anfrage und lassen Sie uns sehen, wie wir zusammenarbeiten k\u00f6nnen.<\/div>\n                                                    <\/div>\n                    <\/div>\n                <\/a>\n                                            <a href=\"https:\/\/www.santamonica.com\/de\/media-contact\/\" class=\"links-grid__card-link\" aria-label=\"Medienkontakt\" >\n                    <div class=\"links-grid__card\">\n                                                    <div class=\"links-grid__card-image-wrapper\">\n                                <img decoding=\"async\" width=\"400\" height=\"400\" src=\"https:\/\/www.santamonica.com\/wp-content\/uploads\/2022\/07\/Feature-Pier-And-Bike-Path-400x400.png\" class=\"links-grid__card-image\" alt=\"Feature-Pier-And-Bike-Path\" loading=\"lazy\" srcset=\"https:\/\/www.santamonica.com\/wp-content\/uploads\/2022\/07\/Feature-Pier-And-Bike-Path-400x400.png 400w, https:\/\/www.santamonica.com\/wp-content\/uploads\/2022\/07\/Feature-Pier-And-Bike-Path-300x300.png 300w, https:\/\/www.santamonica.com\/wp-content\/uploads\/2022\/07\/Feature-Pier-And-Bike-Path-150x150.png 150w, https:\/\/www.santamonica.com\/wp-content\/uploads\/2022\/07\/Feature-Pier-And-Bike-Path.png 540w\" sizes=\"auto, (max-width: 400px) 100vw, 400px\" title=\"\">                            <\/div>\n                                                <div class=\"links-grid__card-text\">\n                                                            <div class=\"links-grid__card-title\">Medienkontakt<\/div>\n                                                                                        <div class=\"links-grid__card-description\">Das SMTT-Team f\u00fcr Medienarbeit steht Ihnen gerne als Ansprechpartner f\u00fcr alle Angelegenheiten in Santa Monica zur Verf\u00fcgung. Wenden Sie sich mit allen medienbezogenen Fragen hier an uns.<\/div>\n                                                    <\/div>\n                    <\/div>\n                <\/a>\n                        <\/div>\n<\/section>\n\n\n\n\n<figure class=\"wp-block-image aligncenter size-full is-resized base-block\"><img decoding=\"async\" src=\"https:\/\/www.santamonica.com\/wp-content\/uploads\/2022\/12\/AdrianAwards_2022_Winners_PR_Com.png\" alt=\"\" class=\"wp-image-371149\" width=\"250\" height=\"117\" title=\"\" srcset=\"https:\/\/www.santamonica.com\/wp-content\/uploads\/2022\/12\/AdrianAwards_2022_Winners_PR_Com.png 400w, https:\/\/www.santamonica.com\/wp-content\/uploads\/2022\/12\/AdrianAwards_2022_Winners_PR_Com-300x140.png 300w, https:\/\/www.santamonica.com\/wp-content\/uploads\/2022\/12\/AdrianAwards_2022_Winners_PR_Com-270x126.png 270w\" sizes=\"(max-width: 250px) 100vw, 250px\" \/><\/figure>\n\n\n<\/figure>","protected":false},"excerpt":{"rendered":"","protected":false},"author":1431,"featured_media":348619,"parent":0,"menu_order":0,"comment_status":"closed","ping_status":"closed","template":"template-editorial.php","meta":{"_acf_changed":false,"inline_featured_image":false,"footnotes":""},"silos":[],"class_list":["post-346145","page","type-page","status-publish","has-post-thumbnail","hentry"],"acf":[],"_links":{"self":[{"href":"https:\/\/www.santamonica.com\/de\/wp-json\/wp\/v2\/pages\/346145","targetHints":{"allow":["GET"]}}],"collection":[{"href":"https:\/\/www.santamonica.com\/de\/wp-json\/wp\/v2\/pages"}],"about":[{"href":"https:\/\/www.santamonica.com\/de\/wp-json\/wp\/v2\/types\/page"}],"author":[{"embeddable":true,"href":"https:\/\/www.santamonica.com\/de\/wp-json\/wp\/v2\/users\/1431"}],"replies":[{"embeddable":true,"href":"https:\/\/www.santamonica.com\/de\/wp-json\/wp\/v2\/comments?post=346145"}],"version-history":[{"count":56,"href":"https:\/\/www.santamonica.com\/de\/wp-json\/wp\/v2\/pages\/346145\/revisions"}],"predecessor-version":[{"id":379756,"href":"https:\/\/www.santamonica.com\/de\/wp-json\/wp\/v2\/pages\/346145\/revisions\/379756"}],"wp:featuredmedia":[{"embeddable":true,"href":"https:\/\/www.santamonica.com\/de\/wp-json\/wp\/v2\/media\/348619"}],"wp:attachment":[{"href":"https:\/\/www.santamonica.com\/de\/wp-json\/wp\/v2\/media?parent=346145"}],"wp:term":[{"taxonomy":"silos","embeddable":true,"href":"https:\/\/www.santamonica.com\/de\/wp-json\/wp\/v2\/silos?post=346145"}],"curies":[{"name":"wp","href":"https:\/\/api.w.org\/{rel}","templated":true}]}}