{"id":345870,"date":"2022-07-18T23:12:57","date_gmt":"2022-07-19T06:12:57","guid":{"rendered":"https:\/\/www.santamonica.com\/?page_id=345870"},"modified":"2023-06-27T19:39:47","modified_gmt":"2023-06-28T02:39:47","slug":"teambuilding-aktivitaten","status":"publish","type":"page","link":"https:\/\/www.santamonica.com\/de\/meetings-conventions\/team-building-activities\/","title":{"rendered":"Teambuilding-Aktivit\u00e4ten"},"content":{"rendered":"<section class=\"sun-title sm-block --theme6 sm-block\">\n            <h2 class=\"sun-title__headline\">Verbindung und Zusammenarbeit<\/h2>    \n            <div class=\"sun-title__body  wysiwyg\">\n                    <p>Santa Monica bietet von Natur aus die perfekte Umgebung, um Ihr Team zu st\u00e4rken und die Zusammenarbeit zu f\u00f6rdern. Von sandigen Erlebnissen bis hin zu hochfliegenden Abenteuern - jedes Team wird mit gemeinsamen Erfahrungen und lustigen Erinnerungen nach Hause gehen.<\/p>\n                        <\/div>\n    <\/section>\n\n\n\n<section class=\"two-images container-max sm-block  sm-block\">\n    <div class=\"two-images__container\">\n\n        <div class=\"two-images__column\">\n            <div class=\"two-images__content\">\n                <div class=\"two-images__content-header-container\">\n                                            <h1 class=\"two-images__content-header\">Vom Meer zum Himmel<\/h1>                                    <\/div>\n                                    <div class=\"two-images__content-body wysiwyg\">\n                        <p>Bringen Sie das Team f\u00fcr einzigartige Erlebnisse zusammen bei <a href=\"https:\/\/www.santamonica.com\/de\/dinge-die-man-tun-kann\/santa-monica-strand\/\">Santa Monica Strand<\/a>. St\u00e4rken Sie Ihre Teamwork-F\u00e4higkeiten durch die Teilnahme an einem Beachvolleyball-Kurs mit <a href=\"https:\/\/www.santamonica.com\/de\/veranstaltungsort-2\/santa-monica-beach-volleyball\/\">Strandvolleyball in Santa Monica<\/a> oder bringen Sie Ihr Team mit, um einen freundschaftlichen Wettkampf auf einem der \u00f6ffentlichen Pl\u00e4tze des Strandes zu genie\u00dfen. Es gibt viele Strandsportarten, an denen Sie teilnehmen k\u00f6nnen, darunter <a href=\"https:\/\/www.santamonica.com\/de\/dinge-die-man-tun-kann\/ola-strandtennis\/\">Beachtennis<\/a>, Fu\u00dfball und <a href=\"https:\/\/www.santamonica.com\/de\/dinge-die-man-tun-kann\/pickleball\/\">pickleball<\/a>. Sie suchen nach etwas Entspanntem? Verlegen Sie die klassischen Teambuilding-\u00dcbungen und -Spiele einfach in den Sand und geben Sie ihnen eine besondere Note, indem Sie ein ma\u00dfgeschneidertes Strandpicknick mit <a href=\"https:\/\/www.santamonica.com\/de\/dinge-die-man-tun-kann\/santa-monica-picnic-co\/\">Santa Monica Picknick Co<\/a>. Erg\u00e4nzen Sie Ihr Picknick mit Spielesets wie Badminton, Leitern, Cornhole und Spikeball, um die Teambuilding-\u00dcbungen noch lustiger zu gestalten. Teams, die auf der Suche nach weiteren hochfliegenden Abenteuern sind, m\u00fcssen nicht weiter suchen als das <a href=\"https:\/\/www.santamonica.com\/de\/veranstaltungsort-2\/trapezschule-new-york-2\/\">Trapezschule New York<\/a>. Am Santa Monica Pier k\u00f6nnen sich Gruppen jeder Gr\u00f6\u00dfe f\u00fcr Trapez- und Seiltanzkurse anmelden und den ultimativen Vertrauensfall erleben.<\/p>\n                    <\/div>\n                                            <\/div>\n        <\/div>\n\n        <div class=\"two-images__column\">\n                            <div class=\"two-images__image-container\">\n                    <img decoding=\"async\" width=\"424\" height=\"504\" src=\"https:\/\/www.santamonica.com\/wp-content\/uploads\/2022\/07\/Volleyball424x504.jpg\" class=\"two-images__image\" alt=\"Mann und Frau springen \u00fcber das Volleyballnetz voneinander weg; Mann schl\u00e4gt den Ball; Frau und Mann spielen Beachvolleyball\" loading=\"lazy\" srcset=\"https:\/\/www.santamonica.com\/wp-content\/uploads\/2022\/07\/Volleyball424x504.jpg 424w, https:\/\/www.santamonica.com\/wp-content\/uploads\/2022\/07\/Volleyball424x504-252x300.jpg 252w, https:\/\/www.santamonica.com\/wp-content\/uploads\/2022\/07\/Volleyball424x504-126x150.jpg 126w\" sizes=\"auto, (max-width: 424px) 100vw, 424px\" title=\"\">                    \n\n                <\/div>\n                    <\/div>\n\n        <div class=\"two-images__column\">\n                            <div class=\"two-images__image-container\">\n                    <img decoding=\"async\" width=\"600\" height=\"464\" src=\"https:\/\/www.santamonica.com\/wp-content\/uploads\/2022\/07\/Trapeze600x464.jpg\" class=\"two-images__image\" alt=\"Frau kopf\u00fcber beim Trapezsprung; im Hintergrund das Pacific Wheel des Santa Monica Pier\" loading=\"lazy\" srcset=\"https:\/\/www.santamonica.com\/wp-content\/uploads\/2022\/07\/Trapeze600x464.jpg 600w, https:\/\/www.santamonica.com\/wp-content\/uploads\/2022\/07\/Trapeze600x464-300x232.jpg 300w, https:\/\/www.santamonica.com\/wp-content\/uploads\/2022\/07\/Trapeze600x464-194x150.jpg 194w\" sizes=\"auto, (max-width: 600px) 100vw, 600px\" title=\"\">                    \n\n                <\/div>\n                    <\/div>\n\n    <\/div>\n<\/section>\n\n\n\n<div class=\"wp-block-columns is-layout-flex wp-container-core-columns-is-layout-28f84493 wp-block-columns-is-layout-flex base-block\">\n<div class=\"wp-block-column is-layout-flow wp-block-column-is-layout-flow base-block\">\n<h2 class=\"wp-block-heading base-block\"><strong>Die Form brechen<\/strong><\/h2>\n\n\n\n<p class=\"base-block\">Phantasie anregen mit <a href=\"https:\/\/www.santamonica.com\/de\/kunst-und-kultur\/\">Kunst- und T\u00f6pferkurse<\/a> in ganz Santa Monica, um zu introspektiven Gedanken, pers\u00f6nlicher Reflexion und einem Gef\u00fchl der Erf\u00fcllung anzuregen. F\u00fcr Aktivit\u00e4ten, die Vertrautheit, Zusammenarbeit und Vertrauen st\u00e4rken, bieten sich Improvisationskurse bei <a href=\"https:\/\/www.santamonica.com\/de\/veranstaltungsort-2\/m-i-s-westside-comedy-theater-8\/\">M.I. Westside Comedy Theater<\/a> bringen die Teams durch Humor und Unbeschwertheit einander n\u00e4her.<\/p>\n<\/div>\n\n\n\n<div class=\"wp-block-column is-layout-flow wp-block-column-is-layout-flow base-block\">\n<h2 class=\"wp-block-heading base-block\"><strong>Spa\u00df f\u00fcr Feinschmecker<\/strong><\/h2>\n\n\n\n<p class=\"base-block\">Anmeldung zum Unterricht unter <a href=\"https:\/\/www.santamonica.com\/de\/veranstaltungsort-2\/k-food-junior-chef\/\">Die Schule der Gourmandise<\/a> bei dem Teams ihr eigenes Essen kochen und es auch essen k\u00f6nnen! Stellen Sie die Kommunikation und den Zusammenhalt im Team auf die Probe, wenn die Teams unter den wachsamen Augen eines Meisterkochs verschiedene, einzigartige Rezepte zubereiten. Wenn das Essen fertig ist, k\u00f6nnen Sie sich bei einem gemeinsamen Abendessen von Ihrer Leistung \u00fcberzeugen.<\/p>\n<\/div>\n\n\n\n<div class=\"wp-block-column is-layout-flow wp-block-column-is-layout-flow base-block\">\n<h2 class=\"wp-block-heading base-block\"><strong>Ruhe und Entspannung<\/strong><\/h2>\n\n\n\n<p class=\"base-block\">Genie\u00dfen Sie einen Moment der Entspannung bei Yoga-Kursen im Studio oder am Strand. <a href=\"https:\/\/www.santamonica.com\/de\/veranstaltungsort-2\/strand-yoga-socal\/\">Strand Yoga So Cal<\/a> Wir bieten die ganze Woche \u00fcber eine Vielzahl von Kursen f\u00fcr Gruppen mit unterschiedlichen Erfahrungsstufen an. Nehmen Sie an einem Sunset-Beach-Yoga-Kurs teil, um ruhige Momente der Reflexion im Team zu erleben, oder st\u00e4rken Sie Ihr Selbstvertrauen in einem Beach-Power-Flow-Kurs. <\/p>\n<\/div>\n<\/div>\n\n\n<section class=\"links-grid --theme3 sm-block\">\n    <div class=\"links-grid__wrapper\">\n                                                    <a href=\"https:\/\/www.santamonica.com\/de\/meetings-conventions\/transportation-accessibility\/\" class=\"links-grid__card-link\" aria-label=\"Erreichbarkeit und Transport\" >\n                    <div class=\"links-grid__card\">\n                                                    <div class=\"links-grid__card-image-wrapper\">\n                                <img decoding=\"async\" width=\"366\" height=\"330\" src=\"https:\/\/www.santamonica.com\/wp-content\/uploads\/2022\/07\/Bike366x330.jpg\" class=\"links-grid__card-image\" alt=\"Gro\u00dfe Gruppe f\u00e4hrt mit dem Fahrrad am Strand entlang\" loading=\"lazy\" srcset=\"https:\/\/www.santamonica.com\/wp-content\/uploads\/2022\/07\/Bike366x330.jpg 366w, https:\/\/www.santamonica.com\/wp-content\/uploads\/2022\/07\/Bike366x330-300x270.jpg 300w, https:\/\/www.santamonica.com\/wp-content\/uploads\/2022\/07\/Bike366x330-166x150.jpg 166w\" sizes=\"auto, (max-width: 366px) 100vw, 366px\" title=\"\">                            <\/div>\n                                                <div class=\"links-grid__card-text\">\n                                                            <div class=\"links-grid__card-title\">Erreichbarkeit und Transport<\/div>\n                                                                                        <div class=\"links-grid__card-description\">Finden Sie die besten M\u00f6glichkeiten, Ihr Team durch Santa Monica zu bringen.<\/div>\n                                                    <\/div>\n                    <\/div>\n                <\/a>\n                                            <a href=\"https:\/\/www.santamonica.com\/de\/travel-trade\/group-tours\/\" class=\"links-grid__card-link\" aria-label=\"Gruppenreisen\" >\n                    <div class=\"links-grid__card\">\n                                                    <div class=\"links-grid__card-image-wrapper\">\n                                <img decoding=\"async\" width=\"366\" height=\"330\" src=\"https:\/\/www.santamonica.com\/wp-content\/uploads\/2022\/07\/GroupTour366x330.jpg\" class=\"links-grid__card-image\" alt=\"Gruppe h\u00f6rt einer Frau zu, die eine F\u00fchrung gibt; Backsteinmauer mit verfallener Schrift im Hintergrund\" loading=\"lazy\" srcset=\"https:\/\/www.santamonica.com\/wp-content\/uploads\/2022\/07\/GroupTour366x330.jpg 366w, https:\/\/www.santamonica.com\/wp-content\/uploads\/2022\/07\/GroupTour366x330-300x270.jpg 300w, https:\/\/www.santamonica.com\/wp-content\/uploads\/2022\/07\/GroupTour366x330-166x150.jpg 166w\" sizes=\"auto, (max-width: 366px) 100vw, 366px\" title=\"\">                            <\/div>\n                                                <div class=\"links-grid__card-text\">\n                                                            <div class=\"links-grid__card-title\">Gruppenreisen<\/div>\n                                                                                        <div class=\"links-grid__card-description\">Entdecken Sie Gruppenreisen f\u00fcr kleine und gro\u00dfe Gruppen.<\/div>\n                                                    <\/div>\n                    <\/div>\n                <\/a>\n                                            <a href=\"https:\/\/www.santamonica.com\/de\/dining-guide-2\/\" class=\"links-grid__card-link\" aria-label=\"Speisef\u00fchrer\" >\n                    <div class=\"links-grid__card\">\n                                                    <div class=\"links-grid__card-image-wrapper\">\n                                <img decoding=\"async\" width=\"366\" height=\"330\" src=\"https:\/\/www.santamonica.com\/wp-content\/uploads\/2022\/07\/PartnerBrunch366x330.jpg\" class=\"links-grid__card-image\" alt=\"Rotes Martini-Getr\u00e4nk mit Garnierung; Pizza im Hintergrund\" loading=\"lazy\" srcset=\"https:\/\/www.santamonica.com\/wp-content\/uploads\/2022\/07\/PartnerBrunch366x330.jpg 366w, https:\/\/www.santamonica.com\/wp-content\/uploads\/2022\/07\/PartnerBrunch366x330-300x270.jpg 300w, https:\/\/www.santamonica.com\/wp-content\/uploads\/2022\/07\/PartnerBrunch366x330-166x150.jpg 166w\" sizes=\"auto, (max-width: 366px) 100vw, 366px\" title=\"\">                            <\/div>\n                                                <div class=\"links-grid__card-text\">\n                                                            <div class=\"links-grid__card-title\">Speisef\u00fchrer<\/div>\n                                                                                        <div class=\"links-grid__card-description\">Entdecken Sie die kulinarischen M\u00f6glichkeiten, die jedem Gaumen schmeicheln.<\/div>\n                                                    <\/div>\n                    <\/div>\n                <\/a>\n                                            <a href=\"https:\/\/www.santamonica.com\/de\/travel-trade\/planning-toolkit\/\" class=\"links-grid__card-link\" aria-label=\"Planungs-Toolkit\" >\n                    <div class=\"links-grid__card\">\n                                                    <div class=\"links-grid__card-image-wrapper\">\n                                <img decoding=\"async\" width=\"366\" height=\"330\" src=\"https:\/\/www.santamonica.com\/wp-content\/uploads\/2022\/07\/Partner366x330-1.jpg\" class=\"links-grid__card-image\" alt=\"Strand und Meereswellen; Menschen am Strand; Luftaufnahme\" loading=\"lazy\" srcset=\"https:\/\/www.santamonica.com\/wp-content\/uploads\/2022\/07\/Partner366x330-1.jpg 366w, https:\/\/www.santamonica.com\/wp-content\/uploads\/2022\/07\/Partner366x330-1-300x270.jpg 300w, https:\/\/www.santamonica.com\/wp-content\/uploads\/2022\/07\/Partner366x330-1-166x150.jpg 166w\" sizes=\"auto, (max-width: 366px) 100vw, 366px\" title=\"\">                            <\/div>\n                                                <div class=\"links-grid__card-text\">\n                                                            <div class=\"links-grid__card-title\">Planungs-Toolkit<\/div>\n                                                                                        <div class=\"links-grid__card-description\">Mit dem Planungs-Toolkit wird die Planung Ihrer n\u00e4chsten Reise nach Santa Monica zum Kinderspiel.<\/div>\n                                                    <\/div>\n                    <\/div>\n                <\/a>\n                        <\/div>\n<\/section>\n\n\n\n<section class=\"meetings-contact-us sm-block\">\n    <div class=\"meetings-contact-us__inner\">\n        <div class=\"meetings-contact-us__image-wrap\">\n            <img decoding=\"async\" width=\"1024\" height=\"304\" src=\"https:\/\/www.santamonica.com\/wp-content\/uploads\/2022\/07\/Help1280x380-1024x304.jpg\" class=\"attachment-large size-large\" alt=\"Bild des Geb\u00e4udes des Besucherzentrums; graues Geb\u00e4ude mit Infoschild dar\u00fcber\" srcset=\"https:\/\/www.santamonica.com\/wp-content\/uploads\/2022\/07\/Help1280x380-1024x304.jpg 1024w, https:\/\/www.santamonica.com\/wp-content\/uploads\/2022\/07\/Help1280x380-300x89.jpg 300w, https:\/\/www.santamonica.com\/wp-content\/uploads\/2022\/07\/Help1280x380-270x80.jpg 270w, https:\/\/www.santamonica.com\/wp-content\/uploads\/2022\/07\/Help1280x380-768x228.jpg 768w, https:\/\/www.santamonica.com\/wp-content\/uploads\/2022\/07\/Help1280x380.jpg 1280w\" sizes=\"(max-width: 1024px) 100vw, 1024px\" title=\"\">        <\/div>\n        <div class=\"meetings-contact-us__body\">\n            <h1 class=\"meetings-contact-us__heading\">\n                Haben Sie Fragen?            <\/h1>\n            <p class=\"meetings-contact-us__intro\">\n                F\u00fchlen Sie sich unterst\u00fctzt, wenn Sie sich noch heute an das Expertenteam von Santa Monica Travel &amp; Tourism wenden!            <\/p>\n            <div class=\"meetings-contact-us__phone-numbers wysiwyg\">\n                                                            <\/div>\n            <div class=\"meetings-contact-us__ctas\">\n                                            <a class=\"meetings-contact-us__primary-cta\" href=\"https:\/\/www.santamonica.com\/de\/treffen-konventionen\/treffen-kontakt-mit-uns\/\">Kontakt<\/a>\n                                                    <\/div>\n        <\/div>\n    <\/div>\n\n<\/section>\n\n\n<section class=\"blog-feed --theme8 sm-block\">\n    <div class=\"blog-feed__content\">\n        <div class=\"blog-feed__intro\">\n                            <div class=\"blog-feed__eyebrow eyebrow\">Blogs<\/div>                                        <h2 class=\"blog-feed__headline\">Santa Monica entdecken<\/h2>                                        <div class=\"blog-feed__body\"><p>Entdecken Sie Reiserouten, lokale Tipps, Hot Spots und ausgew\u00e4hlte Abenteuer, damit Sie das Beste aus Ihrem Aufenthalt in Santa Monica machen k\u00f6nnen.<\/p>\n<\/div>\n                                        <a class=\"blog-feed__cta\" href=\"https:\/\/www.santamonica.com\/de\/blogeintrage\/\">Alle Blogs anzeigen<\/a>\n                    <\/div>\n\n        <ul class=\"blog-feed__list\">\n                                                <li class=\"blog-feed__item\">\n                        <a href=\"https:\/\/www.santamonica.com\/de\/mother-road-modern-meetings-route-66-meeting-spaces-set-to-shine-for-centennial-in-santa-monica\/\" class=\"blog-feed__item-link\">\n                            <div class=\"blog-feed__image-ratio\">\n                                <img decoding=\"async\" class=\"blog-feed__image\" src=\"https:\/\/www.santamonica.com\/wp-content\/uploads\/2025\/12\/untitledJuly20162C2020180010-182-2-400x400.jpg\" alt=\"MUTTERSTRASSE, MODERNE TAGUNGEN: ROUTE-66-TAGUNGSR\u00c4UME ERSTRAHLEN ZUM HUNDERTJ\u00c4HRIGEN JUBIL\u00c4UM IN SANTA MONICA\" title=\"\">\n                            <\/div>\n                            <div class=\"blog-feed__card-title\">MUTTERSTRASSE, MODERNE TAGUNGEN: ROUTE-66-TAGUNGSR\u00c4UME ERSTRAHLEN ZUM HUNDERTJ\u00c4HRIGEN JUBIL\u00c4UM IN SANTA MONICA<\/div>\n                        <\/a>\n                    <\/li>\n                                                                <li class=\"blog-feed__item\">\n                        <a href=\"https:\/\/www.santamonica.com\/de\/media\/news-release\/santa-monica-announces-song-contest-in-celebration-of-route-66-centennial\/\" class=\"blog-feed__item-link\">\n                            <div class=\"blog-feed__image-ratio\">\n                                <img decoding=\"async\" class=\"blog-feed__image\" src=\"https:\/\/www.santamonica.com\/wp-content\/uploads\/2025\/11\/DSC01084-400x400.jpg\" alt=\"SANTA MONICA VERK\u00dcNDET SONGWETTBEWERB ZUR FEIER DES HUNDERTJ\u00c4HRIGEN BESTEHENS DER ROUTE 66\" title=\"\">\n                            <\/div>\n                            <div class=\"blog-feed__card-title\">SANTA MONICA VERK\u00dcNDET SONGWETTBEWERB ZUR FEIER DES HUNDERTJ\u00c4HRIGEN BESTEHENS DER ROUTE 66<\/div>\n                        <\/a>\n                    <\/li>\n                                                                <li class=\"blog-feed__item\">\n                        <a href=\"https:\/\/www.santamonica.com\/de\/media\/news-release\/where-to-watch-the-world-series-in-santa-monica\/\" class=\"blog-feed__item-link\">\n                            <div class=\"blog-feed__image-ratio\">\n                                <img decoding=\"async\" class=\"blog-feed__image\" src=\"https:\/\/www.santamonica.com\/wp-content\/uploads\/2025\/10\/dodgers-logo-1-400x400.jpg\" alt=\"WO MAN DIE WORLD SERIES IN SANTA MONICA SEHEN KANN\" title=\"\">\n                            <\/div>\n                            <div class=\"blog-feed__card-title\">WO MAN DIE WORLD SERIES IN SANTA MONICA SEHEN KANN<\/div>\n                        <\/a>\n                    <\/li>\n                                    <\/ul>\n    <\/div>\n<\/section>","protected":false},"excerpt":{"rendered":"<p>Break the Mold Ignite imagination with art and pottery classes throughout Santa Monica to inspire introspective thoughts, personal reflection and a sense of accomplishment. For activities that strengthen familiarity, collaboration [&hellip;]<\/p>\n","protected":false},"author":1421,"featured_media":348981,"parent":0,"menu_order":0,"comment_status":"closed","ping_status":"closed","template":"template-editorial.php","meta":{"_acf_changed":false,"inline_featured_image":false,"footnotes":""},"silos":[3894],"class_list":["post-345870","page","type-page","status-publish","has-post-thumbnail","hentry"],"acf":[],"_links":{"self":[{"href":"https:\/\/www.santamonica.com\/de\/wp-json\/wp\/v2\/pages\/345870","targetHints":{"allow":["GET"]}}],"collection":[{"href":"https:\/\/www.santamonica.com\/de\/wp-json\/wp\/v2\/pages"}],"about":[{"href":"https:\/\/www.santamonica.com\/de\/wp-json\/wp\/v2\/types\/page"}],"author":[{"embeddable":true,"href":"https:\/\/www.santamonica.com\/de\/wp-json\/wp\/v2\/users\/1421"}],"replies":[{"embeddable":true,"href":"https:\/\/www.santamonica.com\/de\/wp-json\/wp\/v2\/comments?post=345870"}],"version-history":[{"count":29,"href":"https:\/\/www.santamonica.com\/de\/wp-json\/wp\/v2\/pages\/345870\/revisions"}],"predecessor-version":[{"id":383158,"href":"https:\/\/www.santamonica.com\/de\/wp-json\/wp\/v2\/pages\/345870\/revisions\/383158"}],"wp:featuredmedia":[{"embeddable":true,"href":"https:\/\/www.santamonica.com\/de\/wp-json\/wp\/v2\/media\/348981"}],"wp:attachment":[{"href":"https:\/\/www.santamonica.com\/de\/wp-json\/wp\/v2\/media?parent=345870"}],"wp:term":[{"taxonomy":"silos","embeddable":true,"href":"https:\/\/www.santamonica.com\/de\/wp-json\/wp\/v2\/silos?post=345870"}],"curies":[{"name":"wp","href":"https:\/\/api.w.org\/{rel}","templated":true}]}}