{"id":345236,"date":"2022-07-14T15:01:34","date_gmt":"2022-07-14T22:01:34","guid":{"rendered":"https:\/\/www.santamonica.com\/?page_id=345236"},"modified":"2022-09-28T10:40:11","modified_gmt":"2022-09-28T17:40:11","slug":"empfehlungsschreiben","status":"publish","type":"page","link":"https:\/\/www.santamonica.com\/de\/i-am-santa-monica\/testimonials\/","title":{"rendered":"Ich bin Santa Monica - Erfahrungsberichte"},"content":{"rendered":"<div class=\"wp-block-columns is-layout-flex wp-container-core-columns-is-layout-28f84493 wp-block-columns-is-layout-flex base-block\">\n<div class=\"wp-block-column is-layout-flow wp-block-column-is-layout-flow base-block\">\n<p class=\"base-block\"><em>\u201cSehr informativ mit n\u00fctzlichen Informationen f\u00fcr Besch\u00e4ftigte im Gastgewerbe, die nicht in Santa Monica leben oder sich dort nicht auskennen.\u201d <\/em>- <strong>Claudio Henrique, Das Ambrose Hotel<\/strong><\/p>\n<\/div>\n\n\n\n<div class=\"wp-block-column is-layout-flow wp-block-column-is-layout-flow base-block\">\n<p class=\"base-block\">\u201cEs w\u00e4re eine gro\u00dfartige Idee, wenn die meisten Angestellten des Hotel- und Gastst\u00e4ttengewerbes in Santa Monica dieses Training absolvieren w\u00fcrden!\u201d -&nbsp;<strong>Katharine Vazquez, Pacific Park<\/strong><\/p>\n<\/div>\n\n\n\n<div class=\"wp-block-column is-layout-flow wp-block-column-is-layout-flow base-block\">\n<p class=\"base-block\"><em>\u201cEine hervorragende Gelegenheit, die Gebiete kennenzulernen, in die wir unsere G\u00e4ste schicken.\u201d<\/em> -\u00a0<strong>Enriques Cardenas, Sandbourne Santa Monica<\/strong> <strong>Santa Monica<\/strong><\/p>\n<\/div>\n\n\n\n<div class=\"wp-block-column is-layout-flow wp-block-column-is-layout-flow base-block\">\n<p class=\"base-block\"><em>\u201cEs war eine ausgezeichnete Quelle, um die Besucher und Einwohner des Bezirks Los Angeles zu informieren. Es war wirklich eine fantastische und unterhaltsame Art, etwas \u00fcber die Stadt Santa Monica zu erfahren.\u201d<\/em> -&nbsp;<strong>David Garcia, Holiday Inn<\/strong><\/p>\n<\/div>\n<\/div>\n\n\n\n<div class=\"wp-block-columns is-layout-flex wp-container-core-columns-is-layout-28f84493 wp-block-columns-is-layout-flex base-block\">\n<div class=\"wp-block-column is-layout-flow wp-block-column-is-layout-flow base-block\">\n<p class=\"base-block\"><em>\u201cUnser Team zu \u201cI am Santa Monica\u201d zu schicken, war nicht nur lehrreich, sondern hat auch Spa\u00df gemacht. Es ist eine phantastische Einf\u00fchrung in die Stadt und die Geschichte, die sie umgibt. Dieser Workshop erm\u00f6glicht es uns, unseren Besuchern aus aller Welt Santa Monica mit Enthusiasmus und Wissen zu pr\u00e4sentieren!\u201d<\/em>&nbsp;- <strong>Christina Maranon, Uferhotel<\/strong><\/p>\n<\/div>\n\n\n\n<div class=\"wp-block-column is-layout-flow wp-block-column-is-layout-flow base-block\">\n<p class=\"base-block\"><em>\u201cDas w\u00e4re hervorragend f\u00fcr meine B\u00fcromitarbeiter, die viel mit der \u00d6ffentlichkeit und Kunden au\u00dferhalb von Santa Monica zu tun haben.\u201d<\/em> - <strong>Donn Umber, Polizeirevier Santa Monica<\/strong><\/p>\n<\/div>\n\n\n\n<div class=\"wp-block-column is-layout-flow wp-block-column-is-layout-flow base-block\">\n<p class=\"base-block\"><em>\u201cDie Diskussion \u00fcber den Kundenservice war sehr effektiv und kam von Herzen. Wie wichtig es ist, positiv zu sein, daf\u00fcr zu sorgen, dass sich die Menschen wohlf\u00fchlen, und auf ihre Bed\u00fcrfnisse einzugehen.\u201d<\/em> -&nbsp;<strong>Carrie Weil, Maguire Properties<\/strong><\/p>\n<\/div>\n\n\n\n<div class=\"wp-block-column is-layout-flow wp-block-column-is-layout-flow base-block\">\n<p class=\"base-block\"><em>\u201cDieses Programm hilft dir, dich zurechtzufinden, wenn du keine Informationen \u00fcber Santa Monica hast. Ich wusste gar nichts \u00fcber Santa Monica, aber jetzt wei\u00df ich eine Menge und fange an, es hier zu m\u00f6gen!\u201d<\/em> -&nbsp;<strong>Tugce Cakir, Internationale Mitarbeiterin, Pacific Park<\/strong><\/p>\n<\/div>\n<\/div>\n\n\n\n<div class=\"wp-block-columns is-layout-flex wp-container-core-columns-is-layout-28f84493 wp-block-columns-is-layout-flex base-block\">\n<div class=\"wp-block-column is-layout-flow wp-block-column-is-layout-flow base-block\">\n<h4 class=\"wp-block-heading base-block\">Anmelden unter<\/h4>\n\n\n\n<p class=\"base-block\"><a href=\"https:\/\/www.santamonica.com\/de\/ich-bin-santa-monica\/einschreiben\/\">Melden Sie sich oder Ihr Team an<\/a> jetzt im kostenlosen Workshop \"Ich bin Santa Monica\", der von Santa Monica Travel &amp; Tourism veranstaltet wird.<\/p>\n<\/div>\n\n\n\n<div class=\"wp-block-column is-layout-flow wp-block-column-is-layout-flow base-block\">\n<h4 class=\"wp-block-heading base-block\">Anfrage Meeting<\/h4>\n\n\n\n<p class=\"base-block\"><a href=\"https:\/\/www.santamonica.com\/de\/ich-bin-santa-monica\/treffen-anfragen\/\">Veranstalten Sie einen I Am Santa Monica-Workshop<\/a> in Ihrem Unternehmen. Offsite-Schulungen sind f\u00fcr Gruppen mit mindestens 20 Personen m\u00f6glich.<\/p>\n<\/div>\n\n\n\n<div class=\"wp-block-column is-layout-flow wp-block-column-is-layout-flow base-block\">\n<h4 class=\"wp-block-heading base-block\">Tourismus-Auszeichnung<\/h4>\n\n\n\n<p class=\"base-block\">Jedes Jahr ehren wir bestimmte Mitarbeiter, indem wir sie f\u00fcr den <a href=\"https:\/\/www.santamonica.com\/de\/geist-auszeichnung\/\">Thelma Parks Preis f\u00fcr den Geist des Tourismus<\/a>.<\/p>\n<\/div>\n\n\n\n<div class=\"wp-block-column is-layout-flow wp-block-column-is-layout-flow base-block\">\n<h4 class=\"wp-block-heading base-block\">Erweitern Sie Ich Bin<\/h4>\n\n\n\n<p class=\"base-block\"><a href=\"https:\/\/www.santamonica.com\/de\/ich-bin-santa-monica\/ihr-reiseziel\/\">Erstellen Sie Ihr eigenes \u201cIch bin\u201d<\/a> Programm zur Aufkl\u00e4rung und Information von Unternehmen und Arbeitnehmern, die in Ihrem Reiseziel leben und arbeiten.<\/p>\n<\/div>\n<\/div>","protected":false},"excerpt":{"rendered":"<p>&#8220;Highly informative with useful information for hospitality workers who don&#8217;t live or are not familiar with Santa Monica.&#8221; &#8211; Claudio Henrique, The Ambrose Hotel &#8220;It would be a great idea [&hellip;]<\/p>\n","protected":false},"author":1421,"featured_media":336928,"parent":0,"menu_order":0,"comment_status":"closed","ping_status":"closed","template":"template-editorial.php","meta":{"_acf_changed":false,"inline_featured_image":false,"footnotes":""},"silos":[3922],"class_list":["post-345236","page","type-page","status-publish","has-post-thumbnail","hentry"],"acf":[],"_links":{"self":[{"href":"https:\/\/www.santamonica.com\/de\/wp-json\/wp\/v2\/pages\/345236","targetHints":{"allow":["GET"]}}],"collection":[{"href":"https:\/\/www.santamonica.com\/de\/wp-json\/wp\/v2\/pages"}],"about":[{"href":"https:\/\/www.santamonica.com\/de\/wp-json\/wp\/v2\/types\/page"}],"author":[{"embeddable":true,"href":"https:\/\/www.santamonica.com\/de\/wp-json\/wp\/v2\/users\/1421"}],"replies":[{"embeddable":true,"href":"https:\/\/www.santamonica.com\/de\/wp-json\/wp\/v2\/comments?post=345236"}],"version-history":[{"count":10,"href":"https:\/\/www.santamonica.com\/de\/wp-json\/wp\/v2\/pages\/345236\/revisions"}],"predecessor-version":[{"id":365188,"href":"https:\/\/www.santamonica.com\/de\/wp-json\/wp\/v2\/pages\/345236\/revisions\/365188"}],"wp:featuredmedia":[{"embeddable":true,"href":"https:\/\/www.santamonica.com\/de\/wp-json\/wp\/v2\/media\/336928"}],"wp:attachment":[{"href":"https:\/\/www.santamonica.com\/de\/wp-json\/wp\/v2\/media?parent=345236"}],"wp:term":[{"taxonomy":"silos","embeddable":true,"href":"https:\/\/www.santamonica.com\/de\/wp-json\/wp\/v2\/silos?post=345236"}],"curies":[{"name":"wp","href":"https:\/\/api.w.org\/{rel}","templated":true}]}}