{"id":345210,"date":"2022-07-14T14:13:00","date_gmt":"2022-07-14T21:13:00","guid":{"rendered":"https:\/\/www.santamonica.com\/?page_id=345210"},"modified":"2024-08-16T12:43:19","modified_gmt":"2024-08-16T19:43:19","slug":"ihr-reiseziel","status":"publish","type":"page","link":"https:\/\/www.santamonica.com\/de\/i-am-santa-monica\/your-destination\/","title":{"rendered":"Ich bin dein Ziel"},"content":{"rendered":"<section class=\"sun-title sm-block --theme6 --2col sm-block\">\n            <h2 class=\"sun-title__headline\">Was ist \u201cIch bin dein Ziel\u201d und welche Vorteile bietet es?<\/h2>    \n            <div class=\"sun-title__body  --2col wysiwyg\">\n                    <div class=\"column-1\">\n                <ul>\n<li style=\"font-weight: 400;\" aria-level=\"1\"><span style=\"font-weight: 400;\">Ein anpassbares, interaktives Schulungsprogramm f\u00fcr das Gastgewerbe und die Tourismusbranche.<\/span><\/li>\n<li style=\"font-weight: 400;\" aria-level=\"1\"><span style=\"font-weight: 400;\">Bietet die M\u00f6glichkeit, Ihre Markenbotschaft direkt an die Mitarbeiter im Besucherservice weiterzugeben, einschlie\u00dflich der wichtigsten Interessenvertreter, Mitarbeiter im Gastgewerbe und Freiwillige.<\/span><\/li>\n<li style=\"font-weight: 400;\" aria-level=\"1\"><span style=\"font-weight: 400;\">Sie positionieren Ihre DMO als \u201cdie\u201d Tourismusinformationsquelle f\u00fcr die Marke Ihres Reiseziels.<\/span><\/li>\n<li style=\"font-weight: 400;\" aria-level=\"1\"><span style=\"font-weight: 400;\">Bezieht alle Ebenen des Gemeinwesens mit ein, vom Sicherheitspersonal \u00fcber f\u00fchrende Pers\u00f6nlichkeiten des \u00f6ffentlichen Lebens bis hin zu Bildungseinrichtungen, Unternehmen und gemeinn\u00fctzigen Organisationen.<\/span><\/li>\n<li style=\"font-weight: 400;\" aria-level=\"1\"><span style=\"font-weight: 400;\">Schafft \u201cTourismus-Bef\u00fcrworter\u201d, die mit Informationen \u00fcber das Reiseziel ausgestattet sind.<\/span><\/li>\n<li style=\"font-weight: 400;\" aria-level=\"1\"><span style=\"font-weight: 400;\">Entwickelt kontinuierliche Synergien und Kommunikation mit den Absolventen des Programms.<\/span><\/li>\n<li>Bew\u00e4hrtes Format und Schulungsmodule, die von einer DMO f\u00fcr DMOs entwickelt wurden und als reine Pr\u00e4senzschulung, digitale Schulung oder als Kombination aus Pr\u00e4senzschulung und digitaler Schulung erh\u00e4ltlich sind.<\/li>\n<li>Es l\u00e4sst sich leicht an die jeweilige Stadt oder den jeweiligen Landkreis anpassen, ist kosteng\u00fcnstig und umfasst Beratung und Unterst\u00fctzung bei der Einrichtung.<\/li>\n<\/ul>\n                            <\/div>\n            <div class=\"column-2\">\n                <p><strong>Aktuelle \u201cIch bin dein Ziel\u201d-Teilnehmer<\/strong><\/p>\n<p><span style=\"font-weight: 400;\">Fast 2.500 Mitarbeiter des Hotel- und Gastst\u00e4ttengewerbes in Santa Monica sind auf die Marke des Reiseziels geschult. Schlie\u00dfen Sie sich anderen \u201cI Am\u201d-Destinationen an, darunter:<\/span><\/p>\n<ul>\n<li style=\"font-weight: 400;\" aria-level=\"1\"><span style=\"font-weight: 400;\">Macon-Bibb County CVB<\/span><\/li>\n<li style=\"font-weight: 400;\" aria-level=\"1\"><span style=\"font-weight: 400;\">Oakland besuchen<\/span><\/li>\n<li style=\"font-weight: 400;\" aria-level=\"1\"><span style=\"font-weight: 400;\">Besuchen Sie Newport Beach<\/span><\/li>\n<li style=\"font-weight: 400;\" aria-level=\"1\"><span style=\"font-weight: 400;\">Besuchen Sie West Hollywood<\/span><\/li>\n<li aria-level=\"1\">Gro\u00dfraum Ontario CVB<\/li>\n<li style=\"font-weight: 400;\" aria-level=\"1\"><span style=\"font-weight: 400;\">Besuchen Sie Santa Barbara<\/span><\/li>\n<li aria-level=\"1\">Fargo-Moorhead CVB<\/li>\n<li style=\"font-weight: 400;\" aria-level=\"1\"><span style=\"font-weight: 400;\">Besuchen Sie Tri-Valley<\/span><\/li>\n<\/ul>\n<p><!-- wp:paragraph --><\/p>\n<p><!-- \/wp:paragraph --><\/p>\n                            <\/div>\n            <\/div>\n    <\/section>\n\n\n\n<figure class=\"wp-block-image aligncenter size-large base-block\"><img decoding=\"async\" width=\"1024\" height=\"307\" src=\"https:\/\/www.santamonica.com\/wp-content\/uploads\/2022\/09\/I-Am-Your-Destination-Logo-Horizontal-1024x307.png\" alt=\"Ich bin dein Ziel Logo.\" class=\"wp-image-361265\" title=\"\" srcset=\"https:\/\/www.santamonica.com\/wp-content\/uploads\/2022\/09\/I-Am-Your-Destination-Logo-Horizontal-1024x307.png 1024w, https:\/\/www.santamonica.com\/wp-content\/uploads\/2022\/09\/I-Am-Your-Destination-Logo-Horizontal-300x90.png 300w, https:\/\/www.santamonica.com\/wp-content\/uploads\/2022\/09\/I-Am-Your-Destination-Logo-Horizontal-270x81.png 270w, https:\/\/www.santamonica.com\/wp-content\/uploads\/2022\/09\/I-Am-Your-Destination-Logo-Horizontal-768x230.png 768w, https:\/\/www.santamonica.com\/wp-content\/uploads\/2022\/09\/I-Am-Your-Destination-Logo-Horizontal-1536x461.png 1536w, https:\/\/www.santamonica.com\/wp-content\/uploads\/2022\/09\/I-Am-Your-Destination-Logo-Horizontal.png 2000w\" sizes=\"(max-width: 1024px) 100vw, 1024px\" \/><\/figure>\n\n\n<\/figure>\n\n<section class=\"sun-title sm-block --theme6 --2col sm-block\">\n            <h2 class=\"sun-title__headline\">H\u00f6ren Sie von Reisezielen mit \u201cIch bin Ihr Reiseziel\u201d<\/h2>    \n            <div class=\"sun-title__body  --2col wysiwyg\">\n                    <div class=\"column-1\">\n                <p>\u201cWir wussten schon immer, dass unsere lokalen Gastfreundschaftsteams die besten Botschafter f\u00fcr das Tri-Valley sind. Dank des \u201dI Am\"-Programms waren wir in der Lage, unsere G\u00e4ste zu schulen und zu unterhalten und sie f\u00fcr unsere Mission zu gewinnen, Besucher immer wieder ins Tri-Valley zu bringen.\"<\/p>\n<p><!-- \/wp:paragraph --> <!-- wp:paragraph --><\/p>\n<p>\u2013 <em>Robin Fahr, Direktorin f\u00fcr Marketing und Kommunikation, Visit Tri-Valley<\/em><\/p>\n<p><!-- \/wp:paragraph --> <!-- wp:paragraph --><\/p>\n<p>\u201cDas \u201dI Am Santa Monica\"-Programm erwies sich als wertvolles Instrument f\u00fcr alle meine Mitarbeiter. Diejenigen, die seit Jahren in dieser Stadt leben und arbeiten, haben nach dem Workshop etwas Neues \u00fcber diese gro\u00dfartige Stadt gelernt und wie sie unsere Besucher besser unterst\u00fctzen k\u00f6nnen.\u201d<\/p>\n<p><!-- \/wp:paragraph --> <!-- wp:paragraph --><\/p>\n<p>\u2013 <em>Timothy Jackman, Polizeichef im Ruhestand, Santa Monica Police Department<\/em><\/p>\n                            <\/div>\n            <div class=\"column-2\">\n                <p><!-- wp:paragraph --><\/p>\n<p class=\"p1\">\u201cDas \u201dI Am West Hollywood\"-Botschafterprogramm bringt den Gesch\u00e4ftsinhabern von West Hollywood und ihren Mitarbeitern West Hollywood und alles, was es zu bieten hat, n\u00e4her. Seit dem Start im September 2014 hat \"I Am West Hollywood\" fast 200 Botschafter geschult und ihnen Werkzeuge an die Hand gegeben, mit denen sie Besucher besser \u00fcber West Hollywood aufkl\u00e4ren und die Stadt in ihrem Arbeits- und Privatleben repr\u00e4sentieren k\u00f6nnen. Ich bin sehr stolz darauf, ein Teil dieses erstaunlichen und florierenden Programms zu sein.\"<\/p>\n<p class=\"p1\">\u2013 <i>Erin Hennessay, Marketingleiterin, Visit West Hollywood<\/i><\/p>\n<p><!-- \/wp:paragraph --><\/p>\n                            <\/div>\n            <\/div>\n    <\/section>","protected":false},"excerpt":{"rendered":"","protected":false},"author":1421,"featured_media":336928,"parent":0,"menu_order":0,"comment_status":"closed","ping_status":"closed","template":"template-editorial.php","meta":{"_acf_changed":false,"inline_featured_image":false,"footnotes":""},"silos":[3922],"class_list":["post-345210","page","type-page","status-publish","has-post-thumbnail","hentry"],"acf":[],"_links":{"self":[{"href":"https:\/\/www.santamonica.com\/de\/wp-json\/wp\/v2\/pages\/345210","targetHints":{"allow":["GET"]}}],"collection":[{"href":"https:\/\/www.santamonica.com\/de\/wp-json\/wp\/v2\/pages"}],"about":[{"href":"https:\/\/www.santamonica.com\/de\/wp-json\/wp\/v2\/types\/page"}],"author":[{"embeddable":true,"href":"https:\/\/www.santamonica.com\/de\/wp-json\/wp\/v2\/users\/1421"}],"replies":[{"embeddable":true,"href":"https:\/\/www.santamonica.com\/de\/wp-json\/wp\/v2\/comments?post=345210"}],"version-history":[{"count":97,"href":"https:\/\/www.santamonica.com\/de\/wp-json\/wp\/v2\/pages\/345210\/revisions"}],"predecessor-version":[{"id":427945,"href":"https:\/\/www.santamonica.com\/de\/wp-json\/wp\/v2\/pages\/345210\/revisions\/427945"}],"wp:featuredmedia":[{"embeddable":true,"href":"https:\/\/www.santamonica.com\/de\/wp-json\/wp\/v2\/media\/336928"}],"wp:attachment":[{"href":"https:\/\/www.santamonica.com\/de\/wp-json\/wp\/v2\/media?parent=345210"}],"wp:term":[{"taxonomy":"silos","embeddable":true,"href":"https:\/\/www.santamonica.com\/de\/wp-json\/wp\/v2\/silos?post=345210"}],"curies":[{"name":"wp","href":"https:\/\/api.w.org\/{rel}","templated":true}]}}