{"id":345148,"date":"2022-07-13T17:14:38","date_gmt":"2022-07-14T00:14:38","guid":{"rendered":"https:\/\/www.santamonica.com\/?page_id=345148"},"modified":"2025-12-09T08:27:35","modified_gmt":"2025-12-09T16:27:35","slug":"ich-bin-santa-monica","status":"publish","type":"page","link":"https:\/\/www.santamonica.com\/de\/i-am-santa-monica\/","title":{"rendered":"Ich bin Santa Monica"},"content":{"rendered":"<section class=\"two-images container-max sm-block  sm-block\">\n    <div class=\"two-images__container\">\n\n        <div class=\"two-images__column\">\n            <div class=\"two-images__content\">\n                <div class=\"two-images__content-header-container\">\n                                            <h2 class=\"two-images__content-header\">Erm\u00e4chtigen Sie sich selbst<\/h2>                                    <\/div>\n                                    <div class=\"two-images__content-body wysiwyg\">\n                        <p><span style=\"font-weight: 400;\">F\u00fchren Sie Ihr Team, indem Sie an einem kostenlosen Workshop und einer Tour durch Santa Monica teilnehmen und Informationsbotschafter werden. Es ist wichtig, daran zu denken, dass Besucher umso zufriedener sind, je hilfsbereiter sie w\u00e4hrend ihres Aufenthalts sind. Zufriedene Kunden geben mehr Geld aus!<\/span><\/p>\n<p><span style=\"font-weight: 400;\">Warum Sie das tun sollten <\/span><a href=\"https:\/\/santamonicatraveltourism.formstack.com\/forms\/i_am_santa_monica\" target=\"_blank\" rel=\"noopener\"><span style=\"font-weight: 400;\"><strong>jetzt einschreiben<\/strong>!<\/span><\/a><\/p>\n<ul>\n<li>Kostenloser Workshop und Bustour<\/li>\n<li>Erfahren Sie mehr \u00fcber Santa Monica<\/li>\n<li>Lernen Sie wissenswerte Fakten und wertvolle Ressourcen, die Sie mit Ihren Kunden und Klienten teilen k\u00f6nnen.<\/li>\n<li>Verbinden Sie sich mit der Gemeinschaft, in der Sie arbeiten<\/li>\n<li>Sie erhalten ein Zertifikat \u00fcber den Abschluss des Kurses, das Sie in Ihren Lebenslauf aufnehmen k\u00f6nnen.<\/li>\n<li>Erfahren Sie mehr \u00fcber Nachhaltigkeit, lokale Transportm\u00f6glichkeiten, verf\u00fcgbare Ressourcen f\u00fcr Obdachlose und vieles mehr<\/li>\n<li>Informieren Sie sich \u00fcber Freiwilligenangebote in Santa Monica<\/li>\n<\/ul>\n                    <\/div>\n                                            <\/div>\n        <\/div>\n\n        <div class=\"two-images__column\">\n                            <div class=\"two-images__image-container\">\n                    <img decoding=\"async\" width=\"424\" height=\"504\" src=\"https:\/\/www.santamonica.com\/wp-content\/uploads\/2022\/07\/Carlos-Bakery-Employee424x504-e1658448873692.png\" class=\"two-images__image\" alt=\"Mitarbeiter der B\u00e4ckerei Carlos\" loading=\"lazy\" srcset=\"https:\/\/www.santamonica.com\/wp-content\/uploads\/2022\/07\/Carlos-Bakery-Employee424x504-e1658448873692.png 424w, https:\/\/www.santamonica.com\/wp-content\/uploads\/2022\/07\/Carlos-Bakery-Employee424x504-e1658448873692-252x300.png 252w, https:\/\/www.santamonica.com\/wp-content\/uploads\/2022\/07\/Carlos-Bakery-Employee424x504-e1658448873692-126x150.png 126w\" sizes=\"auto, (max-width: 424px) 100vw, 424px\" title=\"\">                    \n\n                <\/div>\n                    <\/div>\n\n        <div class=\"two-images__column\">\n                            <div class=\"two-images__image-container\">\n                    <img decoding=\"async\" width=\"424\" height=\"504\" src=\"https:\/\/www.santamonica.com\/wp-content\/uploads\/2022\/07\/Hot-Dog-on-a-Stick-Employee-424x504-1-e1658449364260.png\" class=\"two-images__image\" alt=\"Hot Dog am Stiel Mitarbeiter\" loading=\"lazy\" srcset=\"https:\/\/www.santamonica.com\/wp-content\/uploads\/2022\/07\/Hot-Dog-on-a-Stick-Employee-424x504-1-e1658449364260.png 424w, https:\/\/www.santamonica.com\/wp-content\/uploads\/2022\/07\/Hot-Dog-on-a-Stick-Employee-424x504-1-e1658449364260-252x300.png 252w, https:\/\/www.santamonica.com\/wp-content\/uploads\/2022\/07\/Hot-Dog-on-a-Stick-Employee-424x504-1-e1658449364260-126x150.png 126w\" sizes=\"auto, (max-width: 424px) 100vw, 424px\" title=\"\">                    \n\n                <\/div>\n                    <\/div>\n\n    <\/div>\n<\/section>\n\n\n\n<section class=\"two-images container-max sm-block --flip sm-block\">\n    <div class=\"two-images__container --flip\">\n\n        <div class=\"two-images__column\">\n            <div class=\"two-images__content\">\n                <div class=\"two-images__content-header-container\">\n                                            <h2 class=\"two-images__content-header\">Mitarbeiter bef\u00e4higen<\/h2>                                    <\/div>\n                                    <div class=\"two-images__content-body wysiwyg\">\n                        <p><span style=\"font-weight: 400;\">Eine kostenlose 2-st\u00fcndige <\/span>In einem interaktiven Workshop und einer Tour durch Santa Monica werden die Mitarbeiter \u00fcber Santa Monica unterrichtet und geschult, wobei der Schwerpunkt auf Kundenservice und Gastfreundschaft liegt. Die geschulten Personen werden zu \u201coffiziellen Informationsbotschaftern\u201d und sind mit Fakten, Zahlen und lustigen Geschichten \u00fcber Santa Monica ausgestattet, die sie bei Kundenkontakten einsetzen k\u00f6nnen.<\/p>\n<p><span style=\"font-weight: 400;\">Warum Sie das tun sollten <\/span><a href=\"https:\/\/santamonicatraveltourism.formstack.com\/forms\/i_am_santa_monica\" target=\"_blank\" rel=\"noopener\"><span style=\"font-weight: 400;\"><strong>jetzt einschreiben<\/strong>!<\/span><\/a><\/p>\n<ul>\n<li>Kostenloser Workshop und Bustour<\/li>\n<li>Mehr Informationen \u00fcber Santa Monica, um unseren Kunden und der Gemeinde besser dienen zu k\u00f6nnen<\/li>\n<li>Lernen Sie wissenswerte Fakten und wertvolle Ressourcen, die Sie mit Ihren Kunden und Klienten teilen k\u00f6nnen.<\/li>\n<li>Verbinden Sie sich mit der Gemeinschaft, in der Sie arbeiten<\/li>\n<li>Erfahren Sie mehr \u00fcber Nachhaltigkeit, lokale Transportm\u00f6glichkeiten, verf\u00fcgbare Ressourcen f\u00fcr Obdachlose und vieles mehr<\/li>\n<li>Informieren Sie sich \u00fcber Freiwilligenangebote in Santa Monica<\/li>\n<\/ul>\n                    <\/div>\n                                            <\/div>\n        <\/div>\n\n        <div class=\"two-images__column\">\n                            <div class=\"two-images__image-container\">\n                    <img decoding=\"async\" width=\"424\" height=\"504\" src=\"https:\/\/www.santamonica.com\/wp-content\/uploads\/2022\/07\/Cheese-Shop-Employee-424x504-1-e1658449346603.png\" class=\"two-images__image\" alt=\"Angestellter der K\u00e4serei\" loading=\"lazy\" srcset=\"https:\/\/www.santamonica.com\/wp-content\/uploads\/2022\/07\/Cheese-Shop-Employee-424x504-1-e1658449346603.png 424w, https:\/\/www.santamonica.com\/wp-content\/uploads\/2022\/07\/Cheese-Shop-Employee-424x504-1-e1658449346603-252x300.png 252w, https:\/\/www.santamonica.com\/wp-content\/uploads\/2022\/07\/Cheese-Shop-Employee-424x504-1-e1658449346603-126x150.png 126w\" sizes=\"auto, (max-width: 424px) 100vw, 424px\" title=\"\">                    \n\n                <\/div>\n                    <\/div>\n\n        <div class=\"two-images__column\">\n                            <div class=\"two-images__image-container\">\n                    <img decoding=\"async\" width=\"424\" height=\"504\" src=\"https:\/\/www.santamonica.com\/wp-content\/uploads\/2022\/07\/Coffee-Shop-Employee-424x504-1-e1658449324216.png\" class=\"two-images__image\" alt=\"Coffee Shop Mitarbeiter\" loading=\"lazy\" srcset=\"https:\/\/www.santamonica.com\/wp-content\/uploads\/2022\/07\/Coffee-Shop-Employee-424x504-1-e1658449324216.png 424w, https:\/\/www.santamonica.com\/wp-content\/uploads\/2022\/07\/Coffee-Shop-Employee-424x504-1-e1658449324216-252x300.png 252w, https:\/\/www.santamonica.com\/wp-content\/uploads\/2022\/07\/Coffee-Shop-Employee-424x504-1-e1658449324216-126x150.png 126w\" sizes=\"auto, (max-width: 424px) 100vw, 424px\" title=\"\">                    \n\n                <\/div>\n                    <\/div>\n\n    <\/div>\n<\/section>\n\n\n\n<div class=\"wp-block-columns is-layout-flex wp-container-core-columns-is-layout-28f84493 wp-block-columns-is-layout-flex base-block\">\n<div class=\"wp-block-column is-layout-flow wp-block-column-is-layout-flow base-block\">\n<h5 class=\"wp-block-heading base-block\">Anmelden unter<\/h5>\n\n\n\n<p class=\"base-block\"><a href=\"https:\/\/santamonicatraveltourism.formstack.com\/forms\/i_am_santa_monica\" target=\"_blank\" rel=\"noreferrer noopener\">Melden Sie sich oder Ihr Team an<\/a> jetzt im kostenlosen Workshop \"Ich bin Santa Monica\", der von der SMTT veranstaltet wird.<\/p>\n<\/div>\n\n\n\n<div class=\"wp-block-column is-layout-flow wp-block-column-is-layout-flow base-block\">\n<h5 class=\"wp-block-heading base-block\">Anfrage Meeting<\/h5>\n\n\n\n<p class=\"base-block\"><a href=\"https:\/\/www.santamonica.com\/de\/ich-bin-santa-monica\/treffen-anfragen\/\">Veranstalten Sie einen I Am Santa Monica-Workshop<\/a> in Ihrem Unternehmen. Offsite-Schulungen sind f\u00fcr Gruppen mit mindestens 20 Personen m\u00f6glich.<\/p>\n<\/div>\n\n\n\n<div class=\"wp-block-column is-layout-flow wp-block-column-is-layout-flow base-block\">\n<h5 class=\"wp-block-heading base-block\">Tourismus-Auszeichnung<\/h5>\n\n\n\n<p class=\"base-block\">Jedes Jahr ehren wir bestimmte Mitarbeiter, indem wir sie f\u00fcr den <a href=\"https:\/\/www.santamonica.com\/de\/geist-auszeichnung\/\">Thelma Parks Preis f\u00fcr den Geist des Tourismus<\/a>.<\/p>\n<\/div>\n\n\n\n<div class=\"wp-block-column is-layout-flow wp-block-column-is-layout-flow base-block\">\n<h5 class=\"wp-block-heading base-block\">Testimonials<\/h5>\n\n\n\n<p class=\"base-block\"><a href=\"https:\/\/www.santamonica.com\/de\/ich-bin-santa-monica\/empfehlungsschreiben\/\">H\u00f6ren Sie von den I Am Santa Monica-Informationsbotschaftern<\/a> Sie erz\u00e4hlen von ihren Erfahrungen und den Vorteilen des I Am-Programms.<\/p>\n<\/div>\n\n\n\n<div class=\"wp-block-column is-layout-flow wp-block-column-is-layout-flow base-block\">\n<h5 class=\"wp-block-heading base-block\">Erweitern Sie Ich Bin<\/h5>\n\n\n\n<p class=\"base-block\"><a href=\"https:\/\/www.santamonica.com\/de\/ich-bin-santa-monica\/ihr-reiseziel\/\">Erstellen Sie Ihr eigenes \u201cIch bin\u201d <\/a>Programm zur Aufkl\u00e4rung und Information von Unternehmen und Arbeitnehmern, die in Ihrem Reiseziel leben und arbeiten.<\/p>\n<\/div>\n<\/div>\n\n\n\n<figure class=\"wp-block-image aligncenter size-large is-resized base-block\"><img decoding=\"async\" width=\"1024\" height=\"406\" src=\"https:\/\/www.santamonica.com\/wp-content\/uploads\/2023\/10\/I-Am-SM-Logo-Horiz_BLACK-1024x406.png\" alt=\"\" class=\"wp-image-394504\" style=\"width:371px;height:148px\" title=\"\" srcset=\"https:\/\/www.santamonica.com\/wp-content\/uploads\/2023\/10\/I-Am-SM-Logo-Horiz_BLACK-1024x406.png 1024w, https:\/\/www.santamonica.com\/wp-content\/uploads\/2023\/10\/I-Am-SM-Logo-Horiz_BLACK-300x119.png 300w, https:\/\/www.santamonica.com\/wp-content\/uploads\/2023\/10\/I-Am-SM-Logo-Horiz_BLACK-270x107.png 270w, https:\/\/www.santamonica.com\/wp-content\/uploads\/2023\/10\/I-Am-SM-Logo-Horiz_BLACK-768x304.png 768w, https:\/\/www.santamonica.com\/wp-content\/uploads\/2023\/10\/I-Am-SM-Logo-Horiz_BLACK-1536x609.png 1536w, https:\/\/www.santamonica.com\/wp-content\/uploads\/2023\/10\/I-Am-SM-Logo-Horiz_BLACK-2048x812.png 2048w\" sizes=\"(max-width: 1024px) 100vw, 1024px\" \/><\/figure>\n\n\n<\/figure>","protected":false},"excerpt":{"rendered":"<p>Enroll Enroll yourself or your team now in the free I Am Santa Monica workshop, hosted by SMTT. Request Meeting Host an I Am Santa Monica workshop at your business. Offsite training sessions are available for groups with a minimum of 20 people. Tourism Award Every year, we honor specific employees by nominating them for the Thelma Parks Tourism Spirit Award. Testimonials Hear from I Am Santa Monica Information Ambassadors as they share their experiences and the benefits of the I Am program.. Expand I Am Create your own \u201cI Am\u201d program, designed to educate and inform businesses and employees [\u2026]<\/p>\n","protected":false},"author":1421,"featured_media":349569,"parent":0,"menu_order":0,"comment_status":"closed","ping_status":"closed","template":"template-editorial.php","meta":{"_acf_changed":false,"inline_featured_image":false,"footnotes":""},"silos":[],"class_list":["post-345148","page","type-page","status-publish","has-post-thumbnail","hentry"],"acf":[],"_links":{"self":[{"href":"https:\/\/www.santamonica.com\/de\/wp-json\/wp\/v2\/pages\/345148","targetHints":{"allow":["GET"]}}],"collection":[{"href":"https:\/\/www.santamonica.com\/de\/wp-json\/wp\/v2\/pages"}],"about":[{"href":"https:\/\/www.santamonica.com\/de\/wp-json\/wp\/v2\/types\/page"}],"author":[{"embeddable":true,"href":"https:\/\/www.santamonica.com\/de\/wp-json\/wp\/v2\/users\/1421"}],"replies":[{"embeddable":true,"href":"https:\/\/www.santamonica.com\/de\/wp-json\/wp\/v2\/comments?post=345148"}],"version-history":[{"count":66,"href":"https:\/\/www.santamonica.com\/de\/wp-json\/wp\/v2\/pages\/345148\/revisions"}],"predecessor-version":[{"id":778659,"href":"https:\/\/www.santamonica.com\/de\/wp-json\/wp\/v2\/pages\/345148\/revisions\/778659"}],"wp:featuredmedia":[{"embeddable":true,"href":"https:\/\/www.santamonica.com\/de\/wp-json\/wp\/v2\/media\/349569"}],"wp:attachment":[{"href":"https:\/\/www.santamonica.com\/de\/wp-json\/wp\/v2\/media?parent=345148"}],"wp:term":[{"taxonomy":"silos","embeddable":true,"href":"https:\/\/www.santamonica.com\/de\/wp-json\/wp\/v2\/silos?post=345148"}],"curies":[{"name":"wp","href":"https:\/\/api.w.org\/{rel}","templated":true}]}}