{"id":344733,"date":"2022-07-11T21:48:00","date_gmt":"2022-07-12T04:48:00","guid":{"rendered":"https:\/\/www.santamonica.com\/?page_id=344733"},"modified":"2026-03-06T15:43:41","modified_gmt":"2026-03-06T23:43:41","slug":"formular-fur-partnerschaftsmoglichkeiten","status":"publish","type":"page","link":"https:\/\/www.santamonica.com\/de\/partners\/partnership-opportunities-form\/","title":{"rendered":"Formular f\u00fcr Partnerschaftsm\u00f6glichkeiten"},"content":{"rendered":"<section class=\"sun-title sm-block --theme6 sm-block\">\n            <h2 class=\"sun-title__headline\">Kommende Gelegenheiten:<\/h2>    \n            <div class=\"sun-title__body  wysiwyg\">\n                    <p style=\"font-weight: 400;\">Reisegewerbe:<\/p>\n<ul style=\"font-weight: 400;\">\n<li>Frankreich &amp; Vereinigtes K\u00f6nigreich Sales &amp; Media Mission: 2. bis 6. M\u00e4rz 2026 | Paris, Frankreich &amp; London, Vereinigtes K\u00f6nigreich<\/li>\n<li>Besuchen Sie das California Luxury Forum: 22-24. M\u00e4rz 2026 | Lake Tahoe, CA<\/li>\n<li>IPW Fachmesse\/Kundenveranstaltung: 18.-21. Mai 2026 | Fort Lauderdale, FL<\/li>\n<li>Nur IPW-Kundenveranstaltung: 18. Mai 2026 | Fort Lauderdale, FL<\/li>\n<li>ILTM Asien-Pazifik: 29. Juni bis 2. Juli 2026 | Marina Bay Sands, Singapur<\/li>\n<li>Australien Vertriebs- und Medienmission: 7. bis 11. September 2026 | Sydney und Melbourne, Australien<\/li>\n<li>ILTM Nordamerika: 28. September bis 1. Oktober 2026 | Baha Mar, Bahamas<\/li>\n<li>Virtuoso on Tour Toronto: 22. Oktober 2026 | Toronto, Kanada<\/li>\n<li>Kanada Vertriebs- und Medienmission: TBD Oktober 2026 | Gro\u00dfraum Toronto, Kanada<\/li>\n<li>ILTM Cannes: 30. November - 3. Dezember 2026 | Cannes, Frankreich<\/li>\n<\/ul>\n<p style=\"font-weight: 400;\">Gruppenverk\u00e4ufe:<\/p>\n<ul>\n<li>Helmsbriscoe ABC: 27. bis 20. April 2026 | Los Angeles, CA<\/li>\n<li>Phoenix Verkaufsmission: TBD September 2026 | Phoenix, AZ<\/li>\n<li>IMEX Nord- und S\u00fcdamerika: 13. bis 15. Oktober 2026 | Las Vegas, NV<\/li>\n<li>Vancouver MICE-Mission: 14. bis 18. September 2026 | Vancouver, Kanada<\/li>\n<li>SITE SoCal Holiday: TBD Dezember 2026 | TBD<\/li>\n<li style=\"list-style-type: none;\">\n<ul>\n<li style=\"list-style-type: none;\"><\/li>\n<\/ul>\n<\/li>\n<\/ul>\n                        <\/div>\n    <\/section>\n\n\n\n<div class=\"wp-block-columns is-layout-flex wp-container-core-columns-is-layout-28f84493 wp-block-columns-is-layout-flex base-block\">\n<div class=\"wp-block-column is-layout-flow wp-block-column-is-layout-flow base-block\">\n<section class=\"simpleview-form-block sm-block\">\n        <h2 class=\"simpleview-form-block__heading\">\n            M\u00f6glichkeiten der Partnerschaft        <\/h2>\n    <div class=\"simpleview-form-block__form sm-form\">\n        <form action=\"\" method=\"post\" name=\"frm_172\" class=\"simpleForm\" onsubmit=\"return svcrm.formBuilderScripts.validateForm(this);\" data-trp-original-action=\"\">\r\n\t\t\t\t<input id=\"formid\" name=\"formid\" type=\"hidden\" value=\"172\">\r\n\t\t\t\t<input id=\"groupid\" name=\"groupid\" type=\"hidden\" value=\"16\">\r\n\t\t\t\t<input id=\"isSubmitted\" name=\"isSubmitted\" value=\"1\" type=\"hidden\">\r\n\t\t\t\t\r\n\t\t\t\t\r\n\t\t\t\t\t<h3>Anmeldung<\/h3>\r\n\t\t\t\t\t\r\n\t\t\t\t\t\t<p class=\"text-center\"><\/p><p>Bevor Sie das nachstehende Formular ausf\u00fcllen, lesen Sie bitte <a href=\"https:\/\/www.santamonica.com\/wp-content\/uploads\/2024\/06\/SMTT-Partnership-Guidelines-2024.pdf\">SMTT-Partnervereinbarung und Richtlinien<\/a>.<\/p>\t\t\t\r\n\t\t\t\t\t\r\n\t\t\t\t\t\t\t\t<div id=\"rowcontainer_contact_fullname\" class=\"row\">\r\n\t\t\t\t\t\t\t\t\t\r\n\t\t\t\t\t\t\t\t\t\t\t<div id=\"labelcontainer_contact_fullname\" class=\"medium-3 columns\">\r\n\t\t\t\t\t\t\t\t\t\t\t\t<div id=\"td_contact_fullname\">\r\n\t\t\t\t\t\t\t\t\t\t\t\t\t<label id=\"label_contact_fullname\" for=\"contact_fullname\" class=\"formreq\">Name*:<\/label>\r\n\t\t\t\t\t\t\t\t\t\t\t\t\t\r\n\t\t\t\t\t\t\t\t\t\t\t\t<\/div>\r\n\t\t\t\t\t\t\t\t\t\t\t<\/div>\t\r\n\t\t\t\t\t\t\t\t\t\t\r\n\t\t\t\t\t\t\t\t\t<div id=\"fieldcontainer_contact_fullname\" class=\"medium-9 columns\">\r\n\t\t\t\t\t\t\t\t\t\t\r\n\t\t\t\r\n\t\t\t<input class=\"\" id=\"contact_fullname\" name=\"contact_fullname\" type=\"text\" size=\"25\" value=\"\">\r\n\t\t\t\r\n\t\t\t\t\t\t\t\t\t<\/div>\t\t\t\t\t\t\t\t\t\r\n\t\t\t\t\t\t\t\t<\/div>\r\n\t\t\t\t\t\t\t\r\n\t\t\t\t\t\t\t\t<div id=\"rowcontainer_contact_title\" class=\"row\">\r\n\t\t\t\t\t\t\t\t\t\r\n\t\t\t\t\t\t\t\t\t\t\t<div id=\"labelcontainer_contact_title\" class=\"medium-3 columns\">\r\n\t\t\t\t\t\t\t\t\t\t\t\t<div id=\"td_contact_title\">\r\n\t\t\t\t\t\t\t\t\t\t\t\t\t<label id=\"label_contact_title\" for=\"contact_title\" class=\"formreq\">Titel*:<\/label>\r\n\t\t\t\t\t\t\t\t\t\t\t\t\t\r\n\t\t\t\t\t\t\t\t\t\t\t\t<\/div>\r\n\t\t\t\t\t\t\t\t\t\t\t<\/div>\t\r\n\t\t\t\t\t\t\t\t\t\t\r\n\t\t\t\t\t\t\t\t\t<div id=\"fieldcontainer_contact_title\" class=\"medium-9 columns\">\r\n\t\t\t\t\t\t\t\t\t\t\r\n\t\t\t\r\n\t\t\t<input class=\"\" id=\"contact_title\" name=\"contact_title\" type=\"text\" size=\"25\" value=\"\">\r\n\t\t\t\r\n\t\t\t\t\t\t\t\t\t<\/div>\t\t\t\t\t\t\t\t\t\r\n\t\t\t\t\t\t\t\t<\/div>\r\n\t\t\t\t\t\t\t\r\n\t\t\t\t\t\t\t\t<div id=\"rowcontainer_contact_company\" class=\"row\">\r\n\t\t\t\t\t\t\t\t\t\r\n\t\t\t\t\t\t\t\t\t\t\t<div id=\"labelcontainer_contact_company\" class=\"medium-3 columns\">\r\n\t\t\t\t\t\t\t\t\t\t\t\t<div id=\"td_contact_company\">\r\n\t\t\t\t\t\t\t\t\t\t\t\t\t<label id=\"label_contact_company\" for=\"contact_company\" class=\"formreq\">Unternehmen*:<\/label>\r\n\t\t\t\t\t\t\t\t\t\t\t\t\t\r\n\t\t\t\t\t\t\t\t\t\t\t\t<\/div>\r\n\t\t\t\t\t\t\t\t\t\t\t<\/div>\t\r\n\t\t\t\t\t\t\t\t\t\t\r\n\t\t\t\t\t\t\t\t\t<div id=\"fieldcontainer_contact_company\" class=\"medium-9 columns\">\r\n\t\t\t\t\t\t\t\t\t\t\r\n\t\t\t\r\n\t\t\t<input class=\"\" id=\"contact_company\" name=\"contact_company\" type=\"text\" size=\"25\" value=\"\">\r\n\t\t\t\r\n\t\t\t\t\t\t\t\t\t<\/div>\t\t\t\t\t\t\t\t\t\r\n\t\t\t\t\t\t\t\t<\/div>\r\n\t\t\t\t\t\t\t\r\n\t\t\t\t\t\t\t\t<div id=\"rowcontainer_contact_email\" class=\"row\">\r\n\t\t\t\t\t\t\t\t\t\r\n\t\t\t\t\t\t\t\t\t\t\t<div id=\"labelcontainer_contact_email\" class=\"medium-3 columns\">\r\n\t\t\t\t\t\t\t\t\t\t\t\t<div id=\"td_contact_email\">\r\n\t\t\t\t\t\t\t\t\t\t\t\t\t<label id=\"label_contact_email\" for=\"contact_email\" class=\"formreq\">E-Mail*:<\/label>\r\n\t\t\t\t\t\t\t\t\t\t\t\t\t\r\n\t\t\t\t\t\t\t\t\t\t\t\t<\/div>\r\n\t\t\t\t\t\t\t\t\t\t\t<\/div>\t\r\n\t\t\t\t\t\t\t\t\t\t\r\n\t\t\t\t\t\t\t\t\t<div id=\"fieldcontainer_contact_email\" class=\"medium-9 columns\">\r\n\t\t\t\t\t\t\t\t\t\t\r\n\t\t\t\r\n\t\t\t<input class=\"\" id=\"contact_email\" name=\"contact_email\" type=\"text\" size=\"25\" value=\"\" onblur=\"svcrm.formBuilderScripts.checkEmail(this); \">\r\n\t\t\t\r\n\t\t\t\t\t\t\t\t\t<\/div>\t\t\t\t\t\t\t\t\t\r\n\t\t\t\t\t\t\t\t<\/div>\r\n\t\t\t\t\t\t\t\r\n\t\t\t\t\t\t\t\t<div id=\"rowcontainer_udf_775\" class=\"row\">\r\n\t\t\t\t\t\t\t\t\t\r\n\t\t\t\t\t\t\t\t\t\t\t<div id=\"labelcontainer_udf_775\" class=\"medium-3 columns\">\r\n\t\t\t\t\t\t\t\t\t\t\t\t<div id=\"td_udf_775\">\r\n\t\t\t\t\t\t\t\t\t\t\t\t\t<label id=\"label_udf_775\" for=\"udf_775\" class=\"label_hidden\">verstecktes Etikett<\/label>\r\n\t\t\t\t\t\t\t\t\t\t\t\t<\/div>\r\n\t\t\t\t\t\t\t\t\t\t\t<\/div>\r\n\t\t\t\t\t\t\t\t\t\t\r\n\t\t\t\t\t\t\t\t\t<div id=\"fieldcontainer_udf_775\" class=\"medium-9 columns\">\r\n\t\t\t\t\t\t\t\t\t\t<fieldset><legend>M\u00f6glichkeiten der Partnerschaft<\/legend> \r\n\t\t\t\t\t<table border=\"0\" cellpadding=\"2\" cellspacing=\"0\" width=\"100%\">\r\n\t\t\t\t\t\t<tr valign=\"top\">\r\n\t\t\t\t\t\t\t<td width=\"100%\" nowrap>\r\n\t\t\t\t\t\t\t\t\t\t\t\r\n\t\t\t\t\t\t\t<input class=\"\" id=\"udf_775_1443\" name=\"udf_775\" type=\"checkbox\" value=\"1443\"><label for=\"udf_775_1443\"> Frankreich &amp; Vereinigtes K\u00f6nigreich Sales &amp; Media Mission: 2. bis 6. M\u00e4rz 2026 | Paris, Frankreich &amp; London, UK <\/label><br>\r\n\t\t\t\t\t\t\t\t\t\t\t\r\n\t\t\t\t\t\t\t<input class=\"\" id=\"udf_775_1457\" name=\"udf_775\" type=\"checkbox\" value=\"1457\"><label for=\"udf_775_1457\"> Besuchen Sie das California Luxury Forum: 22-24. M\u00e4rz 2026 | Lake Tahoe, CA <\/label><br>\r\n\t\t\t\t\t\t\t\t\t\t\t\r\n\t\t\t\t\t\t\t<input class=\"\" id=\"udf_775_1458\" name=\"udf_775\" type=\"checkbox\" value=\"1458\"><label for=\"udf_775_1458\"> IPW Fachmesse\/Kundenveranstaltung: 18.-21. Mai 2026 | Fort Lauderdale, FL <\/label><br>\r\n\t\t\t\t\t\t\t\t\t\t\t\r\n\t\t\t\t\t\t\t<input class=\"\" id=\"udf_775_1459\" name=\"udf_775\" type=\"checkbox\" value=\"1459\"><label for=\"udf_775_1459\"> Nur IPW-Kundenveranstaltung: 18. Mai 2026 | Fort Lauderdale, FL <\/label><br>\r\n\t\t\t\t\t\t\t\t\t\t\t\r\n\t\t\t\t\t\t\t<input class=\"\" id=\"udf_775_1460\" name=\"udf_775\" type=\"checkbox\" value=\"1460\"><label for=\"udf_775_1460\"> ILTM Asien-Pazifik: 29. Juni bis 2. Juli 2026 | Marina Bay Sands, Singapur <\/label><br>\r\n\t\t\t\t\t\t\t\t\t\t\t\r\n\t\t\t\t\t\t\t<input class=\"\" id=\"udf_775_1461\" name=\"udf_775\" type=\"checkbox\" value=\"1461\"><label for=\"udf_775_1461\"> Australien Vertriebs- und Medienmission: 7. bis 11. September 2026 | Sydney und Melbourne, Australien <\/label><br>\r\n\t\t\t\t\t\t\t\t\t\t\t\r\n\t\t\t\t\t\t\t<input class=\"\" id=\"udf_775_1462\" name=\"udf_775\" type=\"checkbox\" value=\"1462\"><label for=\"udf_775_1462\"> ILTM Nordamerika: 28. September bis 1. Oktober 2026 | Baha Mar, Bahamas <\/label><br>\r\n\t\t\t\t\t\t\t\t\t\t\t\r\n\t\t\t\t\t\t\t<input class=\"\" id=\"udf_775_1463\" name=\"udf_775\" type=\"checkbox\" value=\"1463\"><label for=\"udf_775_1463\"> Virtuoso on Tour Toronto: 22. Oktober 2026 | Toronto, Kanada <\/label><br>\r\n\t\t\t\t\t\t\t\t\t\t\t\r\n\t\t\t\t\t\t\t<input class=\"\" id=\"udf_775_1464\" name=\"udf_775\" type=\"checkbox\" value=\"1464\"><label for=\"udf_775_1464\"> Kanada Vertriebs- und Medienmission: TBD Oktober 2026 | Gro\u00dfraum Toronto, Kanada <\/label><br>\r\n\t\t\t\t\t\t\t\t\t\t\t\r\n\t\t\t\t\t\t\t<input class=\"\" id=\"udf_775_1465\" name=\"udf_775\" type=\"checkbox\" value=\"1465\"><label for=\"udf_775_1465\"> ILTM Cannes: 30. November \u00e2 3. Dezember 2026 | Cannes, Frankreich <\/label><br>\r\n\t\t\t\t\t\t\t\t\t\t\t\r\n\t\t\t\t\t\t\t<input class=\"\" id=\"udf_775_1466\" name=\"udf_775\" type=\"checkbox\" value=\"1466\"><label for=\"udf_775_1466\"> Helmsbriscoe ABC: 27. bis 20. April 2026 | Los Angeles, CA <\/label><br>\r\n\t\t\t\t\t\t\t\t\t\t\t\r\n\t\t\t\t\t\t\t<input class=\"\" id=\"udf_775_1467\" name=\"udf_775\" type=\"checkbox\" value=\"1467\"><label for=\"udf_775_1467\"> Phoenix Verkaufsmission: TBD September 2026 | Phoenix, AZ <\/label><br>\r\n\t\t\t\t\t\t\t\t\t\t\t\r\n\t\t\t\t\t\t\t<input class=\"\" id=\"udf_775_1468\" name=\"udf_775\" type=\"checkbox\" value=\"1468\"><label for=\"udf_775_1468\"> IMEX Nord- und S\u00fcdamerika: 13. bis 15. Oktober 2026 | Las Vegas, NV <\/label><br>\r\n\t\t\t\t\t\t\t\t\t\t\t\r\n\t\t\t\t\t\t\t<input class=\"\" id=\"udf_775_1469\" name=\"udf_775\" type=\"checkbox\" value=\"1469\"><label for=\"udf_775_1469\"> Vancouver MICE-Mission: 14. bis 18. September 2026 | Vancouver, Kanada <\/label><br>\r\n\t\t\t\t\t\t\t\t\t\t\t\r\n\t\t\t\t\t\t\t<input class=\"\" id=\"udf_775_1470\" name=\"udf_775\" type=\"checkbox\" value=\"1470\"><label for=\"udf_775_1470\"> SITE SoCal Holiday: TBD Dezember 2026 | TBD <\/label><br>\r\n\t\t\t\t\t\t\t\t\r\n\t\r\n\t\t\t\t\t\t<\/td><\/tr>\r\n\t\t\t\t\t<\/table>\r\n\t\t\t\t<\/fieldset>\r\n\t\t\t\t\t\t\t\t\t<\/div>\t\t\t\t\t\t\t\t\t\r\n\t\t\t\t\t\t\t\t<\/div>\r\n\t\t\t\t\t\t\t\r\n\t\t\t\t\t\t\t\t<div id=\"rowcontainer_udf_1038\" class=\"row\">\r\n\t\t\t\t\t\t\t\t\t\r\n\t\t\t\t\t\t\t\t\t\t\t<div id=\"labelcontainer_udf_1038\" class=\"medium-3 columns\">\r\n\t\t\t\t\t\t\t\t\t\t\t\t<div id=\"td_udf_1038\">\r\n\t\t\t\t\t\t\t\t\t\t\t\t\t<label id=\"label_udf_1038\" for=\"udf_1038\" class=\"label_hidden\">verstecktes Etikett<\/label>\r\n\t\t\t\t\t\t\t\t\t\t\t\t<\/div>\r\n\t\t\t\t\t\t\t\t\t\t\t<\/div>\r\n\t\t\t\t\t\t\t\t\t\t\r\n\t\t\t\t\t\t\t\t\t<div id=\"fieldcontainer_udf_1038\" class=\"medium-9 columns\">\r\n\t\t\t\t\t\t\t\t\t\t<fieldset><legend>Partnerschaftsm\u00f6glichkeiten - Zustimmung zu den Leitlinien<\/legend> \r\n\t\t\t\t\t<table border=\"0\" cellpadding=\"2\" cellspacing=\"0\" width=\"100%\">\r\n\t\t\t\t\t\t<tr valign=\"top\">\r\n\t\t\t\t\t\t\t<td width=\"100%\" nowrap>\r\n\t\t\t\t\t\t\t\t\t\t\t\r\n\t\t\t\t\t\t\t<input class=\"\" id=\"udf_1038_1345\" name=\"udf_1038\" type=\"checkbox\" value=\"1345\"><label for=\"udf_1038_1345\"> Ich habe die SMTT-Partnervereinbarung und die Richtlinien gelesen und erkenne sie an. <\/label><br>\r\n\t\t\t\t\t\t\t\t\r\n\t\r\n\t\t\t\t\t\t<\/td><\/tr>\r\n\t\t\t\t\t<\/table>\r\n\t\t\t\t<\/fieldset>\r\n\t\t\t\t\t\t\t\t\t<\/div>\t\t\t\t\t\t\t\t\t\r\n\t\t\t\t\t\t\t\t<\/div>\r\n\t\t\t\t\t\t\t\r\n\r\n\t\t\t\t<p class=\"hint formreq text-center\">* Zeigt an, dass es sich um ein Pflichtfeld handelt.<\/p>\r\n\t\t\t\t<hr size=\"1\" color=\"cccccc\" width=\"100%\">\r\n\t\t\t\t<div class=\"row\">\r\n\t\t\t\t\t<div class=\"medium-6 small-centered captcha columns\">\r\n\t\t\t\t\t\t\r\n                    <div id=\"g-recaptcha\" class=\"g-recaptcha\"><\/div>\r\n                \r\n            <input type=\"hidden\" name=\"code\" id=\"code\" value=\"1234\">\r\n            <input type=\"hidden\" name=\"code_key\" id=\"code_key\" value=\"rO0ABXQABDEyMzQ=\">\r\n            \r\n\t\t\t\t\t<\/div>\r\n\t\t\t\t<\/div>\r\n\r\n\t\t\t\t<hr size=\"1\" color=\"cccccc\" width=\"100%\">\r\n\t\t\t\t<div class=\"row\">\r\n\t\t\t\t\t<div class=\"medium-6 small-centered columns formCntrls\">\r\n\t\t\t\t\t\t<label for=\"savefrm_button\" class=\"label_hidden\">Einreichen<\/label>\r\n\t\t\t\t\t\t<input class=\"button Submit\" id=\"savefrm_button\" name=\"savefrm\" type=\"Submit\" value=\"Submit\">\r\n\t\t\t\t\t\t<label for=\"resetfrm_button\" class=\"label_hidden\">Zur\u00fccksetzen<\/label>\r\n\t\t\t\t\t\t<input class=\"button\" id=\"resetfrm_button\" type=\"Reset\" value=\"Reset\">\r\n\t\t\t\t\t<\/div>\r\n\t\t\t\t<\/div>\r\n\t\t\t<input type=\"hidden\" name=\"trp-form-language\" value=\"de\"\/><\/form>    <\/div>\n<\/section>\n<\/div>\n<\/div>","protected":false},"excerpt":{"rendered":"","protected":false},"author":1421,"featured_media":414964,"parent":0,"menu_order":0,"comment_status":"closed","ping_status":"closed","template":"template-editorial.php","meta":{"_acf_changed":false,"inline_featured_image":false,"footnotes":""},"silos":[3910],"class_list":["post-344733","page","type-page","status-publish","has-post-thumbnail","hentry"],"acf":[],"_links":{"self":[{"href":"https:\/\/www.santamonica.com\/de\/wp-json\/wp\/v2\/pages\/344733","targetHints":{"allow":["GET"]}}],"collection":[{"href":"https:\/\/www.santamonica.com\/de\/wp-json\/wp\/v2\/pages"}],"about":[{"href":"https:\/\/www.santamonica.com\/de\/wp-json\/wp\/v2\/types\/page"}],"author":[{"embeddable":true,"href":"https:\/\/www.santamonica.com\/de\/wp-json\/wp\/v2\/users\/1421"}],"replies":[{"embeddable":true,"href":"https:\/\/www.santamonica.com\/de\/wp-json\/wp\/v2\/comments?post=344733"}],"version-history":[{"count":176,"href":"https:\/\/www.santamonica.com\/de\/wp-json\/wp\/v2\/pages\/344733\/revisions"}],"predecessor-version":[{"id":788020,"href":"https:\/\/www.santamonica.com\/de\/wp-json\/wp\/v2\/pages\/344733\/revisions\/788020"}],"wp:featuredmedia":[{"embeddable":true,"href":"https:\/\/www.santamonica.com\/de\/wp-json\/wp\/v2\/media\/414964"}],"wp:attachment":[{"href":"https:\/\/www.santamonica.com\/de\/wp-json\/wp\/v2\/media?parent=344733"}],"wp:term":[{"taxonomy":"silos","embeddable":true,"href":"https:\/\/www.santamonica.com\/de\/wp-json\/wp\/v2\/silos?post=344733"}],"curies":[{"name":"wp","href":"https:\/\/api.w.org\/{rel}","templated":true}]}}