{"id":344327,"date":"2022-07-15T13:31:14","date_gmt":"2022-07-15T20:31:14","guid":{"rendered":"https:\/\/www.santamonica.com\/?page_id=344327"},"modified":"2024-07-23T14:56:41","modified_gmt":"2024-07-23T21:56:41","slug":"werkzeugsatz","status":"publish","type":"page","link":"https:\/\/www.santamonica.com\/de\/travel-trade\/toolkit\/","title":{"rendered":"Partner-Toolkit"},"content":{"rendered":"<section class=\"sun-title sm-block --theme6 sm-block\">\n            <h2 class=\"sun-title__headline\">Download Beschilderung<\/h2>    \n            <div class=\"sun-title__body  wysiwyg\">\n                    <p><a href=\"https:\/\/www.santamonica.com\/wp-content\/uploads\/2022\/09\/SMTT_Welcome_Windows.pdf\" target=\"_blank\" rel=\"noopener\">Download We Welcome All signage<\/a> die Sie in Ihrem Unternehmen ausstellen k\u00f6nnen.<\/p>\n                        <\/div>\n    <\/section>\n\n\n<section class=\"links-grid --theme3 sm-block\">\n    <div class=\"links-grid__wrapper\">\n                                                    <a href=\"https:\/\/www.santamonica.com\/de\/request-santa-monica-vistors-guide\/\" class=\"links-grid__card-link\" aria-label=\"Besucherf\u00fchrer\" >\n                    <div class=\"links-grid__card\">\n                                                    <div class=\"links-grid__card-image-wrapper\">\n                                <img decoding=\"async\" width=\"366\" height=\"330\" src=\"https:\/\/www.santamonica.com\/wp-content\/uploads\/2022\/07\/PartnerVisitor366x330.jpg\" class=\"links-grid__card-image\" alt=\"Frau, die vorgibt, Angst vor einer Welle zu haben, gemalt auf einer gro\u00dfen Wand; Stra\u00dfenwandmalerei\" loading=\"lazy\" srcset=\"https:\/\/www.santamonica.com\/wp-content\/uploads\/2022\/07\/PartnerVisitor366x330.jpg 366w, https:\/\/www.santamonica.com\/wp-content\/uploads\/2022\/07\/PartnerVisitor366x330-300x270.jpg 300w, https:\/\/www.santamonica.com\/wp-content\/uploads\/2022\/07\/PartnerVisitor366x330-166x150.jpg 166w\" sizes=\"auto, (max-width: 366px) 100vw, 366px\" title=\"\">                            <\/div>\n                                                <div class=\"links-grid__card-text\">\n                                                            <div class=\"links-grid__card-title\">Besucherf\u00fchrer<\/div>\n                                                                                        <div class=\"links-grid__card-description\">Fordern Sie kostenlose, gedruckte Santa Monica-Besucherf\u00fchrer und Karten an.<\/div>\n                                                    <\/div>\n                    <\/div>\n                <\/a>\n                                            <a href=\"https:\/\/www.santamonica.com\/de\/partners\/promote-your-business\/\" class=\"links-grid__card-link\" aria-label=\"Werben Sie f\u00fcr Ihr Unternehmen\" >\n                    <div class=\"links-grid__card\">\n                                                    <div class=\"links-grid__card-image-wrapper\">\n                                <img decoding=\"async\" width=\"366\" height=\"330\" src=\"https:\/\/www.santamonica.com\/wp-content\/uploads\/2022\/07\/Partner366x330.jpg\" class=\"links-grid__card-image\" alt=\"Offene B\u00fchne auf dem Kongress mit Santa Monica-Branding\" loading=\"lazy\" srcset=\"https:\/\/www.santamonica.com\/wp-content\/uploads\/2022\/07\/Partner366x330.jpg 366w, https:\/\/www.santamonica.com\/wp-content\/uploads\/2022\/07\/Partner366x330-300x270.jpg 300w, https:\/\/www.santamonica.com\/wp-content\/uploads\/2022\/07\/Partner366x330-166x150.jpg 166w\" sizes=\"auto, (max-width: 366px) 100vw, 366px\" title=\"\">                            <\/div>\n                                                <div class=\"links-grid__card-text\">\n                                                            <div class=\"links-grid__card-title\">Werben Sie f\u00fcr Ihr Unternehmen<\/div>\n                                                                                        <div class=\"links-grid__card-description\">Nutzen Sie die Ressourcen von SMTT, um die Reichweite Ihres Unternehmens zu maximieren.<\/div>\n                                                    <\/div>\n                    <\/div>\n                <\/a>\n                                            <a href=\"https:\/\/www.santamonica.com\/de\/2024-tourism-summit-follow-up\/\" class=\"links-grid__card-link\" aria-label=\"Nachbereitung des Tourismusgipfels 2025\" >\n                    <div class=\"links-grid__card\">\n                                                    <div class=\"links-grid__card-image-wrapper\">\n                                <img decoding=\"async\" width=\"400\" height=\"400\" src=\"https:\/\/www.santamonica.com\/wp-content\/uploads\/2025\/06\/Adobe-Express-file-2-copy-1-400x400.jpg\" class=\"links-grid__card-image\" alt=\"Nachbereitung des Tourismusgipfels 2025\" loading=\"lazy\" title=\"\">                            <\/div>\n                                                <div class=\"links-grid__card-text\">\n                                                            <div class=\"links-grid__card-title\">Nachbereitung des Tourismusgipfels 2025<\/div>\n                                                                                        <div class=\"links-grid__card-description\">Zugang zu den Ressourcen des SMTT-Tourismusgipfels nach der Veranstaltung.<\/div>\n                                                    <\/div>\n                    <\/div>\n                <\/a>\n                                            <a href=\"https:\/\/www.santamonica.com\/de\/economic-value-of-tourism\/\" class=\"links-grid__card-link\" aria-label=\"Santa Monica Tourismus\" >\n                    <div class=\"links-grid__card\">\n                                                    <div class=\"links-grid__card-image-wrapper\">\n                                <img decoding=\"async\" width=\"366\" height=\"330\" src=\"https:\/\/www.santamonica.com\/wp-content\/uploads\/2022\/07\/Essential366x330.jpg\" class=\"links-grid__card-image\" alt=\"Luftaufnahme von Santa Monica Pier; blauer und gr\u00fcner Ozean rundherum\" loading=\"lazy\" srcset=\"https:\/\/www.santamonica.com\/wp-content\/uploads\/2022\/07\/Essential366x330.jpg 366w, https:\/\/www.santamonica.com\/wp-content\/uploads\/2022\/07\/Essential366x330-300x270.jpg 300w, https:\/\/www.santamonica.com\/wp-content\/uploads\/2022\/07\/Essential366x330-166x150.jpg 166w\" sizes=\"auto, (max-width: 366px) 100vw, 366px\" title=\"\">                            <\/div>\n                                                <div class=\"links-grid__card-text\">\n                                                            <div class=\"links-grid__card-title\">Santa Monica Tourismus<\/div>\n                                                                                        <div class=\"links-grid__card-description\">Informieren Sie sich \u00fcber die harten Fakten und die wirtschaftlichen Auswirkungen des Tourismus in Santa Monica.<\/div>\n                                                    <\/div>\n                    <\/div>\n                <\/a>\n                                            <a href=\"https:\/\/www.santamonica.com\/de\/about\/contact-us\/\" class=\"links-grid__card-link\" aria-label=\"Kontakt\" >\n                    <div class=\"links-grid__card\">\n                                                    <div class=\"links-grid__card-image-wrapper\">\n                                <img decoding=\"async\" width=\"366\" height=\"330\" src=\"https:\/\/www.santamonica.com\/wp-content\/uploads\/2022\/07\/Partner366x330-1.jpg\" class=\"links-grid__card-image\" alt=\"Strand und Meereswellen; Menschen am Strand; Luftaufnahme\" loading=\"lazy\" srcset=\"https:\/\/www.santamonica.com\/wp-content\/uploads\/2022\/07\/Partner366x330-1.jpg 366w, https:\/\/www.santamonica.com\/wp-content\/uploads\/2022\/07\/Partner366x330-1-300x270.jpg 300w, https:\/\/www.santamonica.com\/wp-content\/uploads\/2022\/07\/Partner366x330-1-166x150.jpg 166w\" sizes=\"auto, (max-width: 366px) 100vw, 366px\" title=\"\">                            <\/div>\n                                                <div class=\"links-grid__card-text\">\n                                                            <div class=\"links-grid__card-title\">Kontakt<\/div>\n                                                                                        <div class=\"links-grid__card-description\">Informieren Sie sich \u00fcber vergangene Tourismus-Updates von SMTT und melden Sie sich f\u00fcr den Erhalt von Newslettern an.<\/div>\n                                                    <\/div>\n                    <\/div>\n                <\/a>\n                                            <a href=\"https:\/\/www.santamonica.com\/de\/restaurants\/brunch-happy-hour-form\/\" class=\"links-grid__card-link\" aria-label=\"Brunch\/Happy Hour Formular\" >\n                    <div class=\"links-grid__card\">\n                                                    <div class=\"links-grid__card-image-wrapper\">\n                                <img decoding=\"async\" width=\"366\" height=\"330\" src=\"https:\/\/www.santamonica.com\/wp-content\/uploads\/2022\/07\/PartnerBrunch366x330.jpg\" class=\"links-grid__card-image\" alt=\"Rotes Martini-Getr\u00e4nk mit Garnierung; Pizza im Hintergrund\" loading=\"lazy\" srcset=\"https:\/\/www.santamonica.com\/wp-content\/uploads\/2022\/07\/PartnerBrunch366x330.jpg 366w, https:\/\/www.santamonica.com\/wp-content\/uploads\/2022\/07\/PartnerBrunch366x330-300x270.jpg 300w, https:\/\/www.santamonica.com\/wp-content\/uploads\/2022\/07\/PartnerBrunch366x330-166x150.jpg 166w\" sizes=\"auto, (max-width: 366px) 100vw, 366px\" title=\"\">                            <\/div>\n                                                <div class=\"links-grid__card-text\">\n                                                            <div class=\"links-grid__card-title\">Brunch\/Happy Hour Formular<\/div>\n                                                                                        <div class=\"links-grid__card-description\">Reichen Sie das Brunch- oder Happy Hour-Angebot Ihres Restaurants ein, um es auf der Website der SMTT zu bewerben.<\/div>\n                                                    <\/div>\n                    <\/div>\n                <\/a>\n                                            <a href=\"https:\/\/www.santamonica.com\/de\/business-specials-submission-form\/\" class=\"links-grid__card-link\" aria-label=\"Business-Specials einreichen\" >\n                    <div class=\"links-grid__card\">\n                                                    <div class=\"links-grid__card-image-wrapper\">\n                                <img decoding=\"async\" width=\"366\" height=\"330\" src=\"https:\/\/www.santamonica.com\/wp-content\/uploads\/2022\/07\/PartnerSpecial366x330.jpg\" class=\"links-grid__card-image\" alt=\"Frau gie\u00dft Wein in ein Glas an der Bar eines Restaurants\" loading=\"lazy\" srcset=\"https:\/\/www.santamonica.com\/wp-content\/uploads\/2022\/07\/PartnerSpecial366x330.jpg 366w, https:\/\/www.santamonica.com\/wp-content\/uploads\/2022\/07\/PartnerSpecial366x330-300x270.jpg 300w, https:\/\/www.santamonica.com\/wp-content\/uploads\/2022\/07\/PartnerSpecial366x330-166x150.jpg 166w\" sizes=\"auto, (max-width: 366px) 100vw, 366px\" title=\"\">                            <\/div>\n                                                <div class=\"links-grid__card-text\">\n                                                            <div class=\"links-grid__card-title\">Business-Specials einreichen<\/div>\n                                                                                        <div class=\"links-grid__card-description\">Reichen Sie Ihr Unternehmensspecial ein und teilen Sie es mit der Gemeinschaft \u00fcber die SMTT-Website.<\/div>\n                                                    <\/div>\n                    <\/div>\n                <\/a>\n                                            <a href=\"https:\/\/www.santamonica.com\/de\/events\/\" class=\"links-grid__card-link\" aria-label=\"Veranstaltungen\" >\n                    <div class=\"links-grid__card\">\n                                                    <div class=\"links-grid__card-image-wrapper\">\n                                <img decoding=\"async\" width=\"366\" height=\"330\" src=\"https:\/\/www.santamonica.com\/wp-content\/uploads\/2022\/07\/PartnerEvents366x330.jpg\" class=\"links-grid__card-image\" alt=\"Mann, der mit Paddel vom Meer aus am Strand l\u00e4uft; APP World Tour; Santa Monica Pier im Hintergrund\" loading=\"lazy\" srcset=\"https:\/\/www.santamonica.com\/wp-content\/uploads\/2022\/07\/PartnerEvents366x330.jpg 366w, https:\/\/www.santamonica.com\/wp-content\/uploads\/2022\/07\/PartnerEvents366x330-300x270.jpg 300w, https:\/\/www.santamonica.com\/wp-content\/uploads\/2022\/07\/PartnerEvents366x330-166x150.jpg 166w\" sizes=\"auto, (max-width: 366px) 100vw, 366px\" title=\"\">                            <\/div>\n                                                <div class=\"links-grid__card-text\">\n                                                            <div class=\"links-grid__card-title\">Veranstaltungen<\/div>\n                                                                                        <div class=\"links-grid__card-description\">Halten Sie eine Veranstaltung ab? Tragen Sie es in den Veranstaltungskalender der SMTT ein!<\/div>\n                                                    <\/div>\n                    <\/div>\n                <\/a>\n                        <\/div>\n<\/section>\n\n\n\n<section class=\"sun-title sm-block --theme6 sm-block\">\n            <h2 class=\"sun-title__headline\">Gemeinschaftsprogramme<\/h2>    \n            <div class=\"sun-title__body  wysiwyg\">\n                    <p>Sind Sie ein Unternehmen in Santa Monica und m\u00f6chten sich st\u00e4rker in der Gemeinde engagieren? Sehen Sie sich unsere Liste lokaler Organisationen an, um herauszufinden, wie Sie sich beteiligen k\u00f6nnen:<\/p>\n<ul>\n<li><a href=\"https:\/\/www.santamonica.gov\/programs\/buy-local-santa-monica\" target=\"_blank\" rel=\"noopener\">Lokal kaufen Santa Monica<\/a><\/li>\n<li><a href=\"https:\/\/smchamber.com\/\" target=\"_blank\" rel=\"noopener\">Handelskammer<\/a><\/li>\n<li><a href=\"https:\/\/www.downtownsm.com\/about-us\" target=\"_blank\" rel=\"noopener\">Downtown Santa Monica, Inc. (DTSM)<\/a><\/li>\n<li><a href=\"https:\/\/www.mainstreetsm.com\/msbia\/\" target=\"_blank\" rel=\"noopener\">Main Street Business Improvement Association<\/a><\/li>\n<li><a href=\"https:\/\/www.montanaave.com\/merchants\" target=\"_blank\" rel=\"noopener\">Montana Avenue Kaufleute Vereinigung<\/a><\/li>\n<li><a href=\"https:\/\/picopassport.com\/about\" target=\"_blank\" rel=\"noopener\">Pico Improvement Organization<\/a><\/li>\n<li><a href=\"https:\/\/www.sustainableworks.org\/\" target=\"_blank\" rel=\"noopener\">SustainableWorks<\/a><\/li>\n<\/ul>\n                        <\/div>\n    <\/section>\n\n\n<section class=\"meetings-contact-us sm-block\">\n    <div class=\"meetings-contact-us__inner\">\n        <div class=\"meetings-contact-us__image-wrap\">\n            <img decoding=\"async\" width=\"1024\" height=\"304\" src=\"https:\/\/www.santamonica.com\/wp-content\/uploads\/2022\/07\/Help1280x380-1024x304.jpg\" class=\"attachment-large size-large\" alt=\"Bild des Geb\u00e4udes des Besucherzentrums; graues Geb\u00e4ude mit Infoschild dar\u00fcber\" srcset=\"https:\/\/www.santamonica.com\/wp-content\/uploads\/2022\/07\/Help1280x380-1024x304.jpg 1024w, https:\/\/www.santamonica.com\/wp-content\/uploads\/2022\/07\/Help1280x380-300x89.jpg 300w, https:\/\/www.santamonica.com\/wp-content\/uploads\/2022\/07\/Help1280x380-270x80.jpg 270w, https:\/\/www.santamonica.com\/wp-content\/uploads\/2022\/07\/Help1280x380-768x228.jpg 768w, https:\/\/www.santamonica.com\/wp-content\/uploads\/2022\/07\/Help1280x380.jpg 1280w\" sizes=\"(max-width: 1024px) 100vw, 1024px\" title=\"\">        <\/div>\n        <div class=\"meetings-contact-us__body\">\n            <h1 class=\"meetings-contact-us__heading\">\n                Haben Sie Fragen?            <\/h1>\n            <p class=\"meetings-contact-us__intro\">\n                F\u00fchlen Sie sich unterst\u00fctzt, wenn Sie sich noch heute an das Expertenteam von Santa Monica Travel &amp; Tourism wenden!            <\/p>\n            <div class=\"meetings-contact-us__phone-numbers wysiwyg\">\n                                                            <\/div>\n            <div class=\"meetings-contact-us__ctas\">\n                                            <a class=\"meetings-contact-us__primary-cta\" href=\"https:\/\/www.santamonica.com\/de\/treffen-konventionen\/treffen-kontakt-mit-uns\/\">Kontakt<\/a>\n                                                    <\/div>\n        <\/div>\n    <\/div>\n\n<\/section>\n\n\n<section class=\"blog-feed --theme8 sm-block\">\n    <div class=\"blog-feed__content\">\n        <div class=\"blog-feed__intro\">\n                                        <h1 class=\"blog-feed__headline\">Blogs<\/h1>                                            <\/div>\n\n        <ul class=\"blog-feed__list\">\n                                                <li class=\"blog-feed__item\">\n                        <a href=\"https:\/\/www.santamonica.com\/de\/santa-monica-hotels-offer-spring-staycation-discounts-to-residents-of-los-angeles-county-2\/\" class=\"blog-feed__item-link\">\n                            <div class=\"blog-feed__image-ratio\">\n                                <img decoding=\"async\" class=\"blog-feed__image\" src=\"https:\/\/www.santamonica.com\/wp-content\/uploads\/2026\/03\/1-240423_01_SMTT_1143-400x400.jpg\" alt=\"HOTELS IN SANTA MONICA BIETEN DEN EINWOHNERN VON LOS ANGELES COUNTY VERG\u00dcNSTIGTE FR\u00dcHLINGSAUFENTHALTE AN\" title=\"\">\n                            <\/div>\n                            <div class=\"blog-feed__card-title\">HOTELS IN SANTA MONICA BIETEN DEN EINWOHNERN VON LOS ANGELES COUNTY VERG\u00dcNSTIGTE FR\u00dcHLINGSAUFENTHALTE AN<\/div>\n                        <\/a>\n                    <\/li>\n                                                                <li class=\"blog-feed__item\">\n                        <a href=\"https:\/\/www.santamonica.com\/de\/whats-new-in-santa-monica-winter-2026\/\" class=\"blog-feed__item-link\">\n                            <div class=\"blog-feed__image-ratio\">\n                                <img decoding=\"async\" class=\"blog-feed__image\" src=\"https:\/\/www.santamonica.com\/wp-content\/uploads\/2026\/02\/Hotel-Casa-del-Mar-400x400.jpg\" alt=\"WAS GIBT ES NEUES IN SANTA MONICA - WINTER 2026\" title=\"\">\n                            <\/div>\n                            <div class=\"blog-feed__card-title\">WAS GIBT ES NEUES IN SANTA MONICA - WINTER 2026<\/div>\n                        <\/a>\n                    <\/li>\n                                                                <li class=\"blog-feed__item\">\n                        <a href=\"https:\/\/www.santamonica.com\/de\/media\/news-release\/base-yourself-beachside-in-santa-monica-for-fifa-world-cup-2026\/\" class=\"blog-feed__item-link\">\n                            <div class=\"blog-feed__image-ratio\">\n                                <img decoding=\"async\" class=\"blog-feed__image\" src=\"https:\/\/www.santamonica.com\/wp-content\/uploads\/2026\/02\/0-4-1-400x400.jpg\" alt=\"LAGERUNG AM STRAND VON SANTA MONICA F\u00dcR DIE FIFA WELTMEISTERSCHAFT 2026\u2122\" title=\"\">\n                            <\/div>\n                            <div class=\"blog-feed__card-title\">LAGERUNG AM STRAND VON SANTA MONICA F\u00dcR DIE FIFA WELTMEISTERSCHAFT 2026\u2122<\/div>\n                        <\/a>\n                    <\/li>\n                                    <\/ul>\n    <\/div>\n<\/section>","protected":false},"excerpt":{"rendered":"","protected":false},"author":1421,"featured_media":348936,"parent":0,"menu_order":0,"comment_status":"closed","ping_status":"closed","template":"template-things-to-do.php","meta":{"_acf_changed":false,"inline_featured_image":false,"footnotes":""},"silos":[3908],"class_list":["post-344327","page","type-page","status-publish","has-post-thumbnail","hentry"],"acf":[],"_links":{"self":[{"href":"https:\/\/www.santamonica.com\/de\/wp-json\/wp\/v2\/pages\/344327","targetHints":{"allow":["GET"]}}],"collection":[{"href":"https:\/\/www.santamonica.com\/de\/wp-json\/wp\/v2\/pages"}],"about":[{"href":"https:\/\/www.santamonica.com\/de\/wp-json\/wp\/v2\/types\/page"}],"author":[{"embeddable":true,"href":"https:\/\/www.santamonica.com\/de\/wp-json\/wp\/v2\/users\/1421"}],"replies":[{"embeddable":true,"href":"https:\/\/www.santamonica.com\/de\/wp-json\/wp\/v2\/comments?post=344327"}],"version-history":[{"count":75,"href":"https:\/\/www.santamonica.com\/de\/wp-json\/wp\/v2\/pages\/344327\/revisions"}],"predecessor-version":[{"id":424437,"href":"https:\/\/www.santamonica.com\/de\/wp-json\/wp\/v2\/pages\/344327\/revisions\/424437"}],"wp:featuredmedia":[{"embeddable":true,"href":"https:\/\/www.santamonica.com\/de\/wp-json\/wp\/v2\/media\/348936"}],"wp:attachment":[{"href":"https:\/\/www.santamonica.com\/de\/wp-json\/wp\/v2\/media?parent=344327"}],"wp:term":[{"taxonomy":"silos","embeddable":true,"href":"https:\/\/www.santamonica.com\/de\/wp-json\/wp\/v2\/silos?post=344327"}],"curies":[{"name":"wp","href":"https:\/\/api.w.org\/{rel}","templated":true}]}}