{"id":344304,"date":"2022-07-08T12:40:45","date_gmt":"2022-07-08T19:40:45","guid":{"rendered":"https:\/\/www.santamonica.com\/?page_id=344304"},"modified":"2025-11-10T07:41:11","modified_gmt":"2025-11-10T15:41:11","slug":"santa-monica-u-bahn","status":"publish","type":"page","link":"https:\/\/www.santamonica.com\/de\/transportation\/santa-monica-metro\/","title":{"rendered":"U-Bahn Santa Monica"},"content":{"rendered":"<div class=\"wp-block-columns is-layout-flex wp-container-core-columns-is-layout-28f84493 wp-block-columns-is-layout-flex base-block\">\n<div class=\"wp-block-column is-layout-flow wp-block-column-is-layout-flow base-block\">\n<h4 class=\"wp-block-heading base-block\">Schritt 1 - Besorgen Sie sich eine TAP-Karte<\/h4>\n\n\n\n<p class=\"base-block\">Kaufen Sie eine TAP-Karte an den Automaten in den U-Bahn-Stationen oder bestellen Sie sie online unter taptogo.net. Um eine TAP-Karte in der Metro oder im Big Blue Bus zu benutzen, laden Sie einen Dollarwert auf. Sobald Sie Geld in den Wagen geladen haben, geben Sie die Karte vor dem Einsteigen an den Entwertern ab. Einige Bahnsteige haben keine Drehkreuze, so dass Sie Ihre Karte vor dem Einsteigen trotzdem anzapfen m\u00fcssen.<\/p>\n<\/div>\n\n\n\n<div class=\"wp-block-column is-layout-flow wp-block-column-is-layout-flow base-block\">\n<h4 class=\"wp-block-heading base-block\">Schritt 2 - Planen Sie Ihre Reise<\/h4>\n\n\n\n<p class=\"base-block\">In Santa Monica gibt es drei Stationen der Metro E Line: 26th St \/ Bergamot Station, 17th Street \/ Santa Monica College und Downtown Santa Monica. Sie k\u00f6nnen mit jeder dieser Stationen verbinden \u00fcber <strong><a href=\"https:\/\/www.santamonica.com\/de\/transport\/offentliche-verkehrsmittel\/\">Bus, Fahrrad oder zu Fu\u00df<\/a><\/strong>. Fahrr\u00e4der sind auf der Metro E Line in Santa Monica erlaubt. Fahrpl\u00e4ne, Routen, Zeiten und Verbindungen finden Sie unter metro.net.<\/p>\n<\/div>\n\n\n\n<div class=\"wp-block-column is-layout-flow wp-block-column-is-layout-flow base-block\">\n<h4 class=\"wp-block-heading base-block\">Schritt 3 - Spa\u00df haben<\/h4>\n\n\n\n<p class=\"base-block\">Das Angebot an Essen, Kultur und Spa\u00df ist mit der Metro-Linie E grenzenlos. An der 26th St\/Bergamot Station k\u00f6nnen Sie das Bergamot Station Arts Center besuchen.  Die Station 17th St\/SMC bietet den Memorial Park, die Eli and Edythe Broad Stage und das 18th Street Art Center. Die Linie endet an der Downtown Santa Monica Station in der N\u00e4he der Third Street Promenade und des Santa Monica Pier.<\/p>\n<\/div>\n<\/div>\n\n\n\n<section class=\"two-images container-max sm-block  sm-block\">\n    <div class=\"two-images__container\">\n\n        <div class=\"two-images__column\">\n            <div class=\"two-images__content\">\n                <div class=\"two-images__content-header-container\">\n                                            <h2 class=\"two-images__content-header\">Erkunden Sie Santa Monica bis zum Stadtzentrum von LA<\/h2>                                    <\/div>\n                                    <div class=\"two-images__content-body wysiwyg\">\n                        <p><span style=\"font-weight: 400;\">Vergessen Sie nicht, das andere Ende der Metro E Line zu erkunden! Wenn Sie in Santa Monica sind, k\u00f6nnen Sie ohne Auto eine Show im Kirk Douglas Theatre, ein Spiel in der Crypto.com Arena (ehemals Staples Center) oder ein Konzert in der Walt Disney Concert Hall besuchen.\u00a0<\/span><\/p>\n<p><span style=\"font-weight: 400;\">Der Zug endet an der Station 7th Street Metro Center in der Figueroa Street. Eine komplette Fahrt mit der Metro E Line dauert etwa 46 Minuten; viel schneller als im Stau zu stehen.<\/span><\/p>\n                    <\/div>\n                                            <\/div>\n        <\/div>\n\n        <div class=\"two-images__column\">\n                            <div class=\"two-images__image-container\">\n                    <img decoding=\"async\" width=\"424\" height=\"504\" src=\"https:\/\/www.santamonica.com\/wp-content\/uploads\/2022\/07\/Santa-Monica-Pier-Pacific-Park-424-504.png\" class=\"two-images__image\" alt=\"Ein sonniger Tag am Eingang des Pacific Park am Santa Monica Pier.\" loading=\"lazy\" srcset=\"https:\/\/www.santamonica.com\/wp-content\/uploads\/2022\/07\/Santa-Monica-Pier-Pacific-Park-424-504.png 424w, https:\/\/www.santamonica.com\/wp-content\/uploads\/2022\/07\/Santa-Monica-Pier-Pacific-Park-424-504-252x300.png 252w, https:\/\/www.santamonica.com\/wp-content\/uploads\/2022\/07\/Santa-Monica-Pier-Pacific-Park-424-504-126x150.png 126w\" sizes=\"auto, (max-width: 424px) 100vw, 424px\" title=\"\">                    \n\n                <\/div>\n                    <\/div>\n\n        <div class=\"two-images__column\">\n                            <div class=\"two-images__image-container\">\n                    <img decoding=\"async\" width=\"564\" height=\"530\" src=\"https:\/\/www.santamonica.com\/wp-content\/uploads\/2022\/07\/Kid-At-The-Aquarium.png\" class=\"two-images__image\" alt=\"Kinder-Aquarium\" loading=\"lazy\" srcset=\"https:\/\/www.santamonica.com\/wp-content\/uploads\/2022\/07\/Kid-At-The-Aquarium.png 564w, https:\/\/www.santamonica.com\/wp-content\/uploads\/2022\/07\/Kid-At-The-Aquarium-300x282.png 300w, https:\/\/www.santamonica.com\/wp-content\/uploads\/2022\/07\/Kid-At-The-Aquarium-160x150.png 160w\" sizes=\"auto, (max-width: 564px) 100vw, 564px\" title=\"\">                    \n\n                <\/div>\n                    <\/div>\n\n    <\/div>\n<\/section>\n\n\n\n<section class=\"image-section-break sm-block\">\n    <div class=\"image-section-break__image-wrapper\">\n                    <picture>\n                    <source\n                        media=\"(min-width: 768px)\"\n                        srcset=\"https:\/\/www.santamonica.com\/wp-content\/uploads\/2022\/07\/Santa-Monica-Metro-Expo-1565x574-1.png\"\n                    >\n                    <img decoding=\"async\" src=\"https:\/\/www.santamonica.com\/wp-content\/uploads\/2022\/07\/Santa-Monica-Metro-Expo-650x866-1.png\" class=\"image-section-break__image\" alt=\"Menschen an der Expo-Line-Station der Santa Monica Metro.\" title=\"\">\n            <\/picture>\n                \n\n    <\/div>\n    <div class=\"image-section-break__text-content\">\n        <div class=\"image-section-break__first-content --theme3\">\n                            <div class=\"image-section-break__eyebrow-text\">Transport zur Metrolinie E<\/div>\n                                        <h2 class=\"image-section-break__title\">Anreise zur Metrolinie E<\/h2>\n                                        <div class=\"image-section-break__body-copy wysiwyg\"><p><span style=\"font-weight: 400;\">\u200b\u200b<\/span><span style=\"font-weight: 400;\">Steigen Sie in den Big Blue Bus, fahren Sie mit dem Fahrrad oder gehen Sie zu Fu\u00df, um die Metrolinie E in Santa Monica zu erreichen. Da die Z\u00fcge etwa alle 8 Minuten fahren, sind Sie immer nur wenige Minuten von Ihrer n\u00e4chsten Fahrt entfernt. Ihre TAP-Karte kann sowohl f\u00fcr die Metro E Line als auch f\u00fcr den Big Blue Bus verwendet werden, also laden Sie Ihren Fahrschein auf, TAP und los!<\/span><\/p>\n<\/div>\n                                <\/div>\n        <div class=\"image-section-break__second-content\">\n                            <div class=\"image-section-break__body-copy wysiwyg\"><p><span style=\"font-weight: 400;\">Dank des \u00fcber 100 Meilen langen Radwegenetzes der Stadt k\u00f6nnen Sie direkt zu einer der drei U-Bahn-Stationen von Santa Monica fahren. Fahrr\u00e4der sind im Zug erlaubt, und jeder Wagen hat einen ausgewiesenen Bereich f\u00fcr sie.<\/span><\/p>\n<p><strong><a href=\"https:\/\/www.santamonica.com\/de\/transport\/parkplatz\/\">Parken<\/a><\/strong><span style=\"font-weight: 400;\"> ist auch in Santa Monica an der Haltestelle 17th Street\/Santa Monica College gegen eine geringe Geb\u00fchr erh\u00e4ltlich.  Wenn Sie Santa Monica f\u00fcr einen Tag besuchen, sollten Sie einen der folgenden Parkpl\u00e4tze nutzen <\/span><a href=\"https:\/\/www.metro.net\/riding\/parking\/lotsbyline\/\" target=\"_blank\" rel=\"noopener\"><span style=\"font-weight: 400;\"><strong>mehrere Parkpl\u00e4tze<\/strong><\/span><\/a><span style=\"font-weight: 400;\"> entlang der E-Linie in die Stadt zu fahren und einen Tag am Strand zu verbringen.<\/span><\/p>\n<\/div>\n                                <\/div>\n    <\/div>\n<\/section>\n\n\n<section class=\"crowdriff-gallery sm-block\">\n    <div class=\"crowdriff-gallery__content\">\n                    <h2 class=\"crowdriff-gallery__headline\">Santa Monica erkunden<\/h2>                            <script id=\"cr-init__186c78a6\" src=\"https:\/\/starling.crowdriff.com\/js\/crowdriff.js\" async><\/script>\n            <\/div>\n<\/section>\n\n\n<section class=\"blog-feed --theme8 sm-block\">\n    <div class=\"blog-feed__content\">\n        <div class=\"blog-feed__intro\">\n                            <div class=\"blog-feed__eyebrow eyebrow\">Blogs<\/div>                                        <h2 class=\"blog-feed__headline\">Santa Monica entdecken<\/h2>                                        <div class=\"blog-feed__body\"><p>Entdecken Sie Reiserouten, lokale Tipps, Hot Spots und ausgew\u00e4hlte Abenteuer, damit Sie das Beste aus Ihrem Aufenthalt in Santa Monica machen k\u00f6nnen.<\/p>\n<\/div>\n                                        <a class=\"blog-feed__cta\" href=\"https:\/\/www.santamonica.com\/de\/blogeintrage\/\">Alle Blogs anzeigen<\/a>\n                    <\/div>\n\n        <ul class=\"blog-feed__list\">\n                                                <li class=\"blog-feed__item\">\n                        <a href=\"https:\/\/www.santamonica.com\/de\/mother-road-modern-meetings-route-66-meeting-spaces-set-to-shine-for-centennial-in-santa-monica\/\" class=\"blog-feed__item-link\">\n                            <div class=\"blog-feed__image-ratio\">\n                                <img decoding=\"async\" class=\"blog-feed__image\" src=\"https:\/\/www.santamonica.com\/wp-content\/uploads\/2025\/12\/untitledJuly20162C2020180010-182-2-400x400.jpg\" alt=\"MUTTERSTRASSE, MODERNE TAGUNGEN: ROUTE-66-TAGUNGSR\u00c4UME ERSTRAHLEN ZUM HUNDERTJ\u00c4HRIGEN JUBIL\u00c4UM IN SANTA MONICA\" title=\"\">\n                            <\/div>\n                            <div class=\"blog-feed__card-title\">MUTTERSTRASSE, MODERNE TAGUNGEN: ROUTE-66-TAGUNGSR\u00c4UME ERSTRAHLEN ZUM HUNDERTJ\u00c4HRIGEN JUBIL\u00c4UM IN SANTA MONICA<\/div>\n                        <\/a>\n                    <\/li>\n                                                                <li class=\"blog-feed__item\">\n                        <a href=\"https:\/\/www.santamonica.com\/de\/media\/news-release\/santa-monica-announces-song-contest-in-celebration-of-route-66-centennial\/\" class=\"blog-feed__item-link\">\n                            <div class=\"blog-feed__image-ratio\">\n                                <img decoding=\"async\" class=\"blog-feed__image\" src=\"https:\/\/www.santamonica.com\/wp-content\/uploads\/2025\/11\/DSC01084-400x400.jpg\" alt=\"SANTA MONICA VERK\u00dcNDET SONGWETTBEWERB ZUR FEIER DES HUNDERTJ\u00c4HRIGEN BESTEHENS DER ROUTE 66\" title=\"\">\n                            <\/div>\n                            <div class=\"blog-feed__card-title\">SANTA MONICA VERK\u00dcNDET SONGWETTBEWERB ZUR FEIER DES HUNDERTJ\u00c4HRIGEN BESTEHENS DER ROUTE 66<\/div>\n                        <\/a>\n                    <\/li>\n                                                                <li class=\"blog-feed__item\">\n                        <a href=\"https:\/\/www.santamonica.com\/de\/media\/news-release\/where-to-watch-the-world-series-in-santa-monica\/\" class=\"blog-feed__item-link\">\n                            <div class=\"blog-feed__image-ratio\">\n                                <img decoding=\"async\" class=\"blog-feed__image\" src=\"https:\/\/www.santamonica.com\/wp-content\/uploads\/2025\/10\/dodgers-logo-1-400x400.jpg\" alt=\"WO MAN DIE WORLD SERIES IN SANTA MONICA SEHEN KANN\" title=\"\">\n                            <\/div>\n                            <div class=\"blog-feed__card-title\">WO MAN DIE WORLD SERIES IN SANTA MONICA SEHEN KANN<\/div>\n                        <\/a>\n                    <\/li>\n                                    <\/ul>\n    <\/div>\n<\/section>","protected":false},"excerpt":{"rendered":"<p>Step 1 \u2013 Get a TAP Card Buy a TAP card at vending machines located at Metro Rail stations or order online at taptogo.net. To use a TAP card on the Metro or Big Blue Bus, load on a dollar value. Once you\u2019ve loaded money onto the car, TAP the card at the validators before boarding. Some platforms do not have a turnstile, make sure to still tap your card before boarding. Step 2 \u2013 Plan Your Trip There are three Metro E Line stations in Santa Monica: 26th St \/ Bergamot Station, 17th Street \/ Santa Monica College and [\u2026]<\/p>\n","protected":false},"author":1421,"featured_media":348590,"parent":0,"menu_order":0,"comment_status":"closed","ping_status":"closed","template":"template-editorial.php","meta":{"_acf_changed":false,"inline_featured_image":false,"footnotes":""},"silos":[3906],"class_list":["post-344304","page","type-page","status-publish","has-post-thumbnail","hentry"],"acf":[],"_links":{"self":[{"href":"https:\/\/www.santamonica.com\/de\/wp-json\/wp\/v2\/pages\/344304","targetHints":{"allow":["GET"]}}],"collection":[{"href":"https:\/\/www.santamonica.com\/de\/wp-json\/wp\/v2\/pages"}],"about":[{"href":"https:\/\/www.santamonica.com\/de\/wp-json\/wp\/v2\/types\/page"}],"author":[{"embeddable":true,"href":"https:\/\/www.santamonica.com\/de\/wp-json\/wp\/v2\/users\/1421"}],"replies":[{"embeddable":true,"href":"https:\/\/www.santamonica.com\/de\/wp-json\/wp\/v2\/comments?post=344304"}],"version-history":[{"count":47,"href":"https:\/\/www.santamonica.com\/de\/wp-json\/wp\/v2\/pages\/344304\/revisions"}],"predecessor-version":[{"id":775589,"href":"https:\/\/www.santamonica.com\/de\/wp-json\/wp\/v2\/pages\/344304\/revisions\/775589"}],"wp:featuredmedia":[{"embeddable":true,"href":"https:\/\/www.santamonica.com\/de\/wp-json\/wp\/v2\/media\/348590"}],"wp:attachment":[{"href":"https:\/\/www.santamonica.com\/de\/wp-json\/wp\/v2\/media?parent=344304"}],"wp:term":[{"taxonomy":"silos","embeddable":true,"href":"https:\/\/www.santamonica.com\/de\/wp-json\/wp\/v2\/silos?post=344304"}],"curies":[{"name":"wp","href":"https:\/\/api.w.org\/{rel}","templated":true}]}}