{"id":343597,"date":"2022-06-24T17:22:59","date_gmt":"2022-06-25T00:22:59","guid":{"rendered":"https:\/\/www.santamonica.com\/?page_id=343597"},"modified":"2023-12-12T10:58:51","modified_gmt":"2023-12-12T18:58:51","slug":"rosenschale","status":"publish","type":"page","link":"https:\/\/www.santamonica.com\/de\/things-to-do\/rose-bowl\/","title":{"rendered":"Rose Bowl"},"content":{"rendered":"<section class=\"booking-cta --theme5 sm-block\">\n    <div id=\"widget-container-2070\"><\/div>\n<script type=\"text\/javascript\">\n  (function() {\n    var script = document.createElement('script');\n    script.type = 'text\/javascript';\n    script.async = 'true';\n    script.src = \"https:\/\/admin.bookdirect.net\/hs4\/widgets\/2070.js?widget_element=widget-container-2070\";\n    document.body.appendChild(script);\n  })();\n<\/script>\n    <\/section>\n\n\n\n\n    \n    <section class=\"subpage-links container-max sm-block\">\n        <div class=\"subpage-links__diamonds\"><\/div>\n                <div class=\"subpage-links__content\">\n            <div class=\"subpage-links__card\">\n                <div class=\"subpage-links__card-wrapper\">\n                    <a href=\"https:\/\/www.santamonica.com\/de\/hotels\/\" class=\"subpage-links__card-link\" aria-label=\"Buchen Sie Ihr Hotel\">\n                                                    <img decoding=\"async\" width=\"550\" height=\"782\" src=\"https:\/\/www.santamonica.com\/wp-content\/uploads\/2022\/12\/Loews-Santa-Monica-Hotel.jpg\" class=\"subpage-links__card-image\" alt=\"\" loading=\"lazy\" srcset=\"https:\/\/www.santamonica.com\/wp-content\/uploads\/2022\/12\/Loews-Santa-Monica-Hotel.jpg 550w, https:\/\/www.santamonica.com\/wp-content\/uploads\/2022\/12\/Loews-Santa-Monica-Hotel-211x300.jpg 211w, https:\/\/www.santamonica.com\/wp-content\/uploads\/2022\/12\/Loews-Santa-Monica-Hotel-105x150.jpg 105w\" sizes=\"auto, (max-width: 550px) 100vw, 550px\" title=\"\">                                                                            <div class=\"subpage-links__card-description\">\n                                <span class=\"subpage-links__card-title\">Buchen Sie Ihr Hotel<\/span>\n                                <div class=\"subpage-links__card-button card-arrow\">Erkunden Sie<\/div>\n                            <\/div>\n                                            <\/a>\n                <\/div>\n            <\/div>\n            <div class=\"subpage-links__card\">\n                <div class=\"subpage-links__card-wrapper\">\n                    <a href=\"https:\/\/www.santamonica.com\/de\/veranstaltungen\/new-years-eve\/\" class=\"subpage-links__card-link\" aria-label=\"L\u00e4uten Sie das neue Jahr ein\">\n                                                    <img decoding=\"async\" width=\"550\" height=\"782\" src=\"https:\/\/www.santamonica.com\/wp-content\/uploads\/2022\/12\/NY-Victorian.jpg\" class=\"subpage-links__card-image\" alt=\"Bild von Lichtern, die in der Dunkelheit am Baum h\u00e4ngen; The Victorian in Santa Monica\" loading=\"lazy\" srcset=\"https:\/\/www.santamonica.com\/wp-content\/uploads\/2022\/12\/NY-Victorian.jpg 550w, https:\/\/www.santamonica.com\/wp-content\/uploads\/2022\/12\/NY-Victorian-211x300.jpg 211w, https:\/\/www.santamonica.com\/wp-content\/uploads\/2022\/12\/NY-Victorian-105x150.jpg 105w\" sizes=\"auto, (max-width: 550px) 100vw, 550px\" title=\"\">                                                                            <div class=\"subpage-links__card-description\">\n                                <div class=\"subpage-links__card-title\">L\u00e4uten Sie das neue Jahr ein<\/div>\n                                <div class=\"subpage-links__card-button card-arrow\">Erkunden Sie<\/div>\n                            <\/div>\n                                            <\/a>\n                <\/div>\n            <\/div>\n            <div class=\"subpage-links__card\">\n                <div class=\"subpage-links__card-wrapper\">\n                    <a href=\"\/de\/routenplaner\/\" class=\"subpage-links__card-link\" aria-label=\"Erstellen Sie Ihre Reise\">\n                                                    <img decoding=\"async\" width=\"600\" height=\"565\" src=\"https:\/\/www.santamonica.com\/wp-content\/uploads\/2022\/06\/santa-monica-royalty-free-images.jpg\" class=\"subpage-links__card-image\" alt=\"santa monica lizenzfreie bilder\" loading=\"lazy\" srcset=\"https:\/\/www.santamonica.com\/wp-content\/uploads\/2022\/06\/santa-monica-royalty-free-images.jpg 600w, https:\/\/www.santamonica.com\/wp-content\/uploads\/2022\/06\/santa-monica-royalty-free-images-300x283.jpg 300w, https:\/\/www.santamonica.com\/wp-content\/uploads\/2022\/06\/santa-monica-royalty-free-images-159x150.jpg 159w\" sizes=\"auto, (max-width: 600px) 100vw, 600px\" title=\"\">                                                                            <div class=\"subpage-links__card-description\">\n                                <div class=\"subpage-links__card-title\">Erstellen Sie Ihre Reise<\/div>\n                                <div class=\"subpage-links__card-button card-arrow\">Erkunden Sie<\/div>\n                            <\/div>\n                                            <\/a>\n                <\/div>\n            <\/div>\n        <\/div>\n            <\/section>\n\n\n<section class=\"travel-tips --theme7 sm-block base-block\">\n    <div class=\"travel-tips__inner\">\n        <div class=\"travel-tips__body-col\">\n                            <img decoding=\"async\" src=\"https:\/\/www.santamonica.com\/wp-content\/uploads\/2022\/06\/responsible-badge-1.svg\" alt=\"Verantwortungsvoll reisen in Santa Monica\" title=\"\">\n                                        <p class=\"travel-tips__intro\">Reisen Sie sicher und nachhaltig und tragen Sie mit diesen Tipps dazu bei, die Sch\u00f6nheit Santa Monicas zu erhalten und gleichzeitig gesund zu bleiben.<\/p>\n                    <\/div>\n        <div class=\"travel-tips__links-col\">\n                        <div class=\"travel-tips__link-row\">\n                                    <img decoding=\"async\" src=\"https:\/\/www.santamonica.com\/wp-content\/uploads\/2022\/06\/Parking-Information.svg\" alt=\"Parken in Santa Monica\" title=\"\">\n                                                    <a class=\"travel-tips__link\" href=\"https:\/\/www.santamonica.com\/de\/transport\/parkplatz\/\">\n                        Informationen zum Parken                    <\/a>\n                            <\/div>\n                        <div class=\"travel-tips__link-row\">\n                                    <img decoding=\"async\" src=\"https:\/\/www.santamonica.com\/wp-content\/uploads\/2022\/06\/What-to-Pack.svg\" alt=\"Packen f\u00fcr eine Reise nach Santa Monica\" title=\"\">\n                                                    <a class=\"travel-tips__link\" href=\"https:\/\/www.santamonica.com\/de\/santa-monica-erleben\/was-zu-packen-ist\/\">\n                        Was zu packen ist                    <\/a>\n                            <\/div>\n                        <div class=\"travel-tips__link-row\">\n                                    <img decoding=\"async\" src=\"https:\/\/www.santamonica.com\/wp-content\/uploads\/2022\/06\/Health-and-Safety.svg\" alt=\"Santa Monica Reise-Sicherheitstipps\" title=\"\">\n                                                    <a class=\"travel-tips__link\" href=\"https:\/\/www.santamonica.com\/de\/santa-monica-erleben\/sicherheit\/\">\n                        Gesundheit und Sicherheit                    <\/a>\n                            <\/div>\n                        <div class=\"travel-tips__link-row\">\n                                    <img decoding=\"async\" src=\"https:\/\/www.santamonica.com\/wp-content\/uploads\/2022\/06\/The-Essentials.svg\" alt=\"Santa Monica Reise Essentials\" title=\"\">\n                                                    <a class=\"travel-tips__link\" href=\"https:\/\/www.santamonica.com\/de\/santa-monica-erleben\/wesentliches\/\">\n                        Die Essentials                    <\/a>\n                            <\/div>\n                    <\/div>\n\n    <\/div>\n<\/section>\n\n\n<section class=\"links-grid --theme3 sm-block\">\n    <div class=\"links-grid__wrapper\">\n                                                    <a href=\"https:\/\/www.santamonica.com\/de\/things-to-do\/santa-monica-beach\/\" class=\"links-grid__card-link\" aria-label=\"Santa Monica Strand\" >\n                    <div class=\"links-grid__card\">\n                                                    <div class=\"links-grid__card-image-wrapper\">\n                                <img decoding=\"async\" width=\"400\" height=\"400\" src=\"https:\/\/www.santamonica.com\/wp-content\/uploads\/2022\/05\/santa-monica-beach-guide-400x400.jpg\" class=\"links-grid__card-image\" alt=\"santa monica strandf\u00fchrer\" loading=\"lazy\" title=\"\">                            <\/div>\n                                                <div class=\"links-grid__card-text\">\n                                                            <div class=\"links-grid__card-title\">Santa Monica Strand<\/div>\n                                                                                        <div class=\"links-grid__card-description\"> Santa Monica verf\u00fcgt \u00fcber 3,5 Meilen glitzernder K\u00fcste und 280 Sonnentage.<\/div>\n                                                    <\/div>\n                    <\/div>\n                <\/a>\n                                            <a href=\"https:\/\/www.santamonica.com\/de\/transportation\/\" class=\"links-grid__card-link\" aria-label=\"Transport - Fortbewegung\" >\n                    <div class=\"links-grid__card\">\n                                                    <div class=\"links-grid__card-image-wrapper\">\n                                <img decoding=\"async\" width=\"400\" height=\"400\" src=\"https:\/\/www.santamonica.com\/wp-content\/uploads\/2022\/06\/santa-monica-directions-400x400.jpg\" class=\"links-grid__card-image\" alt=\"Reisen von LAX nach Santa Monica\" loading=\"lazy\" title=\"\">                            <\/div>\n                                                <div class=\"links-grid__card-text\">\n                                                            <div class=\"links-grid__card-title\">Transport - Fortbewegung<\/div>\n                                                                                        <div class=\"links-grid__card-description\">Planen Sie Ihre Route zum Spiel und entdecken Sie Erlebnisse in der ganzen Stadt.<\/div>\n                                                    <\/div>\n                    <\/div>\n                <\/a>\n                                            <a href=\"https:\/\/www.santamonica.com\/de\/dining-guide-2\/\" class=\"links-grid__card-link\" aria-label=\"Speisef\u00fchrer\" >\n                    <div class=\"links-grid__card\">\n                                                    <div class=\"links-grid__card-image-wrapper\">\n                                <img decoding=\"async\" width=\"400\" height=\"400\" src=\"https:\/\/www.santamonica.com\/wp-content\/uploads\/2022\/06\/santa-monica-eateries-2-400x400.jpg\" class=\"links-grid__card-image\" alt=\"restaurants in santa monica\" loading=\"lazy\" title=\"\">                            <\/div>\n                                                <div class=\"links-grid__card-text\">\n                                                            <div class=\"links-grid__card-title\">Speisef\u00fchrer<\/div>\n                                                                                        <div class=\"links-grid__card-description\">Vor und nach dem Spiel k\u00f6nnen Sie in einem der \u00fcber 400 Lokale ein leckeres Essen genie\u00dfen.<\/div>\n                                                    <\/div>\n                    <\/div>\n                <\/a>\n                                            <a href=\"https:\/\/www.santamonica.com\/de\/nightlife\/guide-to-santa-monica-bars\/\" class=\"links-grid__card-link\" aria-label=\"Bars und Nachtleben\" >\n                    <div class=\"links-grid__card\">\n                                                    <div class=\"links-grid__card-image-wrapper\">\n                                <img decoding=\"async\" width=\"400\" height=\"400\" src=\"https:\/\/www.santamonica.com\/wp-content\/uploads\/2022\/06\/santa-monica-bars-400x400.jpg\" class=\"links-grid__card-image\" alt=\"santa monica-bars\" loading=\"lazy\" title=\"\">                            <\/div>\n                                                <div class=\"links-grid__card-text\">\n                                                            <div class=\"links-grid__card-title\">Bars und Nachtleben<\/div>\n                                                                                        <div class=\"links-grid__card-description\">Feiern Sie gro\u00dfe Siege in Santa Monicas beliebtesten Bars.<\/div>\n                                                    <\/div>\n                    <\/div>\n                <\/a>\n                        <\/div>\n<\/section>\n\n\n\n<section class=\"blog-feed --theme8 sm-block\">\n    <div class=\"blog-feed__content\">\n        <div class=\"blog-feed__intro\">\n                            <div class=\"blog-feed__eyebrow eyebrow\">Blogs<\/div>                                        <h2 class=\"blog-feed__headline\">Santa Monica entdecken<\/h2>                                        <div class=\"blog-feed__body\"><p>Entdecken Sie Reiserouten, lokale Tipps, Hot Spots und ausgew\u00e4hlte Abenteuer, damit Sie das Beste aus Ihrem Aufenthalt in Santa Monica machen k\u00f6nnen.<\/p>\n<\/div>\n                                        <a class=\"blog-feed__cta\" href=\"https:\/\/www.santamonica.com\/de\/blogeintrage\/\">Alle Blogs anzeigen<\/a>\n                    <\/div>\n\n        <ul class=\"blog-feed__list\">\n                                                <li class=\"blog-feed__item\">\n                        <a href=\"https:\/\/www.santamonica.com\/de\/things-to-do\/100-free-things-to-do-santa-monica\/\" class=\"blog-feed__item-link\">\n                            <div class=\"blog-feed__image-ratio\">\n                                <img decoding=\"async\" class=\"blog-feed__image\" src=\"https:\/\/www.santamonica.com\/wp-content\/uploads\/2015\/04\/100-Free-Things-Featured-Image__520x546.jpg\" alt=\"Kostenlose Unternehmungen in Santa Monica\" title=\"\">\n                            <\/div>\n                            <div class=\"blog-feed__card-title\">Kostenlose Unternehmungen in Santa Monica<\/div>\n                        <\/a>\n                    <\/li>\n                                                                <li class=\"blog-feed__item\">\n                        <a href=\"https:\/\/www.santamonica.com\/de\/restaurants\/allergy-friendly-dining-options-in-santa-monica\/\" class=\"blog-feed__item-link\">\n                            <div class=\"blog-feed__image-ratio\">\n                                <img decoding=\"async\" class=\"blog-feed__image\" src=\"https:\/\/www.santamonica.com\/wp-content\/uploads\/2021\/04\/FlowerchildBowl_Featured-400x400.jpg\" alt=\"Allergikerfreundliche Essensm\u00f6glichkeiten in Santa Monica\" title=\"\">\n                            <\/div>\n                            <div class=\"blog-feed__card-title\">Allergikerfreundliche Essensm\u00f6glichkeiten in Santa Monica<\/div>\n                        <\/a>\n                    <\/li>\n                                    <\/ul>\n    <\/div>\n<\/section>","protected":false},"excerpt":{"rendered":"","protected":false},"author":1450,"featured_media":336928,"parent":0,"menu_order":0,"comment_status":"closed","ping_status":"closed","template":"template-editorial.php","meta":{"_acf_changed":false,"inline_featured_image":false,"footnotes":""},"silos":[3899],"class_list":["post-343597","page","type-page","status-publish","has-post-thumbnail","hentry"],"acf":[],"_links":{"self":[{"href":"https:\/\/www.santamonica.com\/de\/wp-json\/wp\/v2\/pages\/343597","targetHints":{"allow":["GET"]}}],"collection":[{"href":"https:\/\/www.santamonica.com\/de\/wp-json\/wp\/v2\/pages"}],"about":[{"href":"https:\/\/www.santamonica.com\/de\/wp-json\/wp\/v2\/types\/page"}],"author":[{"embeddable":true,"href":"https:\/\/www.santamonica.com\/de\/wp-json\/wp\/v2\/users\/1450"}],"replies":[{"embeddable":true,"href":"https:\/\/www.santamonica.com\/de\/wp-json\/wp\/v2\/comments?post=343597"}],"version-history":[{"count":58,"href":"https:\/\/www.santamonica.com\/de\/wp-json\/wp\/v2\/pages\/343597\/revisions"}],"predecessor-version":[{"id":397222,"href":"https:\/\/www.santamonica.com\/de\/wp-json\/wp\/v2\/pages\/343597\/revisions\/397222"}],"wp:featuredmedia":[{"embeddable":true,"href":"https:\/\/www.santamonica.com\/de\/wp-json\/wp\/v2\/media\/336928"}],"wp:attachment":[{"href":"https:\/\/www.santamonica.com\/de\/wp-json\/wp\/v2\/media?parent=343597"}],"wp:term":[{"taxonomy":"silos","embeddable":true,"href":"https:\/\/www.santamonica.com\/de\/wp-json\/wp\/v2\/silos?post=343597"}],"curies":[{"name":"wp","href":"https:\/\/api.w.org\/{rel}","templated":true}]}}